{"id":9930,"date":"2024-06-20T10:37:43","date_gmt":"2024-06-20T02:37:43","guid":{"rendered":"https:\/\/theo.niranbio.com\/cristaux-de-menthol\/"},"modified":"2024-08-19T14:24:01","modified_gmt":"2024-08-19T06:24:01","slug":"cristaux-de-menthol","status":"publish","type":"product","link":"https:\/\/theo.niranbio.com\/fr\/cristaux-de-menthol.html","title":{"rendered":"Cristaux de menthol"},"content":{"rendered":"<h2><span class=\"ez-toc-section\" id=\"Quest-ce_que_les_cristaux_de_menthol\"><\/span>Qu&rsquo;est-ce que les cristaux de menthol ?<span class=\"ez-toc-section-end\"><\/span><\/h2>\n<p>Les cristaux de menthol sont une substance organique \u00e0 l&rsquo;ar\u00f4me rafra\u00eechissant de menthe. Ils se pr\u00e9sentent sous la forme de cristaux en blocs blancs ou incolores. Ils sont chimiquement stables et peuvent s&rsquo;\u00e9vaporer \u00e0 la vapeur. Ils peuvent \u00eatre utilis\u00e9s comme ar\u00f4mes dans des produits culinaires comme les boissons et les bonbons. Il existe quatre proc\u00e9d\u00e9s de pr\u00e9paration des cristaux de menthol :<\/p>\n<p>1. Extraire l&rsquo;huile de menthe poivr\u00e9e par distillation \u00e0 la vapeur. L&rsquo;huile de menthe poivr\u00e9e extraite contient du menthol. Ensuite, l&rsquo;huile de menthe poivr\u00e9e est raffin\u00e9e pour \u00e9liminer les autres composants afin d&rsquo;obtenir du menthol de haute puret\u00e9. Cependant, cette m\u00e9thode a un taux d&rsquo;extraction \u00e9lev\u00e9 et est plus couramment utilis\u00e9e en Chine.<\/p>\n<p>2. Refroidir l&rsquo;huile de menthe poivr\u00e9e ou ajouter un solvant et cristalliser le menthol en contr\u00f4lant la temp\u00e9rature et le choix du solvant. Les cristaux de menthol sont g\u00e9n\u00e9ralement obtenus par filtration ou centrifugation. Cette technique donne une substance relativement pure, qui trouve une application r\u00e9pandue en Chine.<\/p>\n<p>3. Le menthol est synth\u00e9tis\u00e9 par r\u00e9action de synth\u00e8se chimique en utilisant des mati\u00e8res premi\u00e8res telles que l&rsquo;ac\u00e9tate d&rsquo;isoamyle. Ce proc\u00e9d\u00e9 permet de contr\u00f4ler la puret\u00e9 et la qualit\u00e9 du produit, mais il est compliqu\u00e9 et le co\u00fbt des mati\u00e8res premi\u00e8res et de l&rsquo;\u00e9quipement est \u00e9lev\u00e9.<\/p>\n<p>4. Fermentation \u00e0 l&rsquo;aide de micro-organismes sp\u00e9cifiques pour produire du menthol. Les micro-organismes synth\u00e9tisent le menthol dans des conditions sp\u00e9cifiques, puis obtiennent des cristaux de menthol par des \u00e9tapes d&rsquo;extraction et de purification. Ce proc\u00e9d\u00e9 est relativement respectueux de l&rsquo;environnement, mais n\u00e9cessite un long cycle de fermentation et un contr\u00f4le des conditions de culture microbienne.<\/p>\n<h2><span class=\"ez-toc-section\" id=\"Parametres_associes\"><\/span>Param\u00e8tres associ\u00e9s :<span class=\"ez-toc-section-end\"><\/span><\/h2>\n<table>\n<tbody>\n<tr>\n<td>POINT<\/td>\n<td>STANDARD<\/td>\n<\/tr>\n<tr>\n<td width=\"195\">Odeur<\/td>\n<td>Menthe poivr\u00e9e<\/td>\n<\/tr>\n<tr>\n<td width=\"195\">Point de fusion (\u2103)<\/td>\n<td>41\u2103\uff5e44\u2103<\/td>\n<\/tr>\n<tr>\n<td width=\"195\">Solubilit\u00e9 (25\u2103)<\/td>\n<td>Tr\u00e8s soluble dans l&rsquo;alcool, les huiles volatiles ; l\u00e9g\u00e8rement soluble dans l&rsquo;eau.<br \/>\nUn ml se dissout dans 1 ml d&rsquo;\u00e9thanol \u00e0 95 %.<\/td>\n<\/tr>\n<tr>\n<td width=\"195\">R\u00e9sidu \u00e0 l&rsquo;\u00e9vaporation<\/td>\n<td>NMT 0,05%<\/td>\n<\/tr>\n<tr>\n<td width=\"195\">Rotation sp\u00e9cifique (25\u2103)<\/td>\n<td>&#8211; 45\u00b0\uff5e &#8211; 51\u00b0<\/td>\n<\/tr>\n<tr>\n<td width=\"195\">Teneur en As<\/td>\n<td>\u2264 3 ppm<\/td>\n<\/tr>\n<tr>\n<td width=\"195\">M\u00e9taux lourds<\/td>\n<td>\u2264 10 ppm<\/td>\n<\/tr>\n<tr>\n<td width=\"195\">Puret\u00e9 chromatographique<\/td>\n<td>La r\u00e9ponse du pic due au menthol n&rsquo;est pas inf\u00e9rieure \u00e0 97 %.<\/td>\n<\/tr>\n<tr>\n<td width=\"195\">M\u00e9taux lourds (en tant que PB)<\/td>\n<td>\u2264 10 mg\/ kg<\/td>\n<\/tr>\n<\/tbody>\n<\/table>\n<h2><span class=\"ez-toc-section\" id=\"Dosage_recommande\"><\/span>Dosage recommand\u00e9 :<span class=\"ez-toc-section-end\"><\/span><\/h2>\n<table>\n<tbody>\n<tr>\n<td>Nom de l&rsquo;aliment<\/td>\n<td>Utilisation maximale (g\/kg)<\/td>\n<\/tr>\n<tr>\n<td>Chewing-gum \u00e0 la menthe<\/td>\n<td>0,1-0,3 g\/kg<\/td>\n<\/tr>\n<tr>\n<td>Bonbons \u00e0 la menthe<\/td>\n<td>0,2-0,5 g\/kg<\/td>\n<\/tr>\n<tr>\n<td>Chocolat \u00e0 la menthe<\/td>\n<td>0,1-0,3 g\/kg<\/td>\n<\/tr>\n<tr>\n<td>Milkshake \u00e0 la menthe<\/td>\n<td>0,1-0,2 g\/kg<\/td>\n<\/tr>\n<tr>\n<td>Ar\u00f4me de menthe<\/td>\n<td>0,05-0,1 g\/kg<\/td>\n<\/tr>\n<tr>\n<td>M\u00e9lange d&rsquo;ar\u00f4mes de menthe<\/td>\n<td>0,2-0,5 g\/kg<\/td>\n<\/tr>\n<tr>\n<td>Ar\u00f4me de menthe<\/td>\n<td>0,1-0,2 g\/kg<\/td>\n<\/tr>\n<tr>\n<td>Boisson au jus de menthe<\/td>\n<td>0,05-0,1 g\/kg<\/td>\n<\/tr>\n<tr>\n<td>Dessert glac\u00e9 \u00e0 la menthe<\/td>\n<td>0,1-0,2 g\/kg<\/td>\n<\/tr>\n<\/tbody>\n<\/table>\n<h2><span class=\"ez-toc-section\" id=\"Les_cristaux_de_menthol_ont_une_large_gamme_dutilisations\"><\/span>Les cristaux de menthol ont une large gamme d&rsquo;utilisations<span class=\"ez-toc-section-end\"><\/span><\/h2>\n<p>1. Fournir une saveur de menthe rafra\u00eechissante : les cristaux de menthol ont une forte saveur de menthe rafra\u00eechissante, ce qui peut am\u00e9liorer consid\u00e9rablement la saveur de menthe dans les aliments et les boissons, leur donnant un go\u00fbt plus rafra\u00eechissant et rafra\u00eechissant.<\/p>\n<p>2. Am\u00e9liorer le go\u00fbt des aliments : l&rsquo;effet rafra\u00eechissant du menthol peut am\u00e9liorer le go\u00fbt des aliments, rendant le produit plus rafra\u00eechissant et confortable en bouche.<\/p>\n<p>3. Masquer les mauvaises odeurs : le parfum du menthol peut masquer efficacement les mauvaises odeurs ou autres saveurs ind\u00e9sirables dans les aliments, am\u00e9liorant ainsi la saveur du produit. Cela en fait un choix id\u00e9al pour masquer les odeurs dans les condiments, les aliments pr\u00eats \u00e0 consommer et certains aliments transform\u00e9s.<\/p>\n<p>4. Am\u00e9liore la sensation de fra\u00eecheur : le menthol a un effet rafra\u00eechissant important et peut procurer une sensation de fra\u00eecheur naturelle similaire aux feuilles de menthe dans les aliments. Cette propri\u00e9t\u00e9 le rend largement utilis\u00e9 dans les chewing-gums, les glaces et les desserts glac\u00e9s pour am\u00e9liorer la sensation de fra\u00eecheur.<\/p>\n<p>5. Comme agent aromatisant et aromatisant : le menthol est utilis\u00e9 comme agent aromatisant et aromatisant, et sa forte saveur de menthe peut am\u00e9liorer et ajuster efficacement la saveur des aliments.<\/p>\n<p>6. Am\u00e9liore la dur\u00e9e de conservation : le menthol poss\u00e8de certaines qualit\u00e9s antibact\u00e9riennes qui peuvent aider \u00e0 prolonger la conservation des aliments et \u00e0 emp\u00eacher la croissance de microbes sp\u00e9cifiques.<\/p>\n<h2><span class=\"ez-toc-section\" id=\"Question_posee_par_lutilisateur\"><\/span>Question pos\u00e9e par l&rsquo;utilisateur :<span class=\"ez-toc-section-end\"><\/span><\/h2>\n<p>Question : Quels sont les effets des cristaux de menthol sur le corps ?<\/p>\n<p>R\u00e9ponse : 1. Sensation de fra\u00eecheur : Le menthol procure une sensation de fra\u00eecheur importante qui peut stimuler les r\u00e9cepteurs de temp\u00e9rature dans la bouche, procurant une exp\u00e9rience fra\u00eeche et confortable. Une consommation mod\u00e9r\u00e9e peut rehausser la saveur et le go\u00fbt des aliments.<\/p>\n<p>2. Favorise la digestion : Le menthol peut aider \u00e0 favoriser la digestion en quantit\u00e9s mod\u00e9r\u00e9es et \u00e0 soulager les maux d&rsquo;estomac. Sa sensation de fra\u00eecheur peut \u00e9galement soulager certains probl\u00e8mes digestifs.<\/p>\n<p>3. Effet antibact\u00e9rien : En raison de ses qualit\u00e9s antibact\u00e9riennes sp\u00e9cifiques, le menthol peut aider \u00e0 promouvoir une bonne hygi\u00e8ne bucco-dentaire en emp\u00eachant la croissance des bact\u00e9ries dans la bouche.<\/p>\n","protected":false},"excerpt":{"rendered":"<ul>\n<li>CAS : 2216-51-5<\/li>\n<li>Formule chimique : \uff2310\uff2820\uff2f<\/li>\n<li>Certifications : KOSHER, ISO, HALAL, FSSC 22000, BRC, etc.<\/li>\n<li>Norme : FCC VI<\/li>\n<li>Quantit\u00e9 minimum de commande : 1000 kg<\/li>\n<li>Dur\u00e9e de conservation : 2 ans<\/li>\n<\/ul>\n","protected":false},"featured_media":9933,"template":"","meta":{"site-sidebar-layout":"default","site-content-layout":"","ast-site-content-layout":"default","site-content-style":"default","site-sidebar-style":"default","ast-global-header-display":"","ast-banner-title-visibility":"","ast-main-header-display":"","ast-hfb-above-header-display":"","ast-hfb-below-header-display":"","ast-hfb-mobile-header-display":"","site-post-title":"","ast-breadcrumbs-content":"","ast-featured-img":"","footer-sml-layout":"","theme-transparent-header-meta":"default","adv-header-id-meta":"","stick-header-meta":"","header-above-stick-meta":"","header-main-stick-meta":"","header-below-stick-meta":"","astra-migrate-meta-layouts":"set","ast-page-background-enabled":"default","ast-page-background-meta":{"desktop":{"background-color":"var(--ast-global-color-4)","background-image":"","background-repeat":"repeat","background-position":"center center","background-size":"auto","background-attachment":"scroll","background-type":"","background-media":"","overlay-type":"","overlay-color":"","overlay-opacity":"","overlay-gradient":""},"tablet":{"background-color":"","background-image":"","background-repeat":"repeat","background-position":"center center","background-size":"auto","background-attachment":"scroll","background-type":"","background-media":"","overlay-type":"","overlay-color":"","overlay-opacity":"","overlay-gradient":""},"mobile":{"background-color":"","background-image":"","background-repeat":"repeat","background-position":"center center","background-size":"auto","background-attachment":"scroll","background-type":"","background-media":"","overlay-type":"","overlay-color":"","overlay-opacity":"","overlay-gradient":""}},"ast-content-background-meta":{"desktop":{"background-color":"var(--ast-global-color-5)","background-image":"","background-repeat":"repeat","background-position":"center center","background-size":"auto","background-attachment":"scroll","background-type":"","background-media":"","overlay-type":"","overlay-color":"","overlay-opacity":"","overlay-gradient":""},"tablet":{"background-color":"var(--ast-global-color-5)","background-image":"","background-repeat":"repeat","background-position":"center center","background-size":"auto","background-attachment":"scroll","background-type":"","background-media":"","overlay-type":"","overlay-color":"","overlay-opacity":"","overlay-gradient":""},"mobile":{"background-color":"var(--ast-global-color-5)","background-image":"","background-repeat":"repeat","background-position":"center center","background-size":"auto","background-attachment":"scroll","background-type":"","background-media":"","overlay-type":"","overlay-color":"","overlay-opacity":"","overlay-gradient":""}}},"product_brand":[],"product_cat":[105],"product_tag":[],"class_list":{"0":"post-9930","1":"product","2":"type-product","3":"status-publish","4":"has-post-thumbnail","6":"product_cat-produit-exhausteur-de-gout","7":"desktop-align-center","8":"tablet-align-left","9":"mobile-align-left","11":"first","12":"instock","13":"shipping-taxable","14":"product-type-simple"},"yoast_head":"<!-- This site is optimized with the Yoast SEO plugin v26.5 - https:\/\/yoast.com\/wordpress\/plugins\/seo\/ -->\n<title>Cristaux de menthe prix, fabricant de cristaux de menthol| Niranbio Chemical<\/title>\n<meta name=\"description\" content=\"Nos cristaux de menthol se pr\u00e9sentent sous la forme de cristaux en blocs blancs ou incolores, ils conviennent \u00e0 une utilisation comme ar\u00f4mes dans des produits culinaires comme des boissons et des bonbons.\" \/>\n<meta name=\"robots\" content=\"noindex, follow, max-snippet:-1, max-image-preview:large, max-video-preview:-1\" \/>\n<meta name=\"twitter:label1\" content=\"Dur\u00e9e de lecture estim\u00e9e\" \/>\n\t<meta name=\"twitter:data1\" content=\"4 minutes\" \/>\n<script type=\"application\/ld+json\" class=\"yoast-schema-graph\">{\"@context\":\"https:\/\/schema.org\",\"@graph\":[{\"@type\":\"WebPage\",\"@id\":\"https:\/\/theo.niranbio.com\/fr\/cristaux-de-menthol.html\",\"url\":\"https:\/\/theo.niranbio.com\/fr\/cristaux-de-menthol.html\",\"name\":\"Cristaux de menthe prix, fabricant de cristaux de menthol| Niranbio Chemical\",\"isPartOf\":{\"@id\":\"https:\/\/theo.niranbio.com\/fr\/#website\"},\"primaryImageOfPage\":{\"@id\":\"https:\/\/theo.niranbio.com\/fr\/cristaux-de-menthol.html#primaryimage\"},\"image\":{\"@id\":\"https:\/\/theo.niranbio.com\/fr\/cristaux-de-menthol.html#primaryimage\"},\"thumbnailUrl\":\"https:\/\/theo.niranbio.com\/wp-content\/uploads\/2024\/06\/Menthol-Crystals.webp\",\"datePublished\":\"2024-06-20T02:37:43+00:00\",\"dateModified\":\"2024-08-19T06:24:01+00:00\",\"description\":\"Nos cristaux de menthol se pr\u00e9sentent sous la forme de cristaux en blocs blancs ou incolores, ils conviennent \u00e0 une utilisation comme ar\u00f4mes dans des produits culinaires comme des boissons et des bonbons.\",\"breadcrumb\":{\"@id\":\"https:\/\/theo.niranbio.com\/fr\/cristaux-de-menthol.html#breadcrumb\"},\"inLanguage\":\"fr-FR\",\"potentialAction\":[{\"@type\":\"ReadAction\",\"target\":[\"https:\/\/theo.niranbio.com\/fr\/cristaux-de-menthol.html\"]}]},{\"@type\":\"ImageObject\",\"inLanguage\":\"fr-FR\",\"@id\":\"https:\/\/theo.niranbio.com\/fr\/cristaux-de-menthol.html#primaryimage\",\"url\":\"https:\/\/theo.niranbio.com\/wp-content\/uploads\/2024\/06\/Menthol-Crystals.webp\",\"contentUrl\":\"https:\/\/theo.niranbio.com\/wp-content\/uploads\/2024\/06\/Menthol-Crystals.webp\",\"width\":800,\"height\":800,\"caption\":\"Cristaux de menthol\"},{\"@type\":\"BreadcrumbList\",\"@id\":\"https:\/\/theo.niranbio.com\/fr\/cristaux-de-menthol.html#breadcrumb\",\"itemListElement\":[{\"@type\":\"ListItem\",\"position\":1,\"name\":\"Home\",\"item\":\"https:\/\/theo.niranbio.com\/fr\/\"},{\"@type\":\"ListItem\",\"position\":2,\"name\":\"Produits\",\"item\":\"https:\/\/theo.niranbio.com\/fr\/produits.html\"},{\"@type\":\"ListItem\",\"position\":3,\"name\":\"Exhausteur de Go\u00fbt\",\"item\":\"https:\/\/theo.niranbio.com\/fr\/produit-exhausteur-de-gout\/\"},{\"@type\":\"ListItem\",\"position\":4,\"name\":\"Cristaux de menthol\"}]},{\"@type\":\"WebSite\",\"@id\":\"https:\/\/theo.niranbio.com\/fr\/#website\",\"url\":\"https:\/\/theo.niranbio.com\/fr\/\",\"name\":\"Niranbio Chemical\",\"description\":\"\",\"publisher\":{\"@id\":\"https:\/\/theo.niranbio.com\/fr\/#organization\"},\"potentialAction\":[{\"@type\":\"SearchAction\",\"target\":{\"@type\":\"EntryPoint\",\"urlTemplate\":\"https:\/\/theo.niranbio.com\/fr\/?s={search_term_string}\"},\"query-input\":{\"@type\":\"PropertyValueSpecification\",\"valueRequired\":true,\"valueName\":\"search_term_string\"}}],\"inLanguage\":\"fr-FR\"},{\"@type\":\"Organization\",\"@id\":\"https:\/\/theo.niranbio.com\/fr\/#organization\",\"name\":\"Niranbio Chemical\",\"url\":\"https:\/\/theo.niranbio.com\/fr\/\",\"logo\":{\"@type\":\"ImageObject\",\"inLanguage\":\"fr-FR\",\"@id\":\"https:\/\/theo.niranbio.com\/fr\/#\/schema\/logo\/image\/\",\"url\":\"https:\/\/theo.niranbio.com\/wp-content\/uploads\/2024\/06\/Niranbio.png\",\"contentUrl\":\"https:\/\/theo.niranbio.com\/wp-content\/uploads\/2024\/06\/Niranbio.png\",\"width\":270,\"height\":100,\"caption\":\"Niranbio Chemical\"},\"image\":{\"@id\":\"https:\/\/theo.niranbio.com\/fr\/#\/schema\/logo\/image\/\"}}]}<\/script>\n<!-- \/ Yoast SEO plugin. -->","yoast_head_json":{"title":"Cristaux de menthe prix, fabricant de cristaux de menthol| Niranbio Chemical","description":"Nos cristaux de menthol se pr\u00e9sentent sous la forme de cristaux en blocs blancs ou incolores, ils conviennent \u00e0 une utilisation comme ar\u00f4mes dans des produits culinaires comme des boissons et des bonbons.","robots":{"index":"noindex","follow":"follow","max-snippet":"max-snippet:-1","max-image-preview":"max-image-preview:large","max-video-preview":"max-video-preview:-1"},"twitter_misc":{"Dur\u00e9e de lecture estim\u00e9e":"4 minutes"},"schema":{"@context":"https:\/\/schema.org","@graph":[{"@type":"WebPage","@id":"https:\/\/theo.niranbio.com\/fr\/cristaux-de-menthol.html","url":"https:\/\/theo.niranbio.com\/fr\/cristaux-de-menthol.html","name":"Cristaux de menthe prix, fabricant de cristaux de menthol| Niranbio Chemical","isPartOf":{"@id":"https:\/\/theo.niranbio.com\/fr\/#website"},"primaryImageOfPage":{"@id":"https:\/\/theo.niranbio.com\/fr\/cristaux-de-menthol.html#primaryimage"},"image":{"@id":"https:\/\/theo.niranbio.com\/fr\/cristaux-de-menthol.html#primaryimage"},"thumbnailUrl":"https:\/\/theo.niranbio.com\/wp-content\/uploads\/2024\/06\/Menthol-Crystals.webp","datePublished":"2024-06-20T02:37:43+00:00","dateModified":"2024-08-19T06:24:01+00:00","description":"Nos cristaux de menthol se pr\u00e9sentent sous la forme de cristaux en blocs blancs ou incolores, ils conviennent \u00e0 une utilisation comme ar\u00f4mes dans des produits culinaires comme des boissons et des bonbons.","breadcrumb":{"@id":"https:\/\/theo.niranbio.com\/fr\/cristaux-de-menthol.html#breadcrumb"},"inLanguage":"fr-FR","potentialAction":[{"@type":"ReadAction","target":["https:\/\/theo.niranbio.com\/fr\/cristaux-de-menthol.html"]}]},{"@type":"ImageObject","inLanguage":"fr-FR","@id":"https:\/\/theo.niranbio.com\/fr\/cristaux-de-menthol.html#primaryimage","url":"https:\/\/theo.niranbio.com\/wp-content\/uploads\/2024\/06\/Menthol-Crystals.webp","contentUrl":"https:\/\/theo.niranbio.com\/wp-content\/uploads\/2024\/06\/Menthol-Crystals.webp","width":800,"height":800,"caption":"Cristaux de menthol"},{"@type":"BreadcrumbList","@id":"https:\/\/theo.niranbio.com\/fr\/cristaux-de-menthol.html#breadcrumb","itemListElement":[{"@type":"ListItem","position":1,"name":"Home","item":"https:\/\/theo.niranbio.com\/fr\/"},{"@type":"ListItem","position":2,"name":"Produits","item":"https:\/\/theo.niranbio.com\/fr\/produits.html"},{"@type":"ListItem","position":3,"name":"Exhausteur de Go\u00fbt","item":"https:\/\/theo.niranbio.com\/fr\/produit-exhausteur-de-gout\/"},{"@type":"ListItem","position":4,"name":"Cristaux de menthol"}]},{"@type":"WebSite","@id":"https:\/\/theo.niranbio.com\/fr\/#website","url":"https:\/\/theo.niranbio.com\/fr\/","name":"Niranbio Chemical","description":"","publisher":{"@id":"https:\/\/theo.niranbio.com\/fr\/#organization"},"potentialAction":[{"@type":"SearchAction","target":{"@type":"EntryPoint","urlTemplate":"https:\/\/theo.niranbio.com\/fr\/?s={search_term_string}"},"query-input":{"@type":"PropertyValueSpecification","valueRequired":true,"valueName":"search_term_string"}}],"inLanguage":"fr-FR"},{"@type":"Organization","@id":"https:\/\/theo.niranbio.com\/fr\/#organization","name":"Niranbio Chemical","url":"https:\/\/theo.niranbio.com\/fr\/","logo":{"@type":"ImageObject","inLanguage":"fr-FR","@id":"https:\/\/theo.niranbio.com\/fr\/#\/schema\/logo\/image\/","url":"https:\/\/theo.niranbio.com\/wp-content\/uploads\/2024\/06\/Niranbio.png","contentUrl":"https:\/\/theo.niranbio.com\/wp-content\/uploads\/2024\/06\/Niranbio.png","width":270,"height":100,"caption":"Niranbio Chemical"},"image":{"@id":"https:\/\/theo.niranbio.com\/fr\/#\/schema\/logo\/image\/"}}]}},"_links":{"self":[{"href":"https:\/\/theo.niranbio.com\/fr\/wp-json\/wp\/v2\/product\/9930","targetHints":{"allow":["GET"]}}],"collection":[{"href":"https:\/\/theo.niranbio.com\/fr\/wp-json\/wp\/v2\/product"}],"about":[{"href":"https:\/\/theo.niranbio.com\/fr\/wp-json\/wp\/v2\/types\/product"}],"version-history":[{"count":0,"href":"https:\/\/theo.niranbio.com\/fr\/wp-json\/wp\/v2\/product\/9930\/revisions"}],"wp:featuredmedia":[{"embeddable":true,"href":"https:\/\/theo.niranbio.com\/fr\/wp-json\/wp\/v2\/media\/9933"}],"wp:attachment":[{"href":"https:\/\/theo.niranbio.com\/fr\/wp-json\/wp\/v2\/media?parent=9930"}],"wp:term":[{"taxonomy":"product_brand","embeddable":true,"href":"https:\/\/theo.niranbio.com\/fr\/wp-json\/wp\/v2\/product_brand?post=9930"},{"taxonomy":"product_cat","embeddable":true,"href":"https:\/\/theo.niranbio.com\/fr\/wp-json\/wp\/v2\/product_cat?post=9930"},{"taxonomy":"product_tag","embeddable":true,"href":"https:\/\/theo.niranbio.com\/fr\/wp-json\/wp\/v2\/product_tag?post=9930"}],"curies":[{"name":"wp","href":"https:\/\/api.w.org\/{rel}","templated":true}]}}