{"id":9920,"date":"2024-06-20T10:43:46","date_gmt":"2024-06-20T02:43:46","guid":{"rendered":"https:\/\/theo.niranbio.com\/gingembre-en-poudre\/"},"modified":"2024-08-19T14:09:52","modified_gmt":"2024-08-19T06:09:52","slug":"gingembre-en-poudre","status":"publish","type":"product","link":"https:\/\/theo.niranbio.com\/fr\/gingembre-en-poudre.html","title":{"rendered":"Gingembre en poudre"},"content":{"rendered":"<h2><span class=\"ez-toc-section\" id=\"Quest-ce_que_la_poudre_de_gingembre\"><\/span>Qu&rsquo;est-ce que la poudre de gingembre ?<span class=\"ez-toc-section-end\"><\/span><\/h2>\n<p>Le mat\u00e9riau principal de la poudre de gingembre est le gingembre, qui est une poudre jaune. Ses principales fonctions sont le r\u00e9chauffement, l&rsquo;excitation, la transpiration, l&rsquo;arr\u00eat des vomissements, la d\u00e9toxification, le r\u00e9chauffement des poumons et l&rsquo;arr\u00eat de la toux, etc. Il est particuli\u00e8rement adapt\u00e9 au vent exog\u00e8ne, au rhume, aux maux de t\u00eate, aux mucosit\u00e9s, \u00e0 la toux, au rhume d&rsquo;estomac et aux vomissements, etc., et est largement utilis\u00e9 dans l&rsquo;industrie alimentaire. La fabrication de poudre de gingembre s\u00e9lectionne g\u00e9n\u00e9ralement du gingembre de haute qualit\u00e9 comme mati\u00e8re premi\u00e8re et passe par des \u00e9tapes telles que le lavage, l&rsquo;\u00e9pluchage, le tranchage, le s\u00e9chage, le broyage et le tamisage. La production moderne utilise g\u00e9n\u00e9ralement un s\u00e9choir pour le s\u00e9chage afin de garantir que la teneur en humidit\u00e9 des tranches de gingembre tombe en dessous de 10 %, puis le broie en poudre fine \u00e0 travers un broyeur et contr\u00f4le la finesse \u00e0 travers des tamis de diff\u00e9rentes mailles. Enfin, la poudre de gingembre est emball\u00e9e et stock\u00e9e dans un endroit sec et frais pour conserver sa qualit\u00e9 et son ar\u00f4me.<\/p>\n<h2><span class=\"ez-toc-section\" id=\"Parametres_associes\"><\/span>Param\u00e8tres associ\u00e9s :<span class=\"ez-toc-section-end\"><\/span><\/h2>\n<table>\n<tbody>\n<tr>\n<td>\u00c9L\u00c9MENTS<\/td>\n<td>STANDARD<\/td>\n<\/tr>\n<tr>\n<td>Sp\u00e9cifications disponibles<\/td>\n<td>5-10%<\/td>\n<\/tr>\n<tr>\n<td>Taille des particules<\/td>\n<td>100 % jusqu&rsquo;\u00e0 80 mesh<\/td>\n<\/tr>\n<tr>\n<td>Perte au s\u00e9chage<\/td>\n<td>&lt; 5.0%<\/td>\n<\/tr>\n<tr>\n<td>M\u00e9taux lourds<\/td>\n<td>&lt; 20ppm<\/td>\n<\/tr>\n<tr>\n<td>Arsenic(As)<\/td>\n<td>&lt; 2ppm<\/td>\n<\/tr>\n<tr>\n<td>Plomb(Pb)<\/td>\n<td>&lt; 2ppm<\/td>\n<\/tr>\n<tr>\n<td>Ging\u00e9rols par HPLC<\/td>\n<td>&gt; 5.0%<\/td>\n<\/tr>\n<tr>\n<td>Nombre total de bact\u00e9ries<\/td>\n<td>&lt; 1 000 ufc\/g<\/td>\n<\/tr>\n<tr>\n<td>Levures et moisissures<\/td>\n<td>&lt; 100cfu\/g<\/td>\n<\/tr>\n<tr>\n<td>E.Coli.<\/td>\n<td>N\u00e9gatif<\/td>\n<\/tr>\n<tr>\n<td>Salmonelle<\/td>\n<td>N\u00e9gatif<\/td>\n<\/tr>\n<\/tbody>\n<\/table>\n<h2><span class=\"ez-toc-section\" id=\"Dosage_recommande\"><\/span>Dosage recommand\u00e9 :<span class=\"ez-toc-section-end\"><\/span><\/h2>\n<table>\n<tbody>\n<tr>\n<td>Nom de l&rsquo;aliment<\/td>\n<td>Utilisation maximale (g\/kg)<\/td>\n<\/tr>\n<tr>\n<td>Condiments (tels que gingembre et ail en poudre, sel d&rsquo;assaisonnement)<\/td>\n<td>0,5-2,0 g\/kg<\/td>\n<\/tr>\n<tr>\n<td>Soupes instantan\u00e9es (telles que soupe de poulet, soupe de b\u0153uf)<\/td>\n<td>0,2-1,0 g\/kg<\/td>\n<\/tr>\n<tr>\n<td>Boissons (telles que les boissons au gingembre, les boissons fonctionnelles)<\/td>\n<td>0,1-0,5 g\/kg<\/td>\n<\/tr>\n<tr>\n<td>Produits de boulangerie (tels que le pain d&rsquo;\u00e9pices, les g\u00e2teaux)<\/td>\n<td>0,5-1,0 g\/kg<\/td>\n<\/tr>\n<tr>\n<td>Bonbons (tels que les bonbons au gingembre, les bonbons mous aromatis\u00e9s au gingembre)<\/td>\n<td>1,0-2,0 g\/kg<\/td>\n<\/tr>\n<tr>\n<td>Curry en poudre (tel que l&rsquo;assaisonnement au curry)<\/td>\n<td>1,0-3,0 g\/kg<\/td>\n<\/tr>\n<tr>\n<td>Aliments marin\u00e9s (tels que le gingembre marin\u00e9, les l\u00e9gumes marin\u00e9s)<\/td>\n<td>1,0-2,0 g\/kg<\/td>\n<\/tr>\n<tr>\n<td>Produits \u00e0 base de viande (tels que saucisses, jambon)<\/td>\n<td>0,5-1,5 g\/kg<\/td>\n<\/tr>\n<tr>\n<td>Sauces (telles que la sauce soja au gingembre, la sauce gingembre-ail)<\/td>\n<td>0,5-1,0 g\/kg<\/td>\n<\/tr>\n<tr>\n<td>Sauce d&rsquo;assaisonnement (telle que la sauce d&rsquo;assaisonnement au gingembre et \u00e0 l&rsquo;ail)<\/td>\n<td>0,5-1,0 g\/kg<\/td>\n<\/tr>\n<tr>\n<td>Marinage de la viande (comme la viande marin\u00e9e au gingembre)<\/td>\n<td>0,5-1,0 g\/kg<\/td>\n<\/tr>\n<tr>\n<td>Vinaigrette (telle que la vinaigrette au gingembre)<\/td>\n<td>0,5-1,0 g\/kg<\/td>\n<\/tr>\n<\/tbody>\n<\/table>\n<h2><span class=\"ez-toc-section\" id=\"La_poudre_de_gingembre_a_une_large_gamme_dutilisations\"><\/span>La poudre de gingembre a une large gamme d&rsquo;utilisations<span class=\"ez-toc-section-end\"><\/span><\/h2>\n<p>1. Effet antioxydant : Les antioxydants pr\u00e9sents dans la poudre de gingembre peuvent contrecarrer les radicaux libres et r\u00e9duire les dommages caus\u00e9s au corps par le stress oxydatif. La consommation r\u00e9guli\u00e8re d&rsquo;aliments contenant de la poudre de gingembre peut renforcer le syst\u00e8me immunitaire et aider \u00e0 lutter contre le vieillissement et certaines maladies chroniques. 2. Effet anti-inflammatoire : Les principes actifs de la poudre de gingembre, comme le ging\u00e9rol, ont des effets anti-inflammatoires importants. Ces ingr\u00e9dients peuvent aider \u00e0 r\u00e9duire l\u2019inflammation et la douleur, notamment en cas d\u2019arthrite et de blessures sportives, et jouer un r\u00f4le protecteur pour la sant\u00e9 humaine. 3. Favoriser la digestion : la poudre de gingembre peut favoriser la s\u00e9cr\u00e9tion du suc gastrique et des enzymes digestives, aider \u00e0 acc\u00e9l\u00e9rer la digestion des aliments et l&rsquo;absorption des nutriments. Il peut \u00e9galement soulager l\u2019inconfort gastro-intestinal, r\u00e9duire les sympt\u00f4mes tels que les ballonnements, les naus\u00e9es et l\u2019indigestion, et est souvent utilis\u00e9 pour pr\u00e9parer des th\u00e9s digestifs et des boissons fonctionnelles. 4. Antibact\u00e9rien et antiseptique : la poudre de gingembre a des propri\u00e9t\u00e9s antibact\u00e9riennes naturelles et peut inhiber la croissance de nombreux agents pathog\u00e8nes, prolongeant ainsi la dur\u00e9e de conservation des aliments. Afin de maintenir la s\u00e9curit\u00e9 et la fra\u00eecheur des aliments, il est largement utilis\u00e9 dans la transformation et la conservation des aliments. 5. R\u00e9guler la glyc\u00e9mie : Des \u00e9tudes montrent que la poudre de gingembre peut aider les diab\u00e9tiques \u00e0 g\u00e9rer leur glyc\u00e9mie et est tr\u00e8s b\u00e9n\u00e9fique. La poudre de gingembre peut aider les diab\u00e9tiques \u00e0 g\u00e9rer leur glyc\u00e9mie et leur \u00e9tat de sant\u00e9 g\u00e9n\u00e9ral en am\u00e9liorant la sensibilit\u00e9 \u00e0 l&rsquo;insuline et en minimisant les fluctuations de la glyc\u00e9mie. 6. Soulager les naus\u00e9es : La poudre de gingembre est particuli\u00e8rement utile pour r\u00e9duire les naus\u00e9es et les vomissements pendant la grossesse et apr\u00e8s une chimioth\u00e9rapie. Ses effets doux en font une solution naturelle souvent ajout\u00e9e aux aliments et boissons sant\u00e9 destin\u00e9s aux femmes enceintes et aux patients atteints de cancer.<\/p>\n<h2><span class=\"ez-toc-section\" id=\"Question_posee_par_lutilisateur\"><\/span>Question pos\u00e9e par l&rsquo;utilisateur :<span class=\"ez-toc-section-end\"><\/span><\/h2>\n<p>Question : La poudre de gingembre est-elle la m\u00eame substance que le gingembre ? R\u00e9ponse : La poudre de gingembre et le gingembre sont tous deux fabriqu\u00e9s \u00e0 partir de la m\u00eame plante, le gingembre, mais ils diff\u00e8rent par leur forme et certaines propri\u00e9t\u00e9s. La poudre de gingembre est fabriqu\u00e9e en s\u00e9chant et en broyant du gingembre, qui est facile \u00e0 stocker et \u00e0 utiliser, et a un go\u00fbt et un ar\u00f4me plus concentr\u00e9s. Le gingembre est frais, contient plus d&rsquo;eau, conserve plus de saveur naturelle et d&rsquo;ingr\u00e9dients actifs, et est souvent utilis\u00e9 en cuisine pour fournir un ar\u00f4me unique et un go\u00fbt \u00e9pic\u00e9. Utilisez soit du gingembre, soit de la poudre de gingembre, en fonction de vos besoins particuliers.<\/p>\n","protected":false},"excerpt":{"rendered":"<ul>\n<li>CAS: 23513-14-6<\/li>\n<li>Formule chimique: C17H26O4<\/li>\n<li>Certifications : KOSHER, ISO, HALAL, FSSC 22000, BRC, etc.<\/li>\n<li>Standard:<\/li>\n<li>Quantit\u00e9 minimum de commande : 1000 kg<\/li>\n<li>Dur\u00e9e de conservation : 2 ans<\/li>\n<\/ul>\n","protected":false},"featured_media":9922,"template":"","meta":{"site-sidebar-layout":"default","site-content-layout":"","ast-site-content-layout":"default","site-content-style":"default","site-sidebar-style":"default","ast-global-header-display":"","ast-banner-title-visibility":"","ast-main-header-display":"","ast-hfb-above-header-display":"","ast-hfb-below-header-display":"","ast-hfb-mobile-header-display":"","site-post-title":"","ast-breadcrumbs-content":"","ast-featured-img":"","footer-sml-layout":"","theme-transparent-header-meta":"default","adv-header-id-meta":"","stick-header-meta":"","header-above-stick-meta":"","header-main-stick-meta":"","header-below-stick-meta":"","astra-migrate-meta-layouts":"set","ast-page-background-enabled":"default","ast-page-background-meta":{"desktop":{"background-color":"var(--ast-global-color-4)","background-image":"","background-repeat":"repeat","background-position":"center center","background-size":"auto","background-attachment":"scroll","background-type":"","background-media":"","overlay-type":"","overlay-color":"","overlay-opacity":"","overlay-gradient":""},"tablet":{"background-color":"","background-image":"","background-repeat":"repeat","background-position":"center center","background-size":"auto","background-attachment":"scroll","background-type":"","background-media":"","overlay-type":"","overlay-color":"","overlay-opacity":"","overlay-gradient":""},"mobile":{"background-color":"","background-image":"","background-repeat":"repeat","background-position":"center center","background-size":"auto","background-attachment":"scroll","background-type":"","background-media":"","overlay-type":"","overlay-color":"","overlay-opacity":"","overlay-gradient":""}},"ast-content-background-meta":{"desktop":{"background-color":"var(--ast-global-color-5)","background-image":"","background-repeat":"repeat","background-position":"center center","background-size":"auto","background-attachment":"scroll","background-type":"","background-media":"","overlay-type":"","overlay-color":"","overlay-opacity":"","overlay-gradient":""},"tablet":{"background-color":"var(--ast-global-color-5)","background-image":"","background-repeat":"repeat","background-position":"center center","background-size":"auto","background-attachment":"scroll","background-type":"","background-media":"","overlay-type":"","overlay-color":"","overlay-opacity":"","overlay-gradient":""},"mobile":{"background-color":"var(--ast-global-color-5)","background-image":"","background-repeat":"repeat","background-position":"center center","background-size":"auto","background-attachment":"scroll","background-type":"","background-media":"","overlay-type":"","overlay-color":"","overlay-opacity":"","overlay-gradient":""}}},"product_brand":[],"product_cat":[105],"product_tag":[],"class_list":{"0":"post-9920","1":"product","2":"type-product","3":"status-publish","4":"has-post-thumbnail","6":"product_cat-produit-exhausteur-de-gout","7":"desktop-align-center","8":"tablet-align-left","9":"mobile-align-left","11":"first","12":"instock","13":"shipping-taxable","14":"product-type-simple"},"yoast_head":"<!-- This site is optimized with the Yoast SEO plugin v26.5 - https:\/\/yoast.com\/wordpress\/plugins\/seo\/ -->\n<title>Prix gingembre poudre, fournisseur de poudre de gingembre| Niranbio Chemical<\/title>\n<meta name=\"description\" content=\"Notre poudre de gingembre est une poudre d&#039;apparence jaune, particuli\u00e8rement adapt\u00e9e au vent exog\u00e8ne, au rhume, aux maux de t\u00eate, aux mucosit\u00e9s, \u00e0 la toux, au rhume d&#039;estomac et aux vomissements, etc.\" \/>\n<meta name=\"robots\" content=\"noindex, follow, max-snippet:-1, max-image-preview:large, max-video-preview:-1\" \/>\n<meta name=\"twitter:label1\" content=\"Dur\u00e9e de lecture estim\u00e9e\" \/>\n\t<meta name=\"twitter:data1\" content=\"4 minutes\" \/>\n<script type=\"application\/ld+json\" class=\"yoast-schema-graph\">{\"@context\":\"https:\/\/schema.org\",\"@graph\":[{\"@type\":\"WebPage\",\"@id\":\"https:\/\/theo.niranbio.com\/fr\/gingembre-en-poudre.html\",\"url\":\"https:\/\/theo.niranbio.com\/fr\/gingembre-en-poudre.html\",\"name\":\"Prix gingembre poudre, fournisseur de poudre de gingembre| Niranbio Chemical\",\"isPartOf\":{\"@id\":\"https:\/\/theo.niranbio.com\/fr\/#website\"},\"primaryImageOfPage\":{\"@id\":\"https:\/\/theo.niranbio.com\/fr\/gingembre-en-poudre.html#primaryimage\"},\"image\":{\"@id\":\"https:\/\/theo.niranbio.com\/fr\/gingembre-en-poudre.html#primaryimage\"},\"thumbnailUrl\":\"https:\/\/theo.niranbio.com\/wp-content\/uploads\/2024\/06\/Ginger-Powder.webp\",\"datePublished\":\"2024-06-20T02:43:46+00:00\",\"dateModified\":\"2024-08-19T06:09:52+00:00\",\"description\":\"Notre poudre de gingembre est une poudre d'apparence jaune, particuli\u00e8rement adapt\u00e9e au vent exog\u00e8ne, au rhume, aux maux de t\u00eate, aux mucosit\u00e9s, \u00e0 la toux, au rhume d'estomac et aux vomissements, etc.\",\"breadcrumb\":{\"@id\":\"https:\/\/theo.niranbio.com\/fr\/gingembre-en-poudre.html#breadcrumb\"},\"inLanguage\":\"fr-FR\",\"potentialAction\":[{\"@type\":\"ReadAction\",\"target\":[\"https:\/\/theo.niranbio.com\/fr\/gingembre-en-poudre.html\"]}]},{\"@type\":\"ImageObject\",\"inLanguage\":\"fr-FR\",\"@id\":\"https:\/\/theo.niranbio.com\/fr\/gingembre-en-poudre.html#primaryimage\",\"url\":\"https:\/\/theo.niranbio.com\/wp-content\/uploads\/2024\/06\/Ginger-Powder.webp\",\"contentUrl\":\"https:\/\/theo.niranbio.com\/wp-content\/uploads\/2024\/06\/Ginger-Powder.webp\",\"width\":600,\"height\":600,\"caption\":\"Poudre de gingembre\"},{\"@type\":\"BreadcrumbList\",\"@id\":\"https:\/\/theo.niranbio.com\/fr\/gingembre-en-poudre.html#breadcrumb\",\"itemListElement\":[{\"@type\":\"ListItem\",\"position\":1,\"name\":\"Home\",\"item\":\"https:\/\/theo.niranbio.com\/fr\/\"},{\"@type\":\"ListItem\",\"position\":2,\"name\":\"Produits\",\"item\":\"https:\/\/theo.niranbio.com\/fr\/produits.html\"},{\"@type\":\"ListItem\",\"position\":3,\"name\":\"Exhausteur de Go\u00fbt\",\"item\":\"https:\/\/theo.niranbio.com\/fr\/produit-exhausteur-de-gout\/\"},{\"@type\":\"ListItem\",\"position\":4,\"name\":\"Gingembre en poudre\"}]},{\"@type\":\"WebSite\",\"@id\":\"https:\/\/theo.niranbio.com\/fr\/#website\",\"url\":\"https:\/\/theo.niranbio.com\/fr\/\",\"name\":\"Niranbio Chemical\",\"description\":\"\",\"publisher\":{\"@id\":\"https:\/\/theo.niranbio.com\/fr\/#organization\"},\"potentialAction\":[{\"@type\":\"SearchAction\",\"target\":{\"@type\":\"EntryPoint\",\"urlTemplate\":\"https:\/\/theo.niranbio.com\/fr\/?s={search_term_string}\"},\"query-input\":{\"@type\":\"PropertyValueSpecification\",\"valueRequired\":true,\"valueName\":\"search_term_string\"}}],\"inLanguage\":\"fr-FR\"},{\"@type\":\"Organization\",\"@id\":\"https:\/\/theo.niranbio.com\/fr\/#organization\",\"name\":\"Niranbio Chemical\",\"url\":\"https:\/\/theo.niranbio.com\/fr\/\",\"logo\":{\"@type\":\"ImageObject\",\"inLanguage\":\"fr-FR\",\"@id\":\"https:\/\/theo.niranbio.com\/fr\/#\/schema\/logo\/image\/\",\"url\":\"https:\/\/theo.niranbio.com\/wp-content\/uploads\/2024\/06\/Niranbio.png\",\"contentUrl\":\"https:\/\/theo.niranbio.com\/wp-content\/uploads\/2024\/06\/Niranbio.png\",\"width\":270,\"height\":100,\"caption\":\"Niranbio Chemical\"},\"image\":{\"@id\":\"https:\/\/theo.niranbio.com\/fr\/#\/schema\/logo\/image\/\"}}]}<\/script>\n<!-- \/ Yoast SEO plugin. -->","yoast_head_json":{"title":"Prix gingembre poudre, fournisseur de poudre de gingembre| Niranbio Chemical","description":"Notre poudre de gingembre est une poudre d'apparence jaune, particuli\u00e8rement adapt\u00e9e au vent exog\u00e8ne, au rhume, aux maux de t\u00eate, aux mucosit\u00e9s, \u00e0 la toux, au rhume d'estomac et aux vomissements, etc.","robots":{"index":"noindex","follow":"follow","max-snippet":"max-snippet:-1","max-image-preview":"max-image-preview:large","max-video-preview":"max-video-preview:-1"},"twitter_misc":{"Dur\u00e9e de lecture estim\u00e9e":"4 minutes"},"schema":{"@context":"https:\/\/schema.org","@graph":[{"@type":"WebPage","@id":"https:\/\/theo.niranbio.com\/fr\/gingembre-en-poudre.html","url":"https:\/\/theo.niranbio.com\/fr\/gingembre-en-poudre.html","name":"Prix gingembre poudre, fournisseur de poudre de gingembre| Niranbio Chemical","isPartOf":{"@id":"https:\/\/theo.niranbio.com\/fr\/#website"},"primaryImageOfPage":{"@id":"https:\/\/theo.niranbio.com\/fr\/gingembre-en-poudre.html#primaryimage"},"image":{"@id":"https:\/\/theo.niranbio.com\/fr\/gingembre-en-poudre.html#primaryimage"},"thumbnailUrl":"https:\/\/theo.niranbio.com\/wp-content\/uploads\/2024\/06\/Ginger-Powder.webp","datePublished":"2024-06-20T02:43:46+00:00","dateModified":"2024-08-19T06:09:52+00:00","description":"Notre poudre de gingembre est une poudre d'apparence jaune, particuli\u00e8rement adapt\u00e9e au vent exog\u00e8ne, au rhume, aux maux de t\u00eate, aux mucosit\u00e9s, \u00e0 la toux, au rhume d'estomac et aux vomissements, etc.","breadcrumb":{"@id":"https:\/\/theo.niranbio.com\/fr\/gingembre-en-poudre.html#breadcrumb"},"inLanguage":"fr-FR","potentialAction":[{"@type":"ReadAction","target":["https:\/\/theo.niranbio.com\/fr\/gingembre-en-poudre.html"]}]},{"@type":"ImageObject","inLanguage":"fr-FR","@id":"https:\/\/theo.niranbio.com\/fr\/gingembre-en-poudre.html#primaryimage","url":"https:\/\/theo.niranbio.com\/wp-content\/uploads\/2024\/06\/Ginger-Powder.webp","contentUrl":"https:\/\/theo.niranbio.com\/wp-content\/uploads\/2024\/06\/Ginger-Powder.webp","width":600,"height":600,"caption":"Poudre de gingembre"},{"@type":"BreadcrumbList","@id":"https:\/\/theo.niranbio.com\/fr\/gingembre-en-poudre.html#breadcrumb","itemListElement":[{"@type":"ListItem","position":1,"name":"Home","item":"https:\/\/theo.niranbio.com\/fr\/"},{"@type":"ListItem","position":2,"name":"Produits","item":"https:\/\/theo.niranbio.com\/fr\/produits.html"},{"@type":"ListItem","position":3,"name":"Exhausteur de Go\u00fbt","item":"https:\/\/theo.niranbio.com\/fr\/produit-exhausteur-de-gout\/"},{"@type":"ListItem","position":4,"name":"Gingembre en poudre"}]},{"@type":"WebSite","@id":"https:\/\/theo.niranbio.com\/fr\/#website","url":"https:\/\/theo.niranbio.com\/fr\/","name":"Niranbio Chemical","description":"","publisher":{"@id":"https:\/\/theo.niranbio.com\/fr\/#organization"},"potentialAction":[{"@type":"SearchAction","target":{"@type":"EntryPoint","urlTemplate":"https:\/\/theo.niranbio.com\/fr\/?s={search_term_string}"},"query-input":{"@type":"PropertyValueSpecification","valueRequired":true,"valueName":"search_term_string"}}],"inLanguage":"fr-FR"},{"@type":"Organization","@id":"https:\/\/theo.niranbio.com\/fr\/#organization","name":"Niranbio Chemical","url":"https:\/\/theo.niranbio.com\/fr\/","logo":{"@type":"ImageObject","inLanguage":"fr-FR","@id":"https:\/\/theo.niranbio.com\/fr\/#\/schema\/logo\/image\/","url":"https:\/\/theo.niranbio.com\/wp-content\/uploads\/2024\/06\/Niranbio.png","contentUrl":"https:\/\/theo.niranbio.com\/wp-content\/uploads\/2024\/06\/Niranbio.png","width":270,"height":100,"caption":"Niranbio Chemical"},"image":{"@id":"https:\/\/theo.niranbio.com\/fr\/#\/schema\/logo\/image\/"}}]}},"_links":{"self":[{"href":"https:\/\/theo.niranbio.com\/fr\/wp-json\/wp\/v2\/product\/9920","targetHints":{"allow":["GET"]}}],"collection":[{"href":"https:\/\/theo.niranbio.com\/fr\/wp-json\/wp\/v2\/product"}],"about":[{"href":"https:\/\/theo.niranbio.com\/fr\/wp-json\/wp\/v2\/types\/product"}],"version-history":[{"count":0,"href":"https:\/\/theo.niranbio.com\/fr\/wp-json\/wp\/v2\/product\/9920\/revisions"}],"wp:featuredmedia":[{"embeddable":true,"href":"https:\/\/theo.niranbio.com\/fr\/wp-json\/wp\/v2\/media\/9922"}],"wp:attachment":[{"href":"https:\/\/theo.niranbio.com\/fr\/wp-json\/wp\/v2\/media?parent=9920"}],"wp:term":[{"taxonomy":"product_brand","embeddable":true,"href":"https:\/\/theo.niranbio.com\/fr\/wp-json\/wp\/v2\/product_brand?post=9920"},{"taxonomy":"product_cat","embeddable":true,"href":"https:\/\/theo.niranbio.com\/fr\/wp-json\/wp\/v2\/product_cat?post=9920"},{"taxonomy":"product_tag","embeddable":true,"href":"https:\/\/theo.niranbio.com\/fr\/wp-json\/wp\/v2\/product_tag?post=9920"}],"curies":[{"name":"wp","href":"https:\/\/api.w.org\/{rel}","templated":true}]}}