{"id":9897,"date":"2024-06-20T10:49:29","date_gmt":"2024-06-20T02:49:29","guid":{"rendered":"https:\/\/theo.niranbio.com\/glucono-delta-lactone-gdl\/"},"modified":"2024-08-13T15:16:57","modified_gmt":"2024-08-13T07:16:57","slug":"glucono-delta-lactone-gdl","status":"publish","type":"product","link":"https:\/\/theo.niranbio.com\/fr\/glucono-delta-lactone-gdl.html","title":{"rendered":"Glucono Delta Lactone (GDL)"},"content":{"rendered":"<h2><span class=\"ez-toc-section\" id=\"Quest-ce_que_la_gluconolactone\"><\/span>Qu&rsquo;est-ce que la gluconolactone ?<span class=\"ez-toc-section-end\"><\/span><\/h2>\n<p> La gluconolactone est un compos\u00e9 organique qui appara\u00eet sous forme de cristaux blancs ou de poudre cristalline, est inodore et a un go\u00fbt sucr\u00e9 d&rsquo;abord, puis amer. En tant qu\u2019ingr\u00e9dient alimentaire, il remplit de nombreuses fonctions. Il existe trois m\u00e9thodes principales pour pr\u00e9parer la gluconolactone en Chine : 1. Convertir l&rsquo;acide gluconique en gluconolactone par des r\u00e9actions chimiques. Les m\u00e9thodes courantes de synth\u00e8se chimique incluent les r\u00e9actions de cyclisation. Le processus est mature et pr\u00e9sente une efficacit\u00e9 de production \u00e9lev\u00e9e. Il a \u00e9t\u00e9 largement utilis\u00e9 dans les proc\u00e9dures de production. 2. Utilisez des enzymes sp\u00e9cifiques (telles que la gluconolactonase) pour catalyser la r\u00e9action de cyclisation de l&rsquo;acide gluconique afin de produire de la gluconolactone. Les conditions de r\u00e9action sont douces, la puret\u00e9 du produit est \u00e9lev\u00e9e et il y a peu de sous-produits, mais le co\u00fbt de production est \u00e9lev\u00e9 car l&rsquo;activit\u00e9 et la stabilit\u00e9 de l&rsquo;enzyme peuvent \u00eatre limit\u00e9es. 3. Utilisez des micro-organismes (tels que des souches sp\u00e9cifiques) pour la fermentation afin de fermenter l&rsquo;acide gluconique en gluconolactone. Cette m\u00e9thode de production convient \u00e0 la production \u00e0 grande \u00e9chelle et est \u00e9cologique et b\u00e9n\u00e9fique pour l\u2019environnement. Cependant, le processus de fermentation et les souches doivent \u00eatre adapt\u00e9s, et le cycle de production est long.            <\/p>\n<h2><span class=\"ez-toc-section\" id=\"Donnees_techniques\"><\/span>Donn\u00e9es techniques :<span class=\"ez-toc-section-end\"><\/span><\/h2>\n<table>\n<tbody>\n<tr>\n<td>Produit<\/td>\n<td>GLUCONO DELTA LACTONE<\/td>\n<td>Norme d&rsquo;essai<\/td>\n<td>GB7657<\/td>\n<\/tr>\n<tr>\n<td>S\/N<\/td>\n<td>\u00c9l\u00e9ments d&rsquo;essai<\/td>\n<td colspan=\"2\">Exigences de la norme<\/td>\n<\/tr>\n<tr>\n<td>1<\/td>\n<td>Test sensoriel<\/td>\n<td colspan=\"2\">Poudre s\u00e8che incolore ou blanche, en vrac ou cristalline<\/td>\n<\/tr>\n<tr>\n<td>2<\/td>\n<td>Dosage\/%<\/td>\n<td colspan=\"2\">\u226599.0<\/td>\n<\/tr>\n<tr>\n<td>3<\/td>\n<td>Perte au s\u00e9chage\/%<\/td>\n<td colspan=\"2\">\u22641.0<\/td>\n<\/tr>\n<tr>\n<td>4<\/td>\n<td>Substance r\u00e9ductrice\/%<\/td>\n<td colspan=\"2\">\u22640.5<\/td>\n<\/tr>\n<tr>\n<td>5<\/td>\n<td>Sulfate\/%<\/td>\n<td colspan=\"2\">\u22640.03<\/td>\n<\/tr>\n<tr>\n<td>6<\/td>\n<td>Chlorure\/%<\/td>\n<td colspan=\"2\">\u22640.02<\/td>\n<\/tr>\n<tr>\n<td>7<\/td>\n<td>Arsenic total (As)\/(mg\/kg)<\/td>\n<td colspan=\"2\">\u22643.0<\/td>\n<\/tr>\n<tr>\n<td>8<\/td>\n<td>Plomb(Pb\/(mg\/kg)<\/td>\n<td colspan=\"2\">\u22642.0<\/td>\n<\/tr>\n<tr>\n<td>9<\/td>\n<td>Nombre total de plaques\/(CFU\/g)<\/td>\n<td colspan=\"2\">\u2264300<\/td>\n<\/tr>\n<tr>\n<td>10<\/td>\n<td>Colifomes\/(MPN\/g)<\/td>\n<td colspan=\"2\">&lt;0.3<\/td>\n<\/tr>\n<tr>\n<td>11<\/td>\n<td>Moisissures et levures (CFU\/g)<\/td>\n<td colspan=\"2\">\u2264100<\/td>\n<\/tr>\n<\/tbody>\n<\/table>\n<h2><\/h2>\n<h2><span class=\"ez-toc-section\" id=\"Parametres_associes\"><\/span>Param\u00e8tres associ\u00e9s :<span class=\"ez-toc-section-end\"><\/span><\/h2>\n<table>\n<tbody>\n<tr>\n<td>\u00c9L\u00c9MENTS<\/td>\n<td>STANDARD<\/td>\n<\/tr>\n<tr>\n<td>IDENTIFICATION<\/td>\n<td>POSITIF<\/td>\n<\/tr>\n<tr>\n<td>GDL<\/td>\n<td>99-100.5%<\/td>\n<\/tr>\n<tr>\n<td>SOLUBILIT\u00c9<\/td>\n<td>FACILEMENT SOLUBLE DANS L&rsquo;EAU, DIFFICILEMENT SOLUBLE DANS L&rsquo;\u00c9THANOL<\/td>\n<\/tr>\n<tr>\n<td>POINT DE FUSION<\/td>\n<td>152\u2103\u00b12<\/td>\n<\/tr>\n<tr>\n<td>HUMIDIT\u00c9<\/td>\n<td>\u22640.5%<\/td>\n<\/tr>\n<tr>\n<td>SUBSTANCES R\u00c9DUCTRICES (COMME LE D-GLUCOSE)<\/td>\n<td>\u22640.5%<\/td>\n<\/tr>\n<tr>\n<td>AS<\/td>\n<td>\u22641PPM<\/td>\n<\/tr>\n<tr>\n<td>M\u00c9TAL LOURD<\/td>\n<td>\u226410PPM<\/td>\n<\/tr>\n<tr>\n<td>LEAD<\/td>\n<td>\u22642PPM<\/td>\n<\/tr>\n<tr>\n<td>MERCURE<\/td>\n<td>\u22640.1PPM<\/td>\n<\/tr>\n<tr>\n<td>CADMIUM<\/td>\n<td>\u22642PPM<\/td>\n<\/tr>\n<tr>\n<td>CALCIUM<\/td>\n<td>\u22640.05%<\/td>\n<\/tr>\n<tr>\n<td>CHLORURE<\/td>\n<td>\u22640.05%<\/td>\n<\/tr>\n<tr>\n<td>SULPHATES<\/td>\n<td>\u22640.02%<\/td>\n<\/tr>\n<tr>\n<td>PERTE AU S\u00c9CHAGE<\/td>\n<td>\u22641%<\/td>\n<\/tr>\n<tr>\n<td>PH<\/td>\n<td>1.5~1.8<\/td>\n<\/tr>\n<tr>\n<td>AEROBE<\/td>\n<td>50\/G MAX<\/td>\n<\/tr>\n<tr>\n<td>LEVURE<\/td>\n<td>10\/G MAX<\/td>\n<\/tr>\n<tr>\n<td>MOLD<\/td>\n<td>10\/G MAX<\/td>\n<\/tr>\n<tr>\n<td>E.COLI<\/td>\n<td>NON DISPONIBLE \u00c0 30G<\/td>\n<\/tr>\n<tr>\n<td>SALMONELLA<\/td>\n<td>NON DISPONIBLE \u00c0 25G<\/td>\n<\/tr>\n<\/tbody>\n<\/table>\n<h2><span class=\"ez-toc-section\" id=\"Dosage_recommande\"><\/span>Dosage recommand\u00e9 :<span class=\"ez-toc-section-end\"><\/span><\/h2>\n<table>\n<tbody>\n<tr>\n<td>Nom de l&rsquo;aliment<\/td>\n<td>Utilisation maximale (g\/kg)<\/td>\n<\/tr>\n<tr>\n<td>Condiments<\/td>\n<td>1,0-2,0 g\/kg<\/td>\n<\/tr>\n<tr>\n<td>Produits \u00e0 base de viande<\/td>\n<td>0,5-1,5 g\/kg<\/td>\n<\/tr>\n<tr>\n<td>Boissons<\/td>\n<td>0,1-0,5 g\/kg<\/td>\n<\/tr>\n<tr>\n<td>Yaourt<\/td>\n<td>0,1-0,3 g\/kg<\/td>\n<\/tr>\n<tr>\n<td>Produits de boulangerie<\/td>\n<td>0,2-0,5 g\/kg<\/td>\n<\/tr>\n<tr>\n<td>Pudding<\/td>\n<td>0,5-1,0 g\/kg<\/td>\n<\/tr>\n<tr>\n<td>Confiture<\/td>\n<td>0,5-1,0 g\/kg<\/td>\n<\/tr>\n<tr>\n<td>Produits fromagers<\/td>\n<td>0,5-1,0 g\/kg<\/td>\n<\/tr>\n<tr>\n<td>Aliments en conserve<\/td>\n<td>0,5-1,0 g\/kg<\/td>\n<\/tr>\n<tr>\n<td>Produits \u00e0 base de soja<\/td>\n<td>0,3-0,6 g\/kg<\/td>\n<\/tr>\n<tr>\n<td>Bonbons<\/td>\n<td>0,2-0,5 g\/kg<\/td>\n<\/tr>\n<tr>\n<td>Assaisonnement en poudre<\/td>\n<td>1,0-2,0 g\/kg<\/td>\n<\/tr>\n<tr>\n<td>Huile d&rsquo;assaisonnement<\/td>\n<td>0,5-1,0 g\/kg<\/td>\n<\/tr>\n<\/tbody>\n<\/table>\n<h2><span class=\"ez-toc-section\" id=\"La_gluconolactone_a_une_large_gamme_dutilisations\"><\/span> La gluconolactone a une large gamme d&rsquo;utilisations<span class=\"ez-toc-section-end\"><\/span><\/h2>\n<p>  1.<br \/>\npH regulator: Food pH can be adjusted by using gluconolactone as a pH regulator. <span style=\"\">This helps maintain the stability of food and extend the shelf life.<\/span> 2. Stabilizer: It can stabilize the emulsion system and gel system in food, prevent separation and precipitation, and maintain the texture and consistency of the product.<br \/>\n3. Preservative: Because of its antibacterial and preservative properties, gluconolactone helps keep food fresher longer by preventing the growth of microbes.<br \/>\n4. Humectant: It has hygroscopic ability, which can help food stay moist and prevent drying and hardening.<br \/>\n5. Improve taste: By adjusting the pH of food, Gluconolactone can improve the taste of food, making it softer and more palatable.<br \/>\n6. Functional additive: As a functional additive, Gluconolactone can be used to improve the texture and stability of food, and has multiple effects at the same time.       <\/p>\n<h2><span class=\"ez-toc-section\" id=\"Question_posee_par_lutilisateur\"><\/span>Question pos\u00e9e par l&rsquo;utilisateur :<span class=\"ez-toc-section-end\"><\/span><\/h2>\n<p> Question : Quels sont les avantages du gluconolactone pour la peau ? R\u00e9ponse : Le gluconolactone pr\u00e9sente de multiples avantages pour la peau, notamment l&rsquo;hydratation, l&rsquo;exfoliation et l&rsquo;am\u00e9lioration de la texture de la peau. Il \u00e9limine en douceur les cellules mortes de la peau et favorise le renouvellement cellulaire de la peau, en retenant l&rsquo;humidit\u00e9 pour maintenir la peau lisse et souple. De plus, le gluconolactone a des effets antioxydants et apaisants, prot\u00e9geant la peau des dommages environnementaux, r\u00e9duisant les irritations et am\u00e9liorant l&rsquo;\u00e9clat et la sant\u00e9 g\u00e9n\u00e9rale de la peau. Question : Le gluconolactone est-il meilleur que l&rsquo;acide glycolique ? R\u00e9ponse : L\u2019avantage de la gluconolactone par rapport \u00e0 l\u2019acide glycolique est sa douceur et son effet hydratant. Non seulement elle \u00e9limine efficacement les cellules mortes de la peau, mais elle a \u00e9galement d\u2019excellents effets hydratants et apaisants, ce qui la rend adapt\u00e9e aux peaux sensibles et s\u00e8ches. Les propri\u00e9t\u00e9s antioxydantes de la gluconolactone contribuent \u00e9galement \u00e0 am\u00e9liorer la sant\u00e9 de la peau tout en r\u00e9duisant l\u2019irritation, ce qui en fait un ingr\u00e9dient de soin plus doux pour la peau.       <\/p>\n","protected":false},"excerpt":{"rendered":"<ul>\n<li>CAS: 90-80-2<\/li>\n<li>Formule chimique: C6H10O6<\/li>\n<li>Certifications : KOSHER, ISO, HALAL, FSSC 22000, BRC, etc.<\/li>\n<li>Standard:<\/li>\n<li>Quantit\u00e9 minimum de commande : 1000 kg<\/li>\n<li>Dur\u00e9e de conservation : 2 ans<\/li>\n<\/ul>\n","protected":false},"featured_media":9898,"template":"","meta":{"site-sidebar-layout":"default","site-content-layout":"","ast-site-content-layout":"default","site-content-style":"default","site-sidebar-style":"default","ast-global-header-display":"","ast-banner-title-visibility":"","ast-main-header-display":"","ast-hfb-above-header-display":"","ast-hfb-below-header-display":"","ast-hfb-mobile-header-display":"","site-post-title":"","ast-breadcrumbs-content":"","ast-featured-img":"","footer-sml-layout":"","theme-transparent-header-meta":"default","adv-header-id-meta":"","stick-header-meta":"","header-above-stick-meta":"","header-main-stick-meta":"","header-below-stick-meta":"","astra-migrate-meta-layouts":"set","ast-page-background-enabled":"default","ast-page-background-meta":{"desktop":{"background-color":"var(--ast-global-color-4)","background-image":"","background-repeat":"repeat","background-position":"center center","background-size":"auto","background-attachment":"scroll","background-type":"","background-media":"","overlay-type":"","overlay-color":"","overlay-opacity":"","overlay-gradient":""},"tablet":{"background-color":"","background-image":"","background-repeat":"repeat","background-position":"center center","background-size":"auto","background-attachment":"scroll","background-type":"","background-media":"","overlay-type":"","overlay-color":"","overlay-opacity":"","overlay-gradient":""},"mobile":{"background-color":"","background-image":"","background-repeat":"repeat","background-position":"center center","background-size":"auto","background-attachment":"scroll","background-type":"","background-media":"","overlay-type":"","overlay-color":"","overlay-opacity":"","overlay-gradient":""}},"ast-content-background-meta":{"desktop":{"background-color":"var(--ast-global-color-5)","background-image":"","background-repeat":"repeat","background-position":"center center","background-size":"auto","background-attachment":"scroll","background-type":"","background-media":"","overlay-type":"","overlay-color":"","overlay-opacity":"","overlay-gradient":""},"tablet":{"background-color":"var(--ast-global-color-5)","background-image":"","background-repeat":"repeat","background-position":"center center","background-size":"auto","background-attachment":"scroll","background-type":"","background-media":"","overlay-type":"","overlay-color":"","overlay-opacity":"","overlay-gradient":""},"mobile":{"background-color":"var(--ast-global-color-5)","background-image":"","background-repeat":"repeat","background-position":"center center","background-size":"auto","background-attachment":"scroll","background-type":"","background-media":"","overlay-type":"","overlay-color":"","overlay-opacity":"","overlay-gradient":""}}},"product_brand":[],"product_cat":[105],"product_tag":[],"class_list":{"0":"post-9897","1":"product","2":"type-product","3":"status-publish","4":"has-post-thumbnail","6":"product_cat-produit-exhausteur-de-gout","7":"desktop-align-center","8":"tablet-align-left","9":"mobile-align-left","11":"first","12":"instock","13":"shipping-taxable","14":"product-type-simple"},"yoast_head":"<!-- This site is optimized with the Yoast SEO plugin v26.5 - https:\/\/yoast.com\/wordpress\/plugins\/seo\/ -->\n<title>Fournisseur de Glucono Delta Lactone, vente en gros de poudre GDL | Niranbio Chemical<\/title>\n<meta name=\"description\" content=\"Notre glucono-delta-lactone (E575) se pr\u00e9sente sous forme de cristaux blancs ou de poudre cristalline, elle est inodore et a un go\u00fbt sucr\u00e9 d&#039;abord puis amer.\" \/>\n<meta name=\"robots\" content=\"noindex, follow, max-snippet:-1, max-image-preview:large, max-video-preview:-1\" \/>\n<meta name=\"twitter:label1\" content=\"Dur\u00e9e de lecture estim\u00e9e\" \/>\n\t<meta name=\"twitter:data1\" content=\"4 minutes\" \/>\n<script type=\"application\/ld+json\" class=\"yoast-schema-graph\">{\"@context\":\"https:\/\/schema.org\",\"@graph\":[{\"@type\":\"WebPage\",\"@id\":\"https:\/\/theo.niranbio.com\/fr\/glucono-delta-lactone-gdl.html\",\"url\":\"https:\/\/theo.niranbio.com\/fr\/glucono-delta-lactone-gdl.html\",\"name\":\"Fournisseur de Glucono Delta Lactone, vente en gros de poudre GDL | Niranbio Chemical\",\"isPartOf\":{\"@id\":\"https:\/\/theo.niranbio.com\/fr\/#website\"},\"primaryImageOfPage\":{\"@id\":\"https:\/\/theo.niranbio.com\/fr\/glucono-delta-lactone-gdl.html#primaryimage\"},\"image\":{\"@id\":\"https:\/\/theo.niranbio.com\/fr\/glucono-delta-lactone-gdl.html#primaryimage\"},\"thumbnailUrl\":\"https:\/\/theo.niranbio.com\/wp-content\/uploads\/2024\/06\/GDL-Glucono-Delta-Lactone.webp\",\"datePublished\":\"2024-06-20T02:49:29+00:00\",\"dateModified\":\"2024-08-13T07:16:57+00:00\",\"description\":\"Notre glucono-delta-lactone (E575) se pr\u00e9sente sous forme de cristaux blancs ou de poudre cristalline, elle est inodore et a un go\u00fbt sucr\u00e9 d'abord puis amer.\",\"breadcrumb\":{\"@id\":\"https:\/\/theo.niranbio.com\/fr\/glucono-delta-lactone-gdl.html#breadcrumb\"},\"inLanguage\":\"fr-FR\",\"potentialAction\":[{\"@type\":\"ReadAction\",\"target\":[\"https:\/\/theo.niranbio.com\/fr\/glucono-delta-lactone-gdl.html\"]}]},{\"@type\":\"ImageObject\",\"inLanguage\":\"fr-FR\",\"@id\":\"https:\/\/theo.niranbio.com\/fr\/glucono-delta-lactone-gdl.html#primaryimage\",\"url\":\"https:\/\/theo.niranbio.com\/wp-content\/uploads\/2024\/06\/GDL-Glucono-Delta-Lactone.webp\",\"contentUrl\":\"https:\/\/theo.niranbio.com\/wp-content\/uploads\/2024\/06\/GDL-Glucono-Delta-Lactone.webp\",\"width\":600,\"height\":600,\"caption\":\"Glucono Delta Lactone\"},{\"@type\":\"BreadcrumbList\",\"@id\":\"https:\/\/theo.niranbio.com\/fr\/glucono-delta-lactone-gdl.html#breadcrumb\",\"itemListElement\":[{\"@type\":\"ListItem\",\"position\":1,\"name\":\"Home\",\"item\":\"https:\/\/theo.niranbio.com\/fr\/\"},{\"@type\":\"ListItem\",\"position\":2,\"name\":\"Produits\",\"item\":\"https:\/\/theo.niranbio.com\/fr\/produits.html\"},{\"@type\":\"ListItem\",\"position\":3,\"name\":\"Exhausteur de Go\u00fbt\",\"item\":\"https:\/\/theo.niranbio.com\/fr\/produit-exhausteur-de-gout\/\"},{\"@type\":\"ListItem\",\"position\":4,\"name\":\"Glucono Delta Lactone (GDL)\"}]},{\"@type\":\"WebSite\",\"@id\":\"https:\/\/theo.niranbio.com\/fr\/#website\",\"url\":\"https:\/\/theo.niranbio.com\/fr\/\",\"name\":\"Niranbio Chemical\",\"description\":\"\",\"publisher\":{\"@id\":\"https:\/\/theo.niranbio.com\/fr\/#organization\"},\"potentialAction\":[{\"@type\":\"SearchAction\",\"target\":{\"@type\":\"EntryPoint\",\"urlTemplate\":\"https:\/\/theo.niranbio.com\/fr\/?s={search_term_string}\"},\"query-input\":{\"@type\":\"PropertyValueSpecification\",\"valueRequired\":true,\"valueName\":\"search_term_string\"}}],\"inLanguage\":\"fr-FR\"},{\"@type\":\"Organization\",\"@id\":\"https:\/\/theo.niranbio.com\/fr\/#organization\",\"name\":\"Niranbio Chemical\",\"url\":\"https:\/\/theo.niranbio.com\/fr\/\",\"logo\":{\"@type\":\"ImageObject\",\"inLanguage\":\"fr-FR\",\"@id\":\"https:\/\/theo.niranbio.com\/fr\/#\/schema\/logo\/image\/\",\"url\":\"https:\/\/theo.niranbio.com\/wp-content\/uploads\/2024\/06\/Niranbio.png\",\"contentUrl\":\"https:\/\/theo.niranbio.com\/wp-content\/uploads\/2024\/06\/Niranbio.png\",\"width\":270,\"height\":100,\"caption\":\"Niranbio Chemical\"},\"image\":{\"@id\":\"https:\/\/theo.niranbio.com\/fr\/#\/schema\/logo\/image\/\"}}]}<\/script>\n<!-- \/ Yoast SEO plugin. -->","yoast_head_json":{"title":"Fournisseur de Glucono Delta Lactone, vente en gros de poudre GDL | Niranbio Chemical","description":"Notre glucono-delta-lactone (E575) se pr\u00e9sente sous forme de cristaux blancs ou de poudre cristalline, elle est inodore et a un go\u00fbt sucr\u00e9 d'abord puis amer.","robots":{"index":"noindex","follow":"follow","max-snippet":"max-snippet:-1","max-image-preview":"max-image-preview:large","max-video-preview":"max-video-preview:-1"},"twitter_misc":{"Dur\u00e9e de lecture estim\u00e9e":"4 minutes"},"schema":{"@context":"https:\/\/schema.org","@graph":[{"@type":"WebPage","@id":"https:\/\/theo.niranbio.com\/fr\/glucono-delta-lactone-gdl.html","url":"https:\/\/theo.niranbio.com\/fr\/glucono-delta-lactone-gdl.html","name":"Fournisseur de Glucono Delta Lactone, vente en gros de poudre GDL | Niranbio Chemical","isPartOf":{"@id":"https:\/\/theo.niranbio.com\/fr\/#website"},"primaryImageOfPage":{"@id":"https:\/\/theo.niranbio.com\/fr\/glucono-delta-lactone-gdl.html#primaryimage"},"image":{"@id":"https:\/\/theo.niranbio.com\/fr\/glucono-delta-lactone-gdl.html#primaryimage"},"thumbnailUrl":"https:\/\/theo.niranbio.com\/wp-content\/uploads\/2024\/06\/GDL-Glucono-Delta-Lactone.webp","datePublished":"2024-06-20T02:49:29+00:00","dateModified":"2024-08-13T07:16:57+00:00","description":"Notre glucono-delta-lactone (E575) se pr\u00e9sente sous forme de cristaux blancs ou de poudre cristalline, elle est inodore et a un go\u00fbt sucr\u00e9 d'abord puis amer.","breadcrumb":{"@id":"https:\/\/theo.niranbio.com\/fr\/glucono-delta-lactone-gdl.html#breadcrumb"},"inLanguage":"fr-FR","potentialAction":[{"@type":"ReadAction","target":["https:\/\/theo.niranbio.com\/fr\/glucono-delta-lactone-gdl.html"]}]},{"@type":"ImageObject","inLanguage":"fr-FR","@id":"https:\/\/theo.niranbio.com\/fr\/glucono-delta-lactone-gdl.html#primaryimage","url":"https:\/\/theo.niranbio.com\/wp-content\/uploads\/2024\/06\/GDL-Glucono-Delta-Lactone.webp","contentUrl":"https:\/\/theo.niranbio.com\/wp-content\/uploads\/2024\/06\/GDL-Glucono-Delta-Lactone.webp","width":600,"height":600,"caption":"Glucono Delta Lactone"},{"@type":"BreadcrumbList","@id":"https:\/\/theo.niranbio.com\/fr\/glucono-delta-lactone-gdl.html#breadcrumb","itemListElement":[{"@type":"ListItem","position":1,"name":"Home","item":"https:\/\/theo.niranbio.com\/fr\/"},{"@type":"ListItem","position":2,"name":"Produits","item":"https:\/\/theo.niranbio.com\/fr\/produits.html"},{"@type":"ListItem","position":3,"name":"Exhausteur de Go\u00fbt","item":"https:\/\/theo.niranbio.com\/fr\/produit-exhausteur-de-gout\/"},{"@type":"ListItem","position":4,"name":"Glucono Delta Lactone (GDL)"}]},{"@type":"WebSite","@id":"https:\/\/theo.niranbio.com\/fr\/#website","url":"https:\/\/theo.niranbio.com\/fr\/","name":"Niranbio Chemical","description":"","publisher":{"@id":"https:\/\/theo.niranbio.com\/fr\/#organization"},"potentialAction":[{"@type":"SearchAction","target":{"@type":"EntryPoint","urlTemplate":"https:\/\/theo.niranbio.com\/fr\/?s={search_term_string}"},"query-input":{"@type":"PropertyValueSpecification","valueRequired":true,"valueName":"search_term_string"}}],"inLanguage":"fr-FR"},{"@type":"Organization","@id":"https:\/\/theo.niranbio.com\/fr\/#organization","name":"Niranbio Chemical","url":"https:\/\/theo.niranbio.com\/fr\/","logo":{"@type":"ImageObject","inLanguage":"fr-FR","@id":"https:\/\/theo.niranbio.com\/fr\/#\/schema\/logo\/image\/","url":"https:\/\/theo.niranbio.com\/wp-content\/uploads\/2024\/06\/Niranbio.png","contentUrl":"https:\/\/theo.niranbio.com\/wp-content\/uploads\/2024\/06\/Niranbio.png","width":270,"height":100,"caption":"Niranbio Chemical"},"image":{"@id":"https:\/\/theo.niranbio.com\/fr\/#\/schema\/logo\/image\/"}}]}},"_links":{"self":[{"href":"https:\/\/theo.niranbio.com\/fr\/wp-json\/wp\/v2\/product\/9897","targetHints":{"allow":["GET"]}}],"collection":[{"href":"https:\/\/theo.niranbio.com\/fr\/wp-json\/wp\/v2\/product"}],"about":[{"href":"https:\/\/theo.niranbio.com\/fr\/wp-json\/wp\/v2\/types\/product"}],"version-history":[{"count":0,"href":"https:\/\/theo.niranbio.com\/fr\/wp-json\/wp\/v2\/product\/9897\/revisions"}],"wp:featuredmedia":[{"embeddable":true,"href":"https:\/\/theo.niranbio.com\/fr\/wp-json\/wp\/v2\/media\/9898"}],"wp:attachment":[{"href":"https:\/\/theo.niranbio.com\/fr\/wp-json\/wp\/v2\/media?parent=9897"}],"wp:term":[{"taxonomy":"product_brand","embeddable":true,"href":"https:\/\/theo.niranbio.com\/fr\/wp-json\/wp\/v2\/product_brand?post=9897"},{"taxonomy":"product_cat","embeddable":true,"href":"https:\/\/theo.niranbio.com\/fr\/wp-json\/wp\/v2\/product_cat?post=9897"},{"taxonomy":"product_tag","embeddable":true,"href":"https:\/\/theo.niranbio.com\/fr\/wp-json\/wp\/v2\/product_tag?post=9897"}],"curies":[{"name":"wp","href":"https:\/\/api.w.org\/{rel}","templated":true}]}}