{"id":9893,"date":"2024-06-20T10:34:55","date_gmt":"2024-06-20T02:34:55","guid":{"rendered":"https:\/\/theo.niranbio.com\/creme-non-laitiere\/"},"modified":"2024-08-19T14:25:43","modified_gmt":"2024-08-19T06:25:43","slug":"creme-non-laitiere","status":"publish","type":"product","link":"https:\/\/theo.niranbio.com\/fr\/creme-non-laitiere.html","title":{"rendered":"Cr\u00e8me non laiti\u00e8re"},"content":{"rendered":"<h2><span class=\"ez-toc-section\" id=\"Quest-ce_que_la_creme_non_laitiere\"><\/span>Qu&rsquo;est-ce que la cr\u00e8me non laiti\u00e8re ?<span class=\"ez-toc-section-end\"><\/span><\/h2>\n<p>Un ingr\u00e9dient alimentaire appel\u00e9 cr\u00e8me non laiti\u00e8re est utilis\u00e9 \u00e0 la place des produits laitiers. Ses principales mati\u00e8res premi\u00e8res sont le glucose et l&rsquo;huile v\u00e9g\u00e9tale. Il a une apparence de poudre blanche et est g\u00e9n\u00e9ralement utilis\u00e9 dans le caf\u00e9, le th\u00e9, les desserts, les soupes et d&rsquo;autres aliments pour augmenter la saveur du lait et la texture de la cr\u00e8me.<\/p>\n<p>La cr\u00e8me non laiti\u00e8re est principalement produite en Chine en pulv\u00e9risant et en s\u00e9chant rapidement l&rsquo;\u00e9mulsion en poudre \u00e0 haute temp\u00e9rature. La m\u00e9thode consiste \u00e0 m\u00e9langer et \u00e0 homog\u00e9n\u00e9iser l&rsquo;huile v\u00e9g\u00e9tale, le sucre, l&rsquo;\u00e9mulsifiant et d&rsquo;autres additifs, \u00e0 les pulv\u00e9riser dans une tour de s\u00e9chage, et l&rsquo;air chaud \u00e9vapore rapidement l&rsquo;eau pour former un produit en poudre uniforme et fin. Le produit est tr\u00e8s stable et soluble, et il est largement utilis\u00e9 en Chine. Cette m\u00e9thode est appropri\u00e9e pour la production \u00e0 grande \u00e9chelle.<\/p>\n<h2><span class=\"ez-toc-section\" id=\"Parametres_associes\"><\/span>Param\u00e8tres associ\u00e9s :<span class=\"ez-toc-section-end\"><\/span><\/h2>\n<table>\n<tbody>\n<tr>\n<td>Articles<\/td>\n<td>Normes<\/td>\n<\/tr>\n<tr>\n<td>pH<\/td>\n<td>\/<\/td>\n<\/tr>\n<tr>\n<td>Particules<\/td>\n<td>\u2264 5 pc\/100g<\/td>\n<\/tr>\n<tr>\n<td>Eau<\/td>\n<td>\u2264 5,0 g\/100g<\/td>\n<\/tr>\n<tr>\n<td>Mati\u00e8re grasse<\/td>\n<td>\u2265 48,0 g\/100g<\/td>\n<\/tr>\n<tr>\n<td>Prot\u00e9ines<\/td>\n<td>\u2265 2,0 g\/100kg<\/td>\n<\/tr>\n<tr>\n<td>Nombre total de colonies<\/td>\n<td>n=5, c=2, m=1000, M=50000 (CFU\/g)<\/td>\n<\/tr>\n<tr>\n<td>Bact\u00e9ries coliformes<\/td>\n<td>N=5, c=2, m=10, M=100 (UFC\/g)<\/td>\n<\/tr>\n<\/tbody>\n<\/table>\n<h2><span class=\"ez-toc-section\" id=\"Dosage_recommande\"><\/span>Dosage recommand\u00e9 :<span class=\"ez-toc-section-end\"><\/span><\/h2>\n<table>\n<tbody>\n<tr>\n<td>Nom de l&rsquo;aliment<\/td>\n<td>Utilisation maximale (g\/kg)<\/td>\n<\/tr>\n<tr>\n<td>Caf\u00e9 mat\u00e9<\/td>\n<td>15-50 g\/kg<\/td>\n<\/tr>\n<tr>\n<td>Th\u00e9 au lait<\/td>\n<td>10-40 g\/kg<\/td>\n<\/tr>\n<tr>\n<td>Caf\u00e9 instantan\u00e9<\/td>\n<td>15-60 g\/kg<\/td>\n<\/tr>\n<tr>\n<td>Boisson chocolat\u00e9e<\/td>\n<td>10-30 g\/kg<\/td>\n<\/tr>\n<tr>\n<td>Milkshake<\/td>\n<td>5-30 g\/kg<\/td>\n<\/tr>\n<tr>\n<td>Smoothie<\/td>\n<td>10-35 g\/kg<\/td>\n<\/tr>\n<tr>\n<td>Cr\u00e8me glac\u00e9e<\/td>\n<td>10-50 g\/kg<\/td>\n<\/tr>\n<tr>\n<td>Caramel<\/td>\n<td>20-60 g\/kg<\/td>\n<\/tr>\n<tr>\n<td>Biscuits sandwichs<\/td>\n<td>10-30 g\/kg<\/td>\n<\/tr>\n<tr>\n<td>Pain<\/td>\n<td>5-20 g\/kg<\/td>\n<\/tr>\n<tr>\n<td>Flocons d&rsquo;avoine<\/td>\n<td>10-30 g\/kg<\/td>\n<\/tr>\n<tr>\n<td>Yaourt<\/td>\n<td>10-40 g\/kg<\/td>\n<\/tr>\n<tr>\n<td>Boisson \u00e0 base d&rsquo;acide lactique<\/td>\n<td>10-40 g\/kg<\/td>\n<\/tr>\n<tr>\n<td>Pouding \u00e0 la cr\u00e8me<\/td>\n<td>15-35 g\/kg<\/td>\n<\/tr>\n<tr>\n<td>Sauce<\/td>\n<td>5-20 g\/kg<\/td>\n<\/tr>\n<tr>\n<td>Chou \u00e0 la cr\u00e8me<\/td>\n<td>20-50 g\/kg<\/td>\n<\/tr>\n<\/tbody>\n<\/table>\n<h2><span class=\"ez-toc-section\" id=\"La_creme_non_laitiere_a_une_large_gamme_dutilisations\"><\/span>La cr\u00e8me non laiti\u00e8re a une large gamme d&rsquo;utilisations<span class=\"ez-toc-section-end\"><\/span><\/h2>\n<p>1. Les cr\u00e8mes non laiti\u00e8res peuvent donner aux aliments un ar\u00f4me et un go\u00fbt cr\u00e9meux, am\u00e9liorant ainsi la saveur du produit.<\/p>\n<p>2. Gr\u00e2ce aux propri\u00e9t\u00e9s \u00e9mulsifiantes et stabilisantes des cr\u00e8mes non laiti\u00e8res, la texture cr\u00e9meuse des aliments peut \u00eatre augment\u00e9e, les rendant plus lisses et plus riches.<\/p>\n<p>3. En tant qu&rsquo;\u00e9mulsifiant, les cr\u00e8mes non laiti\u00e8res peuvent m\u00e9langer efficacement l&rsquo;huile et l&rsquo;eau de mani\u00e8re uniforme, emp\u00eacher la s\u00e9paration et augmenter la stabilit\u00e9 du produit.<\/p>\n<p>4. L&rsquo;ajout de cr\u00e8mes non laiti\u00e8res aux aliments peut am\u00e9liorer l&rsquo;apparence du produit, le rendant plus tentant et attrayant.<\/p>\n<p>5. Les cr\u00e8mes non laiti\u00e8res peuvent ajouter diff\u00e9rents nutriments, tels que des vitamines et des min\u00e9raux, selon la demande pour r\u00e9pondre aux besoins nutritionnels de groupes sp\u00e9cifiques de personnes.<\/p>\n<p>6. Pour les personnes intol\u00e9rantes au lactose ou allergiques aux produits laitiers, les cr\u00e8mes non laiti\u00e8res sont une bonne alternative qui peut offrir un go\u00fbt et une fonction similaires aux produits laitiers.<\/p>\n<h2><span class=\"ez-toc-section\" id=\"Question_posee_par_lutilisateur\"><\/span>Question pos\u00e9e par l&rsquo;utilisateur :<span class=\"ez-toc-section-end\"><\/span><\/h2>\n<p>Question : L&rsquo;intol\u00e9rance au lactose b\u00e9n\u00e9ficie-t-elle de l&rsquo;utilisation de cr\u00e8mes non laiti\u00e8res ?<\/p>\n<p>R : La cr\u00e8me non laiti\u00e8re pr\u00e9sente des avantages consid\u00e9rables pour les personnes intol\u00e9rantes au lactose, car elle ne contient pas de lactose et peut offrir un go\u00fbt et une texture similaires \u00e0 ceux des produits laitiers. Elle convient comme substitut aux produits laitiers et est largement utilis\u00e9e dans les aliments tels que le caf\u00e9, le th\u00e9 au lait, la cr\u00e8me glac\u00e9e, etc., aidant les personnes intol\u00e9rantes au lactose \u00e0 profiter de la saveur laiteuse et du go\u00fbt riche sans provoquer d&rsquo;inconfort gastro-intestinal.<\/p>\n","protected":false},"excerpt":{"rendered":"<ul>\n<li>Certifications : KOSHER, ISO, HALAL, FSSC 22000, BRC, etc.<\/li>\n<li>Standard:<\/li>\n<li>Quantit\u00e9 minimum de commande : 1000 kg<\/li>\n<li>Dur\u00e9e de conservation : 2 ans<\/li>\n<\/ul>\n","protected":false},"featured_media":9895,"template":"","meta":{"site-sidebar-layout":"default","site-content-layout":"","ast-site-content-layout":"default","site-content-style":"default","site-sidebar-style":"default","ast-global-header-display":"","ast-banner-title-visibility":"","ast-main-header-display":"","ast-hfb-above-header-display":"","ast-hfb-below-header-display":"","ast-hfb-mobile-header-display":"","site-post-title":"","ast-breadcrumbs-content":"","ast-featured-img":"","footer-sml-layout":"","theme-transparent-header-meta":"default","adv-header-id-meta":"","stick-header-meta":"","header-above-stick-meta":"","header-main-stick-meta":"","header-below-stick-meta":"","astra-migrate-meta-layouts":"set","ast-page-background-enabled":"default","ast-page-background-meta":{"desktop":{"background-color":"var(--ast-global-color-4)","background-image":"","background-repeat":"repeat","background-position":"center center","background-size":"auto","background-attachment":"scroll","background-type":"","background-media":"","overlay-type":"","overlay-color":"","overlay-opacity":"","overlay-gradient":""},"tablet":{"background-color":"","background-image":"","background-repeat":"repeat","background-position":"center center","background-size":"auto","background-attachment":"scroll","background-type":"","background-media":"","overlay-type":"","overlay-color":"","overlay-opacity":"","overlay-gradient":""},"mobile":{"background-color":"","background-image":"","background-repeat":"repeat","background-position":"center center","background-size":"auto","background-attachment":"scroll","background-type":"","background-media":"","overlay-type":"","overlay-color":"","overlay-opacity":"","overlay-gradient":""}},"ast-content-background-meta":{"desktop":{"background-color":"var(--ast-global-color-5)","background-image":"","background-repeat":"repeat","background-position":"center center","background-size":"auto","background-attachment":"scroll","background-type":"","background-media":"","overlay-type":"","overlay-color":"","overlay-opacity":"","overlay-gradient":""},"tablet":{"background-color":"var(--ast-global-color-5)","background-image":"","background-repeat":"repeat","background-position":"center center","background-size":"auto","background-attachment":"scroll","background-type":"","background-media":"","overlay-type":"","overlay-color":"","overlay-opacity":"","overlay-gradient":""},"mobile":{"background-color":"var(--ast-global-color-5)","background-image":"","background-repeat":"repeat","background-position":"center center","background-size":"auto","background-attachment":"scroll","background-type":"","background-media":"","overlay-type":"","overlay-color":"","overlay-opacity":"","overlay-gradient":""}}},"product_brand":[],"product_cat":[105],"product_tag":[],"class_list":{"0":"post-9893","1":"product","2":"type-product","3":"status-publish","4":"has-post-thumbnail","6":"product_cat-produit-exhausteur-de-gout","7":"desktop-align-center","8":"tablet-align-left","9":"mobile-align-left","11":"first","12":"instock","13":"shipping-taxable","14":"product-type-simple"},"yoast_head":"<!-- This site is optimized with the Yoast SEO plugin v26.5 - https:\/\/yoast.com\/wordpress\/plugins\/seo\/ -->\n<title>Fournisseur de cr\u00e8me non laiti\u00e8re, vente en gros de cr\u00e8me non laiti\u00e8re biologique | Niranbio Chemical<\/title>\n<meta name=\"description\" content=\"Notre cr\u00e8me non laiti\u00e8re a une apparence de poudre blanche et est g\u00e9n\u00e9ralement utilis\u00e9e dans le caf\u00e9, le th\u00e9, les desserts, les soupes et autres aliments pour augmenter la saveur du lait et la texture de la cr\u00e8me.\" \/>\n<meta name=\"robots\" content=\"noindex, follow, max-snippet:-1, max-image-preview:large, max-video-preview:-1\" \/>\n<meta name=\"twitter:label1\" content=\"Dur\u00e9e de lecture estim\u00e9e\" \/>\n\t<meta name=\"twitter:data1\" content=\"3 minutes\" \/>\n<script type=\"application\/ld+json\" class=\"yoast-schema-graph\">{\"@context\":\"https:\/\/schema.org\",\"@graph\":[{\"@type\":\"WebPage\",\"@id\":\"https:\/\/theo.niranbio.com\/fr\/creme-non-laitiere.html\",\"url\":\"https:\/\/theo.niranbio.com\/fr\/creme-non-laitiere.html\",\"name\":\"Fournisseur de cr\u00e8me non laiti\u00e8re, vente en gros de cr\u00e8me non laiti\u00e8re biologique | Niranbio Chemical\",\"isPartOf\":{\"@id\":\"https:\/\/theo.niranbio.com\/fr\/#website\"},\"primaryImageOfPage\":{\"@id\":\"https:\/\/theo.niranbio.com\/fr\/creme-non-laitiere.html#primaryimage\"},\"image\":{\"@id\":\"https:\/\/theo.niranbio.com\/fr\/creme-non-laitiere.html#primaryimage\"},\"thumbnailUrl\":\"https:\/\/theo.niranbio.com\/wp-content\/uploads\/2024\/06\/Non-Dairy-Creamer.webp\",\"datePublished\":\"2024-06-20T02:34:55+00:00\",\"dateModified\":\"2024-08-19T06:25:43+00:00\",\"description\":\"Notre cr\u00e8me non laiti\u00e8re a une apparence de poudre blanche et est g\u00e9n\u00e9ralement utilis\u00e9e dans le caf\u00e9, le th\u00e9, les desserts, les soupes et autres aliments pour augmenter la saveur du lait et la texture de la cr\u00e8me.\",\"breadcrumb\":{\"@id\":\"https:\/\/theo.niranbio.com\/fr\/creme-non-laitiere.html#breadcrumb\"},\"inLanguage\":\"fr-FR\",\"potentialAction\":[{\"@type\":\"ReadAction\",\"target\":[\"https:\/\/theo.niranbio.com\/fr\/creme-non-laitiere.html\"]}]},{\"@type\":\"ImageObject\",\"inLanguage\":\"fr-FR\",\"@id\":\"https:\/\/theo.niranbio.com\/fr\/creme-non-laitiere.html#primaryimage\",\"url\":\"https:\/\/theo.niranbio.com\/wp-content\/uploads\/2024\/06\/Non-Dairy-Creamer.webp\",\"contentUrl\":\"https:\/\/theo.niranbio.com\/wp-content\/uploads\/2024\/06\/Non-Dairy-Creamer.webp\",\"width\":600,\"height\":600,\"caption\":\"Cr\u00e9mier non laitier\"},{\"@type\":\"BreadcrumbList\",\"@id\":\"https:\/\/theo.niranbio.com\/fr\/creme-non-laitiere.html#breadcrumb\",\"itemListElement\":[{\"@type\":\"ListItem\",\"position\":1,\"name\":\"Home\",\"item\":\"https:\/\/theo.niranbio.com\/fr\/\"},{\"@type\":\"ListItem\",\"position\":2,\"name\":\"Produits\",\"item\":\"https:\/\/theo.niranbio.com\/fr\/produits.html\"},{\"@type\":\"ListItem\",\"position\":3,\"name\":\"Exhausteur de Go\u00fbt\",\"item\":\"https:\/\/theo.niranbio.com\/fr\/produit-exhausteur-de-gout\/\"},{\"@type\":\"ListItem\",\"position\":4,\"name\":\"Cr\u00e8me non laiti\u00e8re\"}]},{\"@type\":\"WebSite\",\"@id\":\"https:\/\/theo.niranbio.com\/fr\/#website\",\"url\":\"https:\/\/theo.niranbio.com\/fr\/\",\"name\":\"Niranbio Chemical\",\"description\":\"\",\"publisher\":{\"@id\":\"https:\/\/theo.niranbio.com\/fr\/#organization\"},\"potentialAction\":[{\"@type\":\"SearchAction\",\"target\":{\"@type\":\"EntryPoint\",\"urlTemplate\":\"https:\/\/theo.niranbio.com\/fr\/?s={search_term_string}\"},\"query-input\":{\"@type\":\"PropertyValueSpecification\",\"valueRequired\":true,\"valueName\":\"search_term_string\"}}],\"inLanguage\":\"fr-FR\"},{\"@type\":\"Organization\",\"@id\":\"https:\/\/theo.niranbio.com\/fr\/#organization\",\"name\":\"Niranbio Chemical\",\"url\":\"https:\/\/theo.niranbio.com\/fr\/\",\"logo\":{\"@type\":\"ImageObject\",\"inLanguage\":\"fr-FR\",\"@id\":\"https:\/\/theo.niranbio.com\/fr\/#\/schema\/logo\/image\/\",\"url\":\"https:\/\/theo.niranbio.com\/wp-content\/uploads\/2024\/06\/Niranbio.png\",\"contentUrl\":\"https:\/\/theo.niranbio.com\/wp-content\/uploads\/2024\/06\/Niranbio.png\",\"width\":270,\"height\":100,\"caption\":\"Niranbio Chemical\"},\"image\":{\"@id\":\"https:\/\/theo.niranbio.com\/fr\/#\/schema\/logo\/image\/\"}}]}<\/script>\n<!-- \/ Yoast SEO plugin. -->","yoast_head_json":{"title":"Fournisseur de cr\u00e8me non laiti\u00e8re, vente en gros de cr\u00e8me non laiti\u00e8re biologique | Niranbio Chemical","description":"Notre cr\u00e8me non laiti\u00e8re a une apparence de poudre blanche et est g\u00e9n\u00e9ralement utilis\u00e9e dans le caf\u00e9, le th\u00e9, les desserts, les soupes et autres aliments pour augmenter la saveur du lait et la texture de la cr\u00e8me.","robots":{"index":"noindex","follow":"follow","max-snippet":"max-snippet:-1","max-image-preview":"max-image-preview:large","max-video-preview":"max-video-preview:-1"},"twitter_misc":{"Dur\u00e9e de lecture estim\u00e9e":"3 minutes"},"schema":{"@context":"https:\/\/schema.org","@graph":[{"@type":"WebPage","@id":"https:\/\/theo.niranbio.com\/fr\/creme-non-laitiere.html","url":"https:\/\/theo.niranbio.com\/fr\/creme-non-laitiere.html","name":"Fournisseur de cr\u00e8me non laiti\u00e8re, vente en gros de cr\u00e8me non laiti\u00e8re biologique | Niranbio Chemical","isPartOf":{"@id":"https:\/\/theo.niranbio.com\/fr\/#website"},"primaryImageOfPage":{"@id":"https:\/\/theo.niranbio.com\/fr\/creme-non-laitiere.html#primaryimage"},"image":{"@id":"https:\/\/theo.niranbio.com\/fr\/creme-non-laitiere.html#primaryimage"},"thumbnailUrl":"https:\/\/theo.niranbio.com\/wp-content\/uploads\/2024\/06\/Non-Dairy-Creamer.webp","datePublished":"2024-06-20T02:34:55+00:00","dateModified":"2024-08-19T06:25:43+00:00","description":"Notre cr\u00e8me non laiti\u00e8re a une apparence de poudre blanche et est g\u00e9n\u00e9ralement utilis\u00e9e dans le caf\u00e9, le th\u00e9, les desserts, les soupes et autres aliments pour augmenter la saveur du lait et la texture de la cr\u00e8me.","breadcrumb":{"@id":"https:\/\/theo.niranbio.com\/fr\/creme-non-laitiere.html#breadcrumb"},"inLanguage":"fr-FR","potentialAction":[{"@type":"ReadAction","target":["https:\/\/theo.niranbio.com\/fr\/creme-non-laitiere.html"]}]},{"@type":"ImageObject","inLanguage":"fr-FR","@id":"https:\/\/theo.niranbio.com\/fr\/creme-non-laitiere.html#primaryimage","url":"https:\/\/theo.niranbio.com\/wp-content\/uploads\/2024\/06\/Non-Dairy-Creamer.webp","contentUrl":"https:\/\/theo.niranbio.com\/wp-content\/uploads\/2024\/06\/Non-Dairy-Creamer.webp","width":600,"height":600,"caption":"Cr\u00e9mier non laitier"},{"@type":"BreadcrumbList","@id":"https:\/\/theo.niranbio.com\/fr\/creme-non-laitiere.html#breadcrumb","itemListElement":[{"@type":"ListItem","position":1,"name":"Home","item":"https:\/\/theo.niranbio.com\/fr\/"},{"@type":"ListItem","position":2,"name":"Produits","item":"https:\/\/theo.niranbio.com\/fr\/produits.html"},{"@type":"ListItem","position":3,"name":"Exhausteur de Go\u00fbt","item":"https:\/\/theo.niranbio.com\/fr\/produit-exhausteur-de-gout\/"},{"@type":"ListItem","position":4,"name":"Cr\u00e8me non laiti\u00e8re"}]},{"@type":"WebSite","@id":"https:\/\/theo.niranbio.com\/fr\/#website","url":"https:\/\/theo.niranbio.com\/fr\/","name":"Niranbio Chemical","description":"","publisher":{"@id":"https:\/\/theo.niranbio.com\/fr\/#organization"},"potentialAction":[{"@type":"SearchAction","target":{"@type":"EntryPoint","urlTemplate":"https:\/\/theo.niranbio.com\/fr\/?s={search_term_string}"},"query-input":{"@type":"PropertyValueSpecification","valueRequired":true,"valueName":"search_term_string"}}],"inLanguage":"fr-FR"},{"@type":"Organization","@id":"https:\/\/theo.niranbio.com\/fr\/#organization","name":"Niranbio Chemical","url":"https:\/\/theo.niranbio.com\/fr\/","logo":{"@type":"ImageObject","inLanguage":"fr-FR","@id":"https:\/\/theo.niranbio.com\/fr\/#\/schema\/logo\/image\/","url":"https:\/\/theo.niranbio.com\/wp-content\/uploads\/2024\/06\/Niranbio.png","contentUrl":"https:\/\/theo.niranbio.com\/wp-content\/uploads\/2024\/06\/Niranbio.png","width":270,"height":100,"caption":"Niranbio Chemical"},"image":{"@id":"https:\/\/theo.niranbio.com\/fr\/#\/schema\/logo\/image\/"}}]}},"_links":{"self":[{"href":"https:\/\/theo.niranbio.com\/fr\/wp-json\/wp\/v2\/product\/9893","targetHints":{"allow":["GET"]}}],"collection":[{"href":"https:\/\/theo.niranbio.com\/fr\/wp-json\/wp\/v2\/product"}],"about":[{"href":"https:\/\/theo.niranbio.com\/fr\/wp-json\/wp\/v2\/types\/product"}],"version-history":[{"count":0,"href":"https:\/\/theo.niranbio.com\/fr\/wp-json\/wp\/v2\/product\/9893\/revisions"}],"wp:featuredmedia":[{"embeddable":true,"href":"https:\/\/theo.niranbio.com\/fr\/wp-json\/wp\/v2\/media\/9895"}],"wp:attachment":[{"href":"https:\/\/theo.niranbio.com\/fr\/wp-json\/wp\/v2\/media?parent=9893"}],"wp:term":[{"taxonomy":"product_brand","embeddable":true,"href":"https:\/\/theo.niranbio.com\/fr\/wp-json\/wp\/v2\/product_brand?post=9893"},{"taxonomy":"product_cat","embeddable":true,"href":"https:\/\/theo.niranbio.com\/fr\/wp-json\/wp\/v2\/product_cat?post=9893"},{"taxonomy":"product_tag","embeddable":true,"href":"https:\/\/theo.niranbio.com\/fr\/wp-json\/wp\/v2\/product_tag?post=9893"}],"curies":[{"name":"wp","href":"https:\/\/api.w.org\/{rel}","templated":true}]}}