{"id":9846,"date":"2024-06-20T13:12:19","date_gmt":"2024-06-20T05:12:19","guid":{"rendered":"https:\/\/theo.niranbio.com\/enzyme-lipase\/"},"modified":"2024-08-19T13:35:07","modified_gmt":"2024-08-19T05:35:07","slug":"enzyme-lipase","status":"publish","type":"product","link":"https:\/\/theo.niranbio.com\/fr\/enzyme-lipase.html","title":{"rendered":"Enzyme lipase"},"content":{"rendered":"<h2><span class=\"ez-toc-section\" id=\"Quest-ce_que_lenzyme_lipase\"><\/span>Qu&rsquo;est-ce que l&rsquo;enzyme lipase ?<span class=\"ez-toc-section-end\"><\/span><\/h2>\n<p>L&rsquo;enzyme lipase appartient \u00e0 la classe des hydrolases d&rsquo;esters carboxyliques, qui peuvent hydrolyser les triglyc\u00e9rides en glyc\u00e9rol et en graisse. On la trouve largement dans les tissus des micro-organismes, des plantes et des mammif\u00e8res. Elle est largement utilis\u00e9e dans l&rsquo;alimentation, la m\u00e9decine, le cuir, les produits chimiques de tous les jours et d&rsquo;autres secteurs. Elle ressemble \u00e0 une poudre jaune. Il existe principalement les m\u00e9thodes suivantes pour pr\u00e9parer l&rsquo;enzyme lipase en Chine :<\/p>\n<ol>\n<li>En s\u00e9lectionnant des souches microbiennes appropri\u00e9es (telles que des champignons ou des bact\u00e9ries), la fermentation est r\u00e9alis\u00e9e dans des conditions de culture appropri\u00e9es pour produire l&rsquo;enzyme lipase. La fermentation microbienne est g\u00e9n\u00e9ralement l\u2019une des m\u00e9thodes de pr\u00e9paration les plus courantes car le rendement et la puret\u00e9 de l\u2019enzyme peuvent \u00eatre am\u00e9lior\u00e9s en optimisant les conditions de culture.<\/li>\n<li>Fixez l&rsquo;enzyme lipase sur un support appropri\u00e9, tel qu&rsquo;une r\u00e9sine, un gel, etc., pour am\u00e9liorer la stabilit\u00e9 et la r\u00e9utilisabilit\u00e9 de l&rsquo;enzyme. Cette m\u00e9thode est souvent utilis\u00e9e dans la production industrielle et peut am\u00e9liorer la dur\u00e9e de vie et l&rsquo;efficacit\u00e9 de l&rsquo;enzyme.<\/li>\n<li>Utilisez la biologie mol\u00e9culaire et les m\u00e9thodes biochimiques pour extraire et purifier l&rsquo;enzyme lipase \u00e0 partir de sources naturelles. Cette m\u00e9thode est souvent utilis\u00e9e pour extraire l&rsquo;enzyme lipase \u00e0 partir de produits naturels ou pour purifier les produits de fermentation.<\/li>\n<\/ol>\n<h2><span class=\"ez-toc-section\" id=\"Dosage_recommande\"><\/span>Dosage recommand\u00e9 :<span class=\"ez-toc-section-end\"><\/span><\/h2>\n<table>\n<tbody>\n<tr>\n<td><strong>Nom de l&rsquo;aliment<\/strong><\/td>\n<td><strong>Utilisation maximale (g\/kg)<\/strong><\/td>\n<\/tr>\n<tr>\n<td>Pain<\/td>\n<td>0,1 &#8211; 0,4 g\/kg<\/td>\n<\/tr>\n<tr>\n<td>Biscuits \u00e0 la cr\u00e8me<\/td>\n<td>0,1 &#8211; 0,3 g\/kg<\/td>\n<\/tr>\n<tr>\n<td>Chocolat<\/td>\n<td>0,05 &#8211; 0,3 g\/kg<\/td>\n<\/tr>\n<tr>\n<td>Sauce salade<\/td>\n<td>0,05 &#8211; 0,2 g\/kg<\/td>\n<\/tr>\n<tr>\n<td>Produits \u00e0 base de viande<\/td>\n<td>0,05 &#8211; 0,3 g\/kg<\/td>\n<\/tr>\n<tr>\n<td>Boissons lact\u00e9es<\/td>\n<td>0,05 &#8211; 0,2 g\/kg<\/td>\n<\/tr>\n<tr>\n<td>Huile alimentaire<\/td>\n<td>0,05 &#8211; 0,3 g\/kg<\/td>\n<\/tr>\n<tr>\n<td>Sauces<\/td>\n<td>0,05 &#8211; 0,2 g\/kg<\/td>\n<\/tr>\n<tr>\n<td>Bi\u00e8re<\/td>\n<td>0,01 &#8211; 0,05 g\/kg<\/td>\n<\/tr>\n<tr>\n<td>Miel<\/td>\n<td>0,01 &#8211; 0,05 g\/kg<\/td>\n<\/tr>\n<tr>\n<td>Confiture<\/td>\n<td>0,05 &#8211; 0,2 g\/kg<\/td>\n<\/tr>\n<tr>\n<td>Cr\u00e8me \u00e0 caf\u00e9<\/td>\n<td>0,05 &#8211; 0,2 g\/kg<\/td>\n<\/tr>\n<tr>\n<td>Condiments \u00e9mulsifi\u00e9s<\/td>\n<td>0,05 &#8211; 0,2 g\/kg<\/td>\n<\/tr>\n<tr>\n<td>Gel\u00e9e<\/td>\n<td>0,05 &#8211; 0,2 g\/kg<\/td>\n<\/tr>\n<\/tbody>\n<\/table>\n<h2><span class=\"ez-toc-section\" id=\"Lenzyme_lipase_a_une_large_gamme_dutilisations\"><\/span>L&rsquo;enzyme lipase a une large gamme d&rsquo;utilisations<span class=\"ez-toc-section-end\"><\/span><\/h2>\n<ol>\n<li>La lipase peut hydrolyser et d\u00e9grader les mol\u00e9cules de graisse dans les aliments, am\u00e9liorant ainsi le go\u00fbt, la texture et la sensation en bouche des aliments, les rendant plus riches et plus doux.<\/li>\n<li>Dans certains aliments, la lipase peut aider \u00e0 stabiliser les syst\u00e8mes d&rsquo;\u00e9mulsification et de dispersion, emp\u00eacher la s\u00e9paration et la pr\u00e9cipitation des graisses et prolonger la dur\u00e9e de conservation des aliments.<\/li>\n<li>La lipase facilite la d\u00e9gradation des graisses dans le tube digestif, facilitant ainsi une digestion et une absorption plus simples ainsi que l&rsquo;absorption des nutriments.<\/li>\n<li>La lipase peut aider \u00e0 am\u00e9liorer l&rsquo;utilisation des vitamines liposolubles (telles que les vitamines A, D, E, K) et d&rsquo;autres nutriments liposolubles.<\/li>\n<li>En utilisant la lipase, la quantit\u00e9 de graisse requise dans le processus de production alimentaire peut \u00eatre r\u00e9duite, r\u00e9duisant ainsi les co\u00fbts de production.<\/li>\n<li>Dans la transformation des produits laitiers, la lipase peut am\u00e9liorer les propri\u00e9t\u00e9s de la cr\u00e8me et de la mati\u00e8re grasse du lait, et augmenter l&rsquo;uniformit\u00e9 et la stabilit\u00e9 de la mati\u00e8re grasse du lait.<\/li>\n<\/ol>\n<h2><span class=\"ez-toc-section\" id=\"Question_posee_par_lutilisateur\"><\/span>Question pos\u00e9e par l&rsquo;utilisateur :<span class=\"ez-toc-section-end\"><\/span><\/h2>\n<p>Question : Est-il vrai que la consommation de lipase peut vous aider \u00e0 perdre du poids ?<\/p>\n<p>R\u00e9ponse : La lipase n&rsquo;entra\u00eene pas directement une perte de poids. La lipase est une enzyme qui agit dans le syst\u00e8me digestif, aidant \u00e0 d\u00e9composer les mol\u00e9cules de graisse pour faciliter leur absorption et leur utilisation. Cependant, elle n&rsquo;atteint pas les objectifs de perte de poids en modifiant le m\u00e9tabolisme ou en r\u00e9duisant l&rsquo;apport en graisses comme les m\u00e9dicaments pour perdre du poids. L&rsquo;effet de la lipase est limit\u00e9 au processus digestif et ne peut pas r\u00e9duire la quantit\u00e9 de graisse stock\u00e9e dans le corps. Pour parvenir \u00e0 une gestion efficace du poids et \u00e0 une perte de poids, vous devez toujours vous fier \u00e0 des habitudes alimentaires saines et \u00e0 un exercice mod\u00e9r\u00e9.<\/p>\n","protected":false},"excerpt":{"rendered":"<ul>\n<li>CAS : 9001-62-1<\/li>\n<li>Formule chimique : C11H9N3O2.Na+<\/li>\n<li>Certifications : KOSHER, ISO, HALAL, FSSC 22000, BRC, etc.<\/li>\n<li>Quantit\u00e9 minimum de commande : 1000 kg<\/li>\n<li>Dur\u00e9e de conservation : 2 ans<\/li>\n<\/ul>\n","protected":false},"featured_media":9847,"template":"","meta":{"site-sidebar-layout":"default","site-content-layout":"","ast-site-content-layout":"default","site-content-style":"default","site-sidebar-style":"default","ast-global-header-display":"","ast-banner-title-visibility":"","ast-main-header-display":"","ast-hfb-above-header-display":"","ast-hfb-below-header-display":"","ast-hfb-mobile-header-display":"","site-post-title":"","ast-breadcrumbs-content":"","ast-featured-img":"","footer-sml-layout":"","theme-transparent-header-meta":"default","adv-header-id-meta":"","stick-header-meta":"","header-above-stick-meta":"","header-main-stick-meta":"","header-below-stick-meta":"","astra-migrate-meta-layouts":"set","ast-page-background-enabled":"default","ast-page-background-meta":{"desktop":{"background-color":"var(--ast-global-color-4)","background-image":"","background-repeat":"repeat","background-position":"center center","background-size":"auto","background-attachment":"scroll","background-type":"","background-media":"","overlay-type":"","overlay-color":"","overlay-opacity":"","overlay-gradient":""},"tablet":{"background-color":"","background-image":"","background-repeat":"repeat","background-position":"center center","background-size":"auto","background-attachment":"scroll","background-type":"","background-media":"","overlay-type":"","overlay-color":"","overlay-opacity":"","overlay-gradient":""},"mobile":{"background-color":"","background-image":"","background-repeat":"repeat","background-position":"center center","background-size":"auto","background-attachment":"scroll","background-type":"","background-media":"","overlay-type":"","overlay-color":"","overlay-opacity":"","overlay-gradient":""}},"ast-content-background-meta":{"desktop":{"background-color":"var(--ast-global-color-5)","background-image":"","background-repeat":"repeat","background-position":"center center","background-size":"auto","background-attachment":"scroll","background-type":"","background-media":"","overlay-type":"","overlay-color":"","overlay-opacity":"","overlay-gradient":""},"tablet":{"background-color":"var(--ast-global-color-5)","background-image":"","background-repeat":"repeat","background-position":"center center","background-size":"auto","background-attachment":"scroll","background-type":"","background-media":"","overlay-type":"","overlay-color":"","overlay-opacity":"","overlay-gradient":""},"mobile":{"background-color":"var(--ast-global-color-5)","background-image":"","background-repeat":"repeat","background-position":"center center","background-size":"auto","background-attachment":"scroll","background-type":"","background-media":"","overlay-type":"","overlay-color":"","overlay-opacity":"","overlay-gradient":""}}},"product_brand":[],"product_cat":[107],"product_tag":[],"class_list":{"0":"post-9846","1":"product","2":"type-product","3":"status-publish","4":"has-post-thumbnail","6":"product_cat-autres-ingredients-alimentaires-produit","7":"desktop-align-center","8":"tablet-align-left","9":"mobile-align-left","11":"first","12":"instock","13":"shipping-taxable","14":"product-type-simple"},"yoast_head":"<!-- This site is optimized with the Yoast SEO plugin v26.5 - https:\/\/yoast.com\/wordpress\/plugins\/seo\/ -->\n<title>Fournisseur e Poudre D&#039;enzyme Lipase Qualit\u00e9 Alimentaire | Niranbio Chemical<\/title>\n<meta name=\"description\" content=\"Notre enzyme lipase ressemble CAS 9001-62-1) une poudre jaune et est largement utilis\u00e9e dans l\u2019alimentation, la m\u00e9decine, le cuir, les produits chimiques de tous les jours et d\u2019autres secteurs.\" \/>\n<meta name=\"robots\" content=\"noindex, follow, max-snippet:-1, max-image-preview:large, max-video-preview:-1\" \/>\n<meta name=\"twitter:label1\" content=\"Dur\u00e9e de lecture estim\u00e9e\" \/>\n\t<meta name=\"twitter:data1\" content=\"3 minutes\" \/>\n<script type=\"application\/ld+json\" class=\"yoast-schema-graph\">{\"@context\":\"https:\/\/schema.org\",\"@graph\":[{\"@type\":\"WebPage\",\"@id\":\"https:\/\/theo.niranbio.com\/fr\/enzyme-lipase.html\",\"url\":\"https:\/\/theo.niranbio.com\/fr\/enzyme-lipase.html\",\"name\":\"Fournisseur e Poudre D'enzyme Lipase Qualit\u00e9 Alimentaire | Niranbio Chemical\",\"isPartOf\":{\"@id\":\"https:\/\/theo.niranbio.com\/fr\/#website\"},\"primaryImageOfPage\":{\"@id\":\"https:\/\/theo.niranbio.com\/fr\/enzyme-lipase.html#primaryimage\"},\"image\":{\"@id\":\"https:\/\/theo.niranbio.com\/fr\/enzyme-lipase.html#primaryimage\"},\"thumbnailUrl\":\"https:\/\/theo.niranbio.com\/wp-content\/uploads\/2024\/06\/Lipase-Enzyme.webp\",\"datePublished\":\"2024-06-20T05:12:19+00:00\",\"dateModified\":\"2024-08-19T05:35:07+00:00\",\"description\":\"Notre enzyme lipase ressemble CAS 9001-62-1) une poudre jaune et est largement utilis\u00e9e dans l\u2019alimentation, la m\u00e9decine, le cuir, les produits chimiques de tous les jours et d\u2019autres secteurs.\",\"breadcrumb\":{\"@id\":\"https:\/\/theo.niranbio.com\/fr\/enzyme-lipase.html#breadcrumb\"},\"inLanguage\":\"fr-FR\",\"potentialAction\":[{\"@type\":\"ReadAction\",\"target\":[\"https:\/\/theo.niranbio.com\/fr\/enzyme-lipase.html\"]}]},{\"@type\":\"ImageObject\",\"inLanguage\":\"fr-FR\",\"@id\":\"https:\/\/theo.niranbio.com\/fr\/enzyme-lipase.html#primaryimage\",\"url\":\"https:\/\/theo.niranbio.com\/wp-content\/uploads\/2024\/06\/Lipase-Enzyme.webp\",\"contentUrl\":\"https:\/\/theo.niranbio.com\/wp-content\/uploads\/2024\/06\/Lipase-Enzyme.webp\",\"width\":600,\"height\":600,\"caption\":\"Enzyme lipase\"},{\"@type\":\"BreadcrumbList\",\"@id\":\"https:\/\/theo.niranbio.com\/fr\/enzyme-lipase.html#breadcrumb\",\"itemListElement\":[{\"@type\":\"ListItem\",\"position\":1,\"name\":\"Home\",\"item\":\"https:\/\/theo.niranbio.com\/fr\/\"},{\"@type\":\"ListItem\",\"position\":2,\"name\":\"Produits\",\"item\":\"https:\/\/theo.niranbio.com\/fr\/produits.html\"},{\"@type\":\"ListItem\",\"position\":3,\"name\":\"Autres Ingr\u00e9dients Alimentaires\",\"item\":\"https:\/\/theo.niranbio.com\/fr\/autres-ingredients-alimentaires-produit\/\"},{\"@type\":\"ListItem\",\"position\":4,\"name\":\"Enzyme lipase\"}]},{\"@type\":\"WebSite\",\"@id\":\"https:\/\/theo.niranbio.com\/fr\/#website\",\"url\":\"https:\/\/theo.niranbio.com\/fr\/\",\"name\":\"Niranbio Chemical\",\"description\":\"\",\"publisher\":{\"@id\":\"https:\/\/theo.niranbio.com\/fr\/#organization\"},\"potentialAction\":[{\"@type\":\"SearchAction\",\"target\":{\"@type\":\"EntryPoint\",\"urlTemplate\":\"https:\/\/theo.niranbio.com\/fr\/?s={search_term_string}\"},\"query-input\":{\"@type\":\"PropertyValueSpecification\",\"valueRequired\":true,\"valueName\":\"search_term_string\"}}],\"inLanguage\":\"fr-FR\"},{\"@type\":\"Organization\",\"@id\":\"https:\/\/theo.niranbio.com\/fr\/#organization\",\"name\":\"Niranbio Chemical\",\"url\":\"https:\/\/theo.niranbio.com\/fr\/\",\"logo\":{\"@type\":\"ImageObject\",\"inLanguage\":\"fr-FR\",\"@id\":\"https:\/\/theo.niranbio.com\/fr\/#\/schema\/logo\/image\/\",\"url\":\"https:\/\/theo.niranbio.com\/wp-content\/uploads\/2024\/06\/Niranbio.png\",\"contentUrl\":\"https:\/\/theo.niranbio.com\/wp-content\/uploads\/2024\/06\/Niranbio.png\",\"width\":270,\"height\":100,\"caption\":\"Niranbio Chemical\"},\"image\":{\"@id\":\"https:\/\/theo.niranbio.com\/fr\/#\/schema\/logo\/image\/\"}}]}<\/script>\n<!-- \/ Yoast SEO plugin. -->","yoast_head_json":{"title":"Fournisseur e Poudre D'enzyme Lipase Qualit\u00e9 Alimentaire | Niranbio Chemical","description":"Notre enzyme lipase ressemble CAS 9001-62-1) une poudre jaune et est largement utilis\u00e9e dans l\u2019alimentation, la m\u00e9decine, le cuir, les produits chimiques de tous les jours et d\u2019autres secteurs.","robots":{"index":"noindex","follow":"follow","max-snippet":"max-snippet:-1","max-image-preview":"max-image-preview:large","max-video-preview":"max-video-preview:-1"},"twitter_misc":{"Dur\u00e9e de lecture estim\u00e9e":"3 minutes"},"schema":{"@context":"https:\/\/schema.org","@graph":[{"@type":"WebPage","@id":"https:\/\/theo.niranbio.com\/fr\/enzyme-lipase.html","url":"https:\/\/theo.niranbio.com\/fr\/enzyme-lipase.html","name":"Fournisseur e Poudre D'enzyme Lipase Qualit\u00e9 Alimentaire | Niranbio Chemical","isPartOf":{"@id":"https:\/\/theo.niranbio.com\/fr\/#website"},"primaryImageOfPage":{"@id":"https:\/\/theo.niranbio.com\/fr\/enzyme-lipase.html#primaryimage"},"image":{"@id":"https:\/\/theo.niranbio.com\/fr\/enzyme-lipase.html#primaryimage"},"thumbnailUrl":"https:\/\/theo.niranbio.com\/wp-content\/uploads\/2024\/06\/Lipase-Enzyme.webp","datePublished":"2024-06-20T05:12:19+00:00","dateModified":"2024-08-19T05:35:07+00:00","description":"Notre enzyme lipase ressemble CAS 9001-62-1) une poudre jaune et est largement utilis\u00e9e dans l\u2019alimentation, la m\u00e9decine, le cuir, les produits chimiques de tous les jours et d\u2019autres secteurs.","breadcrumb":{"@id":"https:\/\/theo.niranbio.com\/fr\/enzyme-lipase.html#breadcrumb"},"inLanguage":"fr-FR","potentialAction":[{"@type":"ReadAction","target":["https:\/\/theo.niranbio.com\/fr\/enzyme-lipase.html"]}]},{"@type":"ImageObject","inLanguage":"fr-FR","@id":"https:\/\/theo.niranbio.com\/fr\/enzyme-lipase.html#primaryimage","url":"https:\/\/theo.niranbio.com\/wp-content\/uploads\/2024\/06\/Lipase-Enzyme.webp","contentUrl":"https:\/\/theo.niranbio.com\/wp-content\/uploads\/2024\/06\/Lipase-Enzyme.webp","width":600,"height":600,"caption":"Enzyme lipase"},{"@type":"BreadcrumbList","@id":"https:\/\/theo.niranbio.com\/fr\/enzyme-lipase.html#breadcrumb","itemListElement":[{"@type":"ListItem","position":1,"name":"Home","item":"https:\/\/theo.niranbio.com\/fr\/"},{"@type":"ListItem","position":2,"name":"Produits","item":"https:\/\/theo.niranbio.com\/fr\/produits.html"},{"@type":"ListItem","position":3,"name":"Autres Ingr\u00e9dients Alimentaires","item":"https:\/\/theo.niranbio.com\/fr\/autres-ingredients-alimentaires-produit\/"},{"@type":"ListItem","position":4,"name":"Enzyme lipase"}]},{"@type":"WebSite","@id":"https:\/\/theo.niranbio.com\/fr\/#website","url":"https:\/\/theo.niranbio.com\/fr\/","name":"Niranbio Chemical","description":"","publisher":{"@id":"https:\/\/theo.niranbio.com\/fr\/#organization"},"potentialAction":[{"@type":"SearchAction","target":{"@type":"EntryPoint","urlTemplate":"https:\/\/theo.niranbio.com\/fr\/?s={search_term_string}"},"query-input":{"@type":"PropertyValueSpecification","valueRequired":true,"valueName":"search_term_string"}}],"inLanguage":"fr-FR"},{"@type":"Organization","@id":"https:\/\/theo.niranbio.com\/fr\/#organization","name":"Niranbio Chemical","url":"https:\/\/theo.niranbio.com\/fr\/","logo":{"@type":"ImageObject","inLanguage":"fr-FR","@id":"https:\/\/theo.niranbio.com\/fr\/#\/schema\/logo\/image\/","url":"https:\/\/theo.niranbio.com\/wp-content\/uploads\/2024\/06\/Niranbio.png","contentUrl":"https:\/\/theo.niranbio.com\/wp-content\/uploads\/2024\/06\/Niranbio.png","width":270,"height":100,"caption":"Niranbio Chemical"},"image":{"@id":"https:\/\/theo.niranbio.com\/fr\/#\/schema\/logo\/image\/"}}]}},"_links":{"self":[{"href":"https:\/\/theo.niranbio.com\/fr\/wp-json\/wp\/v2\/product\/9846","targetHints":{"allow":["GET"]}}],"collection":[{"href":"https:\/\/theo.niranbio.com\/fr\/wp-json\/wp\/v2\/product"}],"about":[{"href":"https:\/\/theo.niranbio.com\/fr\/wp-json\/wp\/v2\/types\/product"}],"version-history":[{"count":0,"href":"https:\/\/theo.niranbio.com\/fr\/wp-json\/wp\/v2\/product\/9846\/revisions"}],"wp:featuredmedia":[{"embeddable":true,"href":"https:\/\/theo.niranbio.com\/fr\/wp-json\/wp\/v2\/media\/9847"}],"wp:attachment":[{"href":"https:\/\/theo.niranbio.com\/fr\/wp-json\/wp\/v2\/media?parent=9846"}],"wp:term":[{"taxonomy":"product_brand","embeddable":true,"href":"https:\/\/theo.niranbio.com\/fr\/wp-json\/wp\/v2\/product_brand?post=9846"},{"taxonomy":"product_cat","embeddable":true,"href":"https:\/\/theo.niranbio.com\/fr\/wp-json\/wp\/v2\/product_cat?post=9846"},{"taxonomy":"product_tag","embeddable":true,"href":"https:\/\/theo.niranbio.com\/fr\/wp-json\/wp\/v2\/product_tag?post=9846"}],"curies":[{"name":"wp","href":"https:\/\/api.w.org\/{rel}","templated":true}]}}