{"id":9833,"date":"2024-06-20T11:47:48","date_gmt":"2024-06-20T03:47:48","guid":{"rendered":"https:\/\/theo.niranbio.com\/tween-20-60-80-de-qualite-alimentaire\/"},"modified":"2024-08-13T17:36:28","modified_gmt":"2024-08-13T09:36:28","slug":"tween-20-60-80-de-qualite-alimentaire","status":"publish","type":"product","link":"https:\/\/theo.niranbio.com\/fr\/tween-20-60-80-de-qualite-alimentaire.html","title":{"rendered":"Tween 20\/60\/80 de qualit\u00e9 alimentaire"},"content":{"rendered":"<h2><span class=\"ez-toc-section\" id=\"Quest-ce_que_le_Tween_206080_de_qualite_alimentaire\"><\/span>Qu&rsquo;est-ce que le Tween 20\/60\/80 de qualit\u00e9 alimentaire ?<span class=\"ez-toc-section-end\"><\/span><\/h2>\n<p>Le Tween 20, le Tween 60 et le Tween 80 de qualit\u00e9 alimentaire sont des tensioactifs non ioniques largement utilis\u00e9s dans la transformation des aliments pour am\u00e9liorer l&rsquo;\u00e9mulsification, l&rsquo;\u00e9paississement et la stabilit\u00e9. Le Tween 20 est un liquide transparent, presque inodore, compl\u00e8tement soluble dans l&rsquo;eau, principalement utilis\u00e9 pour les boissons et les aliments faibles en gras, adapt\u00e9 \u00e0 l&rsquo;\u00e9mulsification et \u00e0 la stabilisation dans des environnements \u00e0 basse temp\u00e9rature.<\/p>\n<p>Le Tween 60 est un liquide jaune clair \u00e0 brun avec une l\u00e9g\u00e8re odeur de graisse, bien soluble dans l&rsquo;eau, et est souvent utilis\u00e9 dans les produits laitiers et les aliments riches en mati\u00e8res grasses pour am\u00e9liorer l&rsquo;\u00e9mulsification et la texture. Le Tween 80 est un liquide brun fonc\u00e9, \u00e9galement avec une l\u00e9g\u00e8re odeur de graisse, bien soluble dans l&rsquo;eau, adapt\u00e9 aux aliments surgel\u00e9s tels que la cr\u00e8me glac\u00e9e et le chocolat, offrant d&rsquo;excellentes propri\u00e9t\u00e9s d&rsquo;\u00e9mulsification et d&rsquo;\u00e9paississement \u00e0 basse temp\u00e9rature.<\/p>\n<h2><span class=\"ez-toc-section\" id=\"Parametres_associes\"><\/span>Param\u00e8tres associ\u00e9s :<span class=\"ez-toc-section-end\"><\/span><\/h2>\n<table>\n<tbody>\n<tr>\n<td><strong>\u00c9L\u00c9MENTS<\/strong><\/td>\n<td><strong>STANDARD<\/strong><\/td>\n<\/tr>\n<tr>\n<td>Indice d&rsquo;acidit\u00e9, KOH mg\/g<\/td>\n<td>2,0 max<\/td>\n<\/tr>\n<tr>\n<td>Indice de saponification, KOH mg\/g<\/td>\n<td>43-55<\/td>\n<\/tr>\n<tr>\n<td>Indice d&rsquo;hydroxyle, KOH mg\/g<\/td>\n<td>65-80<\/td>\n<\/tr>\n<tr>\n<td>Eau, %<\/td>\n<td>2,0 max<\/td>\n<\/tr>\n<tr>\n<td>M\u00e9taux lourds, %<\/td>\n<td>0,001 max<\/td>\n<\/tr>\n<tr>\n<td>Cendres, %<\/td>\n<td>0,25 max<\/td>\n<\/tr>\n<\/tbody>\n<\/table>\n<h2><span class=\"ez-toc-section\" id=\"Dosage_recommande\"><\/span>Dosage recommand\u00e9 :<span class=\"ez-toc-section-end\"><\/span><\/h2>\n<table>\n<tbody>\n<tr>\n<td><strong>Nom de l&rsquo;aliment<\/strong><\/td>\n<td><strong>Utilisation maximale (g\/kg)<\/strong><\/td>\n<\/tr>\n<tr>\n<td>Boissons<\/td>\n<td>0,5-1,0 g\/kg<\/td>\n<\/tr>\n<tr>\n<td>Produits laitiers<\/td>\n<td>0,5-1,0 g\/kg<\/td>\n<\/tr>\n<tr>\n<td>Assaisonnements<\/td>\n<td>1,0-2,0 g\/kg<\/td>\n<\/tr>\n<tr>\n<td>Gel\u00e9e<\/td>\n<td>1,0-1,5 g\/kg<\/td>\n<\/tr>\n<tr>\n<td>Cr\u00e8me glac\u00e9e<\/td>\n<td>0,5-1,0 g\/kg<\/td>\n<\/tr>\n<tr>\n<td>Bonbons<\/td>\n<td>0,5-1,0 g\/kg<\/td>\n<\/tr>\n<tr>\n<td>Sauces<\/td>\n<td>0,5-1,5 g\/kg<\/td>\n<\/tr>\n<tr>\n<td>Aliments en conserve<\/td>\n<td>0,5-1,0 g\/kg<\/td>\n<\/tr>\n<tr>\n<td>Boissons prot\u00e9in\u00e9es<\/td>\n<td>0,5-1,0 g\/kg<\/td>\n<\/tr>\n<tr>\n<td>Cr\u00e9mier<\/td>\n<td>0,5-1,0 g\/kg<\/td>\n<\/tr>\n<tr>\n<td>Confiture<\/td>\n<td>0,5-1,0 g\/kg<\/td>\n<\/tr>\n<tr>\n<td>Conserves<\/td>\n<td>0,5-1,0 g\/kg<\/td>\n<\/tr>\n<tr>\n<td>Cr\u00e8me<\/td>\n<td>0,5-1,0 g\/kg<\/td>\n<\/tr>\n<tr>\n<td>Pain<\/td>\n<td>0,5-1,0 g\/kg<\/td>\n<\/tr>\n<tr>\n<td>Biscuits<\/td>\n<td>0,5-1,0 g\/kg<\/td>\n<\/tr>\n<\/tbody>\n<\/table>\n<h2><span class=\"ez-toc-section\" id=\"Le_Tween_206080_Food_Grade_a_une_large_gamme_dutilisations\"><\/span>Le Tween 20\/60\/80 Food Grade a une large gamme d&rsquo;utilisations<span class=\"ez-toc-section-end\"><\/span><\/h2>\n<h2><span class=\"ez-toc-section\" id=\"Tween_20_Food_Grade\"><\/span>Tween 20 Food Grade :<span class=\"ez-toc-section-end\"><\/span><\/h2>\n<ol>\n<li>\u00c9mulsification : Le Tween 20 peut m\u00e9langer efficacement l&rsquo;huile et l&rsquo;eau pour former une \u00e9mulsion stable, qui est largement utilis\u00e9e dans les jus, les boissons et les aliments faibles en gras. Il est efficace pour former et stabiliser les \u00e9mulsions.<\/li>\n<li>Stabilit\u00e9 : Il offre une bonne stabilit\u00e9 dans les environnements \u00e0 basse temp\u00e9rature, emp\u00eache la stratification ou la pr\u00e9cipitation des ingr\u00e9dients dans les aliments et maintient la consistance du produit.<\/li>\n<li>\u00c9paississement : Bien que l&rsquo;effet \u00e9paississant ne soit pas aussi bon que celui de certains autres \u00e9paississants, il peut am\u00e9liorer le go\u00fbt et la texture de certains aliments \u00e0 faible viscosit\u00e9.<\/li>\n<li>Dispersion : Il aide \u00e0 disperser les particules solides et \u00e0 emp\u00eacher l&rsquo;agglom\u00e9ration. Il convient aux produits tels que les condiments et les m\u00e9langes de poudre s\u00e8che.<\/li>\n<\/ol>\n<h2><span class=\"ez-toc-section\" id=\"Tween_60_Food_Grade\"><\/span>Tween 60 Food Grade :<span class=\"ez-toc-section-end\"><\/span><\/h2>\n<ol>\n<li>\u00c9mulsification : Tween 60 est efficace pour \u00e9mulsionner les aliments \u00e0 forte teneur en mati\u00e8res grasses, tels que les produits laitiers et les glaces. Il peut produire une \u00e9mulsion huile-eau stable, ce qui peut emp\u00eacher la stratification de l&rsquo;huile.<\/li>\n<li>Am\u00e9lioration de la texture : En am\u00e9liorant la texture et le go\u00fbt du produit, il est particuli\u00e8rement adapt\u00e9 aux aliments riches en mati\u00e8res grasses tels que la cr\u00e8me, les p\u00e2tisseries et le pain.<\/li>\n<li>Stabilit\u00e9 : Offre une meilleure stabilit\u00e9 dans les environnements \u00e0 haute temp\u00e9rature, emp\u00eache la stratification et la pr\u00e9cipitation des produits et prolonge la dur\u00e9e de conservation des aliments.<\/li>\n<li>\u00c9paississement : Il peut jouer un l\u00e9ger r\u00f4le d&rsquo;\u00e9paississant dans certains aliments pour am\u00e9liorer la consistance et la texture du produit.<\/li>\n<\/ol>\n<h2><span class=\"ez-toc-section\" id=\"Tween_80_Food_Grade\"><\/span>Tween 80 Food Grade :<span class=\"ez-toc-section-end\"><\/span><\/h2>\n<ol>\n<li>\u00c9mulsification : Tween 80 a d&rsquo;excellentes propri\u00e9t\u00e9s d&rsquo;\u00e9mulsification et est particuli\u00e8rement adapt\u00e9 \u00e0 l&rsquo;\u00e9mulsification dans des conditions de basse temp\u00e9rature, telles que la cr\u00e8me glac\u00e9e et les aliments surgel\u00e9s. Il peut former une \u00e9mulsion stable pour emp\u00eacher la pr\u00e9cipitation de l&rsquo;huile.<\/li>\n<li>\u00c9paississant : Il a un bon effet \u00e9paississant dans certains aliments, am\u00e9liorant la consistance et la texture du produit, comme dans le chocolat et la vinaigrette.<\/li>\n<li>Stabilit\u00e9 : Il assure la stabilit\u00e9 dans les environnements congel\u00e9s et r\u00e9frig\u00e9r\u00e9s, en maintenant l&rsquo;uniformit\u00e9 et la consistance du produit.<\/li>\n<li>Dispersion : Il disperse efficacement les particules solides et emp\u00eache l&rsquo;agglom\u00e9ration, adapt\u00e9 aux besoins de dispersion tels que dans les assaisonnements et les desserts.<\/li>\n<\/ol>\n<h2><span class=\"ez-toc-section\" id=\"Question_posee_par_lutilisateur\"><\/span>Question pos\u00e9e par l&rsquo;utilisateur :<span class=\"ez-toc-section-end\"><\/span><\/h2>\n<p>Question : Quelle est la diff\u00e9rence entre le Tween de qualit\u00e9 alimentaire et le span de qualit\u00e9 alimentaire ?<\/p>\n<p>R\u00e9ponse : Le Tween et le span de qualit\u00e9 alimentaire sont tous deux des tensioactifs non ioniques, mais ils sont tr\u00e8s diff\u00e9rents en termes de structure chimique, de performances et d&rsquo;application. Le Tween (tel que le Tween 20, le Tween 60, le Tween 80) contient des groupes polysorbate, a une forte hydrophilie et une grande capacit\u00e9 d&rsquo;\u00e9mulsification, convient aux aliments \u00e0 faible teneur en mati\u00e8res grasses et aux \u00e9mulsions aqueuses, et peut rester stable dans une large gamme de conditions de pH et de temp\u00e9rature. Les Span (tels que Span 20, Span 60, Span 80) contiennent des groupes sorbitol, ont une hydrophilie plus faible et une valeur HLB plus faible. Ils sont plus adapt\u00e9s aux aliments \u00e0 forte teneur en mati\u00e8res grasses et aux \u00e9mulsions en phase huileuse, en particulier dans des conditions de teneur \u00e9lev\u00e9e en mati\u00e8res grasses et de temp\u00e9rature \u00e9lev\u00e9e.<\/p>\n","protected":false},"excerpt":{"rendered":"<ul>\n<li>CAS: 9006-65-6<\/li>\n<li>Formule chimique: C<sub>58<\/sub>H<sub>114<\/sub>O<sub>26<\/sub><\/li>\n<li>Certifications : KOSHER, ISO, HALAL, FSSC 22000, BRC, etc.<\/li>\n<li>Quantit\u00e9 minimum de commande : 1000 kg<\/li>\n<li>Dur\u00e9e de conservation : 2 ans<\/li>\n<\/ul>\n","protected":false},"featured_media":9839,"template":"","meta":{"site-sidebar-layout":"default","site-content-layout":"","ast-site-content-layout":"default","site-content-style":"default","site-sidebar-style":"default","ast-global-header-display":"","ast-banner-title-visibility":"","ast-main-header-display":"","ast-hfb-above-header-display":"","ast-hfb-below-header-display":"","ast-hfb-mobile-header-display":"","site-post-title":"","ast-breadcrumbs-content":"","ast-featured-img":"","footer-sml-layout":"","theme-transparent-header-meta":"default","adv-header-id-meta":"","stick-header-meta":"","header-above-stick-meta":"","header-main-stick-meta":"","header-below-stick-meta":"","astra-migrate-meta-layouts":"set","ast-page-background-enabled":"default","ast-page-background-meta":{"desktop":{"background-color":"var(--ast-global-color-4)","background-image":"","background-repeat":"repeat","background-position":"center center","background-size":"auto","background-attachment":"scroll","background-type":"","background-media":"","overlay-type":"","overlay-color":"","overlay-opacity":"","overlay-gradient":""},"tablet":{"background-color":"","background-image":"","background-repeat":"repeat","background-position":"center center","background-size":"auto","background-attachment":"scroll","background-type":"","background-media":"","overlay-type":"","overlay-color":"","overlay-opacity":"","overlay-gradient":""},"mobile":{"background-color":"","background-image":"","background-repeat":"repeat","background-position":"center center","background-size":"auto","background-attachment":"scroll","background-type":"","background-media":"","overlay-type":"","overlay-color":"","overlay-opacity":"","overlay-gradient":""}},"ast-content-background-meta":{"desktop":{"background-color":"var(--ast-global-color-5)","background-image":"","background-repeat":"repeat","background-position":"center center","background-size":"auto","background-attachment":"scroll","background-type":"","background-media":"","overlay-type":"","overlay-color":"","overlay-opacity":"","overlay-gradient":""},"tablet":{"background-color":"var(--ast-global-color-5)","background-image":"","background-repeat":"repeat","background-position":"center center","background-size":"auto","background-attachment":"scroll","background-type":"","background-media":"","overlay-type":"","overlay-color":"","overlay-opacity":"","overlay-gradient":""},"mobile":{"background-color":"var(--ast-global-color-5)","background-image":"","background-repeat":"repeat","background-position":"center center","background-size":"auto","background-attachment":"scroll","background-type":"","background-media":"","overlay-type":"","overlay-color":"","overlay-opacity":"","overlay-gradient":""}}},"product_brand":[],"product_cat":[104],"product_tag":[],"class_list":{"0":"post-9833","1":"product","2":"type-product","3":"status-publish","4":"has-post-thumbnail","6":"product_cat-produit-emulsifiant","7":"desktop-align-center","8":"tablet-align-left","9":"mobile-align-left","11":"first","12":"instock","13":"shipping-taxable","14":"product-type-simple"},"yoast_head":"<!-- This site is optimized with the Yoast SEO plugin v26.5 - https:\/\/yoast.com\/wordpress\/plugins\/seo\/ -->\n<title>Tween liquide 20\/60\/80 de qualit\u00e9 alimentaire | Niranbio Chemical<\/title>\n<meta name=\"description\" content=\"Le Tween 20, le Tween 60 et le Tween 80 de qualit\u00e9 alimentaire sont des tensioactifs non ioniques largement utilis\u00e9s dans la transformation des aliments pour am\u00e9liorer l&#039;\u00e9mulsification, l&#039;\u00e9paississement et la stabilit\u00e9.\" \/>\n<meta name=\"robots\" content=\"noindex, follow, max-snippet:-1, max-image-preview:large, max-video-preview:-1\" \/>\n<meta name=\"twitter:label1\" content=\"Dur\u00e9e de lecture estim\u00e9e\" \/>\n\t<meta name=\"twitter:data1\" content=\"4 minutes\" \/>\n<script type=\"application\/ld+json\" class=\"yoast-schema-graph\">{\"@context\":\"https:\/\/schema.org\",\"@graph\":[{\"@type\":\"WebPage\",\"@id\":\"https:\/\/theo.niranbio.com\/fr\/tween-20-60-80-de-qualite-alimentaire.html\",\"url\":\"https:\/\/theo.niranbio.com\/fr\/tween-20-60-80-de-qualite-alimentaire.html\",\"name\":\"Tween liquide 20\/60\/80 de qualit\u00e9 alimentaire | Niranbio Chemical\",\"isPartOf\":{\"@id\":\"https:\/\/theo.niranbio.com\/fr\/#website\"},\"primaryImageOfPage\":{\"@id\":\"https:\/\/theo.niranbio.com\/fr\/tween-20-60-80-de-qualite-alimentaire.html#primaryimage\"},\"image\":{\"@id\":\"https:\/\/theo.niranbio.com\/fr\/tween-20-60-80-de-qualite-alimentaire.html#primaryimage\"},\"thumbnailUrl\":\"https:\/\/theo.niranbio.com\/wp-content\/uploads\/2024\/06\/Tween-food-grade-20-60-80.webp\",\"datePublished\":\"2024-06-20T03:47:48+00:00\",\"dateModified\":\"2024-08-13T09:36:28+00:00\",\"description\":\"Le Tween 20, le Tween 60 et le Tween 80 de qualit\u00e9 alimentaire sont des tensioactifs non ioniques largement utilis\u00e9s dans la transformation des aliments pour am\u00e9liorer l'\u00e9mulsification, l'\u00e9paississement et la stabilit\u00e9.\",\"breadcrumb\":{\"@id\":\"https:\/\/theo.niranbio.com\/fr\/tween-20-60-80-de-qualite-alimentaire.html#breadcrumb\"},\"inLanguage\":\"fr-FR\",\"potentialAction\":[{\"@type\":\"ReadAction\",\"target\":[\"https:\/\/theo.niranbio.com\/fr\/tween-20-60-80-de-qualite-alimentaire.html\"]}]},{\"@type\":\"ImageObject\",\"inLanguage\":\"fr-FR\",\"@id\":\"https:\/\/theo.niranbio.com\/fr\/tween-20-60-80-de-qualite-alimentaire.html#primaryimage\",\"url\":\"https:\/\/theo.niranbio.com\/wp-content\/uploads\/2024\/06\/Tween-food-grade-20-60-80.webp\",\"contentUrl\":\"https:\/\/theo.niranbio.com\/wp-content\/uploads\/2024\/06\/Tween-food-grade-20-60-80.webp\",\"width\":600,\"height\":600,\"caption\":\"Tween de qualit\u00e9 alimentaire 20 60 80\"},{\"@type\":\"BreadcrumbList\",\"@id\":\"https:\/\/theo.niranbio.com\/fr\/tween-20-60-80-de-qualite-alimentaire.html#breadcrumb\",\"itemListElement\":[{\"@type\":\"ListItem\",\"position\":1,\"name\":\"Home\",\"item\":\"https:\/\/theo.niranbio.com\/fr\/\"},{\"@type\":\"ListItem\",\"position\":2,\"name\":\"Produits\",\"item\":\"https:\/\/theo.niranbio.com\/fr\/produits.html\"},{\"@type\":\"ListItem\",\"position\":3,\"name\":\"\u00c9mulsifiant\",\"item\":\"https:\/\/theo.niranbio.com\/fr\/produit-emulsifiant\/\"},{\"@type\":\"ListItem\",\"position\":4,\"name\":\"Tween 20\/60\/80 de qualit\u00e9 alimentaire\"}]},{\"@type\":\"WebSite\",\"@id\":\"https:\/\/theo.niranbio.com\/fr\/#website\",\"url\":\"https:\/\/theo.niranbio.com\/fr\/\",\"name\":\"Niranbio Chemical\",\"description\":\"\",\"publisher\":{\"@id\":\"https:\/\/theo.niranbio.com\/fr\/#organization\"},\"potentialAction\":[{\"@type\":\"SearchAction\",\"target\":{\"@type\":\"EntryPoint\",\"urlTemplate\":\"https:\/\/theo.niranbio.com\/fr\/?s={search_term_string}\"},\"query-input\":{\"@type\":\"PropertyValueSpecification\",\"valueRequired\":true,\"valueName\":\"search_term_string\"}}],\"inLanguage\":\"fr-FR\"},{\"@type\":\"Organization\",\"@id\":\"https:\/\/theo.niranbio.com\/fr\/#organization\",\"name\":\"Niranbio Chemical\",\"url\":\"https:\/\/theo.niranbio.com\/fr\/\",\"logo\":{\"@type\":\"ImageObject\",\"inLanguage\":\"fr-FR\",\"@id\":\"https:\/\/theo.niranbio.com\/fr\/#\/schema\/logo\/image\/\",\"url\":\"https:\/\/theo.niranbio.com\/wp-content\/uploads\/2024\/06\/Niranbio.png\",\"contentUrl\":\"https:\/\/theo.niranbio.com\/wp-content\/uploads\/2024\/06\/Niranbio.png\",\"width\":270,\"height\":100,\"caption\":\"Niranbio Chemical\"},\"image\":{\"@id\":\"https:\/\/theo.niranbio.com\/fr\/#\/schema\/logo\/image\/\"}}]}<\/script>\n<!-- \/ Yoast SEO plugin. -->","yoast_head_json":{"title":"Tween liquide 20\/60\/80 de qualit\u00e9 alimentaire | Niranbio Chemical","description":"Le Tween 20, le Tween 60 et le Tween 80 de qualit\u00e9 alimentaire sont des tensioactifs non ioniques largement utilis\u00e9s dans la transformation des aliments pour am\u00e9liorer l'\u00e9mulsification, l'\u00e9paississement et la stabilit\u00e9.","robots":{"index":"noindex","follow":"follow","max-snippet":"max-snippet:-1","max-image-preview":"max-image-preview:large","max-video-preview":"max-video-preview:-1"},"twitter_misc":{"Dur\u00e9e de lecture estim\u00e9e":"4 minutes"},"schema":{"@context":"https:\/\/schema.org","@graph":[{"@type":"WebPage","@id":"https:\/\/theo.niranbio.com\/fr\/tween-20-60-80-de-qualite-alimentaire.html","url":"https:\/\/theo.niranbio.com\/fr\/tween-20-60-80-de-qualite-alimentaire.html","name":"Tween liquide 20\/60\/80 de qualit\u00e9 alimentaire | Niranbio Chemical","isPartOf":{"@id":"https:\/\/theo.niranbio.com\/fr\/#website"},"primaryImageOfPage":{"@id":"https:\/\/theo.niranbio.com\/fr\/tween-20-60-80-de-qualite-alimentaire.html#primaryimage"},"image":{"@id":"https:\/\/theo.niranbio.com\/fr\/tween-20-60-80-de-qualite-alimentaire.html#primaryimage"},"thumbnailUrl":"https:\/\/theo.niranbio.com\/wp-content\/uploads\/2024\/06\/Tween-food-grade-20-60-80.webp","datePublished":"2024-06-20T03:47:48+00:00","dateModified":"2024-08-13T09:36:28+00:00","description":"Le Tween 20, le Tween 60 et le Tween 80 de qualit\u00e9 alimentaire sont des tensioactifs non ioniques largement utilis\u00e9s dans la transformation des aliments pour am\u00e9liorer l'\u00e9mulsification, l'\u00e9paississement et la stabilit\u00e9.","breadcrumb":{"@id":"https:\/\/theo.niranbio.com\/fr\/tween-20-60-80-de-qualite-alimentaire.html#breadcrumb"},"inLanguage":"fr-FR","potentialAction":[{"@type":"ReadAction","target":["https:\/\/theo.niranbio.com\/fr\/tween-20-60-80-de-qualite-alimentaire.html"]}]},{"@type":"ImageObject","inLanguage":"fr-FR","@id":"https:\/\/theo.niranbio.com\/fr\/tween-20-60-80-de-qualite-alimentaire.html#primaryimage","url":"https:\/\/theo.niranbio.com\/wp-content\/uploads\/2024\/06\/Tween-food-grade-20-60-80.webp","contentUrl":"https:\/\/theo.niranbio.com\/wp-content\/uploads\/2024\/06\/Tween-food-grade-20-60-80.webp","width":600,"height":600,"caption":"Tween de qualit\u00e9 alimentaire 20 60 80"},{"@type":"BreadcrumbList","@id":"https:\/\/theo.niranbio.com\/fr\/tween-20-60-80-de-qualite-alimentaire.html#breadcrumb","itemListElement":[{"@type":"ListItem","position":1,"name":"Home","item":"https:\/\/theo.niranbio.com\/fr\/"},{"@type":"ListItem","position":2,"name":"Produits","item":"https:\/\/theo.niranbio.com\/fr\/produits.html"},{"@type":"ListItem","position":3,"name":"\u00c9mulsifiant","item":"https:\/\/theo.niranbio.com\/fr\/produit-emulsifiant\/"},{"@type":"ListItem","position":4,"name":"Tween 20\/60\/80 de qualit\u00e9 alimentaire"}]},{"@type":"WebSite","@id":"https:\/\/theo.niranbio.com\/fr\/#website","url":"https:\/\/theo.niranbio.com\/fr\/","name":"Niranbio Chemical","description":"","publisher":{"@id":"https:\/\/theo.niranbio.com\/fr\/#organization"},"potentialAction":[{"@type":"SearchAction","target":{"@type":"EntryPoint","urlTemplate":"https:\/\/theo.niranbio.com\/fr\/?s={search_term_string}"},"query-input":{"@type":"PropertyValueSpecification","valueRequired":true,"valueName":"search_term_string"}}],"inLanguage":"fr-FR"},{"@type":"Organization","@id":"https:\/\/theo.niranbio.com\/fr\/#organization","name":"Niranbio Chemical","url":"https:\/\/theo.niranbio.com\/fr\/","logo":{"@type":"ImageObject","inLanguage":"fr-FR","@id":"https:\/\/theo.niranbio.com\/fr\/#\/schema\/logo\/image\/","url":"https:\/\/theo.niranbio.com\/wp-content\/uploads\/2024\/06\/Niranbio.png","contentUrl":"https:\/\/theo.niranbio.com\/wp-content\/uploads\/2024\/06\/Niranbio.png","width":270,"height":100,"caption":"Niranbio Chemical"},"image":{"@id":"https:\/\/theo.niranbio.com\/fr\/#\/schema\/logo\/image\/"}}]}},"_links":{"self":[{"href":"https:\/\/theo.niranbio.com\/fr\/wp-json\/wp\/v2\/product\/9833","targetHints":{"allow":["GET"]}}],"collection":[{"href":"https:\/\/theo.niranbio.com\/fr\/wp-json\/wp\/v2\/product"}],"about":[{"href":"https:\/\/theo.niranbio.com\/fr\/wp-json\/wp\/v2\/types\/product"}],"version-history":[{"count":0,"href":"https:\/\/theo.niranbio.com\/fr\/wp-json\/wp\/v2\/product\/9833\/revisions"}],"wp:featuredmedia":[{"embeddable":true,"href":"https:\/\/theo.niranbio.com\/fr\/wp-json\/wp\/v2\/media\/9839"}],"wp:attachment":[{"href":"https:\/\/theo.niranbio.com\/fr\/wp-json\/wp\/v2\/media?parent=9833"}],"wp:term":[{"taxonomy":"product_brand","embeddable":true,"href":"https:\/\/theo.niranbio.com\/fr\/wp-json\/wp\/v2\/product_brand?post=9833"},{"taxonomy":"product_cat","embeddable":true,"href":"https:\/\/theo.niranbio.com\/fr\/wp-json\/wp\/v2\/product_cat?post=9833"},{"taxonomy":"product_tag","embeddable":true,"href":"https:\/\/theo.niranbio.com\/fr\/wp-json\/wp\/v2\/product_tag?post=9833"}],"curies":[{"name":"wp","href":"https:\/\/api.w.org\/{rel}","templated":true}]}}