{"id":9830,"date":"2024-06-20T11:39:07","date_gmt":"2024-06-20T03:39:07","guid":{"rendered":"https:\/\/theo.niranbio.com\/peptide-de-riz\/"},"modified":"2024-08-13T17:37:48","modified_gmt":"2024-08-13T09:37:48","slug":"peptide-de-riz","status":"publish","type":"product","link":"https:\/\/theo.niranbio.com\/fr\/peptide-de-riz.html","title":{"rendered":"Peptide de riz"},"content":{"rendered":"<h2><span class=\"ez-toc-section\" id=\"Quest-ce_que_le_peptide_de_riz\"><\/span>Qu&rsquo;est-ce que le peptide de riz ?<span class=\"ez-toc-section-end\"><\/span><\/h2>\n<p>Le peptide de riz est un m\u00e9lange de peptides \u00e0 cha\u00eene courte et d&rsquo;acides amin\u00e9s fabriqu\u00e9s \u00e0 partir de prot\u00e9ines de riz par hydrolyse enzymatique. Il s&rsquo;agit d&rsquo;une poudre facilement absorb\u00e9e et hautement soluble de couleur blanche ou jaune p\u00e2le. Il est largement utilis\u00e9 dans les aliments et boissons fonctionnels, les produits de sant\u00e9, les aliments pour nourrissons, les aliments pour personnes \u00e2g\u00e9es et les aliments \u00e0 usage m\u00e9dical sp\u00e9cial en raison de ses multiples activit\u00e9s biologiques telles qu&rsquo;antioxydant, immunomodulateur et anti-fatigue.<\/p>\n<p>Les perspectives de march\u00e9 des peptides de riz sont vastes, gr\u00e2ce \u00e0 la demande croissante des consommateurs pour des aliments sains et fonctionnels. Avec l&rsquo;am\u00e9lioration des processus de production et la r\u00e9duction des co\u00fbts, les peptides de riz ont re\u00e7u de plus en plus d&rsquo;attention et d&rsquo;applications dans le monde entier, et la taille de son march\u00e9 devrait continuer \u00e0 s&rsquo;\u00e9tendre.<\/p>\n<h2><span class=\"ez-toc-section\" id=\"Dosage_recommande\"><\/span><strong><b>Dosage recommand\u00e9 :<\/b><\/strong><span class=\"ez-toc-section-end\"><\/span><\/h2>\n<table>\n<tbody>\n<tr>\n<td><strong>Nom de l&rsquo;aliment<\/strong><\/td>\n<td><strong>Utilisation maximale (g\/kg)<\/strong><\/td>\n<\/tr>\n<tr>\n<td>Boissons fonctionnelles<\/td>\n<td>2-5 g\/kg<\/td>\n<\/tr>\n<tr>\n<td>Boissons pour sportifs<\/td>\n<td>3-8 g\/kg<\/td>\n<\/tr>\n<tr>\n<td>Prot\u00e9ines en poudre<\/td>\n<td>50-100 g\/kg<\/td>\n<\/tr>\n<tr>\n<td>Flocons d&rsquo;avoine pr\u00eats \u00e0 consommer<\/td>\n<td>5-15 g\/kg<\/td>\n<\/tr>\n<tr>\n<td>C\u00e9r\u00e9ales pour petit-d\u00e9jeuner<\/td>\n<td>5-15 g\/kg<\/td>\n<\/tr>\n<tr>\n<td>Boissons \u00e0 base de prot\u00e9ines de lactos\u00e9rum<\/td>\n<td>5-15 g\/kg<\/td>\n<\/tr>\n<tr>\n<td>Yaourt et produits laitiers ferment\u00e9s<\/td>\n<td>5-10 g\/kg<\/td>\n<\/tr>\n<tr>\n<td>Boulangerie<\/td>\n<td>5-10 g\/kg<\/td>\n<\/tr>\n<tr>\n<td>Pain et p\u00e2tisseries<\/td>\n<td>10-20 g\/kg<\/td>\n<\/tr>\n<tr>\n<td>Biscuits et desserts<\/td>\n<td>5-15 g\/kg<\/td>\n<\/tr>\n<tr>\n<td>Chocolat et bonbons<\/td>\n<td>5-10 g\/kg<\/td>\n<\/tr>\n<tr>\n<td>Lait v\u00e9g\u00e9tal<\/td>\n<td>5-10 g\/kg<\/td>\n<\/tr>\n<tr>\n<td>Aliments congel\u00e9s pr\u00eats \u00e0 consommer<\/td>\n<td>5-15 g\/kg<\/td>\n<\/tr>\n<tr>\n<td>Assaisonnements de salades et sauces<\/td>\n<td>5-10 g\/kg<\/td>\n<\/tr>\n<tr>\n<td>Farine et p\u00e2te de riz<\/td>\n<td>10-20 g\/kg<\/td>\n<\/tr>\n<\/tbody>\n<\/table>\n<h2><span class=\"ez-toc-section\" id=\"Le_peptide_de_riz_a_une_large_gamme_dutilisations\"><\/span>Le peptide de riz a une large gamme d&rsquo;utilisations<span class=\"ez-toc-section-end\"><\/span><\/h2>\n<ol>\n<li>Facile \u00e0 absorber : les peptides de riz sont compos\u00e9s de peptides \u00e0 cha\u00eene courte et d&rsquo;acides amin\u00e9s, avec un faible poids mol\u00e9culaire, faciles \u00e0 dig\u00e9rer et \u00e0 absorber par le corps humain, et peuvent \u00eatre utilis\u00e9s plus rapidement que les prot\u00e9ines compl\u00e8tes.<\/li>\n<li>Antioxydant : les peptides de riz pr\u00e9sentent de fortes propri\u00e9t\u00e9s antioxydantes qui peuvent aider \u00e0 \u00e9touffer les radicaux libres, \u00e0 pr\u00e9venir les dommages oxydatifs aux cellules et \u00e0 retarder le vieillissement cellulaire.<\/li>\n<li>Immunomodulateur : il peut am\u00e9liorer la fonction du syst\u00e8me immunitaire et am\u00e9liorer la capacit\u00e9 du corps \u00e0 lutter contre les bact\u00e9ries et les virus.<\/li>\n<li>Anti-fatigue : les peptides de riz peuvent favoriser le m\u00e9tabolisme \u00e9nerg\u00e9tique, r\u00e9duire la fatigue et am\u00e9liorer les performances et l&rsquo;endurance sportives.<\/li>\n<li>Am\u00e9liorer la sant\u00e9 intestinale : ses propri\u00e9t\u00e9s de digestion et d&rsquo;absorption faciles aident \u00e0 am\u00e9liorer la fonction intestinale, \u00e0 favoriser la croissance de bact\u00e9ries b\u00e9n\u00e9fiques et \u00e0 maintenir la sant\u00e9 intestinale.<\/li>\n<li>Soin hydratant de la peau : certains ingr\u00e9dients des peptides de riz peuvent hydrater et r\u00e9parer la barri\u00e8re cutan\u00e9e et conviennent aux cosm\u00e9tiques et aux produits de soin de la peau.<\/li>\n<\/ol>\n<h2><span class=\"ez-toc-section\" id=\"Question_posee_par_lutilisateur\"><\/span>Question pos\u00e9e par l&rsquo;utilisateur :<span class=\"ez-toc-section-end\"><\/span><\/h2>\n<p>Question : Comment les peptides de riz se comparent-ils aux prot\u00e9ines de lactos\u00e9rum ?<\/p>\n<p>R\u00e9ponse : Les peptides de riz et les prot\u00e9ines de lactos\u00e9rum ont chacun leurs propres caract\u00e9ristiques. Les peptides de riz sont des peptides \u00e0 cha\u00eene courte obtenus par prot\u00e9olyse de prot\u00e9ines de riz. Ils sont faciles \u00e0 dig\u00e9rer et \u00e0 absorber, conviennent aux personnes allergiques, aux v\u00e9g\u00e9tariens et \u00e0 celles qui ont besoin d&rsquo;un soutien immunitaire, et sont largement utilis\u00e9s dans les aliments fonctionnels et les produits de sant\u00e9. La prot\u00e9ine de lactos\u00e9rum provient du lait et est riche en acides amin\u00e9s \u00e0 cha\u00eene ramifi\u00e9e. Elle convient particuli\u00e8rement aux athl\u00e8tes et aux amateurs de fitness qui ont besoin de compl\u00e9ter rapidement leurs prot\u00e9ines et de favoriser la r\u00e9paration musculaire. Les peptides de riz ont une bonne compatibilit\u00e9 avec une vari\u00e9t\u00e9 de personnes, tandis que la prot\u00e9ine de lactos\u00e9rum est efficace dans la nutrition sportive et la croissance musculaire.<\/p>\n","protected":false},"excerpt":{"rendered":"<ul>\n<li>Certifications : KOSHER, ISO, HALAL, FSSC 22000, BRC, etc.<\/li>\n<li>Quantit\u00e9 minimum de commande : 1000 kg<\/li>\n<li>Dur\u00e9e de conservation : 2 ans<\/li>\n<\/ul>\n","protected":false},"featured_media":9832,"template":"","meta":{"site-sidebar-layout":"default","site-content-layout":"","ast-site-content-layout":"default","site-content-style":"default","site-sidebar-style":"default","ast-global-header-display":"","ast-banner-title-visibility":"","ast-main-header-display":"","ast-hfb-above-header-display":"","ast-hfb-below-header-display":"","ast-hfb-mobile-header-display":"","site-post-title":"","ast-breadcrumbs-content":"","ast-featured-img":"","footer-sml-layout":"","theme-transparent-header-meta":"default","adv-header-id-meta":"","stick-header-meta":"","header-above-stick-meta":"","header-main-stick-meta":"","header-below-stick-meta":"","astra-migrate-meta-layouts":"set","ast-page-background-enabled":"default","ast-page-background-meta":{"desktop":{"background-color":"var(--ast-global-color-4)","background-image":"","background-repeat":"repeat","background-position":"center center","background-size":"auto","background-attachment":"scroll","background-type":"","background-media":"","overlay-type":"","overlay-color":"","overlay-opacity":"","overlay-gradient":""},"tablet":{"background-color":"","background-image":"","background-repeat":"repeat","background-position":"center center","background-size":"auto","background-attachment":"scroll","background-type":"","background-media":"","overlay-type":"","overlay-color":"","overlay-opacity":"","overlay-gradient":""},"mobile":{"background-color":"","background-image":"","background-repeat":"repeat","background-position":"center center","background-size":"auto","background-attachment":"scroll","background-type":"","background-media":"","overlay-type":"","overlay-color":"","overlay-opacity":"","overlay-gradient":""}},"ast-content-background-meta":{"desktop":{"background-color":"var(--ast-global-color-5)","background-image":"","background-repeat":"repeat","background-position":"center center","background-size":"auto","background-attachment":"scroll","background-type":"","background-media":"","overlay-type":"","overlay-color":"","overlay-opacity":"","overlay-gradient":""},"tablet":{"background-color":"var(--ast-global-color-5)","background-image":"","background-repeat":"repeat","background-position":"center center","background-size":"auto","background-attachment":"scroll","background-type":"","background-media":"","overlay-type":"","overlay-color":"","overlay-opacity":"","overlay-gradient":""},"mobile":{"background-color":"var(--ast-global-color-5)","background-image":"","background-repeat":"repeat","background-position":"center center","background-size":"auto","background-attachment":"scroll","background-type":"","background-media":"","overlay-type":"","overlay-color":"","overlay-opacity":"","overlay-gradient":""}}},"product_brand":[],"product_cat":[110],"product_tag":[],"class_list":{"0":"post-9830","1":"product","2":"type-product","3":"status-publish","4":"has-post-thumbnail","6":"product_cat-produit-proteique","7":"desktop-align-center","8":"tablet-align-left","9":"mobile-align-left","11":"first","12":"instock","13":"shipping-taxable","14":"product-type-simple"},"yoast_head":"<!-- This site is optimized with the Yoast SEO plugin v26.5 - https:\/\/yoast.com\/wordpress\/plugins\/seo\/ -->\n<title>Achetez de la poudre de peptide de riz en vrac, fournisseur de peptide de riz | Niranbio Chemical<\/title>\n<meta name=\"description\" content=\"Notre peptide de riz est une poudre facilement absorb\u00e9e et hautement soluble de couleur blanche ou jaune p\u00e2le, largement utilis\u00e9e dans les aliments et boissons fonctionnels.\" \/>\n<meta name=\"robots\" content=\"noindex, follow, max-snippet:-1, max-image-preview:large, max-video-preview:-1\" \/>\n<meta name=\"twitter:label1\" content=\"Dur\u00e9e de lecture estim\u00e9e\" \/>\n\t<meta name=\"twitter:data1\" content=\"3 minutes\" \/>\n<script type=\"application\/ld+json\" class=\"yoast-schema-graph\">{\"@context\":\"https:\/\/schema.org\",\"@graph\":[{\"@type\":\"WebPage\",\"@id\":\"https:\/\/theo.niranbio.com\/fr\/peptide-de-riz.html\",\"url\":\"https:\/\/theo.niranbio.com\/fr\/peptide-de-riz.html\",\"name\":\"Achetez de la poudre de peptide de riz en vrac, fournisseur de peptide de riz | Niranbio Chemical\",\"isPartOf\":{\"@id\":\"https:\/\/theo.niranbio.com\/fr\/#website\"},\"primaryImageOfPage\":{\"@id\":\"https:\/\/theo.niranbio.com\/fr\/peptide-de-riz.html#primaryimage\"},\"image\":{\"@id\":\"https:\/\/theo.niranbio.com\/fr\/peptide-de-riz.html#primaryimage\"},\"thumbnailUrl\":\"https:\/\/theo.niranbio.com\/wp-content\/uploads\/2024\/06\/Rice-Peptide.webp\",\"datePublished\":\"2024-06-20T03:39:07+00:00\",\"dateModified\":\"2024-08-13T09:37:48+00:00\",\"description\":\"Notre peptide de riz est une poudre facilement absorb\u00e9e et hautement soluble de couleur blanche ou jaune p\u00e2le, largement utilis\u00e9e dans les aliments et boissons fonctionnels.\",\"breadcrumb\":{\"@id\":\"https:\/\/theo.niranbio.com\/fr\/peptide-de-riz.html#breadcrumb\"},\"inLanguage\":\"fr-FR\",\"potentialAction\":[{\"@type\":\"ReadAction\",\"target\":[\"https:\/\/theo.niranbio.com\/fr\/peptide-de-riz.html\"]}]},{\"@type\":\"ImageObject\",\"inLanguage\":\"fr-FR\",\"@id\":\"https:\/\/theo.niranbio.com\/fr\/peptide-de-riz.html#primaryimage\",\"url\":\"https:\/\/theo.niranbio.com\/wp-content\/uploads\/2024\/06\/Rice-Peptide.webp\",\"contentUrl\":\"https:\/\/theo.niranbio.com\/wp-content\/uploads\/2024\/06\/Rice-Peptide.webp\",\"width\":600,\"height\":600,\"caption\":\"Peptide de riz\"},{\"@type\":\"BreadcrumbList\",\"@id\":\"https:\/\/theo.niranbio.com\/fr\/peptide-de-riz.html#breadcrumb\",\"itemListElement\":[{\"@type\":\"ListItem\",\"position\":1,\"name\":\"Home\",\"item\":\"https:\/\/theo.niranbio.com\/fr\/\"},{\"@type\":\"ListItem\",\"position\":2,\"name\":\"Produits\",\"item\":\"https:\/\/theo.niranbio.com\/fr\/produits.html\"},{\"@type\":\"ListItem\",\"position\":3,\"name\":\"Prot\u00e9ique\",\"item\":\"https:\/\/theo.niranbio.com\/fr\/produit-proteique\/\"},{\"@type\":\"ListItem\",\"position\":4,\"name\":\"Peptide de riz\"}]},{\"@type\":\"WebSite\",\"@id\":\"https:\/\/theo.niranbio.com\/fr\/#website\",\"url\":\"https:\/\/theo.niranbio.com\/fr\/\",\"name\":\"Niranbio Chemical\",\"description\":\"\",\"publisher\":{\"@id\":\"https:\/\/theo.niranbio.com\/fr\/#organization\"},\"potentialAction\":[{\"@type\":\"SearchAction\",\"target\":{\"@type\":\"EntryPoint\",\"urlTemplate\":\"https:\/\/theo.niranbio.com\/fr\/?s={search_term_string}\"},\"query-input\":{\"@type\":\"PropertyValueSpecification\",\"valueRequired\":true,\"valueName\":\"search_term_string\"}}],\"inLanguage\":\"fr-FR\"},{\"@type\":\"Organization\",\"@id\":\"https:\/\/theo.niranbio.com\/fr\/#organization\",\"name\":\"Niranbio Chemical\",\"url\":\"https:\/\/theo.niranbio.com\/fr\/\",\"logo\":{\"@type\":\"ImageObject\",\"inLanguage\":\"fr-FR\",\"@id\":\"https:\/\/theo.niranbio.com\/fr\/#\/schema\/logo\/image\/\",\"url\":\"https:\/\/theo.niranbio.com\/wp-content\/uploads\/2024\/06\/Niranbio.png\",\"contentUrl\":\"https:\/\/theo.niranbio.com\/wp-content\/uploads\/2024\/06\/Niranbio.png\",\"width\":270,\"height\":100,\"caption\":\"Niranbio Chemical\"},\"image\":{\"@id\":\"https:\/\/theo.niranbio.com\/fr\/#\/schema\/logo\/image\/\"}}]}<\/script>\n<!-- \/ Yoast SEO plugin. -->","yoast_head_json":{"title":"Achetez de la poudre de peptide de riz en vrac, fournisseur de peptide de riz | Niranbio Chemical","description":"Notre peptide de riz est une poudre facilement absorb\u00e9e et hautement soluble de couleur blanche ou jaune p\u00e2le, largement utilis\u00e9e dans les aliments et boissons fonctionnels.","robots":{"index":"noindex","follow":"follow","max-snippet":"max-snippet:-1","max-image-preview":"max-image-preview:large","max-video-preview":"max-video-preview:-1"},"twitter_misc":{"Dur\u00e9e de lecture estim\u00e9e":"3 minutes"},"schema":{"@context":"https:\/\/schema.org","@graph":[{"@type":"WebPage","@id":"https:\/\/theo.niranbio.com\/fr\/peptide-de-riz.html","url":"https:\/\/theo.niranbio.com\/fr\/peptide-de-riz.html","name":"Achetez de la poudre de peptide de riz en vrac, fournisseur de peptide de riz | Niranbio Chemical","isPartOf":{"@id":"https:\/\/theo.niranbio.com\/fr\/#website"},"primaryImageOfPage":{"@id":"https:\/\/theo.niranbio.com\/fr\/peptide-de-riz.html#primaryimage"},"image":{"@id":"https:\/\/theo.niranbio.com\/fr\/peptide-de-riz.html#primaryimage"},"thumbnailUrl":"https:\/\/theo.niranbio.com\/wp-content\/uploads\/2024\/06\/Rice-Peptide.webp","datePublished":"2024-06-20T03:39:07+00:00","dateModified":"2024-08-13T09:37:48+00:00","description":"Notre peptide de riz est une poudre facilement absorb\u00e9e et hautement soluble de couleur blanche ou jaune p\u00e2le, largement utilis\u00e9e dans les aliments et boissons fonctionnels.","breadcrumb":{"@id":"https:\/\/theo.niranbio.com\/fr\/peptide-de-riz.html#breadcrumb"},"inLanguage":"fr-FR","potentialAction":[{"@type":"ReadAction","target":["https:\/\/theo.niranbio.com\/fr\/peptide-de-riz.html"]}]},{"@type":"ImageObject","inLanguage":"fr-FR","@id":"https:\/\/theo.niranbio.com\/fr\/peptide-de-riz.html#primaryimage","url":"https:\/\/theo.niranbio.com\/wp-content\/uploads\/2024\/06\/Rice-Peptide.webp","contentUrl":"https:\/\/theo.niranbio.com\/wp-content\/uploads\/2024\/06\/Rice-Peptide.webp","width":600,"height":600,"caption":"Peptide de riz"},{"@type":"BreadcrumbList","@id":"https:\/\/theo.niranbio.com\/fr\/peptide-de-riz.html#breadcrumb","itemListElement":[{"@type":"ListItem","position":1,"name":"Home","item":"https:\/\/theo.niranbio.com\/fr\/"},{"@type":"ListItem","position":2,"name":"Produits","item":"https:\/\/theo.niranbio.com\/fr\/produits.html"},{"@type":"ListItem","position":3,"name":"Prot\u00e9ique","item":"https:\/\/theo.niranbio.com\/fr\/produit-proteique\/"},{"@type":"ListItem","position":4,"name":"Peptide de riz"}]},{"@type":"WebSite","@id":"https:\/\/theo.niranbio.com\/fr\/#website","url":"https:\/\/theo.niranbio.com\/fr\/","name":"Niranbio Chemical","description":"","publisher":{"@id":"https:\/\/theo.niranbio.com\/fr\/#organization"},"potentialAction":[{"@type":"SearchAction","target":{"@type":"EntryPoint","urlTemplate":"https:\/\/theo.niranbio.com\/fr\/?s={search_term_string}"},"query-input":{"@type":"PropertyValueSpecification","valueRequired":true,"valueName":"search_term_string"}}],"inLanguage":"fr-FR"},{"@type":"Organization","@id":"https:\/\/theo.niranbio.com\/fr\/#organization","name":"Niranbio Chemical","url":"https:\/\/theo.niranbio.com\/fr\/","logo":{"@type":"ImageObject","inLanguage":"fr-FR","@id":"https:\/\/theo.niranbio.com\/fr\/#\/schema\/logo\/image\/","url":"https:\/\/theo.niranbio.com\/wp-content\/uploads\/2024\/06\/Niranbio.png","contentUrl":"https:\/\/theo.niranbio.com\/wp-content\/uploads\/2024\/06\/Niranbio.png","width":270,"height":100,"caption":"Niranbio Chemical"},"image":{"@id":"https:\/\/theo.niranbio.com\/fr\/#\/schema\/logo\/image\/"}}]}},"_links":{"self":[{"href":"https:\/\/theo.niranbio.com\/fr\/wp-json\/wp\/v2\/product\/9830","targetHints":{"allow":["GET"]}}],"collection":[{"href":"https:\/\/theo.niranbio.com\/fr\/wp-json\/wp\/v2\/product"}],"about":[{"href":"https:\/\/theo.niranbio.com\/fr\/wp-json\/wp\/v2\/types\/product"}],"version-history":[{"count":0,"href":"https:\/\/theo.niranbio.com\/fr\/wp-json\/wp\/v2\/product\/9830\/revisions"}],"wp:featuredmedia":[{"embeddable":true,"href":"https:\/\/theo.niranbio.com\/fr\/wp-json\/wp\/v2\/media\/9832"}],"wp:attachment":[{"href":"https:\/\/theo.niranbio.com\/fr\/wp-json\/wp\/v2\/media?parent=9830"}],"wp:term":[{"taxonomy":"product_brand","embeddable":true,"href":"https:\/\/theo.niranbio.com\/fr\/wp-json\/wp\/v2\/product_brand?post=9830"},{"taxonomy":"product_cat","embeddable":true,"href":"https:\/\/theo.niranbio.com\/fr\/wp-json\/wp\/v2\/product_cat?post=9830"},{"taxonomy":"product_tag","embeddable":true,"href":"https:\/\/theo.niranbio.com\/fr\/wp-json\/wp\/v2\/product_tag?post=9830"}],"curies":[{"name":"wp","href":"https:\/\/api.w.org\/{rel}","templated":true}]}}