{"id":9810,"date":"2024-06-20T11:49:14","date_gmt":"2024-06-20T03:49:14","guid":{"rendered":"https:\/\/theo.niranbio.com\/polypropylene-glycol-ppg\/"},"modified":"2024-08-19T14:00:53","modified_gmt":"2024-08-19T06:00:53","slug":"polypropylene-glycol-ppg","status":"publish","type":"product","link":"https:\/\/theo.niranbio.com\/fr\/polypropylene-glycol-ppg.html","title":{"rendered":"Polypropyl\u00e8ne glycol (PPG)"},"content":{"rendered":"<h2><span class=\"ez-toc-section\" id=\"Quest-ce_que_le_polypropylene_glycol\"><\/span>Qu&rsquo;est-ce que le polypropyl\u00e8ne glycol ?<span class=\"ez-toc-section-end\"><\/span><\/h2>\n<p>Le polypropyl\u00e8ne glycol est un polym\u00e8re organique qui se pr\u00e9sente sous la forme d&rsquo;un liquide blanc ou transparent et qui n&rsquo;est pas volatil. Dans l&rsquo;industrie alimentaire, il est fr\u00e9quemment utilis\u00e9 comme solvant, \u00e9mulsifiant et stabilisant car il n&rsquo;est pas corrosif. Il peut am\u00e9liorer efficacement la texture et la stabilit\u00e9 des aliments, emp\u00eacher la s\u00e9paration des ingr\u00e9dients et fournir des performances de m\u00e9lange et de manipulation uniformes pendant le traitement. De plus, le PPG est \u00e9galement utilis\u00e9 comme lubrifiant et hydratant dans les m\u00e9dicaments et les cosm\u00e9tiques pour am\u00e9liorer les performances et la stabilit\u00e9 des produits. Les processus de pr\u00e9paration du polypropyl\u00e8ne glycol en Chine sont principalement les suivants :<\/p>\n<ol>\n<li>M\u00e9thode de r\u00e9action de polym\u00e9risation : Il s&rsquo;agit du processus le plus courant. L&rsquo;oxyde de propyl\u00e8ne est polym\u00e9ris\u00e9 sous l&rsquo;action d&rsquo;un catalyseur pour g\u00e9n\u00e9rer du PPG avec diff\u00e9rents poids mol\u00e9culaires. Cette m\u00e9thode permet de contr\u00f4ler efficacement les conditions de r\u00e9action et de produire du PPG de qualit\u00e9 alimentaire de haute puret\u00e9.<\/li>\n<li>M\u00e9thode d&rsquo;hydrog\u00e9nation : elle est principalement utilis\u00e9e pour ajuster les propri\u00e9t\u00e9s et la stabilit\u00e9 du PPG et g\u00e9n\u00e9rer de l&rsquo;alcool de polypropyl\u00e8ne par hydrog\u00e9nation de l&rsquo;oxyde de propyl\u00e8ne. Cette m\u00e9thode permet d&rsquo;ajuster le poids mol\u00e9culaire et les performances pendant le processus de production et n\u00e9cessite un traitement de raffinage pour garantir la qualit\u00e9 alimentaire du produit.<\/li>\n<\/ol>\n<h2><span class=\"ez-toc-section\" id=\"Parametres_associes\"><\/span>Param\u00e8tres associ\u00e9s :<span class=\"ez-toc-section-end\"><\/span><\/h2>\n<table>\n<tbody>\n<tr>\n<td>Sp\u00e9cifications<\/td>\n<td>Aspect (25\u00b0C)<\/td>\n<td>Couleur et \u00e9clat Pt-Co<\/td>\n<td>Indice d&rsquo;hydroxyle mgKOH\/g<\/td>\n<td>Poids mol\u00e9culaire<\/td>\n<td>Indice d&rsquo;acidit\u00e9 mgKOH\/g<\/td>\n<td>Eau (%)<\/td>\n<td>PH(solution aqueuse \u00e0 1%)<\/td>\n<\/tr>\n<tr>\n<td>PPG-200<\/td>\n<td>Liquide visqueux huileux transparent incolore<\/td>\n<td>\u226420<\/td>\n<td>510~623<\/td>\n<td>180~220<\/td>\n<td>\u22640.5<\/td>\n<td>\u22640.5<\/td>\n<td>5.0~7.0<\/td>\n<\/tr>\n<tr>\n<td>PPG-400<\/td>\n<td>Liquide visqueux huileux transparent incolore<\/td>\n<td>\u226420<\/td>\n<td>255~312<\/td>\n<td>360~440<\/td>\n<td>\u22640.5<\/td>\n<td>\u22640.5<\/td>\n<td>5.0~7.0<\/td>\n<\/tr>\n<tr>\n<td>PPG-600<\/td>\n<td>Liquide visqueux huileux transparent incolore<\/td>\n<td>\u226420<\/td>\n<td>170~208<\/td>\n<td>540~660<\/td>\n<td>\u22640.5<\/td>\n<td>\u22640.5<\/td>\n<td>5.0~7.0<\/td>\n<\/tr>\n<tr>\n<td>PPG-1000<\/td>\n<td>Liquide visqueux huileux transparent incolore<\/td>\n<td>\u226420<\/td>\n<td>102~125<\/td>\n<td>900~1100<\/td>\n<td>\u22640.5<\/td>\n<td>\u22640.5<\/td>\n<td>5.0~7.0<\/td>\n<\/tr>\n<tr>\n<td>PPG-1500<\/td>\n<td>Liquide visqueux huileux transparent incolore<\/td>\n<td>\u226420<\/td>\n<td>68~83<\/td>\n<td>1350~1650<\/td>\n<td>\u22640.5<\/td>\n<td>\u22640.5<\/td>\n<td>5.0~7.0<\/td>\n<\/tr>\n<tr>\n<td>PPG-2000<\/td>\n<td>Liquide visqueux huileux transparent incolore<\/td>\n<td>\u226420<\/td>\n<td>51~62<\/td>\n<td>1800~2200<\/td>\n<td>\u22640.5<\/td>\n<td>\u22640.5<\/td>\n<td>5.0~7.0<\/td>\n<\/tr>\n<tr>\n<td>PPG-3000<\/td>\n<td>Liquide visqueux huileux transparent incolore<\/td>\n<td>\u226420<\/td>\n<td>34~42<\/td>\n<td>2700~3300<\/td>\n<td>\u22640.5<\/td>\n<td>\u22640.5<\/td>\n<td>5.0~7.0<\/td>\n<\/tr>\n<tr>\n<td>PPG-4000<\/td>\n<td>Liquide visqueux huileux transparent incolore<\/td>\n<td>\u226420<\/td>\n<td>26~30<\/td>\n<td>3700~4300<\/td>\n<td>\u22640.5<\/td>\n<td>\u22640.5<\/td>\n<td>5.0~7.0<\/td>\n<\/tr>\n<tr>\n<td>PPG-6000<\/td>\n<td>Liquide visqueux huileux transparent incolore<\/td>\n<td>\u226420<\/td>\n<td>17~20.7<\/td>\n<td>5400~6600<\/td>\n<td>\u22640.5<\/td>\n<td>\u22640.5<\/td>\n<td>5.0~7.0<\/td>\n<\/tr>\n<tr>\n<td>PPG-8000<\/td>\n<td>Liquide visqueux huileux transparent incolore<\/td>\n<td>\u226420<\/td>\n<td>12.7~15<\/td>\n<td>7200~8800<\/td>\n<td>\u22640.5<\/td>\n<td>\u22640.5<\/td>\n<td>5.0~7.0<\/td>\n<\/tr>\n<\/tbody>\n<\/table>\n<h2><span class=\"ez-toc-section\" id=\"Dosage_recommande\"><\/span><strong><b>Dosage recommand\u00e9 :<\/b><\/strong><span class=\"ez-toc-section-end\"><\/span><\/h2>\n<table>\n<tbody>\n<tr>\n<td><strong>Nom de l&rsquo;aliment<\/strong><\/td>\n<td><strong>Utilisation maximale (g\/kg)<\/strong><\/td>\n<\/tr>\n<tr>\n<td>Bonbons<\/td>\n<td>0,5-1,0 g\/kg<\/td>\n<\/tr>\n<tr>\n<td>Chocolat<\/td>\n<td>0,5-1,0 g\/kg<\/td>\n<\/tr>\n<tr>\n<td>Cr\u00e8me glac\u00e9e<\/td>\n<td>0,5-1,0 g\/kg<\/td>\n<\/tr>\n<tr>\n<td>Condiments<\/td>\n<td>0,5-1,0 g\/kg<\/td>\n<\/tr>\n<tr>\n<td>Sauce salade<\/td>\n<td>0,5-1,0 g\/kg<\/td>\n<\/tr>\n<tr>\n<td>Barres prot\u00e9in\u00e9es<\/td>\n<td>0,5-1,0 g\/kg<\/td>\n<\/tr>\n<tr>\n<td>Fromage<\/td>\n<td>0,5-1,0 g\/kg<\/td>\n<\/tr>\n<tr>\n<td>Pudding<\/td>\n<td>0,5-1,0 g\/kg<\/td>\n<\/tr>\n<tr>\n<td>Gel\u00e9e<\/td>\n<td>0,5-1,0 g\/kg<\/td>\n<\/tr>\n<tr>\n<td>Cr\u00e8me \u00e0 caf\u00e9<\/td>\n<td>0,5-1,0 g\/kg<\/td>\n<\/tr>\n<tr>\n<td>Sauces<\/td>\n<td>0,5-1,0 g\/kg<\/td>\n<\/tr>\n<tr>\n<td>Aliments conserv\u00e9s<\/td>\n<td>0,5-1,0 g\/kg<\/td>\n<\/tr>\n<tr>\n<td>Boissons aux fruits<\/td>\n<td>0,5-1,0 g\/kg<\/td>\n<\/tr>\n<tr>\n<td>Boissons \u00e9nerg\u00e9tiques<\/td>\n<td>0,5-1,0 g\/kg<\/td>\n<\/tr>\n<tr>\n<td>Bi\u00e8re<\/td>\n<td>0,1-0,5 g\/kg<\/td>\n<\/tr>\n<\/tbody>\n<\/table>\n<h2><span class=\"ez-toc-section\" id=\"Le_polypropylene_glycol_a_une_large_gamme_dutilisations\"><\/span>Le polypropyl\u00e8ne glycol a une large gamme d&rsquo;utilisations<span class=\"ez-toc-section-end\"><\/span><\/h2>\n<ol>\n<li>\u00c9mulsifiant et stabilisateur : le PPG en tant qu&rsquo;\u00e9mulsifiant et stabilisateur peut aider l&rsquo;huile et l&rsquo;eau \u00e0 se m\u00e9langer uniform\u00e9ment pour former une \u00e9mulsion stable. Ceci est tr\u00e8s important dans de nombreux aliments, tels que les condiments et les produits laitiers, o\u00f9 le PPG peut emp\u00eacher la s\u00e9paration des ingr\u00e9dients et maintenir l&rsquo;uniformit\u00e9 et la consistance des aliments.<\/li>\n<li>Am\u00e9liorer la texture : le PPG peut am\u00e9liorer la texture et le go\u00fbt des aliments. Dans des produits tels que les bonbons, le chocolat et la cr\u00e8me glac\u00e9e, le PPG contribue \u00e0 fournir une texture plus lisse, rendant le produit plus doux et plus facile \u00e0 manipuler.<\/li>\n<li>Prolongez la dur\u00e9e de conservation : le PPG a une bonne stabilit\u00e9 et peut r\u00e9duire l&rsquo;\u00e9vaporation et l&rsquo;oxydation de l&rsquo;eau dans les aliments, prolongeant ainsi la dur\u00e9e de conservation des aliments. Cela emp\u00eache les aliments de se g\u00e2ter et pr\u00e9serve leur fra\u00eecheur et leur qualit\u00e9.<\/li>\n<li>Lubrifiant : dans la transformation des aliments, le PPG en tant que lubrifiant peut r\u00e9duire l&rsquo;adh\u00e9rence des ingr\u00e9dients et am\u00e9liorer l&rsquo;op\u00e9rabilit\u00e9 et la propret\u00e9 des \u00e9quipements de production. Cela augmente l&rsquo;efficacit\u00e9 du processus de production et r\u00e9duit les co\u00fbts de maintenance des \u00e9quipements.<\/li>\n<\/ol>\n<h2><span class=\"ez-toc-section\" id=\"Question_posee_par_lutilisateur\"><\/span>Question pos\u00e9e par l&rsquo;utilisateur :<span class=\"ez-toc-section-end\"><\/span><\/h2>\n<p>Question : Quelle est la diff\u00e9rence entre le polypropyl\u00e8ne glycol et le monost\u00e9arate de glyc\u00e9ryle ?<\/p>\n<p>R\u00e9ponse : Le polypropyl\u00e8ne glycol (PPG) et le monost\u00e9arate de glyc\u00e9ryle (GMS) sont deux additifs alimentaires aux fonctions diff\u00e9rentes. Le PPG est un liquide visqueux, principalement utilis\u00e9 comme \u00e9mulsifiant, stabilisant et lubrifiant, et est largement utilis\u00e9 dans les aliments tels que les bonbons, le chocolat, la cr\u00e8me glac\u00e9e, etc. pour am\u00e9liorer la texture et prolonger la dur\u00e9e de conservation. Le GMS est un \u00e9mulsifiant solide ou semi-solide, principalement utilis\u00e9 dans les produits de boulangerie, les produits laitiers et la cr\u00e8me glac\u00e9e, pour aider \u00e0 former une \u00e9mulsion stable et am\u00e9liorer la texture des aliments. Le PPG est g\u00e9n\u00e9ralement ajout\u00e9 sous forme liquide et peut \u00eatre dissous dans l\u2019eau et les solvants organiques, tandis que le GMS existe sous forme solide et doit \u00eatre dissous et \u00e9mulsifi\u00e9 pendant le traitement.<\/p>\n","protected":false},"excerpt":{"rendered":"<ul>\n<li>CAS: 25322-69-4<\/li>\n<li>Formule chimique: H(C<sub>3<\/sub>H<sub>6<\/sub>O)NOH<\/li>\n<li>Certifications : KOSHER, ISO, HALAL, FSSC 22000, BRC, etc.<\/li>\n<li>Quantit\u00e9 minimum de commande : 1000 kg<\/li>\n<li>Dur\u00e9e de conservation : 2 ans<\/li>\n<\/ul>\n","protected":false},"featured_media":14017,"template":"","meta":{"site-sidebar-layout":"default","site-content-layout":"","ast-site-content-layout":"default","site-content-style":"default","site-sidebar-style":"default","ast-global-header-display":"","ast-banner-title-visibility":"","ast-main-header-display":"","ast-hfb-above-header-display":"","ast-hfb-below-header-display":"","ast-hfb-mobile-header-display":"","site-post-title":"","ast-breadcrumbs-content":"","ast-featured-img":"","footer-sml-layout":"","theme-transparent-header-meta":"default","adv-header-id-meta":"","stick-header-meta":"","header-above-stick-meta":"","header-main-stick-meta":"","header-below-stick-meta":"","astra-migrate-meta-layouts":"set","ast-page-background-enabled":"default","ast-page-background-meta":{"desktop":{"background-color":"var(--ast-global-color-4)","background-image":"","background-repeat":"repeat","background-position":"center center","background-size":"auto","background-attachment":"scroll","background-type":"","background-media":"","overlay-type":"","overlay-color":"","overlay-opacity":"","overlay-gradient":""},"tablet":{"background-color":"","background-image":"","background-repeat":"repeat","background-position":"center center","background-size":"auto","background-attachment":"scroll","background-type":"","background-media":"","overlay-type":"","overlay-color":"","overlay-opacity":"","overlay-gradient":""},"mobile":{"background-color":"","background-image":"","background-repeat":"repeat","background-position":"center center","background-size":"auto","background-attachment":"scroll","background-type":"","background-media":"","overlay-type":"","overlay-color":"","overlay-opacity":"","overlay-gradient":""}},"ast-content-background-meta":{"desktop":{"background-color":"var(--ast-global-color-5)","background-image":"","background-repeat":"repeat","background-position":"center center","background-size":"auto","background-attachment":"scroll","background-type":"","background-media":"","overlay-type":"","overlay-color":"","overlay-opacity":"","overlay-gradient":""},"tablet":{"background-color":"var(--ast-global-color-5)","background-image":"","background-repeat":"repeat","background-position":"center center","background-size":"auto","background-attachment":"scroll","background-type":"","background-media":"","overlay-type":"","overlay-color":"","overlay-opacity":"","overlay-gradient":""},"mobile":{"background-color":"var(--ast-global-color-5)","background-image":"","background-repeat":"repeat","background-position":"center center","background-size":"auto","background-attachment":"scroll","background-type":"","background-media":"","overlay-type":"","overlay-color":"","overlay-opacity":"","overlay-gradient":""}}},"product_brand":[],"product_cat":[104],"product_tag":[],"class_list":{"0":"post-9810","1":"product","2":"type-product","3":"status-publish","4":"has-post-thumbnail","6":"product_cat-produit-emulsifiant","7":"desktop-align-center","8":"tablet-align-left","9":"mobile-align-left","11":"first","12":"instock","13":"shipping-taxable","14":"product-type-simple"},"yoast_head":"<!-- This site is optimized with the Yoast SEO plugin v26.5 - https:\/\/yoast.com\/wordpress\/plugins\/seo\/ -->\n<title>Fournisseur de polypropyl\u00e8ne glycol, distributeur en gros de PPG | Niranbio Chemical<\/title>\n<meta name=\"description\" content=\"Notre polyol poly\u00e9ther (E1520) est un liquide blanc ou transparent, il est fr\u00e9quemment utilis\u00e9 comme solvant, \u00e9mulsifiant et stabilisant.\" \/>\n<meta name=\"robots\" content=\"noindex, follow, max-snippet:-1, max-image-preview:large, max-video-preview:-1\" \/>\n<meta name=\"twitter:label1\" content=\"Dur\u00e9e de lecture estim\u00e9e\" \/>\n\t<meta name=\"twitter:data1\" content=\"4 minutes\" \/>\n<script type=\"application\/ld+json\" class=\"yoast-schema-graph\">{\"@context\":\"https:\/\/schema.org\",\"@graph\":[{\"@type\":\"WebPage\",\"@id\":\"https:\/\/theo.niranbio.com\/fr\/polypropylene-glycol-ppg.html\",\"url\":\"https:\/\/theo.niranbio.com\/fr\/polypropylene-glycol-ppg.html\",\"name\":\"Fournisseur de polypropyl\u00e8ne glycol, distributeur en gros de PPG | Niranbio Chemical\",\"isPartOf\":{\"@id\":\"https:\/\/theo.niranbio.com\/fr\/#website\"},\"primaryImageOfPage\":{\"@id\":\"https:\/\/theo.niranbio.com\/fr\/polypropylene-glycol-ppg.html#primaryimage\"},\"image\":{\"@id\":\"https:\/\/theo.niranbio.com\/fr\/polypropylene-glycol-ppg.html#primaryimage\"},\"thumbnailUrl\":\"https:\/\/theo.niranbio.com\/wp-content\/uploads\/2024\/06\/Polypropylene-Glycol-PPG.jpg\",\"datePublished\":\"2024-06-20T03:49:14+00:00\",\"dateModified\":\"2024-08-19T06:00:53+00:00\",\"description\":\"Notre polyol poly\u00e9ther (E1520) est un liquide blanc ou transparent, il est fr\u00e9quemment utilis\u00e9 comme solvant, \u00e9mulsifiant et stabilisant.\",\"breadcrumb\":{\"@id\":\"https:\/\/theo.niranbio.com\/fr\/polypropylene-glycol-ppg.html#breadcrumb\"},\"inLanguage\":\"fr-FR\",\"potentialAction\":[{\"@type\":\"ReadAction\",\"target\":[\"https:\/\/theo.niranbio.com\/fr\/polypropylene-glycol-ppg.html\"]}]},{\"@type\":\"ImageObject\",\"inLanguage\":\"fr-FR\",\"@id\":\"https:\/\/theo.niranbio.com\/fr\/polypropylene-glycol-ppg.html#primaryimage\",\"url\":\"https:\/\/theo.niranbio.com\/wp-content\/uploads\/2024\/06\/Polypropylene-Glycol-PPG.jpg\",\"contentUrl\":\"https:\/\/theo.niranbio.com\/wp-content\/uploads\/2024\/06\/Polypropylene-Glycol-PPG.jpg\",\"width\":600,\"height\":600},{\"@type\":\"BreadcrumbList\",\"@id\":\"https:\/\/theo.niranbio.com\/fr\/polypropylene-glycol-ppg.html#breadcrumb\",\"itemListElement\":[{\"@type\":\"ListItem\",\"position\":1,\"name\":\"Home\",\"item\":\"https:\/\/theo.niranbio.com\/fr\/\"},{\"@type\":\"ListItem\",\"position\":2,\"name\":\"Produits\",\"item\":\"https:\/\/theo.niranbio.com\/fr\/produits.html\"},{\"@type\":\"ListItem\",\"position\":3,\"name\":\"\u00c9mulsifiant\",\"item\":\"https:\/\/theo.niranbio.com\/fr\/produit-emulsifiant\/\"},{\"@type\":\"ListItem\",\"position\":4,\"name\":\"Polypropyl\u00e8ne glycol (PPG)\"}]},{\"@type\":\"WebSite\",\"@id\":\"https:\/\/theo.niranbio.com\/fr\/#website\",\"url\":\"https:\/\/theo.niranbio.com\/fr\/\",\"name\":\"Niranbio Chemical\",\"description\":\"\",\"publisher\":{\"@id\":\"https:\/\/theo.niranbio.com\/fr\/#organization\"},\"potentialAction\":[{\"@type\":\"SearchAction\",\"target\":{\"@type\":\"EntryPoint\",\"urlTemplate\":\"https:\/\/theo.niranbio.com\/fr\/?s={search_term_string}\"},\"query-input\":{\"@type\":\"PropertyValueSpecification\",\"valueRequired\":true,\"valueName\":\"search_term_string\"}}],\"inLanguage\":\"fr-FR\"},{\"@type\":\"Organization\",\"@id\":\"https:\/\/theo.niranbio.com\/fr\/#organization\",\"name\":\"Niranbio Chemical\",\"url\":\"https:\/\/theo.niranbio.com\/fr\/\",\"logo\":{\"@type\":\"ImageObject\",\"inLanguage\":\"fr-FR\",\"@id\":\"https:\/\/theo.niranbio.com\/fr\/#\/schema\/logo\/image\/\",\"url\":\"https:\/\/theo.niranbio.com\/wp-content\/uploads\/2024\/06\/Niranbio.png\",\"contentUrl\":\"https:\/\/theo.niranbio.com\/wp-content\/uploads\/2024\/06\/Niranbio.png\",\"width\":270,\"height\":100,\"caption\":\"Niranbio Chemical\"},\"image\":{\"@id\":\"https:\/\/theo.niranbio.com\/fr\/#\/schema\/logo\/image\/\"}}]}<\/script>\n<!-- \/ Yoast SEO plugin. -->","yoast_head_json":{"title":"Fournisseur de polypropyl\u00e8ne glycol, distributeur en gros de PPG | Niranbio Chemical","description":"Notre polyol poly\u00e9ther (E1520) est un liquide blanc ou transparent, il est fr\u00e9quemment utilis\u00e9 comme solvant, \u00e9mulsifiant et stabilisant.","robots":{"index":"noindex","follow":"follow","max-snippet":"max-snippet:-1","max-image-preview":"max-image-preview:large","max-video-preview":"max-video-preview:-1"},"twitter_misc":{"Dur\u00e9e de lecture estim\u00e9e":"4 minutes"},"schema":{"@context":"https:\/\/schema.org","@graph":[{"@type":"WebPage","@id":"https:\/\/theo.niranbio.com\/fr\/polypropylene-glycol-ppg.html","url":"https:\/\/theo.niranbio.com\/fr\/polypropylene-glycol-ppg.html","name":"Fournisseur de polypropyl\u00e8ne glycol, distributeur en gros de PPG | Niranbio Chemical","isPartOf":{"@id":"https:\/\/theo.niranbio.com\/fr\/#website"},"primaryImageOfPage":{"@id":"https:\/\/theo.niranbio.com\/fr\/polypropylene-glycol-ppg.html#primaryimage"},"image":{"@id":"https:\/\/theo.niranbio.com\/fr\/polypropylene-glycol-ppg.html#primaryimage"},"thumbnailUrl":"https:\/\/theo.niranbio.com\/wp-content\/uploads\/2024\/06\/Polypropylene-Glycol-PPG.jpg","datePublished":"2024-06-20T03:49:14+00:00","dateModified":"2024-08-19T06:00:53+00:00","description":"Notre polyol poly\u00e9ther (E1520) est un liquide blanc ou transparent, il est fr\u00e9quemment utilis\u00e9 comme solvant, \u00e9mulsifiant et stabilisant.","breadcrumb":{"@id":"https:\/\/theo.niranbio.com\/fr\/polypropylene-glycol-ppg.html#breadcrumb"},"inLanguage":"fr-FR","potentialAction":[{"@type":"ReadAction","target":["https:\/\/theo.niranbio.com\/fr\/polypropylene-glycol-ppg.html"]}]},{"@type":"ImageObject","inLanguage":"fr-FR","@id":"https:\/\/theo.niranbio.com\/fr\/polypropylene-glycol-ppg.html#primaryimage","url":"https:\/\/theo.niranbio.com\/wp-content\/uploads\/2024\/06\/Polypropylene-Glycol-PPG.jpg","contentUrl":"https:\/\/theo.niranbio.com\/wp-content\/uploads\/2024\/06\/Polypropylene-Glycol-PPG.jpg","width":600,"height":600},{"@type":"BreadcrumbList","@id":"https:\/\/theo.niranbio.com\/fr\/polypropylene-glycol-ppg.html#breadcrumb","itemListElement":[{"@type":"ListItem","position":1,"name":"Home","item":"https:\/\/theo.niranbio.com\/fr\/"},{"@type":"ListItem","position":2,"name":"Produits","item":"https:\/\/theo.niranbio.com\/fr\/produits.html"},{"@type":"ListItem","position":3,"name":"\u00c9mulsifiant","item":"https:\/\/theo.niranbio.com\/fr\/produit-emulsifiant\/"},{"@type":"ListItem","position":4,"name":"Polypropyl\u00e8ne glycol (PPG)"}]},{"@type":"WebSite","@id":"https:\/\/theo.niranbio.com\/fr\/#website","url":"https:\/\/theo.niranbio.com\/fr\/","name":"Niranbio Chemical","description":"","publisher":{"@id":"https:\/\/theo.niranbio.com\/fr\/#organization"},"potentialAction":[{"@type":"SearchAction","target":{"@type":"EntryPoint","urlTemplate":"https:\/\/theo.niranbio.com\/fr\/?s={search_term_string}"},"query-input":{"@type":"PropertyValueSpecification","valueRequired":true,"valueName":"search_term_string"}}],"inLanguage":"fr-FR"},{"@type":"Organization","@id":"https:\/\/theo.niranbio.com\/fr\/#organization","name":"Niranbio Chemical","url":"https:\/\/theo.niranbio.com\/fr\/","logo":{"@type":"ImageObject","inLanguage":"fr-FR","@id":"https:\/\/theo.niranbio.com\/fr\/#\/schema\/logo\/image\/","url":"https:\/\/theo.niranbio.com\/wp-content\/uploads\/2024\/06\/Niranbio.png","contentUrl":"https:\/\/theo.niranbio.com\/wp-content\/uploads\/2024\/06\/Niranbio.png","width":270,"height":100,"caption":"Niranbio Chemical"},"image":{"@id":"https:\/\/theo.niranbio.com\/fr\/#\/schema\/logo\/image\/"}}]}},"_links":{"self":[{"href":"https:\/\/theo.niranbio.com\/fr\/wp-json\/wp\/v2\/product\/9810","targetHints":{"allow":["GET"]}}],"collection":[{"href":"https:\/\/theo.niranbio.com\/fr\/wp-json\/wp\/v2\/product"}],"about":[{"href":"https:\/\/theo.niranbio.com\/fr\/wp-json\/wp\/v2\/types\/product"}],"version-history":[{"count":0,"href":"https:\/\/theo.niranbio.com\/fr\/wp-json\/wp\/v2\/product\/9810\/revisions"}],"wp:featuredmedia":[{"embeddable":true,"href":"https:\/\/theo.niranbio.com\/fr\/wp-json\/wp\/v2\/media\/14017"}],"wp:attachment":[{"href":"https:\/\/theo.niranbio.com\/fr\/wp-json\/wp\/v2\/media?parent=9810"}],"wp:term":[{"taxonomy":"product_brand","embeddable":true,"href":"https:\/\/theo.niranbio.com\/fr\/wp-json\/wp\/v2\/product_brand?post=9810"},{"taxonomy":"product_cat","embeddable":true,"href":"https:\/\/theo.niranbio.com\/fr\/wp-json\/wp\/v2\/product_cat?post=9810"},{"taxonomy":"product_tag","embeddable":true,"href":"https:\/\/theo.niranbio.com\/fr\/wp-json\/wp\/v2\/product_tag?post=9810"}],"curies":[{"name":"wp","href":"https:\/\/api.w.org\/{rel}","templated":true}]}}