{"id":9808,"date":"2024-06-20T13:14:01","date_gmt":"2024-06-20T05:14:01","guid":{"rendered":"https:\/\/theo.niranbio.com\/alpha-amylase\/"},"modified":"2024-08-19T13:32:00","modified_gmt":"2024-08-19T05:32:00","slug":"alpha-amylase","status":"publish","type":"product","link":"https:\/\/theo.niranbio.com\/fr\/alpha-amylase.html","title":{"rendered":"alpha-amylase"},"content":{"rendered":"<h2><span class=\"ez-toc-section\" id=\"Quest-ce_que_lalpha-amylase\"><\/span>Qu&rsquo;est-ce que l&rsquo;alpha-amylase ?<span class=\"ez-toc-section-end\"><\/span><\/h2>\n<p>L&rsquo;alpha-amylase est un additif alimentaire enzymatique, g\u00e9n\u00e9ralement sous forme de poudre grise ou de liquide. Sa principale propri\u00e9t\u00e9 chimique est qu&rsquo;elle peut hydrolyser les liaisons \u03b1-1,4-glycosidiques dans les mol\u00e9cules d&rsquo;amidon, d\u00e9composer l&rsquo;amidon en segments de cha\u00eene plus courts, am\u00e9liorer la solubilit\u00e9 des aliments et r\u00e9duire la viscosit\u00e9. Elle est principalement utilis\u00e9e dans la transformation des aliments et la production de vin et peut am\u00e9liorer la texture et le go\u00fbt de produits tels que le pain et le vin. L&rsquo;alpha-amylase de qualit\u00e9 alimentaire est s\u00fbre et fiable, r\u00e9pond aux normes de s\u00e9curit\u00e9 alimentaire et constitue un additif fonctionnel indispensable et important dans l&rsquo;industrie alimentaire.<\/p>\n<ol>\n<li>M\u00e9thode de fermentation microbienne : il s&rsquo;agit de la m\u00e9thode de pr\u00e9paration la plus courante et la plus r\u00e9pandue. S\u00e9lectionnez des souches microbiennes appropri\u00e9es pour produire et s\u00e9cr\u00e9ter l&rsquo;\u03b1-amylase tout au long du processus de fermentation. Pendant le processus de fermentation, il est n\u00e9cessaire de contr\u00f4ler la composition, le pH, la temp\u00e9rature et l&rsquo;apport d&rsquo;oxyg\u00e8ne du milieu de culture pour augmenter le rendement et l&rsquo;activit\u00e9 de l&rsquo;enzyme.<\/li>\n<li>M\u00e9thode de l&rsquo;enzyme immobilis\u00e9e : Dans la m\u00e9thode de l&rsquo;enzyme immobilis\u00e9e, l&rsquo;\u03b1-amylase est g\u00e9n\u00e9ralement fix\u00e9e sur un support, comme la fixation de l&rsquo;enzyme sur une r\u00e9sine, un gel ou un autre mat\u00e9riau de support. Cette m\u00e9thode peut augmenter la stabilit\u00e9 et la r\u00e9utilisabilit\u00e9 de l&rsquo;enzyme et convient \u00e0 la production \u00e0 l&rsquo;\u00e9chelle industrielle.<\/li>\n<li>Technologie du g\u00e9nie g\u00e9n\u00e9tique : Gr\u00e2ce \u00e0 la technologie du g\u00e9nie g\u00e9n\u00e9tique, le g\u00e8ne de l&rsquo;\u03b1-amylase est introduit dans des micro-organismes efficaces, et la production et l&rsquo;activit\u00e9 de l&rsquo;enzyme sont augment\u00e9es en modifiant et en r\u00e9gulant l&rsquo;expression g\u00e9nique de l&rsquo;enzyme. Cette m\u00e9thode peut r\u00e9guler avec pr\u00e9cision les caract\u00e9ristiques de l\u2019enzyme et am\u00e9liorer l\u2019efficacit\u00e9 et l\u2019\u00e9conomie de la production.<\/li>\n<li>Synth\u00e8se chimique : Bien que relativement rarement utilis\u00e9e, la synth\u00e8se chimique peut \u00e9galement \u00eatre utilis\u00e9e pour pr\u00e9parer certains types d&rsquo;\u03b1-amylase. Cette m\u00e9thode est g\u00e9n\u00e9ralement r\u00e9alis\u00e9e en laboratoire et implique une synth\u00e8se organique et des conditions de r\u00e9action complexes.<\/li>\n<\/ol>\n<h2><span class=\"ez-toc-section\" id=\"Dosage_recommande\"><\/span><strong><b>Dosage recommand\u00e9 :<\/b><\/strong><span class=\"ez-toc-section-end\"><\/span><\/h2>\n<table>\n<tbody>\n<tr>\n<td><strong>Nom de l&rsquo;aliment<\/strong><\/td>\n<td><strong>Utilisation maximale (g\/kg)<\/strong><\/td>\n<\/tr>\n<tr>\n<td>Pain et p\u00e2te<\/td>\n<td>0,5 &#8211; 2 g\/kg<\/td>\n<\/tr>\n<tr>\n<td>Biscuits<\/td>\n<td>0,5 &#8211; 1,5 g\/kg<\/td>\n<\/tr>\n<tr>\n<td>M\u00e9langes pour boulangerie<\/td>\n<td>0,5 &#8211; 2 g\/kg<\/td>\n<\/tr>\n<tr>\n<td>P\u00e2te feuillet\u00e9e et p\u00e2te \u00e0 pain<\/td>\n<td>1 &#8211; 3 g\/kg<\/td>\n<\/tr>\n<tr>\n<td>Fromage et produits laitiers<\/td>\n<td>0,1 &#8211; 0,3 g\/kg<\/td>\n<\/tr>\n<tr>\n<td>Boissons alcoolis\u00e9es<\/td>\n<td>0,01 &#8211; 0,1 g\/kg<\/td>\n<\/tr>\n<tr>\n<td>Confitures et gel\u00e9es<\/td>\n<td>0,1 &#8211; 0,5 g\/kg<\/td>\n<\/tr>\n<tr>\n<td>Jus de fruits et de l\u00e9gumes<\/td>\n<td>0,05 &#8211; 0,2 g\/kg<\/td>\n<\/tr>\n<tr>\n<td>Confiserie et chocolat<\/td>\n<td>0,2 &#8211; 1 g\/kg<\/td>\n<\/tr>\n<tr>\n<td>Condiments et assaisonnements<\/td>\n<td>0,1 &#8211; 0,5 g\/kg<\/td>\n<\/tr>\n<tr>\n<td>Aliments en conserve<\/td>\n<td>0,2 &#8211; 1 g\/kg<\/td>\n<\/tr>\n<tr>\n<td>Produits \u00e0 base de viande et saucisses<\/td>\n<td>0,1 &#8211; 0,5 g\/kg<\/td>\n<\/tr>\n<tr>\n<td>Assaisonnements de salades et sauces<\/td>\n<td>0,1 &#8211; 0,5 g\/kg<\/td>\n<\/tr>\n<tr>\n<td>Produits \u00e0 base de prot\u00e9ines v\u00e9g\u00e9tales<\/td>\n<td>0,2 &#8211; 1 g\/kg<\/td>\n<\/tr>\n<tr>\n<td>G\u00e2teaux et desserts<\/td>\n<td>0,5 &#8211; 2 g\/kg<\/td>\n<\/tr>\n<\/tbody>\n<\/table>\n<h2><span class=\"ez-toc-section\" id=\"L%CE%B1-amylase_de_qualite_alimentaire_a_une_large_gamme_dutilisations\"><\/span>L&rsquo;\u03b1-amylase de qualit\u00e9 alimentaire a une large gamme d&rsquo;utilisations<span class=\"ez-toc-section-end\"><\/span><\/h2>\n<ol>\n<li>Hydrolyse de l&rsquo;amidon : l&rsquo;\u03b1-amylase peut hydrolyser les mol\u00e9cules d&rsquo;amidon et les d\u00e9composer en cha\u00eenes d&rsquo;amidon plus courtes, en maltodextrine et en glucose, etc., augmentant ainsi la solubilit\u00e9 et l&rsquo;absorbabilit\u00e9 des aliments.<\/li>\n<li>Am\u00e9liorer les propri\u00e9t\u00e9s de la p\u00e2te et du pain : dans les aliments cuits au four tels que le pain et la p\u00e2te, l&rsquo;\u03b1-amylase peut r\u00e9duire le caract\u00e8re collant de la p\u00e2te, am\u00e9liorer la ductilit\u00e9 et la douceur du gluten, et rendre le pain plus moelleux et meilleur.<\/li>\n<li>Augmenter la saveur et le go\u00fbt des aliments : pendant la transformation des aliments, l&rsquo;\u03b1-amylase aide \u00e0 lib\u00e9rer la douceur de l&rsquo;amidon et \u00e0 am\u00e9liorer le go\u00fbt et la saveur des aliments.<\/li>\n<li>Prolonger la dur\u00e9e de vie du produit : Dans certains aliments, l&rsquo;\u03b1-amylase peut r\u00e9duire le degr\u00e9 de g\u00e9latinisation de l&rsquo;amidon, r\u00e9duire le vieillissement et la d\u00e9t\u00e9rioration des aliments pendant le stockage, et ainsi prolonger la dur\u00e9e de conservation du produit.<\/li>\n<li>Am\u00e9liorer l&rsquo;efficacit\u00e9 de la transformation des aliments : l&rsquo;\u03b1-amylase peut acc\u00e9l\u00e9rer la r\u00e9action de d\u00e9gradation de l&rsquo;amidon pendant la transformation des aliments, am\u00e9liorer l&rsquo;efficacit\u00e9 de la transformation et la vitesse de production.<\/li>\n<\/ol>\n<h2><span class=\"ez-toc-section\" id=\"Question_posee_par_lutilisateur\"><\/span>Question pos\u00e9e par l&rsquo;utilisateur :<span class=\"ez-toc-section-end\"><\/span><\/h2>\n<p>Question : Quelle est la diff\u00e9rence ou le lien entre l&rsquo;\u03b1-amylase et la \u03b2-amylase ?<\/p>\n<p>R\u00e9ponse : L&rsquo;\u03b1-amylase et la \u03b2-amylase sont deux types diff\u00e9rents d&rsquo;hydrolases d&rsquo;amidon. L&rsquo;\u03b1-amylase agit principalement sur les liaisons \u03b1-1,4-glycosidiques \u00e0 l&rsquo;int\u00e9rieur des mol\u00e9cules d&rsquo;amidon, d\u00e9composant l&rsquo;amidon en cha\u00eenes plus courtes et en glucose, et est largement utilis\u00e9e dans l&rsquo;industrie alimentaire pour am\u00e9liorer la texture et le go\u00fbt des aliments. Fran\u00e7ais La \u03b2-amylase agit sp\u00e9cifiquement sur les liaisons \u03b1-1,4-glycosidiques aux extr\u00e9mit\u00e9s non r\u00e9ductrices des mol\u00e9cules d&rsquo;amidon, les d\u00e9composant en maltose et une petite quantit\u00e9 de glucose, et est principalement utilis\u00e9e dans des processus industriels sp\u00e9cifiques tels que le brassage de la bi\u00e8re. Les deux diff\u00e8rent en structure, fonction et domaines d&rsquo;application, mais agissent g\u00e9n\u00e9ralement ensemble sur les mol\u00e9cules d&rsquo;amidon pour favoriser l&rsquo;hydrolyse et l&rsquo;utilisation de l&rsquo;amidon.<\/p>\n<p>Question : Quel est jusqu&rsquo;\u00e0 pr\u00e9sent l&rsquo;environnement du march\u00e9 int\u00e9rieur pour l&rsquo;\u03b1-amylase de qualit\u00e9 alimentaire ?<\/p>\n<p>R\u00e9ponse : Le march\u00e9 chinois de l&rsquo;\u03b1-amylase de qualit\u00e9 alimentaire devrait maintenir une bonne tendance de d\u00e9veloppement, b\u00e9n\u00e9ficiant principalement de la tendance \u00e0 une alimentation saine et de l&rsquo;expansion des applications industrielles. La demande continue de cro\u00eetre, tandis que la cha\u00eene d&rsquo;approvisionnement est stable et les entreprises augmentent \u00e9galement leur capacit\u00e9 de production pour r\u00e9pondre \u00e0 la demande du march\u00e9. Les co\u00fbts des mati\u00e8res premi\u00e8res et la concurrence sur le march\u00e9 peuvent entra\u00eener des fluctuations de prix, bien que les tendances g\u00e9n\u00e9rales soient tr\u00e8s stables. \u00c0 mesure que les opportunit\u00e9s sur le march\u00e9 mondial augmentent, les entreprises nationales devraient d\u00e9velopper leurs activit\u00e9s par le biais des exportations, mais elles doivent \u00e9galement faire face \u00e0 la pression concurrentielle des marques internationales.<\/p>\n","protected":false},"excerpt":{"rendered":"<ul>\n<li>CAS : 9000-90-2<\/li>\n<li>Formule chimique: \/<\/li>\n<li>Certifications : KOSHER, ISO, HALAL, FSSC 22000, BRC, etc.<\/li>\n<li>Quantit\u00e9 minimum de commande : 1000 kg<\/li>\n<li>Dur\u00e9e de conservation : 2 ans<\/li>\n<\/ul>\n","protected":false},"featured_media":9809,"template":"","meta":{"site-sidebar-layout":"default","site-content-layout":"","ast-site-content-layout":"default","site-content-style":"default","site-sidebar-style":"default","ast-global-header-display":"","ast-banner-title-visibility":"","ast-main-header-display":"","ast-hfb-above-header-display":"","ast-hfb-below-header-display":"","ast-hfb-mobile-header-display":"","site-post-title":"","ast-breadcrumbs-content":"","ast-featured-img":"","footer-sml-layout":"","theme-transparent-header-meta":"default","adv-header-id-meta":"","stick-header-meta":"","header-above-stick-meta":"","header-main-stick-meta":"","header-below-stick-meta":"","astra-migrate-meta-layouts":"set","ast-page-background-enabled":"default","ast-page-background-meta":{"desktop":{"background-color":"var(--ast-global-color-4)","background-image":"","background-repeat":"repeat","background-position":"center center","background-size":"auto","background-attachment":"scroll","background-type":"","background-media":"","overlay-type":"","overlay-color":"","overlay-opacity":"","overlay-gradient":""},"tablet":{"background-color":"","background-image":"","background-repeat":"repeat","background-position":"center center","background-size":"auto","background-attachment":"scroll","background-type":"","background-media":"","overlay-type":"","overlay-color":"","overlay-opacity":"","overlay-gradient":""},"mobile":{"background-color":"","background-image":"","background-repeat":"repeat","background-position":"center center","background-size":"auto","background-attachment":"scroll","background-type":"","background-media":"","overlay-type":"","overlay-color":"","overlay-opacity":"","overlay-gradient":""}},"ast-content-background-meta":{"desktop":{"background-color":"var(--ast-global-color-5)","background-image":"","background-repeat":"repeat","background-position":"center center","background-size":"auto","background-attachment":"scroll","background-type":"","background-media":"","overlay-type":"","overlay-color":"","overlay-opacity":"","overlay-gradient":""},"tablet":{"background-color":"var(--ast-global-color-5)","background-image":"","background-repeat":"repeat","background-position":"center center","background-size":"auto","background-attachment":"scroll","background-type":"","background-media":"","overlay-type":"","overlay-color":"","overlay-opacity":"","overlay-gradient":""},"mobile":{"background-color":"var(--ast-global-color-5)","background-image":"","background-repeat":"repeat","background-position":"center center","background-size":"auto","background-attachment":"scroll","background-type":"","background-media":"","overlay-type":"","overlay-color":"","overlay-opacity":"","overlay-gradient":""}}},"product_brand":[],"product_cat":[107],"product_tag":[],"class_list":{"0":"post-9808","1":"product","2":"type-product","3":"status-publish","4":"has-post-thumbnail","6":"product_cat-autres-ingredients-alimentaires-produit","7":"desktop-align-center","8":"tablet-align-left","9":"mobile-align-left","11":"first","12":"instock","13":"shipping-taxable","14":"product-type-simple"},"yoast_head":"<!-- This site is optimized with the Yoast SEO plugin v26.5 - https:\/\/yoast.com\/wordpress\/plugins\/seo\/ -->\n<title>Fournisseur D&#039;alpha-Amylase, Alpha-Amylase Prix | Niranbio Chemical<\/title>\n<meta name=\"description\" content=\"Notre \u03b1-amylase est un additif alimentaire enzymatique, g\u00e9n\u00e9ralement sous forme de poudre grise ou de liquide, il peut am\u00e9liorer la solubilit\u00e9 des aliments et r\u00e9duire la viscosit\u00e9.\" \/>\n<meta name=\"robots\" content=\"noindex, follow, max-snippet:-1, max-image-preview:large, max-video-preview:-1\" \/>\n<meta name=\"twitter:label1\" content=\"Dur\u00e9e de lecture estim\u00e9e\" \/>\n\t<meta name=\"twitter:data1\" content=\"5 minutes\" \/>\n<script type=\"application\/ld+json\" class=\"yoast-schema-graph\">{\"@context\":\"https:\/\/schema.org\",\"@graph\":[{\"@type\":\"WebPage\",\"@id\":\"https:\/\/theo.niranbio.com\/fr\/alpha-amylase.html\",\"url\":\"https:\/\/theo.niranbio.com\/fr\/alpha-amylase.html\",\"name\":\"Fournisseur D'alpha-Amylase, Alpha-Amylase Prix | Niranbio Chemical\",\"isPartOf\":{\"@id\":\"https:\/\/theo.niranbio.com\/fr\/#website\"},\"primaryImageOfPage\":{\"@id\":\"https:\/\/theo.niranbio.com\/fr\/alpha-amylase.html#primaryimage\"},\"image\":{\"@id\":\"https:\/\/theo.niranbio.com\/fr\/alpha-amylase.html#primaryimage\"},\"thumbnailUrl\":\"https:\/\/theo.niranbio.com\/wp-content\/uploads\/2024\/06\/Alpha-Amylase.webp\",\"datePublished\":\"2024-06-20T05:14:01+00:00\",\"dateModified\":\"2024-08-19T05:32:00+00:00\",\"description\":\"Notre \u03b1-amylase est un additif alimentaire enzymatique, g\u00e9n\u00e9ralement sous forme de poudre grise ou de liquide, il peut am\u00e9liorer la solubilit\u00e9 des aliments et r\u00e9duire la viscosit\u00e9.\",\"breadcrumb\":{\"@id\":\"https:\/\/theo.niranbio.com\/fr\/alpha-amylase.html#breadcrumb\"},\"inLanguage\":\"fr-FR\",\"potentialAction\":[{\"@type\":\"ReadAction\",\"target\":[\"https:\/\/theo.niranbio.com\/fr\/alpha-amylase.html\"]}]},{\"@type\":\"ImageObject\",\"inLanguage\":\"fr-FR\",\"@id\":\"https:\/\/theo.niranbio.com\/fr\/alpha-amylase.html#primaryimage\",\"url\":\"https:\/\/theo.niranbio.com\/wp-content\/uploads\/2024\/06\/Alpha-Amylase.webp\",\"contentUrl\":\"https:\/\/theo.niranbio.com\/wp-content\/uploads\/2024\/06\/Alpha-Amylase.webp\",\"width\":600,\"height\":600,\"caption\":\"Alpha-amylase\"},{\"@type\":\"BreadcrumbList\",\"@id\":\"https:\/\/theo.niranbio.com\/fr\/alpha-amylase.html#breadcrumb\",\"itemListElement\":[{\"@type\":\"ListItem\",\"position\":1,\"name\":\"Home\",\"item\":\"https:\/\/theo.niranbio.com\/fr\/\"},{\"@type\":\"ListItem\",\"position\":2,\"name\":\"Produits\",\"item\":\"https:\/\/theo.niranbio.com\/fr\/produits.html\"},{\"@type\":\"ListItem\",\"position\":3,\"name\":\"Autres Ingr\u00e9dients Alimentaires\",\"item\":\"https:\/\/theo.niranbio.com\/fr\/autres-ingredients-alimentaires-produit\/\"},{\"@type\":\"ListItem\",\"position\":4,\"name\":\"alpha-amylase\"}]},{\"@type\":\"WebSite\",\"@id\":\"https:\/\/theo.niranbio.com\/fr\/#website\",\"url\":\"https:\/\/theo.niranbio.com\/fr\/\",\"name\":\"Niranbio Chemical\",\"description\":\"\",\"publisher\":{\"@id\":\"https:\/\/theo.niranbio.com\/fr\/#organization\"},\"potentialAction\":[{\"@type\":\"SearchAction\",\"target\":{\"@type\":\"EntryPoint\",\"urlTemplate\":\"https:\/\/theo.niranbio.com\/fr\/?s={search_term_string}\"},\"query-input\":{\"@type\":\"PropertyValueSpecification\",\"valueRequired\":true,\"valueName\":\"search_term_string\"}}],\"inLanguage\":\"fr-FR\"},{\"@type\":\"Organization\",\"@id\":\"https:\/\/theo.niranbio.com\/fr\/#organization\",\"name\":\"Niranbio Chemical\",\"url\":\"https:\/\/theo.niranbio.com\/fr\/\",\"logo\":{\"@type\":\"ImageObject\",\"inLanguage\":\"fr-FR\",\"@id\":\"https:\/\/theo.niranbio.com\/fr\/#\/schema\/logo\/image\/\",\"url\":\"https:\/\/theo.niranbio.com\/wp-content\/uploads\/2024\/06\/Niranbio.png\",\"contentUrl\":\"https:\/\/theo.niranbio.com\/wp-content\/uploads\/2024\/06\/Niranbio.png\",\"width\":270,\"height\":100,\"caption\":\"Niranbio Chemical\"},\"image\":{\"@id\":\"https:\/\/theo.niranbio.com\/fr\/#\/schema\/logo\/image\/\"}}]}<\/script>\n<!-- \/ Yoast SEO plugin. -->","yoast_head_json":{"title":"Fournisseur D'alpha-Amylase, Alpha-Amylase Prix | Niranbio Chemical","description":"Notre \u03b1-amylase est un additif alimentaire enzymatique, g\u00e9n\u00e9ralement sous forme de poudre grise ou de liquide, il peut am\u00e9liorer la solubilit\u00e9 des aliments et r\u00e9duire la viscosit\u00e9.","robots":{"index":"noindex","follow":"follow","max-snippet":"max-snippet:-1","max-image-preview":"max-image-preview:large","max-video-preview":"max-video-preview:-1"},"twitter_misc":{"Dur\u00e9e de lecture estim\u00e9e":"5 minutes"},"schema":{"@context":"https:\/\/schema.org","@graph":[{"@type":"WebPage","@id":"https:\/\/theo.niranbio.com\/fr\/alpha-amylase.html","url":"https:\/\/theo.niranbio.com\/fr\/alpha-amylase.html","name":"Fournisseur D'alpha-Amylase, Alpha-Amylase Prix | Niranbio Chemical","isPartOf":{"@id":"https:\/\/theo.niranbio.com\/fr\/#website"},"primaryImageOfPage":{"@id":"https:\/\/theo.niranbio.com\/fr\/alpha-amylase.html#primaryimage"},"image":{"@id":"https:\/\/theo.niranbio.com\/fr\/alpha-amylase.html#primaryimage"},"thumbnailUrl":"https:\/\/theo.niranbio.com\/wp-content\/uploads\/2024\/06\/Alpha-Amylase.webp","datePublished":"2024-06-20T05:14:01+00:00","dateModified":"2024-08-19T05:32:00+00:00","description":"Notre \u03b1-amylase est un additif alimentaire enzymatique, g\u00e9n\u00e9ralement sous forme de poudre grise ou de liquide, il peut am\u00e9liorer la solubilit\u00e9 des aliments et r\u00e9duire la viscosit\u00e9.","breadcrumb":{"@id":"https:\/\/theo.niranbio.com\/fr\/alpha-amylase.html#breadcrumb"},"inLanguage":"fr-FR","potentialAction":[{"@type":"ReadAction","target":["https:\/\/theo.niranbio.com\/fr\/alpha-amylase.html"]}]},{"@type":"ImageObject","inLanguage":"fr-FR","@id":"https:\/\/theo.niranbio.com\/fr\/alpha-amylase.html#primaryimage","url":"https:\/\/theo.niranbio.com\/wp-content\/uploads\/2024\/06\/Alpha-Amylase.webp","contentUrl":"https:\/\/theo.niranbio.com\/wp-content\/uploads\/2024\/06\/Alpha-Amylase.webp","width":600,"height":600,"caption":"Alpha-amylase"},{"@type":"BreadcrumbList","@id":"https:\/\/theo.niranbio.com\/fr\/alpha-amylase.html#breadcrumb","itemListElement":[{"@type":"ListItem","position":1,"name":"Home","item":"https:\/\/theo.niranbio.com\/fr\/"},{"@type":"ListItem","position":2,"name":"Produits","item":"https:\/\/theo.niranbio.com\/fr\/produits.html"},{"@type":"ListItem","position":3,"name":"Autres Ingr\u00e9dients Alimentaires","item":"https:\/\/theo.niranbio.com\/fr\/autres-ingredients-alimentaires-produit\/"},{"@type":"ListItem","position":4,"name":"alpha-amylase"}]},{"@type":"WebSite","@id":"https:\/\/theo.niranbio.com\/fr\/#website","url":"https:\/\/theo.niranbio.com\/fr\/","name":"Niranbio Chemical","description":"","publisher":{"@id":"https:\/\/theo.niranbio.com\/fr\/#organization"},"potentialAction":[{"@type":"SearchAction","target":{"@type":"EntryPoint","urlTemplate":"https:\/\/theo.niranbio.com\/fr\/?s={search_term_string}"},"query-input":{"@type":"PropertyValueSpecification","valueRequired":true,"valueName":"search_term_string"}}],"inLanguage":"fr-FR"},{"@type":"Organization","@id":"https:\/\/theo.niranbio.com\/fr\/#organization","name":"Niranbio Chemical","url":"https:\/\/theo.niranbio.com\/fr\/","logo":{"@type":"ImageObject","inLanguage":"fr-FR","@id":"https:\/\/theo.niranbio.com\/fr\/#\/schema\/logo\/image\/","url":"https:\/\/theo.niranbio.com\/wp-content\/uploads\/2024\/06\/Niranbio.png","contentUrl":"https:\/\/theo.niranbio.com\/wp-content\/uploads\/2024\/06\/Niranbio.png","width":270,"height":100,"caption":"Niranbio Chemical"},"image":{"@id":"https:\/\/theo.niranbio.com\/fr\/#\/schema\/logo\/image\/"}}]}},"_links":{"self":[{"href":"https:\/\/theo.niranbio.com\/fr\/wp-json\/wp\/v2\/product\/9808","targetHints":{"allow":["GET"]}}],"collection":[{"href":"https:\/\/theo.niranbio.com\/fr\/wp-json\/wp\/v2\/product"}],"about":[{"href":"https:\/\/theo.niranbio.com\/fr\/wp-json\/wp\/v2\/types\/product"}],"version-history":[{"count":0,"href":"https:\/\/theo.niranbio.com\/fr\/wp-json\/wp\/v2\/product\/9808\/revisions"}],"wp:featuredmedia":[{"embeddable":true,"href":"https:\/\/theo.niranbio.com\/fr\/wp-json\/wp\/v2\/media\/9809"}],"wp:attachment":[{"href":"https:\/\/theo.niranbio.com\/fr\/wp-json\/wp\/v2\/media?parent=9808"}],"wp:term":[{"taxonomy":"product_brand","embeddable":true,"href":"https:\/\/theo.niranbio.com\/fr\/wp-json\/wp\/v2\/product_brand?post=9808"},{"taxonomy":"product_cat","embeddable":true,"href":"https:\/\/theo.niranbio.com\/fr\/wp-json\/wp\/v2\/product_cat?post=9808"},{"taxonomy":"product_tag","embeddable":true,"href":"https:\/\/theo.niranbio.com\/fr\/wp-json\/wp\/v2\/product_tag?post=9808"}],"curies":[{"name":"wp","href":"https:\/\/api.w.org\/{rel}","templated":true}]}}