{"id":9805,"date":"2024-06-20T11:39:47","date_gmt":"2024-06-20T03:39:47","guid":{"rendered":"https:\/\/theo.niranbio.com\/proteine-de-soja-texturee\/"},"modified":"2024-08-19T14:09:50","modified_gmt":"2024-08-19T06:09:50","slug":"proteine-de-soja-texturee","status":"publish","type":"product","link":"https:\/\/theo.niranbio.com\/fr\/proteine-de-soja-texturee.html","title":{"rendered":"Prot\u00e9ine de soja textur\u00e9"},"content":{"rendered":"<h2><span class=\"ez-toc-section\" id=\"Quest-ce_que_la_proteine_de_soja_texturee\"><\/span><strong><b>Qu&rsquo;est-ce que la prot\u00e9ine de soja textur\u00e9e ? <\/b><\/strong><span class=\"ez-toc-section-end\"><\/span><\/h2>\n<p>La prot\u00e9ine de soja textur\u00e9e est un produit riche en prot\u00e9ines de soja avec une structure similaire \u00e0 la viande maigre fabriqu\u00e9e \u00e0 partir de produits \u00e0 base de prot\u00e9ines de soja en poudre gr\u00e2ce au conditionnement, \u00e0 l&rsquo;organisation et \u00e0 d&rsquo;autres processus. On peut la trouver sous forme de granul\u00e9s, de flocons, de blocs et de charges, entre autres tailles et formes. Pour r\u00e9duire les co\u00fbts de production et am\u00e9liorer la structure nutritionnelle des produits finis, elle est largement utilis\u00e9e dans les produits \u00e0 base de viande et d&rsquo;imitation de viande. La prot\u00e9ine de soja textur\u00e9e est pr\u00e9par\u00e9e selon les deux proc\u00e9d\u00e9s suivants :<\/p>\n<p>1. La mati\u00e8re premi\u00e8re de soja est press\u00e9e ou trait\u00e9e par solvant pour \u00e9liminer l&rsquo;huile de soja afin d&rsquo;obtenir de la poudre de soja d\u00e9graiss\u00e9e, qui est ensuite hydrolys\u00e9e avec un acide ou un alcali pour d\u00e9composer la prot\u00e9ine en cha\u00eenes peptidiques plus petites, puis transform\u00e9e en produits textur\u00e9s par une extrudeuse. Apr\u00e8s extrusion, le s\u00e9chage permet d&rsquo;obtenir le produit fini. Le faible co\u00fbt, l&rsquo;efficacit\u00e9 de production \u00e9lev\u00e9e, le processus simple et la qualit\u00e9 constante du produit ont fait de cette m\u00e9thode la m\u00e9thode de pr\u00e9paration standard en Chine.<\/p>\n<p>2. Le lait de soja humide est chauff\u00e9 et pressuris\u00e9 dans une extrudeuse pour former un produit fibreux avec texture, qui est ensuite s\u00e9ch\u00e9.<\/p>\n<h2><span class=\"ez-toc-section\" id=\"Parametres_associes\"><\/span><b> <\/b><strong><b>Param\u00e8tres associ\u00e9s :<\/b><\/strong><span class=\"ez-toc-section-end\"><\/span><\/h2>\n<table>\n<tbody>\n<tr>\n<td width=\"518\"><strong><b>Articles<\/b><\/strong><\/td>\n<td width=\"475\"><strong><b>Sp\u00e9cification<\/b><\/strong><\/td>\n<\/tr>\n<tr>\n<td width=\"518\">Prot\u00e9ines (base s\u00e8che, N\u00d76,25, %)<\/td>\n<td width=\"475\">\u226550<\/td>\n<\/tr>\n<tr>\n<td width=\"518\">Humidit\u00e9 (%)<\/td>\n<td width=\"475\">\u226410<\/td>\n<\/tr>\n<tr>\n<td width=\"518\">Mati\u00e8re grasse (%)<\/td>\n<td width=\"475\">\u22641.0<\/td>\n<\/tr>\n<tr>\n<td width=\"518\">Cendres (base s\u00e8che, %)<\/td>\n<td width=\"475\">\u22646.0<\/td>\n<\/tr>\n<tr>\n<td width=\"518\">Fibre brute (base s\u00e8che, %)<\/td>\n<td width=\"475\">\u22646.0<\/td>\n<\/tr>\n<tr>\n<td width=\"518\">Ratio de r\u00e9hydratation<\/td>\n<td width=\"475\">\u22653,0 fois<\/td>\n<\/tr>\n<tr>\n<td width=\"518\">Nombre total de plaques<\/td>\n<td width=\"475\">\u226420000cfu\/g<\/td>\n<\/tr>\n<tr>\n<td width=\"518\">Coliformes<\/td>\n<td width=\"475\">\u226430MPN\/100g<\/td>\n<\/tr>\n<tr>\n<td width=\"518\">Levures et moisissures<\/td>\n<td width=\"475\">\u226450cfu\/g<\/td>\n<\/tr>\n<tr>\n<td width=\"518\">E.coli<\/td>\n<td width=\"475\">N\u00e9gatif<\/td>\n<\/tr>\n<tr>\n<td width=\"518\">Salmonelle<\/td>\n<td width=\"475\">N\u00e9gatif<\/td>\n<\/tr>\n<tr>\n<td width=\"518\">Staphylococcus aureus<\/td>\n<td width=\"475\">N\u00e9gatif<\/td>\n<\/tr>\n<\/tbody>\n<\/table>\n<h2><span class=\"ez-toc-section\" id=\"Dosage_recommande\"><\/span><b> <\/b><strong><b>Dosage recommand\u00e9 :<\/b><\/strong><span class=\"ez-toc-section-end\"><\/span><\/h2>\n<table>\n<tbody>\n<tr>\n<td width=\"606\"><strong><b>Nom de l&rsquo;aliment<\/b><\/strong><\/td>\n<td width=\"387\"><strong><b>Utilisation maximale (g\/kg)<\/b><\/strong><\/td>\n<\/tr>\n<tr>\n<td width=\"606\">Burgers v\u00e9g\u00e9tariens<\/td>\n<td width=\"387\">20-60 g\/kg<\/td>\n<\/tr>\n<tr>\n<td width=\"606\">Galettes v\u00e9g\u00e9tariennes<\/td>\n<td width=\"387\">30-70 g\/kg<\/td>\n<\/tr>\n<tr>\n<td width=\"606\">Viande hach\u00e9e v\u00e9g\u00e9tarienne<\/td>\n<td width=\"387\">30-70 g\/kg<\/td>\n<\/tr>\n<tr>\n<td width=\"606\">Rago\u00fbts v\u00e9g\u00e9tariens<\/td>\n<td width=\"387\">15-40 g\/kg<\/td>\n<\/tr>\n<tr>\n<td width=\"606\">Saucisses v\u00e9g\u00e9tariennes<\/td>\n<td width=\"387\">25-50 g\/kg<\/td>\n<\/tr>\n<tr>\n<td width=\"606\">Fromage v\u00e9g\u00e9tarien<\/td>\n<td width=\"387\">15-35 g\/kg<\/td>\n<\/tr>\n<tr>\n<td width=\"606\">Ramen v\u00e9g\u00e9tarien<\/td>\n<td width=\"387\">20-50 g\/kg<\/td>\n<\/tr>\n<tr>\n<td width=\"606\">Boulettes v\u00e9g\u00e9tariennes<\/td>\n<td width=\"387\">30-60 g\/kg<\/td>\n<\/tr>\n<tr>\n<td width=\"606\">\u0152ufs brouill\u00e9s v\u00e9g\u00e9tariens<\/td>\n<td width=\"387\">15-30 g\/kg<\/td>\n<\/tr>\n<tr>\n<td width=\"606\">Boulettes de viande v\u00e9g\u00e9tariennes<\/td>\n<td width=\"387\">20-40 g\/kg<\/td>\n<\/tr>\n<tr>\n<td width=\"606\">Milkshakes v\u00e9g\u00e9tariens<\/td>\n<td width=\"387\">10-25 g\/kg<\/td>\n<\/tr>\n<\/tbody>\n<\/table>\n<h2><span class=\"ez-toc-section\" id=\"La_proteine_de_soja_texturee_a_une_large_gamme_dutilisations\"><\/span><strong><b>La prot\u00e9ine de soja textur\u00e9e a une large gamme d&rsquo;utilisations <\/b><\/strong><span class=\"ez-toc-section-end\"><\/span><\/h2>\n<p>1. La prot\u00e9ine de soja textur\u00e9e peut imiter la texture et l&rsquo;apparence de la viande et est largement utilis\u00e9e pour fabriquer des produits v\u00e9g\u00e9tariens tels que des hamburgers, des boulettes de viande et des saucisses \u00e0 base de plantes.<\/p>\n<p>2. Le TSP est riche en prot\u00e9ines et peut \u00eatre utilis\u00e9 pour augmenter la teneur en prot\u00e9ines de divers aliments, tels que les aliments transform\u00e9s, les collations et les compl\u00e9ments alimentaires. Il peut am\u00e9liorer la valeur nutritionnelle des aliments et r\u00e9pondre aux besoins de ceux qui sont actifs et soucieux de leur sant\u00e9.<\/p>\n<p>3. Le TSP peut am\u00e9liorer la texture des aliments, rehausser le go\u00fbt et la texture globale des aliments et rendre le produit plus attrayant et satisfaisant. En rempla\u00e7ant une partie de la viande par du TSP, la teneur en mati\u00e8res grasses des aliments peut \u00eatre r\u00e9duite tout en conservant une bonne texture et une bonne saveur.<\/p>\n<h2><span class=\"ez-toc-section\" id=\"Question_posee_par_lutilisateur\"><\/span><strong><b>Question pos\u00e9e par l&rsquo;utilisateur : <\/b><\/strong><span class=\"ez-toc-section-end\"><\/span><\/h2>\n<p>Question : Quelle est la diff\u00e9rence entre la prot\u00e9ine de soja textur\u00e9e et la prot\u00e9ine de soja concentr\u00e9e ?<\/p>\n<p>R\u00e9ponse : La principale diff\u00e9rence entre la prot\u00e9ine de soja textur\u00e9e (TSP) et la prot\u00e9ine de soja concentr\u00e9e (SPC) r\u00e9side dans leur processus de fabrication et leur texture. Le TSP a une texture charnue et une structure fibreuse apr\u00e8s un traitement physique sp\u00e9cial et est principalement utilis\u00e9 dans les substituts de viande \u00e0 base de plantes. Le SPC est obtenu en retirant une partie des graisses et des glucides du soja pour obtenir une fine poudre de prot\u00e9ines, qui est largement utilis\u00e9e pour augmenter la teneur en prot\u00e9ines des aliments.<\/p>\n","protected":false},"excerpt":{"rendered":"<ul>\n<li>CAS: 9010-10-0<\/li>\n<li>Formule chimique: C<sub>13<\/sub>H<sub>10<\/sub>N<sub>2<\/sub><\/li>\n<li>Certifications : KOSHER, ISO, HALAL, FSSC 22000, BRC, etc.<\/li>\n<li>Quantit\u00e9 minimum de commande : 1000 kg<\/li>\n<li>Dur\u00e9e de conservation : 2 ans<\/li>\n<\/ul>\n","protected":false},"featured_media":9807,"template":"","meta":{"site-sidebar-layout":"default","site-content-layout":"","ast-site-content-layout":"default","site-content-style":"default","site-sidebar-style":"default","ast-global-header-display":"","ast-banner-title-visibility":"","ast-main-header-display":"","ast-hfb-above-header-display":"","ast-hfb-below-header-display":"","ast-hfb-mobile-header-display":"","site-post-title":"","ast-breadcrumbs-content":"","ast-featured-img":"","footer-sml-layout":"","theme-transparent-header-meta":"default","adv-header-id-meta":"","stick-header-meta":"","header-above-stick-meta":"","header-main-stick-meta":"","header-below-stick-meta":"","astra-migrate-meta-layouts":"set","ast-page-background-enabled":"default","ast-page-background-meta":{"desktop":{"background-color":"var(--ast-global-color-4)","background-image":"","background-repeat":"repeat","background-position":"center center","background-size":"auto","background-attachment":"scroll","background-type":"","background-media":"","overlay-type":"","overlay-color":"","overlay-opacity":"","overlay-gradient":""},"tablet":{"background-color":"","background-image":"","background-repeat":"repeat","background-position":"center center","background-size":"auto","background-attachment":"scroll","background-type":"","background-media":"","overlay-type":"","overlay-color":"","overlay-opacity":"","overlay-gradient":""},"mobile":{"background-color":"","background-image":"","background-repeat":"repeat","background-position":"center center","background-size":"auto","background-attachment":"scroll","background-type":"","background-media":"","overlay-type":"","overlay-color":"","overlay-opacity":"","overlay-gradient":""}},"ast-content-background-meta":{"desktop":{"background-color":"var(--ast-global-color-5)","background-image":"","background-repeat":"repeat","background-position":"center center","background-size":"auto","background-attachment":"scroll","background-type":"","background-media":"","overlay-type":"","overlay-color":"","overlay-opacity":"","overlay-gradient":""},"tablet":{"background-color":"var(--ast-global-color-5)","background-image":"","background-repeat":"repeat","background-position":"center center","background-size":"auto","background-attachment":"scroll","background-type":"","background-media":"","overlay-type":"","overlay-color":"","overlay-opacity":"","overlay-gradient":""},"mobile":{"background-color":"var(--ast-global-color-5)","background-image":"","background-repeat":"repeat","background-position":"center center","background-size":"auto","background-attachment":"scroll","background-type":"","background-media":"","overlay-type":"","overlay-color":"","overlay-opacity":"","overlay-gradient":""}}},"product_brand":[],"product_cat":[110],"product_tag":[],"class_list":{"0":"post-9805","1":"product","2":"type-product","3":"status-publish","4":"has-post-thumbnail","6":"product_cat-produit-proteique","7":"desktop-align-center","8":"tablet-align-left","9":"mobile-align-left","11":"first","12":"instock","13":"shipping-taxable","14":"product-type-simple"},"yoast_head":"<!-- This site is optimized with the Yoast SEO plugin v26.5 - https:\/\/yoast.com\/wordpress\/plugins\/seo\/ -->\n<title>Prot\u00e9ine de soja textur\u00e9 en vrac, achetez des ingr\u00e9dients de prot\u00e9ines de soja textur\u00e9s | Niranbio Chemical<\/title>\n<meta name=\"description\" content=\"Notre prot\u00e9ine de soja textur\u00e9 est disponible sous forme de granul\u00e9s, de flocons, de blocs et de charges, entre autres tailles et formes, elle est largement utilis\u00e9e dans les produits \u00e0 base de viande et d&#039;imitation de viande.\" \/>\n<meta name=\"robots\" content=\"noindex, follow, max-snippet:-1, max-image-preview:large, max-video-preview:-1\" \/>\n<meta name=\"twitter:label1\" content=\"Dur\u00e9e de lecture estim\u00e9e\" \/>\n\t<meta name=\"twitter:data1\" content=\"3 minutes\" \/>\n<script type=\"application\/ld+json\" class=\"yoast-schema-graph\">{\"@context\":\"https:\/\/schema.org\",\"@graph\":[{\"@type\":\"WebPage\",\"@id\":\"https:\/\/theo.niranbio.com\/fr\/proteine-de-soja-texturee.html\",\"url\":\"https:\/\/theo.niranbio.com\/fr\/proteine-de-soja-texturee.html\",\"name\":\"Prot\u00e9ine de soja textur\u00e9 en vrac, achetez des ingr\u00e9dients de prot\u00e9ines de soja textur\u00e9s | Niranbio Chemical\",\"isPartOf\":{\"@id\":\"https:\/\/theo.niranbio.com\/fr\/#website\"},\"primaryImageOfPage\":{\"@id\":\"https:\/\/theo.niranbio.com\/fr\/proteine-de-soja-texturee.html#primaryimage\"},\"image\":{\"@id\":\"https:\/\/theo.niranbio.com\/fr\/proteine-de-soja-texturee.html#primaryimage\"},\"thumbnailUrl\":\"https:\/\/theo.niranbio.com\/wp-content\/uploads\/2024\/06\/Textured-Soy-Protein.webp\",\"datePublished\":\"2024-06-20T03:39:47+00:00\",\"dateModified\":\"2024-08-19T06:09:50+00:00\",\"description\":\"Notre prot\u00e9ine de soja textur\u00e9 est disponible sous forme de granul\u00e9s, de flocons, de blocs et de charges, entre autres tailles et formes, elle est largement utilis\u00e9e dans les produits \u00e0 base de viande et d'imitation de viande.\",\"breadcrumb\":{\"@id\":\"https:\/\/theo.niranbio.com\/fr\/proteine-de-soja-texturee.html#breadcrumb\"},\"inLanguage\":\"fr-FR\",\"potentialAction\":[{\"@type\":\"ReadAction\",\"target\":[\"https:\/\/theo.niranbio.com\/fr\/proteine-de-soja-texturee.html\"]}]},{\"@type\":\"ImageObject\",\"inLanguage\":\"fr-FR\",\"@id\":\"https:\/\/theo.niranbio.com\/fr\/proteine-de-soja-texturee.html#primaryimage\",\"url\":\"https:\/\/theo.niranbio.com\/wp-content\/uploads\/2024\/06\/Textured-Soy-Protein.webp\",\"contentUrl\":\"https:\/\/theo.niranbio.com\/wp-content\/uploads\/2024\/06\/Textured-Soy-Protein.webp\",\"width\":600,\"height\":600,\"caption\":\"Prot\u00e9ine de soja textur\u00e9e\"},{\"@type\":\"BreadcrumbList\",\"@id\":\"https:\/\/theo.niranbio.com\/fr\/proteine-de-soja-texturee.html#breadcrumb\",\"itemListElement\":[{\"@type\":\"ListItem\",\"position\":1,\"name\":\"Home\",\"item\":\"https:\/\/theo.niranbio.com\/fr\/\"},{\"@type\":\"ListItem\",\"position\":2,\"name\":\"Produits\",\"item\":\"https:\/\/theo.niranbio.com\/fr\/produits.html\"},{\"@type\":\"ListItem\",\"position\":3,\"name\":\"Prot\u00e9ique\",\"item\":\"https:\/\/theo.niranbio.com\/fr\/produit-proteique\/\"},{\"@type\":\"ListItem\",\"position\":4,\"name\":\"Prot\u00e9ine de soja textur\u00e9\"}]},{\"@type\":\"WebSite\",\"@id\":\"https:\/\/theo.niranbio.com\/fr\/#website\",\"url\":\"https:\/\/theo.niranbio.com\/fr\/\",\"name\":\"Niranbio Chemical\",\"description\":\"\",\"publisher\":{\"@id\":\"https:\/\/theo.niranbio.com\/fr\/#organization\"},\"potentialAction\":[{\"@type\":\"SearchAction\",\"target\":{\"@type\":\"EntryPoint\",\"urlTemplate\":\"https:\/\/theo.niranbio.com\/fr\/?s={search_term_string}\"},\"query-input\":{\"@type\":\"PropertyValueSpecification\",\"valueRequired\":true,\"valueName\":\"search_term_string\"}}],\"inLanguage\":\"fr-FR\"},{\"@type\":\"Organization\",\"@id\":\"https:\/\/theo.niranbio.com\/fr\/#organization\",\"name\":\"Niranbio Chemical\",\"url\":\"https:\/\/theo.niranbio.com\/fr\/\",\"logo\":{\"@type\":\"ImageObject\",\"inLanguage\":\"fr-FR\",\"@id\":\"https:\/\/theo.niranbio.com\/fr\/#\/schema\/logo\/image\/\",\"url\":\"https:\/\/theo.niranbio.com\/wp-content\/uploads\/2024\/06\/Niranbio.png\",\"contentUrl\":\"https:\/\/theo.niranbio.com\/wp-content\/uploads\/2024\/06\/Niranbio.png\",\"width\":270,\"height\":100,\"caption\":\"Niranbio Chemical\"},\"image\":{\"@id\":\"https:\/\/theo.niranbio.com\/fr\/#\/schema\/logo\/image\/\"}}]}<\/script>\n<!-- \/ Yoast SEO plugin. -->","yoast_head_json":{"title":"Prot\u00e9ine de soja textur\u00e9 en vrac, achetez des ingr\u00e9dients de prot\u00e9ines de soja textur\u00e9s | Niranbio Chemical","description":"Notre prot\u00e9ine de soja textur\u00e9 est disponible sous forme de granul\u00e9s, de flocons, de blocs et de charges, entre autres tailles et formes, elle est largement utilis\u00e9e dans les produits \u00e0 base de viande et d'imitation de viande.","robots":{"index":"noindex","follow":"follow","max-snippet":"max-snippet:-1","max-image-preview":"max-image-preview:large","max-video-preview":"max-video-preview:-1"},"twitter_misc":{"Dur\u00e9e de lecture estim\u00e9e":"3 minutes"},"schema":{"@context":"https:\/\/schema.org","@graph":[{"@type":"WebPage","@id":"https:\/\/theo.niranbio.com\/fr\/proteine-de-soja-texturee.html","url":"https:\/\/theo.niranbio.com\/fr\/proteine-de-soja-texturee.html","name":"Prot\u00e9ine de soja textur\u00e9 en vrac, achetez des ingr\u00e9dients de prot\u00e9ines de soja textur\u00e9s | Niranbio Chemical","isPartOf":{"@id":"https:\/\/theo.niranbio.com\/fr\/#website"},"primaryImageOfPage":{"@id":"https:\/\/theo.niranbio.com\/fr\/proteine-de-soja-texturee.html#primaryimage"},"image":{"@id":"https:\/\/theo.niranbio.com\/fr\/proteine-de-soja-texturee.html#primaryimage"},"thumbnailUrl":"https:\/\/theo.niranbio.com\/wp-content\/uploads\/2024\/06\/Textured-Soy-Protein.webp","datePublished":"2024-06-20T03:39:47+00:00","dateModified":"2024-08-19T06:09:50+00:00","description":"Notre prot\u00e9ine de soja textur\u00e9 est disponible sous forme de granul\u00e9s, de flocons, de blocs et de charges, entre autres tailles et formes, elle est largement utilis\u00e9e dans les produits \u00e0 base de viande et d'imitation de viande.","breadcrumb":{"@id":"https:\/\/theo.niranbio.com\/fr\/proteine-de-soja-texturee.html#breadcrumb"},"inLanguage":"fr-FR","potentialAction":[{"@type":"ReadAction","target":["https:\/\/theo.niranbio.com\/fr\/proteine-de-soja-texturee.html"]}]},{"@type":"ImageObject","inLanguage":"fr-FR","@id":"https:\/\/theo.niranbio.com\/fr\/proteine-de-soja-texturee.html#primaryimage","url":"https:\/\/theo.niranbio.com\/wp-content\/uploads\/2024\/06\/Textured-Soy-Protein.webp","contentUrl":"https:\/\/theo.niranbio.com\/wp-content\/uploads\/2024\/06\/Textured-Soy-Protein.webp","width":600,"height":600,"caption":"Prot\u00e9ine de soja textur\u00e9e"},{"@type":"BreadcrumbList","@id":"https:\/\/theo.niranbio.com\/fr\/proteine-de-soja-texturee.html#breadcrumb","itemListElement":[{"@type":"ListItem","position":1,"name":"Home","item":"https:\/\/theo.niranbio.com\/fr\/"},{"@type":"ListItem","position":2,"name":"Produits","item":"https:\/\/theo.niranbio.com\/fr\/produits.html"},{"@type":"ListItem","position":3,"name":"Prot\u00e9ique","item":"https:\/\/theo.niranbio.com\/fr\/produit-proteique\/"},{"@type":"ListItem","position":4,"name":"Prot\u00e9ine de soja textur\u00e9"}]},{"@type":"WebSite","@id":"https:\/\/theo.niranbio.com\/fr\/#website","url":"https:\/\/theo.niranbio.com\/fr\/","name":"Niranbio Chemical","description":"","publisher":{"@id":"https:\/\/theo.niranbio.com\/fr\/#organization"},"potentialAction":[{"@type":"SearchAction","target":{"@type":"EntryPoint","urlTemplate":"https:\/\/theo.niranbio.com\/fr\/?s={search_term_string}"},"query-input":{"@type":"PropertyValueSpecification","valueRequired":true,"valueName":"search_term_string"}}],"inLanguage":"fr-FR"},{"@type":"Organization","@id":"https:\/\/theo.niranbio.com\/fr\/#organization","name":"Niranbio Chemical","url":"https:\/\/theo.niranbio.com\/fr\/","logo":{"@type":"ImageObject","inLanguage":"fr-FR","@id":"https:\/\/theo.niranbio.com\/fr\/#\/schema\/logo\/image\/","url":"https:\/\/theo.niranbio.com\/wp-content\/uploads\/2024\/06\/Niranbio.png","contentUrl":"https:\/\/theo.niranbio.com\/wp-content\/uploads\/2024\/06\/Niranbio.png","width":270,"height":100,"caption":"Niranbio Chemical"},"image":{"@id":"https:\/\/theo.niranbio.com\/fr\/#\/schema\/logo\/image\/"}}]}},"_links":{"self":[{"href":"https:\/\/theo.niranbio.com\/fr\/wp-json\/wp\/v2\/product\/9805","targetHints":{"allow":["GET"]}}],"collection":[{"href":"https:\/\/theo.niranbio.com\/fr\/wp-json\/wp\/v2\/product"}],"about":[{"href":"https:\/\/theo.niranbio.com\/fr\/wp-json\/wp\/v2\/types\/product"}],"version-history":[{"count":0,"href":"https:\/\/theo.niranbio.com\/fr\/wp-json\/wp\/v2\/product\/9805\/revisions"}],"wp:featuredmedia":[{"embeddable":true,"href":"https:\/\/theo.niranbio.com\/fr\/wp-json\/wp\/v2\/media\/9807"}],"wp:attachment":[{"href":"https:\/\/theo.niranbio.com\/fr\/wp-json\/wp\/v2\/media?parent=9805"}],"wp:term":[{"taxonomy":"product_brand","embeddable":true,"href":"https:\/\/theo.niranbio.com\/fr\/wp-json\/wp\/v2\/product_brand?post=9805"},{"taxonomy":"product_cat","embeddable":true,"href":"https:\/\/theo.niranbio.com\/fr\/wp-json\/wp\/v2\/product_cat?post=9805"},{"taxonomy":"product_tag","embeddable":true,"href":"https:\/\/theo.niranbio.com\/fr\/wp-json\/wp\/v2\/product_tag?post=9805"}],"curies":[{"name":"wp","href":"https:\/\/api.w.org\/{rel}","templated":true}]}}