{"id":9795,"date":"2024-06-20T11:49:50","date_gmt":"2024-06-20T03:49:50","guid":{"rendered":"https:\/\/theo.niranbio.com\/monostearate-de-glyceryle-gms\/"},"modified":"2024-08-19T13:59:39","modified_gmt":"2024-08-19T05:59:39","slug":"monostearate-de-glyceryle-gms","status":"publish","type":"product","link":"https:\/\/theo.niranbio.com\/fr\/monostearate-de-glyceryle-gms.html","title":{"rendered":"Monost\u00e9arate de glyc\u00e9ryle (GMS)"},"content":{"rendered":"<h2><span class=\"ez-toc-section\" id=\"Quest-ce_que_le_monostearate_de_glyceryle\"><\/span>Qu&rsquo;est-ce que le monost\u00e9arate de glyc\u00e9ryle ?<span class=\"ez-toc-section-end\"><\/span><\/h2>\n<p>Le monost\u00e9arate de glyc\u00e9ryle est un compos\u00e9 organique d&rsquo;apparence poudreuse blanche. Il est principalement utilis\u00e9 comme antioxydant, stabilisant et \u00e9mulsifiant dans l&rsquo;industrie alimentaire. Il am\u00e9liore l&rsquo;\u00e9mulsification de l&rsquo;huile et de l&rsquo;eau, am\u00e9liore la stabilit\u00e9 de la p\u00e2te, am\u00e9liore le volume et la texture des aliments et prolonge la dur\u00e9e de conservation des aliments pour assurer la consistance et la fra\u00eecheur des aliments. Il est fr\u00e9quemment utilis\u00e9 pour rehausser la saveur et pr\u00e9server la consistance des produits de boulangerie, notamment le pain, les g\u00e2teaux et les biscuits. Le processus de pr\u00e9paration du monost\u00e9arate de glyc\u00e9ryle en Chine comprend principalement la synth\u00e8se chimique, la r\u00e9action d&rsquo;est\u00e9rification et l&rsquo;hydrog\u00e9nation.<\/p>\n<p>Parmi eux, la synth\u00e8se chimique est le processus de production le plus courant. Il g\u00e9n\u00e8re du monost\u00e9arate de glyc\u00e9rol en chauffant l&rsquo;acide st\u00e9arique et le glyc\u00e9rol sous l&rsquo;action d&rsquo;un catalyseur. Apr\u00e8s la r\u00e9action, le produit est purifi\u00e9 par neutralisation, lavage, cristallisation par refroidissement ou distillation pour garantir l&rsquo;obtention d&rsquo;un monost\u00e9arate de glyc\u00e9rol de haute puret\u00e9. La m\u00e9thode de r\u00e9action d&rsquo;est\u00e9rification est \u00e9galement couramment utilis\u00e9e pour pr\u00e9parer le monost\u00e9arate de glyc\u00e9rol.<\/p>\n<p>Cette m\u00e9thode est\u00e9rifie l&rsquo;acide st\u00e9arique et le glyc\u00e9rol sous l&rsquo;action d&rsquo;un catalyseur appropri\u00e9, et contr\u00f4le la temp\u00e9rature et la pression de r\u00e9action pour am\u00e9liorer l&rsquo;efficacit\u00e9 de la r\u00e9action. Apr\u00e8s la r\u00e9action, le produit est refroidi et filtr\u00e9 pour \u00e9liminer les sous-produits et les ingr\u00e9dients sources n&rsquo;ayant pas r\u00e9agi afin de cr\u00e9er le produit de qualit\u00e9 alimentaire souhait\u00e9. L&rsquo;hydrog\u00e9nation est principalement utilis\u00e9e pour produire du monost\u00e9arate de glyc\u00e9rol aux propri\u00e9t\u00e9s sp\u00e9cifiques. Ce proc\u00e9d\u00e9 consiste \u00e0 hydrog\u00e9ner l&rsquo;acide st\u00e9arique puis \u00e0 l&rsquo;est\u00e9rifier. Bien que cette m\u00e9thode soit moins utilis\u00e9e, elle peut toujours fournir les propri\u00e9t\u00e9s de produit souhait\u00e9es pour des applications sp\u00e9cifiques. Le produit final doit \u00e9galement \u00eatre s\u00e9par\u00e9 et purifi\u00e9.<\/p>\n<h2><span class=\"ez-toc-section\" id=\"Parametres_associes\"><\/span>Param\u00e8tres associ\u00e9s :<span class=\"ez-toc-section-end\"><\/span><\/h2>\n<table>\n<tbody>\n<tr>\n<td><strong>\u00c9L\u00c9MENTS<\/strong><\/td>\n<td><strong>STANDARD<\/strong><\/td>\n<\/tr>\n<tr>\n<td>Teneur en monoglyc\u00e9rides (%)<\/td>\n<td>40.5-48<\/td>\n<\/tr>\n<tr>\n<td>Indice d&rsquo;acidit\u00e9 (en KOH mg\/g)<\/td>\n<td>\u22662.5<\/td>\n<\/tr>\n<tr>\n<td>Glyc\u00e9rol libre\uff08g\/100g\uff09<\/td>\n<td>\u22666.5<\/td>\n<\/tr>\n<tr>\n<td>Arsenic \uff08As\uff0cmg\/kg\uff09<\/td>\n<td>\u22662.0<\/td>\n<\/tr>\n<tr>\n<td>Plomb\uff08Pb\uff0cmg\/kg\uff09<\/td>\n<td>\u22662.0<\/td>\n<\/tr>\n<\/tbody>\n<\/table>\n<h2><span class=\"ez-toc-section\" id=\"Dosage_recommande\"><\/span>Dosage recommand\u00e9 :<span class=\"ez-toc-section-end\"><\/span><\/h2>\n<table>\n<tbody>\n<tr>\n<td><strong>Nom de l&rsquo;aliment<\/strong><\/td>\n<td><strong>Utilisation maximale (g\/kg)<\/strong><\/td>\n<\/tr>\n<tr>\n<td>Pain<\/td>\n<td>0,5-1,0 g\/kg<\/td>\n<\/tr>\n<tr>\n<td>G\u00e2teaux<\/td>\n<td>0,5-1,0 g\/kg<\/td>\n<\/tr>\n<tr>\n<td>Biscuits<\/td>\n<td>0,5-1,0 g\/kg<\/td>\n<\/tr>\n<tr>\n<td>Gaufres<\/td>\n<td>0,5-1,0 g\/kg<\/td>\n<\/tr>\n<tr>\n<td>Assaisonnements<\/td>\n<td>0,5-1,0 g\/kg<\/td>\n<\/tr>\n<tr>\n<td>Sauces<\/td>\n<td>0,5-1,0 g\/kg<\/td>\n<\/tr>\n<tr>\n<td>Produits fromagers<\/td>\n<td>0,5-1,0 g\/kg<\/td>\n<\/tr>\n<tr>\n<td>Cr\u00e8me glac\u00e9e<\/td>\n<td>0,5-1,0 g\/kg<\/td>\n<\/tr>\n<tr>\n<td>Gel\u00e9e<\/td>\n<td>0,5-1,0 g\/kg<\/td>\n<\/tr>\n<tr>\n<td>Pudding<\/td>\n<td>0,5-1,0 g\/kg<\/td>\n<\/tr>\n<tr>\n<td>Bonbons<\/td>\n<td>0,5-1,0 g\/kg<\/td>\n<\/tr>\n<tr>\n<td>Chocolat<\/td>\n<td>0,5-1,0 g\/kg<\/td>\n<\/tr>\n<tr>\n<td>Hamburgers<\/td>\n<td>0,5-1,0 g\/kg<\/td>\n<\/tr>\n<tr>\n<td>Saucisses \u00e0 hot-dog<\/td>\n<td>0,5-1,0 g\/kg<\/td>\n<\/tr>\n<\/tbody>\n<\/table>\n<h2><span class=\"ez-toc-section\" id=\"La_poudre_de_gingembre_a_une_large_gamme_dutilisations\"><\/span>La poudre de gingembre a une large gamme d&rsquo;utilisations<span class=\"ez-toc-section-end\"><\/span><\/h2>\n<ol>\n<li>\u00c9mulsification : le GMS combine l&rsquo;eau et l&rsquo;huile pour former une \u00e9mulsion stable et fonctionne efficacement comme \u00e9mulsifiant. Cette \u00e9mulsification est essentielle \u00e0 l&rsquo;uniformit\u00e9 et \u00e0 la stabilit\u00e9 de nombreux aliments. Par exemple, dans les condiments, les sauces, les glaces et d&rsquo;autres produits, le GMS peut emp\u00eacher l&rsquo;huile et l&rsquo;eau de se stratifier et rendre la texture du produit final plus uniforme.<\/li>\n<li>Am\u00e9liorer la texture des aliments : dans les aliments cuits au four, le GMS peut am\u00e9liorer la stabilit\u00e9 et la r\u00e9tention de gaz de la p\u00e2te, am\u00e9liorant ainsi le volume et la texture des aliments. Par exemple, il peut rendre les produits cuits au four tels que le pain et les g\u00e2teaux plus moelleux et plus d\u00e9licats, r\u00e9duisant ainsi le durcissement et le dess\u00e8chement.<\/li>\n<li>Augmenter la stabilit\u00e9 des aliments : le GMS peut retarder l&rsquo;oxydation des graisses et des huiles dans les aliments, prolongeant ainsi la dur\u00e9e de conservation des aliments et pr\u00e9servant la saveur et la valeur nutritionnelle des aliments. Il joue un r\u00f4le stabilisateur dans certains aliments riches en mati\u00e8res grasses, emp\u00eachant la d\u00e9composition et la d\u00e9t\u00e9rioration de l&rsquo;huile.<\/li>\n<li>Am\u00e9liorer les performances de traitement : dans la transformation des aliments, le GMS peut am\u00e9liorer l&rsquo;efficacit\u00e9 du m\u00e9lange et de l&rsquo;agitation et am\u00e9liorer la fluidit\u00e9 du processus de production. Par exemple, l\u2019ajout de GMS pendant la production peut r\u00e9duire l\u2019adh\u00e9rence des ingr\u00e9dients et simplifier le nettoyage de l\u2019\u00e9quipement.<\/li>\n<\/ol>\n<h2><span class=\"ez-toc-section\" id=\"Question_posee_par_lutilisateur\"><\/span>Question pos\u00e9e par l&rsquo;utilisateur :<span class=\"ez-toc-section-end\"><\/span><\/h2>\n<p>Question : Le monost\u00e9arate de glyc\u00e9ryle provoque-t-il des effets sur la peau ?<\/p>\n<p>R\u00e9ponse : En g\u00e9n\u00e9ral, le monost\u00e9arate de glyc\u00e9ryle (GMS) est sans danger pour la peau et n&rsquo;a aucun effet ind\u00e9sirable. Ce produit chimique est fr\u00e9quemment utilis\u00e9 dans les aliments, les cosm\u00e9tiques et les produits de soins de la peau comme \u00e9mulsifiant et stabilisant ; les r\u00e9actions allergiques ou les irritations cutan\u00e9es sont des effets secondaires inhabituels. Cependant, un tr\u00e8s petit nombre de personnes peuvent ressentir une l\u00e9g\u00e8re irritation ou des r\u00e9actions allergiques au GMS ou \u00e0 d&rsquo;autres ingr\u00e9dients, ce qui est g\u00e9n\u00e9ralement li\u00e9 \u00e0 la sensibilit\u00e9 individuelle de la peau.<\/p>\n<p>Dans l&rsquo;ensemble, le GMS a un indice de s\u00e9curit\u00e9 cutan\u00e9e \u00e9lev\u00e9 et la plupart des personnes ne rencontreront pas de probl\u00e8mes lors de l&rsquo;utilisation de produits contenant du GMS. Pour s&rsquo;assurer qu&rsquo;il n&rsquo;y a pas de r\u00e9actions n\u00e9gatives, un test local doit \u00eatre effectu\u00e9 avant utilisation pour les personnes ayant une peau extr\u00eamement sensible ou des ant\u00e9c\u00e9dents d&rsquo;allergies. Si vous ressentez une g\u00eane, vous devez cesser imm\u00e9diatement de l&rsquo;utiliser et consulter un expert m\u00e9dical.<\/p>\n","protected":false},"excerpt":{"rendered":"<ul>\n<li>CAS: 123-94-4<\/li>\n<li>Formule chimique:C<sub>21<\/sub>H<sub>42<\/sub>O<sub>4<\/sub><\/li>\n<li>Certifications : KOSHER, ISO, HALAL, FSSC 22000, BRC, etc.<\/li>\n<li>Quantit\u00e9 minimum de commande : 1000 kg<\/li>\n<li>Dur\u00e9e de conservation : 2 ans<\/li>\n<\/ul>\n","protected":false},"featured_media":9796,"template":"","meta":{"site-sidebar-layout":"default","site-content-layout":"","ast-site-content-layout":"default","site-content-style":"default","site-sidebar-style":"default","ast-global-header-display":"","ast-banner-title-visibility":"","ast-main-header-display":"","ast-hfb-above-header-display":"","ast-hfb-below-header-display":"","ast-hfb-mobile-header-display":"","site-post-title":"","ast-breadcrumbs-content":"","ast-featured-img":"","footer-sml-layout":"","theme-transparent-header-meta":"default","adv-header-id-meta":"","stick-header-meta":"","header-above-stick-meta":"","header-main-stick-meta":"","header-below-stick-meta":"","astra-migrate-meta-layouts":"set","ast-page-background-enabled":"default","ast-page-background-meta":{"desktop":{"background-color":"var(--ast-global-color-4)","background-image":"","background-repeat":"repeat","background-position":"center center","background-size":"auto","background-attachment":"scroll","background-type":"","background-media":"","overlay-type":"","overlay-color":"","overlay-opacity":"","overlay-gradient":""},"tablet":{"background-color":"","background-image":"","background-repeat":"repeat","background-position":"center center","background-size":"auto","background-attachment":"scroll","background-type":"","background-media":"","overlay-type":"","overlay-color":"","overlay-opacity":"","overlay-gradient":""},"mobile":{"background-color":"","background-image":"","background-repeat":"repeat","background-position":"center center","background-size":"auto","background-attachment":"scroll","background-type":"","background-media":"","overlay-type":"","overlay-color":"","overlay-opacity":"","overlay-gradient":""}},"ast-content-background-meta":{"desktop":{"background-color":"var(--ast-global-color-5)","background-image":"","background-repeat":"repeat","background-position":"center center","background-size":"auto","background-attachment":"scroll","background-type":"","background-media":"","overlay-type":"","overlay-color":"","overlay-opacity":"","overlay-gradient":""},"tablet":{"background-color":"var(--ast-global-color-5)","background-image":"","background-repeat":"repeat","background-position":"center center","background-size":"auto","background-attachment":"scroll","background-type":"","background-media":"","overlay-type":"","overlay-color":"","overlay-opacity":"","overlay-gradient":""},"mobile":{"background-color":"var(--ast-global-color-5)","background-image":"","background-repeat":"repeat","background-position":"center center","background-size":"auto","background-attachment":"scroll","background-type":"","background-media":"","overlay-type":"","overlay-color":"","overlay-opacity":"","overlay-gradient":""}}},"product_brand":[],"product_cat":[104],"product_tag":[],"class_list":{"0":"post-9795","1":"product","2":"type-product","3":"status-publish","4":"has-post-thumbnail","6":"product_cat-produit-emulsifiant","7":"desktop-align-center","8":"tablet-align-left","9":"mobile-align-left","11":"first","12":"instock","13":"shipping-taxable","14":"product-type-simple"},"yoast_head":"<!-- This site is optimized with the Yoast SEO plugin v26.5 - https:\/\/yoast.com\/wordpress\/plugins\/seo\/ -->\n<title>Fournisseur de monost\u00e9arate de glyc\u00e9ryle, prix de la poudre GMS de qualit\u00e9 alimentaire | Niranbio Chemical<\/title>\n<meta name=\"description\" content=\"Le monost\u00e9arate de glyc\u00e9ryle (E471) est un compos\u00e9 organique d&#039;apparence poudre blanche, principalement utilis\u00e9 comme antioxydant, stabilisant et \u00e9mulsifiant dans l&#039;industrie alimentaire.\" \/>\n<meta name=\"robots\" content=\"noindex, follow, max-snippet:-1, max-image-preview:large, max-video-preview:-1\" \/>\n<meta name=\"twitter:label1\" content=\"Dur\u00e9e de lecture estim\u00e9e\" \/>\n\t<meta name=\"twitter:data1\" content=\"4 minutes\" \/>\n<script type=\"application\/ld+json\" class=\"yoast-schema-graph\">{\"@context\":\"https:\/\/schema.org\",\"@graph\":[{\"@type\":\"WebPage\",\"@id\":\"https:\/\/theo.niranbio.com\/fr\/monostearate-de-glyceryle-gms.html\",\"url\":\"https:\/\/theo.niranbio.com\/fr\/monostearate-de-glyceryle-gms.html\",\"name\":\"Fournisseur de monost\u00e9arate de glyc\u00e9ryle, prix de la poudre GMS de qualit\u00e9 alimentaire | Niranbio Chemical\",\"isPartOf\":{\"@id\":\"https:\/\/theo.niranbio.com\/fr\/#website\"},\"primaryImageOfPage\":{\"@id\":\"https:\/\/theo.niranbio.com\/fr\/monostearate-de-glyceryle-gms.html#primaryimage\"},\"image\":{\"@id\":\"https:\/\/theo.niranbio.com\/fr\/monostearate-de-glyceryle-gms.html#primaryimage\"},\"thumbnailUrl\":\"https:\/\/theo.niranbio.com\/wp-content\/uploads\/2024\/06\/Glyceryl-Monostearate\uff08GMS\uff09.webp\",\"datePublished\":\"2024-06-20T03:49:50+00:00\",\"dateModified\":\"2024-08-19T05:59:39+00:00\",\"description\":\"Le monost\u00e9arate de glyc\u00e9ryle (E471) est un compos\u00e9 organique d'apparence poudre blanche, principalement utilis\u00e9 comme antioxydant, stabilisant et \u00e9mulsifiant dans l'industrie alimentaire.\",\"breadcrumb\":{\"@id\":\"https:\/\/theo.niranbio.com\/fr\/monostearate-de-glyceryle-gms.html#breadcrumb\"},\"inLanguage\":\"fr-FR\",\"potentialAction\":[{\"@type\":\"ReadAction\",\"target\":[\"https:\/\/theo.niranbio.com\/fr\/monostearate-de-glyceryle-gms.html\"]}]},{\"@type\":\"ImageObject\",\"inLanguage\":\"fr-FR\",\"@id\":\"https:\/\/theo.niranbio.com\/fr\/monostearate-de-glyceryle-gms.html#primaryimage\",\"url\":\"https:\/\/theo.niranbio.com\/wp-content\/uploads\/2024\/06\/Glyceryl-Monostearate\uff08GMS\uff09.webp\",\"contentUrl\":\"https:\/\/theo.niranbio.com\/wp-content\/uploads\/2024\/06\/Glyceryl-Monostearate\uff08GMS\uff09.webp\",\"width\":600,\"height\":600,\"caption\":\"Monost\u00e9arate de glyc\u00e9ryle (GMS)\"},{\"@type\":\"BreadcrumbList\",\"@id\":\"https:\/\/theo.niranbio.com\/fr\/monostearate-de-glyceryle-gms.html#breadcrumb\",\"itemListElement\":[{\"@type\":\"ListItem\",\"position\":1,\"name\":\"Home\",\"item\":\"https:\/\/theo.niranbio.com\/fr\/\"},{\"@type\":\"ListItem\",\"position\":2,\"name\":\"Produits\",\"item\":\"https:\/\/theo.niranbio.com\/fr\/produits.html\"},{\"@type\":\"ListItem\",\"position\":3,\"name\":\"\u00c9mulsifiant\",\"item\":\"https:\/\/theo.niranbio.com\/fr\/produit-emulsifiant\/\"},{\"@type\":\"ListItem\",\"position\":4,\"name\":\"Monost\u00e9arate de glyc\u00e9ryle (GMS)\"}]},{\"@type\":\"WebSite\",\"@id\":\"https:\/\/theo.niranbio.com\/fr\/#website\",\"url\":\"https:\/\/theo.niranbio.com\/fr\/\",\"name\":\"Niranbio Chemical\",\"description\":\"\",\"publisher\":{\"@id\":\"https:\/\/theo.niranbio.com\/fr\/#organization\"},\"potentialAction\":[{\"@type\":\"SearchAction\",\"target\":{\"@type\":\"EntryPoint\",\"urlTemplate\":\"https:\/\/theo.niranbio.com\/fr\/?s={search_term_string}\"},\"query-input\":{\"@type\":\"PropertyValueSpecification\",\"valueRequired\":true,\"valueName\":\"search_term_string\"}}],\"inLanguage\":\"fr-FR\"},{\"@type\":\"Organization\",\"@id\":\"https:\/\/theo.niranbio.com\/fr\/#organization\",\"name\":\"Niranbio Chemical\",\"url\":\"https:\/\/theo.niranbio.com\/fr\/\",\"logo\":{\"@type\":\"ImageObject\",\"inLanguage\":\"fr-FR\",\"@id\":\"https:\/\/theo.niranbio.com\/fr\/#\/schema\/logo\/image\/\",\"url\":\"https:\/\/theo.niranbio.com\/wp-content\/uploads\/2024\/06\/Niranbio.png\",\"contentUrl\":\"https:\/\/theo.niranbio.com\/wp-content\/uploads\/2024\/06\/Niranbio.png\",\"width\":270,\"height\":100,\"caption\":\"Niranbio Chemical\"},\"image\":{\"@id\":\"https:\/\/theo.niranbio.com\/fr\/#\/schema\/logo\/image\/\"}}]}<\/script>\n<!-- \/ Yoast SEO plugin. -->","yoast_head_json":{"title":"Fournisseur de monost\u00e9arate de glyc\u00e9ryle, prix de la poudre GMS de qualit\u00e9 alimentaire | Niranbio Chemical","description":"Le monost\u00e9arate de glyc\u00e9ryle (E471) est un compos\u00e9 organique d'apparence poudre blanche, principalement utilis\u00e9 comme antioxydant, stabilisant et \u00e9mulsifiant dans l'industrie alimentaire.","robots":{"index":"noindex","follow":"follow","max-snippet":"max-snippet:-1","max-image-preview":"max-image-preview:large","max-video-preview":"max-video-preview:-1"},"twitter_misc":{"Dur\u00e9e de lecture estim\u00e9e":"4 minutes"},"schema":{"@context":"https:\/\/schema.org","@graph":[{"@type":"WebPage","@id":"https:\/\/theo.niranbio.com\/fr\/monostearate-de-glyceryle-gms.html","url":"https:\/\/theo.niranbio.com\/fr\/monostearate-de-glyceryle-gms.html","name":"Fournisseur de monost\u00e9arate de glyc\u00e9ryle, prix de la poudre GMS de qualit\u00e9 alimentaire | Niranbio Chemical","isPartOf":{"@id":"https:\/\/theo.niranbio.com\/fr\/#website"},"primaryImageOfPage":{"@id":"https:\/\/theo.niranbio.com\/fr\/monostearate-de-glyceryle-gms.html#primaryimage"},"image":{"@id":"https:\/\/theo.niranbio.com\/fr\/monostearate-de-glyceryle-gms.html#primaryimage"},"thumbnailUrl":"https:\/\/theo.niranbio.com\/wp-content\/uploads\/2024\/06\/Glyceryl-Monostearate\uff08GMS\uff09.webp","datePublished":"2024-06-20T03:49:50+00:00","dateModified":"2024-08-19T05:59:39+00:00","description":"Le monost\u00e9arate de glyc\u00e9ryle (E471) est un compos\u00e9 organique d'apparence poudre blanche, principalement utilis\u00e9 comme antioxydant, stabilisant et \u00e9mulsifiant dans l'industrie alimentaire.","breadcrumb":{"@id":"https:\/\/theo.niranbio.com\/fr\/monostearate-de-glyceryle-gms.html#breadcrumb"},"inLanguage":"fr-FR","potentialAction":[{"@type":"ReadAction","target":["https:\/\/theo.niranbio.com\/fr\/monostearate-de-glyceryle-gms.html"]}]},{"@type":"ImageObject","inLanguage":"fr-FR","@id":"https:\/\/theo.niranbio.com\/fr\/monostearate-de-glyceryle-gms.html#primaryimage","url":"https:\/\/theo.niranbio.com\/wp-content\/uploads\/2024\/06\/Glyceryl-Monostearate\uff08GMS\uff09.webp","contentUrl":"https:\/\/theo.niranbio.com\/wp-content\/uploads\/2024\/06\/Glyceryl-Monostearate\uff08GMS\uff09.webp","width":600,"height":600,"caption":"Monost\u00e9arate de glyc\u00e9ryle (GMS)"},{"@type":"BreadcrumbList","@id":"https:\/\/theo.niranbio.com\/fr\/monostearate-de-glyceryle-gms.html#breadcrumb","itemListElement":[{"@type":"ListItem","position":1,"name":"Home","item":"https:\/\/theo.niranbio.com\/fr\/"},{"@type":"ListItem","position":2,"name":"Produits","item":"https:\/\/theo.niranbio.com\/fr\/produits.html"},{"@type":"ListItem","position":3,"name":"\u00c9mulsifiant","item":"https:\/\/theo.niranbio.com\/fr\/produit-emulsifiant\/"},{"@type":"ListItem","position":4,"name":"Monost\u00e9arate de glyc\u00e9ryle (GMS)"}]},{"@type":"WebSite","@id":"https:\/\/theo.niranbio.com\/fr\/#website","url":"https:\/\/theo.niranbio.com\/fr\/","name":"Niranbio Chemical","description":"","publisher":{"@id":"https:\/\/theo.niranbio.com\/fr\/#organization"},"potentialAction":[{"@type":"SearchAction","target":{"@type":"EntryPoint","urlTemplate":"https:\/\/theo.niranbio.com\/fr\/?s={search_term_string}"},"query-input":{"@type":"PropertyValueSpecification","valueRequired":true,"valueName":"search_term_string"}}],"inLanguage":"fr-FR"},{"@type":"Organization","@id":"https:\/\/theo.niranbio.com\/fr\/#organization","name":"Niranbio Chemical","url":"https:\/\/theo.niranbio.com\/fr\/","logo":{"@type":"ImageObject","inLanguage":"fr-FR","@id":"https:\/\/theo.niranbio.com\/fr\/#\/schema\/logo\/image\/","url":"https:\/\/theo.niranbio.com\/wp-content\/uploads\/2024\/06\/Niranbio.png","contentUrl":"https:\/\/theo.niranbio.com\/wp-content\/uploads\/2024\/06\/Niranbio.png","width":270,"height":100,"caption":"Niranbio Chemical"},"image":{"@id":"https:\/\/theo.niranbio.com\/fr\/#\/schema\/logo\/image\/"}}]}},"_links":{"self":[{"href":"https:\/\/theo.niranbio.com\/fr\/wp-json\/wp\/v2\/product\/9795","targetHints":{"allow":["GET"]}}],"collection":[{"href":"https:\/\/theo.niranbio.com\/fr\/wp-json\/wp\/v2\/product"}],"about":[{"href":"https:\/\/theo.niranbio.com\/fr\/wp-json\/wp\/v2\/types\/product"}],"version-history":[{"count":0,"href":"https:\/\/theo.niranbio.com\/fr\/wp-json\/wp\/v2\/product\/9795\/revisions"}],"wp:featuredmedia":[{"embeddable":true,"href":"https:\/\/theo.niranbio.com\/fr\/wp-json\/wp\/v2\/media\/9796"}],"wp:attachment":[{"href":"https:\/\/theo.niranbio.com\/fr\/wp-json\/wp\/v2\/media?parent=9795"}],"wp:term":[{"taxonomy":"product_brand","embeddable":true,"href":"https:\/\/theo.niranbio.com\/fr\/wp-json\/wp\/v2\/product_brand?post=9795"},{"taxonomy":"product_cat","embeddable":true,"href":"https:\/\/theo.niranbio.com\/fr\/wp-json\/wp\/v2\/product_cat?post=9795"},{"taxonomy":"product_tag","embeddable":true,"href":"https:\/\/theo.niranbio.com\/fr\/wp-json\/wp\/v2\/product_tag?post=9795"}],"curies":[{"name":"wp","href":"https:\/\/api.w.org\/{rel}","templated":true}]}}