{"id":9781,"date":"2024-06-20T11:50:58","date_gmt":"2024-06-20T03:50:58","guid":{"rendered":"https:\/\/theo.niranbio.com\/esters-dacide-diacetyle-tartrique-de-monoglycerides-datem\/"},"modified":"2024-08-19T13:57:21","modified_gmt":"2024-08-19T05:57:21","slug":"esters-dacide-diacetyle-tartrique-de-monoglycerides-datem","status":"publish","type":"product","link":"https:\/\/theo.niranbio.com\/fr\/esters-dacide-diacetyle-tartrique-de-monoglycerides-datem.html","title":{"rendered":"Esters d&rsquo;acide diac\u00e9tyle tartrique de monoglyc\u00e9rides (DATEM)"},"content":{"rendered":"<h2><span class=\"ez-toc-section\" id=\"Quest-ce_que_les_esters_dacide_diacetyle_tartrique_de_monoglycerides\"><\/span>Qu&rsquo;est-ce que les esters d&rsquo;acide diac\u00e9tyle tartrique de monoglyc\u00e9rides ?<span class=\"ez-toc-section-end\"><\/span><\/h2>\n<p>L&rsquo;industrie alimentaire utilise fr\u00e9quemment les esters d&rsquo;acide diac\u00e9tyle tartrique de monoglyc\u00e9rides comme \u00e9mulsifiant et stabilisant. Il est principalement utilis\u00e9 dans le pain et les produits de boulangerie pour am\u00e9liorer la stabilit\u00e9 de la p\u00e2te, am\u00e9liorer la r\u00e9tention de gaz et am\u00e9liorer le volume et la texture des aliments. Le DATEM, qui est souvent une poudre blanche, garantit la qualit\u00e9 et la saveur des produits de boulangerie en restant stable \u00e0 haute temp\u00e9rature et en \u00e9tant difficile \u00e0 d\u00e9composer. Dans l&rsquo;industrie alimentaire, les esters d&rsquo;acide diac\u00e9tyle tartrique de monoglyc\u00e9rides sont fr\u00e9quemment utilis\u00e9s comme stabilisants et \u00e9mulsifiants.<\/p>\n<p>Il est principalement utilis\u00e9 dans le pain et les produits de boulangerie pour am\u00e9liorer la stabilit\u00e9 de la p\u00e2te, renforcer la capacit\u00e9 de r\u00e9tention de gaz et am\u00e9liorer le volume et la texture des aliments. Le DATEM, qui se pr\u00e9sente souvent sous la forme d&rsquo;une poudre blanche, garantit la qualit\u00e9 et la saveur des produits de boulangerie en \u00e9tant stable \u00e0 haute temp\u00e9rature et difficile \u00e0 d\u00e9composer. En Chine, les m\u00e9thodes les plus courantes de pr\u00e9paration du DATEM sont les suivantes :<\/p>\n<ol>\n<li>M\u00e9thode d&rsquo;est\u00e9rification catalys\u00e9e par acide Il s&rsquo;agit de la m\u00e9thode de pr\u00e9paration la plus couramment utilis\u00e9e, qui consiste \u00e0 est\u00e9rifier le monoglyc\u00e9ride avec de l&rsquo;acide tartrique sous l&rsquo;action d&rsquo;un catalyseur acide. Cette m\u00e9thode contr\u00f4le les conditions de r\u00e9action (telles que la temp\u00e9rature, la pression, le temps de r\u00e9action, etc.) pendant le processus de pr\u00e9paration pour garantir la qualit\u00e9 du produit. La m\u00e9thode d&rsquo;est\u00e9rification catalys\u00e9e par acide pr\u00e9sente une bonne efficacit\u00e9 de r\u00e9action et une grande puret\u00e9 du produit.<\/li>\n<li>M\u00e9thode de transest\u00e9rification La m\u00e9thode de transest\u00e9rification est une autre m\u00e9thode de pr\u00e9paration courante. Dans ce processus, un produit interm\u00e9diaire contenant de l&rsquo;acide tartrique et du glyc\u00e9rol est d&rsquo;abord pr\u00e9par\u00e9, puis converti en DATEM par une r\u00e9action d&rsquo;est\u00e9rification. Cette m\u00e9thode convient aux interm\u00e9diaires qui ont une certaine r\u00e9action d\u2019est\u00e9rification et peut am\u00e9liorer l\u2019efficacit\u00e9 de la r\u00e9action.<\/li>\n<li>M\u00e9thode d&rsquo;est\u00e9rification-neutralisation Cette m\u00e9thode g\u00e9n\u00e8re d&rsquo;abord un produit pr\u00e9liminaire par une r\u00e9action d&rsquo;est\u00e9rification, puis \u00e9limine les mati\u00e8res premi\u00e8res et les sous-produits n&rsquo;ayant pas r\u00e9agi par une r\u00e9action de neutralisation, et obtient enfin le DATEM. La m\u00e9thode d&rsquo;est\u00e9rification-neutralisation garantit la qualit\u00e9 et la stabilit\u00e9 du produit gr\u00e2ce \u00e0 deux \u00e9tapes de s\u00e9paration et de purification.<\/li>\n<\/ol>\n<h2><span class=\"ez-toc-section\" id=\"Parametres_associes\"><\/span>Param\u00e8tres associ\u00e9s :<span class=\"ez-toc-section-end\"><\/span><\/h2>\n<h2><span class=\"ez-toc-section\" id=\"Dosage_recommande\"><\/span>Dosage recommand\u00e9 :<span class=\"ez-toc-section-end\"><\/span><\/h2>\n<table>\n<tbody>\n<tr>\n<td><strong>Nom de l&rsquo;aliment<\/strong><\/td>\n<td><strong>Utilisation maximale (g\/kg)<\/strong><\/td>\n<\/tr>\n<tr>\n<td>Produits de boulangerie<\/td>\n<td>0,5-1,0 g\/kg<\/td>\n<\/tr>\n<tr>\n<td>G\u00e2teaux<\/td>\n<td>0,5-1,0 g\/kg<\/td>\n<\/tr>\n<tr>\n<td>Biscuits<\/td>\n<td>0,5-1,0 g\/kg<\/td>\n<\/tr>\n<tr>\n<td>Tartelettes aux \u0153ufs<\/td>\n<td>0,5-1,0 g\/kg<\/td>\n<\/tr>\n<tr>\n<td>Puffs<\/td>\n<td>0,5-1,0 g\/kg<\/td>\n<\/tr>\n<tr>\n<td>Beignets<\/td>\n<td>0,5-1,0 g\/kg<\/td>\n<\/tr>\n<tr>\n<td>Tartes aux fruits<\/td>\n<td>0,5-1,0 g\/kg<\/td>\n<\/tr>\n<tr>\n<td>Barres prot\u00e9in\u00e9es<\/td>\n<td>0,5-1,0 g\/kg<\/td>\n<\/tr>\n<tr>\n<td>Boissons prot\u00e9in\u00e9es<\/td>\n<td>0,5-1,0 g\/kg<\/td>\n<\/tr>\n<tr>\n<td>M\u00e9langes pour boulangerie<\/td>\n<td>0,5-1,0 g\/kg<\/td>\n<\/tr>\n<tr>\n<td>Produits laitiers<\/td>\n<td>0,5-1,0 g\/kg<\/td>\n<\/tr>\n<tr>\n<td>Produits fromagers<\/td>\n<td>0,5-1,0 g\/kg<\/td>\n<\/tr>\n<tr>\n<td>Aliments pr\u00eats \u00e0 consommer<\/td>\n<td>0,5-1,0 g\/kg<\/td>\n<\/tr>\n<tr>\n<td>Assaisonnements<\/td>\n<td>0,5-1,0 g\/kg<\/td>\n<\/tr>\n<\/tbody>\n<\/table>\n<h2><span class=\"ez-toc-section\" id=\"Les_esters_dacide_tartrique_diacetylique_de_monoglycerides_ont_une_large_gamme_dutilisations\"><\/span>Les esters d&rsquo;acide tartrique diac\u00e9tylique de monoglyc\u00e9rides ont une large gamme d&rsquo;utilisations<span class=\"ez-toc-section-end\"><\/span><\/h2>\n<ol>\n<li>\u00c9mulsification : Le DATEM est un \u00e9mulsifiant et un stabilisateur tr\u00e8s efficace. Sa fonction principale est de stabiliser les \u00e9mulsions, d&#8217;emp\u00eacher la stratification huile-eau, d&rsquo;am\u00e9liorer l&rsquo;\u00e9mulsification et de r\u00e9partir uniform\u00e9ment l&rsquo;huile et l&rsquo;eau dans les aliments, am\u00e9liorant ainsi le go\u00fbt et l&rsquo;apparence des aliments.<\/li>\n<li>Stabilit\u00e9 de la p\u00e2te : DATEM peut am\u00e9liorer consid\u00e9rablement la stabilit\u00e9 et les propri\u00e9t\u00e9s m\u00e9caniques de la p\u00e2te, am\u00e9liorer la capacit\u00e9 de r\u00e9tention de gaz et donner au pain et aux autres produits de boulangerie un volume plus important et une texture plus douce pendant la fermentation et la cuisson. Il peut emp\u00eacher la p\u00e2te de trop se dilater ou de trop r\u00e9tr\u00e9cir, garantissant ainsi la coh\u00e9rence de la qualit\u00e9 du produit final.<\/li>\n<li>Am\u00e9liorer la qualit\u00e9 des aliments : DATEM peut \u00e9galement am\u00e9liorer la qualit\u00e9 des aliments, augmenter le volume et la densit\u00e9, rendre les produits de boulangerie tels que le pain et les g\u00e2teaux plus moelleux et uniformes, et r\u00e9duire la densit\u00e9 et la duret\u00e9 du produit.<\/li>\n<\/ol>\n<p>De plus, il peut retarder le rassissement des aliments et maintenir la fra\u00eecheur et la douceur des aliments.<\/p>\n<h2><span class=\"ez-toc-section\" id=\"Question_posee_par_lutilisateur\"><\/span>Question pos\u00e9e par l&rsquo;utilisateur :<span class=\"ez-toc-section-end\"><\/span><\/h2>\n<p>Question : Comment l&rsquo;utilisation de DATEM affecte-t-elle le go\u00fbt des aliments ?<\/p>\n<p>R\u00e9ponse : Les esters d&rsquo;acide diac\u00e9tyltartrique de monoglyc\u00e9rides peuvent am\u00e9liorer consid\u00e9rablement le go\u00fbt des aliments, principalement en am\u00e9liorant la stabilit\u00e9 de la p\u00e2te et la capacit\u00e9 de r\u00e9tention de gaz, rendant les produits de boulangerie tels que le pain et les g\u00e2teaux plus moelleux et plus d\u00e9licats.<\/p>\n<p>Il am\u00e9liore l&rsquo;uniformit\u00e9 et la texture des aliments, rendant chaque bouch\u00e9e plus consistante, tout en prolongeant la fra\u00eecheur des aliments et en r\u00e9duisant le risque de s\u00e9cheresse et de d\u00e9t\u00e9rioration. DATEM emp\u00eache \u00e9galement le r\u00e9tr\u00e9cissement de la p\u00e2te, conserve la forme et la structure d&rsquo;origine des aliments et am\u00e9liore encore le go\u00fbt et l&rsquo;apparence g\u00e9n\u00e9rale des aliments.<\/p>\n","protected":false},"excerpt":{"rendered":"<ul>\n<li>CAS: 100085-39-0<\/li>\n<li>Formule chimique: C<sub>22<\/sub>H<sub>42<\/sub>O<sub>9<\/sub><\/li>\n<li>Certifications : KOSHER, ISO, HALAL, FSSC 22000, BRC, etc.<\/li>\n<li>Norme : E472e<\/li>\n<li>Quantit\u00e9 minimum de commande : 1000 kg<\/li>\n<li>Dur\u00e9e de conservation : 2 ans<\/li>\n<\/ul>\n","protected":false},"featured_media":9783,"template":"","meta":{"site-sidebar-layout":"default","site-content-layout":"","ast-site-content-layout":"default","site-content-style":"default","site-sidebar-style":"default","ast-global-header-display":"","ast-banner-title-visibility":"","ast-main-header-display":"","ast-hfb-above-header-display":"","ast-hfb-below-header-display":"","ast-hfb-mobile-header-display":"","site-post-title":"","ast-breadcrumbs-content":"","ast-featured-img":"","footer-sml-layout":"","theme-transparent-header-meta":"default","adv-header-id-meta":"","stick-header-meta":"","header-above-stick-meta":"","header-main-stick-meta":"","header-below-stick-meta":"","astra-migrate-meta-layouts":"set","ast-page-background-enabled":"default","ast-page-background-meta":{"desktop":{"background-color":"var(--ast-global-color-4)","background-image":"","background-repeat":"repeat","background-position":"center center","background-size":"auto","background-attachment":"scroll","background-type":"","background-media":"","overlay-type":"","overlay-color":"","overlay-opacity":"","overlay-gradient":""},"tablet":{"background-color":"","background-image":"","background-repeat":"repeat","background-position":"center center","background-size":"auto","background-attachment":"scroll","background-type":"","background-media":"","overlay-type":"","overlay-color":"","overlay-opacity":"","overlay-gradient":""},"mobile":{"background-color":"","background-image":"","background-repeat":"repeat","background-position":"center center","background-size":"auto","background-attachment":"scroll","background-type":"","background-media":"","overlay-type":"","overlay-color":"","overlay-opacity":"","overlay-gradient":""}},"ast-content-background-meta":{"desktop":{"background-color":"var(--ast-global-color-5)","background-image":"","background-repeat":"repeat","background-position":"center center","background-size":"auto","background-attachment":"scroll","background-type":"","background-media":"","overlay-type":"","overlay-color":"","overlay-opacity":"","overlay-gradient":""},"tablet":{"background-color":"var(--ast-global-color-5)","background-image":"","background-repeat":"repeat","background-position":"center center","background-size":"auto","background-attachment":"scroll","background-type":"","background-media":"","overlay-type":"","overlay-color":"","overlay-opacity":"","overlay-gradient":""},"mobile":{"background-color":"var(--ast-global-color-5)","background-image":"","background-repeat":"repeat","background-position":"center center","background-size":"auto","background-attachment":"scroll","background-type":"","background-media":"","overlay-type":"","overlay-color":"","overlay-opacity":"","overlay-gradient":""}}},"product_brand":[],"product_cat":[104],"product_tag":[],"class_list":{"0":"post-9781","1":"product","2":"type-product","3":"status-publish","4":"has-post-thumbnail","6":"product_cat-produit-emulsifiant","7":"desktop-align-center","8":"tablet-align-left","9":"mobile-align-left","11":"first","12":"instock","13":"shipping-taxable","14":"product-type-simple"},"yoast_head":"<!-- This site is optimized with the Yoast SEO plugin v26.5 - https:\/\/yoast.com\/wordpress\/plugins\/seo\/ -->\n<title>Poudre DATEM e472e, ingr\u00e9dient alimentaire DATEM | Niranbio Chemical<\/title>\n<meta name=\"description\" content=\"Le DATEM est souvent une poudre blanche, qui garantit la qualit\u00e9 et la saveur des produits de boulangerie en restant stable \u00e0 haute temp\u00e9rature et en \u00e9tant difficile \u00e0 d\u00e9composer.\" \/>\n<meta name=\"robots\" content=\"noindex, follow, max-snippet:-1, max-image-preview:large, max-video-preview:-1\" \/>\n<meta name=\"twitter:label1\" content=\"Dur\u00e9e de lecture estim\u00e9e\" \/>\n\t<meta name=\"twitter:data1\" content=\"4 minutes\" \/>\n<script type=\"application\/ld+json\" class=\"yoast-schema-graph\">{\"@context\":\"https:\/\/schema.org\",\"@graph\":[{\"@type\":\"WebPage\",\"@id\":\"https:\/\/theo.niranbio.com\/fr\/esters-dacide-diacetyle-tartrique-de-monoglycerides-datem.html\",\"url\":\"https:\/\/theo.niranbio.com\/fr\/esters-dacide-diacetyle-tartrique-de-monoglycerides-datem.html\",\"name\":\"Poudre DATEM e472e, ingr\u00e9dient alimentaire DATEM | Niranbio Chemical\",\"isPartOf\":{\"@id\":\"https:\/\/theo.niranbio.com\/fr\/#website\"},\"primaryImageOfPage\":{\"@id\":\"https:\/\/theo.niranbio.com\/fr\/esters-dacide-diacetyle-tartrique-de-monoglycerides-datem.html#primaryimage\"},\"image\":{\"@id\":\"https:\/\/theo.niranbio.com\/fr\/esters-dacide-diacetyle-tartrique-de-monoglycerides-datem.html#primaryimage\"},\"thumbnailUrl\":\"https:\/\/theo.niranbio.com\/wp-content\/uploads\/2024\/06\/Diacetyl-Tartaric-Acid-Ester-of-Mono\uff08DATEM\uff09.webp\",\"datePublished\":\"2024-06-20T03:50:58+00:00\",\"dateModified\":\"2024-08-19T05:57:21+00:00\",\"description\":\"Le DATEM est souvent une poudre blanche, qui garantit la qualit\u00e9 et la saveur des produits de boulangerie en restant stable \u00e0 haute temp\u00e9rature et en \u00e9tant difficile \u00e0 d\u00e9composer.\",\"breadcrumb\":{\"@id\":\"https:\/\/theo.niranbio.com\/fr\/esters-dacide-diacetyle-tartrique-de-monoglycerides-datem.html#breadcrumb\"},\"inLanguage\":\"fr-FR\",\"potentialAction\":[{\"@type\":\"ReadAction\",\"target\":[\"https:\/\/theo.niranbio.com\/fr\/esters-dacide-diacetyle-tartrique-de-monoglycerides-datem.html\"]}]},{\"@type\":\"ImageObject\",\"inLanguage\":\"fr-FR\",\"@id\":\"https:\/\/theo.niranbio.com\/fr\/esters-dacide-diacetyle-tartrique-de-monoglycerides-datem.html#primaryimage\",\"url\":\"https:\/\/theo.niranbio.com\/wp-content\/uploads\/2024\/06\/Diacetyl-Tartaric-Acid-Ester-of-Mono\uff08DATEM\uff09.webp\",\"contentUrl\":\"https:\/\/theo.niranbio.com\/wp-content\/uploads\/2024\/06\/Diacetyl-Tartaric-Acid-Ester-of-Mono\uff08DATEM\uff09.webp\",\"width\":600,\"height\":600,\"caption\":\"Ester d'acide diac\u00e9tylique tartrique de mono\uff08DATEM\uff09\"},{\"@type\":\"BreadcrumbList\",\"@id\":\"https:\/\/theo.niranbio.com\/fr\/esters-dacide-diacetyle-tartrique-de-monoglycerides-datem.html#breadcrumb\",\"itemListElement\":[{\"@type\":\"ListItem\",\"position\":1,\"name\":\"Home\",\"item\":\"https:\/\/theo.niranbio.com\/fr\/\"},{\"@type\":\"ListItem\",\"position\":2,\"name\":\"Produits\",\"item\":\"https:\/\/theo.niranbio.com\/fr\/produits.html\"},{\"@type\":\"ListItem\",\"position\":3,\"name\":\"\u00c9mulsifiant\",\"item\":\"https:\/\/theo.niranbio.com\/fr\/produit-emulsifiant\/\"},{\"@type\":\"ListItem\",\"position\":4,\"name\":\"Esters d&#8217;acide diac\u00e9tyle tartrique de monoglyc\u00e9rides (DATEM)\"}]},{\"@type\":\"WebSite\",\"@id\":\"https:\/\/theo.niranbio.com\/fr\/#website\",\"url\":\"https:\/\/theo.niranbio.com\/fr\/\",\"name\":\"Niranbio Chemical\",\"description\":\"\",\"publisher\":{\"@id\":\"https:\/\/theo.niranbio.com\/fr\/#organization\"},\"potentialAction\":[{\"@type\":\"SearchAction\",\"target\":{\"@type\":\"EntryPoint\",\"urlTemplate\":\"https:\/\/theo.niranbio.com\/fr\/?s={search_term_string}\"},\"query-input\":{\"@type\":\"PropertyValueSpecification\",\"valueRequired\":true,\"valueName\":\"search_term_string\"}}],\"inLanguage\":\"fr-FR\"},{\"@type\":\"Organization\",\"@id\":\"https:\/\/theo.niranbio.com\/fr\/#organization\",\"name\":\"Niranbio Chemical\",\"url\":\"https:\/\/theo.niranbio.com\/fr\/\",\"logo\":{\"@type\":\"ImageObject\",\"inLanguage\":\"fr-FR\",\"@id\":\"https:\/\/theo.niranbio.com\/fr\/#\/schema\/logo\/image\/\",\"url\":\"https:\/\/theo.niranbio.com\/wp-content\/uploads\/2024\/06\/Niranbio.png\",\"contentUrl\":\"https:\/\/theo.niranbio.com\/wp-content\/uploads\/2024\/06\/Niranbio.png\",\"width\":270,\"height\":100,\"caption\":\"Niranbio Chemical\"},\"image\":{\"@id\":\"https:\/\/theo.niranbio.com\/fr\/#\/schema\/logo\/image\/\"}}]}<\/script>\n<!-- \/ Yoast SEO plugin. -->","yoast_head_json":{"title":"Poudre DATEM e472e, ingr\u00e9dient alimentaire DATEM | Niranbio Chemical","description":"Le DATEM est souvent une poudre blanche, qui garantit la qualit\u00e9 et la saveur des produits de boulangerie en restant stable \u00e0 haute temp\u00e9rature et en \u00e9tant difficile \u00e0 d\u00e9composer.","robots":{"index":"noindex","follow":"follow","max-snippet":"max-snippet:-1","max-image-preview":"max-image-preview:large","max-video-preview":"max-video-preview:-1"},"twitter_misc":{"Dur\u00e9e de lecture estim\u00e9e":"4 minutes"},"schema":{"@context":"https:\/\/schema.org","@graph":[{"@type":"WebPage","@id":"https:\/\/theo.niranbio.com\/fr\/esters-dacide-diacetyle-tartrique-de-monoglycerides-datem.html","url":"https:\/\/theo.niranbio.com\/fr\/esters-dacide-diacetyle-tartrique-de-monoglycerides-datem.html","name":"Poudre DATEM e472e, ingr\u00e9dient alimentaire DATEM | Niranbio Chemical","isPartOf":{"@id":"https:\/\/theo.niranbio.com\/fr\/#website"},"primaryImageOfPage":{"@id":"https:\/\/theo.niranbio.com\/fr\/esters-dacide-diacetyle-tartrique-de-monoglycerides-datem.html#primaryimage"},"image":{"@id":"https:\/\/theo.niranbio.com\/fr\/esters-dacide-diacetyle-tartrique-de-monoglycerides-datem.html#primaryimage"},"thumbnailUrl":"https:\/\/theo.niranbio.com\/wp-content\/uploads\/2024\/06\/Diacetyl-Tartaric-Acid-Ester-of-Mono\uff08DATEM\uff09.webp","datePublished":"2024-06-20T03:50:58+00:00","dateModified":"2024-08-19T05:57:21+00:00","description":"Le DATEM est souvent une poudre blanche, qui garantit la qualit\u00e9 et la saveur des produits de boulangerie en restant stable \u00e0 haute temp\u00e9rature et en \u00e9tant difficile \u00e0 d\u00e9composer.","breadcrumb":{"@id":"https:\/\/theo.niranbio.com\/fr\/esters-dacide-diacetyle-tartrique-de-monoglycerides-datem.html#breadcrumb"},"inLanguage":"fr-FR","potentialAction":[{"@type":"ReadAction","target":["https:\/\/theo.niranbio.com\/fr\/esters-dacide-diacetyle-tartrique-de-monoglycerides-datem.html"]}]},{"@type":"ImageObject","inLanguage":"fr-FR","@id":"https:\/\/theo.niranbio.com\/fr\/esters-dacide-diacetyle-tartrique-de-monoglycerides-datem.html#primaryimage","url":"https:\/\/theo.niranbio.com\/wp-content\/uploads\/2024\/06\/Diacetyl-Tartaric-Acid-Ester-of-Mono\uff08DATEM\uff09.webp","contentUrl":"https:\/\/theo.niranbio.com\/wp-content\/uploads\/2024\/06\/Diacetyl-Tartaric-Acid-Ester-of-Mono\uff08DATEM\uff09.webp","width":600,"height":600,"caption":"Ester d'acide diac\u00e9tylique tartrique de mono\uff08DATEM\uff09"},{"@type":"BreadcrumbList","@id":"https:\/\/theo.niranbio.com\/fr\/esters-dacide-diacetyle-tartrique-de-monoglycerides-datem.html#breadcrumb","itemListElement":[{"@type":"ListItem","position":1,"name":"Home","item":"https:\/\/theo.niranbio.com\/fr\/"},{"@type":"ListItem","position":2,"name":"Produits","item":"https:\/\/theo.niranbio.com\/fr\/produits.html"},{"@type":"ListItem","position":3,"name":"\u00c9mulsifiant","item":"https:\/\/theo.niranbio.com\/fr\/produit-emulsifiant\/"},{"@type":"ListItem","position":4,"name":"Esters d&#8217;acide diac\u00e9tyle tartrique de monoglyc\u00e9rides (DATEM)"}]},{"@type":"WebSite","@id":"https:\/\/theo.niranbio.com\/fr\/#website","url":"https:\/\/theo.niranbio.com\/fr\/","name":"Niranbio Chemical","description":"","publisher":{"@id":"https:\/\/theo.niranbio.com\/fr\/#organization"},"potentialAction":[{"@type":"SearchAction","target":{"@type":"EntryPoint","urlTemplate":"https:\/\/theo.niranbio.com\/fr\/?s={search_term_string}"},"query-input":{"@type":"PropertyValueSpecification","valueRequired":true,"valueName":"search_term_string"}}],"inLanguage":"fr-FR"},{"@type":"Organization","@id":"https:\/\/theo.niranbio.com\/fr\/#organization","name":"Niranbio Chemical","url":"https:\/\/theo.niranbio.com\/fr\/","logo":{"@type":"ImageObject","inLanguage":"fr-FR","@id":"https:\/\/theo.niranbio.com\/fr\/#\/schema\/logo\/image\/","url":"https:\/\/theo.niranbio.com\/wp-content\/uploads\/2024\/06\/Niranbio.png","contentUrl":"https:\/\/theo.niranbio.com\/wp-content\/uploads\/2024\/06\/Niranbio.png","width":270,"height":100,"caption":"Niranbio Chemical"},"image":{"@id":"https:\/\/theo.niranbio.com\/fr\/#\/schema\/logo\/image\/"}}]}},"_links":{"self":[{"href":"https:\/\/theo.niranbio.com\/fr\/wp-json\/wp\/v2\/product\/9781","targetHints":{"allow":["GET"]}}],"collection":[{"href":"https:\/\/theo.niranbio.com\/fr\/wp-json\/wp\/v2\/product"}],"about":[{"href":"https:\/\/theo.niranbio.com\/fr\/wp-json\/wp\/v2\/types\/product"}],"version-history":[{"count":0,"href":"https:\/\/theo.niranbio.com\/fr\/wp-json\/wp\/v2\/product\/9781\/revisions"}],"wp:featuredmedia":[{"embeddable":true,"href":"https:\/\/theo.niranbio.com\/fr\/wp-json\/wp\/v2\/media\/9783"}],"wp:attachment":[{"href":"https:\/\/theo.niranbio.com\/fr\/wp-json\/wp\/v2\/media?parent=9781"}],"wp:term":[{"taxonomy":"product_brand","embeddable":true,"href":"https:\/\/theo.niranbio.com\/fr\/wp-json\/wp\/v2\/product_brand?post=9781"},{"taxonomy":"product_cat","embeddable":true,"href":"https:\/\/theo.niranbio.com\/fr\/wp-json\/wp\/v2\/product_cat?post=9781"},{"taxonomy":"product_tag","embeddable":true,"href":"https:\/\/theo.niranbio.com\/fr\/wp-json\/wp\/v2\/product_tag?post=9781"}],"curies":[{"name":"wp","href":"https:\/\/api.w.org\/{rel}","templated":true}]}}