{"id":9779,"date":"2024-06-20T13:15:41","date_gmt":"2024-06-20T05:15:41","guid":{"rendered":"https:\/\/theo.niranbio.com\/metabisulfite-de-sodium-a-98-de-qualite-alimentaire\/"},"modified":"2024-08-19T13:29:09","modified_gmt":"2024-08-19T05:29:09","slug":"metabisulfite-de-sodium-a-98-de-qualite-alimentaire","status":"publish","type":"product","link":"https:\/\/theo.niranbio.com\/fr\/metabisulfite-de-sodium-a-98-de-qualite-alimentaire.html","title":{"rendered":"M\u00e9tabisulfite de sodium \u00e0 98 % de qualit\u00e9 alimentaire"},"content":{"rendered":"<h2><span class=\"ez-toc-section\" id=\"Quest-ce_que_le_metabisulfite_de_sodium\"><\/span>Qu&rsquo;est-ce que le m\u00e9tabisulfite de sodium ?<span class=\"ez-toc-section-end\"><\/span><\/h2>\n<p>Le m\u00e9tabisulfite de sodium a une forte odeur de SO2 et est visible sous forme de poudre cristalline blanche. Il produit des sels correspondants et lib\u00e8re du SO2 lorsqu&rsquo;il entre en contact avec un acide fort. Le produit ne peut pas \u00eatre conserv\u00e9 pendant une p\u00e9riode prolong\u00e9e car il s&rsquo;oxyde en Na2S2O6 lorsqu&rsquo;il est expos\u00e9 \u00e0 l&rsquo;air pendant une p\u00e9riode prolong\u00e9e. Cette substance est sp\u00e9cifiquement utilis\u00e9e comme antioxydant, agent de blanchiment, etc. dans les industries alimentaire, chimique et pharmaceutique. Il existe plusieurs m\u00e9thodes de pr\u00e9paration du m\u00e9tabisulfite de sodium de qualit\u00e9 alimentaire en Chine :<\/p>\n<ol>\n<li>Le soufre r\u00e9agit avec les carbonates alcalins \u00e0 une temp\u00e9rature et dans des conditions de r\u00e9action appropri\u00e9es pour g\u00e9n\u00e9rer du thiosulfate, puis s&rsquo;oxyde davantage pour g\u00e9n\u00e9rer du pyrosulfite. Cette m\u00e9thode est devenue le proc\u00e9d\u00e9 de production le plus r\u00e9pandu en raison de sa stabilit\u00e9, de son efficacit\u00e9 \u00e9lev\u00e9e et de son faible co\u00fbt.<\/li>\n<li>Une autre m\u00e9thode de pr\u00e9paration courante consiste \u00e0 oxyder le sulfite de sodium en pyrosulfite de sodium. Cette m\u00e9thode permet d&rsquo;utiliser directement le sulfite de sodium comme mati\u00e8re premi\u00e8re sans traitement au soufre.<\/li>\n<li>Le pyrosulfite de sodium est g\u00e9n\u00e9r\u00e9 par r\u00e9action du dioxyde de soufre avec des carbonates alcalins. Cette m\u00e9thode est principalement adapt\u00e9e \u00e0 la production dans des conditions de processus et de ressources sp\u00e9cifiques.<\/li>\n<\/ol>\n<h2><span class=\"ez-toc-section\" id=\"Parametres_associes\"><\/span>Param\u00e8tres associ\u00e9s :<span class=\"ez-toc-section-end\"><\/span><\/h2>\n<table>\n<tbody>\n<tr>\n<td><strong>\u00c9L\u00c9MENTS<\/strong><\/td>\n<td><strong>STANDARD<\/strong><\/td>\n<\/tr>\n<tr>\n<td>Contenu %<\/td>\n<td>\u2265 96.5<\/td>\n<\/tr>\n<tr>\n<td>M\u00e9taux lourds (Fe) %<\/td>\n<td>\u2264 0.003<\/td>\n<\/tr>\n<tr>\n<td>M\u00e9taux lourds( As) %<\/td>\n<td>&lt; 0.0001<\/td>\n<\/tr>\n<tr>\n<td>Charit\u00e9<\/td>\n<td>L\u00e9g\u00e8rement trouble<\/td>\n<\/tr>\n<tr>\n<td>SO2&gt;=&lt;\/p&gt;<\/td>\n<td>65<\/td>\n<\/tr>\n<tr>\n<td>PH<\/td>\n<td>4.0-5.0<\/td>\n<\/tr>\n<tr>\n<td>M\u00e9taux lourds( Pb)%<\/td>\n<td>\u2264 0.0005<\/td>\n<\/tr>\n<\/tbody>\n<\/table>\n<h2><span class=\"ez-toc-section\" id=\"Dosage_recommande\"><\/span><strong><b>Dosage recommand\u00e9 :<\/b><\/strong><span class=\"ez-toc-section-end\"><\/span><\/h2>\n<table>\n<tbody>\n<tr>\n<td><strong>Nom de l&rsquo;aliment<\/strong><\/td>\n<td><strong>Utilisation maximale (g\/kg)<\/strong><\/td>\n<\/tr>\n<tr>\n<td>Produits de boulangerie et de p\u00e2tisserie<\/td>\n<td>0,3 &#8211; 1,0 g\/kg<\/td>\n<\/tr>\n<tr>\n<td>Biscuits<\/td>\n<td>0,1 &#8211; 0,5 g\/kg<\/td>\n<\/tr>\n<tr>\n<td>Pizza<\/td>\n<td>0,3 &#8211; 1,0 g\/kg<\/td>\n<\/tr>\n<tr>\n<td>Hamburgers, sandwichs<\/td>\n<td>0,1 &#8211; 0,5 g\/kg<\/td>\n<\/tr>\n<tr>\n<td>Poulet frit<\/td>\n<td>0,1 &#8211; 0,5 g\/kg<\/td>\n<\/tr>\n<tr>\n<td>Bonbons<\/td>\n<td>0,05 &#8211; 0,2 g\/kg<\/td>\n<\/tr>\n<tr>\n<td>Produits \u00e0 base de chocolat<\/td>\n<td>0,05 &#8211; 0,2 g\/kg<\/td>\n<\/tr>\n<tr>\n<td>Boissons gazeuses<\/td>\n<td>0,02 &#8211; 0,1 g\/kg<\/td>\n<\/tr>\n<tr>\n<td>Produits laitiers<\/td>\n<td>0,02 &#8211; 0,1 g\/kg<\/td>\n<\/tr>\n<tr>\n<td>Assaisonnements<\/td>\n<td>0,02 &#8211; 0,1 g\/kg<\/td>\n<\/tr>\n<tr>\n<td>Aliments en conserve<\/td>\n<td>0,02 &#8211; 0,1 g\/kg<\/td>\n<\/tr>\n<tr>\n<td>Aliments pr\u00e9par\u00e9s<\/td>\n<td>0,01 &#8211; 0,05 g\/kg<\/td>\n<\/tr>\n<tr>\n<td>Produits de la mer<\/td>\n<td>0,01 &#8211; 0,05 g\/kg<\/td>\n<\/tr>\n<\/tbody>\n<\/table>\n<h2><span class=\"ez-toc-section\" id=\"Le_metabisulfite_de_sodium_a_une_large_gamme_dutilisations\"><\/span>Le m\u00e9tabisulfite de sodium a une large gamme d&rsquo;utilisations<span class=\"ez-toc-section-end\"><\/span><\/h2>\n<ol>\n<li>La dur\u00e9e de conservation des aliments peut \u00eatre augment\u00e9e gr\u00e2ce \u00e0 la capacit\u00e9 du m\u00e9tabisulfite de sodium \u00e0 supprimer efficacement les r\u00e9actions d&rsquo;oxydation dans les aliments et \u00e0 emp\u00eacher les graisses et les huiles de s&rsquo;oxyder. Il emp\u00eache les aliments de se d\u00e9t\u00e9riorer, de changer de go\u00fbt et de se d\u00e9former en raison de l&rsquo;oxydation en capturant les mol\u00e9cules d&rsquo;oxyg\u00e8ne ou en r\u00e9agissant avec l&rsquo;oxyg\u00e8ne comme agent r\u00e9ducteur.<\/li>\n<li>Dans la transformation des aliments, le m\u00e9tabisulfite de sodium est utilis\u00e9 comme agent de blanchiment, en particulier pour les l\u00e9gumes, les fruits et les produits de la mer, pour aider \u00e0 \u00e9liminer ou \u00e0 r\u00e9duire les pigments ou les couleurs des produits et \u00e0 am\u00e9liorer l&rsquo;apparence et l&rsquo;attrait visuel des produits.<\/li>\n<li>Le m\u00e9tabisulfite de sodium peut retarder les changements naturels et la d\u00e9gradation des aliments en inhibant l&rsquo;activit\u00e9 des enzymes. Par exemple, lors de la d\u00e9coupe et de la transformation des fruits et l\u00e9gumes, il peut r\u00e9duire l&rsquo;oxydation et le brunissement caus\u00e9s par l&rsquo;action enzymatique.<\/li>\n<li>Le m\u00e9tabisulfite de sodium peut \u00e9galement \u00eatre utilis\u00e9 comme inhibiteur de moisissure dans certains processus de fabrication des aliments pour emp\u00eacher la formation de bact\u00e9ries et de moisissures, prolongeant ainsi la dur\u00e9e de conservation et la fra\u00eecheur des aliments.<\/li>\n<li>Le m\u00e9tabisulfite de sodium peut \u00eatre utilis\u00e9 pour ajuster le pH des produits dans la transformation des aliments, aidant \u00e0 maintenir une plage de pH appropri\u00e9e pour optimiser le go\u00fbt, la texture et la stabilit\u00e9 des aliments.<\/li>\n<\/ol>\n<h2><span class=\"ez-toc-section\" id=\"Question_posee_par_lutilisateur\"><\/span>Question pos\u00e9e par l&rsquo;utilisateur :<span class=\"ez-toc-section-end\"><\/span><\/h2>\n<p>Question : Jusqu&rsquo;\u00e0 pr\u00e9sent, quelle est la demande du march\u00e9 pour le pyrosulfite de sodium de qualit\u00e9 alimentaire ? O\u00f9 est-il principalement concentr\u00e9 ?<\/p>\n<p>R\u00e9ponse : La demande du march\u00e9 en pyrosulfite de sodium de qualit\u00e9 alimentaire reste stable, principalement concentr\u00e9e en Am\u00e9rique du Nord, comme les \u00c9tats-Unis et le Canada, suivie par les pays europ\u00e9ens, en particulier dans l&rsquo;industrie de transformation des aliments, couvrant un large \u00e9ventail de domaines allant du pain et des p\u00e2tisseries aux boissons alcoolis\u00e9es. Le prix du pyrosulfite de sodium de qualit\u00e9 alimentaire en Chine a baiss\u00e9, mais la baisse n&rsquo;est pas importante.<\/p>\n","protected":false},"excerpt":{"rendered":"<ul>\n<li>CAS : 7681-57-4<\/li>\n<li>Formule chimique: Na<sub>2<\/sub>S<sub>2<\/sub>O<sub>5<\/sub><\/li>\n<li>Certifications : KOSHER, ISO, HALAL, FSSC 22000, BRC, etc.<\/li>\n<li>Quantit\u00e9 minimum de commande : 1000 kg<\/li>\n<li>Dur\u00e9e de conservation : 2 ans<\/li>\n<\/ul>\n","protected":false},"featured_media":9780,"template":"","meta":{"site-sidebar-layout":"default","site-content-layout":"","ast-site-content-layout":"default","site-content-style":"default","site-sidebar-style":"default","ast-global-header-display":"","ast-banner-title-visibility":"","ast-main-header-display":"","ast-hfb-above-header-display":"","ast-hfb-below-header-display":"","ast-hfb-mobile-header-display":"","site-post-title":"","ast-breadcrumbs-content":"","ast-featured-img":"","footer-sml-layout":"","theme-transparent-header-meta":"default","adv-header-id-meta":"","stick-header-meta":"","header-above-stick-meta":"","header-main-stick-meta":"","header-below-stick-meta":"","astra-migrate-meta-layouts":"set","ast-page-background-enabled":"default","ast-page-background-meta":{"desktop":{"background-color":"var(--ast-global-color-4)","background-image":"","background-repeat":"repeat","background-position":"center center","background-size":"auto","background-attachment":"scroll","background-type":"","background-media":"","overlay-type":"","overlay-color":"","overlay-opacity":"","overlay-gradient":""},"tablet":{"background-color":"","background-image":"","background-repeat":"repeat","background-position":"center center","background-size":"auto","background-attachment":"scroll","background-type":"","background-media":"","overlay-type":"","overlay-color":"","overlay-opacity":"","overlay-gradient":""},"mobile":{"background-color":"","background-image":"","background-repeat":"repeat","background-position":"center center","background-size":"auto","background-attachment":"scroll","background-type":"","background-media":"","overlay-type":"","overlay-color":"","overlay-opacity":"","overlay-gradient":""}},"ast-content-background-meta":{"desktop":{"background-color":"var(--ast-global-color-5)","background-image":"","background-repeat":"repeat","background-position":"center center","background-size":"auto","background-attachment":"scroll","background-type":"","background-media":"","overlay-type":"","overlay-color":"","overlay-opacity":"","overlay-gradient":""},"tablet":{"background-color":"var(--ast-global-color-5)","background-image":"","background-repeat":"repeat","background-position":"center center","background-size":"auto","background-attachment":"scroll","background-type":"","background-media":"","overlay-type":"","overlay-color":"","overlay-opacity":"","overlay-gradient":""},"mobile":{"background-color":"var(--ast-global-color-5)","background-image":"","background-repeat":"repeat","background-position":"center center","background-size":"auto","background-attachment":"scroll","background-type":"","background-media":"","overlay-type":"","overlay-color":"","overlay-opacity":"","overlay-gradient":""}}},"product_brand":[],"product_cat":[107],"product_tag":[],"class_list":{"0":"post-9779","1":"product","2":"type-product","3":"status-publish","4":"has-post-thumbnail","6":"product_cat-autres-ingredients-alimentaires-produit","7":"desktop-align-center","8":"tablet-align-left","9":"mobile-align-left","11":"first","12":"instock","13":"shipping-taxable","14":"product-type-simple"},"yoast_head":"<!-- This site is optimized with the Yoast SEO plugin v26.5 - https:\/\/yoast.com\/wordpress\/plugins\/seo\/ -->\n<title>Fabricant Chinois e M\u00e9tabisulfite Sodium, Poudre E223 | Niranbio Chemical<\/title>\n<meta name=\"description\" content=\"Achetez du m\u00e9tabisulfite de sodium \u00e0 98 % de qualit\u00e9 alimentaire E223 en vrac. La poudre de m\u00e9tabisulfite de sodium (CAS 7681-57-4) peut \u00eatre utilis\u00e9e comme conservateur et antioxydant dans les aliments.\" \/>\n<meta name=\"robots\" content=\"noindex, follow, max-snippet:-1, max-image-preview:large, max-video-preview:-1\" \/>\n<meta name=\"twitter:label1\" content=\"Dur\u00e9e de lecture estim\u00e9e\" \/>\n\t<meta name=\"twitter:data1\" content=\"4 minutes\" \/>\n<script type=\"application\/ld+json\" class=\"yoast-schema-graph\">{\"@context\":\"https:\/\/schema.org\",\"@graph\":[{\"@type\":\"WebPage\",\"@id\":\"https:\/\/theo.niranbio.com\/fr\/metabisulfite-de-sodium-a-98-de-qualite-alimentaire.html\",\"url\":\"https:\/\/theo.niranbio.com\/fr\/metabisulfite-de-sodium-a-98-de-qualite-alimentaire.html\",\"name\":\"Fabricant Chinois e M\u00e9tabisulfite Sodium, Poudre E223 | Niranbio Chemical\",\"isPartOf\":{\"@id\":\"https:\/\/theo.niranbio.com\/fr\/#website\"},\"primaryImageOfPage\":{\"@id\":\"https:\/\/theo.niranbio.com\/fr\/metabisulfite-de-sodium-a-98-de-qualite-alimentaire.html#primaryimage\"},\"image\":{\"@id\":\"https:\/\/theo.niranbio.com\/fr\/metabisulfite-de-sodium-a-98-de-qualite-alimentaire.html#primaryimage\"},\"thumbnailUrl\":\"https:\/\/theo.niranbio.com\/wp-content\/uploads\/2024\/06\/Sodium-Metabisulphite-98-Food-Tech-Grade.webp\",\"datePublished\":\"2024-06-20T05:15:41+00:00\",\"dateModified\":\"2024-08-19T05:29:09+00:00\",\"description\":\"Achetez du m\u00e9tabisulfite de sodium \u00e0 98 % de qualit\u00e9 alimentaire E223 en vrac. La poudre de m\u00e9tabisulfite de sodium (CAS 7681-57-4) peut \u00eatre utilis\u00e9e comme conservateur et antioxydant dans les aliments.\",\"breadcrumb\":{\"@id\":\"https:\/\/theo.niranbio.com\/fr\/metabisulfite-de-sodium-a-98-de-qualite-alimentaire.html#breadcrumb\"},\"inLanguage\":\"fr-FR\",\"potentialAction\":[{\"@type\":\"ReadAction\",\"target\":[\"https:\/\/theo.niranbio.com\/fr\/metabisulfite-de-sodium-a-98-de-qualite-alimentaire.html\"]}]},{\"@type\":\"ImageObject\",\"inLanguage\":\"fr-FR\",\"@id\":\"https:\/\/theo.niranbio.com\/fr\/metabisulfite-de-sodium-a-98-de-qualite-alimentaire.html#primaryimage\",\"url\":\"https:\/\/theo.niranbio.com\/wp-content\/uploads\/2024\/06\/Sodium-Metabisulphite-98-Food-Tech-Grade.webp\",\"contentUrl\":\"https:\/\/theo.niranbio.com\/wp-content\/uploads\/2024\/06\/Sodium-Metabisulphite-98-Food-Tech-Grade.webp\",\"width\":600,\"height\":600,\"caption\":\"M\u00e9tabisulfite de sodium \u00e0 98 % de qualit\u00e9 alimentaire\"},{\"@type\":\"BreadcrumbList\",\"@id\":\"https:\/\/theo.niranbio.com\/fr\/metabisulfite-de-sodium-a-98-de-qualite-alimentaire.html#breadcrumb\",\"itemListElement\":[{\"@type\":\"ListItem\",\"position\":1,\"name\":\"Home\",\"item\":\"https:\/\/theo.niranbio.com\/fr\/\"},{\"@type\":\"ListItem\",\"position\":2,\"name\":\"Produits\",\"item\":\"https:\/\/theo.niranbio.com\/fr\/produits.html\"},{\"@type\":\"ListItem\",\"position\":3,\"name\":\"Autres Ingr\u00e9dients Alimentaires\",\"item\":\"https:\/\/theo.niranbio.com\/fr\/autres-ingredients-alimentaires-produit\/\"},{\"@type\":\"ListItem\",\"position\":4,\"name\":\"M\u00e9tabisulfite de sodium \u00e0 98 % de qualit\u00e9 alimentaire\"}]},{\"@type\":\"WebSite\",\"@id\":\"https:\/\/theo.niranbio.com\/fr\/#website\",\"url\":\"https:\/\/theo.niranbio.com\/fr\/\",\"name\":\"Niranbio Chemical\",\"description\":\"\",\"publisher\":{\"@id\":\"https:\/\/theo.niranbio.com\/fr\/#organization\"},\"potentialAction\":[{\"@type\":\"SearchAction\",\"target\":{\"@type\":\"EntryPoint\",\"urlTemplate\":\"https:\/\/theo.niranbio.com\/fr\/?s={search_term_string}\"},\"query-input\":{\"@type\":\"PropertyValueSpecification\",\"valueRequired\":true,\"valueName\":\"search_term_string\"}}],\"inLanguage\":\"fr-FR\"},{\"@type\":\"Organization\",\"@id\":\"https:\/\/theo.niranbio.com\/fr\/#organization\",\"name\":\"Niranbio Chemical\",\"url\":\"https:\/\/theo.niranbio.com\/fr\/\",\"logo\":{\"@type\":\"ImageObject\",\"inLanguage\":\"fr-FR\",\"@id\":\"https:\/\/theo.niranbio.com\/fr\/#\/schema\/logo\/image\/\",\"url\":\"https:\/\/theo.niranbio.com\/wp-content\/uploads\/2024\/06\/Niranbio.png\",\"contentUrl\":\"https:\/\/theo.niranbio.com\/wp-content\/uploads\/2024\/06\/Niranbio.png\",\"width\":270,\"height\":100,\"caption\":\"Niranbio Chemical\"},\"image\":{\"@id\":\"https:\/\/theo.niranbio.com\/fr\/#\/schema\/logo\/image\/\"}}]}<\/script>\n<!-- \/ Yoast SEO plugin. -->","yoast_head_json":{"title":"Fabricant Chinois e M\u00e9tabisulfite Sodium, Poudre E223 | Niranbio Chemical","description":"Achetez du m\u00e9tabisulfite de sodium \u00e0 98 % de qualit\u00e9 alimentaire E223 en vrac. La poudre de m\u00e9tabisulfite de sodium (CAS 7681-57-4) peut \u00eatre utilis\u00e9e comme conservateur et antioxydant dans les aliments.","robots":{"index":"noindex","follow":"follow","max-snippet":"max-snippet:-1","max-image-preview":"max-image-preview:large","max-video-preview":"max-video-preview:-1"},"twitter_misc":{"Dur\u00e9e de lecture estim\u00e9e":"4 minutes"},"schema":{"@context":"https:\/\/schema.org","@graph":[{"@type":"WebPage","@id":"https:\/\/theo.niranbio.com\/fr\/metabisulfite-de-sodium-a-98-de-qualite-alimentaire.html","url":"https:\/\/theo.niranbio.com\/fr\/metabisulfite-de-sodium-a-98-de-qualite-alimentaire.html","name":"Fabricant Chinois e M\u00e9tabisulfite Sodium, Poudre E223 | Niranbio Chemical","isPartOf":{"@id":"https:\/\/theo.niranbio.com\/fr\/#website"},"primaryImageOfPage":{"@id":"https:\/\/theo.niranbio.com\/fr\/metabisulfite-de-sodium-a-98-de-qualite-alimentaire.html#primaryimage"},"image":{"@id":"https:\/\/theo.niranbio.com\/fr\/metabisulfite-de-sodium-a-98-de-qualite-alimentaire.html#primaryimage"},"thumbnailUrl":"https:\/\/theo.niranbio.com\/wp-content\/uploads\/2024\/06\/Sodium-Metabisulphite-98-Food-Tech-Grade.webp","datePublished":"2024-06-20T05:15:41+00:00","dateModified":"2024-08-19T05:29:09+00:00","description":"Achetez du m\u00e9tabisulfite de sodium \u00e0 98 % de qualit\u00e9 alimentaire E223 en vrac. La poudre de m\u00e9tabisulfite de sodium (CAS 7681-57-4) peut \u00eatre utilis\u00e9e comme conservateur et antioxydant dans les aliments.","breadcrumb":{"@id":"https:\/\/theo.niranbio.com\/fr\/metabisulfite-de-sodium-a-98-de-qualite-alimentaire.html#breadcrumb"},"inLanguage":"fr-FR","potentialAction":[{"@type":"ReadAction","target":["https:\/\/theo.niranbio.com\/fr\/metabisulfite-de-sodium-a-98-de-qualite-alimentaire.html"]}]},{"@type":"ImageObject","inLanguage":"fr-FR","@id":"https:\/\/theo.niranbio.com\/fr\/metabisulfite-de-sodium-a-98-de-qualite-alimentaire.html#primaryimage","url":"https:\/\/theo.niranbio.com\/wp-content\/uploads\/2024\/06\/Sodium-Metabisulphite-98-Food-Tech-Grade.webp","contentUrl":"https:\/\/theo.niranbio.com\/wp-content\/uploads\/2024\/06\/Sodium-Metabisulphite-98-Food-Tech-Grade.webp","width":600,"height":600,"caption":"M\u00e9tabisulfite de sodium \u00e0 98 % de qualit\u00e9 alimentaire"},{"@type":"BreadcrumbList","@id":"https:\/\/theo.niranbio.com\/fr\/metabisulfite-de-sodium-a-98-de-qualite-alimentaire.html#breadcrumb","itemListElement":[{"@type":"ListItem","position":1,"name":"Home","item":"https:\/\/theo.niranbio.com\/fr\/"},{"@type":"ListItem","position":2,"name":"Produits","item":"https:\/\/theo.niranbio.com\/fr\/produits.html"},{"@type":"ListItem","position":3,"name":"Autres Ingr\u00e9dients Alimentaires","item":"https:\/\/theo.niranbio.com\/fr\/autres-ingredients-alimentaires-produit\/"},{"@type":"ListItem","position":4,"name":"M\u00e9tabisulfite de sodium \u00e0 98 % de qualit\u00e9 alimentaire"}]},{"@type":"WebSite","@id":"https:\/\/theo.niranbio.com\/fr\/#website","url":"https:\/\/theo.niranbio.com\/fr\/","name":"Niranbio Chemical","description":"","publisher":{"@id":"https:\/\/theo.niranbio.com\/fr\/#organization"},"potentialAction":[{"@type":"SearchAction","target":{"@type":"EntryPoint","urlTemplate":"https:\/\/theo.niranbio.com\/fr\/?s={search_term_string}"},"query-input":{"@type":"PropertyValueSpecification","valueRequired":true,"valueName":"search_term_string"}}],"inLanguage":"fr-FR"},{"@type":"Organization","@id":"https:\/\/theo.niranbio.com\/fr\/#organization","name":"Niranbio Chemical","url":"https:\/\/theo.niranbio.com\/fr\/","logo":{"@type":"ImageObject","inLanguage":"fr-FR","@id":"https:\/\/theo.niranbio.com\/fr\/#\/schema\/logo\/image\/","url":"https:\/\/theo.niranbio.com\/wp-content\/uploads\/2024\/06\/Niranbio.png","contentUrl":"https:\/\/theo.niranbio.com\/wp-content\/uploads\/2024\/06\/Niranbio.png","width":270,"height":100,"caption":"Niranbio Chemical"},"image":{"@id":"https:\/\/theo.niranbio.com\/fr\/#\/schema\/logo\/image\/"}}]}},"_links":{"self":[{"href":"https:\/\/theo.niranbio.com\/fr\/wp-json\/wp\/v2\/product\/9779","targetHints":{"allow":["GET"]}}],"collection":[{"href":"https:\/\/theo.niranbio.com\/fr\/wp-json\/wp\/v2\/product"}],"about":[{"href":"https:\/\/theo.niranbio.com\/fr\/wp-json\/wp\/v2\/types\/product"}],"version-history":[{"count":0,"href":"https:\/\/theo.niranbio.com\/fr\/wp-json\/wp\/v2\/product\/9779\/revisions"}],"wp:featuredmedia":[{"embeddable":true,"href":"https:\/\/theo.niranbio.com\/fr\/wp-json\/wp\/v2\/media\/9780"}],"wp:attachment":[{"href":"https:\/\/theo.niranbio.com\/fr\/wp-json\/wp\/v2\/media?parent=9779"}],"wp:term":[{"taxonomy":"product_brand","embeddable":true,"href":"https:\/\/theo.niranbio.com\/fr\/wp-json\/wp\/v2\/product_brand?post=9779"},{"taxonomy":"product_cat","embeddable":true,"href":"https:\/\/theo.niranbio.com\/fr\/wp-json\/wp\/v2\/product_cat?post=9779"},{"taxonomy":"product_tag","embeddable":true,"href":"https:\/\/theo.niranbio.com\/fr\/wp-json\/wp\/v2\/product_tag?post=9779"}],"curies":[{"name":"wp","href":"https:\/\/api.w.org\/{rel}","templated":true}]}}