{"id":9776,"date":"2024-06-20T11:42:12","date_gmt":"2024-06-20T03:42:12","guid":{"rendered":"https:\/\/theo.niranbio.com\/proteine-de-soja-concentree\/"},"modified":"2024-08-19T14:04:50","modified_gmt":"2024-08-19T06:04:50","slug":"proteine-de-soja-concentree","status":"publish","type":"product","link":"https:\/\/theo.niranbio.com\/fr\/proteine-de-soja-concentree.html","title":{"rendered":"Prot\u00e9ine de soja concentr\u00e9e"},"content":{"rendered":"<h2><span class=\"ez-toc-section\" id=\"Quest-ce_que_la_proteine_de_soja_concentree\"><\/span>Qu&rsquo;est-ce que la prot\u00e9ine de soja concentr\u00e9e ?<span class=\"ez-toc-section-end\"><\/span><\/h2>\n<p>La prot\u00e9ine de soja concentr\u00e9e est une prot\u00e9ine extraite du soja, qui est un concentr\u00e9 de prot\u00e9ines obtenu en retirant une partie des graisses et des glucides. Elle a une apparence de poudre jaune clair. C&rsquo;est un ingr\u00e9dient alimentaire riche en prot\u00e9ines et en nutriments largement utilis\u00e9 dans l&rsquo;industrie alimentaire et des boissons. Il existe plusieurs m\u00e9thodes principales pour pr\u00e9parer la prot\u00e9ine de soja concentr\u00e9e :<\/p>\n<ol>\n<li>Broyer les graines de soja en une bouillie et les ajuster \u00e0 un environnement acide (le pH est g\u00e9n\u00e9ralement compris entre 4,5 et 5,0) pour pr\u00e9cipiter les prot\u00e9ines de la bouillie, centrifuger pour s\u00e9parer le pr\u00e9cipit\u00e9 de prot\u00e9ines, puis \u00e9liminer la partie liquide, ajuster la valeur du pH avec un neutralisant, puis \u00e9liminer l&rsquo;exc\u00e8s d&rsquo;eau par un processus de concentration pour obtenir une poudre de prot\u00e9ines de soja concentr\u00e9e, et enfin la s\u00e9cher pour obtenir le produit fini. Le processus de pr\u00e9paration de prot\u00e9ines de soja concentr\u00e9es est devenu une m\u00e9thode de production plus courante en raison de sa capacit\u00e9 \u00e0 extraire une teneur en prot\u00e9ines plus \u00e9lev\u00e9e et d&rsquo;une technologie mature.<\/li>\n<li>Broyer les graines de soja en bouillie, ajouter des enzymes sp\u00e9cifiques (comme des prot\u00e9ases) pour d\u00e9composer les composants non prot\u00e9iques des graines de soja, augmenter la concentration en prot\u00e9ines, s\u00e9parer la solution prot\u00e9ique par centrifugation ou filtration, retirer la partie liquide, puis la concentrer et la s\u00e9cher pour obtenir une poudre de prot\u00e9ines de soja concentr\u00e9e.<\/li>\n<\/ol>\n<p>Broyez les graines de soja en pulpe, utilisez une membrane d&rsquo;ultrafiltration pour s\u00e9parer les prot\u00e9ines des autres composants de la pulpe de soja, retenez les prot\u00e9ines et \u00e9liminez l&rsquo;exc\u00e8s d&rsquo;eau et d&rsquo;autres impuret\u00e9s, et obtenez enfin la poudre de prot\u00e9ines de soja concentr\u00e9e finale gr\u00e2ce \u00e0 un processus de concentration et de s\u00e9chage suppl\u00e9mentaire.<\/p>\n<h2><span class=\"ez-toc-section\" id=\"Parametres_associes\"><\/span>Param\u00e8tres associ\u00e9s :<span class=\"ez-toc-section-end\"><\/span><\/h2>\n<table>\n<tbody>\n<tr>\n<td><strong>Articles<\/strong><\/td>\n<td><strong>Sp\u00e9cification<\/strong><\/td>\n<\/tr>\n<tr>\n<td>Prot\u00e9ines brutes (sur base s\u00e8che)<\/td>\n<td>\u226565%<\/td>\n<\/tr>\n<tr>\n<td>Humidit\u00e9<\/td>\n<td>\u22647%<\/td>\n<\/tr>\n<tr>\n<td>Cendre<\/td>\n<td>\u22646%<\/td>\n<\/tr>\n<tr>\n<td>Graisse<\/td>\n<td>\u22641%<\/td>\n<\/tr>\n<tr>\n<td>PH<\/td>\n<td>6.5-8<\/td>\n<\/tr>\n<tr>\n<td>Densit\u00e9<\/td>\n<td>035-038g\/cm^3<\/td>\n<\/tr>\n<tr>\n<td>Taille des particules (jusqu&rsquo;\u00e0 100 mesh)<\/td>\n<td>\u226595%<\/td>\n<\/tr>\n<tr>\n<td>Couleur<\/td>\n<td>Cr\u00e8me ou cr\u00e8me claire<\/td>\n<\/tr>\n<tr>\n<td>Teneur en bact\u00e9ries (cfu\/g)<\/td>\n<td>\u226420,000<\/td>\n<\/tr>\n<tr>\n<td>E.coli<\/td>\n<td>\u22643MPN\/G<\/td>\n<\/tr>\n<tr>\n<td>Levures et moisissures<\/td>\n<td>\u226450CGU\/G<\/td>\n<\/tr>\n<tr>\n<td>Bact\u00e9ries coliformes\uff08MPN\/100g\uff09<\/td>\n<td>\u226430<\/td>\n<\/tr>\n<tr>\n<td>Salmonelle<\/td>\n<td>N\u00e9gatif\/25g<\/td>\n<\/tr>\n<tr>\n<td>M\u00e9lamine<\/td>\n<td>Non d\u00e9tect\u00e9e<\/td>\n<\/tr>\n<tr>\n<td>Cadmium(ppm)<\/td>\n<td>\u22640.1<\/td>\n<\/tr>\n<tr>\n<td>Arsenic(ppm)<\/td>\n<td>\u22640.5<\/td>\n<\/tr>\n<tr>\n<td>Plomb(ppm)<\/td>\n<td>\u22640.5<\/td>\n<\/tr>\n<\/tbody>\n<\/table>\n<h2><span class=\"ez-toc-section\" id=\"Dosage_recommande\"><\/span>Dosage recommand\u00e9 :<span class=\"ez-toc-section-end\"><\/span><\/h2>\n<table>\n<tbody>\n<tr>\n<td><strong>Nom de l&rsquo;aliment<\/strong><\/td>\n<td><strong>Utilisation maximale (g\/kg)<\/strong><\/td>\n<\/tr>\n<tr>\n<td>Boissons prot\u00e9in\u00e9es<\/td>\n<td>30-50 g\/kg<\/td>\n<\/tr>\n<tr>\n<td>Compl\u00e9ments nutritionnels<\/td>\n<td>50-70 g\/kg<\/td>\n<\/tr>\n<tr>\n<td>Steaks hach\u00e9s v\u00e9g\u00e9tariens<\/td>\n<td>60-80 g\/kg<\/td>\n<\/tr>\n<tr>\n<td>Substituts de viande (par exemple, galettes v\u00e9g\u00e9tariennes)<\/td>\n<td>50-70 g\/kg<\/td>\n<\/tr>\n<tr>\n<td>Biscuits<\/td>\n<td>20-30 g\/kg<\/td>\n<\/tr>\n<tr>\n<td>Pain<\/td>\n<td>10-20 g\/kg<\/td>\n<\/tr>\n<tr>\n<td>Prot\u00e9ines en poudre<\/td>\n<td>70-90 g\/kg<\/td>\n<\/tr>\n<tr>\n<td>P\u00e2t\u00e9s<\/td>\n<td>50-70 g\/kg<\/td>\n<\/tr>\n<tr>\n<td>Assaisonnements (par exemple, sachets d&rsquo;assaisonnements instantan\u00e9s)<\/td>\n<td>10-20 g\/kg<\/td>\n<\/tr>\n<tr>\n<td>Saucisses v\u00e9g\u00e9tariennes<\/td>\n<td>40-60 g\/kg<\/td>\n<\/tr>\n<tr>\n<td>Boissons \u00e9nerg\u00e9tiques<\/td>\n<td>20-30 g\/kg<\/td>\n<\/tr>\n<tr>\n<td>Milk-shakes<\/td>\n<td>30-50 g\/kg<\/td>\n<\/tr>\n<tr>\n<td>Hamburgers<\/td>\n<td>40-60 g\/kg<\/td>\n<\/tr>\n<tr>\n<td>Frites (version v\u00e9g\u00e9tarienne)<\/td>\n<td>20-30 g\/kg<\/td>\n<\/tr>\n<\/tbody>\n<\/table>\n<h2><span class=\"ez-toc-section\" id=\"La_proteine_de_soja_concentree_a_une_large_gamme_dutilisations\"><\/span>La prot\u00e9ine de soja concentr\u00e9e a une large gamme d&rsquo;utilisations<span class=\"ez-toc-section-end\"><\/span><\/h2>\n<ol>\n<li>La prot\u00e9ine de soja concentr\u00e9e contient jusqu&rsquo;\u00e0 65 \u00e0 75 % de prot\u00e9ines, ce qui constitue une source de prot\u00e9ines efficace et peut augmenter consid\u00e9rablement la teneur en prot\u00e9ines des aliments.<\/li>\n<li>Elle peut am\u00e9liorer la texture des aliments, les rendre plus charnus ou augmenter la viscosit\u00e9.<\/li>\n<li>En tant qu&rsquo;ingr\u00e9dient fonctionnel, la prot\u00e9ine de soja concentr\u00e9e peut am\u00e9liorer la fonction nutritionnelle des aliments, comme l&rsquo;augmentation de la sati\u00e9t\u00e9 et l&rsquo;am\u00e9lioration du contr\u00f4le de la glyc\u00e9mie.<\/li>\n<li>La prot\u00e9ine de soja concentr\u00e9e aide \u00e0 stabiliser d&rsquo;autres ingr\u00e9dients dans les formulations alimentaires et \u00e0 r\u00e9duire la stratification et la pr\u00e9cipitation.<\/li>\n<li>Par rapport \u00e0 d&rsquo;autres ingr\u00e9dients riches en prot\u00e9ines, la prot\u00e9ine de soja concentr\u00e9e contient moins de mati\u00e8res grasses, ce qui contribue \u00e0 r\u00e9duire la teneur totale en mati\u00e8res grasses des aliments.<\/li>\n<\/ol>\n<h2><span class=\"ez-toc-section\" id=\"Question_posee_par_lutilisateur\"><\/span>Question pos\u00e9e par l&rsquo;utilisateur :<span class=\"ez-toc-section-end\"><\/span><\/h2>\n<p>Question : Quels sont les avantages de la prot\u00e9ine de soja concentr\u00e9e par rapport \u00e0 la prot\u00e9ine de soja ?<\/p>\n<p>R\u00e9ponse : La principale diff\u00e9rence entre la prot\u00e9ine de soja et la prot\u00e9ine de soja concentr\u00e9e est qu&rsquo;une partie des graisses et des glucides est \u00e9limin\u00e9e pendant le traitement, ce qui augmente la teneur en prot\u00e9ines de la prot\u00e9ine de soja concentr\u00e9e, g\u00e9n\u00e9ralement entre 65 % et 70 %. La prot\u00e9ine de soja concentr\u00e9e a une densit\u00e9 prot\u00e9ique plus \u00e9lev\u00e9e, une teneur en graisses et en glucides plus faible, peut am\u00e9liorer le go\u00fbt et la texture des aliments et convient aux formulations alimentaires qui n\u00e9cessitent une teneur \u00e9lev\u00e9e en prot\u00e9ines et une faible teneur en graisses.<\/p>\n","protected":false},"excerpt":{"rendered":"<ul>\n<li>CAS: 9010-10-0<\/li>\n<li>Formule chimique: C<sub>13<\/sub>H<sub>10<\/sub>N<sub>2<\/sub><\/li>\n<li>Certifications : KOSHER, ISO, HALAL, FSSC 22000, BRC, etc.<\/li>\n<li>Quantit\u00e9 minimum de commande : 1000 kg<\/li>\n<li>Dur\u00e9e de conservation : 2 ans<\/li>\n<\/ul>\n","protected":false},"featured_media":9778,"template":"","meta":{"site-sidebar-layout":"default","site-content-layout":"","ast-site-content-layout":"default","site-content-style":"default","site-sidebar-style":"default","ast-global-header-display":"","ast-banner-title-visibility":"","ast-main-header-display":"","ast-hfb-above-header-display":"","ast-hfb-below-header-display":"","ast-hfb-mobile-header-display":"","site-post-title":"","ast-breadcrumbs-content":"","ast-featured-img":"","footer-sml-layout":"","theme-transparent-header-meta":"default","adv-header-id-meta":"","stick-header-meta":"","header-above-stick-meta":"","header-main-stick-meta":"","header-below-stick-meta":"","astra-migrate-meta-layouts":"set","ast-page-background-enabled":"default","ast-page-background-meta":{"desktop":{"background-color":"var(--ast-global-color-4)","background-image":"","background-repeat":"repeat","background-position":"center center","background-size":"auto","background-attachment":"scroll","background-type":"","background-media":"","overlay-type":"","overlay-color":"","overlay-opacity":"","overlay-gradient":""},"tablet":{"background-color":"","background-image":"","background-repeat":"repeat","background-position":"center center","background-size":"auto","background-attachment":"scroll","background-type":"","background-media":"","overlay-type":"","overlay-color":"","overlay-opacity":"","overlay-gradient":""},"mobile":{"background-color":"","background-image":"","background-repeat":"repeat","background-position":"center center","background-size":"auto","background-attachment":"scroll","background-type":"","background-media":"","overlay-type":"","overlay-color":"","overlay-opacity":"","overlay-gradient":""}},"ast-content-background-meta":{"desktop":{"background-color":"var(--ast-global-color-5)","background-image":"","background-repeat":"repeat","background-position":"center center","background-size":"auto","background-attachment":"scroll","background-type":"","background-media":"","overlay-type":"","overlay-color":"","overlay-opacity":"","overlay-gradient":""},"tablet":{"background-color":"var(--ast-global-color-5)","background-image":"","background-repeat":"repeat","background-position":"center center","background-size":"auto","background-attachment":"scroll","background-type":"","background-media":"","overlay-type":"","overlay-color":"","overlay-opacity":"","overlay-gradient":""},"mobile":{"background-color":"var(--ast-global-color-5)","background-image":"","background-repeat":"repeat","background-position":"center center","background-size":"auto","background-attachment":"scroll","background-type":"","background-media":"","overlay-type":"","overlay-color":"","overlay-opacity":"","overlay-gradient":""}}},"product_brand":[],"product_cat":[110],"product_tag":[],"class_list":{"0":"post-9776","1":"product","2":"type-product","3":"status-publish","4":"has-post-thumbnail","6":"product_cat-produit-proteique","7":"desktop-align-center","8":"tablet-align-left","9":"mobile-align-left","11":"first","12":"instock","13":"shipping-taxable","14":"product-type-simple"},"yoast_head":"<!-- This site is optimized with the Yoast SEO plugin v26.5 - https:\/\/yoast.com\/wordpress\/plugins\/seo\/ -->\n<title>Fournisseur de poudre de prot\u00e9ines de soja concentr\u00e9es | Niranbio Chemical<\/title>\n<meta name=\"description\" content=\"Notre prot\u00e9ine de soja concentr\u00e9e a une apparence de poudre jaune clair, c&#039;est un ingr\u00e9dient alimentaire riche en prot\u00e9ines et en nutriments largement utilis\u00e9 dans l&#039;industrie alimentaire et des boissons.\" \/>\n<meta name=\"robots\" content=\"noindex, follow, max-snippet:-1, max-image-preview:large, max-video-preview:-1\" \/>\n<meta name=\"twitter:label1\" content=\"Dur\u00e9e de lecture estim\u00e9e\" \/>\n\t<meta name=\"twitter:data1\" content=\"4 minutes\" \/>\n<script type=\"application\/ld+json\" class=\"yoast-schema-graph\">{\"@context\":\"https:\/\/schema.org\",\"@graph\":[{\"@type\":\"WebPage\",\"@id\":\"https:\/\/theo.niranbio.com\/fr\/proteine-de-soja-concentree.html\",\"url\":\"https:\/\/theo.niranbio.com\/fr\/proteine-de-soja-concentree.html\",\"name\":\"Fournisseur de poudre de prot\u00e9ines de soja concentr\u00e9es | Niranbio Chemical\",\"isPartOf\":{\"@id\":\"https:\/\/theo.niranbio.com\/fr\/#website\"},\"primaryImageOfPage\":{\"@id\":\"https:\/\/theo.niranbio.com\/fr\/proteine-de-soja-concentree.html#primaryimage\"},\"image\":{\"@id\":\"https:\/\/theo.niranbio.com\/fr\/proteine-de-soja-concentree.html#primaryimage\"},\"thumbnailUrl\":\"https:\/\/theo.niranbio.com\/wp-content\/uploads\/2024\/06\/Concentrated-Soy-Protein-70.webp\",\"datePublished\":\"2024-06-20T03:42:12+00:00\",\"dateModified\":\"2024-08-19T06:04:50+00:00\",\"description\":\"Notre prot\u00e9ine de soja concentr\u00e9e a une apparence de poudre jaune clair, c'est un ingr\u00e9dient alimentaire riche en prot\u00e9ines et en nutriments largement utilis\u00e9 dans l'industrie alimentaire et des boissons.\",\"breadcrumb\":{\"@id\":\"https:\/\/theo.niranbio.com\/fr\/proteine-de-soja-concentree.html#breadcrumb\"},\"inLanguage\":\"fr-FR\",\"potentialAction\":[{\"@type\":\"ReadAction\",\"target\":[\"https:\/\/theo.niranbio.com\/fr\/proteine-de-soja-concentree.html\"]}]},{\"@type\":\"ImageObject\",\"inLanguage\":\"fr-FR\",\"@id\":\"https:\/\/theo.niranbio.com\/fr\/proteine-de-soja-concentree.html#primaryimage\",\"url\":\"https:\/\/theo.niranbio.com\/wp-content\/uploads\/2024\/06\/Concentrated-Soy-Protein-70.webp\",\"contentUrl\":\"https:\/\/theo.niranbio.com\/wp-content\/uploads\/2024\/06\/Concentrated-Soy-Protein-70.webp\",\"width\":600,\"height\":600,\"caption\":\"Prot\u00e9ine de soja concentr\u00e9e \u00e0 70 %\"},{\"@type\":\"BreadcrumbList\",\"@id\":\"https:\/\/theo.niranbio.com\/fr\/proteine-de-soja-concentree.html#breadcrumb\",\"itemListElement\":[{\"@type\":\"ListItem\",\"position\":1,\"name\":\"Home\",\"item\":\"https:\/\/theo.niranbio.com\/fr\/\"},{\"@type\":\"ListItem\",\"position\":2,\"name\":\"Produits\",\"item\":\"https:\/\/theo.niranbio.com\/fr\/produits.html\"},{\"@type\":\"ListItem\",\"position\":3,\"name\":\"Prot\u00e9ique\",\"item\":\"https:\/\/theo.niranbio.com\/fr\/produit-proteique\/\"},{\"@type\":\"ListItem\",\"position\":4,\"name\":\"Prot\u00e9ine de soja concentr\u00e9e\"}]},{\"@type\":\"WebSite\",\"@id\":\"https:\/\/theo.niranbio.com\/fr\/#website\",\"url\":\"https:\/\/theo.niranbio.com\/fr\/\",\"name\":\"Niranbio Chemical\",\"description\":\"\",\"publisher\":{\"@id\":\"https:\/\/theo.niranbio.com\/fr\/#organization\"},\"potentialAction\":[{\"@type\":\"SearchAction\",\"target\":{\"@type\":\"EntryPoint\",\"urlTemplate\":\"https:\/\/theo.niranbio.com\/fr\/?s={search_term_string}\"},\"query-input\":{\"@type\":\"PropertyValueSpecification\",\"valueRequired\":true,\"valueName\":\"search_term_string\"}}],\"inLanguage\":\"fr-FR\"},{\"@type\":\"Organization\",\"@id\":\"https:\/\/theo.niranbio.com\/fr\/#organization\",\"name\":\"Niranbio Chemical\",\"url\":\"https:\/\/theo.niranbio.com\/fr\/\",\"logo\":{\"@type\":\"ImageObject\",\"inLanguage\":\"fr-FR\",\"@id\":\"https:\/\/theo.niranbio.com\/fr\/#\/schema\/logo\/image\/\",\"url\":\"https:\/\/theo.niranbio.com\/wp-content\/uploads\/2024\/06\/Niranbio.png\",\"contentUrl\":\"https:\/\/theo.niranbio.com\/wp-content\/uploads\/2024\/06\/Niranbio.png\",\"width\":270,\"height\":100,\"caption\":\"Niranbio Chemical\"},\"image\":{\"@id\":\"https:\/\/theo.niranbio.com\/fr\/#\/schema\/logo\/image\/\"}}]}<\/script>\n<!-- \/ Yoast SEO plugin. -->","yoast_head_json":{"title":"Fournisseur de poudre de prot\u00e9ines de soja concentr\u00e9es | Niranbio Chemical","description":"Notre prot\u00e9ine de soja concentr\u00e9e a une apparence de poudre jaune clair, c'est un ingr\u00e9dient alimentaire riche en prot\u00e9ines et en nutriments largement utilis\u00e9 dans l'industrie alimentaire et des boissons.","robots":{"index":"noindex","follow":"follow","max-snippet":"max-snippet:-1","max-image-preview":"max-image-preview:large","max-video-preview":"max-video-preview:-1"},"twitter_misc":{"Dur\u00e9e de lecture estim\u00e9e":"4 minutes"},"schema":{"@context":"https:\/\/schema.org","@graph":[{"@type":"WebPage","@id":"https:\/\/theo.niranbio.com\/fr\/proteine-de-soja-concentree.html","url":"https:\/\/theo.niranbio.com\/fr\/proteine-de-soja-concentree.html","name":"Fournisseur de poudre de prot\u00e9ines de soja concentr\u00e9es | Niranbio Chemical","isPartOf":{"@id":"https:\/\/theo.niranbio.com\/fr\/#website"},"primaryImageOfPage":{"@id":"https:\/\/theo.niranbio.com\/fr\/proteine-de-soja-concentree.html#primaryimage"},"image":{"@id":"https:\/\/theo.niranbio.com\/fr\/proteine-de-soja-concentree.html#primaryimage"},"thumbnailUrl":"https:\/\/theo.niranbio.com\/wp-content\/uploads\/2024\/06\/Concentrated-Soy-Protein-70.webp","datePublished":"2024-06-20T03:42:12+00:00","dateModified":"2024-08-19T06:04:50+00:00","description":"Notre prot\u00e9ine de soja concentr\u00e9e a une apparence de poudre jaune clair, c'est un ingr\u00e9dient alimentaire riche en prot\u00e9ines et en nutriments largement utilis\u00e9 dans l'industrie alimentaire et des boissons.","breadcrumb":{"@id":"https:\/\/theo.niranbio.com\/fr\/proteine-de-soja-concentree.html#breadcrumb"},"inLanguage":"fr-FR","potentialAction":[{"@type":"ReadAction","target":["https:\/\/theo.niranbio.com\/fr\/proteine-de-soja-concentree.html"]}]},{"@type":"ImageObject","inLanguage":"fr-FR","@id":"https:\/\/theo.niranbio.com\/fr\/proteine-de-soja-concentree.html#primaryimage","url":"https:\/\/theo.niranbio.com\/wp-content\/uploads\/2024\/06\/Concentrated-Soy-Protein-70.webp","contentUrl":"https:\/\/theo.niranbio.com\/wp-content\/uploads\/2024\/06\/Concentrated-Soy-Protein-70.webp","width":600,"height":600,"caption":"Prot\u00e9ine de soja concentr\u00e9e \u00e0 70 %"},{"@type":"BreadcrumbList","@id":"https:\/\/theo.niranbio.com\/fr\/proteine-de-soja-concentree.html#breadcrumb","itemListElement":[{"@type":"ListItem","position":1,"name":"Home","item":"https:\/\/theo.niranbio.com\/fr\/"},{"@type":"ListItem","position":2,"name":"Produits","item":"https:\/\/theo.niranbio.com\/fr\/produits.html"},{"@type":"ListItem","position":3,"name":"Prot\u00e9ique","item":"https:\/\/theo.niranbio.com\/fr\/produit-proteique\/"},{"@type":"ListItem","position":4,"name":"Prot\u00e9ine de soja concentr\u00e9e"}]},{"@type":"WebSite","@id":"https:\/\/theo.niranbio.com\/fr\/#website","url":"https:\/\/theo.niranbio.com\/fr\/","name":"Niranbio Chemical","description":"","publisher":{"@id":"https:\/\/theo.niranbio.com\/fr\/#organization"},"potentialAction":[{"@type":"SearchAction","target":{"@type":"EntryPoint","urlTemplate":"https:\/\/theo.niranbio.com\/fr\/?s={search_term_string}"},"query-input":{"@type":"PropertyValueSpecification","valueRequired":true,"valueName":"search_term_string"}}],"inLanguage":"fr-FR"},{"@type":"Organization","@id":"https:\/\/theo.niranbio.com\/fr\/#organization","name":"Niranbio Chemical","url":"https:\/\/theo.niranbio.com\/fr\/","logo":{"@type":"ImageObject","inLanguage":"fr-FR","@id":"https:\/\/theo.niranbio.com\/fr\/#\/schema\/logo\/image\/","url":"https:\/\/theo.niranbio.com\/wp-content\/uploads\/2024\/06\/Niranbio.png","contentUrl":"https:\/\/theo.niranbio.com\/wp-content\/uploads\/2024\/06\/Niranbio.png","width":270,"height":100,"caption":"Niranbio Chemical"},"image":{"@id":"https:\/\/theo.niranbio.com\/fr\/#\/schema\/logo\/image\/"}}]}},"_links":{"self":[{"href":"https:\/\/theo.niranbio.com\/fr\/wp-json\/wp\/v2\/product\/9776","targetHints":{"allow":["GET"]}}],"collection":[{"href":"https:\/\/theo.niranbio.com\/fr\/wp-json\/wp\/v2\/product"}],"about":[{"href":"https:\/\/theo.niranbio.com\/fr\/wp-json\/wp\/v2\/types\/product"}],"version-history":[{"count":0,"href":"https:\/\/theo.niranbio.com\/fr\/wp-json\/wp\/v2\/product\/9776\/revisions"}],"wp:featuredmedia":[{"embeddable":true,"href":"https:\/\/theo.niranbio.com\/fr\/wp-json\/wp\/v2\/media\/9778"}],"wp:attachment":[{"href":"https:\/\/theo.niranbio.com\/fr\/wp-json\/wp\/v2\/media?parent=9776"}],"wp:term":[{"taxonomy":"product_brand","embeddable":true,"href":"https:\/\/theo.niranbio.com\/fr\/wp-json\/wp\/v2\/product_brand?post=9776"},{"taxonomy":"product_cat","embeddable":true,"href":"https:\/\/theo.niranbio.com\/fr\/wp-json\/wp\/v2\/product_cat?post=9776"},{"taxonomy":"product_tag","embeddable":true,"href":"https:\/\/theo.niranbio.com\/fr\/wp-json\/wp\/v2\/product_tag?post=9776"}],"curies":[{"name":"wp","href":"https:\/\/api.w.org\/{rel}","templated":true}]}}