{"id":9768,"date":"2024-06-20T13:17:06","date_gmt":"2024-06-20T05:17:06","guid":{"rendered":"https:\/\/theo.niranbio.com\/bicarbonate-de-sodium\/"},"modified":"2024-08-19T13:27:01","modified_gmt":"2024-08-19T05:27:01","slug":"bicarbonate-de-sodium","status":"publish","type":"product","link":"https:\/\/theo.niranbio.com\/fr\/bicarbonate-de-sodium.html","title":{"rendered":"Bicarbonate de sodium"},"content":{"rendered":"<h2><span class=\"ez-toc-section\" id=\"Quest-ce_que_le_bicarbonate_de_sodium\"><\/span>Qu&rsquo;est-ce que le bicarbonate de sodium ?<span class=\"ez-toc-section-end\"><\/span><\/h2>\n<p>Le bicarbonate de sodium est une substance inorganique qui peut prendre la forme de minuscules cristaux ou de poudre blanche. Il n&rsquo;a pas d&rsquo;odeur, est sal\u00e9, soluble dans l&rsquo;eau, se d\u00e9compose rapidement en pr\u00e9sence de chaleur et lib\u00e8re progressivement du dioxyde de carbone lorsqu&rsquo;il se d\u00e9compose dans l&rsquo;air humide. Il est largement utilis\u00e9 dans de nombreux domaines industriels, notamment les industries alimentaire, pharmaceutique, chimique, textile et l\u00e9g\u00e8re, ainsi que dans la vie quotidienne. Il existe principalement les processus suivants pour la production de bicarbonate de sodium en Chine :<\/p>\n<ol>\n<li>Extrait de minerai de soude pur naturel (pierre de terre r\u00e9fractaire naturelle pure, compos\u00e9e de bicarbonate de sodium et de carbonate de sodium). Ces minerais sont g\u00e9n\u00e9ralement riches en bicarbonate de sodium. Apr\u00e8s extraction, concassage, lixiviation, cristallisation et s\u00e9chage, on obtient finalement du bicarbonate de soude.<\/li>\n<li>Le carbonate de sodium r\u00e9agit avec l&rsquo;ammoniac pour obtenir du bicarbonate de sodium, qui est ensuite chauff\u00e9 et d\u00e9compos\u00e9 pour produire du bicarbonate de soude. Une production \u00e0 grande \u00e9chelle peut \u00eatre r\u00e9alis\u00e9e gr\u00e2ce \u00e0 cette technique, plus r\u00e9pandue dans la production industrielle.<\/li>\n<li>Le carbonate de sodium est dissous dans l&rsquo;eau, puis du gaz carbonique est introduit pour g\u00e9n\u00e9rer du bicarbonate de sodium, qui est ensuite chauff\u00e9 et d\u00e9compos\u00e9 pour obtenir du bicarbonate de soude.<\/li>\n<li>Le carbonate de sodium r\u00e9agit avec l&rsquo;oxyg\u00e8ne de l&rsquo;air pour g\u00e9n\u00e9rer du bicarbonate de sodium, qui est ensuite chauff\u00e9 et d\u00e9compos\u00e9 pour produire du bicarbonate de soude.<\/li>\n<\/ol>\n<h2><span class=\"ez-toc-section\" id=\"Parametres_associes\"><\/span>Param\u00e8tres associ\u00e9s :<span class=\"ez-toc-section-end\"><\/span><\/h2>\n<table>\n<tbody>\n<tr>\n<td><strong>ARTICLES<\/strong><\/td>\n<td><strong>Sp\u00e9cifications<\/strong><\/td>\n<\/tr>\n<tr>\n<td>Apparence<\/td>\n<td>Poudre cristalline blanche<\/td>\n<\/tr>\n<tr>\n<td>Dosage (base s\u00e8che, %)<\/td>\n<td>99.0-100.5<\/td>\n<\/tr>\n<tr>\n<td>pH (solution \u00e0 1 %)<\/td>\n<td>\u2264 8.6<\/td>\n<\/tr>\n<tr>\n<td>Perte \u00e0 la dessiccation (%)<\/td>\n<td>\u22640.20<\/td>\n<\/tr>\n<tr>\n<td>Chlorures (Cl, %)<\/td>\n<td>\u22640.50<\/td>\n<\/tr>\n<tr>\n<td>Ammoniac<\/td>\n<td>Test r\u00e9ussi<\/td>\n<\/tr>\n<tr>\n<td>Substances insolubles<\/td>\n<td>Test r\u00e9ussi<\/td>\n<\/tr>\n<tr>\n<td>Blancheur (%)<\/td>\n<td>\u226585<\/td>\n<\/tr>\n<tr>\n<td>Plomb (Pb)<\/td>\n<td>\u2264 2 mg\/kg<\/td>\n<\/tr>\n<tr>\n<td>Arsenic (As)<\/td>\n<td>\u2264 1 mg\/kg<\/td>\n<\/tr>\n<tr>\n<td>M\u00e9tal lourd (en Pb)<\/td>\n<td>\u2264 5 mg\/kg<\/td>\n<\/tr>\n<\/tbody>\n<\/table>\n<h2><span class=\"ez-toc-section\" id=\"Dosage_recommande\"><\/span><strong><b>Dosage recommand\u00e9 :<\/b><\/strong><span class=\"ez-toc-section-end\"><\/span><\/h2>\n<table>\n<tbody>\n<tr>\n<td><strong>Nom de l&rsquo;aliment<\/strong><\/td>\n<td><strong>Utilisation maximale (g\/kg)<\/strong><\/td>\n<\/tr>\n<tr>\n<td>Pain et biscottes<\/td>\n<td>1-5 g\/kg<\/td>\n<\/tr>\n<tr>\n<td>Biscuits<\/td>\n<td>1-5 g\/kg<\/td>\n<\/tr>\n<tr>\n<td>Bonbons et chocolat<\/td>\n<td>1-5 g\/kg<\/td>\n<\/tr>\n<tr>\n<td>Boissons (comme les sodas)<\/td>\n<td>0.1-0.5 g\/kg<\/td>\n<\/tr>\n<tr>\n<td>Produits laitiers<\/td>\n<td>0.1-1 g\/kg<\/td>\n<\/tr>\n<tr>\n<td>Condiments et sauces<\/td>\n<td>0.5-5 g\/kg<\/td>\n<\/tr>\n<tr>\n<td>Produits \u00e0 base de levure (comme la p\u00e2te ferment\u00e9e)<\/td>\n<td>1-5 g\/kg<\/td>\n<\/tr>\n<tr>\n<td>Jambon et produits \u00e0 base de viande<\/td>\n<td>0.1-1 g\/kg<\/td>\n<\/tr>\n<tr>\n<td>Aliments en conserve<\/td>\n<td>0.5-5 g\/kg<\/td>\n<\/tr>\n<tr>\n<td>Poudres d&rsquo;assaisonnement<\/td>\n<td>1-5 g\/kg<\/td>\n<\/tr>\n<tr>\n<td>Boissons alcoolis\u00e9es (comme le vin ferment\u00e9)<\/td>\n<td>0.1-0.5 g\/kg<\/td>\n<\/tr>\n<tr>\n<td>Boissons au caf\u00e9 et au th\u00e9<\/td>\n<td>0.1-0.5 g\/kg<\/td>\n<\/tr>\n<\/tbody>\n<\/table>\n<h2><span class=\"ez-toc-section\" id=\"Le_bicarbonate_de_sodium_a_une_large_gamme_dutilisations\"><\/span>Le bicarbonate de sodium a une large gamme d&rsquo;utilisations<span class=\"ez-toc-section-end\"><\/span><\/h2>\n<ol>\n<li>Le bicarbonate de soude r\u00e9agit avec les ingr\u00e9dients acides (comme la levure, le jus de citron, etc.) pour produire du gaz carbonique, qui favorise l&rsquo;expansion de la p\u00e2te et la fermentation des aliments, et est utilis\u00e9 dans les aliments cuits au four tels que le pain et les g\u00e2teaux.<\/li>\n<li>Lorsqu&rsquo;il est chauff\u00e9, le bicarbonate de soude se d\u00e9compose et lib\u00e8re du dioxyde de carbone, ce qui augmente le volume des aliments et am\u00e9liore le go\u00fbt et la texture, comme dans les biscuits, les cr\u00eapes et d&rsquo;autres aliments.<\/li>\n<li>Le bicarbonate de soude peut neutraliser le go\u00fbt aigre des aliments, am\u00e9liorer le go\u00fbt des aliments et \u00e9quilibrer la saveur, en particulier dans les aliments tels que les confitures et les gel\u00e9es.<\/li>\n<li>En ajustant le pH des aliments, le bicarbonate de soude peut am\u00e9liorer la stabilit\u00e9 des aliments et prolonger la dur\u00e9e de conservation des produits, comme dans les sauces, les vinaigrettes, etc.<\/li>\n<li>Le bicarbonate de soude peut \u00eatre utilis\u00e9 comme antioxydant dans certains cas sp\u00e9cifiques pour aider \u00e0 maintenir la fra\u00eecheur et la couleur des aliments, en particulier dans certains produits \u00e0 base de fruits et l\u00e9gumes transform\u00e9s.<\/li>\n<li>Dans certains cas, le bicarbonate de soude peut \u00eatre utilis\u00e9 comme \u00e9mulsifiant pour aider \u00e0 pr\u00e9parer et stabiliser les m\u00e9langes huile-eau dans les aliments, comme dans les desserts glac\u00e9s et les produits laitiers.<\/li>\n<\/ol>\n<h2><span class=\"ez-toc-section\" id=\"Question_posee_par_lutilisateur\"><\/span>Question pos\u00e9e par l&rsquo;utilisateur :<span class=\"ez-toc-section-end\"><\/span><\/h2>\n<p>Question : L&rsquo;hydroxyde de sodium peut-il \u00eatre utilis\u00e9 directement comme substitut du bicarbonate de sodium dans les aliments ?<\/p>\n<p>R\u00e9ponse : La fonction du bicarbonate de sodium dans la pr\u00e9paration des aliments ne peut pas \u00eatre facilement remplac\u00e9e par l&rsquo;hydroxyde de sodium. Le bicarbonate de sodium est souvent utilis\u00e9 comme agent levant, neutralisant et expanseur pour am\u00e9liorer les propri\u00e9t\u00e9s des aliments en lib\u00e9rant du dioxyde de carbone ou en ajustant le pH. L&rsquo;hydroxyde de sodium est une base forte et n\u00e9cessite une extr\u00eame prudence lors de son utilisation. Il est g\u00e9n\u00e9ralement utilis\u00e9 dans l&rsquo;industrie et les agents de nettoyage. Son application n&rsquo;est pas adapt\u00e9e \u00e0 la fabrication alimentaire en raison de son potentiel nocif pour la qualit\u00e9 des aliments et la sant\u00e9 humaine.<\/p>\n<p>Question : En tant que l&rsquo;un des plus grands producteurs de bicarbonate de sodium, quels sont les avantages de la Chine ?<\/p>\n<p>R\u00e9ponse : La Chine est l&rsquo;un des principaux producteurs mondiaux de bicarbonate de sodium de qualit\u00e9 alimentaire, avec ses avantages en termes de ressources min\u00e9rales alcalines abondantes, de technologie de production mature et de capacit\u00e9 de production \u00e0 faible co\u00fbt. Les entreprises chimiques chinoises sont en mesure de produire efficacement du bicarbonate de soude qui r\u00e9pond aux normes mondiales de s\u00e9curit\u00e9 alimentaire et de r\u00e9pondre \u00e0 la demande du march\u00e9 mondial pour ce produit gr\u00e2ce \u00e0 de fortes capacit\u00e9s d&rsquo;exportation.<\/p>\n","protected":false},"excerpt":{"rendered":"<ul>\n<li>CAS: 144-55-8<\/li>\n<li>Formule chimique: NaHCO<sub>3<\/sub><\/li>\n<li>Certifications : KOSHER, ISO, HALAL, FSSC 22000, BRC, etc.<\/li>\n<li>Quantit\u00e9 minimum de commande : 1000 kg<\/li>\n<li>Dur\u00e9e de conservation : 2 ans<\/li>\n<\/ul>\n","protected":false},"featured_media":9769,"template":"","meta":{"site-sidebar-layout":"default","site-content-layout":"","ast-site-content-layout":"default","site-content-style":"default","site-sidebar-style":"default","ast-global-header-display":"","ast-banner-title-visibility":"","ast-main-header-display":"","ast-hfb-above-header-display":"","ast-hfb-below-header-display":"","ast-hfb-mobile-header-display":"","site-post-title":"","ast-breadcrumbs-content":"","ast-featured-img":"","footer-sml-layout":"","theme-transparent-header-meta":"default","adv-header-id-meta":"","stick-header-meta":"","header-above-stick-meta":"","header-main-stick-meta":"","header-below-stick-meta":"","astra-migrate-meta-layouts":"set","ast-page-background-enabled":"default","ast-page-background-meta":{"desktop":{"background-color":"var(--ast-global-color-4)","background-image":"","background-repeat":"repeat","background-position":"center center","background-size":"auto","background-attachment":"scroll","background-type":"","background-media":"","overlay-type":"","overlay-color":"","overlay-opacity":"","overlay-gradient":""},"tablet":{"background-color":"","background-image":"","background-repeat":"repeat","background-position":"center center","background-size":"auto","background-attachment":"scroll","background-type":"","background-media":"","overlay-type":"","overlay-color":"","overlay-opacity":"","overlay-gradient":""},"mobile":{"background-color":"","background-image":"","background-repeat":"repeat","background-position":"center center","background-size":"auto","background-attachment":"scroll","background-type":"","background-media":"","overlay-type":"","overlay-color":"","overlay-opacity":"","overlay-gradient":""}},"ast-content-background-meta":{"desktop":{"background-color":"var(--ast-global-color-5)","background-image":"","background-repeat":"repeat","background-position":"center center","background-size":"auto","background-attachment":"scroll","background-type":"","background-media":"","overlay-type":"","overlay-color":"","overlay-opacity":"","overlay-gradient":""},"tablet":{"background-color":"var(--ast-global-color-5)","background-image":"","background-repeat":"repeat","background-position":"center center","background-size":"auto","background-attachment":"scroll","background-type":"","background-media":"","overlay-type":"","overlay-color":"","overlay-opacity":"","overlay-gradient":""},"mobile":{"background-color":"var(--ast-global-color-5)","background-image":"","background-repeat":"repeat","background-position":"center center","background-size":"auto","background-attachment":"scroll","background-type":"","background-media":"","overlay-type":"","overlay-color":"","overlay-opacity":"","overlay-gradient":""}}},"product_brand":[],"product_cat":[107],"product_tag":[],"class_list":{"0":"post-9768","1":"product","2":"type-product","3":"status-publish","4":"has-post-thumbnail","6":"product_cat-autres-ingredients-alimentaires-produit","7":"desktop-align-center","8":"tablet-align-left","9":"mobile-align-left","11":"first","12":"instock","13":"shipping-taxable","14":"product-type-simple"},"yoast_head":"<!-- This site is optimized with the Yoast SEO plugin v26.5 - https:\/\/yoast.com\/wordpress\/plugins\/seo\/ -->\n<title>Fabricant De Bicarbonate De Sodium Poudre, E500 Prix | Niranbio Chemical<\/title>\n<meta name=\"description\" content=\"Notre bicarbonate de sodium se pr\u00e9sente sous la forme de minuscules cristaux ou de poudre blanche, il est largement utilis\u00e9 dans les industries alimentaires et pharmaceutiques, ainsi que dans la vie quotidienne.\" \/>\n<meta name=\"robots\" content=\"noindex, follow, max-snippet:-1, max-image-preview:large, max-video-preview:-1\" \/>\n<meta name=\"twitter:label1\" content=\"Dur\u00e9e de lecture estim\u00e9e\" \/>\n\t<meta name=\"twitter:data1\" content=\"4 minutes\" \/>\n<script type=\"application\/ld+json\" class=\"yoast-schema-graph\">{\"@context\":\"https:\/\/schema.org\",\"@graph\":[{\"@type\":\"WebPage\",\"@id\":\"https:\/\/theo.niranbio.com\/fr\/bicarbonate-de-sodium.html\",\"url\":\"https:\/\/theo.niranbio.com\/fr\/bicarbonate-de-sodium.html\",\"name\":\"Fabricant De Bicarbonate De Sodium Poudre, E500 Prix | Niranbio Chemical\",\"isPartOf\":{\"@id\":\"https:\/\/theo.niranbio.com\/fr\/#website\"},\"primaryImageOfPage\":{\"@id\":\"https:\/\/theo.niranbio.com\/fr\/bicarbonate-de-sodium.html#primaryimage\"},\"image\":{\"@id\":\"https:\/\/theo.niranbio.com\/fr\/bicarbonate-de-sodium.html#primaryimage\"},\"thumbnailUrl\":\"https:\/\/theo.niranbio.com\/wp-content\/uploads\/2024\/06\/Sodium-Bicarbonate.webp\",\"datePublished\":\"2024-06-20T05:17:06+00:00\",\"dateModified\":\"2024-08-19T05:27:01+00:00\",\"description\":\"Notre bicarbonate de sodium se pr\u00e9sente sous la forme de minuscules cristaux ou de poudre blanche, il est largement utilis\u00e9 dans les industries alimentaires et pharmaceutiques, ainsi que dans la vie quotidienne.\",\"breadcrumb\":{\"@id\":\"https:\/\/theo.niranbio.com\/fr\/bicarbonate-de-sodium.html#breadcrumb\"},\"inLanguage\":\"fr-FR\",\"potentialAction\":[{\"@type\":\"ReadAction\",\"target\":[\"https:\/\/theo.niranbio.com\/fr\/bicarbonate-de-sodium.html\"]}]},{\"@type\":\"ImageObject\",\"inLanguage\":\"fr-FR\",\"@id\":\"https:\/\/theo.niranbio.com\/fr\/bicarbonate-de-sodium.html#primaryimage\",\"url\":\"https:\/\/theo.niranbio.com\/wp-content\/uploads\/2024\/06\/Sodium-Bicarbonate.webp\",\"contentUrl\":\"https:\/\/theo.niranbio.com\/wp-content\/uploads\/2024\/06\/Sodium-Bicarbonate.webp\",\"width\":600,\"height\":600,\"caption\":\"Bicarbonate de soude\"},{\"@type\":\"BreadcrumbList\",\"@id\":\"https:\/\/theo.niranbio.com\/fr\/bicarbonate-de-sodium.html#breadcrumb\",\"itemListElement\":[{\"@type\":\"ListItem\",\"position\":1,\"name\":\"Home\",\"item\":\"https:\/\/theo.niranbio.com\/fr\/\"},{\"@type\":\"ListItem\",\"position\":2,\"name\":\"Produits\",\"item\":\"https:\/\/theo.niranbio.com\/fr\/produits.html\"},{\"@type\":\"ListItem\",\"position\":3,\"name\":\"Autres Ingr\u00e9dients Alimentaires\",\"item\":\"https:\/\/theo.niranbio.com\/fr\/autres-ingredients-alimentaires-produit\/\"},{\"@type\":\"ListItem\",\"position\":4,\"name\":\"Bicarbonate de sodium\"}]},{\"@type\":\"WebSite\",\"@id\":\"https:\/\/theo.niranbio.com\/fr\/#website\",\"url\":\"https:\/\/theo.niranbio.com\/fr\/\",\"name\":\"Niranbio Chemical\",\"description\":\"\",\"publisher\":{\"@id\":\"https:\/\/theo.niranbio.com\/fr\/#organization\"},\"potentialAction\":[{\"@type\":\"SearchAction\",\"target\":{\"@type\":\"EntryPoint\",\"urlTemplate\":\"https:\/\/theo.niranbio.com\/fr\/?s={search_term_string}\"},\"query-input\":{\"@type\":\"PropertyValueSpecification\",\"valueRequired\":true,\"valueName\":\"search_term_string\"}}],\"inLanguage\":\"fr-FR\"},{\"@type\":\"Organization\",\"@id\":\"https:\/\/theo.niranbio.com\/fr\/#organization\",\"name\":\"Niranbio Chemical\",\"url\":\"https:\/\/theo.niranbio.com\/fr\/\",\"logo\":{\"@type\":\"ImageObject\",\"inLanguage\":\"fr-FR\",\"@id\":\"https:\/\/theo.niranbio.com\/fr\/#\/schema\/logo\/image\/\",\"url\":\"https:\/\/theo.niranbio.com\/wp-content\/uploads\/2024\/06\/Niranbio.png\",\"contentUrl\":\"https:\/\/theo.niranbio.com\/wp-content\/uploads\/2024\/06\/Niranbio.png\",\"width\":270,\"height\":100,\"caption\":\"Niranbio Chemical\"},\"image\":{\"@id\":\"https:\/\/theo.niranbio.com\/fr\/#\/schema\/logo\/image\/\"}}]}<\/script>\n<!-- \/ Yoast SEO plugin. -->","yoast_head_json":{"title":"Fabricant De Bicarbonate De Sodium Poudre, E500 Prix | Niranbio Chemical","description":"Notre bicarbonate de sodium se pr\u00e9sente sous la forme de minuscules cristaux ou de poudre blanche, il est largement utilis\u00e9 dans les industries alimentaires et pharmaceutiques, ainsi que dans la vie quotidienne.","robots":{"index":"noindex","follow":"follow","max-snippet":"max-snippet:-1","max-image-preview":"max-image-preview:large","max-video-preview":"max-video-preview:-1"},"twitter_misc":{"Dur\u00e9e de lecture estim\u00e9e":"4 minutes"},"schema":{"@context":"https:\/\/schema.org","@graph":[{"@type":"WebPage","@id":"https:\/\/theo.niranbio.com\/fr\/bicarbonate-de-sodium.html","url":"https:\/\/theo.niranbio.com\/fr\/bicarbonate-de-sodium.html","name":"Fabricant De Bicarbonate De Sodium Poudre, E500 Prix | Niranbio Chemical","isPartOf":{"@id":"https:\/\/theo.niranbio.com\/fr\/#website"},"primaryImageOfPage":{"@id":"https:\/\/theo.niranbio.com\/fr\/bicarbonate-de-sodium.html#primaryimage"},"image":{"@id":"https:\/\/theo.niranbio.com\/fr\/bicarbonate-de-sodium.html#primaryimage"},"thumbnailUrl":"https:\/\/theo.niranbio.com\/wp-content\/uploads\/2024\/06\/Sodium-Bicarbonate.webp","datePublished":"2024-06-20T05:17:06+00:00","dateModified":"2024-08-19T05:27:01+00:00","description":"Notre bicarbonate de sodium se pr\u00e9sente sous la forme de minuscules cristaux ou de poudre blanche, il est largement utilis\u00e9 dans les industries alimentaires et pharmaceutiques, ainsi que dans la vie quotidienne.","breadcrumb":{"@id":"https:\/\/theo.niranbio.com\/fr\/bicarbonate-de-sodium.html#breadcrumb"},"inLanguage":"fr-FR","potentialAction":[{"@type":"ReadAction","target":["https:\/\/theo.niranbio.com\/fr\/bicarbonate-de-sodium.html"]}]},{"@type":"ImageObject","inLanguage":"fr-FR","@id":"https:\/\/theo.niranbio.com\/fr\/bicarbonate-de-sodium.html#primaryimage","url":"https:\/\/theo.niranbio.com\/wp-content\/uploads\/2024\/06\/Sodium-Bicarbonate.webp","contentUrl":"https:\/\/theo.niranbio.com\/wp-content\/uploads\/2024\/06\/Sodium-Bicarbonate.webp","width":600,"height":600,"caption":"Bicarbonate de soude"},{"@type":"BreadcrumbList","@id":"https:\/\/theo.niranbio.com\/fr\/bicarbonate-de-sodium.html#breadcrumb","itemListElement":[{"@type":"ListItem","position":1,"name":"Home","item":"https:\/\/theo.niranbio.com\/fr\/"},{"@type":"ListItem","position":2,"name":"Produits","item":"https:\/\/theo.niranbio.com\/fr\/produits.html"},{"@type":"ListItem","position":3,"name":"Autres Ingr\u00e9dients Alimentaires","item":"https:\/\/theo.niranbio.com\/fr\/autres-ingredients-alimentaires-produit\/"},{"@type":"ListItem","position":4,"name":"Bicarbonate de sodium"}]},{"@type":"WebSite","@id":"https:\/\/theo.niranbio.com\/fr\/#website","url":"https:\/\/theo.niranbio.com\/fr\/","name":"Niranbio Chemical","description":"","publisher":{"@id":"https:\/\/theo.niranbio.com\/fr\/#organization"},"potentialAction":[{"@type":"SearchAction","target":{"@type":"EntryPoint","urlTemplate":"https:\/\/theo.niranbio.com\/fr\/?s={search_term_string}"},"query-input":{"@type":"PropertyValueSpecification","valueRequired":true,"valueName":"search_term_string"}}],"inLanguage":"fr-FR"},{"@type":"Organization","@id":"https:\/\/theo.niranbio.com\/fr\/#organization","name":"Niranbio Chemical","url":"https:\/\/theo.niranbio.com\/fr\/","logo":{"@type":"ImageObject","inLanguage":"fr-FR","@id":"https:\/\/theo.niranbio.com\/fr\/#\/schema\/logo\/image\/","url":"https:\/\/theo.niranbio.com\/wp-content\/uploads\/2024\/06\/Niranbio.png","contentUrl":"https:\/\/theo.niranbio.com\/wp-content\/uploads\/2024\/06\/Niranbio.png","width":270,"height":100,"caption":"Niranbio Chemical"},"image":{"@id":"https:\/\/theo.niranbio.com\/fr\/#\/schema\/logo\/image\/"}}]}},"_links":{"self":[{"href":"https:\/\/theo.niranbio.com\/fr\/wp-json\/wp\/v2\/product\/9768","targetHints":{"allow":["GET"]}}],"collection":[{"href":"https:\/\/theo.niranbio.com\/fr\/wp-json\/wp\/v2\/product"}],"about":[{"href":"https:\/\/theo.niranbio.com\/fr\/wp-json\/wp\/v2\/types\/product"}],"version-history":[{"count":0,"href":"https:\/\/theo.niranbio.com\/fr\/wp-json\/wp\/v2\/product\/9768\/revisions"}],"wp:featuredmedia":[{"embeddable":true,"href":"https:\/\/theo.niranbio.com\/fr\/wp-json\/wp\/v2\/media\/9769"}],"wp:attachment":[{"href":"https:\/\/theo.niranbio.com\/fr\/wp-json\/wp\/v2\/media?parent=9768"}],"wp:term":[{"taxonomy":"product_brand","embeddable":true,"href":"https:\/\/theo.niranbio.com\/fr\/wp-json\/wp\/v2\/product_brand?post=9768"},{"taxonomy":"product_cat","embeddable":true,"href":"https:\/\/theo.niranbio.com\/fr\/wp-json\/wp\/v2\/product_cat?post=9768"},{"taxonomy":"product_tag","embeddable":true,"href":"https:\/\/theo.niranbio.com\/fr\/wp-json\/wp\/v2\/product_tag?post=9768"}],"curies":[{"name":"wp","href":"https:\/\/api.w.org\/{rel}","templated":true}]}}