{"id":9765,"date":"2024-06-20T11:42:52","date_gmt":"2024-06-20T03:42:52","guid":{"rendered":"https:\/\/theo.niranbio.com\/proteine-de-soja-isolee\/"},"modified":"2024-08-13T17:44:19","modified_gmt":"2024-08-13T09:44:19","slug":"proteine-de-soja-isolee","status":"publish","type":"product","link":"https:\/\/theo.niranbio.com\/fr\/proteine-de-soja-isolee.html","title":{"rendered":"Prot\u00e9ine de soja isol\u00e9e"},"content":{"rendered":"<h2><span class=\"ez-toc-section\" id=\"Quest-ce_que_la_proteine_de_soja_isolee\"><\/span>Qu&rsquo;est-ce que la prot\u00e9ine de soja isol\u00e9e ?<span class=\"ez-toc-section-end\"><\/span><\/h2>\n<p>Prot\u00e9ine de soja isol\u00e9e : qu&rsquo;est-ce que c&rsquo;est ? Une prot\u00e9ine v\u00e9g\u00e9tale de haute puret\u00e9 extraite du soja est appel\u00e9e prot\u00e9ine de soja isol\u00e9e. Elle se pr\u00e9sente sous la forme d&rsquo;une poudre blanche ou jaune clair avec d&rsquo;excellentes propri\u00e9t\u00e9s d&rsquo;\u00e9mulsification, de g\u00e9lification et de nutrition. Elle est largement utilis\u00e9e dans l&rsquo;industrie alimentaire pour la production de produits \u00e0 base de viande v\u00e9g\u00e9tarienne, de lait de soja, de tofu et d&rsquo;autres produits. Elle est \u00e9galement utilis\u00e9e comme compl\u00e9ment nutritionnel dans la nutrition sportive et les aliments pour nourrissons pour r\u00e9pondre au choix sain de diff\u00e9rents groupes de personnes pour des prot\u00e9ines de haute qualit\u00e9. Les principaux processus de pr\u00e9paration de la prot\u00e9ine de soja isol\u00e9e en Chine comprennent les deux suivants :<\/p>\n<ol>\n<li>Pr\u00e9cipiter les prot\u00e9ines du soja en ajustant le pH ou en ajoutant des sels, puis les s\u00e9parer et les s\u00e9cher, ce qui convient \u00e0 la production \u00e0 petite \u00e9chelle ou aux occasions avec des exigences \u00e9lev\u00e9es en mati\u00e8re de protection de l&rsquo;environnement.<\/li>\n<li>Utiliser des solvants organiques tels que l&rsquo;isopropanol pour extraire les prot\u00e9ines du soja, ce qui pr\u00e9sente une efficacit\u00e9 d&rsquo;extraction \u00e9lev\u00e9e et convient \u00e0 la production industrielle \u00e0 grande \u00e9chelle.<\/li>\n<\/ol>\n<p>La s\u00e9lection d&rsquo;un proc\u00e9d\u00e9 appropri\u00e9 n\u00e9cessite de prendre en compte l&rsquo;\u00e9chelle de production, les exigences du produit et les facteurs environnementaux pour assurer un \u00e9quilibre entre l&rsquo;efficacit\u00e9 de la production et la qualit\u00e9 du produit.<\/p>\n<h2><span class=\"ez-toc-section\" id=\"Proteine_de_soja_isolee_emulsion_de_type_9001BW_Donnees_techniques\"><\/span>Prot\u00e9ine de soja isol\u00e9e (\u00e9mulsion de type 9001BW) Donn\u00e9es techniques :<span class=\"ez-toc-section-end\"><\/span><\/h2>\n<table>\n<tbody>\n<tr>\n<td>Produit Article<\/td>\n<td>R\u00e9sultat<\/td>\n<\/tr>\n<tr>\n<td>Type d&rsquo;\u00e9mulsion<\/td>\n<td>Type d&rsquo;\u00e9mulsion 9001BW<\/td>\n<\/tr>\n<tr>\n<td>Aspect<\/td>\n<td>Poudre jaune clair ou blanc laiteux<\/td>\n<\/tr>\n<tr>\n<td>Style<\/td>\n<td>S\u00e9ch\u00e9<\/td>\n<\/tr>\n<tr>\n<td>Go\u00fbt et odeur<\/td>\n<td>Go\u00fbt normal, sans odeur particuli\u00e8re<\/td>\n<\/tr>\n<tr>\n<td>Prot\u00e9ines<\/td>\n<td>Min.90% (sur base s\u00e8che)<\/td>\n<\/tr>\n<tr>\n<td>Humidit\u00e9<\/td>\n<td>Max. 7%<\/td>\n<\/tr>\n<tr>\n<td>Cendres<\/td>\n<td>Max.6<\/td>\n<\/tr>\n<tr>\n<td>Mati\u00e8re grasse<\/td>\n<td>Max. 1%<\/td>\n<\/tr>\n<tr>\n<td>Valeur PH<\/td>\n<td>7.5+1.0<\/td>\n<\/tr>\n<tr>\n<td>Finesse<\/td>\n<td>Min.95%(\u00e0 travers 100 mesh)<\/td>\n<\/tr>\n<tr>\n<td>Nombre total de plaques<\/td>\n<td>Max.20000cfu\/g<\/td>\n<\/tr>\n<tr>\n<td>Microba &amp; Bacillus Cereus<\/td>\n<td>Max.100cfu\/g<\/td>\n<\/tr>\n<tr>\n<td>E.Coli<\/td>\n<td>N\u00e9gatif<\/td>\n<\/tr>\n<tr>\n<td>Salmonelle<\/td>\n<td>N\u00e9gatif<\/td>\n<\/tr>\n<tr>\n<td>En tant que<\/td>\n<td>Max. 0,5mg\/kg<\/td>\n<\/tr>\n<tr>\n<td>Pb<\/td>\n<td>Max. 0,5mg\/kg<\/td>\n<\/tr>\n<tr>\n<td>Hg<\/td>\n<td>Max. 10ug\/kg<\/td>\n<\/tr>\n<\/tbody>\n<\/table>\n<h2><span class=\"ez-toc-section\" id=\"Proteine_de_soja_isolee_Type_dinjection_9020_Donnees_techniques\"><\/span>Prot\u00e9ine de soja isol\u00e9e (Type d&rsquo;injection 9020) Donn\u00e9es techniques :<span class=\"ez-toc-section-end\"><\/span><\/h2>\n<table>\n<tbody>\n<tr>\n<td>Produit Article<\/td>\n<td>R\u00e9sultat<\/td>\n<\/tr>\n<tr>\n<td>Type d&rsquo;injection<\/td>\n<td>Type d&rsquo;injection 9020<\/td>\n<\/tr>\n<tr>\n<td>Aspect<\/td>\n<td>Poudre jaune clair ou blanc laiteux<\/td>\n<\/tr>\n<tr>\n<td>Style<\/td>\n<td>S\u00e9ch\u00e9<\/td>\n<\/tr>\n<tr>\n<td>Go\u00fbt et odeur<\/td>\n<td>Go\u00fbt normal, sans odeur particuli\u00e8re<\/td>\n<\/tr>\n<tr>\n<td>Prot\u00e9ines<\/td>\n<td>Min.90% (sur base s\u00e8che)<\/td>\n<\/tr>\n<tr>\n<td>Humidit\u00e9<\/td>\n<td>Max. 7%<\/td>\n<\/tr>\n<tr>\n<td>Cendres<\/td>\n<td>Max.6<\/td>\n<\/tr>\n<tr>\n<td>Mati\u00e8re grasse<\/td>\n<td>Max. 1%<\/td>\n<\/tr>\n<tr>\n<td>Valeur PH<\/td>\n<td>6.5+1.0<\/td>\n<\/tr>\n<tr>\n<td>Finesse<\/td>\n<td>Min.95%(\u00e0 travers 100 mesh)<\/td>\n<\/tr>\n<tr>\n<td>Nombre total de plaques<\/td>\n<td>Max.20000cfu\/g<\/td>\n<\/tr>\n<tr>\n<td>Microba &amp; Bacillus Cereus<\/td>\n<td>Max.100cfu\/g<\/td>\n<\/tr>\n<tr>\n<td>E.Coli<\/td>\n<td>N\u00e9gatif<\/td>\n<\/tr>\n<tr>\n<td>Salmonelle<\/td>\n<td>N\u00e9gatif<\/td>\n<\/tr>\n<tr>\n<td>AS<\/td>\n<td>Max. 0,5mg\/kg<\/td>\n<\/tr>\n<tr>\n<td>Pb<\/td>\n<td>Max. 0,5mg\/kg<\/td>\n<\/tr>\n<tr>\n<td>Hg<\/td>\n<td>Max. 10\u03bcg\/kg<\/td>\n<\/tr>\n<\/tbody>\n<\/table>\n<h2><span class=\"ez-toc-section\" id=\"Dosage_recommande\"><\/span><strong><b>Dosage recommand\u00e9 :<\/b><\/strong><span class=\"ez-toc-section-end\"><\/span><\/h2>\n<table>\n<tbody>\n<tr>\n<td><strong>Nom de l&rsquo;aliment<\/strong><\/td>\n<td><strong>Utilisation maximale (g\/kg)<\/strong><\/td>\n<\/tr>\n<tr>\n<td>Substituts de viande v\u00e9g\u00e9tariens<\/td>\n<td>30-50g\/kg<\/td>\n<\/tr>\n<tr>\n<td>Lait de soja et laits v\u00e9g\u00e9taux<\/td>\n<td>5-20g\/kg<\/td>\n<\/tr>\n<tr>\n<td>Produits \u00e0 base de soja<\/td>\n<td>20-50g\/kg<\/td>\n<\/tr>\n<tr>\n<td>P\u00e2tes v\u00e9g\u00e9tariennes<\/td>\n<td>10-30g\/kg<\/td>\n<\/tr>\n<tr>\n<td>Barres \u00e9nerg\u00e9tiques et barres nutritionnelles<\/td>\n<td>30-60g\/kg<\/td>\n<\/tr>\n<tr>\n<td>Saucisses v\u00e9g\u00e9tariennes<\/td>\n<td>50-80g\/kg<\/td>\n<\/tr>\n<tr>\n<td>Substituts de yaourts v\u00e9g\u00e9taux<\/td>\n<td>10-30g\/kg<\/td>\n<\/tr>\n<tr>\n<td>Boissons nutritives<\/td>\n<td>5-20g\/kg<\/td>\n<\/tr>\n<tr>\n<td>Boissons hyperprot\u00e9in\u00e9es<\/td>\n<td>20-50g\/kg<\/td>\n<\/tr>\n<tr>\n<td>C\u00e9r\u00e9ales et granola enrichis en prot\u00e9ines<\/td>\n<td>10-30g\/kg<\/td>\n<\/tr>\n<tr>\n<td>Aliments de restauration nutritifs<\/td>\n<td>30-60g\/kg<\/td>\n<\/tr>\n<tr>\n<td>Boissons prot\u00e9in\u00e9es nutritives<\/td>\n<td>20-50g\/kg<\/td>\n<\/tr>\n<tr>\n<td>Sandwichs et wraps v\u00e9g\u00e9tariens<\/td>\n<td>50-80g\/kg<\/td>\n<\/tr>\n<tr>\n<td>Vinaigrettes nutritives<\/td>\n<td>10-30g\/kg<\/td>\n<\/tr>\n<\/tbody>\n<\/table>\n<h2><span class=\"ez-toc-section\" id=\"La_proteine_de_soja_isolee_a_une_large_gamme_dutilisations\"><\/span>La prot\u00e9ine de soja isol\u00e9e a une large gamme d&rsquo;utilisations<span class=\"ez-toc-section-end\"><\/span><\/h2>\n<ol>\n<li>Augmenter la valeur nutritionnelle : la prot\u00e9ine de soja isol\u00e9e a une teneur \u00e9lev\u00e9e en prot\u00e9ines v\u00e9g\u00e9tales et est une bonne source de plusieurs acides amin\u00e9s importants dont le corps a besoin. Pour les v\u00e9g\u00e9tariens et les autres personnes qui ont besoin d&rsquo;augmenter leur apport en prot\u00e9ines, c&rsquo;est un excellent substitut.<\/li>\n<li>Am\u00e9liorer la texture et le go\u00fbt des aliments : Dans les produits \u00e0 base de viande v\u00e9g\u00e9tariens, les produits \u00e0 base de soja (tels que le tofu, le lait de soja), le lait v\u00e9g\u00e9tal, les boissons nutritionnelles et d&rsquo;autres aliments, la prot\u00e9ine de soja isol\u00e9e peut am\u00e9liorer l&rsquo;\u00e9lasticit\u00e9 et le go\u00fbt de leur texture, les rendant plus proches du go\u00fbt de la viande traditionnelle ou des produits laitiers.<\/li>\n<li>\u00c9mulsification et stabilisation : La prot\u00e9ine de soja isol\u00e9e poss\u00e8de d&rsquo;excellentes propri\u00e9t\u00e9s d&rsquo;\u00e9mulsification, qui peuvent aider \u00e0 suspendre et \u00e0 stabiliser les phases huileuse et aqueuse dans les aliments, tels que les produits laitiers, les boissons, les sauces, etc., pour am\u00e9liorer leur go\u00fbt et leur texture.<\/li>\n<li>Am\u00e9liorer la transformabilit\u00e9 des aliments : Dans les aliments transform\u00e9s tels que les nouilles, les barres nutritionnelles, les barres \u00e9nerg\u00e9tiques, etc., la prot\u00e9ine de soja isol\u00e9e peut am\u00e9liorer leur transformabilit\u00e9 et am\u00e9liorer la formabilit\u00e9 et la stabilit\u00e9 morphologique du produit.<\/li>\n<li>Am\u00e9lioration fonctionnelle : La prot\u00e9ine de soja isol\u00e9e fournit non seulement une nutrition prot\u00e9ique, mais poss\u00e8de \u00e9galement des propri\u00e9t\u00e9s g\u00e9lifiantes et \u00e9paississantes, qui peuvent \u00eatre utilis\u00e9es pour am\u00e9liorer la texture et le go\u00fbt des aliments, comme \u00e9tant largement utilis\u00e9e dans les condiments, les produits de boulangerie et les aliments surgel\u00e9s.<\/li>\n<li>Compl\u00e9ments nutritionnels et aliments fonctionnels : En tant qu\u2019ingr\u00e9dient important dans les compl\u00e9ments nutritionnels et les aliments fonctionnels, la prot\u00e9ine de soja isol\u00e9e peut aider \u00e0 fabriquer des boissons riches en prot\u00e9ines, des barres nutritionnelles et des repas nutritifs pour r\u00e9pondre aux besoins nutritionnels de diff\u00e9rents groupes de consommateurs.<\/li>\n<\/ol>\n<h2><span class=\"ez-toc-section\" id=\"Question_posee_par_lutilisateur\"><\/span>Question pos\u00e9e par l&rsquo;utilisateur :<span class=\"ez-toc-section-end\"><\/span><\/h2>\n<p>Question : Quelle est la diff\u00e9rence et le lien entre la prot\u00e9ine de soja de qualit\u00e9 alimentaire et la prot\u00e9ine de soja isol\u00e9e ?<\/p>\n<p>R\u00e9ponse : La prot\u00e9ine de soja de qualit\u00e9 alimentaire est un concept large, comprenant des formes telles que la prot\u00e9ine de soja isol\u00e9e et la prot\u00e9ine de farine de soja.<\/p>\n<p>La prot\u00e9ine de soja isol\u00e9e est un produit de haute puret\u00e9 obtenu en extrayant les prot\u00e9ines du soja et en \u00e9liminant la plupart des composants non prot\u00e9iques, contenant g\u00e9n\u00e9ralement plus de 90 % de prot\u00e9ines. Elle a d&rsquo;excellentes fonctionnalit\u00e9s, telles que l&rsquo;\u00e9mulsification, la g\u00e9lification et la stabilisation, et est souvent utilis\u00e9e dans la production de divers aliments, tels que les substituts de viande, les produits \u00e0 base de soja et les boissons nutritionnelles.<\/p>\n<p>La prot\u00e9ine de farine de soja contient davantage de composants non prot\u00e9iques, avec des utilisations et des fonctions l\u00e9g\u00e8rement diff\u00e9rentes, et se trouve couramment dans les produits \u00e0 base de haricots entiers, tels que le lait de soja et le tofu. En g\u00e9n\u00e9ral, l\u2019isolat de prot\u00e9ines de soja est une forme hautement purifi\u00e9e de prot\u00e9ines de soja et est largement utilis\u00e9 dans la fabrication de produits riches en prot\u00e9ines dans l\u2019industrie alimentaire.<\/p>\n","protected":false},"excerpt":{"rendered":"<ul>\n<li>CAS: 9010-10-0<\/li>\n<li>Formule chimique :C<sub>13<\/sub>H<sub>10<\/sub>N<sub>2<\/sub><\/li>\n<li>Certifications : KOSHER, ISO, HALAL, FSSC 22000, BRC, etc.<\/li>\n<li>Quantit\u00e9 minimum de commande : 1000 kg<\/li>\n<li>Dur\u00e9e de conservation : 2 ans<\/li>\n<\/ul>\n","protected":false},"featured_media":9767,"template":"","meta":{"site-sidebar-layout":"default","site-content-layout":"","ast-site-content-layout":"default","site-content-style":"default","site-sidebar-style":"default","ast-global-header-display":"","ast-banner-title-visibility":"","ast-main-header-display":"","ast-hfb-above-header-display":"","ast-hfb-below-header-display":"","ast-hfb-mobile-header-display":"","site-post-title":"","ast-breadcrumbs-content":"","ast-featured-img":"","footer-sml-layout":"","theme-transparent-header-meta":"default","adv-header-id-meta":"","stick-header-meta":"","header-above-stick-meta":"","header-main-stick-meta":"","header-below-stick-meta":"","astra-migrate-meta-layouts":"set","ast-page-background-enabled":"default","ast-page-background-meta":{"desktop":{"background-color":"var(--ast-global-color-4)","background-image":"","background-repeat":"repeat","background-position":"center center","background-size":"auto","background-attachment":"scroll","background-type":"","background-media":"","overlay-type":"","overlay-color":"","overlay-opacity":"","overlay-gradient":""},"tablet":{"background-color":"","background-image":"","background-repeat":"repeat","background-position":"center center","background-size":"auto","background-attachment":"scroll","background-type":"","background-media":"","overlay-type":"","overlay-color":"","overlay-opacity":"","overlay-gradient":""},"mobile":{"background-color":"","background-image":"","background-repeat":"repeat","background-position":"center center","background-size":"auto","background-attachment":"scroll","background-type":"","background-media":"","overlay-type":"","overlay-color":"","overlay-opacity":"","overlay-gradient":""}},"ast-content-background-meta":{"desktop":{"background-color":"var(--ast-global-color-5)","background-image":"","background-repeat":"repeat","background-position":"center center","background-size":"auto","background-attachment":"scroll","background-type":"","background-media":"","overlay-type":"","overlay-color":"","overlay-opacity":"","overlay-gradient":""},"tablet":{"background-color":"var(--ast-global-color-5)","background-image":"","background-repeat":"repeat","background-position":"center center","background-size":"auto","background-attachment":"scroll","background-type":"","background-media":"","overlay-type":"","overlay-color":"","overlay-opacity":"","overlay-gradient":""},"mobile":{"background-color":"var(--ast-global-color-5)","background-image":"","background-repeat":"repeat","background-position":"center center","background-size":"auto","background-attachment":"scroll","background-type":"","background-media":"","overlay-type":"","overlay-color":"","overlay-opacity":"","overlay-gradient":""}}},"product_brand":[],"product_cat":[110],"product_tag":[],"class_list":{"0":"post-9765","1":"product","2":"type-product","3":"status-publish","4":"has-post-thumbnail","6":"product_cat-produit-proteique","7":"desktop-align-center","8":"tablet-align-left","9":"mobile-align-left","11":"first","12":"instock","13":"shipping-taxable","14":"product-type-simple"},"yoast_head":"<!-- This site is optimized with the Yoast SEO plugin v26.5 - https:\/\/yoast.com\/wordpress\/plugins\/seo\/ -->\n<title>Fournisseur de prot\u00e9ines de soja isol\u00e9es, achetez de la poudre de prot\u00e9ines de soja pure | Niranbio Chemical<\/title>\n<meta name=\"description\" content=\"Notre prot\u00e9ine de soja isol\u00e9e est une poudre blanche ou jaune clair avec d&#039;excellentes propri\u00e9t\u00e9s d&#039;\u00e9mulsification, de g\u00e9lification et de nutrition.\" \/>\n<meta name=\"robots\" content=\"noindex, follow, max-snippet:-1, max-image-preview:large, max-video-preview:-1\" \/>\n<meta name=\"twitter:label1\" content=\"Dur\u00e9e de lecture estim\u00e9e\" \/>\n\t<meta name=\"twitter:data1\" content=\"5 minutes\" \/>\n<script type=\"application\/ld+json\" class=\"yoast-schema-graph\">{\"@context\":\"https:\/\/schema.org\",\"@graph\":[{\"@type\":\"WebPage\",\"@id\":\"https:\/\/theo.niranbio.com\/fr\/proteine-de-soja-isolee.html\",\"url\":\"https:\/\/theo.niranbio.com\/fr\/proteine-de-soja-isolee.html\",\"name\":\"Fournisseur de prot\u00e9ines de soja isol\u00e9es, achetez de la poudre de prot\u00e9ines de soja pure | Niranbio Chemical\",\"isPartOf\":{\"@id\":\"https:\/\/theo.niranbio.com\/fr\/#website\"},\"primaryImageOfPage\":{\"@id\":\"https:\/\/theo.niranbio.com\/fr\/proteine-de-soja-isolee.html#primaryimage\"},\"image\":{\"@id\":\"https:\/\/theo.niranbio.com\/fr\/proteine-de-soja-isolee.html#primaryimage\"},\"thumbnailUrl\":\"https:\/\/theo.niranbio.com\/wp-content\/uploads\/2024\/06\/Isolated-Soy-Protein.webp\",\"datePublished\":\"2024-06-20T03:42:52+00:00\",\"dateModified\":\"2024-08-13T09:44:19+00:00\",\"description\":\"Notre prot\u00e9ine de soja isol\u00e9e est une poudre blanche ou jaune clair avec d'excellentes propri\u00e9t\u00e9s d'\u00e9mulsification, de g\u00e9lification et de nutrition.\",\"breadcrumb\":{\"@id\":\"https:\/\/theo.niranbio.com\/fr\/proteine-de-soja-isolee.html#breadcrumb\"},\"inLanguage\":\"fr-FR\",\"potentialAction\":[{\"@type\":\"ReadAction\",\"target\":[\"https:\/\/theo.niranbio.com\/fr\/proteine-de-soja-isolee.html\"]}]},{\"@type\":\"ImageObject\",\"inLanguage\":\"fr-FR\",\"@id\":\"https:\/\/theo.niranbio.com\/fr\/proteine-de-soja-isolee.html#primaryimage\",\"url\":\"https:\/\/theo.niranbio.com\/wp-content\/uploads\/2024\/06\/Isolated-Soy-Protein.webp\",\"contentUrl\":\"https:\/\/theo.niranbio.com\/wp-content\/uploads\/2024\/06\/Isolated-Soy-Protein.webp\",\"width\":600,\"height\":600,\"caption\":\"Prot\u00e9ine de soja isol\u00e9e\"},{\"@type\":\"BreadcrumbList\",\"@id\":\"https:\/\/theo.niranbio.com\/fr\/proteine-de-soja-isolee.html#breadcrumb\",\"itemListElement\":[{\"@type\":\"ListItem\",\"position\":1,\"name\":\"Home\",\"item\":\"https:\/\/theo.niranbio.com\/fr\/\"},{\"@type\":\"ListItem\",\"position\":2,\"name\":\"Produits\",\"item\":\"https:\/\/theo.niranbio.com\/fr\/produits.html\"},{\"@type\":\"ListItem\",\"position\":3,\"name\":\"Prot\u00e9ique\",\"item\":\"https:\/\/theo.niranbio.com\/fr\/produit-proteique\/\"},{\"@type\":\"ListItem\",\"position\":4,\"name\":\"Prot\u00e9ine de soja isol\u00e9e\"}]},{\"@type\":\"WebSite\",\"@id\":\"https:\/\/theo.niranbio.com\/fr\/#website\",\"url\":\"https:\/\/theo.niranbio.com\/fr\/\",\"name\":\"Niranbio Chemical\",\"description\":\"\",\"publisher\":{\"@id\":\"https:\/\/theo.niranbio.com\/fr\/#organization\"},\"potentialAction\":[{\"@type\":\"SearchAction\",\"target\":{\"@type\":\"EntryPoint\",\"urlTemplate\":\"https:\/\/theo.niranbio.com\/fr\/?s={search_term_string}\"},\"query-input\":{\"@type\":\"PropertyValueSpecification\",\"valueRequired\":true,\"valueName\":\"search_term_string\"}}],\"inLanguage\":\"fr-FR\"},{\"@type\":\"Organization\",\"@id\":\"https:\/\/theo.niranbio.com\/fr\/#organization\",\"name\":\"Niranbio Chemical\",\"url\":\"https:\/\/theo.niranbio.com\/fr\/\",\"logo\":{\"@type\":\"ImageObject\",\"inLanguage\":\"fr-FR\",\"@id\":\"https:\/\/theo.niranbio.com\/fr\/#\/schema\/logo\/image\/\",\"url\":\"https:\/\/theo.niranbio.com\/wp-content\/uploads\/2024\/06\/Niranbio.png\",\"contentUrl\":\"https:\/\/theo.niranbio.com\/wp-content\/uploads\/2024\/06\/Niranbio.png\",\"width\":270,\"height\":100,\"caption\":\"Niranbio Chemical\"},\"image\":{\"@id\":\"https:\/\/theo.niranbio.com\/fr\/#\/schema\/logo\/image\/\"}}]}<\/script>\n<!-- \/ Yoast SEO plugin. -->","yoast_head_json":{"title":"Fournisseur de prot\u00e9ines de soja isol\u00e9es, achetez de la poudre de prot\u00e9ines de soja pure | Niranbio Chemical","description":"Notre prot\u00e9ine de soja isol\u00e9e est une poudre blanche ou jaune clair avec d'excellentes propri\u00e9t\u00e9s d'\u00e9mulsification, de g\u00e9lification et de nutrition.","robots":{"index":"noindex","follow":"follow","max-snippet":"max-snippet:-1","max-image-preview":"max-image-preview:large","max-video-preview":"max-video-preview:-1"},"twitter_misc":{"Dur\u00e9e de lecture estim\u00e9e":"5 minutes"},"schema":{"@context":"https:\/\/schema.org","@graph":[{"@type":"WebPage","@id":"https:\/\/theo.niranbio.com\/fr\/proteine-de-soja-isolee.html","url":"https:\/\/theo.niranbio.com\/fr\/proteine-de-soja-isolee.html","name":"Fournisseur de prot\u00e9ines de soja isol\u00e9es, achetez de la poudre de prot\u00e9ines de soja pure | Niranbio Chemical","isPartOf":{"@id":"https:\/\/theo.niranbio.com\/fr\/#website"},"primaryImageOfPage":{"@id":"https:\/\/theo.niranbio.com\/fr\/proteine-de-soja-isolee.html#primaryimage"},"image":{"@id":"https:\/\/theo.niranbio.com\/fr\/proteine-de-soja-isolee.html#primaryimage"},"thumbnailUrl":"https:\/\/theo.niranbio.com\/wp-content\/uploads\/2024\/06\/Isolated-Soy-Protein.webp","datePublished":"2024-06-20T03:42:52+00:00","dateModified":"2024-08-13T09:44:19+00:00","description":"Notre prot\u00e9ine de soja isol\u00e9e est une poudre blanche ou jaune clair avec d'excellentes propri\u00e9t\u00e9s d'\u00e9mulsification, de g\u00e9lification et de nutrition.","breadcrumb":{"@id":"https:\/\/theo.niranbio.com\/fr\/proteine-de-soja-isolee.html#breadcrumb"},"inLanguage":"fr-FR","potentialAction":[{"@type":"ReadAction","target":["https:\/\/theo.niranbio.com\/fr\/proteine-de-soja-isolee.html"]}]},{"@type":"ImageObject","inLanguage":"fr-FR","@id":"https:\/\/theo.niranbio.com\/fr\/proteine-de-soja-isolee.html#primaryimage","url":"https:\/\/theo.niranbio.com\/wp-content\/uploads\/2024\/06\/Isolated-Soy-Protein.webp","contentUrl":"https:\/\/theo.niranbio.com\/wp-content\/uploads\/2024\/06\/Isolated-Soy-Protein.webp","width":600,"height":600,"caption":"Prot\u00e9ine de soja isol\u00e9e"},{"@type":"BreadcrumbList","@id":"https:\/\/theo.niranbio.com\/fr\/proteine-de-soja-isolee.html#breadcrumb","itemListElement":[{"@type":"ListItem","position":1,"name":"Home","item":"https:\/\/theo.niranbio.com\/fr\/"},{"@type":"ListItem","position":2,"name":"Produits","item":"https:\/\/theo.niranbio.com\/fr\/produits.html"},{"@type":"ListItem","position":3,"name":"Prot\u00e9ique","item":"https:\/\/theo.niranbio.com\/fr\/produit-proteique\/"},{"@type":"ListItem","position":4,"name":"Prot\u00e9ine de soja isol\u00e9e"}]},{"@type":"WebSite","@id":"https:\/\/theo.niranbio.com\/fr\/#website","url":"https:\/\/theo.niranbio.com\/fr\/","name":"Niranbio Chemical","description":"","publisher":{"@id":"https:\/\/theo.niranbio.com\/fr\/#organization"},"potentialAction":[{"@type":"SearchAction","target":{"@type":"EntryPoint","urlTemplate":"https:\/\/theo.niranbio.com\/fr\/?s={search_term_string}"},"query-input":{"@type":"PropertyValueSpecification","valueRequired":true,"valueName":"search_term_string"}}],"inLanguage":"fr-FR"},{"@type":"Organization","@id":"https:\/\/theo.niranbio.com\/fr\/#organization","name":"Niranbio Chemical","url":"https:\/\/theo.niranbio.com\/fr\/","logo":{"@type":"ImageObject","inLanguage":"fr-FR","@id":"https:\/\/theo.niranbio.com\/fr\/#\/schema\/logo\/image\/","url":"https:\/\/theo.niranbio.com\/wp-content\/uploads\/2024\/06\/Niranbio.png","contentUrl":"https:\/\/theo.niranbio.com\/wp-content\/uploads\/2024\/06\/Niranbio.png","width":270,"height":100,"caption":"Niranbio Chemical"},"image":{"@id":"https:\/\/theo.niranbio.com\/fr\/#\/schema\/logo\/image\/"}}]}},"_links":{"self":[{"href":"https:\/\/theo.niranbio.com\/fr\/wp-json\/wp\/v2\/product\/9765","targetHints":{"allow":["GET"]}}],"collection":[{"href":"https:\/\/theo.niranbio.com\/fr\/wp-json\/wp\/v2\/product"}],"about":[{"href":"https:\/\/theo.niranbio.com\/fr\/wp-json\/wp\/v2\/types\/product"}],"version-history":[{"count":0,"href":"https:\/\/theo.niranbio.com\/fr\/wp-json\/wp\/v2\/product\/9765\/revisions"}],"wp:featuredmedia":[{"embeddable":true,"href":"https:\/\/theo.niranbio.com\/fr\/wp-json\/wp\/v2\/media\/9767"}],"wp:attachment":[{"href":"https:\/\/theo.niranbio.com\/fr\/wp-json\/wp\/v2\/media?parent=9765"}],"wp:term":[{"taxonomy":"product_brand","embeddable":true,"href":"https:\/\/theo.niranbio.com\/fr\/wp-json\/wp\/v2\/product_brand?post=9765"},{"taxonomy":"product_cat","embeddable":true,"href":"https:\/\/theo.niranbio.com\/fr\/wp-json\/wp\/v2\/product_cat?post=9765"},{"taxonomy":"product_tag","embeddable":true,"href":"https:\/\/theo.niranbio.com\/fr\/wp-json\/wp\/v2\/product_tag?post=9765"}],"curies":[{"name":"wp","href":"https:\/\/api.w.org\/{rel}","templated":true}]}}