{"id":9755,"date":"2024-06-20T11:43:40","date_gmt":"2024-06-20T03:43:40","guid":{"rendered":"https:\/\/theo.niranbio.com\/gluten-de-ble-vital\/"},"modified":"2024-08-13T17:37:24","modified_gmt":"2024-08-13T09:37:24","slug":"gluten-de-ble-vital","status":"publish","type":"product","link":"https:\/\/theo.niranbio.com\/fr\/gluten-de-ble-vital.html","title":{"rendered":"Gluten de bl\u00e9 vital"},"content":{"rendered":"<h2><span class=\"ez-toc-section\" id=\"Quest-ce_que_le_gluten_de_ble_vital\"><\/span>Qu&rsquo;est-ce que le gluten de bl\u00e9 vital ?<span class=\"ez-toc-section-end\"><\/span><\/h2>\n<p>Le gluten de bl\u00e9 actif est une poudre riche en prot\u00e9ines extraite de la farine de bl\u00e9. Il s&rsquo;agit d&rsquo;une fine poudre jaune clair ou blanc cass\u00e9, principalement compos\u00e9e de prot\u00e9ines solubles dans l&rsquo;alcool et de glut\u00e9nine, avec une \u00e9lasticit\u00e9 et une ductilit\u00e9 \u00e9lev\u00e9es.<\/p>\n<p>Le gluten de bl\u00e9 actif est largement utilis\u00e9 dans divers domaines de la transformation des aliments en raison de son excellente fonctionnalit\u00e9 et de sa teneur \u00e9lev\u00e9e en prot\u00e9ines, r\u00e9pondant aux besoins de la boulangerie, du v\u00e9g\u00e9tarisme, de l&rsquo;\u00e9paississement et de l&rsquo;enrichissement nutritionnel. En particulier dans l&rsquo;industrie de la boulangerie, il est utilis\u00e9 pour am\u00e9liorer l&rsquo;\u00e9lasticit\u00e9 et la structure de la p\u00e2te ;<\/p>\n<p>en outre, il est \u00e9galement utilis\u00e9 pour produire des substituts de viande v\u00e9g\u00e9tariens, comme \u00e9paississant et compl\u00e9ment prot\u00e9ique pour am\u00e9liorer la texture et la valeur nutritionnelle des aliments.<\/p>\n<p>Fran\u00e7ais Les principales m\u00e9thodes de pr\u00e9paration du gluten de bl\u00e9 actif de qualit\u00e9 alimentaire en Chine sont la pr\u00e9paration humide et la pr\u00e9paration s\u00e8che, parmi lesquelles la pr\u00e9paration humide est le processus le plus courant. Dans le processus de pr\u00e9paration humide, la farine de bl\u00e9 est m\u00e9lang\u00e9e \u00e0 de l&rsquo;eau pour former une p\u00e2te, et l&rsquo;amidon et les composants solubles sont \u00e9limin\u00e9s par lavage \u00e0 l&rsquo;eau courante pour obtenir du gluten humide riche en prot\u00e9ines, qui est ensuite d\u00e9shydrat\u00e9, s\u00e9ch\u00e9 et broy\u00e9. Cette m\u00e9thode permet d&rsquo;extraire efficacement les prot\u00e9ines solubles dans l&rsquo;alcool et la glut\u00e9nine du bl\u00e9, de conserver une bonne \u00e9lasticit\u00e9 et une bonne ductilit\u00e9, d&rsquo;assurer la teneur \u00e9lev\u00e9e en prot\u00e9ines et l&rsquo;excellente fonctionnalit\u00e9 du gluten, et est largement utilis\u00e9e dans la p\u00e2tisserie et les substituts de viande v\u00e9g\u00e9tariens.<\/p>\n<p>En revanche, la pr\u00e9paration s\u00e8che est moins utilis\u00e9e, s\u00e9parant principalement l&rsquo;amidon et les prot\u00e9ines de la farine de bl\u00e9 par s\u00e9paration m\u00e9canique et tamisage, et convient \u00e0 certains besoins industriels sp\u00e9cifiques. Bien que la pr\u00e9paration s\u00e8che pr\u00e9sente des avantages dans certains cas, la pr\u00e9paration humide est devenue le processus de pr\u00e9paration courant du gluten de bl\u00e9 actif de qualit\u00e9 alimentaire national en raison de son extraction efficace des prot\u00e9ines et de sa large application.<\/p>\n<h2><span class=\"ez-toc-section\" id=\"Dosage_recommande\"><\/span>Dosage recommand\u00e9 :<span class=\"ez-toc-section-end\"><\/span><\/h2>\n<table>\n<tbody>\n<tr>\n<td><strong>Nom de l&rsquo;aliment<\/strong><\/td>\n<td><strong>Utilisation maximale (g\/kg)<\/strong><\/td>\n<\/tr>\n<tr>\n<td>G\u00e2teaux<\/td>\n<td>5-15 g\/kg<\/td>\n<\/tr>\n<tr>\n<td>Cookies<\/td>\n<td>5-10 g\/kg<\/td>\n<\/tr>\n<tr>\n<td>Fond de tarte<\/td>\n<td>5-10 g\/kg<\/td>\n<\/tr>\n<tr>\n<td>Beignets<\/td>\n<td>10-20 g\/kg<\/td>\n<\/tr>\n<tr>\n<td>Baguette<\/td>\n<td>15-25 g\/kg<\/td>\n<\/tr>\n<tr>\n<td>Burgers v\u00e9g\u00e9tariens<\/td>\n<td>40-60 g\/kg<\/td>\n<\/tr>\n<tr>\n<td>Saucisses v\u00e9g\u00e9tariennes<\/td>\n<td>30-50 g\/kg<\/td>\n<\/tr>\n<tr>\n<td>Filets de poisson v\u00e9g\u00e9tariens<\/td>\n<td>40-60 g\/kg<\/td>\n<\/tr>\n<tr>\n<td>Lait v\u00e9g\u00e9tal<\/td>\n<td>5-10 g\/kg<\/td>\n<\/tr>\n<tr>\n<td>Produits amylac\u00e9s<\/td>\n<td>5-10 g\/kg<\/td>\n<\/tr>\n<tr>\n<td>Cr\u00e8me \u00e0 caf\u00e9<\/td>\n<td>5-10 g\/kg<\/td>\n<\/tr>\n<tr>\n<td>Produits carn\u00e9s<\/td>\n<td>5-15 g\/kg<\/td>\n<\/tr>\n<tr>\n<td>Aliments surgel\u00e9s<\/td>\n<td>5-10 g\/kg<\/td>\n<\/tr>\n<tr>\n<td>C\u00e9r\u00e9ales pour petit-d\u00e9jeuner pr\u00eates \u00e0 consommer<\/td>\n<td>10-20 g\/kg<\/td>\n<\/tr>\n<tr>\n<td>Burgers de restauration rapide<\/td>\n<td>10-20 g\/kg<\/td>\n<\/tr>\n<\/tbody>\n<\/table>\n<h2><span class=\"ez-toc-section\" id=\"Le_gluten_de_ble_vital_a_une_large_gamme_dutilisations\"><\/span>Le gluten de bl\u00e9 vital a une large gamme d&rsquo;utilisations<span class=\"ez-toc-section-end\"><\/span><\/h2>\n<ol>\n<li>Am\u00e9liore l&rsquo;\u00e9lasticit\u00e9 et l&rsquo;extensibilit\u00e9 de la p\u00e2te : les prot\u00e9ines solubles dans l&rsquo;alcool et la glut\u00e9nine du gluten de bl\u00e9 actif forment un r\u00e9seau visco\u00e9lastique dans l&rsquo;eau, conf\u00e9rant \u00e0 la p\u00e2te une bonne \u00e9lasticit\u00e9 et une bonne extensibilit\u00e9.<\/li>\n<li>Am\u00e9liore la structure et la texture de la p\u00e2te : am\u00e9liore la stabilit\u00e9 structurelle de la p\u00e2te, am\u00e9liore le volume et la texture des produits \u00e0 base de farine et am\u00e9liore le go\u00fbt.<\/li>\n<li>Augmente la teneur en prot\u00e9ines : en tant que mati\u00e8re premi\u00e8re riche en prot\u00e9ines, elle peut augmenter consid\u00e9rablement la teneur en prot\u00e9ines des aliments et r\u00e9pondre aux besoins d&rsquo;un r\u00e9gime riche en prot\u00e9ines.<\/li>\n<li>Am\u00e9liore la r\u00e9tention d&rsquo;eau : am\u00e9liore la r\u00e9tention d&rsquo;eau des aliments, prolonge la dur\u00e9e de conservation et emp\u00eache les aliments de s\u00e9cher ou de se d\u00e9t\u00e9riorer pendant le stockage.<\/li>\n<li>Am\u00e9liore l&rsquo;adh\u00e9rence des aliments : am\u00e9liore l&rsquo;adh\u00e9rence des aliments, les rendant plus faciles \u00e0 fa\u00e7onner et plus stables en structure.<\/li>\n<\/ol>\n<h2><span class=\"ez-toc-section\" id=\"Question_posee_par_lutilisateur\"><\/span>Question pos\u00e9e par l&rsquo;utilisateur :<span class=\"ez-toc-section-end\"><\/span><\/h2>\n<p>Question : La farine de gluten et le gluten de bl\u00e9 vital sont-ils la m\u00eame substance ?<\/p>\n<p>R\u00e9ponse : Le gluten de bl\u00e9 vital et la farine de gluten sont \u00e9troitement li\u00e9s, mais pas identiques. La farine de gluten est une farine riche en prot\u00e9ines, g\u00e9n\u00e9ralement moulue \u00e0 partir de bl\u00e9 dur, avec une teneur en prot\u00e9ines d&rsquo;environ 70 \u00e0 80 %. Elle conserve une certaine quantit\u00e9 d&rsquo;amidon et d&rsquo;autres composants du bl\u00e9 et est principalement utilis\u00e9e pour fabriquer des produits de boulangerie qui n\u00e9cessitent une structure de gluten solide, comme la p\u00e2te \u00e0 pain et \u00e0 pizza.<\/p>\n<p>En revanche, le gluten de bl\u00e9 vital est un produit \u00e0 haute concentration en prot\u00e9ines extrait de la farine de bl\u00e9. Son processus de pr\u00e9paration consiste \u00e0 m\u00e9langer la farine de bl\u00e9 avec de l&rsquo;eau pour activer le gluten, puis \u00e0 laver pour \u00e9liminer l&rsquo;amidon, et enfin \u00e0 s\u00e9cher le gluten humide restant pour en faire une poudre. Le gluten de bl\u00e9 vital a g\u00e9n\u00e9ralement une teneur en prot\u00e9ines de 75 \u00e0 85 % et ne contient presque pas d&rsquo;amidon. Il est largement utilis\u00e9 pour am\u00e9liorer l&rsquo;\u00e9lasticit\u00e9 et la structure de la p\u00e2te, fabriquer des substituts de viande et comme liant pour divers aliments.<\/p>\n","protected":false},"excerpt":{"rendered":"<ul>\n<li>CAS: 8002-80-0<\/li>\n<li>Certifications : KOSHER, ISO, HALAL, FSSC 22000, BRC, etc.<\/li>\n<li>Quantit\u00e9 minimum de commande : 1000 kg<\/li>\n<li>Dur\u00e9e de conservation : 2 ans<\/li>\n<\/ul>\n","protected":false},"featured_media":9760,"template":"","meta":{"site-sidebar-layout":"default","site-content-layout":"","ast-site-content-layout":"default","site-content-style":"default","site-sidebar-style":"default","ast-global-header-display":"","ast-banner-title-visibility":"","ast-main-header-display":"","ast-hfb-above-header-display":"","ast-hfb-below-header-display":"","ast-hfb-mobile-header-display":"","site-post-title":"","ast-breadcrumbs-content":"","ast-featured-img":"","footer-sml-layout":"","theme-transparent-header-meta":"default","adv-header-id-meta":"","stick-header-meta":"","header-above-stick-meta":"","header-main-stick-meta":"","header-below-stick-meta":"","astra-migrate-meta-layouts":"set","ast-page-background-enabled":"default","ast-page-background-meta":{"desktop":{"background-color":"var(--ast-global-color-4)","background-image":"","background-repeat":"repeat","background-position":"center center","background-size":"auto","background-attachment":"scroll","background-type":"","background-media":"","overlay-type":"","overlay-color":"","overlay-opacity":"","overlay-gradient":""},"tablet":{"background-color":"","background-image":"","background-repeat":"repeat","background-position":"center center","background-size":"auto","background-attachment":"scroll","background-type":"","background-media":"","overlay-type":"","overlay-color":"","overlay-opacity":"","overlay-gradient":""},"mobile":{"background-color":"","background-image":"","background-repeat":"repeat","background-position":"center center","background-size":"auto","background-attachment":"scroll","background-type":"","background-media":"","overlay-type":"","overlay-color":"","overlay-opacity":"","overlay-gradient":""}},"ast-content-background-meta":{"desktop":{"background-color":"var(--ast-global-color-5)","background-image":"","background-repeat":"repeat","background-position":"center center","background-size":"auto","background-attachment":"scroll","background-type":"","background-media":"","overlay-type":"","overlay-color":"","overlay-opacity":"","overlay-gradient":""},"tablet":{"background-color":"var(--ast-global-color-5)","background-image":"","background-repeat":"repeat","background-position":"center center","background-size":"auto","background-attachment":"scroll","background-type":"","background-media":"","overlay-type":"","overlay-color":"","overlay-opacity":"","overlay-gradient":""},"mobile":{"background-color":"var(--ast-global-color-5)","background-image":"","background-repeat":"repeat","background-position":"center center","background-size":"auto","background-attachment":"scroll","background-type":"","background-media":"","overlay-type":"","overlay-color":"","overlay-opacity":"","overlay-gradient":""}}},"product_brand":[],"product_cat":[110],"product_tag":[],"class_list":{"0":"post-9755","1":"product","2":"type-product","3":"status-publish","4":"has-post-thumbnail","6":"product_cat-produit-proteique","7":"desktop-align-center","8":"tablet-align-left","9":"mobile-align-left","11":"first","12":"instock","13":"shipping-taxable","14":"product-type-simple"},"yoast_head":"<!-- This site is optimized with the Yoast SEO plugin v26.5 - https:\/\/yoast.com\/wordpress\/plugins\/seo\/ -->\n<title>Fabricant de gluten de bl\u00e9 vital, poudre de gluten de bl\u00e9 vital biologique en vrac | Niranbio Chemical<\/title>\n<meta name=\"description\" content=\"Notre gluten de bl\u00e9 vital est une poudre fine jaune clair ou blanc cass\u00e9, principalement compos\u00e9e de prot\u00e9ines solubles dans l&#039;alcool et de glut\u00e9nine, avec une \u00e9lasticit\u00e9 et une ductilit\u00e9 \u00e9lev\u00e9es.\" \/>\n<meta name=\"robots\" content=\"noindex, follow, max-snippet:-1, max-image-preview:large, max-video-preview:-1\" \/>\n<meta name=\"twitter:label1\" content=\"Dur\u00e9e de lecture estim\u00e9e\" \/>\n\t<meta name=\"twitter:data1\" content=\"4 minutes\" \/>\n<script type=\"application\/ld+json\" class=\"yoast-schema-graph\">{\"@context\":\"https:\/\/schema.org\",\"@graph\":[{\"@type\":\"WebPage\",\"@id\":\"https:\/\/theo.niranbio.com\/fr\/gluten-de-ble-vital.html\",\"url\":\"https:\/\/theo.niranbio.com\/fr\/gluten-de-ble-vital.html\",\"name\":\"Fabricant de gluten de bl\u00e9 vital, poudre de gluten de bl\u00e9 vital biologique en vrac | Niranbio Chemical\",\"isPartOf\":{\"@id\":\"https:\/\/theo.niranbio.com\/fr\/#website\"},\"primaryImageOfPage\":{\"@id\":\"https:\/\/theo.niranbio.com\/fr\/gluten-de-ble-vital.html#primaryimage\"},\"image\":{\"@id\":\"https:\/\/theo.niranbio.com\/fr\/gluten-de-ble-vital.html#primaryimage\"},\"thumbnailUrl\":\"https:\/\/theo.niranbio.com\/wp-content\/uploads\/2024\/06\/Vital-Wheat-Gluten.webp\",\"datePublished\":\"2024-06-20T03:43:40+00:00\",\"dateModified\":\"2024-08-13T09:37:24+00:00\",\"description\":\"Notre gluten de bl\u00e9 vital est une poudre fine jaune clair ou blanc cass\u00e9, principalement compos\u00e9e de prot\u00e9ines solubles dans l'alcool et de glut\u00e9nine, avec une \u00e9lasticit\u00e9 et une ductilit\u00e9 \u00e9lev\u00e9es.\",\"breadcrumb\":{\"@id\":\"https:\/\/theo.niranbio.com\/fr\/gluten-de-ble-vital.html#breadcrumb\"},\"inLanguage\":\"fr-FR\",\"potentialAction\":[{\"@type\":\"ReadAction\",\"target\":[\"https:\/\/theo.niranbio.com\/fr\/gluten-de-ble-vital.html\"]}]},{\"@type\":\"ImageObject\",\"inLanguage\":\"fr-FR\",\"@id\":\"https:\/\/theo.niranbio.com\/fr\/gluten-de-ble-vital.html#primaryimage\",\"url\":\"https:\/\/theo.niranbio.com\/wp-content\/uploads\/2024\/06\/Vital-Wheat-Gluten.webp\",\"contentUrl\":\"https:\/\/theo.niranbio.com\/wp-content\/uploads\/2024\/06\/Vital-Wheat-Gluten.webp\",\"width\":600,\"height\":600,\"caption\":\"Gluten de bl\u00e9 vital\"},{\"@type\":\"BreadcrumbList\",\"@id\":\"https:\/\/theo.niranbio.com\/fr\/gluten-de-ble-vital.html#breadcrumb\",\"itemListElement\":[{\"@type\":\"ListItem\",\"position\":1,\"name\":\"Home\",\"item\":\"https:\/\/theo.niranbio.com\/fr\/\"},{\"@type\":\"ListItem\",\"position\":2,\"name\":\"Produits\",\"item\":\"https:\/\/theo.niranbio.com\/fr\/produits.html\"},{\"@type\":\"ListItem\",\"position\":3,\"name\":\"Prot\u00e9ique\",\"item\":\"https:\/\/theo.niranbio.com\/fr\/produit-proteique\/\"},{\"@type\":\"ListItem\",\"position\":4,\"name\":\"Gluten de bl\u00e9 vital\"}]},{\"@type\":\"WebSite\",\"@id\":\"https:\/\/theo.niranbio.com\/fr\/#website\",\"url\":\"https:\/\/theo.niranbio.com\/fr\/\",\"name\":\"Niranbio Chemical\",\"description\":\"\",\"publisher\":{\"@id\":\"https:\/\/theo.niranbio.com\/fr\/#organization\"},\"potentialAction\":[{\"@type\":\"SearchAction\",\"target\":{\"@type\":\"EntryPoint\",\"urlTemplate\":\"https:\/\/theo.niranbio.com\/fr\/?s={search_term_string}\"},\"query-input\":{\"@type\":\"PropertyValueSpecification\",\"valueRequired\":true,\"valueName\":\"search_term_string\"}}],\"inLanguage\":\"fr-FR\"},{\"@type\":\"Organization\",\"@id\":\"https:\/\/theo.niranbio.com\/fr\/#organization\",\"name\":\"Niranbio Chemical\",\"url\":\"https:\/\/theo.niranbio.com\/fr\/\",\"logo\":{\"@type\":\"ImageObject\",\"inLanguage\":\"fr-FR\",\"@id\":\"https:\/\/theo.niranbio.com\/fr\/#\/schema\/logo\/image\/\",\"url\":\"https:\/\/theo.niranbio.com\/wp-content\/uploads\/2024\/06\/Niranbio.png\",\"contentUrl\":\"https:\/\/theo.niranbio.com\/wp-content\/uploads\/2024\/06\/Niranbio.png\",\"width\":270,\"height\":100,\"caption\":\"Niranbio Chemical\"},\"image\":{\"@id\":\"https:\/\/theo.niranbio.com\/fr\/#\/schema\/logo\/image\/\"}}]}<\/script>\n<!-- \/ Yoast SEO plugin. -->","yoast_head_json":{"title":"Fabricant de gluten de bl\u00e9 vital, poudre de gluten de bl\u00e9 vital biologique en vrac | Niranbio Chemical","description":"Notre gluten de bl\u00e9 vital est une poudre fine jaune clair ou blanc cass\u00e9, principalement compos\u00e9e de prot\u00e9ines solubles dans l'alcool et de glut\u00e9nine, avec une \u00e9lasticit\u00e9 et une ductilit\u00e9 \u00e9lev\u00e9es.","robots":{"index":"noindex","follow":"follow","max-snippet":"max-snippet:-1","max-image-preview":"max-image-preview:large","max-video-preview":"max-video-preview:-1"},"twitter_misc":{"Dur\u00e9e de lecture estim\u00e9e":"4 minutes"},"schema":{"@context":"https:\/\/schema.org","@graph":[{"@type":"WebPage","@id":"https:\/\/theo.niranbio.com\/fr\/gluten-de-ble-vital.html","url":"https:\/\/theo.niranbio.com\/fr\/gluten-de-ble-vital.html","name":"Fabricant de gluten de bl\u00e9 vital, poudre de gluten de bl\u00e9 vital biologique en vrac | Niranbio Chemical","isPartOf":{"@id":"https:\/\/theo.niranbio.com\/fr\/#website"},"primaryImageOfPage":{"@id":"https:\/\/theo.niranbio.com\/fr\/gluten-de-ble-vital.html#primaryimage"},"image":{"@id":"https:\/\/theo.niranbio.com\/fr\/gluten-de-ble-vital.html#primaryimage"},"thumbnailUrl":"https:\/\/theo.niranbio.com\/wp-content\/uploads\/2024\/06\/Vital-Wheat-Gluten.webp","datePublished":"2024-06-20T03:43:40+00:00","dateModified":"2024-08-13T09:37:24+00:00","description":"Notre gluten de bl\u00e9 vital est une poudre fine jaune clair ou blanc cass\u00e9, principalement compos\u00e9e de prot\u00e9ines solubles dans l'alcool et de glut\u00e9nine, avec une \u00e9lasticit\u00e9 et une ductilit\u00e9 \u00e9lev\u00e9es.","breadcrumb":{"@id":"https:\/\/theo.niranbio.com\/fr\/gluten-de-ble-vital.html#breadcrumb"},"inLanguage":"fr-FR","potentialAction":[{"@type":"ReadAction","target":["https:\/\/theo.niranbio.com\/fr\/gluten-de-ble-vital.html"]}]},{"@type":"ImageObject","inLanguage":"fr-FR","@id":"https:\/\/theo.niranbio.com\/fr\/gluten-de-ble-vital.html#primaryimage","url":"https:\/\/theo.niranbio.com\/wp-content\/uploads\/2024\/06\/Vital-Wheat-Gluten.webp","contentUrl":"https:\/\/theo.niranbio.com\/wp-content\/uploads\/2024\/06\/Vital-Wheat-Gluten.webp","width":600,"height":600,"caption":"Gluten de bl\u00e9 vital"},{"@type":"BreadcrumbList","@id":"https:\/\/theo.niranbio.com\/fr\/gluten-de-ble-vital.html#breadcrumb","itemListElement":[{"@type":"ListItem","position":1,"name":"Home","item":"https:\/\/theo.niranbio.com\/fr\/"},{"@type":"ListItem","position":2,"name":"Produits","item":"https:\/\/theo.niranbio.com\/fr\/produits.html"},{"@type":"ListItem","position":3,"name":"Prot\u00e9ique","item":"https:\/\/theo.niranbio.com\/fr\/produit-proteique\/"},{"@type":"ListItem","position":4,"name":"Gluten de bl\u00e9 vital"}]},{"@type":"WebSite","@id":"https:\/\/theo.niranbio.com\/fr\/#website","url":"https:\/\/theo.niranbio.com\/fr\/","name":"Niranbio Chemical","description":"","publisher":{"@id":"https:\/\/theo.niranbio.com\/fr\/#organization"},"potentialAction":[{"@type":"SearchAction","target":{"@type":"EntryPoint","urlTemplate":"https:\/\/theo.niranbio.com\/fr\/?s={search_term_string}"},"query-input":{"@type":"PropertyValueSpecification","valueRequired":true,"valueName":"search_term_string"}}],"inLanguage":"fr-FR"},{"@type":"Organization","@id":"https:\/\/theo.niranbio.com\/fr\/#organization","name":"Niranbio Chemical","url":"https:\/\/theo.niranbio.com\/fr\/","logo":{"@type":"ImageObject","inLanguage":"fr-FR","@id":"https:\/\/theo.niranbio.com\/fr\/#\/schema\/logo\/image\/","url":"https:\/\/theo.niranbio.com\/wp-content\/uploads\/2024\/06\/Niranbio.png","contentUrl":"https:\/\/theo.niranbio.com\/wp-content\/uploads\/2024\/06\/Niranbio.png","width":270,"height":100,"caption":"Niranbio Chemical"},"image":{"@id":"https:\/\/theo.niranbio.com\/fr\/#\/schema\/logo\/image\/"}}]}},"_links":{"self":[{"href":"https:\/\/theo.niranbio.com\/fr\/wp-json\/wp\/v2\/product\/9755","targetHints":{"allow":["GET"]}}],"collection":[{"href":"https:\/\/theo.niranbio.com\/fr\/wp-json\/wp\/v2\/product"}],"about":[{"href":"https:\/\/theo.niranbio.com\/fr\/wp-json\/wp\/v2\/types\/product"}],"version-history":[{"count":0,"href":"https:\/\/theo.niranbio.com\/fr\/wp-json\/wp\/v2\/product\/9755\/revisions"}],"wp:featuredmedia":[{"embeddable":true,"href":"https:\/\/theo.niranbio.com\/fr\/wp-json\/wp\/v2\/media\/9760"}],"wp:attachment":[{"href":"https:\/\/theo.niranbio.com\/fr\/wp-json\/wp\/v2\/media?parent=9755"}],"wp:term":[{"taxonomy":"product_brand","embeddable":true,"href":"https:\/\/theo.niranbio.com\/fr\/wp-json\/wp\/v2\/product_brand?post=9755"},{"taxonomy":"product_cat","embeddable":true,"href":"https:\/\/theo.niranbio.com\/fr\/wp-json\/wp\/v2\/product_cat?post=9755"},{"taxonomy":"product_tag","embeddable":true,"href":"https:\/\/theo.niranbio.com\/fr\/wp-json\/wp\/v2\/product_tag?post=9755"}],"curies":[{"name":"wp","href":"https:\/\/api.w.org\/{rel}","templated":true}]}}