{"id":9750,"date":"2024-06-20T13:18:28","date_gmt":"2024-06-20T05:18:28","guid":{"rendered":"https:\/\/theo.niranbio.com\/bicarbonate-dammonium\/"},"modified":"2024-08-19T13:22:59","modified_gmt":"2024-08-19T05:22:59","slug":"bicarbonate-dammonium","status":"publish","type":"product","link":"https:\/\/theo.niranbio.com\/fr\/bicarbonate-dammonium.html","title":{"rendered":"Bicarbonate d&rsquo;ammonium"},"content":{"rendered":"<h2><span class=\"ez-toc-section\" id=\"Quest-ce_que_le_bicarbonate_dammonium\"><\/span>Qu&rsquo;est-ce que le bicarbonate d&rsquo;ammonium ?<span class=\"ez-toc-section-end\"><\/span><\/h2>\n<p>Le bicarbonate d&rsquo;ammonium est un compos\u00e9 blanc avec des particules cristallines blanches et une odeur d&rsquo;ammoniac. Lors du stockage, veillez \u00e0 ne pas le placer avec de l&rsquo;acide, sinon une r\u00e9action chimique se produira. Il est largement utilis\u00e9 dans les secteurs chimique, alimentaire et alimentaire. Il existe plusieurs proc\u00e9d\u00e9s de pr\u00e9paration nationaux pour le bicarbonate d&rsquo;ammonium :<\/p>\n<ol>\n<li>M\u00e9thode de synth\u00e8se du bicarbonate d&rsquo;ammonium, qui g\u00e9n\u00e8re du bicarbonate d&rsquo;ammonium (NH4HCO3) en faisant r\u00e9agir l&rsquo;ammoniac (NH3) et le dioxyde de carbone (CO2) dans l&rsquo;eau. Il s&rsquo;agit de la m\u00e9thode de pr\u00e9paration industrielle la plus courante.<\/li>\n<li>La m\u00e9thode de r\u00e9action du carbonate d&rsquo;ammonium et de l&rsquo;hydroxyde d&rsquo;ammonium, comme son nom l&rsquo;indique, consiste \u00e0 utiliser du carbonate d&rsquo;ammonium et de l&rsquo;hydroxyde d&rsquo;ammonium pour r\u00e9agir afin de g\u00e9n\u00e9rer du bicarbonate d&rsquo;ammonium. Cette m\u00e9thode doit \u00eatre r\u00e9alis\u00e9e \u00e0 une temp\u00e9rature et dans des conditions appropri\u00e9es pour contr\u00f4ler la s\u00e9lectivit\u00e9 de la r\u00e9action et la qualit\u00e9 du produit.<\/li>\n<\/ol>\n<h2><span class=\"ez-toc-section\" id=\"Parametres_associes\"><\/span>Param\u00e8tres associ\u00e9s :<span class=\"ez-toc-section-end\"><\/span><\/h2>\n<table>\n<tbody>\n<tr>\n<td><strong>\u00c9L\u00c9MENTS<\/strong><\/td>\n<td><strong>STANDARD<\/strong><\/td>\n<\/tr>\n<tr>\n<td>Dosage (en NH4HCO3, %)<\/td>\n<td>\u226499.0-100.5<\/td>\n<\/tr>\n<tr>\n<td>Chlorures (en Cl, %)<\/td>\n<td>\u22640.003<\/td>\n<\/tr>\n<tr>\n<td>Compos\u00e9 soufr\u00e9 (en SO4, %)<\/td>\n<td>\u22640.007<\/td>\n<\/tr>\n<tr>\n<td>R\u00e9sidu apr\u00e8s \u00e9vaporation (%)<\/td>\n<td>\u22640.008<\/td>\n<\/tr>\n<tr>\n<td>Rotation optique sp\u00e9cifique<\/td>\n<td>+20.5\u00b0 ~ +21.5\u00b0<\/td>\n<\/tr>\n<tr>\n<td>Plomb<\/td>\n<td>\u22643 mg\/kg<\/td>\n<\/tr>\n<tr>\n<td>Arsenic<\/td>\n<td>\u22642 mg\/kg<\/td>\n<\/tr>\n<tr>\n<td>M\u00e9tal lourd total (en Pb)<\/td>\n<td>\u226410 mg\/kg<\/td>\n<\/tr>\n<\/tbody>\n<\/table>\n<h2><span class=\"ez-toc-section\" id=\"Dosage_recommande\"><\/span>Dosage recommand\u00e9 :<span class=\"ez-toc-section-end\"><\/span><\/h2>\n<table>\n<tbody>\n<tr>\n<td><strong>Nom de l&rsquo;aliment<\/strong><\/td>\n<td><strong>Utilisation maximale (g\/kg)<\/strong><\/td>\n<\/tr>\n<tr>\n<td>Produits \u00e0 base de pain et de p\u00e2te<\/td>\n<td>1 &#8211; 5 g\/kg<\/td>\n<\/tr>\n<tr>\n<td>G\u00e2teaux et p\u00e2tisseries<\/td>\n<td>1 &#8211; 5 g\/kg<\/td>\n<\/tr>\n<tr>\n<td>Biscuits<\/td>\n<td>0.5 &#8211; 2 g\/kg<\/td>\n<\/tr>\n<tr>\n<td>0.5 &#8211; 2 g\/kg<\/td>\n<td>0.5 &#8211; 2 g\/kg<\/td>\n<\/tr>\n<tr>\n<td>Petits pains et boulettes cuits \u00e0 la vapeur<\/td>\n<td>1 &#8211; 3 g\/kg<\/td>\n<\/tr>\n<tr>\n<td>Pizza<\/td>\n<td>1 &#8211; 3 g\/kg<\/td>\n<\/tr>\n<tr>\n<td>Bonbons<\/td>\n<td>0.1 &#8211; 0.5 g\/kg<\/td>\n<\/tr>\n<tr>\n<td>Produits \u00e0 base de chocolat<\/td>\n<td>0.1 &#8211; 0.5 g\/kg<\/td>\n<\/tr>\n<tr>\n<td>Boissons<\/td>\n<td>0,1 &#8211; 0,3 g\/kg<\/td>\n<\/tr>\n<tr>\n<td>Produits laitiers<\/td>\n<td>0,1 &#8211; 0,3 g\/kg<\/td>\n<\/tr>\n<tr>\n<td>Assaisonnements<\/td>\n<td>0,1 &#8211; 0,3 g\/kg<\/td>\n<\/tr>\n<tr>\n<td>Produits \u00e0 base de viande pr\u00e9par\u00e9s<\/td>\n<td>0.1 &#8211; 0.3 g\/kg<\/td>\n<\/tr>\n<tr>\n<td>Produits \u00e0 base de fruits de mer<\/td>\n<td>0.1 &#8211; 0.3 g\/kg<\/td>\n<\/tr>\n<tr>\n<td>Aliments marin\u00e9s<\/td>\n<td>0.1 &#8211; 0.3 g\/kg<\/td>\n<\/tr>\n<\/tbody>\n<\/table>\n<h2><span class=\"ez-toc-section\" id=\"Le_bicarbonate_dammonium_a_une_large_gamme_dutilisations\"><\/span>Le bicarbonate d&rsquo;ammonium a une large gamme d&rsquo;utilisations<span class=\"ez-toc-section-end\"><\/span><\/h2>\n<ol>\n<li>Agent levant : Le bicarbonate d&rsquo;ammonium est un agent levant puissant, particuli\u00e8rement adapt\u00e9 aux produits \u00e0 base de p\u00e2te et de p\u00e2tisserie qui n\u00e9cessitent une fermentation rapide et forte. Il se d\u00e9compose \u00e0 haute temp\u00e9rature pour lib\u00e9rer de l&rsquo;ammoniac et du dioxyde de carbone, favorisant l&rsquo;expansion de la p\u00e2te et augmentant le volume du produit.<\/li>\n<li>Agent cassant : Pendant le processus de cuisson, le bicarbonate d&rsquo;ammonium peut aider les produits \u00e0 devenir cassants et est particuli\u00e8rement adapt\u00e9 \u00e0 la fabrication de biscuits, cookies et crackers, augmentant leur go\u00fbt croustillant.<\/li>\n<li>R\u00e9gulateur alcalin : En tant que r\u00e9gulateur alcalin, le bicarbonate d&rsquo;ammonium peut ajuster la valeur du pH des aliments, am\u00e9liorer l&rsquo;\u00e9lasticit\u00e9 et la ductilit\u00e9 de la p\u00e2te, et \u00e9galement affecter la couleur et la texture des produits de boulangerie.<\/li>\n<li>Stabilisateur : Le bicarbonate d&rsquo;ammonium peut \u00eatre utilis\u00e9 comme stabilisateur pour aider \u00e0 maintenir le volume et la structure du produit et emp\u00eacher le produit de s&rsquo;effondrer ou de se d\u00e9former pendant le processus de cuisson.<\/li>\n<\/ol>\n<h2><span class=\"ez-toc-section\" id=\"Question_posee_par_lutilisateur\"><\/span>Question pos\u00e9e par l&rsquo;utilisateur :<span class=\"ez-toc-section-end\"><\/span><\/h2>\n<p>Question : Lorsque vous devez utiliser du bicarbonate d&rsquo;ammonium et qu&rsquo;il est en rupture de stock, par quoi devez-vous le remplacer ?<\/p>\n<p>R\u00e9ponse : 1. Poudre \u00e0 p\u00e2te : La poudre \u00e0 p\u00e2te est un substitut courant du bicarbonate d&rsquo;ammonium en p\u00e2tisserie. Habituellement, il se compose de trois ingr\u00e9dients : de l&rsquo;amidon, une substance acide (comme la cr\u00e8me de tartre) et du bicarbonate de soude (bicarbonate de sodium).<\/p>\n<p>2. Bicarbonate de soude (bicarbonate de sodium) : Le bicarbonate de soude peut \u00e9galement \u00eatre utilis\u00e9 comme substitut, bien qu&rsquo;il ne soit pas un agent levant aussi puissant que le bicarbonate d&rsquo;ammonium. Pour cr\u00e9er du gaz carbonique pour la lev\u00e9e, un composant acide est n\u00e9cessaire, comme le vinaigre ou le jus de citron.<\/p>\n<p>3. Levure : La levure est une autre alternative pour faire lever les produits de boulangerie. La p\u00e2te l\u00e8ve en raison de sa r\u00e9action avec les glucides pour produire du dioxyde de carbone pendant la fermentation. Cependant, la levure n\u00e9cessite plus de temps pour fermenter la p\u00e2te que les agents levants chimiques comme le bicarbonate d&rsquo;ammonium.<\/p>\n<p>4. Poudre \u00e0 p\u00e2te \u00e0 double action : Lorsque ce type de poudre entre en contact avec un liquide, elle produit d&rsquo;abord du gaz carbonique, puis lorsqu&rsquo;elle est chauff\u00e9e pendant la cuisson. Elle permet une lev\u00e9e plus contr\u00f4l\u00e9e, similaire au bicarbonate d&rsquo;ammonium.<\/p>\n","protected":false},"excerpt":{"rendered":"<ul>\n<li>CAS: NH4HCO3<\/li>\n<li>Formule chimique : 1066-33-7<\/li>\n<li>Certifications : KOSHER, ISO, HALAL, FSSC 22000, BRC, etc.<\/li>\n<li>Quantit\u00e9 minimum de commande : 1000 kg<\/li>\n<li>Dur\u00e9e de conservation : 2 ans<\/li>\n<\/ul>\n","protected":false},"featured_media":9751,"template":"","meta":{"site-sidebar-layout":"default","site-content-layout":"","ast-site-content-layout":"default","site-content-style":"default","site-sidebar-style":"default","ast-global-header-display":"","ast-banner-title-visibility":"","ast-main-header-display":"","ast-hfb-above-header-display":"","ast-hfb-below-header-display":"","ast-hfb-mobile-header-display":"","site-post-title":"","ast-breadcrumbs-content":"","ast-featured-img":"","footer-sml-layout":"","theme-transparent-header-meta":"default","adv-header-id-meta":"","stick-header-meta":"","header-above-stick-meta":"","header-main-stick-meta":"","header-below-stick-meta":"","astra-migrate-meta-layouts":"set","ast-page-background-enabled":"default","ast-page-background-meta":{"desktop":{"background-color":"var(--ast-global-color-4)","background-image":"","background-repeat":"repeat","background-position":"center center","background-size":"auto","background-attachment":"scroll","background-type":"","background-media":"","overlay-type":"","overlay-color":"","overlay-opacity":"","overlay-gradient":""},"tablet":{"background-color":"","background-image":"","background-repeat":"repeat","background-position":"center center","background-size":"auto","background-attachment":"scroll","background-type":"","background-media":"","overlay-type":"","overlay-color":"","overlay-opacity":"","overlay-gradient":""},"mobile":{"background-color":"","background-image":"","background-repeat":"repeat","background-position":"center center","background-size":"auto","background-attachment":"scroll","background-type":"","background-media":"","overlay-type":"","overlay-color":"","overlay-opacity":"","overlay-gradient":""}},"ast-content-background-meta":{"desktop":{"background-color":"var(--ast-global-color-5)","background-image":"","background-repeat":"repeat","background-position":"center center","background-size":"auto","background-attachment":"scroll","background-type":"","background-media":"","overlay-type":"","overlay-color":"","overlay-opacity":"","overlay-gradient":""},"tablet":{"background-color":"var(--ast-global-color-5)","background-image":"","background-repeat":"repeat","background-position":"center center","background-size":"auto","background-attachment":"scroll","background-type":"","background-media":"","overlay-type":"","overlay-color":"","overlay-opacity":"","overlay-gradient":""},"mobile":{"background-color":"var(--ast-global-color-5)","background-image":"","background-repeat":"repeat","background-position":"center center","background-size":"auto","background-attachment":"scroll","background-type":"","background-media":"","overlay-type":"","overlay-color":"","overlay-opacity":"","overlay-gradient":""}}},"product_brand":[],"product_cat":[107],"product_tag":[],"class_list":{"0":"post-9750","1":"product","2":"type-product","3":"status-publish","4":"has-post-thumbnail","6":"product_cat-autres-ingredients-alimentaires-produit","7":"desktop-align-center","8":"tablet-align-left","9":"mobile-align-left","11":"first","12":"instock","13":"shipping-taxable","14":"product-type-simple"},"yoast_head":"<!-- This site is optimized with the Yoast SEO plugin v26.5 - https:\/\/yoast.com\/wordpress\/plugins\/seo\/ -->\n<title>Fabricant e Bicarbonate D&#039;ammonium, Poudre E503| Niranbio Chemical<\/title>\n<meta name=\"description\" content=\"Notre bicarbonate d&#039;ammonium est un compos\u00e9 blanc avec des particules cristallines blanches et une odeur d&#039;ammoniac, il est largement utilis\u00e9 dans les secteurs de la chimie, de l&#039;alimentation animale et de l&#039;alimentation humaine.\" \/>\n<meta name=\"robots\" content=\"noindex, follow, max-snippet:-1, max-image-preview:large, max-video-preview:-1\" \/>\n<meta name=\"twitter:label1\" content=\"Dur\u00e9e de lecture estim\u00e9e\" \/>\n\t<meta name=\"twitter:data1\" content=\"4 minutes\" \/>\n<script type=\"application\/ld+json\" class=\"yoast-schema-graph\">{\"@context\":\"https:\/\/schema.org\",\"@graph\":[{\"@type\":\"WebPage\",\"@id\":\"https:\/\/theo.niranbio.com\/fr\/bicarbonate-dammonium.html\",\"url\":\"https:\/\/theo.niranbio.com\/fr\/bicarbonate-dammonium.html\",\"name\":\"Fabricant e Bicarbonate D'ammonium, Poudre E503| Niranbio Chemical\",\"isPartOf\":{\"@id\":\"https:\/\/theo.niranbio.com\/fr\/#website\"},\"primaryImageOfPage\":{\"@id\":\"https:\/\/theo.niranbio.com\/fr\/bicarbonate-dammonium.html#primaryimage\"},\"image\":{\"@id\":\"https:\/\/theo.niranbio.com\/fr\/bicarbonate-dammonium.html#primaryimage\"},\"thumbnailUrl\":\"https:\/\/theo.niranbio.com\/wp-content\/uploads\/2024\/06\/Ammonium-Bicarbonate.webp\",\"datePublished\":\"2024-06-20T05:18:28+00:00\",\"dateModified\":\"2024-08-19T05:22:59+00:00\",\"description\":\"Notre bicarbonate d'ammonium est un compos\u00e9 blanc avec des particules cristallines blanches et une odeur d'ammoniac, il est largement utilis\u00e9 dans les secteurs de la chimie, de l'alimentation animale et de l'alimentation humaine.\",\"breadcrumb\":{\"@id\":\"https:\/\/theo.niranbio.com\/fr\/bicarbonate-dammonium.html#breadcrumb\"},\"inLanguage\":\"fr-FR\",\"potentialAction\":[{\"@type\":\"ReadAction\",\"target\":[\"https:\/\/theo.niranbio.com\/fr\/bicarbonate-dammonium.html\"]}]},{\"@type\":\"ImageObject\",\"inLanguage\":\"fr-FR\",\"@id\":\"https:\/\/theo.niranbio.com\/fr\/bicarbonate-dammonium.html#primaryimage\",\"url\":\"https:\/\/theo.niranbio.com\/wp-content\/uploads\/2024\/06\/Ammonium-Bicarbonate.webp\",\"contentUrl\":\"https:\/\/theo.niranbio.com\/wp-content\/uploads\/2024\/06\/Ammonium-Bicarbonate.webp\",\"width\":600,\"height\":600,\"caption\":\"Bicarbonate d'ammonium\"},{\"@type\":\"BreadcrumbList\",\"@id\":\"https:\/\/theo.niranbio.com\/fr\/bicarbonate-dammonium.html#breadcrumb\",\"itemListElement\":[{\"@type\":\"ListItem\",\"position\":1,\"name\":\"Home\",\"item\":\"https:\/\/theo.niranbio.com\/fr\/\"},{\"@type\":\"ListItem\",\"position\":2,\"name\":\"Produits\",\"item\":\"https:\/\/theo.niranbio.com\/fr\/produits.html\"},{\"@type\":\"ListItem\",\"position\":3,\"name\":\"Autres Ingr\u00e9dients Alimentaires\",\"item\":\"https:\/\/theo.niranbio.com\/fr\/autres-ingredients-alimentaires-produit\/\"},{\"@type\":\"ListItem\",\"position\":4,\"name\":\"Bicarbonate d&#8217;ammonium\"}]},{\"@type\":\"WebSite\",\"@id\":\"https:\/\/theo.niranbio.com\/fr\/#website\",\"url\":\"https:\/\/theo.niranbio.com\/fr\/\",\"name\":\"Niranbio Chemical\",\"description\":\"\",\"publisher\":{\"@id\":\"https:\/\/theo.niranbio.com\/fr\/#organization\"},\"potentialAction\":[{\"@type\":\"SearchAction\",\"target\":{\"@type\":\"EntryPoint\",\"urlTemplate\":\"https:\/\/theo.niranbio.com\/fr\/?s={search_term_string}\"},\"query-input\":{\"@type\":\"PropertyValueSpecification\",\"valueRequired\":true,\"valueName\":\"search_term_string\"}}],\"inLanguage\":\"fr-FR\"},{\"@type\":\"Organization\",\"@id\":\"https:\/\/theo.niranbio.com\/fr\/#organization\",\"name\":\"Niranbio Chemical\",\"url\":\"https:\/\/theo.niranbio.com\/fr\/\",\"logo\":{\"@type\":\"ImageObject\",\"inLanguage\":\"fr-FR\",\"@id\":\"https:\/\/theo.niranbio.com\/fr\/#\/schema\/logo\/image\/\",\"url\":\"https:\/\/theo.niranbio.com\/wp-content\/uploads\/2024\/06\/Niranbio.png\",\"contentUrl\":\"https:\/\/theo.niranbio.com\/wp-content\/uploads\/2024\/06\/Niranbio.png\",\"width\":270,\"height\":100,\"caption\":\"Niranbio Chemical\"},\"image\":{\"@id\":\"https:\/\/theo.niranbio.com\/fr\/#\/schema\/logo\/image\/\"}}]}<\/script>\n<!-- \/ Yoast SEO plugin. -->","yoast_head_json":{"title":"Fabricant e Bicarbonate D'ammonium, Poudre E503| Niranbio Chemical","description":"Notre bicarbonate d'ammonium est un compos\u00e9 blanc avec des particules cristallines blanches et une odeur d'ammoniac, il est largement utilis\u00e9 dans les secteurs de la chimie, de l'alimentation animale et de l'alimentation humaine.","robots":{"index":"noindex","follow":"follow","max-snippet":"max-snippet:-1","max-image-preview":"max-image-preview:large","max-video-preview":"max-video-preview:-1"},"twitter_misc":{"Dur\u00e9e de lecture estim\u00e9e":"4 minutes"},"schema":{"@context":"https:\/\/schema.org","@graph":[{"@type":"WebPage","@id":"https:\/\/theo.niranbio.com\/fr\/bicarbonate-dammonium.html","url":"https:\/\/theo.niranbio.com\/fr\/bicarbonate-dammonium.html","name":"Fabricant e Bicarbonate D'ammonium, Poudre E503| Niranbio Chemical","isPartOf":{"@id":"https:\/\/theo.niranbio.com\/fr\/#website"},"primaryImageOfPage":{"@id":"https:\/\/theo.niranbio.com\/fr\/bicarbonate-dammonium.html#primaryimage"},"image":{"@id":"https:\/\/theo.niranbio.com\/fr\/bicarbonate-dammonium.html#primaryimage"},"thumbnailUrl":"https:\/\/theo.niranbio.com\/wp-content\/uploads\/2024\/06\/Ammonium-Bicarbonate.webp","datePublished":"2024-06-20T05:18:28+00:00","dateModified":"2024-08-19T05:22:59+00:00","description":"Notre bicarbonate d'ammonium est un compos\u00e9 blanc avec des particules cristallines blanches et une odeur d'ammoniac, il est largement utilis\u00e9 dans les secteurs de la chimie, de l'alimentation animale et de l'alimentation humaine.","breadcrumb":{"@id":"https:\/\/theo.niranbio.com\/fr\/bicarbonate-dammonium.html#breadcrumb"},"inLanguage":"fr-FR","potentialAction":[{"@type":"ReadAction","target":["https:\/\/theo.niranbio.com\/fr\/bicarbonate-dammonium.html"]}]},{"@type":"ImageObject","inLanguage":"fr-FR","@id":"https:\/\/theo.niranbio.com\/fr\/bicarbonate-dammonium.html#primaryimage","url":"https:\/\/theo.niranbio.com\/wp-content\/uploads\/2024\/06\/Ammonium-Bicarbonate.webp","contentUrl":"https:\/\/theo.niranbio.com\/wp-content\/uploads\/2024\/06\/Ammonium-Bicarbonate.webp","width":600,"height":600,"caption":"Bicarbonate d'ammonium"},{"@type":"BreadcrumbList","@id":"https:\/\/theo.niranbio.com\/fr\/bicarbonate-dammonium.html#breadcrumb","itemListElement":[{"@type":"ListItem","position":1,"name":"Home","item":"https:\/\/theo.niranbio.com\/fr\/"},{"@type":"ListItem","position":2,"name":"Produits","item":"https:\/\/theo.niranbio.com\/fr\/produits.html"},{"@type":"ListItem","position":3,"name":"Autres Ingr\u00e9dients Alimentaires","item":"https:\/\/theo.niranbio.com\/fr\/autres-ingredients-alimentaires-produit\/"},{"@type":"ListItem","position":4,"name":"Bicarbonate d&#8217;ammonium"}]},{"@type":"WebSite","@id":"https:\/\/theo.niranbio.com\/fr\/#website","url":"https:\/\/theo.niranbio.com\/fr\/","name":"Niranbio Chemical","description":"","publisher":{"@id":"https:\/\/theo.niranbio.com\/fr\/#organization"},"potentialAction":[{"@type":"SearchAction","target":{"@type":"EntryPoint","urlTemplate":"https:\/\/theo.niranbio.com\/fr\/?s={search_term_string}"},"query-input":{"@type":"PropertyValueSpecification","valueRequired":true,"valueName":"search_term_string"}}],"inLanguage":"fr-FR"},{"@type":"Organization","@id":"https:\/\/theo.niranbio.com\/fr\/#organization","name":"Niranbio Chemical","url":"https:\/\/theo.niranbio.com\/fr\/","logo":{"@type":"ImageObject","inLanguage":"fr-FR","@id":"https:\/\/theo.niranbio.com\/fr\/#\/schema\/logo\/image\/","url":"https:\/\/theo.niranbio.com\/wp-content\/uploads\/2024\/06\/Niranbio.png","contentUrl":"https:\/\/theo.niranbio.com\/wp-content\/uploads\/2024\/06\/Niranbio.png","width":270,"height":100,"caption":"Niranbio Chemical"},"image":{"@id":"https:\/\/theo.niranbio.com\/fr\/#\/schema\/logo\/image\/"}}]}},"_links":{"self":[{"href":"https:\/\/theo.niranbio.com\/fr\/wp-json\/wp\/v2\/product\/9750","targetHints":{"allow":["GET"]}}],"collection":[{"href":"https:\/\/theo.niranbio.com\/fr\/wp-json\/wp\/v2\/product"}],"about":[{"href":"https:\/\/theo.niranbio.com\/fr\/wp-json\/wp\/v2\/types\/product"}],"version-history":[{"count":0,"href":"https:\/\/theo.niranbio.com\/fr\/wp-json\/wp\/v2\/product\/9750\/revisions"}],"wp:featuredmedia":[{"embeddable":true,"href":"https:\/\/theo.niranbio.com\/fr\/wp-json\/wp\/v2\/media\/9751"}],"wp:attachment":[{"href":"https:\/\/theo.niranbio.com\/fr\/wp-json\/wp\/v2\/media?parent=9750"}],"wp:term":[{"taxonomy":"product_brand","embeddable":true,"href":"https:\/\/theo.niranbio.com\/fr\/wp-json\/wp\/v2\/product_brand?post=9750"},{"taxonomy":"product_cat","embeddable":true,"href":"https:\/\/theo.niranbio.com\/fr\/wp-json\/wp\/v2\/product_cat?post=9750"},{"taxonomy":"product_tag","embeddable":true,"href":"https:\/\/theo.niranbio.com\/fr\/wp-json\/wp\/v2\/product_tag?post=9750"}],"curies":[{"name":"wp","href":"https:\/\/api.w.org\/{rel}","templated":true}]}}