{"id":9738,"date":"2024-06-20T13:20:11","date_gmt":"2024-06-20T05:20:11","guid":{"rendered":"https:\/\/theo.niranbio.com\/chlorure-de-potassium\/"},"modified":"2024-08-19T13:20:07","modified_gmt":"2024-08-19T05:20:07","slug":"chlorure-de-potassium","status":"publish","type":"product","link":"https:\/\/theo.niranbio.com\/fr\/chlorure-de-potassium.html","title":{"rendered":"Chlorure de potassium"},"content":{"rendered":"<h2><span class=\"ez-toc-section\" id=\"Quest-ce_que_le_chlorure_de_potassium\"><\/span>Qu&rsquo;est-ce que le chlorure de potassium ?<span class=\"ez-toc-section-end\"><\/span><\/h2>\n<p>Le chlorure de potassium est un compos\u00e9 inorganique qui ressemble au sel de table, se pr\u00e9sentant sous la forme d&rsquo;une poudre cristalline blanche. Il s&rsquo;agglom\u00e8re facilement et est hygroscopique. \u00c0 mesure que la temp\u00e9rature augmente, sa solubilit\u00e9 dans l&rsquo;eau augmente rapidement. Il subit souvent une double d\u00e9composition avec du sel de sodium pour g\u00e9n\u00e9rer un nouveau sel de potassium. Il est fr\u00e9quemment ajout\u00e9 \u00e0 l&rsquo;eau min\u00e9rale et au sel \u00e0 faible teneur en sodium. Il existe principalement les m\u00e9thodes suivantes pour pr\u00e9parer le chlorure de potassium en Chine :<\/p>\n<p>1. Extrait de min\u00e9raux de sel de potassium, tels que le minerai de chlorure de potassium, le chlorure de potassium naturel dans les min\u00e9raux de sel de potassium, etc.<\/p>\n<p>2. Produit par des proc\u00e9d\u00e9s chimiques, principalement pr\u00e9par\u00e9 en faisant r\u00e9agir du chlorure de sodium avec du sel de potassium. Pour garantir la stabilit\u00e9 et la qualit\u00e9 du produit, la production industrielle utilise de plus en plus fr\u00e9quemment cette m\u00e9thode.<\/p>\n<h2><span class=\"ez-toc-section\" id=\"Parametres_associes\"><\/span>Param\u00e8tres associ\u00e9s :<span class=\"ez-toc-section-end\"><\/span><\/h2>\n<table>\n<tbody>\n<tr>\n<td><strong>\u00c9L\u00c9MENTS<\/strong><\/td>\n<td><strong>STANDARD<\/strong><\/td>\n<\/tr>\n<tr>\n<td>Identification<\/td>\n<td>Positive<\/td>\n<\/tr>\n<tr>\n<td>La blancheur<\/td>\n<td>&gt; 80<\/td>\n<\/tr>\n<tr>\n<td>Essai<\/td>\n<td>&gt; 99%<\/td>\n<\/tr>\n<tr>\n<td>Perte au s\u00e9chage<\/td>\n<td>\u22640.5%<\/td>\n<\/tr>\n<tr>\n<td>Acidit\u00e9 et alcalinit\u00e9<\/td>\n<td>\u22641%<\/td>\n<\/tr>\n<tr>\n<td>Solubilit\u00e9<\/td>\n<td>Facilement soluble dans l&rsquo;eau, pratiquement insoluble dans l&rsquo;\u00e9thanol.<\/td>\n<\/tr>\n<tr>\n<td>M\u00e9taux lourds (en tant que Pb)<\/td>\n<td>\u22641mg\/ kg<\/td>\n<\/tr>\n<tr>\n<td>Arsenic<\/td>\n<td>\u22640,5mg\/ kg<\/td>\n<\/tr>\n<tr>\n<td>Ammonium (en tant que NH\ufe624)<\/td>\n<td>\u2264100mg\/ kg<\/td>\n<\/tr>\n<tr>\n<td>Chlorure de sodium<\/td>\n<td>\u22641.45%<\/td>\n<\/tr>\n<tr>\n<td>Impuret\u00e9s insolubles dans l&rsquo;eau<\/td>\n<td>\u22640.05%<\/td>\n<\/tr>\n<tr>\n<td>R\u00e9sidu insoluble dans l&rsquo;eau<\/td>\n<td>\u22640.05%<\/td>\n<\/tr>\n<\/tbody>\n<\/table>\n<h2><span class=\"ez-toc-section\" id=\"Dosage_recommande\"><\/span><strong><b>Dosage recommand\u00e9 :<\/b><\/strong><span class=\"ez-toc-section-end\"><\/span><\/h2>\n<table>\n<tbody>\n<tr>\n<td><strong>Nom de l&rsquo;aliment<\/strong><\/td>\n<td><strong>Utilisation maximale (g\/kg)<\/strong><\/td>\n<\/tr>\n<tr>\n<td>Produits de boulangerie et de p\u00e2tisserie<\/td>\n<td>0,3 &#8211; 3 g\/kg<\/td>\n<\/tr>\n<tr>\n<td>Charcuterie<\/td>\n<td>2 &#8211; 5 g\/kg<\/td>\n<\/tr>\n<tr>\n<td>Jambon et saucisses<\/td>\n<td>1 &#8211; 3 g\/kg<\/td>\n<\/tr>\n<tr>\n<td>Produits carn\u00e9s pr\u00e9par\u00e9s<\/td>\n<td>1 &#8211; 2 g\/kg<\/td>\n<\/tr>\n<tr>\n<td>Produits \u00e0 base de viande fum\u00e9e<\/td>\n<td>0,5 &#8211; 1,5 g\/kg<\/td>\n<\/tr>\n<tr>\n<td>Jambon et bacon<\/td>\n<td>0,3 &#8211; 1 g\/kg<\/td>\n<\/tr>\n<tr>\n<td>Aliments cuits pr\u00e9par\u00e9s<\/td>\n<td>0,1 &#8211; 0,5 g\/kg<\/td>\n<\/tr>\n<tr>\n<td>Aliments marin\u00e9s<\/td>\n<td>0,1 &#8211; 0,3 g\/kg<\/td>\n<\/tr>\n<tr>\n<td>Poisson marin\u00e9<\/td>\n<td>0,1 &#8211; 0,3 g\/kg<\/td>\n<\/tr>\n<tr>\n<td>Boulangerie<\/td>\n<td>0,1 &#8211; 0,3 g\/kg<\/td>\n<\/tr>\n<tr>\n<td>Sauces et assaisonnements<\/td>\n<td>0,1 &#8211; 0,3 g\/kg<\/td>\n<\/tr>\n<tr>\n<td>Biscuits<\/td>\n<td>0,1 &#8211; 0,3 g\/kg<\/td>\n<\/tr>\n<tr>\n<td>Produits \u00e0 base de fruits<\/td>\n<td>0,1 &#8211; 0,3 g\/kg<\/td>\n<\/tr>\n<tr>\n<td>Produits de confiserie<\/td>\n<td>0,1 &#8211; 0,3 g\/kg<\/td>\n<\/tr>\n<\/tbody>\n<\/table>\n<h2><span class=\"ez-toc-section\" id=\"Le_chlorure_de_potassium_a_de_nombreuses_utilisations\"><\/span>Le chlorure de potassium a de nombreuses utilisations<span class=\"ez-toc-section-end\"><\/span><\/h2>\n<ol>\n<li>Fonction de remplacement du sel : Le chlorure de potassium peut \u00eatre utilis\u00e9 comme substitut du sel de table (chlorure de sodium), en particulier dans les aliments qui doivent r\u00e9duire leur teneur en sodium. Il peut remplacer partiellement ou totalement le sel de table, r\u00e9duisant ainsi la teneur en sodium des aliments et aidant \u00e0 contr\u00f4ler les probl\u00e8mes de sant\u00e9 tels que l&rsquo;hypertension art\u00e9rielle.<\/li>\n<li>Antioxydant : Le chlorure de potassium peut \u00eatre utilis\u00e9 comme antioxydant dans certains aliments pour aider \u00e0 prolonger la dur\u00e9e de conservation et la stabilit\u00e9 des aliments et emp\u00eacher les aliments de se g\u00e2ter en raison de l&rsquo;oxydation.<\/li>\n<li>Rehausser la saveur : Dans certains cas, le chlorure de potassium peut rehausser la saveur des aliments, en particulier dans les charcuteries et autres transformations alimentaires, aidant \u00e0 maintenir et \u00e0 am\u00e9liorer les caract\u00e9ristiques gustatives des mati\u00e8res premi\u00e8res.<\/li>\n<li>Ajusteur de pH : L&rsquo;ajout de chlorure de potassium peut ajuster la valeur du pH des aliments, et parfois il peut \u00eatre utilis\u00e9 pour ajuster l&rsquo;acidit\u00e9 et l&rsquo;alcalinit\u00e9 en fonction des besoins de transformation sp\u00e9cifiques ou des formulations alimentaires.<\/li>\n<li>Fortification nutritionnelle : Dans certains cas, le chlorure de potassium peut \u00e9galement \u00eatre utilis\u00e9 comme fortifiant nutritionnel pour fournir du potassium aux aliments, ce qui aide \u00e0 \u00e9quilibrer l&rsquo;apport en \u00e9lectrolytes et en nutriments de l&rsquo;organisme.<\/li>\n<\/ol>\n<h2><span class=\"ez-toc-section\" id=\"Question_posee_par_lutilisateur\"><\/span>Question pos\u00e9e par l&rsquo;utilisateur :<span class=\"ez-toc-section-end\"><\/span><\/h2>\n<p>Question : Dans le sel de table, le chlorure de potassium peut-il remplacer totalement ou partiellement le chlorure de sodium ?<\/p>\n<p>R\u00e9ponse : Dans le sel de table, le chlorure de potassium peut remplacer totalement ou partiellement le chlorure de sodium. Le but principal de cette substitution est de r\u00e9duire la teneur en sodium des aliments, car un r\u00e9gime riche en sodium est associ\u00e9 \u00e0 l&rsquo;hypertension art\u00e9rielle et \u00e0 d&rsquo;autres probl\u00e8mes de sant\u00e9. Le chlorure de potassium est largement utilis\u00e9 dans l&rsquo;industrie alimentaire, en particulier dans les produits qui doivent r\u00e9duire l&rsquo;apport en sodium, tels que les charcuteries, les conserves et les aliments pr\u00e9par\u00e9s. Cependant, il est important de noter que le chlorure de potassium et le chlorure de sodium ont des propri\u00e9t\u00e9s chimiques et sensorielles diff\u00e9rentes.<\/p>\n<p>\u00c0 des concentrations \u00e9lev\u00e9es, le chlorure de potassium peut avoir un certain impact sur le go\u00fbt des aliments, avec parfois un go\u00fbt amer. Par cons\u00e9quent, lors de l&rsquo;utilisation du chlorure de potassium pour remplacer le sel de table, des ajustements appropri\u00e9s peuvent \u00eatre n\u00e9cessaires \u00e0 la formulation et aux m\u00e9thodes de transformation pour garantir que le go\u00fbt et la qualit\u00e9 des aliments r\u00e9pondent toujours aux attentes des consommateurs.<\/p>\n","protected":false},"excerpt":{"rendered":"<ul>\n<li>CAS : 7447-40-7<\/li>\n<li>Formule chimique : KCl<\/li>\n<li>Certifications : KOSHER, ISO, HALAL, FSSC 22000, BRC, etc.<\/li>\n<li>Quantit\u00e9 minimum de commande : 1000 kg<\/li>\n<li>Dur\u00e9e de conservation : 2 ans<\/li>\n<\/ul>\n","protected":false},"featured_media":9740,"template":"","meta":{"site-sidebar-layout":"default","site-content-layout":"","ast-site-content-layout":"default","site-content-style":"default","site-sidebar-style":"default","ast-global-header-display":"","ast-banner-title-visibility":"","ast-main-header-display":"","ast-hfb-above-header-display":"","ast-hfb-below-header-display":"","ast-hfb-mobile-header-display":"","site-post-title":"","ast-breadcrumbs-content":"","ast-featured-img":"","footer-sml-layout":"","theme-transparent-header-meta":"default","adv-header-id-meta":"","stick-header-meta":"","header-above-stick-meta":"","header-main-stick-meta":"","header-below-stick-meta":"","astra-migrate-meta-layouts":"set","ast-page-background-enabled":"default","ast-page-background-meta":{"desktop":{"background-color":"var(--ast-global-color-4)","background-image":"","background-repeat":"repeat","background-position":"center center","background-size":"auto","background-attachment":"scroll","background-type":"","background-media":"","overlay-type":"","overlay-color":"","overlay-opacity":"","overlay-gradient":""},"tablet":{"background-color":"","background-image":"","background-repeat":"repeat","background-position":"center center","background-size":"auto","background-attachment":"scroll","background-type":"","background-media":"","overlay-type":"","overlay-color":"","overlay-opacity":"","overlay-gradient":""},"mobile":{"background-color":"","background-image":"","background-repeat":"repeat","background-position":"center center","background-size":"auto","background-attachment":"scroll","background-type":"","background-media":"","overlay-type":"","overlay-color":"","overlay-opacity":"","overlay-gradient":""}},"ast-content-background-meta":{"desktop":{"background-color":"var(--ast-global-color-5)","background-image":"","background-repeat":"repeat","background-position":"center center","background-size":"auto","background-attachment":"scroll","background-type":"","background-media":"","overlay-type":"","overlay-color":"","overlay-opacity":"","overlay-gradient":""},"tablet":{"background-color":"var(--ast-global-color-5)","background-image":"","background-repeat":"repeat","background-position":"center center","background-size":"auto","background-attachment":"scroll","background-type":"","background-media":"","overlay-type":"","overlay-color":"","overlay-opacity":"","overlay-gradient":""},"mobile":{"background-color":"var(--ast-global-color-5)","background-image":"","background-repeat":"repeat","background-position":"center center","background-size":"auto","background-attachment":"scroll","background-type":"","background-media":"","overlay-type":"","overlay-color":"","overlay-opacity":"","overlay-gradient":""}}},"product_brand":[],"product_cat":[107],"product_tag":[],"class_list":{"0":"post-9738","1":"product","2":"type-product","3":"status-publish","4":"has-post-thumbnail","6":"product_cat-autres-ingredients-alimentaires-produit","7":"desktop-align-center","8":"tablet-align-left","9":"mobile-align-left","11":"first","12":"instock","13":"shipping-taxable","14":"product-type-simple"},"yoast_head":"<!-- This site is optimized with the Yoast SEO plugin v26.5 - https:\/\/yoast.com\/wordpress\/plugins\/seo\/ -->\n<title>Fabricant e Chlorure Potassium, Poudre de E508 En Vrac En Gros | Niranbio Chemical<\/title>\n<meta name=\"description\" content=\"Achetez en ligne la poudre cristalline de chlorure de potassium de qualit\u00e9 alimentaire en vrac. NIRAN propose aux acheteurs une poudre de haute qualit\u00e9 (CAS 7447-40-7).\" \/>\n<meta name=\"robots\" content=\"noindex, follow, max-snippet:-1, max-image-preview:large, max-video-preview:-1\" \/>\n<meta name=\"twitter:label1\" content=\"Dur\u00e9e de lecture estim\u00e9e\" \/>\n\t<meta name=\"twitter:data1\" content=\"4 minutes\" \/>\n<script type=\"application\/ld+json\" class=\"yoast-schema-graph\">{\"@context\":\"https:\/\/schema.org\",\"@graph\":[{\"@type\":\"WebPage\",\"@id\":\"https:\/\/theo.niranbio.com\/fr\/chlorure-de-potassium.html\",\"url\":\"https:\/\/theo.niranbio.com\/fr\/chlorure-de-potassium.html\",\"name\":\"Fabricant e Chlorure Potassium, Poudre de E508 En Vrac En Gros | Niranbio Chemical\",\"isPartOf\":{\"@id\":\"https:\/\/theo.niranbio.com\/fr\/#website\"},\"primaryImageOfPage\":{\"@id\":\"https:\/\/theo.niranbio.com\/fr\/chlorure-de-potassium.html#primaryimage\"},\"image\":{\"@id\":\"https:\/\/theo.niranbio.com\/fr\/chlorure-de-potassium.html#primaryimage\"},\"thumbnailUrl\":\"https:\/\/theo.niranbio.com\/wp-content\/uploads\/2024\/06\/Potassium-Chloride.webp\",\"datePublished\":\"2024-06-20T05:20:11+00:00\",\"dateModified\":\"2024-08-19T05:20:07+00:00\",\"description\":\"Achetez en ligne la poudre cristalline de chlorure de potassium de qualit\u00e9 alimentaire en vrac. NIRAN propose aux acheteurs une poudre de haute qualit\u00e9 (CAS 7447-40-7).\",\"breadcrumb\":{\"@id\":\"https:\/\/theo.niranbio.com\/fr\/chlorure-de-potassium.html#breadcrumb\"},\"inLanguage\":\"fr-FR\",\"potentialAction\":[{\"@type\":\"ReadAction\",\"target\":[\"https:\/\/theo.niranbio.com\/fr\/chlorure-de-potassium.html\"]}]},{\"@type\":\"ImageObject\",\"inLanguage\":\"fr-FR\",\"@id\":\"https:\/\/theo.niranbio.com\/fr\/chlorure-de-potassium.html#primaryimage\",\"url\":\"https:\/\/theo.niranbio.com\/wp-content\/uploads\/2024\/06\/Potassium-Chloride.webp\",\"contentUrl\":\"https:\/\/theo.niranbio.com\/wp-content\/uploads\/2024\/06\/Potassium-Chloride.webp\",\"width\":600,\"height\":600,\"caption\":\"Chlorure de potassium\"},{\"@type\":\"BreadcrumbList\",\"@id\":\"https:\/\/theo.niranbio.com\/fr\/chlorure-de-potassium.html#breadcrumb\",\"itemListElement\":[{\"@type\":\"ListItem\",\"position\":1,\"name\":\"Home\",\"item\":\"https:\/\/theo.niranbio.com\/fr\/\"},{\"@type\":\"ListItem\",\"position\":2,\"name\":\"Produits\",\"item\":\"https:\/\/theo.niranbio.com\/fr\/produits.html\"},{\"@type\":\"ListItem\",\"position\":3,\"name\":\"Autres Ingr\u00e9dients Alimentaires\",\"item\":\"https:\/\/theo.niranbio.com\/fr\/autres-ingredients-alimentaires-produit\/\"},{\"@type\":\"ListItem\",\"position\":4,\"name\":\"Chlorure de potassium\"}]},{\"@type\":\"WebSite\",\"@id\":\"https:\/\/theo.niranbio.com\/fr\/#website\",\"url\":\"https:\/\/theo.niranbio.com\/fr\/\",\"name\":\"Niranbio Chemical\",\"description\":\"\",\"publisher\":{\"@id\":\"https:\/\/theo.niranbio.com\/fr\/#organization\"},\"potentialAction\":[{\"@type\":\"SearchAction\",\"target\":{\"@type\":\"EntryPoint\",\"urlTemplate\":\"https:\/\/theo.niranbio.com\/fr\/?s={search_term_string}\"},\"query-input\":{\"@type\":\"PropertyValueSpecification\",\"valueRequired\":true,\"valueName\":\"search_term_string\"}}],\"inLanguage\":\"fr-FR\"},{\"@type\":\"Organization\",\"@id\":\"https:\/\/theo.niranbio.com\/fr\/#organization\",\"name\":\"Niranbio Chemical\",\"url\":\"https:\/\/theo.niranbio.com\/fr\/\",\"logo\":{\"@type\":\"ImageObject\",\"inLanguage\":\"fr-FR\",\"@id\":\"https:\/\/theo.niranbio.com\/fr\/#\/schema\/logo\/image\/\",\"url\":\"https:\/\/theo.niranbio.com\/wp-content\/uploads\/2024\/06\/Niranbio.png\",\"contentUrl\":\"https:\/\/theo.niranbio.com\/wp-content\/uploads\/2024\/06\/Niranbio.png\",\"width\":270,\"height\":100,\"caption\":\"Niranbio Chemical\"},\"image\":{\"@id\":\"https:\/\/theo.niranbio.com\/fr\/#\/schema\/logo\/image\/\"}}]}<\/script>\n<!-- \/ Yoast SEO plugin. -->","yoast_head_json":{"title":"Fabricant e Chlorure Potassium, Poudre de E508 En Vrac En Gros | Niranbio Chemical","description":"Achetez en ligne la poudre cristalline de chlorure de potassium de qualit\u00e9 alimentaire en vrac. NIRAN propose aux acheteurs une poudre de haute qualit\u00e9 (CAS 7447-40-7).","robots":{"index":"noindex","follow":"follow","max-snippet":"max-snippet:-1","max-image-preview":"max-image-preview:large","max-video-preview":"max-video-preview:-1"},"twitter_misc":{"Dur\u00e9e de lecture estim\u00e9e":"4 minutes"},"schema":{"@context":"https:\/\/schema.org","@graph":[{"@type":"WebPage","@id":"https:\/\/theo.niranbio.com\/fr\/chlorure-de-potassium.html","url":"https:\/\/theo.niranbio.com\/fr\/chlorure-de-potassium.html","name":"Fabricant e Chlorure Potassium, Poudre de E508 En Vrac En Gros | Niranbio Chemical","isPartOf":{"@id":"https:\/\/theo.niranbio.com\/fr\/#website"},"primaryImageOfPage":{"@id":"https:\/\/theo.niranbio.com\/fr\/chlorure-de-potassium.html#primaryimage"},"image":{"@id":"https:\/\/theo.niranbio.com\/fr\/chlorure-de-potassium.html#primaryimage"},"thumbnailUrl":"https:\/\/theo.niranbio.com\/wp-content\/uploads\/2024\/06\/Potassium-Chloride.webp","datePublished":"2024-06-20T05:20:11+00:00","dateModified":"2024-08-19T05:20:07+00:00","description":"Achetez en ligne la poudre cristalline de chlorure de potassium de qualit\u00e9 alimentaire en vrac. NIRAN propose aux acheteurs une poudre de haute qualit\u00e9 (CAS 7447-40-7).","breadcrumb":{"@id":"https:\/\/theo.niranbio.com\/fr\/chlorure-de-potassium.html#breadcrumb"},"inLanguage":"fr-FR","potentialAction":[{"@type":"ReadAction","target":["https:\/\/theo.niranbio.com\/fr\/chlorure-de-potassium.html"]}]},{"@type":"ImageObject","inLanguage":"fr-FR","@id":"https:\/\/theo.niranbio.com\/fr\/chlorure-de-potassium.html#primaryimage","url":"https:\/\/theo.niranbio.com\/wp-content\/uploads\/2024\/06\/Potassium-Chloride.webp","contentUrl":"https:\/\/theo.niranbio.com\/wp-content\/uploads\/2024\/06\/Potassium-Chloride.webp","width":600,"height":600,"caption":"Chlorure de potassium"},{"@type":"BreadcrumbList","@id":"https:\/\/theo.niranbio.com\/fr\/chlorure-de-potassium.html#breadcrumb","itemListElement":[{"@type":"ListItem","position":1,"name":"Home","item":"https:\/\/theo.niranbio.com\/fr\/"},{"@type":"ListItem","position":2,"name":"Produits","item":"https:\/\/theo.niranbio.com\/fr\/produits.html"},{"@type":"ListItem","position":3,"name":"Autres Ingr\u00e9dients Alimentaires","item":"https:\/\/theo.niranbio.com\/fr\/autres-ingredients-alimentaires-produit\/"},{"@type":"ListItem","position":4,"name":"Chlorure de potassium"}]},{"@type":"WebSite","@id":"https:\/\/theo.niranbio.com\/fr\/#website","url":"https:\/\/theo.niranbio.com\/fr\/","name":"Niranbio Chemical","description":"","publisher":{"@id":"https:\/\/theo.niranbio.com\/fr\/#organization"},"potentialAction":[{"@type":"SearchAction","target":{"@type":"EntryPoint","urlTemplate":"https:\/\/theo.niranbio.com\/fr\/?s={search_term_string}"},"query-input":{"@type":"PropertyValueSpecification","valueRequired":true,"valueName":"search_term_string"}}],"inLanguage":"fr-FR"},{"@type":"Organization","@id":"https:\/\/theo.niranbio.com\/fr\/#organization","name":"Niranbio Chemical","url":"https:\/\/theo.niranbio.com\/fr\/","logo":{"@type":"ImageObject","inLanguage":"fr-FR","@id":"https:\/\/theo.niranbio.com\/fr\/#\/schema\/logo\/image\/","url":"https:\/\/theo.niranbio.com\/wp-content\/uploads\/2024\/06\/Niranbio.png","contentUrl":"https:\/\/theo.niranbio.com\/wp-content\/uploads\/2024\/06\/Niranbio.png","width":270,"height":100,"caption":"Niranbio Chemical"},"image":{"@id":"https:\/\/theo.niranbio.com\/fr\/#\/schema\/logo\/image\/"}}]}},"_links":{"self":[{"href":"https:\/\/theo.niranbio.com\/fr\/wp-json\/wp\/v2\/product\/9738","targetHints":{"allow":["GET"]}}],"collection":[{"href":"https:\/\/theo.niranbio.com\/fr\/wp-json\/wp\/v2\/product"}],"about":[{"href":"https:\/\/theo.niranbio.com\/fr\/wp-json\/wp\/v2\/types\/product"}],"version-history":[{"count":0,"href":"https:\/\/theo.niranbio.com\/fr\/wp-json\/wp\/v2\/product\/9738\/revisions"}],"wp:featuredmedia":[{"embeddable":true,"href":"https:\/\/theo.niranbio.com\/fr\/wp-json\/wp\/v2\/media\/9740"}],"wp:attachment":[{"href":"https:\/\/theo.niranbio.com\/fr\/wp-json\/wp\/v2\/media?parent=9738"}],"wp:term":[{"taxonomy":"product_brand","embeddable":true,"href":"https:\/\/theo.niranbio.com\/fr\/wp-json\/wp\/v2\/product_brand?post=9738"},{"taxonomy":"product_cat","embeddable":true,"href":"https:\/\/theo.niranbio.com\/fr\/wp-json\/wp\/v2\/product_cat?post=9738"},{"taxonomy":"product_tag","embeddable":true,"href":"https:\/\/theo.niranbio.com\/fr\/wp-json\/wp\/v2\/product_tag?post=9738"}],"curies":[{"name":"wp","href":"https:\/\/api.w.org\/{rel}","templated":true}]}}