{"id":9733,"date":"2024-06-20T09:43:53","date_gmt":"2024-06-20T01:43:53","guid":{"rendered":"https:\/\/theo.niranbio.com\/acide-benzoique\/"},"modified":"2024-08-19T13:54:20","modified_gmt":"2024-08-19T05:54:20","slug":"acide-benzoique","status":"publish","type":"product","link":"https:\/\/theo.niranbio.com\/fr\/acide-benzoique.html","title":{"rendered":"Acide benzo\u00efque"},"content":{"rendered":"<h2><span class=\"ez-toc-section\" id=\"Quest-ce_que_lacide_benzoique\"><\/span>Qu&rsquo;est-ce que l&rsquo;acide benzo\u00efque ?<span class=\"ez-toc-section-end\"><\/span><\/h2>\n<p>L&rsquo;acide benzo\u00efque est un conservateur largement utilis\u00e9. Il se pr\u00e9sente sous forme de cristaux blancs ou de poudre avec une l\u00e9g\u00e8re odeur de benz\u00e8ne. Il est librement soluble dans l&rsquo;\u00e9thanol, l&rsquo;\u00e9ther et le chloroforme. L&rsquo;acide benzo\u00efque est principalement utilis\u00e9 pour inhiber la croissance des bact\u00e9ries, des levures et des moisissures, prolongeant ainsi la dur\u00e9e de conservation des aliments et des boissons.<\/p>\n<p>Il est couramment utilis\u00e9 dans les aliments tels que la sauce soja, la confiture, les jus de fruits, les fruits en conserve, les boissons gazeuses, les sauces et les cornichons. La principale m\u00e9thode de pr\u00e9paration de l&rsquo;acide benzo\u00efque comprend l&rsquo;oxydation du tolu\u00e8ne, qui oxyde le tolu\u00e8ne sous l&rsquo;action d&rsquo;un catalyseur et de l&rsquo;oxyg\u00e8ne pour produire de l&rsquo;acide benzo\u00efque. L\u2019acide benzo\u00efque est largement consid\u00e9r\u00e9 comme un additif alimentaire s\u00fbr, mais le dosage doit \u00eatre strictement contr\u00f4l\u00e9 lors de son utilisation pour garantir qu\u2019il se situe dans une plage de s\u00e9curit\u00e9.<\/p>\n<h2><span class=\"ez-toc-section\" id=\"Parametres_associes\"><\/span>Param\u00e8tres associ\u00e9s :<span class=\"ez-toc-section-end\"><\/span><\/h2>\n<table>\n<tbody>\n<tr>\n<td><strong>\u00c9l\u00e9ments d&rsquo;inspection<\/strong><\/td>\n<td><strong>Index<\/strong><\/td>\n<\/tr>\n<tr>\n<td>Aspect<\/td>\n<td>Cristal blanc<\/td>\n<\/tr>\n<tr>\n<td>Teneur (substance s\u00e8che)\uff0cw\/% \u2265<\/td>\n<td>99.5<\/td>\n<\/tr>\n<tr>\n<td>Point de fusion\uff0c\u2103<\/td>\n<td>121~123<\/td>\n<\/tr>\n<tr>\n<td>Substances facilement oxydables<\/td>\n<td>Test r\u00e9ussi<\/td>\n<\/tr>\n<tr>\n<td>M\u00e9tal lourd (Pb)\/( mg\/kg) \u2264<\/td>\n<td>10<\/td>\n<\/tr>\n<tr>\n<td>Arsenic, mg\/kg \u2264<\/td>\n<td>2<\/td>\n<\/tr>\n<tr>\n<td>Chlorure\uff08Cl\uff09, w\/ % \u2264<\/td>\n<td>0.014<\/td>\n<\/tr>\n<tr>\n<td>Acide phtalique, mg\/kg \u2264<\/td>\n<td>100<\/td>\n<\/tr>\n<tr>\n<td>Biph\u00e9nyles, mg\/kg \u2264<\/td>\n<td>100<\/td>\n<\/tr>\n<tr>\n<td>Perte et s\u00e9chage, w\/ % \u2264<\/td>\n<td>0.5<\/td>\n<\/tr>\n<\/tbody>\n<\/table>\n<h2><span class=\"ez-toc-section\" id=\"Dosage_recommande\"><\/span>Dosage recommand\u00e9<span class=\"ez-toc-section-end\"><\/span><\/h2>\n<table>\n<tbody>\n<tr>\n<td><strong>Nom de l&rsquo;aliment<\/strong><\/td>\n<td><strong>Utilisation maximale (g\/kg)<\/strong><\/td>\n<\/tr>\n<tr>\n<td>Boissons<\/td>\n<td>0,1 g\/kg<\/td>\n<\/tr>\n<tr>\n<td>Vin<\/td>\n<td>0,5 g\/kg<\/td>\n<\/tr>\n<tr>\n<td>Huile alimentaire<\/td>\n<td>0,3 g\/kg<\/td>\n<\/tr>\n<tr>\n<td>Aliments marin\u00e9s<\/td>\n<td>0,5 g\/kg<\/td>\n<\/tr>\n<tr>\n<td>Transformation du poisson<\/td>\n<td>0,3 g\/kg<\/td>\n<\/tr>\n<tr>\n<td>Transformation de la viande<\/td>\n<td>0,5 g\/kg<\/td>\n<\/tr>\n<tr>\n<td>Aliments en conserve<\/td>\n<td>0,4 g\/kg<\/td>\n<\/tr>\n<tr>\n<td>Boulangerie<\/td>\n<td>0,3 g\/kg<\/td>\n<\/tr>\n<tr>\n<td>Assaisonnement<\/td>\n<td>0,3 g\/kg<\/td>\n<\/tr>\n<tr>\n<td>Amidon et ses produits<\/td>\n<td>0,3 g\/kg<\/td>\n<\/tr>\n<\/tbody>\n<\/table>\n<h2><span class=\"ez-toc-section\" id=\"Lacide_benzoique_a_une_large_gamme_dutilisations\"><\/span>L&rsquo;acide benzo\u00efque a une large gamme d&rsquo;utilisations<span class=\"ez-toc-section-end\"><\/span><\/h2>\n<p>1. Conservateurs alimentaires : L&rsquo;acide benzo\u00efque peut inhiber la croissance des micro-organismes et des levures dans les aliments et jouer un r\u00f4le de conservateur. Dans la transformation d&rsquo;aliments tels que les sauces, les confitures, les boissons, les bonbons, les conserves et les condiments, l&rsquo;acide benzo\u00efque est souvent utilis\u00e9 comme conservateur pour prolonger la dur\u00e9e de conservation des produits et maintenir la fra\u00eecheur et le go\u00fbt des produits.<\/p>\n<p>2. Ar\u00f4mes alimentaires : L&rsquo;acide benzo\u00efque poss\u00e8de une odeur aromatique et un go\u00fbt distinctif. Il est utilis\u00e9 comme agent aromatisant dans l&rsquo;industrie alimentaire pour augmenter la saveur et le go\u00fbt des produits. Il est souvent utilis\u00e9 pour fabriquer des produits \u00e0 base de viande, des produits de boulangerie, des produits laitiers, des boissons, etc. pour ajouter de la saveur aux aliments et am\u00e9liorer la qualit\u00e9 des produits.<\/p>\n<p>3. Industrie pharmaceutique : L&rsquo;acide benzo\u00efque est une mati\u00e8re premi\u00e8re pharmaceutique courante et est souvent utilis\u00e9 pour pr\u00e9parer des m\u00e9dicaments et des agents topiques. Dans le processus de pr\u00e9paration des m\u00e9dicaments, l&rsquo;acide benzo\u00efque peut am\u00e9liorer la stabilit\u00e9 et l&rsquo;efficacit\u00e9 des m\u00e9dicaments et prolonger la p\u00e9riode d&rsquo;efficacit\u00e9 des m\u00e9dicaments. En outre, l&rsquo;acide benzo\u00efque est \u00e9galement utilis\u00e9 pour fabriquer certaines pommades topiques, d\u00e9sinfectants et conservateurs.<\/p>\n<p>4. Industrie des ar\u00f4mes et des parfums : L&rsquo;acide benzo\u00efque est une mati\u00e8re premi\u00e8re aromatique importante et est largement utilis\u00e9 dans la fabrication de divers ar\u00f4mes et parfums. Il peut ajouter du parfum et de la saveur \u00e0 des produits tels que des parfums, des savons, des d\u00e9tergents, des cigarettes, des cosm\u00e9tiques, etc. L&rsquo;odeur aromatique de l&rsquo;acide benzo\u00efque peut rendre les produits plus attrayants et stimuler les sens des clients.<\/p>\n<h2><span class=\"ez-toc-section\" id=\"Lutilisateur_a_pose_la_question\"><\/span>L&rsquo;utilisateur a pos\u00e9 la question :<span class=\"ez-toc-section-end\"><\/span><\/h2>\n<p>Question : Quel effet l&rsquo;acide benzo\u00efque a-t-il sur la peau ?<\/p>\n<p>R\u00e9ponse : L&rsquo;acide benzo\u00efque est un compos\u00e9 organique, un liquide incolore et un conservateur largement utilis\u00e9. Il a des effets antibact\u00e9riens et anti-inflammatoires, ainsi que des effets antiprurigineux et anti-gonflements. Il peut \u00eatre utilis\u00e9 pour pr\u00e9venir la croissance des cocci pyog\u00e8nes et des levures pathog\u00e8nes, et peut \u00e9galement \u00eatre utilis\u00e9 pour traiter les mycoses de la peau, ainsi que les infections fongiques superficielles de la peau, telles que la teigne du corps et la teigne crurale.<\/p>\n<p>Question : L&rsquo;acide benzo\u00efque peut-il vraiment traiter l&rsquo;acn\u00e9 ?<\/p>\n<p>R\u00e9ponse : L&rsquo;acn\u00e9 est une maladie cutan\u00e9e courante, qui se manifeste g\u00e9n\u00e9ralement par de l&rsquo;acn\u00e9, des papules, des pustules, des nodules et des kystes. Certains produits contenant de l&rsquo;acide salicylique et de l&rsquo;acide benzo\u00efque peuvent \u00eatre utilis\u00e9s pour r\u00e9duire le s\u00e9bum de la peau et pr\u00e9venir la croissance bact\u00e9rienne.<\/p>\n","protected":false},"excerpt":{"rendered":"<ul>\n<li>CAS: 65-85-0<\/li>\n<li>Formule chimique : C7H6O2<\/li>\n<li>Certifications : KOSHER, ISO, HALAL, FSSC 22000, BRC, etc.<\/li>\n<li>Norme : BP\/EP\/FCC\/GB1901-2005<\/li>\n<li>Quantit\u00e9 minimum de commande : 1000 kg<\/li>\n<li>Dur\u00e9e de conservation : 2 ans<\/li>\n<\/ul>\n","protected":false},"featured_media":9734,"template":"","meta":{"site-sidebar-layout":"default","site-content-layout":"","ast-site-content-layout":"default","site-content-style":"default","site-sidebar-style":"default","ast-global-header-display":"","ast-banner-title-visibility":"","ast-main-header-display":"","ast-hfb-above-header-display":"","ast-hfb-below-header-display":"","ast-hfb-mobile-header-display":"","site-post-title":"","ast-breadcrumbs-content":"","ast-featured-img":"","footer-sml-layout":"","theme-transparent-header-meta":"default","adv-header-id-meta":"","stick-header-meta":"","header-above-stick-meta":"","header-main-stick-meta":"","header-below-stick-meta":"","astra-migrate-meta-layouts":"set","ast-page-background-enabled":"default","ast-page-background-meta":{"desktop":{"background-color":"var(--ast-global-color-4)","background-image":"","background-repeat":"repeat","background-position":"center center","background-size":"auto","background-attachment":"scroll","background-type":"","background-media":"","overlay-type":"","overlay-color":"","overlay-opacity":"","overlay-gradient":""},"tablet":{"background-color":"","background-image":"","background-repeat":"repeat","background-position":"center center","background-size":"auto","background-attachment":"scroll","background-type":"","background-media":"","overlay-type":"","overlay-color":"","overlay-opacity":"","overlay-gradient":""},"mobile":{"background-color":"","background-image":"","background-repeat":"repeat","background-position":"center center","background-size":"auto","background-attachment":"scroll","background-type":"","background-media":"","overlay-type":"","overlay-color":"","overlay-opacity":"","overlay-gradient":""}},"ast-content-background-meta":{"desktop":{"background-color":"var(--ast-global-color-5)","background-image":"","background-repeat":"repeat","background-position":"center center","background-size":"auto","background-attachment":"scroll","background-type":"","background-media":"","overlay-type":"","overlay-color":"","overlay-opacity":"","overlay-gradient":""},"tablet":{"background-color":"var(--ast-global-color-5)","background-image":"","background-repeat":"repeat","background-position":"center center","background-size":"auto","background-attachment":"scroll","background-type":"","background-media":"","overlay-type":"","overlay-color":"","overlay-opacity":"","overlay-gradient":""},"mobile":{"background-color":"var(--ast-global-color-5)","background-image":"","background-repeat":"repeat","background-position":"center center","background-size":"auto","background-attachment":"scroll","background-type":"","background-media":"","overlay-type":"","overlay-color":"","overlay-opacity":"","overlay-gradient":""}}},"product_brand":[],"product_cat":[109],"product_tag":[],"class_list":{"0":"post-9733","1":"product","2":"type-product","3":"status-publish","4":"has-post-thumbnail","6":"product_cat-produit-conservateur","7":"desktop-align-center","8":"tablet-align-left","9":"mobile-align-left","11":"first","12":"instock","13":"shipping-taxable","14":"product-type-simple"},"yoast_head":"<!-- This site is optimized with the Yoast SEO plugin v26.5 - https:\/\/yoast.com\/wordpress\/plugins\/seo\/ -->\n<title>Acide benzo\u00efque conservateur, poudre acide benzo\u00efque E210 | Niranbio Chemical<\/title>\n<meta name=\"description\" content=\"Notre acide benzo\u00efque se pr\u00e9sente sous forme de cristaux blancs ou de poudre, couramment utilis\u00e9s dans les aliments tels que la sauce soja, la confiture, les jus de fruits, les fruits en conserve, les boissons gazeuses, les sauces et les cornichons.\" \/>\n<meta name=\"robots\" content=\"noindex, follow, max-snippet:-1, max-image-preview:large, max-video-preview:-1\" \/>\n<meta name=\"twitter:label1\" content=\"Dur\u00e9e de lecture estim\u00e9e\" \/>\n\t<meta name=\"twitter:data1\" content=\"4 minutes\" \/>\n<script type=\"application\/ld+json\" class=\"yoast-schema-graph\">{\"@context\":\"https:\/\/schema.org\",\"@graph\":[{\"@type\":\"WebPage\",\"@id\":\"https:\/\/theo.niranbio.com\/fr\/acide-benzoique.html\",\"url\":\"https:\/\/theo.niranbio.com\/fr\/acide-benzoique.html\",\"name\":\"Acide benzo\u00efque conservateur, poudre acide benzo\u00efque E210 | Niranbio Chemical\",\"isPartOf\":{\"@id\":\"https:\/\/theo.niranbio.com\/fr\/#website\"},\"primaryImageOfPage\":{\"@id\":\"https:\/\/theo.niranbio.com\/fr\/acide-benzoique.html#primaryimage\"},\"image\":{\"@id\":\"https:\/\/theo.niranbio.com\/fr\/acide-benzoique.html#primaryimage\"},\"thumbnailUrl\":\"https:\/\/theo.niranbio.com\/wp-content\/uploads\/2024\/06\/Benzoic-Acid.webp\",\"datePublished\":\"2024-06-20T01:43:53+00:00\",\"dateModified\":\"2024-08-19T05:54:20+00:00\",\"description\":\"Notre acide benzo\u00efque se pr\u00e9sente sous forme de cristaux blancs ou de poudre, couramment utilis\u00e9s dans les aliments tels que la sauce soja, la confiture, les jus de fruits, les fruits en conserve, les boissons gazeuses, les sauces et les cornichons.\",\"breadcrumb\":{\"@id\":\"https:\/\/theo.niranbio.com\/fr\/acide-benzoique.html#breadcrumb\"},\"inLanguage\":\"fr-FR\",\"potentialAction\":[{\"@type\":\"ReadAction\",\"target\":[\"https:\/\/theo.niranbio.com\/fr\/acide-benzoique.html\"]}]},{\"@type\":\"ImageObject\",\"inLanguage\":\"fr-FR\",\"@id\":\"https:\/\/theo.niranbio.com\/fr\/acide-benzoique.html#primaryimage\",\"url\":\"https:\/\/theo.niranbio.com\/wp-content\/uploads\/2024\/06\/Benzoic-Acid.webp\",\"contentUrl\":\"https:\/\/theo.niranbio.com\/wp-content\/uploads\/2024\/06\/Benzoic-Acid.webp\",\"width\":600,\"height\":600,\"caption\":\"Acide benzo\u00efque\"},{\"@type\":\"BreadcrumbList\",\"@id\":\"https:\/\/theo.niranbio.com\/fr\/acide-benzoique.html#breadcrumb\",\"itemListElement\":[{\"@type\":\"ListItem\",\"position\":1,\"name\":\"Home\",\"item\":\"https:\/\/theo.niranbio.com\/fr\/\"},{\"@type\":\"ListItem\",\"position\":2,\"name\":\"Produits\",\"item\":\"https:\/\/theo.niranbio.com\/fr\/produits.html\"},{\"@type\":\"ListItem\",\"position\":3,\"name\":\"Conservateur\",\"item\":\"https:\/\/theo.niranbio.com\/fr\/produit-conservateur\/\"},{\"@type\":\"ListItem\",\"position\":4,\"name\":\"Acide benzo\u00efque\"}]},{\"@type\":\"WebSite\",\"@id\":\"https:\/\/theo.niranbio.com\/fr\/#website\",\"url\":\"https:\/\/theo.niranbio.com\/fr\/\",\"name\":\"Niranbio Chemical\",\"description\":\"\",\"publisher\":{\"@id\":\"https:\/\/theo.niranbio.com\/fr\/#organization\"},\"potentialAction\":[{\"@type\":\"SearchAction\",\"target\":{\"@type\":\"EntryPoint\",\"urlTemplate\":\"https:\/\/theo.niranbio.com\/fr\/?s={search_term_string}\"},\"query-input\":{\"@type\":\"PropertyValueSpecification\",\"valueRequired\":true,\"valueName\":\"search_term_string\"}}],\"inLanguage\":\"fr-FR\"},{\"@type\":\"Organization\",\"@id\":\"https:\/\/theo.niranbio.com\/fr\/#organization\",\"name\":\"Niranbio Chemical\",\"url\":\"https:\/\/theo.niranbio.com\/fr\/\",\"logo\":{\"@type\":\"ImageObject\",\"inLanguage\":\"fr-FR\",\"@id\":\"https:\/\/theo.niranbio.com\/fr\/#\/schema\/logo\/image\/\",\"url\":\"https:\/\/theo.niranbio.com\/wp-content\/uploads\/2024\/06\/Niranbio.png\",\"contentUrl\":\"https:\/\/theo.niranbio.com\/wp-content\/uploads\/2024\/06\/Niranbio.png\",\"width\":270,\"height\":100,\"caption\":\"Niranbio Chemical\"},\"image\":{\"@id\":\"https:\/\/theo.niranbio.com\/fr\/#\/schema\/logo\/image\/\"}}]}<\/script>\n<!-- \/ Yoast SEO plugin. -->","yoast_head_json":{"title":"Acide benzo\u00efque conservateur, poudre acide benzo\u00efque E210 | Niranbio Chemical","description":"Notre acide benzo\u00efque se pr\u00e9sente sous forme de cristaux blancs ou de poudre, couramment utilis\u00e9s dans les aliments tels que la sauce soja, la confiture, les jus de fruits, les fruits en conserve, les boissons gazeuses, les sauces et les cornichons.","robots":{"index":"noindex","follow":"follow","max-snippet":"max-snippet:-1","max-image-preview":"max-image-preview:large","max-video-preview":"max-video-preview:-1"},"twitter_misc":{"Dur\u00e9e de lecture estim\u00e9e":"4 minutes"},"schema":{"@context":"https:\/\/schema.org","@graph":[{"@type":"WebPage","@id":"https:\/\/theo.niranbio.com\/fr\/acide-benzoique.html","url":"https:\/\/theo.niranbio.com\/fr\/acide-benzoique.html","name":"Acide benzo\u00efque conservateur, poudre acide benzo\u00efque E210 | Niranbio Chemical","isPartOf":{"@id":"https:\/\/theo.niranbio.com\/fr\/#website"},"primaryImageOfPage":{"@id":"https:\/\/theo.niranbio.com\/fr\/acide-benzoique.html#primaryimage"},"image":{"@id":"https:\/\/theo.niranbio.com\/fr\/acide-benzoique.html#primaryimage"},"thumbnailUrl":"https:\/\/theo.niranbio.com\/wp-content\/uploads\/2024\/06\/Benzoic-Acid.webp","datePublished":"2024-06-20T01:43:53+00:00","dateModified":"2024-08-19T05:54:20+00:00","description":"Notre acide benzo\u00efque se pr\u00e9sente sous forme de cristaux blancs ou de poudre, couramment utilis\u00e9s dans les aliments tels que la sauce soja, la confiture, les jus de fruits, les fruits en conserve, les boissons gazeuses, les sauces et les cornichons.","breadcrumb":{"@id":"https:\/\/theo.niranbio.com\/fr\/acide-benzoique.html#breadcrumb"},"inLanguage":"fr-FR","potentialAction":[{"@type":"ReadAction","target":["https:\/\/theo.niranbio.com\/fr\/acide-benzoique.html"]}]},{"@type":"ImageObject","inLanguage":"fr-FR","@id":"https:\/\/theo.niranbio.com\/fr\/acide-benzoique.html#primaryimage","url":"https:\/\/theo.niranbio.com\/wp-content\/uploads\/2024\/06\/Benzoic-Acid.webp","contentUrl":"https:\/\/theo.niranbio.com\/wp-content\/uploads\/2024\/06\/Benzoic-Acid.webp","width":600,"height":600,"caption":"Acide benzo\u00efque"},{"@type":"BreadcrumbList","@id":"https:\/\/theo.niranbio.com\/fr\/acide-benzoique.html#breadcrumb","itemListElement":[{"@type":"ListItem","position":1,"name":"Home","item":"https:\/\/theo.niranbio.com\/fr\/"},{"@type":"ListItem","position":2,"name":"Produits","item":"https:\/\/theo.niranbio.com\/fr\/produits.html"},{"@type":"ListItem","position":3,"name":"Conservateur","item":"https:\/\/theo.niranbio.com\/fr\/produit-conservateur\/"},{"@type":"ListItem","position":4,"name":"Acide benzo\u00efque"}]},{"@type":"WebSite","@id":"https:\/\/theo.niranbio.com\/fr\/#website","url":"https:\/\/theo.niranbio.com\/fr\/","name":"Niranbio Chemical","description":"","publisher":{"@id":"https:\/\/theo.niranbio.com\/fr\/#organization"},"potentialAction":[{"@type":"SearchAction","target":{"@type":"EntryPoint","urlTemplate":"https:\/\/theo.niranbio.com\/fr\/?s={search_term_string}"},"query-input":{"@type":"PropertyValueSpecification","valueRequired":true,"valueName":"search_term_string"}}],"inLanguage":"fr-FR"},{"@type":"Organization","@id":"https:\/\/theo.niranbio.com\/fr\/#organization","name":"Niranbio Chemical","url":"https:\/\/theo.niranbio.com\/fr\/","logo":{"@type":"ImageObject","inLanguage":"fr-FR","@id":"https:\/\/theo.niranbio.com\/fr\/#\/schema\/logo\/image\/","url":"https:\/\/theo.niranbio.com\/wp-content\/uploads\/2024\/06\/Niranbio.png","contentUrl":"https:\/\/theo.niranbio.com\/wp-content\/uploads\/2024\/06\/Niranbio.png","width":270,"height":100,"caption":"Niranbio Chemical"},"image":{"@id":"https:\/\/theo.niranbio.com\/fr\/#\/schema\/logo\/image\/"}}]}},"_links":{"self":[{"href":"https:\/\/theo.niranbio.com\/fr\/wp-json\/wp\/v2\/product\/9733","targetHints":{"allow":["GET"]}}],"collection":[{"href":"https:\/\/theo.niranbio.com\/fr\/wp-json\/wp\/v2\/product"}],"about":[{"href":"https:\/\/theo.niranbio.com\/fr\/wp-json\/wp\/v2\/types\/product"}],"version-history":[{"count":0,"href":"https:\/\/theo.niranbio.com\/fr\/wp-json\/wp\/v2\/product\/9733\/revisions"}],"wp:featuredmedia":[{"embeddable":true,"href":"https:\/\/theo.niranbio.com\/fr\/wp-json\/wp\/v2\/media\/9734"}],"wp:attachment":[{"href":"https:\/\/theo.niranbio.com\/fr\/wp-json\/wp\/v2\/media?parent=9733"}],"wp:term":[{"taxonomy":"product_brand","embeddable":true,"href":"https:\/\/theo.niranbio.com\/fr\/wp-json\/wp\/v2\/product_brand?post=9733"},{"taxonomy":"product_cat","embeddable":true,"href":"https:\/\/theo.niranbio.com\/fr\/wp-json\/wp\/v2\/product_cat?post=9733"},{"taxonomy":"product_tag","embeddable":true,"href":"https:\/\/theo.niranbio.com\/fr\/wp-json\/wp\/v2\/product_tag?post=9733"}],"curies":[{"name":"wp","href":"https:\/\/api.w.org\/{rel}","templated":true}]}}