{"id":9729,"date":"2024-06-20T13:21:11","date_gmt":"2024-06-20T05:21:11","guid":{"rendered":"https:\/\/theo.niranbio.com\/%ce%b2-glucanase\/"},"modified":"2024-08-19T13:10:27","modified_gmt":"2024-08-19T05:10:27","slug":"%ce%b2-glucanase","status":"publish","type":"product","link":"https:\/\/theo.niranbio.com\/fr\/%CE%B2-glucanase.html","title":{"rendered":"\u03b2\u2013Glucanase"},"content":{"rendered":"<h2><span class=\"ez-toc-section\" id=\"Quest-ce_que_la_%CE%B2%E2%80%93Glucanase\"><\/span>Qu&rsquo;est-ce que la \u03b2\u2013Glucanase ?<span class=\"ez-toc-section-end\"><\/span><\/h2>\n<p>La \u03b2-glucanase est une endonucl\u00e9ase d&rsquo;apparence poudreuse jaun\u00e2tre ou brune. Ce produit a une large gamme d&rsquo;applications dans les industries des additifs alimentaires et des aliments pour animaux, car il peut d\u00e9composer efficacement le \u03b2-glucane pr\u00e9sent dans les parois cellulaires de l&rsquo;endosperme du bl\u00e9 et des c\u00e9r\u00e9ales. Il existe plusieurs m\u00e9thodes principales pour pr\u00e9parer la \u03b2-glucanase :<\/p>\n<ol>\n<li>La fermentation microbienne est la principale m\u00e9thode de production de \u03b2-glucanase. Cette m\u00e9thode utilise des micro-organismes sp\u00e9cifiques, tels que des bact\u00e9ries et des champignons, pour fermenter dans des conditions appropri\u00e9es et contr\u00f4le des param\u00e8tres tels que la temp\u00e9rature, le pH et l&rsquo;apport d&rsquo;oxyg\u00e8ne pendant le processus de fermentation pour favoriser la production d&rsquo;enzymes. Par exemple, des micro-organismes tels que Bacillus subtilis, Aspergillus niger et Penicillium ibregano sont utilis\u00e9s pour produire de la \u03b2-glucanase. Cette m\u00e9thode est non seulement peu co\u00fbteuse, mais \u00e9galement capable de production \u00e0 grande \u00e9chelle, elle est donc plus courante dans les applications pratiques.<\/li>\n<li>Bien que la synth\u00e8se chimique ne soit pas une m\u00e9thode courante, elle est \u00e9galement utilis\u00e9e dans certains cas sp\u00e9cifiques. Cette m\u00e9thode implique g\u00e9n\u00e9ralement des processus chimiques complexes, qui peuvent inclure des r\u00e9actions chimiques sp\u00e9cifiques et des \u00e9tapes de purification pour obtenir la \u03b2-glucanase souhait\u00e9e. Cependant, cette m\u00e9thode est g\u00e9n\u00e9ralement co\u00fbteuse et peut impliquer des op\u00e9rations et des processus de purification compliqu\u00e9s, elle est donc rarement utilis\u00e9e dans la production industrielle.<\/li>\n<\/ol>\n<h2><span class=\"ez-toc-section\" id=\"Dosage_recommande\"><\/span><strong><b>Dosage recommand\u00e9 :<\/b><\/strong><span class=\"ez-toc-section-end\"><\/span><\/h2>\n<table>\n<tbody>\n<tr>\n<td><strong>Nom de l&rsquo;aliment<\/strong><\/td>\n<td><strong>Utilisation maximale (g\/kg)<\/strong><\/td>\n<\/tr>\n<tr>\n<td>Pain et biscuits<\/td>\n<td>0,1-0,5 g\/kg<\/td>\n<\/tr>\n<tr>\n<td>Produits laitiers<\/td>\n<td>0,05-0,2 g\/kg<\/td>\n<\/tr>\n<tr>\n<td>Boissons aux fruits<\/td>\n<td>0,02-0,1 g\/kg<\/td>\n<\/tr>\n<tr>\n<td>Produits \u00e0 base de viande<\/td>\n<td>0,1-0,5 g\/kg<\/td>\n<\/tr>\n<tr>\n<td>Bi\u00e8re<\/td>\n<td>0,02-0,1 g\/kg<\/td>\n<\/tr>\n<tr>\n<td>Assaisonnements et sauces<\/td>\n<td>0,05-0,2 g\/kg<\/td>\n<\/tr>\n<tr>\n<td>Bonbons et chocolat<\/td>\n<td>0,1-0,5 g\/kg<\/td>\n<\/tr>\n<tr>\n<td>Produits \u00e0 base de prot\u00e9ines v\u00e9g\u00e9tales<\/td>\n<td>0,1-0,5 g\/kg<\/td>\n<\/tr>\n<tr>\n<td>Aliments pr\u00eats \u00e0 l&#8217;emploi<\/td>\n<td>0,1-0,5 g\/kg<\/td>\n<\/tr>\n<tr>\n<td>Vinaigrettes et salades<\/td>\n<td>0,05-0,2 g\/kg<\/td>\n<\/tr>\n<tr>\n<td>Boissons \u00e0 base de bact\u00e9ries lactiques<\/td>\n<td>0,02-0,1 g\/kg<\/td>\n<\/tr>\n<tr>\n<td>M\u00e9langes pour p\u00e2tisserie<\/td>\n<td>0,1-0,5 g\/kg<\/td>\n<\/tr>\n<\/tbody>\n<\/table>\n<h2><span class=\"ez-toc-section\" id=\"La_%CE%B2-glucanase_a_un_large_eventail_dutilisations\"><\/span>La \u03b2-glucanase a un large \u00e9ventail d&rsquo;utilisations<span class=\"ez-toc-section-end\"><\/span><\/h2>\n<ol>\n<li>Am\u00e9liorer les performances de transformation des aliments : dans les produits \u00e0 base de p\u00e2te tels que le pain et les biscuits, la \u03b2-glucanase peut d\u00e9grader le \u03b2-glucane dans la farine, r\u00e9duire le caract\u00e8re collant de la p\u00e2te, am\u00e9liorer ses performances de transformation et rendre la p\u00e2te plus facile \u00e0 travailler et \u00e0 fa\u00e7onner.<\/li>\n<li>Am\u00e9liorer la texture et le go\u00fbt des aliments : dans le pain et d&rsquo;autres produits \u00e0 base de farine, la \u03b2-glucanase peut am\u00e9liorer le go\u00fbt du pain, le rendant plus doux et plus moelleux, et \u00e9galement contribuer \u00e0 am\u00e9liorer la texture et le go\u00fbt g\u00e9n\u00e9ral du produit.<\/li>\n<li>Favoriser la digestion des aliments et l&rsquo;absorption des nutriments : dans la transformation des aliments tels que les c\u00e9r\u00e9ales et les flocons d&rsquo;avoine, la \u03b2-glucanase peut d\u00e9grader le \u03b2-glucane dans les c\u00e9r\u00e9ales, rendant les nutriments qu&rsquo;elles contiennent plus faciles \u00e0 dig\u00e9rer et \u00e0 absorber, am\u00e9liorant ainsi la valeur nutritionnelle des aliments.<\/li>\n<li>Am\u00e9liorer la teneur en \u03b2-glucane du malt : dans la production de bi\u00e8re, le malt contient un niveau \u00e9lev\u00e9 de \u03b2-glucane. La \u03b2-glucanase peut d\u00e9grader efficacement ces polysaccharides, ce qui contribue \u00e0 am\u00e9liorer les performances de filtration et l\u2019efficacit\u00e9 de brassage du mo\u00fbt.<\/li>\n<li>Am\u00e9liorer la stabilit\u00e9 et le go\u00fbt des produits laitiers : Dans la transformation des produits laitiers, tels que le yaourt et le fromage, la \u03b2-glucanase peut d\u00e9grader le \u03b2-glucane dans le lait, am\u00e9liorer la stabilit\u00e9 et le go\u00fbt du produit et am\u00e9liorer l&rsquo;exp\u00e9rience gustative.<\/li>\n<\/ol>\n<h2><span class=\"ez-toc-section\" id=\"Question_posee_par_lutilisateur\"><\/span>Question pos\u00e9e par l&rsquo;utilisateur :<span class=\"ez-toc-section-end\"><\/span><\/h2>\n<p>Question : Quelle est la diff\u00e9rence entre le \u03b2-glucane et la \u03b2-glucanase ?<\/p>\n<p>R\u00e9ponse : Le \u03b2-glucane est un compos\u00e9 polysaccharidique pr\u00e9sent dans les mati\u00e8res premi\u00e8res alimentaires, telles que l&rsquo;orge et l&rsquo;avoine, et qui affecte la texture et les propri\u00e9t\u00e9s nutritionnelles des aliments. La \u03b2-glucanase est une enzyme qui peut d\u00e9grader les mol\u00e9cules de \u03b2-glucane et les d\u00e9composer en composants plus petits pour am\u00e9liorer les performances de transformation et l&rsquo;absorption des nutriments des aliments. Elle est g\u00e9n\u00e9ralement ajout\u00e9e lors de la transformation des aliments. Par cons\u00e9quent, la diff\u00e9rence essentielle entre eux est que le premier est un ingr\u00e9dient des aliments et le second est une enzyme fonctionnelle utilis\u00e9e dans la transformation des aliments.<\/p>\n","protected":false},"excerpt":{"rendered":"<ul>\n<li>CAS : 9025-70-1<\/li>\n<li>Certifications : KOSHER, ISO, HALAL, FSSC 22000, BRC, etc.<\/li>\n<li>Quantit\u00e9 minimum de commande : 1000 kg<\/li>\n<li>Dur\u00e9e de conservation : 2 ans<\/li>\n<\/ul>\n","protected":false},"featured_media":9730,"template":"","meta":{"site-sidebar-layout":"default","site-content-layout":"","ast-site-content-layout":"default","site-content-style":"default","site-sidebar-style":"default","ast-global-header-display":"","ast-banner-title-visibility":"","ast-main-header-display":"","ast-hfb-above-header-display":"","ast-hfb-below-header-display":"","ast-hfb-mobile-header-display":"","site-post-title":"","ast-breadcrumbs-content":"","ast-featured-img":"","footer-sml-layout":"","theme-transparent-header-meta":"default","adv-header-id-meta":"","stick-header-meta":"","header-above-stick-meta":"","header-main-stick-meta":"","header-below-stick-meta":"","astra-migrate-meta-layouts":"set","ast-page-background-enabled":"default","ast-page-background-meta":{"desktop":{"background-color":"var(--ast-global-color-4)","background-image":"","background-repeat":"repeat","background-position":"center center","background-size":"auto","background-attachment":"scroll","background-type":"","background-media":"","overlay-type":"","overlay-color":"","overlay-opacity":"","overlay-gradient":""},"tablet":{"background-color":"","background-image":"","background-repeat":"repeat","background-position":"center center","background-size":"auto","background-attachment":"scroll","background-type":"","background-media":"","overlay-type":"","overlay-color":"","overlay-opacity":"","overlay-gradient":""},"mobile":{"background-color":"","background-image":"","background-repeat":"repeat","background-position":"center center","background-size":"auto","background-attachment":"scroll","background-type":"","background-media":"","overlay-type":"","overlay-color":"","overlay-opacity":"","overlay-gradient":""}},"ast-content-background-meta":{"desktop":{"background-color":"var(--ast-global-color-5)","background-image":"","background-repeat":"repeat","background-position":"center center","background-size":"auto","background-attachment":"scroll","background-type":"","background-media":"","overlay-type":"","overlay-color":"","overlay-opacity":"","overlay-gradient":""},"tablet":{"background-color":"var(--ast-global-color-5)","background-image":"","background-repeat":"repeat","background-position":"center center","background-size":"auto","background-attachment":"scroll","background-type":"","background-media":"","overlay-type":"","overlay-color":"","overlay-opacity":"","overlay-gradient":""},"mobile":{"background-color":"var(--ast-global-color-5)","background-image":"","background-repeat":"repeat","background-position":"center center","background-size":"auto","background-attachment":"scroll","background-type":"","background-media":"","overlay-type":"","overlay-color":"","overlay-opacity":"","overlay-gradient":""}}},"product_brand":[],"product_cat":[107],"product_tag":[],"class_list":{"0":"post-9729","1":"product","2":"type-product","3":"status-publish","4":"has-post-thumbnail","6":"product_cat-autres-ingredients-alimentaires-produit","7":"desktop-align-center","8":"tablet-align-left","9":"mobile-align-left","11":"first","12":"instock","13":"shipping-taxable","14":"product-type-simple"},"yoast_head":"<!-- This site is optimized with the Yoast SEO plugin v26.5 - https:\/\/yoast.com\/wordpress\/plugins\/seo\/ -->\n<title>Fournisseur de poudre de b\u00eata-glucanase| Niranbio Chemical<\/title>\n<meta name=\"description\" content=\"Notre \u03b2-glucanase (CAS 9025-70-1) a une apparence de poudre jaun\u00e2tre ou brune et poss\u00e8de une large gamme d&#039;applications dans les industries des additifs alimentaires et des aliments pour animaux.\" \/>\n<meta name=\"robots\" content=\"noindex, follow, max-snippet:-1, max-image-preview:large, max-video-preview:-1\" \/>\n<meta name=\"twitter:label1\" content=\"Dur\u00e9e de lecture estim\u00e9e\" \/>\n\t<meta name=\"twitter:data1\" content=\"4 minutes\" \/>\n<script type=\"application\/ld+json\" class=\"yoast-schema-graph\">{\"@context\":\"https:\/\/schema.org\",\"@graph\":[{\"@type\":\"WebPage\",\"@id\":\"https:\/\/theo.niranbio.com\/fr\/%CE%B2-glucanase.html\",\"url\":\"https:\/\/theo.niranbio.com\/fr\/%CE%B2-glucanase.html\",\"name\":\"Fournisseur de poudre de b\u00eata-glucanase| Niranbio Chemical\",\"isPartOf\":{\"@id\":\"https:\/\/theo.niranbio.com\/fr\/#website\"},\"primaryImageOfPage\":{\"@id\":\"https:\/\/theo.niranbio.com\/fr\/%CE%B2-glucanase.html#primaryimage\"},\"image\":{\"@id\":\"https:\/\/theo.niranbio.com\/fr\/%CE%B2-glucanase.html#primaryimage\"},\"thumbnailUrl\":\"https:\/\/theo.niranbio.com\/wp-content\/uploads\/2024\/06\/Beta-Glucanase.webp\",\"datePublished\":\"2024-06-20T05:21:11+00:00\",\"dateModified\":\"2024-08-19T05:10:27+00:00\",\"description\":\"Notre \u03b2-glucanase (CAS 9025-70-1) a une apparence de poudre jaun\u00e2tre ou brune et poss\u00e8de une large gamme d'applications dans les industries des additifs alimentaires et des aliments pour animaux.\",\"breadcrumb\":{\"@id\":\"https:\/\/theo.niranbio.com\/fr\/%CE%B2-glucanase.html#breadcrumb\"},\"inLanguage\":\"fr-FR\",\"potentialAction\":[{\"@type\":\"ReadAction\",\"target\":[\"https:\/\/theo.niranbio.com\/fr\/%CE%B2-glucanase.html\"]}]},{\"@type\":\"ImageObject\",\"inLanguage\":\"fr-FR\",\"@id\":\"https:\/\/theo.niranbio.com\/fr\/%CE%B2-glucanase.html#primaryimage\",\"url\":\"https:\/\/theo.niranbio.com\/wp-content\/uploads\/2024\/06\/Beta-Glucanase.webp\",\"contentUrl\":\"https:\/\/theo.niranbio.com\/wp-content\/uploads\/2024\/06\/Beta-Glucanase.webp\",\"width\":600,\"height\":600,\"caption\":\"B\u00eata-glucanase\"},{\"@type\":\"BreadcrumbList\",\"@id\":\"https:\/\/theo.niranbio.com\/fr\/%CE%B2-glucanase.html#breadcrumb\",\"itemListElement\":[{\"@type\":\"ListItem\",\"position\":1,\"name\":\"Home\",\"item\":\"https:\/\/theo.niranbio.com\/fr\/\"},{\"@type\":\"ListItem\",\"position\":2,\"name\":\"Produits\",\"item\":\"https:\/\/theo.niranbio.com\/fr\/produits.html\"},{\"@type\":\"ListItem\",\"position\":3,\"name\":\"Autres Ingr\u00e9dients Alimentaires\",\"item\":\"https:\/\/theo.niranbio.com\/fr\/autres-ingredients-alimentaires-produit\/\"},{\"@type\":\"ListItem\",\"position\":4,\"name\":\"\u03b2\u2013Glucanase\"}]},{\"@type\":\"WebSite\",\"@id\":\"https:\/\/theo.niranbio.com\/fr\/#website\",\"url\":\"https:\/\/theo.niranbio.com\/fr\/\",\"name\":\"Niranbio Chemical\",\"description\":\"\",\"publisher\":{\"@id\":\"https:\/\/theo.niranbio.com\/fr\/#organization\"},\"potentialAction\":[{\"@type\":\"SearchAction\",\"target\":{\"@type\":\"EntryPoint\",\"urlTemplate\":\"https:\/\/theo.niranbio.com\/fr\/?s={search_term_string}\"},\"query-input\":{\"@type\":\"PropertyValueSpecification\",\"valueRequired\":true,\"valueName\":\"search_term_string\"}}],\"inLanguage\":\"fr-FR\"},{\"@type\":\"Organization\",\"@id\":\"https:\/\/theo.niranbio.com\/fr\/#organization\",\"name\":\"Niranbio Chemical\",\"url\":\"https:\/\/theo.niranbio.com\/fr\/\",\"logo\":{\"@type\":\"ImageObject\",\"inLanguage\":\"fr-FR\",\"@id\":\"https:\/\/theo.niranbio.com\/fr\/#\/schema\/logo\/image\/\",\"url\":\"https:\/\/theo.niranbio.com\/wp-content\/uploads\/2024\/06\/Niranbio.png\",\"contentUrl\":\"https:\/\/theo.niranbio.com\/wp-content\/uploads\/2024\/06\/Niranbio.png\",\"width\":270,\"height\":100,\"caption\":\"Niranbio Chemical\"},\"image\":{\"@id\":\"https:\/\/theo.niranbio.com\/fr\/#\/schema\/logo\/image\/\"}}]}<\/script>\n<!-- \/ Yoast SEO plugin. -->","yoast_head_json":{"title":"Fournisseur de poudre de b\u00eata-glucanase| Niranbio Chemical","description":"Notre \u03b2-glucanase (CAS 9025-70-1) a une apparence de poudre jaun\u00e2tre ou brune et poss\u00e8de une large gamme d'applications dans les industries des additifs alimentaires et des aliments pour animaux.","robots":{"index":"noindex","follow":"follow","max-snippet":"max-snippet:-1","max-image-preview":"max-image-preview:large","max-video-preview":"max-video-preview:-1"},"twitter_misc":{"Dur\u00e9e de lecture estim\u00e9e":"4 minutes"},"schema":{"@context":"https:\/\/schema.org","@graph":[{"@type":"WebPage","@id":"https:\/\/theo.niranbio.com\/fr\/%CE%B2-glucanase.html","url":"https:\/\/theo.niranbio.com\/fr\/%CE%B2-glucanase.html","name":"Fournisseur de poudre de b\u00eata-glucanase| Niranbio Chemical","isPartOf":{"@id":"https:\/\/theo.niranbio.com\/fr\/#website"},"primaryImageOfPage":{"@id":"https:\/\/theo.niranbio.com\/fr\/%CE%B2-glucanase.html#primaryimage"},"image":{"@id":"https:\/\/theo.niranbio.com\/fr\/%CE%B2-glucanase.html#primaryimage"},"thumbnailUrl":"https:\/\/theo.niranbio.com\/wp-content\/uploads\/2024\/06\/Beta-Glucanase.webp","datePublished":"2024-06-20T05:21:11+00:00","dateModified":"2024-08-19T05:10:27+00:00","description":"Notre \u03b2-glucanase (CAS 9025-70-1) a une apparence de poudre jaun\u00e2tre ou brune et poss\u00e8de une large gamme d'applications dans les industries des additifs alimentaires et des aliments pour animaux.","breadcrumb":{"@id":"https:\/\/theo.niranbio.com\/fr\/%CE%B2-glucanase.html#breadcrumb"},"inLanguage":"fr-FR","potentialAction":[{"@type":"ReadAction","target":["https:\/\/theo.niranbio.com\/fr\/%CE%B2-glucanase.html"]}]},{"@type":"ImageObject","inLanguage":"fr-FR","@id":"https:\/\/theo.niranbio.com\/fr\/%CE%B2-glucanase.html#primaryimage","url":"https:\/\/theo.niranbio.com\/wp-content\/uploads\/2024\/06\/Beta-Glucanase.webp","contentUrl":"https:\/\/theo.niranbio.com\/wp-content\/uploads\/2024\/06\/Beta-Glucanase.webp","width":600,"height":600,"caption":"B\u00eata-glucanase"},{"@type":"BreadcrumbList","@id":"https:\/\/theo.niranbio.com\/fr\/%CE%B2-glucanase.html#breadcrumb","itemListElement":[{"@type":"ListItem","position":1,"name":"Home","item":"https:\/\/theo.niranbio.com\/fr\/"},{"@type":"ListItem","position":2,"name":"Produits","item":"https:\/\/theo.niranbio.com\/fr\/produits.html"},{"@type":"ListItem","position":3,"name":"Autres Ingr\u00e9dients Alimentaires","item":"https:\/\/theo.niranbio.com\/fr\/autres-ingredients-alimentaires-produit\/"},{"@type":"ListItem","position":4,"name":"\u03b2\u2013Glucanase"}]},{"@type":"WebSite","@id":"https:\/\/theo.niranbio.com\/fr\/#website","url":"https:\/\/theo.niranbio.com\/fr\/","name":"Niranbio Chemical","description":"","publisher":{"@id":"https:\/\/theo.niranbio.com\/fr\/#organization"},"potentialAction":[{"@type":"SearchAction","target":{"@type":"EntryPoint","urlTemplate":"https:\/\/theo.niranbio.com\/fr\/?s={search_term_string}"},"query-input":{"@type":"PropertyValueSpecification","valueRequired":true,"valueName":"search_term_string"}}],"inLanguage":"fr-FR"},{"@type":"Organization","@id":"https:\/\/theo.niranbio.com\/fr\/#organization","name":"Niranbio Chemical","url":"https:\/\/theo.niranbio.com\/fr\/","logo":{"@type":"ImageObject","inLanguage":"fr-FR","@id":"https:\/\/theo.niranbio.com\/fr\/#\/schema\/logo\/image\/","url":"https:\/\/theo.niranbio.com\/wp-content\/uploads\/2024\/06\/Niranbio.png","contentUrl":"https:\/\/theo.niranbio.com\/wp-content\/uploads\/2024\/06\/Niranbio.png","width":270,"height":100,"caption":"Niranbio Chemical"},"image":{"@id":"https:\/\/theo.niranbio.com\/fr\/#\/schema\/logo\/image\/"}}]}},"_links":{"self":[{"href":"https:\/\/theo.niranbio.com\/fr\/wp-json\/wp\/v2\/product\/9729","targetHints":{"allow":["GET"]}}],"collection":[{"href":"https:\/\/theo.niranbio.com\/fr\/wp-json\/wp\/v2\/product"}],"about":[{"href":"https:\/\/theo.niranbio.com\/fr\/wp-json\/wp\/v2\/types\/product"}],"version-history":[{"count":0,"href":"https:\/\/theo.niranbio.com\/fr\/wp-json\/wp\/v2\/product\/9729\/revisions"}],"wp:featuredmedia":[{"embeddable":true,"href":"https:\/\/theo.niranbio.com\/fr\/wp-json\/wp\/v2\/media\/9730"}],"wp:attachment":[{"href":"https:\/\/theo.niranbio.com\/fr\/wp-json\/wp\/v2\/media?parent=9729"}],"wp:term":[{"taxonomy":"product_brand","embeddable":true,"href":"https:\/\/theo.niranbio.com\/fr\/wp-json\/wp\/v2\/product_brand?post=9729"},{"taxonomy":"product_cat","embeddable":true,"href":"https:\/\/theo.niranbio.com\/fr\/wp-json\/wp\/v2\/product_cat?post=9729"},{"taxonomy":"product_tag","embeddable":true,"href":"https:\/\/theo.niranbio.com\/fr\/wp-json\/wp\/v2\/product_tag?post=9729"}],"curies":[{"name":"wp","href":"https:\/\/api.w.org\/{rel}","templated":true}]}}