{"id":9715,"date":"2024-06-20T11:19:16","date_gmt":"2024-06-20T03:19:16","guid":{"rendered":"https:\/\/theo.niranbio.com\/d-glucuronolactone\/"},"modified":"2024-08-19T11:50:38","modified_gmt":"2024-08-19T03:50:38","slug":"d-glucuronolactone","status":"publish","type":"product","link":"https:\/\/theo.niranbio.com\/fr\/d-glucuronolactone.html","title":{"rendered":"D-Glucuronolactone"},"content":{"rendered":"<h2><span class=\"ez-toc-section\" id=\"Quest-ce_que_la_D-Glucuronolactone\"><\/span>Qu&rsquo;est-ce que la D-Glucuronolactone ?<span class=\"ez-toc-section-end\"><\/span><\/h2>\n<p>La D-Glucuronolactone est un compos\u00e9 organique, un m\u00e9tabolite du glucose produit dans le foie humain et un composant important du tissu conjonctif. Elle ressemble \u00e0 une poudre blanche et se dissout facilement dans l&rsquo;eau, le m\u00e9thanol et, dans une moindre mesure, l&rsquo;\u00e9thanol. Les industries alimentaires, m\u00e9dicales et autres l&rsquo;utilisent abondamment.<\/p>\n<p>Le processus de pr\u00e9paration principal de la D-Glucuronolactone est la m\u00e9thode d&rsquo;oxydation du glucose, qui oxyde le glucose pour g\u00e9n\u00e9rer de l&rsquo;acide glucuronique, puis le cyclise pour former de la D-glucuronolactone. La deuxi\u00e8me est la m\u00e9thode de l&rsquo;acide ac\u00e9tique, qui utilise l&rsquo;acide ac\u00e9tique comme r\u00e9actif de r\u00e9action pour r\u00e9agir avec le glucose afin de g\u00e9n\u00e9rer de l&rsquo;ac\u00e9tate d&rsquo;acide D-glucuronique, qui est ensuite lactonis\u00e9 pour obtenir de la D-glucuronolactone.<\/p>\n<h2><span class=\"ez-toc-section\" id=\"Dosage_recommande\"><\/span>Dosage recommand\u00e9 :<span class=\"ez-toc-section-end\"><\/span><\/h2>\n<table>\n<tbody>\n<tr>\n<td><strong>Nom de l&rsquo;aliment<\/strong><\/td>\n<td><strong>Utilisation maximale (g\/kg)<\/strong><\/td>\n<\/tr>\n<tr>\n<td>Boissons \u00e9nerg\u00e9tiques<\/td>\n<td>2-3 g\/kg<\/td>\n<\/tr>\n<tr>\n<td>Boissons pour sportifs<\/td>\n<td>1-2 g\/kg<\/td>\n<\/tr>\n<tr>\n<td>Jus de fruits<\/td>\n<td>0,5-1 g\/kg<\/td>\n<\/tr>\n<tr>\n<td>Barres de c\u00e9r\u00e9ales<\/td>\n<td>1-2 g\/kg<\/td>\n<\/tr>\n<tr>\n<td>Barres \u00e0 grignoter<\/td>\n<td>1-2 g\/kg<\/td>\n<\/tr>\n<tr>\n<td>Chewing-gum<\/td>\n<td>0,5-1 g\/kg<\/td>\n<\/tr>\n<tr>\n<td>Gel\u00e9es<\/td>\n<td>0,5-1 g\/kg<\/td>\n<\/tr>\n<tr>\n<td>Cr\u00e8me glac\u00e9e<\/td>\n<td>0,5-1 g\/kg<\/td>\n<\/tr>\n<tr>\n<td>Produits de boulangerie<\/td>\n<td>0,2-0,5 g\/kg<\/td>\n<\/tr>\n<tr>\n<td>Biscuits<\/td>\n<td>0,2-0,5 g\/kg<\/td>\n<\/tr>\n<tr>\n<td>Confiserie<\/td>\n<td>0,5-1 g\/kg<\/td>\n<\/tr>\n<tr>\n<td>Vinaigrettes<\/td>\n<td>0,2-0,5 g\/kg<\/td>\n<\/tr>\n<tr>\n<td>Sauces et condiments<\/td>\n<td>0,2-0,5 g\/kg<\/td>\n<\/tr>\n<\/tbody>\n<\/table>\n<h2><span class=\"ez-toc-section\" id=\"La_D-glucuronolactone_a_une_large_gamme_dutilisations\"><\/span>La D-glucuronolactone a une large gamme d&rsquo;utilisations<span class=\"ez-toc-section-end\"><\/span><\/h2>\n<ol>\n<li>D\u00e9toxification : La D-glucuronolactone joue un r\u00f4le dans les processus de d\u00e9toxification de l&rsquo;organisme en se combinant \u00e0 des substances toxiques, notamment des m\u00e9dicaments et des toxines environnementales, pour former des glucuronides qui sont excr\u00e9t\u00e9s dans l&rsquo;urine.<\/li>\n<li>Boost \u00e9nerg\u00e9tique : Elle est g\u00e9n\u00e9ralement incluse dans les boissons \u00e9nergisantes car on pense qu&rsquo;elle contribue \u00e0 am\u00e9liorer les niveaux d&rsquo;\u00e9nergie, \u00e0 r\u00e9duire la fatigue et \u00e0 am\u00e9liorer les performances physiques.<\/li>\n<li>Fonction cognitive : Certaines \u00e9tudes sugg\u00e8rent que la D-glucuronolactone peut aider \u00e0 am\u00e9liorer la concentration et la clart\u00e9 mentale, c&rsquo;est pourquoi on la trouve souvent dans les compl\u00e9ments alimentaires d&rsquo;am\u00e9lioration cognitive.<\/li>\n<li>Sant\u00e9 du foie : Elle favorise une fonction h\u00e9patique saine et peut prot\u00e9ger le foie des dommages li\u00e9s \u00e0 la toxicit\u00e9.<\/li>\n<li>Sant\u00e9 des articulations et des tissus conjonctifs : La D-glucuronolactone est un pr\u00e9curseur de la glucosamine, qui est importante pour maintenir des articulations et des tissus conjonctifs sains.<\/li>\n<\/ol>\n<h2><span class=\"ez-toc-section\" id=\"Question_posee_par_lutilisateur\"><\/span>Question pos\u00e9e par l&rsquo;utilisateur :<span class=\"ez-toc-section-end\"><\/span><\/h2>\n<p>Effets positifs de la D-Glucuronolactone<\/p>\n<ul>\n<li>D\u00e9toxification : la D-glucuronolactone aide \u00e0 la d\u00e9toxification en aidant le foie \u00e0 traiter et \u00e0 \u00e9liminer les toxines.<\/li>\n<li>\u00c9nergie et vigilance : c&rsquo;est un ingr\u00e9dient courant dans les boissons \u00e9nergisantes car on pense qu&rsquo;il aide \u00e0 r\u00e9duire la fatigue et \u00e0 augmenter les niveaux d&rsquo;\u00e9nergie. Cela peut am\u00e9liorer les performances physiques et am\u00e9liorer la vigilance.<\/li>\n<li>Fonction cognitive : la D-glucuronolactone peut aider \u00e0 soutenir la fonction cognitive, selon certaines recherches.<\/li>\n<li>Sant\u00e9 du foie : la D-glucuronolactone peut aider \u00e0 pr\u00e9server la sant\u00e9 du foie et \u00e0 prot\u00e9ger le foie des dommages caus\u00e9s par diff\u00e9rentes toxines en favorisant les m\u00e9canismes de d\u00e9toxification.<\/li>\n<li>Sant\u00e9 des articulations et des tissus conjonctifs : elle contribue au maintien de tissus conjonctifs et d&rsquo;articulations solides en tant que pr\u00e9curseur de la glucosamine, ce qui peut avoir des effets positifs sur la sant\u00e9 et la mobilit\u00e9 des articulations.<\/li>\n<\/ul>\n<p>Effets positifs de la D-glucuronolactone Risques potentiels et effets secondaires<\/p>\n<ul>\n<li>Consommation excessive : la consommation de grandes quantit\u00e9s de D-glucuronolactone, notamment par le biais de boissons \u00e9nergisantes, peut entra\u00eener des effets n\u00e9gatifs. Il s&rsquo;agit notamment d&rsquo;insomnie, de nervosit\u00e9, de maux de t\u00eate et de troubles gastro-intestinaux.<\/li>\n<li>Effets cardiovasculaires : des doses \u00e9lev\u00e9es peuvent provoquer des palpitations, une augmentation de la pression art\u00e9rielle et une acc\u00e9l\u00e9ration du rythme cardiaque, en particulier lorsqu&rsquo;elles sont associ\u00e9es \u00e0 d&rsquo;autres stimulants comme la caf\u00e9ine.<\/li>\n<li>Recherches limit\u00e9es : bien que g\u00e9n\u00e9ralement consid\u00e9r\u00e9e comme s\u00fbre, les \u00e9tudes compl\u00e8tes \u00e0 long terme sur les effets de la D-glucuronolactone sont limit\u00e9es. Par cons\u00e9quent, une utilisation extr\u00eame ou prolong\u00e9e doit \u00eatre manipul\u00e9e avec pr\u00e9caution.<\/li>\n<\/ul>\n","protected":false},"excerpt":{"rendered":"<ul>\n<li>CAS : 32449-92-6<\/li>\n<li>Formule chimique: C<sub>6<\/sub>H<sub>8<\/sub>O<sub>6<\/sub><\/li>\n<li>Certifications : KOSHER, ISO, HALAL, FSSC 22000, BRC, etc.<\/li>\n<li>Quantit\u00e9 minimum de commande : 1000 kg<\/li>\n<li>Dur\u00e9e de conservation : 2 ans<\/li>\n<\/ul>\n","protected":false},"featured_media":9717,"template":"","meta":{"site-sidebar-layout":"default","site-content-layout":"","ast-site-content-layout":"default","site-content-style":"default","site-sidebar-style":"default","ast-global-header-display":"","ast-banner-title-visibility":"","ast-main-header-display":"","ast-hfb-above-header-display":"","ast-hfb-below-header-display":"","ast-hfb-mobile-header-display":"","site-post-title":"","ast-breadcrumbs-content":"","ast-featured-img":"","footer-sml-layout":"","theme-transparent-header-meta":"default","adv-header-id-meta":"","stick-header-meta":"","header-above-stick-meta":"","header-main-stick-meta":"","header-below-stick-meta":"","astra-migrate-meta-layouts":"set","ast-page-background-enabled":"default","ast-page-background-meta":{"desktop":{"background-color":"var(--ast-global-color-4)","background-image":"","background-repeat":"repeat","background-position":"center center","background-size":"auto","background-attachment":"scroll","background-type":"","background-media":"","overlay-type":"","overlay-color":"","overlay-opacity":"","overlay-gradient":""},"tablet":{"background-color":"","background-image":"","background-repeat":"repeat","background-position":"center center","background-size":"auto","background-attachment":"scroll","background-type":"","background-media":"","overlay-type":"","overlay-color":"","overlay-opacity":"","overlay-gradient":""},"mobile":{"background-color":"","background-image":"","background-repeat":"repeat","background-position":"center center","background-size":"auto","background-attachment":"scroll","background-type":"","background-media":"","overlay-type":"","overlay-color":"","overlay-opacity":"","overlay-gradient":""}},"ast-content-background-meta":{"desktop":{"background-color":"var(--ast-global-color-5)","background-image":"","background-repeat":"repeat","background-position":"center center","background-size":"auto","background-attachment":"scroll","background-type":"","background-media":"","overlay-type":"","overlay-color":"","overlay-opacity":"","overlay-gradient":""},"tablet":{"background-color":"var(--ast-global-color-5)","background-image":"","background-repeat":"repeat","background-position":"center center","background-size":"auto","background-attachment":"scroll","background-type":"","background-media":"","overlay-type":"","overlay-color":"","overlay-opacity":"","overlay-gradient":""},"mobile":{"background-color":"var(--ast-global-color-5)","background-image":"","background-repeat":"repeat","background-position":"center center","background-size":"auto","background-attachment":"scroll","background-type":"","background-media":"","overlay-type":"","overlay-color":"","overlay-opacity":"","overlay-gradient":""}}},"product_brand":[],"product_cat":[106],"product_tag":[],"class_list":{"0":"post-9715","1":"product","2":"type-product","3":"status-publish","4":"has-post-thumbnail","6":"product_cat-produit-ameliorant-la-nutrition","7":"desktop-align-center","8":"tablet-align-left","9":"mobile-align-left","11":"first","12":"instock","13":"shipping-taxable","14":"product-type-simple"},"yoast_head":"<!-- This site is optimized with the Yoast SEO plugin v26.5 - https:\/\/yoast.com\/wordpress\/plugins\/seo\/ -->\n<title>Poudre de D-Glucuronolactone E575, Fabricant de D-Glucuronolactone | Niranbio Chemical<\/title>\n<meta name=\"description\" content=\"Notre D-Glucuronolactone est une poudre blanche qui se dissout facilement dans l&#039;eau, le m\u00e9thanol et, dans une moindre mesure, l&#039;\u00e9thanol. Les industries alimentaires et m\u00e9dicales l&#039;utilisent abondamment.\" \/>\n<meta name=\"robots\" content=\"noindex, follow, max-snippet:-1, max-image-preview:large, max-video-preview:-1\" \/>\n<meta name=\"twitter:label1\" content=\"Dur\u00e9e de lecture estim\u00e9e\" \/>\n\t<meta name=\"twitter:data1\" content=\"3 minutes\" \/>\n<script type=\"application\/ld+json\" class=\"yoast-schema-graph\">{\"@context\":\"https:\/\/schema.org\",\"@graph\":[{\"@type\":\"WebPage\",\"@id\":\"https:\/\/theo.niranbio.com\/fr\/d-glucuronolactone.html\",\"url\":\"https:\/\/theo.niranbio.com\/fr\/d-glucuronolactone.html\",\"name\":\"Poudre de D-Glucuronolactone E575, Fabricant de D-Glucuronolactone | Niranbio Chemical\",\"isPartOf\":{\"@id\":\"https:\/\/theo.niranbio.com\/fr\/#website\"},\"primaryImageOfPage\":{\"@id\":\"https:\/\/theo.niranbio.com\/fr\/d-glucuronolactone.html#primaryimage\"},\"image\":{\"@id\":\"https:\/\/theo.niranbio.com\/fr\/d-glucuronolactone.html#primaryimage\"},\"thumbnailUrl\":\"https:\/\/theo.niranbio.com\/wp-content\/uploads\/2024\/06\/D-Glucuronolactone.webp\",\"datePublished\":\"2024-06-20T03:19:16+00:00\",\"dateModified\":\"2024-08-19T03:50:38+00:00\",\"description\":\"Notre D-Glucuronolactone est une poudre blanche qui se dissout facilement dans l'eau, le m\u00e9thanol et, dans une moindre mesure, l'\u00e9thanol. Les industries alimentaires et m\u00e9dicales l'utilisent abondamment.\",\"breadcrumb\":{\"@id\":\"https:\/\/theo.niranbio.com\/fr\/d-glucuronolactone.html#breadcrumb\"},\"inLanguage\":\"fr-FR\",\"potentialAction\":[{\"@type\":\"ReadAction\",\"target\":[\"https:\/\/theo.niranbio.com\/fr\/d-glucuronolactone.html\"]}]},{\"@type\":\"ImageObject\",\"inLanguage\":\"fr-FR\",\"@id\":\"https:\/\/theo.niranbio.com\/fr\/d-glucuronolactone.html#primaryimage\",\"url\":\"https:\/\/theo.niranbio.com\/wp-content\/uploads\/2024\/06\/D-Glucuronolactone.webp\",\"contentUrl\":\"https:\/\/theo.niranbio.com\/wp-content\/uploads\/2024\/06\/D-Glucuronolactone.webp\",\"width\":600,\"height\":600,\"caption\":\"D-Glucuronolactone\"},{\"@type\":\"BreadcrumbList\",\"@id\":\"https:\/\/theo.niranbio.com\/fr\/d-glucuronolactone.html#breadcrumb\",\"itemListElement\":[{\"@type\":\"ListItem\",\"position\":1,\"name\":\"Home\",\"item\":\"https:\/\/theo.niranbio.com\/fr\/\"},{\"@type\":\"ListItem\",\"position\":2,\"name\":\"Produits\",\"item\":\"https:\/\/theo.niranbio.com\/fr\/produits.html\"},{\"@type\":\"ListItem\",\"position\":3,\"name\":\"Am\u00e9liorant la Nutrition\",\"item\":\"https:\/\/theo.niranbio.com\/fr\/produit-ameliorant-la-nutrition\/\"},{\"@type\":\"ListItem\",\"position\":4,\"name\":\"D-Glucuronolactone\"}]},{\"@type\":\"WebSite\",\"@id\":\"https:\/\/theo.niranbio.com\/fr\/#website\",\"url\":\"https:\/\/theo.niranbio.com\/fr\/\",\"name\":\"Niranbio Chemical\",\"description\":\"\",\"publisher\":{\"@id\":\"https:\/\/theo.niranbio.com\/fr\/#organization\"},\"potentialAction\":[{\"@type\":\"SearchAction\",\"target\":{\"@type\":\"EntryPoint\",\"urlTemplate\":\"https:\/\/theo.niranbio.com\/fr\/?s={search_term_string}\"},\"query-input\":{\"@type\":\"PropertyValueSpecification\",\"valueRequired\":true,\"valueName\":\"search_term_string\"}}],\"inLanguage\":\"fr-FR\"},{\"@type\":\"Organization\",\"@id\":\"https:\/\/theo.niranbio.com\/fr\/#organization\",\"name\":\"Niranbio Chemical\",\"url\":\"https:\/\/theo.niranbio.com\/fr\/\",\"logo\":{\"@type\":\"ImageObject\",\"inLanguage\":\"fr-FR\",\"@id\":\"https:\/\/theo.niranbio.com\/fr\/#\/schema\/logo\/image\/\",\"url\":\"https:\/\/theo.niranbio.com\/wp-content\/uploads\/2024\/06\/Niranbio.png\",\"contentUrl\":\"https:\/\/theo.niranbio.com\/wp-content\/uploads\/2024\/06\/Niranbio.png\",\"width\":270,\"height\":100,\"caption\":\"Niranbio Chemical\"},\"image\":{\"@id\":\"https:\/\/theo.niranbio.com\/fr\/#\/schema\/logo\/image\/\"}}]}<\/script>\n<!-- \/ Yoast SEO plugin. -->","yoast_head_json":{"title":"Poudre de D-Glucuronolactone E575, Fabricant de D-Glucuronolactone | Niranbio Chemical","description":"Notre D-Glucuronolactone est une poudre blanche qui se dissout facilement dans l'eau, le m\u00e9thanol et, dans une moindre mesure, l'\u00e9thanol. Les industries alimentaires et m\u00e9dicales l'utilisent abondamment.","robots":{"index":"noindex","follow":"follow","max-snippet":"max-snippet:-1","max-image-preview":"max-image-preview:large","max-video-preview":"max-video-preview:-1"},"twitter_misc":{"Dur\u00e9e de lecture estim\u00e9e":"3 minutes"},"schema":{"@context":"https:\/\/schema.org","@graph":[{"@type":"WebPage","@id":"https:\/\/theo.niranbio.com\/fr\/d-glucuronolactone.html","url":"https:\/\/theo.niranbio.com\/fr\/d-glucuronolactone.html","name":"Poudre de D-Glucuronolactone E575, Fabricant de D-Glucuronolactone | Niranbio Chemical","isPartOf":{"@id":"https:\/\/theo.niranbio.com\/fr\/#website"},"primaryImageOfPage":{"@id":"https:\/\/theo.niranbio.com\/fr\/d-glucuronolactone.html#primaryimage"},"image":{"@id":"https:\/\/theo.niranbio.com\/fr\/d-glucuronolactone.html#primaryimage"},"thumbnailUrl":"https:\/\/theo.niranbio.com\/wp-content\/uploads\/2024\/06\/D-Glucuronolactone.webp","datePublished":"2024-06-20T03:19:16+00:00","dateModified":"2024-08-19T03:50:38+00:00","description":"Notre D-Glucuronolactone est une poudre blanche qui se dissout facilement dans l'eau, le m\u00e9thanol et, dans une moindre mesure, l'\u00e9thanol. Les industries alimentaires et m\u00e9dicales l'utilisent abondamment.","breadcrumb":{"@id":"https:\/\/theo.niranbio.com\/fr\/d-glucuronolactone.html#breadcrumb"},"inLanguage":"fr-FR","potentialAction":[{"@type":"ReadAction","target":["https:\/\/theo.niranbio.com\/fr\/d-glucuronolactone.html"]}]},{"@type":"ImageObject","inLanguage":"fr-FR","@id":"https:\/\/theo.niranbio.com\/fr\/d-glucuronolactone.html#primaryimage","url":"https:\/\/theo.niranbio.com\/wp-content\/uploads\/2024\/06\/D-Glucuronolactone.webp","contentUrl":"https:\/\/theo.niranbio.com\/wp-content\/uploads\/2024\/06\/D-Glucuronolactone.webp","width":600,"height":600,"caption":"D-Glucuronolactone"},{"@type":"BreadcrumbList","@id":"https:\/\/theo.niranbio.com\/fr\/d-glucuronolactone.html#breadcrumb","itemListElement":[{"@type":"ListItem","position":1,"name":"Home","item":"https:\/\/theo.niranbio.com\/fr\/"},{"@type":"ListItem","position":2,"name":"Produits","item":"https:\/\/theo.niranbio.com\/fr\/produits.html"},{"@type":"ListItem","position":3,"name":"Am\u00e9liorant la Nutrition","item":"https:\/\/theo.niranbio.com\/fr\/produit-ameliorant-la-nutrition\/"},{"@type":"ListItem","position":4,"name":"D-Glucuronolactone"}]},{"@type":"WebSite","@id":"https:\/\/theo.niranbio.com\/fr\/#website","url":"https:\/\/theo.niranbio.com\/fr\/","name":"Niranbio Chemical","description":"","publisher":{"@id":"https:\/\/theo.niranbio.com\/fr\/#organization"},"potentialAction":[{"@type":"SearchAction","target":{"@type":"EntryPoint","urlTemplate":"https:\/\/theo.niranbio.com\/fr\/?s={search_term_string}"},"query-input":{"@type":"PropertyValueSpecification","valueRequired":true,"valueName":"search_term_string"}}],"inLanguage":"fr-FR"},{"@type":"Organization","@id":"https:\/\/theo.niranbio.com\/fr\/#organization","name":"Niranbio Chemical","url":"https:\/\/theo.niranbio.com\/fr\/","logo":{"@type":"ImageObject","inLanguage":"fr-FR","@id":"https:\/\/theo.niranbio.com\/fr\/#\/schema\/logo\/image\/","url":"https:\/\/theo.niranbio.com\/wp-content\/uploads\/2024\/06\/Niranbio.png","contentUrl":"https:\/\/theo.niranbio.com\/wp-content\/uploads\/2024\/06\/Niranbio.png","width":270,"height":100,"caption":"Niranbio Chemical"},"image":{"@id":"https:\/\/theo.niranbio.com\/fr\/#\/schema\/logo\/image\/"}}]}},"_links":{"self":[{"href":"https:\/\/theo.niranbio.com\/fr\/wp-json\/wp\/v2\/product\/9715","targetHints":{"allow":["GET"]}}],"collection":[{"href":"https:\/\/theo.niranbio.com\/fr\/wp-json\/wp\/v2\/product"}],"about":[{"href":"https:\/\/theo.niranbio.com\/fr\/wp-json\/wp\/v2\/types\/product"}],"version-history":[{"count":0,"href":"https:\/\/theo.niranbio.com\/fr\/wp-json\/wp\/v2\/product\/9715\/revisions"}],"wp:featuredmedia":[{"embeddable":true,"href":"https:\/\/theo.niranbio.com\/fr\/wp-json\/wp\/v2\/media\/9717"}],"wp:attachment":[{"href":"https:\/\/theo.niranbio.com\/fr\/wp-json\/wp\/v2\/media?parent=9715"}],"wp:term":[{"taxonomy":"product_brand","embeddable":true,"href":"https:\/\/theo.niranbio.com\/fr\/wp-json\/wp\/v2\/product_brand?post=9715"},{"taxonomy":"product_cat","embeddable":true,"href":"https:\/\/theo.niranbio.com\/fr\/wp-json\/wp\/v2\/product_cat?post=9715"},{"taxonomy":"product_tag","embeddable":true,"href":"https:\/\/theo.niranbio.com\/fr\/wp-json\/wp\/v2\/product_tag?post=9715"}],"curies":[{"name":"wp","href":"https:\/\/api.w.org\/{rel}","templated":true}]}}