{"id":9708,"date":"2024-06-20T09:50:45","date_gmt":"2024-06-20T01:50:45","guid":{"rendered":"https:\/\/theo.niranbio.com\/diacetate-de-sodium\/"},"modified":"2024-08-19T13:46:28","modified_gmt":"2024-08-19T05:46:28","slug":"diacetate-de-sodium","status":"publish","type":"product","link":"https:\/\/theo.niranbio.com\/fr\/diacetate-de-sodium.html","title":{"rendered":"Diac\u00e9tate de sodium"},"content":{"rendered":"<h2><span class=\"ez-toc-section\" id=\"Quest-ce_que_le_diacetate_de_sodium\"><\/span>Qu&rsquo;est-ce que le diac\u00e9tate de sodium ?<span class=\"ez-toc-section-end\"><\/span><\/h2>\n<p>Le diac\u00e9tate de sodium est un compos\u00e9 polyvalent utilis\u00e9 dans les aliments et les aliments pour animaux comme inhibiteur de moisissure, acidulant et activateur, caract\u00e9ris\u00e9 par ses propri\u00e9t\u00e9s stables et sa rentabilit\u00e9. Il se pr\u00e9sente sous forme de cristaux blancs \u00e0 l&rsquo;ar\u00f4me d&rsquo;acide ac\u00e9tique, absorbant facilement l&rsquo;humidit\u00e9 et tr\u00e8s soluble dans l&rsquo;eau.<\/p>\n<p>Approuv\u00e9 comme s\u00fbr par la FDA am\u00e9ricaine, il fonctionne efficacement pour pr\u00e9venir la moisissure, pr\u00e9server la fra\u00eecheur, am\u00e9liorer le go\u00fbt, augmenter la valeur nutritionnelle et favoriser la croissance des aliments pour le b\u00e9tail et la volaille. Sa production implique g\u00e9n\u00e9ralement la r\u00e9action de l&rsquo;acide ac\u00e9tique avec l&rsquo;hydroxyde de sodium pour produire de l&rsquo;ac\u00e9tate de sodium, suivie d&rsquo;une cristallisation pour obtenir du diac\u00e9tate de sodium.<\/p>\n<h2><span class=\"ez-toc-section\" id=\"Parametres_associes\"><\/span>Param\u00e8tres associ\u00e9s :<span class=\"ez-toc-section-end\"><\/span><\/h2>\n<table>\n<tbody>\n<tr>\n<td width=\"200\"><strong><b>Nom de l&rsquo;indice<\/b><\/strong><\/td>\n<td width=\"153\"><strong><b>Sp\u00e9cifications FCC V<\/b><\/strong><\/td>\n<td width=\"208\"><strong><b>Sp\u00e9cifications E262\uff08ii\uff09<\/b><\/strong><\/td>\n<\/tr>\n<tr>\n<td width=\"200\">Identification<\/td>\n<td width=\"153\">Test de passage<\/td>\n<td width=\"208\">Test de passage<\/td>\n<\/tr>\n<tr>\n<td width=\"200\">Acide ac\u00e9tique libre %<\/td>\n<td width=\"153\">39.0-41.0.<\/td>\n<td width=\"208\">39.0-41.0<\/td>\n<\/tr>\n<tr>\n<td width=\"200\">Ac\u00e9tate de sodium %<\/td>\n<td width=\"153\">58.0-60.0<\/td>\n<td width=\"208\">58.0-60.0<\/td>\n<\/tr>\n<tr>\n<td width=\"200\">Pourcentage d&rsquo;eau<\/td>\n<td width=\"153\">2,0 max.<\/td>\n<td width=\"208\">2,0 max.<\/td>\n<\/tr>\n<tr>\n<td width=\"200\">PH(solution aqueuse \u00e0 10 %)<\/td>\n<td width=\"153\">4.5-5.0<\/td>\n<td width=\"208\">4.5-5.0<\/td>\n<\/tr>\n<tr>\n<td width=\"200\">Acide formique et mati\u00e8res facilement oxydables %.<\/td>\n<td width=\"153\">\u22640.2<\/td>\n<td width=\"208\">\u22640.1<\/td>\n<\/tr>\n<tr>\n<td width=\"200\">Arsenic(As) mg\/kg<\/td>\n<td width=\"153\">&#8212;&#8212;<\/td>\n<td width=\"208\">3 max<\/td>\n<\/tr>\n<tr>\n<td width=\"200\">Mercure (Hg) mg\/kg<\/td>\n<td width=\"153\">&#8212;&#8212;<\/td>\n<td width=\"208\">1max<\/td>\n<\/tr>\n<tr>\n<td width=\"200\">Plomb\uff08Pb\uff09ppm<\/td>\n<td width=\"153\">2 max.<\/td>\n<td width=\"208\">2 max.<\/td>\n<\/tr>\n<tr>\n<td width=\"200\">M\u00e9taux lourds ppm<\/td>\n<td width=\"153\">10 max.<\/td>\n<td width=\"208\">10 max.<\/td>\n<\/tr>\n<tr>\n<td width=\"200\">Taille des particules<\/td>\n<td width=\"153\">60-120mesh<\/td>\n<td width=\"208\">60-120mesh<\/td>\n<\/tr>\n<\/tbody>\n<\/table>\n<h2><span class=\"ez-toc-section\" id=\"Dosage_recommande\"><\/span><strong><b>Dosage recommand\u00e9<\/b><\/strong><span class=\"ez-toc-section-end\"><\/span><\/h2>\n<table>\n<tbody>\n<tr>\n<td width=\"181\">Nom de l&rsquo;aliment<\/td>\n<td width=\"202\">Utilisation maximale (g\/kg)<\/td>\n<\/tr>\n<tr>\n<td width=\"181\">Tofu s\u00e9ch\u00e9<\/td>\n<td width=\"202\">1g\/kg<\/td>\n<\/tr>\n<tr>\n<td width=\"181\">Produits de tofu s\u00e9ch\u00e9<\/td>\n<td width=\"202\">1g\/kg<\/td>\n<\/tr>\n<tr>\n<td width=\"181\">Grains crus<\/td>\n<td width=\"202\">1g\/kg<\/td>\n<\/tr>\n<tr>\n<td width=\"181\">Perles de tapioca<\/td>\n<td width=\"202\">4g\/kg<\/td>\n<\/tr>\n<tr>\n<td width=\"181\">G\u00e2teaux<\/td>\n<td width=\"202\">4g\/kg<\/td>\n<\/tr>\n<tr>\n<td width=\"181\">Produits carn\u00e9s pr\u00e9fabriqu\u00e9s<\/td>\n<td width=\"202\">3g\/kg<\/td>\n<\/tr>\n<tr>\n<td width=\"181\">Produits de viande cuits<\/td>\n<td width=\"202\">3g\/kg<\/td>\n<\/tr>\n<tr>\n<td width=\"181\">Produits aquatiques cuits (\u00e0 consommer directement)<\/td>\n<td width=\"202\">1g\/kg<\/td>\n<\/tr>\n<tr>\n<td width=\"181\">Assaisonnements<\/td>\n<td width=\"202\">2,5 kg<\/td>\n<\/tr>\n<tr>\n<td width=\"181\">Assaisonnements compos\u00e9s<\/td>\n<td width=\"202\">10g\/kg<\/td>\n<\/tr>\n<tr>\n<td width=\"181\">Aliments en poudre<\/td>\n<td width=\"202\">1g\/kg<\/td>\n<\/tr>\n<\/tbody>\n<\/table>\n<h2><span class=\"ez-toc-section\" id=\"Diacetate_de_sodium_a_une_large_gamme_dutilisations\"><\/span><strong><b>Diac\u00e9tate de sodium<\/b><\/strong><strong><b> a une large gamme d&rsquo;utilisations<\/b><\/strong><span class=\"ez-toc-section-end\"><\/span><\/h2>\n<h3><span class=\"ez-toc-section\" id=\"1_Anti-moisissure\"><\/span>1. Anti-moisissure<span class=\"ez-toc-section-end\"><\/span><\/h3>\n<p>Le diac\u00e9tate de sodium est principalement antibact\u00e9rien gr\u00e2ce \u00e0 la lib\u00e9ration d&rsquo;une mol\u00e9cule unique d&rsquo;acide ac\u00e9tique lorsqu&rsquo;il est dissous dans l&rsquo;eau. L&rsquo;acide ac\u00e9tique monomol\u00e9culaire lib\u00e9r\u00e9 peut p\u00e9n\u00e9trer la paroi cellulaire de la moisissure, p\u00e9n\u00e9trer dans le micro-organisme, interf\u00e9rer avec l&rsquo;interaction des enzymes, d\u00e9naturer la prot\u00e9ine intracellulaire et inhiber la croissance et la reproduction de la moisissure. Il a un bon effet sur le Trichoderma vert, la Listeria, le Rhizopus et l&rsquo;Aspergillus flavus.<\/p>\n<h3><span class=\"ez-toc-section\" id=\"2_Anticorrosion\"><\/span>2. Anticorrosion<span class=\"ez-toc-section-end\"><\/span><\/h3>\n<p>Le diac\u00e9tate de sodium a un certain effet de conservation, qui peut emp\u00eacher les aliments d&rsquo;\u00eatre envahis par divers micro-organismes pendant le stockage \u00e0 long terme, inhiber la survie, la croissance et la reproduction des micro-organismes et emp\u00eacher les aliments de se g\u00e2ter.<\/p>\n<h3><span class=\"ez-toc-section\" id=\"3_Ameliorer_le_gout_des_aliments\"><\/span>3. Am\u00e9liorer le go\u00fbt des aliments<span class=\"ez-toc-section-end\"><\/span><\/h3>\n<p>Le diac\u00e9tate de sodium peut \u00eatre utilis\u00e9 comme acidulant pour ajouter des saveurs sp\u00e9cifiques aux aliments, \u00e9quilibrer le go\u00fbt des aliments, stimuler les papilles gustatives, rendre les aliments plus d\u00e9licieux et am\u00e9liorer le go\u00fbt des aliments en g\u00e9n\u00e9ral.<\/p>\n<h3><span class=\"ez-toc-section\" id=\"4_Desinfection\"><\/span>4. D\u00e9sinfection<span class=\"ez-toc-section-end\"><\/span><\/h3>\n<p>En raison de ses propri\u00e9t\u00e9s chimiques uniques et de son m\u00e9canisme de croissance antimicrobien, les composants du diac\u00e9tate de sodium peuvent p\u00e9n\u00e9trer la paroi cellulaire des micro-organismes pour les d\u00e9naturer, obtenant ainsi l&rsquo;effet de d\u00e9sinfection et d&rsquo;antibact\u00e9rien.<\/p>\n<h2><span class=\"ez-toc-section\" id=\"Question_posee_par_lutilisateur\"><\/span>Question pos\u00e9e par l&rsquo;utilisateur :<span class=\"ez-toc-section-end\"><\/span><\/h2>\n<p>Question : Quelles sont les caract\u00e9ristiques du diac\u00e9tate de sodium en termes d&rsquo;effet anti-moisissure ?<\/p>\n<p>R\u00e9ponse : 1. Ses effets anti-moisissure et anti-corrosion surpassent ceux des benzoates.<\/p>\n<p>2. Le go\u00fbt aigre est doux, surmontant l&rsquo;odeur irritante propre aux propionates.<\/p>\n<p>3. Ses applications sont vastes, couvrant les mesures anti-moisissure et anti-corrosion dans divers aliments. De plus, il trouve une utilisation r\u00e9pandue dans les secteurs pharmaceutique, du tabac, de la fabrication du papier, de la conservation des fruits, de l&rsquo;alimentation animale et d&rsquo;autres secteurs.<\/p>\n<p>4. Ses m\u00e9thodes d&rsquo;application sont pratiques et adaptables, permettant l&rsquo;ajout, la pulv\u00e9risation ou le trempage directs.<\/p>\n<p>5. Il pr\u00e9serve les caract\u00e9ristiques d&rsquo;origine des aliments sans \u00eatre influenc\u00e9 par le pH de l&rsquo;aliment. Il participe activement au m\u00e9tabolisme humain, en produisant du CO2 et du H2O, et s&rsquo;int\u00e8gre parfaitement dans les aliments, en conservant leur couleur, leur ar\u00f4me et leur profil nutritionnel d&rsquo;origine.<\/p>\n","protected":false},"excerpt":{"rendered":"<ul>\n<li>CAS: 126-96-5<\/li>\n<li>Formule chimique : C4H7NaO4*XH2O<\/li>\n<li>Certifications : KOSHER, ISO, HALAL, FSSC 22000, BRC, etc.<\/li>\n<li>Norme : FCC\/E262<\/li>\n<li>Quantit\u00e9 minimum de commande : 1000 kg<\/li>\n<\/ul>\n","protected":false},"featured_media":9709,"template":"","meta":{"site-sidebar-layout":"default","site-content-layout":"","ast-site-content-layout":"default","site-content-style":"default","site-sidebar-style":"default","ast-global-header-display":"","ast-banner-title-visibility":"","ast-main-header-display":"","ast-hfb-above-header-display":"","ast-hfb-below-header-display":"","ast-hfb-mobile-header-display":"","site-post-title":"","ast-breadcrumbs-content":"","ast-featured-img":"","footer-sml-layout":"","theme-transparent-header-meta":"default","adv-header-id-meta":"","stick-header-meta":"","header-above-stick-meta":"","header-main-stick-meta":"","header-below-stick-meta":"","astra-migrate-meta-layouts":"set","ast-page-background-enabled":"default","ast-page-background-meta":{"desktop":{"background-color":"var(--ast-global-color-4)","background-image":"","background-repeat":"repeat","background-position":"center center","background-size":"auto","background-attachment":"scroll","background-type":"","background-media":"","overlay-type":"","overlay-color":"","overlay-opacity":"","overlay-gradient":""},"tablet":{"background-color":"","background-image":"","background-repeat":"repeat","background-position":"center center","background-size":"auto","background-attachment":"scroll","background-type":"","background-media":"","overlay-type":"","overlay-color":"","overlay-opacity":"","overlay-gradient":""},"mobile":{"background-color":"","background-image":"","background-repeat":"repeat","background-position":"center center","background-size":"auto","background-attachment":"scroll","background-type":"","background-media":"","overlay-type":"","overlay-color":"","overlay-opacity":"","overlay-gradient":""}},"ast-content-background-meta":{"desktop":{"background-color":"var(--ast-global-color-5)","background-image":"","background-repeat":"repeat","background-position":"center center","background-size":"auto","background-attachment":"scroll","background-type":"","background-media":"","overlay-type":"","overlay-color":"","overlay-opacity":"","overlay-gradient":""},"tablet":{"background-color":"var(--ast-global-color-5)","background-image":"","background-repeat":"repeat","background-position":"center center","background-size":"auto","background-attachment":"scroll","background-type":"","background-media":"","overlay-type":"","overlay-color":"","overlay-opacity":"","overlay-gradient":""},"mobile":{"background-color":"var(--ast-global-color-5)","background-image":"","background-repeat":"repeat","background-position":"center center","background-size":"auto","background-attachment":"scroll","background-type":"","background-media":"","overlay-type":"","overlay-color":"","overlay-opacity":"","overlay-gradient":""}}},"product_brand":[],"product_cat":[109],"product_tag":[],"class_list":{"0":"post-9708","1":"product","2":"type-product","3":"status-publish","4":"has-post-thumbnail","6":"product_cat-produit-conservateur","7":"desktop-align-center","8":"tablet-align-left","9":"mobile-align-left","11":"first","12":"instock","13":"shipping-taxable","14":"product-type-simple"},"yoast_head":"<!-- This site is optimized with the Yoast SEO plugin v26.5 - https:\/\/yoast.com\/wordpress\/plugins\/seo\/ -->\n<title>Fabricant de diac\u00e9tate de sodium, achetez de la poudre de diac\u00e9tate de sodium E262 | Niranbio Chemical<\/title>\n<meta name=\"description\" content=\"Notre diac\u00e9tate de sodium (E262) se pr\u00e9sente sous forme de cristaux blancs, approuv\u00e9 par la FDA, il fonctionne efficacement pour pr\u00e9venir la moisissure, pr\u00e9server la fra\u00eecheur, am\u00e9liorer le go\u00fbt et augmenter la valeur nutritionnelle.\" \/>\n<meta name=\"robots\" content=\"noindex, follow, max-snippet:-1, max-image-preview:large, max-video-preview:-1\" \/>\n<meta name=\"twitter:label1\" content=\"Dur\u00e9e de lecture estim\u00e9e\" \/>\n\t<meta name=\"twitter:data1\" content=\"3 minutes\" \/>\n<script type=\"application\/ld+json\" class=\"yoast-schema-graph\">{\"@context\":\"https:\/\/schema.org\",\"@graph\":[{\"@type\":\"WebPage\",\"@id\":\"https:\/\/theo.niranbio.com\/fr\/diacetate-de-sodium.html\",\"url\":\"https:\/\/theo.niranbio.com\/fr\/diacetate-de-sodium.html\",\"name\":\"Fabricant de diac\u00e9tate de sodium, achetez de la poudre de diac\u00e9tate de sodium E262 | Niranbio Chemical\",\"isPartOf\":{\"@id\":\"https:\/\/theo.niranbio.com\/fr\/#website\"},\"primaryImageOfPage\":{\"@id\":\"https:\/\/theo.niranbio.com\/fr\/diacetate-de-sodium.html#primaryimage\"},\"image\":{\"@id\":\"https:\/\/theo.niranbio.com\/fr\/diacetate-de-sodium.html#primaryimage\"},\"thumbnailUrl\":\"https:\/\/theo.niranbio.com\/wp-content\/uploads\/2024\/06\/Sodium-Diacetate.webp\",\"datePublished\":\"2024-06-20T01:50:45+00:00\",\"dateModified\":\"2024-08-19T05:46:28+00:00\",\"description\":\"Notre diac\u00e9tate de sodium (E262) se pr\u00e9sente sous forme de cristaux blancs, approuv\u00e9 par la FDA, il fonctionne efficacement pour pr\u00e9venir la moisissure, pr\u00e9server la fra\u00eecheur, am\u00e9liorer le go\u00fbt et augmenter la valeur nutritionnelle.\",\"breadcrumb\":{\"@id\":\"https:\/\/theo.niranbio.com\/fr\/diacetate-de-sodium.html#breadcrumb\"},\"inLanguage\":\"fr-FR\",\"potentialAction\":[{\"@type\":\"ReadAction\",\"target\":[\"https:\/\/theo.niranbio.com\/fr\/diacetate-de-sodium.html\"]}]},{\"@type\":\"ImageObject\",\"inLanguage\":\"fr-FR\",\"@id\":\"https:\/\/theo.niranbio.com\/fr\/diacetate-de-sodium.html#primaryimage\",\"url\":\"https:\/\/theo.niranbio.com\/wp-content\/uploads\/2024\/06\/Sodium-Diacetate.webp\",\"contentUrl\":\"https:\/\/theo.niranbio.com\/wp-content\/uploads\/2024\/06\/Sodium-Diacetate.webp\",\"width\":600,\"height\":600,\"caption\":\"Diac\u00e9tate de sodium\"},{\"@type\":\"BreadcrumbList\",\"@id\":\"https:\/\/theo.niranbio.com\/fr\/diacetate-de-sodium.html#breadcrumb\",\"itemListElement\":[{\"@type\":\"ListItem\",\"position\":1,\"name\":\"Home\",\"item\":\"https:\/\/theo.niranbio.com\/fr\/\"},{\"@type\":\"ListItem\",\"position\":2,\"name\":\"Produits\",\"item\":\"https:\/\/theo.niranbio.com\/fr\/produits.html\"},{\"@type\":\"ListItem\",\"position\":3,\"name\":\"Conservateur\",\"item\":\"https:\/\/theo.niranbio.com\/fr\/produit-conservateur\/\"},{\"@type\":\"ListItem\",\"position\":4,\"name\":\"Diac\u00e9tate de sodium\"}]},{\"@type\":\"WebSite\",\"@id\":\"https:\/\/theo.niranbio.com\/fr\/#website\",\"url\":\"https:\/\/theo.niranbio.com\/fr\/\",\"name\":\"Niranbio Chemical\",\"description\":\"\",\"publisher\":{\"@id\":\"https:\/\/theo.niranbio.com\/fr\/#organization\"},\"potentialAction\":[{\"@type\":\"SearchAction\",\"target\":{\"@type\":\"EntryPoint\",\"urlTemplate\":\"https:\/\/theo.niranbio.com\/fr\/?s={search_term_string}\"},\"query-input\":{\"@type\":\"PropertyValueSpecification\",\"valueRequired\":true,\"valueName\":\"search_term_string\"}}],\"inLanguage\":\"fr-FR\"},{\"@type\":\"Organization\",\"@id\":\"https:\/\/theo.niranbio.com\/fr\/#organization\",\"name\":\"Niranbio Chemical\",\"url\":\"https:\/\/theo.niranbio.com\/fr\/\",\"logo\":{\"@type\":\"ImageObject\",\"inLanguage\":\"fr-FR\",\"@id\":\"https:\/\/theo.niranbio.com\/fr\/#\/schema\/logo\/image\/\",\"url\":\"https:\/\/theo.niranbio.com\/wp-content\/uploads\/2024\/06\/Niranbio.png\",\"contentUrl\":\"https:\/\/theo.niranbio.com\/wp-content\/uploads\/2024\/06\/Niranbio.png\",\"width\":270,\"height\":100,\"caption\":\"Niranbio Chemical\"},\"image\":{\"@id\":\"https:\/\/theo.niranbio.com\/fr\/#\/schema\/logo\/image\/\"}}]}<\/script>\n<!-- \/ Yoast SEO plugin. -->","yoast_head_json":{"title":"Fabricant de diac\u00e9tate de sodium, achetez de la poudre de diac\u00e9tate de sodium E262 | Niranbio Chemical","description":"Notre diac\u00e9tate de sodium (E262) se pr\u00e9sente sous forme de cristaux blancs, approuv\u00e9 par la FDA, il fonctionne efficacement pour pr\u00e9venir la moisissure, pr\u00e9server la fra\u00eecheur, am\u00e9liorer le go\u00fbt et augmenter la valeur nutritionnelle.","robots":{"index":"noindex","follow":"follow","max-snippet":"max-snippet:-1","max-image-preview":"max-image-preview:large","max-video-preview":"max-video-preview:-1"},"twitter_misc":{"Dur\u00e9e de lecture estim\u00e9e":"3 minutes"},"schema":{"@context":"https:\/\/schema.org","@graph":[{"@type":"WebPage","@id":"https:\/\/theo.niranbio.com\/fr\/diacetate-de-sodium.html","url":"https:\/\/theo.niranbio.com\/fr\/diacetate-de-sodium.html","name":"Fabricant de diac\u00e9tate de sodium, achetez de la poudre de diac\u00e9tate de sodium E262 | Niranbio Chemical","isPartOf":{"@id":"https:\/\/theo.niranbio.com\/fr\/#website"},"primaryImageOfPage":{"@id":"https:\/\/theo.niranbio.com\/fr\/diacetate-de-sodium.html#primaryimage"},"image":{"@id":"https:\/\/theo.niranbio.com\/fr\/diacetate-de-sodium.html#primaryimage"},"thumbnailUrl":"https:\/\/theo.niranbio.com\/wp-content\/uploads\/2024\/06\/Sodium-Diacetate.webp","datePublished":"2024-06-20T01:50:45+00:00","dateModified":"2024-08-19T05:46:28+00:00","description":"Notre diac\u00e9tate de sodium (E262) se pr\u00e9sente sous forme de cristaux blancs, approuv\u00e9 par la FDA, il fonctionne efficacement pour pr\u00e9venir la moisissure, pr\u00e9server la fra\u00eecheur, am\u00e9liorer le go\u00fbt et augmenter la valeur nutritionnelle.","breadcrumb":{"@id":"https:\/\/theo.niranbio.com\/fr\/diacetate-de-sodium.html#breadcrumb"},"inLanguage":"fr-FR","potentialAction":[{"@type":"ReadAction","target":["https:\/\/theo.niranbio.com\/fr\/diacetate-de-sodium.html"]}]},{"@type":"ImageObject","inLanguage":"fr-FR","@id":"https:\/\/theo.niranbio.com\/fr\/diacetate-de-sodium.html#primaryimage","url":"https:\/\/theo.niranbio.com\/wp-content\/uploads\/2024\/06\/Sodium-Diacetate.webp","contentUrl":"https:\/\/theo.niranbio.com\/wp-content\/uploads\/2024\/06\/Sodium-Diacetate.webp","width":600,"height":600,"caption":"Diac\u00e9tate de sodium"},{"@type":"BreadcrumbList","@id":"https:\/\/theo.niranbio.com\/fr\/diacetate-de-sodium.html#breadcrumb","itemListElement":[{"@type":"ListItem","position":1,"name":"Home","item":"https:\/\/theo.niranbio.com\/fr\/"},{"@type":"ListItem","position":2,"name":"Produits","item":"https:\/\/theo.niranbio.com\/fr\/produits.html"},{"@type":"ListItem","position":3,"name":"Conservateur","item":"https:\/\/theo.niranbio.com\/fr\/produit-conservateur\/"},{"@type":"ListItem","position":4,"name":"Diac\u00e9tate de sodium"}]},{"@type":"WebSite","@id":"https:\/\/theo.niranbio.com\/fr\/#website","url":"https:\/\/theo.niranbio.com\/fr\/","name":"Niranbio Chemical","description":"","publisher":{"@id":"https:\/\/theo.niranbio.com\/fr\/#organization"},"potentialAction":[{"@type":"SearchAction","target":{"@type":"EntryPoint","urlTemplate":"https:\/\/theo.niranbio.com\/fr\/?s={search_term_string}"},"query-input":{"@type":"PropertyValueSpecification","valueRequired":true,"valueName":"search_term_string"}}],"inLanguage":"fr-FR"},{"@type":"Organization","@id":"https:\/\/theo.niranbio.com\/fr\/#organization","name":"Niranbio Chemical","url":"https:\/\/theo.niranbio.com\/fr\/","logo":{"@type":"ImageObject","inLanguage":"fr-FR","@id":"https:\/\/theo.niranbio.com\/fr\/#\/schema\/logo\/image\/","url":"https:\/\/theo.niranbio.com\/wp-content\/uploads\/2024\/06\/Niranbio.png","contentUrl":"https:\/\/theo.niranbio.com\/wp-content\/uploads\/2024\/06\/Niranbio.png","width":270,"height":100,"caption":"Niranbio Chemical"},"image":{"@id":"https:\/\/theo.niranbio.com\/fr\/#\/schema\/logo\/image\/"}}]}},"_links":{"self":[{"href":"https:\/\/theo.niranbio.com\/fr\/wp-json\/wp\/v2\/product\/9708","targetHints":{"allow":["GET"]}}],"collection":[{"href":"https:\/\/theo.niranbio.com\/fr\/wp-json\/wp\/v2\/product"}],"about":[{"href":"https:\/\/theo.niranbio.com\/fr\/wp-json\/wp\/v2\/types\/product"}],"version-history":[{"count":0,"href":"https:\/\/theo.niranbio.com\/fr\/wp-json\/wp\/v2\/product\/9708\/revisions"}],"wp:featuredmedia":[{"embeddable":true,"href":"https:\/\/theo.niranbio.com\/fr\/wp-json\/wp\/v2\/media\/9709"}],"wp:attachment":[{"href":"https:\/\/theo.niranbio.com\/fr\/wp-json\/wp\/v2\/media?parent=9708"}],"wp:term":[{"taxonomy":"product_brand","embeddable":true,"href":"https:\/\/theo.niranbio.com\/fr\/wp-json\/wp\/v2\/product_brand?post=9708"},{"taxonomy":"product_cat","embeddable":true,"href":"https:\/\/theo.niranbio.com\/fr\/wp-json\/wp\/v2\/product_cat?post=9708"},{"taxonomy":"product_tag","embeddable":true,"href":"https:\/\/theo.niranbio.com\/fr\/wp-json\/wp\/v2\/product_tag?post=9708"}],"curies":[{"name":"wp","href":"https:\/\/api.w.org\/{rel}","templated":true}]}}