{"id":9702,"date":"2024-06-20T11:20:18","date_gmt":"2024-06-20T03:20:18","guid":{"rendered":"https:\/\/theo.niranbio.com\/glycine\/"},"modified":"2024-08-19T11:48:05","modified_gmt":"2024-08-19T03:48:05","slug":"glycine","status":"publish","type":"product","link":"https:\/\/theo.niranbio.com\/fr\/glycine.html","title":{"rendered":"Glycine"},"content":{"rendered":"<h2><span class=\"ez-toc-section\" id=\"Quest-ce_que_la_glycine\"><\/span>Qu&rsquo;est-ce que la glycine ?<span class=\"ez-toc-section-end\"><\/span><\/h2>\n<p>La glycine est une poudre cristalline qui appara\u00eet blanche \u00e0 blanc cass\u00e9 et est un acide amin\u00e9 non essentiel. Elle se dissout rapidement dans l&rsquo;eau, n&rsquo;a pas d&rsquo;odeur et n&rsquo;est pas toxique. De nombreuses industries, notamment alimentaires, m\u00e9dicales et commerciales, peuvent l&rsquo;utiliser.<\/p>\n<p>Il existe deux principaux processus de pr\u00e9paration de la glycine. Le premier est la m\u00e9thode de fermentation, qui utilise des micro-organismes (tels que des bact\u00e9ries sp\u00e9cifiques ou des levures) pour convertir des mati\u00e8res premi\u00e8res telles que les sucres en glycine dans un environnement de culture contr\u00f4l\u00e9. Cette technique utilise un processus de production \u00e9cologique et est respectueuse de l&rsquo;environnement. Elle peut produire de la glycine de haute puret\u00e9 et convient aux applications ayant des exigences \u00e9lev\u00e9es en mati\u00e8re de s\u00e9curit\u00e9 et de puret\u00e9 alimentaires. Cependant, la m\u00e9thode de fermentation a un cycle de production long et des exigences \u00e9lev\u00e9es en mati\u00e8re d&rsquo;\u00e9quipement et de technologie.<\/p>\n<p>La deuxi\u00e8me m\u00e9thode consiste \u00e0 synth\u00e9tiser la glycine \u00e0 partir de mati\u00e8res premi\u00e8res chimiques simples par synth\u00e8se chimique, par la m\u00e9thode du carbamate ou par la m\u00e9thode de r\u00e9duction des acides amin\u00e9s. La production industrielle \u00e0 grande \u00e9chelle peut b\u00e9n\u00e9ficier de l&rsquo;efficacit\u00e9 de production \u00e9lev\u00e9e de cette m\u00e9thode, mais le traitement des d\u00e9chets et la possibilit\u00e9 de sous-produits chimiques sont n\u00e9cessaires. En g\u00e9n\u00e9ral, la synth\u00e8se chimique reste le processus dominant dans la production de glycine de qualit\u00e9 alimentaire, car elle peut r\u00e9pondre aux besoins de la production \u00e0 grande \u00e9chelle.<\/p>\n<h2><span class=\"ez-toc-section\" id=\"Parametres_associes\"><\/span>Param\u00e8tres associ\u00e9s :<span class=\"ez-toc-section-end\"><\/span><\/h2>\n<table>\n<tbody>\n<tr>\n<td><strong>Articles<\/strong><\/td>\n<td><strong>Sp\u00e9cification<\/strong><\/td>\n<\/tr>\n<tr>\n<td>Analyse( C2H5NO2) (%)<\/td>\n<td>98.5\uff5e101.5<\/td>\n<\/tr>\n<tr>\n<td>Perte au s\u00e9chage (%)<\/td>\n<td>\u22640.2<\/td>\n<\/tr>\n<tr>\n<td>R\u00e9sidus d&rsquo;allumage (sous forme de cendres sulfat\u00e9es) (%)<\/td>\n<td>\u2264 0.1<\/td>\n<\/tr>\n<tr>\n<td>Chlorure (As Cl) (%)<\/td>\n<td>\u22640.02<\/td>\n<\/tr>\n<tr>\n<td>Sulfate (As SO4) (%)<\/td>\n<td>0.0065<\/td>\n<\/tr>\n<tr>\n<td>Ammonium (sous forme de NH4) =&lt; %.<\/td>\n<td>0.01<\/td>\n<\/tr>\n<tr>\n<td>Arsenic( As As) =&lt; %<\/td>\n<td>0.0001<\/td>\n<\/tr>\n<tr>\n<td>Plomb ( As Pb) =&lt; %<\/td>\n<td>0.0005<\/td>\n<\/tr>\n<\/tbody>\n<\/table>\n<h2><span class=\"ez-toc-section\" id=\"Dosage_recommande\"><\/span>Dosage recommand\u00e9 :<span class=\"ez-toc-section-end\"><\/span><\/h2>\n<table>\n<tbody>\n<tr>\n<td><strong>Nom de l&rsquo;aliment<\/strong><\/td>\n<td><strong>Utilisation maximale (g\/kg)<\/strong><\/td>\n<\/tr>\n<tr>\n<td>Boissons pour sportifs<\/td>\n<td>0,5-1 g\/kg<\/td>\n<\/tr>\n<tr>\n<td>Yaourt<\/td>\n<td>0,5-1 g\/kg<\/td>\n<\/tr>\n<tr>\n<td>Produits laitiers<\/td>\n<td>0,3-0,5 g\/kg<\/td>\n<\/tr>\n<tr>\n<td>Cr\u00e8me glac\u00e9e<\/td>\n<td>0,5-1 g\/kg<\/td>\n<\/tr>\n<tr>\n<td>Biscuits<\/td>\n<td>0,3-0,5 g\/kg<\/td>\n<\/tr>\n<tr>\n<td>Boissons \u00e0 base de jus<\/td>\n<td>0,5-1 g\/kg<\/td>\n<\/tr>\n<tr>\n<td>Sauces<\/td>\n<td>0,3-0,5 g\/kg<\/td>\n<\/tr>\n<tr>\n<td>Produits de boulangerie<\/td>\n<td>0,5-1 g\/kg<\/td>\n<\/tr>\n<tr>\n<td>Chocolat et bonbons<\/td>\n<td>0,3-0,5 g\/kg<\/td>\n<\/tr>\n<tr>\n<td>Gel\u00e9e et pudding<\/td>\n<td>0,5-1 g\/kg<\/td>\n<\/tr>\n<\/tbody>\n<\/table>\n<h2><span class=\"ez-toc-section\" id=\"La_glycine_a_une_large_gamme_dutilisations\"><\/span>La glycine a une large gamme d&rsquo;utilisations<span class=\"ez-toc-section-end\"><\/span><\/h2>\n<ol>\n<li>Am\u00e9liorer les caract\u00e9ristiques gustatives des aliments : la glycine, en tant qu&rsquo;acide amin\u00e9, a la fonction d&rsquo;exhausteur de go\u00fbt sucr\u00e9, ce qui peut am\u00e9liorer consid\u00e9rablement la douceur des aliments et r\u00e9duire la d\u00e9pendance \u00e0 d&rsquo;autres \u00e9dulcorants.<\/li>\n<li>Antioxydant : la glycine peut \u00eatre utilis\u00e9e comme antioxydant dans la transformation des aliments, ce qui contribue \u00e0 prolonger la dur\u00e9e de conservation et la stabilit\u00e9 des aliments et \u00e0 r\u00e9duire la r\u00e9action d&rsquo;oxydation des aliments.<\/li>\n<li>R\u00e9gulateur acide-base : en raison de sa composition alcaline, il peut \u00eatre utilis\u00e9 comme r\u00e9gulateur acide-base dans la transformation des aliments pour mieux pr\u00e9server la saveur et les niveaux de pH des aliments.<\/li>\n<li>Am\u00e9liorer la valeur nutritionnelle des aliments : En tant qu\u2019acide amin\u00e9, la glycine est l\u2019un des composants importants des prot\u00e9ines, ce qui peut am\u00e9liorer la valeur nutritionnelle des aliments et est b\u00e9n\u00e9fique pour la sant\u00e9.<\/li>\n<li>Am\u00e9liorer la structure et la stabilit\u00e9 des aliments : Dans les aliments transform\u00e9s, la glycine peut am\u00e9liorer la structure et la texture des aliments, am\u00e9liorer leur stabilit\u00e9 et leur go\u00fbt, et les rendre plus adapt\u00e9s au stockage et au transport.<\/li>\n<\/ol>\n<h2><span class=\"ez-toc-section\" id=\"Question_posee_par_lutilisateur\"><\/span>Question pos\u00e9e par l&rsquo;utilisateur :<span class=\"ez-toc-section-end\"><\/span><\/h2>\n<p>Question : Quels sympt\u00f4mes appara\u00eetront si le corps humain manque de glycine ?<\/p>\n<p>R\u00e9ponse :<\/p>\n<p>1. Probl\u00e8mes du syst\u00e8me immunitaire : La glycine est impliqu\u00e9e dans la synth\u00e8se du thymus, qui est une mol\u00e9cule importante qui r\u00e9gule la fonction du syst\u00e8me immunitaire. Une carence en glycine peut affecter le fonctionnement normal du syst\u00e8me immunitaire et augmenter le risque d&rsquo;infection et d&rsquo;inflammation.<\/p>\n<p>2. Probl\u00e8mes du syst\u00e8me nerveux : La glycine a un effet neuroinhibiteur dans le syst\u00e8me nerveux central et peut r\u00e9guler l&rsquo;\u00e9quilibre des neurotransmetteurs. Une carence en glycine peut affecter la conduction nerveuse, entra\u00eenant une instabilit\u00e9 \u00e9motionnelle, de l&rsquo;anxi\u00e9t\u00e9, de l&rsquo;insomnie et d&rsquo;autres probl\u00e8mes du syst\u00e8me nerveux.<\/p>\n<p>3. Probl\u00e8mes du syst\u00e8me digestif : La glycine intervient dans la synth\u00e8se du collag\u00e8ne, un \u00e9l\u00e9ment important pour le maintien de la structure et de la fonction de la muqueuse du tube digestif. Une carence en glycine peut endommager la muqueuse du tube digestif, provoquant une indigestion, une inflammation gastro-intestinale et d&rsquo;autres probl\u00e8mes.<\/p>\n<p>4. Probl\u00e8mes m\u00e9taboliques : La glycine participe \u00e0 de multiples voies m\u00e9taboliques dans le corps, notamment le m\u00e9tabolisme du sucre et le m\u00e9tabolisme des acides gras. Une carence en glycine peut affecter le m\u00e9tabolisme \u00e9nerg\u00e9tique du corps, entra\u00eenant une diminution de la force physique et une augmentation de la fatigue.<\/p>\n<p>5. Probl\u00e8mes musculaires : La glycine joue un r\u00f4le important dans la construction des prot\u00e9ines musculaires et constitue l&rsquo;une des r\u00e9serves \u00e9nerg\u00e9tiques et des substances d&rsquo;approvisionnement importantes du corps. Le manque de glycine peut affecter le fonctionnement normal des muscles, entra\u00eenant une atrophie musculaire, une perte de force et d&rsquo;autres probl\u00e8mes.<\/p>\n","protected":false},"excerpt":{"rendered":"<ul>\n<li>CAS : 56-40-6<\/li>\n<li>Formule chimique: C<sub>2<\/sub>H<sub>5<\/sub>NO<sub>2<\/sub><\/li>\n<li>Certifications : KOSHER, ISO, HALAL, FSSC 22000, BRC, etc.<\/li>\n<li>Quantit\u00e9 minimum de commande : 1000 kg<\/li>\n<li>Dur\u00e9e de conservation : 2 ans<\/li>\n<\/ul>\n","protected":false},"featured_media":9707,"template":"","meta":{"site-sidebar-layout":"default","site-content-layout":"","ast-site-content-layout":"default","site-content-style":"default","site-sidebar-style":"default","ast-global-header-display":"","ast-banner-title-visibility":"","ast-main-header-display":"","ast-hfb-above-header-display":"","ast-hfb-below-header-display":"","ast-hfb-mobile-header-display":"","site-post-title":"","ast-breadcrumbs-content":"","ast-featured-img":"","footer-sml-layout":"","theme-transparent-header-meta":"default","adv-header-id-meta":"","stick-header-meta":"","header-above-stick-meta":"","header-main-stick-meta":"","header-below-stick-meta":"","astra-migrate-meta-layouts":"set","ast-page-background-enabled":"default","ast-page-background-meta":{"desktop":{"background-color":"var(--ast-global-color-4)","background-image":"","background-repeat":"repeat","background-position":"center center","background-size":"auto","background-attachment":"scroll","background-type":"","background-media":"","overlay-type":"","overlay-color":"","overlay-opacity":"","overlay-gradient":""},"tablet":{"background-color":"","background-image":"","background-repeat":"repeat","background-position":"center center","background-size":"auto","background-attachment":"scroll","background-type":"","background-media":"","overlay-type":"","overlay-color":"","overlay-opacity":"","overlay-gradient":""},"mobile":{"background-color":"","background-image":"","background-repeat":"repeat","background-position":"center center","background-size":"auto","background-attachment":"scroll","background-type":"","background-media":"","overlay-type":"","overlay-color":"","overlay-opacity":"","overlay-gradient":""}},"ast-content-background-meta":{"desktop":{"background-color":"var(--ast-global-color-5)","background-image":"","background-repeat":"repeat","background-position":"center center","background-size":"auto","background-attachment":"scroll","background-type":"","background-media":"","overlay-type":"","overlay-color":"","overlay-opacity":"","overlay-gradient":""},"tablet":{"background-color":"var(--ast-global-color-5)","background-image":"","background-repeat":"repeat","background-position":"center center","background-size":"auto","background-attachment":"scroll","background-type":"","background-media":"","overlay-type":"","overlay-color":"","overlay-opacity":"","overlay-gradient":""},"mobile":{"background-color":"var(--ast-global-color-5)","background-image":"","background-repeat":"repeat","background-position":"center center","background-size":"auto","background-attachment":"scroll","background-type":"","background-media":"","overlay-type":"","overlay-color":"","overlay-opacity":"","overlay-gradient":""}}},"product_brand":[],"product_cat":[106],"product_tag":[],"class_list":{"0":"post-9702","1":"product","2":"type-product","3":"status-publish","4":"has-post-thumbnail","6":"product_cat-produit-ameliorant-la-nutrition","7":"desktop-align-center","8":"tablet-align-left","9":"mobile-align-left","11":"first","12":"instock","13":"shipping-taxable","14":"product-type-simple"},"yoast_head":"<!-- This site is optimized with the Yoast SEO plugin v26.5 - https:\/\/yoast.com\/wordpress\/plugins\/seo\/ -->\n<title>Fabricant de glycine chine, prix poudre de glycine E640 | Niranbio Chemical<\/title>\n<meta name=\"description\" content=\"Notre glycine est une poudre cristalline qui appara\u00eet blanche \u00e0 blanc cass\u00e9 et est un acide amin\u00e9 non essentiel, il peut \u00eatre utilis\u00e9 dans de nombreuses industries alimentaires.\" \/>\n<meta name=\"robots\" content=\"noindex, follow, max-snippet:-1, max-image-preview:large, max-video-preview:-1\" \/>\n<meta name=\"twitter:label1\" content=\"Dur\u00e9e de lecture estim\u00e9e\" \/>\n\t<meta name=\"twitter:data1\" content=\"4 minutes\" \/>\n<script type=\"application\/ld+json\" class=\"yoast-schema-graph\">{\"@context\":\"https:\/\/schema.org\",\"@graph\":[{\"@type\":\"WebPage\",\"@id\":\"https:\/\/theo.niranbio.com\/fr\/glycine.html\",\"url\":\"https:\/\/theo.niranbio.com\/fr\/glycine.html\",\"name\":\"Fabricant de glycine chine, prix poudre de glycine E640 | Niranbio Chemical\",\"isPartOf\":{\"@id\":\"https:\/\/theo.niranbio.com\/fr\/#website\"},\"primaryImageOfPage\":{\"@id\":\"https:\/\/theo.niranbio.com\/fr\/glycine.html#primaryimage\"},\"image\":{\"@id\":\"https:\/\/theo.niranbio.com\/fr\/glycine.html#primaryimage\"},\"thumbnailUrl\":\"https:\/\/theo.niranbio.com\/wp-content\/uploads\/2024\/06\/Glycine.webp\",\"datePublished\":\"2024-06-20T03:20:18+00:00\",\"dateModified\":\"2024-08-19T03:48:05+00:00\",\"description\":\"Notre glycine est une poudre cristalline qui appara\u00eet blanche \u00e0 blanc cass\u00e9 et est un acide amin\u00e9 non essentiel, il peut \u00eatre utilis\u00e9 dans de nombreuses industries alimentaires.\",\"breadcrumb\":{\"@id\":\"https:\/\/theo.niranbio.com\/fr\/glycine.html#breadcrumb\"},\"inLanguage\":\"fr-FR\",\"potentialAction\":[{\"@type\":\"ReadAction\",\"target\":[\"https:\/\/theo.niranbio.com\/fr\/glycine.html\"]}]},{\"@type\":\"ImageObject\",\"inLanguage\":\"fr-FR\",\"@id\":\"https:\/\/theo.niranbio.com\/fr\/glycine.html#primaryimage\",\"url\":\"https:\/\/theo.niranbio.com\/wp-content\/uploads\/2024\/06\/Glycine.webp\",\"contentUrl\":\"https:\/\/theo.niranbio.com\/wp-content\/uploads\/2024\/06\/Glycine.webp\",\"width\":600,\"height\":600,\"caption\":\"Glycine\"},{\"@type\":\"BreadcrumbList\",\"@id\":\"https:\/\/theo.niranbio.com\/fr\/glycine.html#breadcrumb\",\"itemListElement\":[{\"@type\":\"ListItem\",\"position\":1,\"name\":\"Home\",\"item\":\"https:\/\/theo.niranbio.com\/fr\/\"},{\"@type\":\"ListItem\",\"position\":2,\"name\":\"Produits\",\"item\":\"https:\/\/theo.niranbio.com\/fr\/produits.html\"},{\"@type\":\"ListItem\",\"position\":3,\"name\":\"Am\u00e9liorant la Nutrition\",\"item\":\"https:\/\/theo.niranbio.com\/fr\/produit-ameliorant-la-nutrition\/\"},{\"@type\":\"ListItem\",\"position\":4,\"name\":\"Glycine\"}]},{\"@type\":\"WebSite\",\"@id\":\"https:\/\/theo.niranbio.com\/fr\/#website\",\"url\":\"https:\/\/theo.niranbio.com\/fr\/\",\"name\":\"Niranbio Chemical\",\"description\":\"\",\"publisher\":{\"@id\":\"https:\/\/theo.niranbio.com\/fr\/#organization\"},\"potentialAction\":[{\"@type\":\"SearchAction\",\"target\":{\"@type\":\"EntryPoint\",\"urlTemplate\":\"https:\/\/theo.niranbio.com\/fr\/?s={search_term_string}\"},\"query-input\":{\"@type\":\"PropertyValueSpecification\",\"valueRequired\":true,\"valueName\":\"search_term_string\"}}],\"inLanguage\":\"fr-FR\"},{\"@type\":\"Organization\",\"@id\":\"https:\/\/theo.niranbio.com\/fr\/#organization\",\"name\":\"Niranbio Chemical\",\"url\":\"https:\/\/theo.niranbio.com\/fr\/\",\"logo\":{\"@type\":\"ImageObject\",\"inLanguage\":\"fr-FR\",\"@id\":\"https:\/\/theo.niranbio.com\/fr\/#\/schema\/logo\/image\/\",\"url\":\"https:\/\/theo.niranbio.com\/wp-content\/uploads\/2024\/06\/Niranbio.png\",\"contentUrl\":\"https:\/\/theo.niranbio.com\/wp-content\/uploads\/2024\/06\/Niranbio.png\",\"width\":270,\"height\":100,\"caption\":\"Niranbio Chemical\"},\"image\":{\"@id\":\"https:\/\/theo.niranbio.com\/fr\/#\/schema\/logo\/image\/\"}}]}<\/script>\n<!-- \/ Yoast SEO plugin. -->","yoast_head_json":{"title":"Fabricant de glycine chine, prix poudre de glycine E640 | Niranbio Chemical","description":"Notre glycine est une poudre cristalline qui appara\u00eet blanche \u00e0 blanc cass\u00e9 et est un acide amin\u00e9 non essentiel, il peut \u00eatre utilis\u00e9 dans de nombreuses industries alimentaires.","robots":{"index":"noindex","follow":"follow","max-snippet":"max-snippet:-1","max-image-preview":"max-image-preview:large","max-video-preview":"max-video-preview:-1"},"twitter_misc":{"Dur\u00e9e de lecture estim\u00e9e":"4 minutes"},"schema":{"@context":"https:\/\/schema.org","@graph":[{"@type":"WebPage","@id":"https:\/\/theo.niranbio.com\/fr\/glycine.html","url":"https:\/\/theo.niranbio.com\/fr\/glycine.html","name":"Fabricant de glycine chine, prix poudre de glycine E640 | Niranbio Chemical","isPartOf":{"@id":"https:\/\/theo.niranbio.com\/fr\/#website"},"primaryImageOfPage":{"@id":"https:\/\/theo.niranbio.com\/fr\/glycine.html#primaryimage"},"image":{"@id":"https:\/\/theo.niranbio.com\/fr\/glycine.html#primaryimage"},"thumbnailUrl":"https:\/\/theo.niranbio.com\/wp-content\/uploads\/2024\/06\/Glycine.webp","datePublished":"2024-06-20T03:20:18+00:00","dateModified":"2024-08-19T03:48:05+00:00","description":"Notre glycine est une poudre cristalline qui appara\u00eet blanche \u00e0 blanc cass\u00e9 et est un acide amin\u00e9 non essentiel, il peut \u00eatre utilis\u00e9 dans de nombreuses industries alimentaires.","breadcrumb":{"@id":"https:\/\/theo.niranbio.com\/fr\/glycine.html#breadcrumb"},"inLanguage":"fr-FR","potentialAction":[{"@type":"ReadAction","target":["https:\/\/theo.niranbio.com\/fr\/glycine.html"]}]},{"@type":"ImageObject","inLanguage":"fr-FR","@id":"https:\/\/theo.niranbio.com\/fr\/glycine.html#primaryimage","url":"https:\/\/theo.niranbio.com\/wp-content\/uploads\/2024\/06\/Glycine.webp","contentUrl":"https:\/\/theo.niranbio.com\/wp-content\/uploads\/2024\/06\/Glycine.webp","width":600,"height":600,"caption":"Glycine"},{"@type":"BreadcrumbList","@id":"https:\/\/theo.niranbio.com\/fr\/glycine.html#breadcrumb","itemListElement":[{"@type":"ListItem","position":1,"name":"Home","item":"https:\/\/theo.niranbio.com\/fr\/"},{"@type":"ListItem","position":2,"name":"Produits","item":"https:\/\/theo.niranbio.com\/fr\/produits.html"},{"@type":"ListItem","position":3,"name":"Am\u00e9liorant la Nutrition","item":"https:\/\/theo.niranbio.com\/fr\/produit-ameliorant-la-nutrition\/"},{"@type":"ListItem","position":4,"name":"Glycine"}]},{"@type":"WebSite","@id":"https:\/\/theo.niranbio.com\/fr\/#website","url":"https:\/\/theo.niranbio.com\/fr\/","name":"Niranbio Chemical","description":"","publisher":{"@id":"https:\/\/theo.niranbio.com\/fr\/#organization"},"potentialAction":[{"@type":"SearchAction","target":{"@type":"EntryPoint","urlTemplate":"https:\/\/theo.niranbio.com\/fr\/?s={search_term_string}"},"query-input":{"@type":"PropertyValueSpecification","valueRequired":true,"valueName":"search_term_string"}}],"inLanguage":"fr-FR"},{"@type":"Organization","@id":"https:\/\/theo.niranbio.com\/fr\/#organization","name":"Niranbio Chemical","url":"https:\/\/theo.niranbio.com\/fr\/","logo":{"@type":"ImageObject","inLanguage":"fr-FR","@id":"https:\/\/theo.niranbio.com\/fr\/#\/schema\/logo\/image\/","url":"https:\/\/theo.niranbio.com\/wp-content\/uploads\/2024\/06\/Niranbio.png","contentUrl":"https:\/\/theo.niranbio.com\/wp-content\/uploads\/2024\/06\/Niranbio.png","width":270,"height":100,"caption":"Niranbio Chemical"},"image":{"@id":"https:\/\/theo.niranbio.com\/fr\/#\/schema\/logo\/image\/"}}]}},"_links":{"self":[{"href":"https:\/\/theo.niranbio.com\/fr\/wp-json\/wp\/v2\/product\/9702","targetHints":{"allow":["GET"]}}],"collection":[{"href":"https:\/\/theo.niranbio.com\/fr\/wp-json\/wp\/v2\/product"}],"about":[{"href":"https:\/\/theo.niranbio.com\/fr\/wp-json\/wp\/v2\/types\/product"}],"version-history":[{"count":0,"href":"https:\/\/theo.niranbio.com\/fr\/wp-json\/wp\/v2\/product\/9702\/revisions"}],"wp:featuredmedia":[{"embeddable":true,"href":"https:\/\/theo.niranbio.com\/fr\/wp-json\/wp\/v2\/media\/9707"}],"wp:attachment":[{"href":"https:\/\/theo.niranbio.com\/fr\/wp-json\/wp\/v2\/media?parent=9702"}],"wp:term":[{"taxonomy":"product_brand","embeddable":true,"href":"https:\/\/theo.niranbio.com\/fr\/wp-json\/wp\/v2\/product_brand?post=9702"},{"taxonomy":"product_cat","embeddable":true,"href":"https:\/\/theo.niranbio.com\/fr\/wp-json\/wp\/v2\/product_cat?post=9702"},{"taxonomy":"product_tag","embeddable":true,"href":"https:\/\/theo.niranbio.com\/fr\/wp-json\/wp\/v2\/product_tag?post=9702"}],"curies":[{"name":"wp","href":"https:\/\/api.w.org\/{rel}","templated":true}]}}