{"id":9696,"date":"2024-06-20T11:29:16","date_gmt":"2024-06-20T03:29:16","guid":{"rendered":"https:\/\/theo.niranbio.com\/lactate-de-magnesium\/"},"modified":"2024-08-19T11:40:41","modified_gmt":"2024-08-19T03:40:41","slug":"lactate-de-magnesium","status":"publish","type":"product","link":"https:\/\/theo.niranbio.com\/fr\/lactate-de-magnesium.html","title":{"rendered":"Lactate de magn\u00e9sium"},"content":{"rendered":"<h2><span class=\"ez-toc-section\" id=\"Quest-ce_que_le_lactate_de_magnesium\"><\/span>Qu&rsquo;est-ce que le lactate de magn\u00e9sium ?<span class=\"ez-toc-section-end\"><\/span><\/h2>\n<p>Le lactate de magn\u00e9sium est un excellent exhausteur organique de magn\u00e9sium \u00e9conomique. Il se pr\u00e9sente sous forme de poudre cristalline ou de granul\u00e9s de couleur blanche \u00e0 cr\u00e8me et est inodore. Il est facilement soluble dans l&rsquo;eau chaude et est largement utilis\u00e9 dans les aliments, les boissons, les produits laitiers, la farine, les solutions nutritives et les produits pharmaceutiques. Il existe deux principaux proc\u00e9d\u00e9s de pr\u00e9paration du lactate de magn\u00e9sium :<\/p>\n<ol>\n<li>R\u00e9action de l&rsquo;hydroxyde de magn\u00e9sium avec l&rsquo;acide lactique : Cette m\u00e9thode consiste \u00e0 m\u00e9langer l&rsquo;hydroxyde de magn\u00e9sium avec l&rsquo;acide lactique dans des conditions de r\u00e9action appropri\u00e9es et \u00e0 neutraliser pour produire du lactate de magn\u00e9sium. La valeur du pH doit \u00eatre contr\u00f4l\u00e9e pendant la r\u00e9action pour optimiser le rendement et la qualit\u00e9 du produit. Apr\u00e8s la r\u00e9action, le lactate de magn\u00e9sium existe sous forme cristalline. La cristallisation est favoris\u00e9e par refroidissement ou dilution, puis filtr\u00e9e ou centrifug\u00e9e, et enfin purifi\u00e9e et s\u00e9ch\u00e9e pour obtenir du lactate de magn\u00e9sium de qualit\u00e9 alimentaire. Cette m\u00e9thode est simple \u00e0 utiliser, les mati\u00e8res premi\u00e8res sont facilement disponibles et elle convient \u00e0 la production \u00e0 grande \u00e9chelle.<\/li>\n<li>R\u00e9action du chlorure de magn\u00e9sium avec l&rsquo;acide lactique : Dans cette m\u00e9thode, le chlorure de magn\u00e9sium est dissous dans l&rsquo;eau, puis une solution d&rsquo;acide lactique est progressivement ajout\u00e9e pour produire du lactate de magn\u00e9sium.<\/li>\n<\/ol>\n<p>Pour \u00e9viter une acidification excessive pendant la r\u00e9action, le niveau de pH doit \u00eatre maintenu. Le lactate de magn\u00e9sium g\u00e9n\u00e9r\u00e9 est pr\u00e9cipit\u00e9 par cristallisation, filtr\u00e9, centrifug\u00e9 et d&rsquo;autres \u00e9tapes de s\u00e9paration, puis finalement purifi\u00e9 et s\u00e9ch\u00e9. Le lactate de magn\u00e9sium peut \u00eatre produit industriellement en utilisant cette technique de mati\u00e8re premi\u00e8re peu co\u00fbteuse et polyvalente.<\/p>\n<h2><span class=\"ez-toc-section\" id=\"Dosage_recommande\"><\/span>Dosage recommand\u00e9 :<span class=\"ez-toc-section-end\"><\/span><\/h2>\n<table>\n<tbody>\n<tr>\n<td><strong>Nom de l&rsquo;aliment<\/strong><\/td>\n<td><strong>Utilisation maximale (g\/kg)<\/strong><\/td>\n<\/tr>\n<tr>\n<td>Boissons pour sportifs<\/td>\n<td>1,0 &#8211; 3,0 g\/kg<\/td>\n<\/tr>\n<tr>\n<td>Confiserie<\/td>\n<td>0,5 &#8211; 2,0 g\/kg<\/td>\n<\/tr>\n<tr>\n<td>Pain<\/td>\n<td>0,5 &#8211; 1,0 g\/kg<\/td>\n<\/tr>\n<tr>\n<td>Sauce soja<\/td>\n<td>0,5 &#8211; 1,0 g\/kg<\/td>\n<\/tr>\n<tr>\n<td>Assaisonnements<\/td>\n<td>0,5 &#8211; 2,0 g\/kg<\/td>\n<\/tr>\n<tr>\n<td>Produits laitiers<\/td>\n<td>0,5 &#8211; 1,5 g\/kg<\/td>\n<\/tr>\n<tr>\n<td>Chocolat<\/td>\n<td>0,5 &#8211; 1,0 g\/kg<\/td>\n<\/tr>\n<tr>\n<td>Boissons alcoolis\u00e9es<\/td>\n<td>0,5 &#8211; 1,0 g\/kg<\/td>\n<\/tr>\n<tr>\n<td>Fromage<\/td>\n<td>0,5 &#8211; 1,0 g\/kg<\/td>\n<\/tr>\n<tr>\n<td>Caf\u00e9 pr\u00eat \u00e0 boire : 0,5 &#8211; 1,0 g\/kg<\/td>\n<td>M\u00e9langes d&rsquo;\u00e9pices : 0,5 &#8211; 2,0 g\/kg<\/td>\n<\/tr>\n<tr>\n<td>Sauces<\/td>\n<td>0,5 &#8211; 1,0 g\/kg<\/td>\n<\/tr>\n<\/tbody>\n<\/table>\n<h2><span class=\"ez-toc-section\" id=\"Le_lactate_de_magnesium_a_une_large_gamme_dutilisations\"><\/span>Le lactate de magn\u00e9sium a une large gamme d&rsquo;utilisations<span class=\"ez-toc-section-end\"><\/span><\/h2>\n<ol>\n<li>Le lactate de magn\u00e9sium est une forme de magn\u00e9sium facilement absorb\u00e9e qui peut compl\u00e9ter efficacement le magn\u00e9sium dans le corps. Le magn\u00e9sium est essentiel \u00e0 de nombreuses fonctions physiologiques du corps humain, notamment la sant\u00e9 des os, la fonction cardiovasculaire, la fonction du syst\u00e8me nerveux et la fonction musculaire.<\/li>\n<li>Le lactate de magn\u00e9sium peut \u00eatre utilis\u00e9 comme r\u00e9gulateur d&rsquo;acidit\u00e9 dans les aliments pour aider \u00e0 ajuster la valeur du pH des aliments et am\u00e9liorer le go\u00fbt et la stabilit\u00e9 des aliments.<\/li>\n<li>Dans certains aliments, l&rsquo;ajout de lactate de magn\u00e9sium peut am\u00e9liorer le go\u00fbt et la texture du produit, le rendant ainsi plus conforme aux pr\u00e9f\u00e9rences gustatives des consommateurs, et peut augmenter la valeur nutritionnelle des aliments, en particulier dans les boissons fonctionnelles et les compl\u00e9ments nutritionnels.<\/li>\n<li>Le magn\u00e9sium est un min\u00e9ral n\u00e9cessaire au fonctionnement normal du syst\u00e8me digestif, aide \u00e0 soulager la constipation et favorise la sant\u00e9 intestinale, et peut aider \u00e0 r\u00e9guler le rythme cardiaque et la pression art\u00e9rielle, ce qui a un effet positif sur la sant\u00e9 cardiovasculaire.<\/li>\n<\/ol>\n<h2><span class=\"ez-toc-section\" id=\"Question_posee_par_lutilisateur\"><\/span>Question pos\u00e9e par l&rsquo;utilisateur :<span class=\"ez-toc-section-end\"><\/span><\/h2>\n<p>Le lactate de magn\u00e9sium et le carbonate de magn\u00e9sium pr\u00e9sentent des diff\u00e9rences fonctionnelles importantes. Le lactate de magn\u00e9sium est tr\u00e8s soluble dans l&rsquo;eau et facilement absorb\u00e9 par le corps humain, il est donc souvent utilis\u00e9 dans les compl\u00e9ments nutritionnels et les aliments fonctionnels pour compl\u00e9ter efficacement le magn\u00e9sium. Il n&rsquo;est pas seulement utilis\u00e9 pour augmenter les niveaux de magn\u00e9sium dans le corps, mais aussi comme additif alimentaire pour ajuster l&rsquo;acidit\u00e9 et am\u00e9liorer le go\u00fbt et la stabilit\u00e9 des aliments. En revanche, le carbonate de magn\u00e9sium a une solubilit\u00e9 plus faible dans l&rsquo;eau, ce qui entra\u00eene une efficacit\u00e9 d&rsquo;absorption plus faible dans le corps. Bien qu&rsquo;il puisse \u00eatre utilis\u00e9 pour compl\u00e9ter le magn\u00e9sium, des doses plus importantes sont g\u00e9n\u00e9ralement n\u00e9cessaires pour obtenir l&rsquo;effet souhait\u00e9.<\/p>\n<p>Le carbonate de magn\u00e9sium lib\u00e8re des ions magn\u00e9sium dans l&rsquo;environnement acide de l&rsquo;estomac, il est donc \u00e9galement couramment utilis\u00e9 dans les produits pharmaceutiques comme neutralisant d&rsquo;acide gastrique pour soulager les sympt\u00f4mes d&rsquo;un exc\u00e8s d&rsquo;acide gastrique. La biodisponibilit\u00e9 \u00e9lev\u00e9e du lactate de magn\u00e9sium le rend efficace dans la suppl\u00e9mentation \u00e0 long terme et convient \u00e0 divers compl\u00e9ments nutritionnels et applications alimentaires. En raison de ses effets secondaires r\u00e9duits, le lactate de magn\u00e9sium est l&rsquo;ingr\u00e9dient pr\u00e9f\u00e9r\u00e9 de nombreux aliments fonctionnels et produits de sant\u00e9. Le carbonate de magn\u00e9sium est principalement utilis\u00e9 dans des applications m\u00e9dicales et industrielles sp\u00e9cifiques et peut provoquer des troubles gastro-intestinaux, tels que la diarrh\u00e9e, il est donc n\u00e9cessaire de faire attention au dosage et aux r\u00e9actions in vivo. Il a un large \u00e9ventail d&rsquo;utilisations dans l&rsquo;industrie, comme dans la pr\u00e9paration de mat\u00e9riaux r\u00e9fractaires et de papier.<\/p>\n","protected":false},"excerpt":{"rendered":"<ul>\n<li>CAS : 18917-93-6<\/li>\n<li>Formule chimique: C<sub>6<\/sub>H<sub>16<\/sub>MgO<sub>9<\/sub><\/li>\n<li>Certifications : KOSHER, ISO, HALAL, FSSC 22000, BRC, etc.<\/li>\n<li>Quantit\u00e9 minimum de commande : 1000 kg<\/li>\n<li>Dur\u00e9e de conservation : 2 ans<\/li>\n<\/ul>\n","protected":false},"featured_media":9697,"template":"","meta":{"site-sidebar-layout":"default","site-content-layout":"","ast-site-content-layout":"default","site-content-style":"default","site-sidebar-style":"default","ast-global-header-display":"","ast-banner-title-visibility":"","ast-main-header-display":"","ast-hfb-above-header-display":"","ast-hfb-below-header-display":"","ast-hfb-mobile-header-display":"","site-post-title":"","ast-breadcrumbs-content":"","ast-featured-img":"","footer-sml-layout":"","theme-transparent-header-meta":"default","adv-header-id-meta":"","stick-header-meta":"","header-above-stick-meta":"","header-main-stick-meta":"","header-below-stick-meta":"","astra-migrate-meta-layouts":"set","ast-page-background-enabled":"default","ast-page-background-meta":{"desktop":{"background-color":"var(--ast-global-color-4)","background-image":"","background-repeat":"repeat","background-position":"center center","background-size":"auto","background-attachment":"scroll","background-type":"","background-media":"","overlay-type":"","overlay-color":"","overlay-opacity":"","overlay-gradient":""},"tablet":{"background-color":"","background-image":"","background-repeat":"repeat","background-position":"center center","background-size":"auto","background-attachment":"scroll","background-type":"","background-media":"","overlay-type":"","overlay-color":"","overlay-opacity":"","overlay-gradient":""},"mobile":{"background-color":"","background-image":"","background-repeat":"repeat","background-position":"center center","background-size":"auto","background-attachment":"scroll","background-type":"","background-media":"","overlay-type":"","overlay-color":"","overlay-opacity":"","overlay-gradient":""}},"ast-content-background-meta":{"desktop":{"background-color":"var(--ast-global-color-5)","background-image":"","background-repeat":"repeat","background-position":"center center","background-size":"auto","background-attachment":"scroll","background-type":"","background-media":"","overlay-type":"","overlay-color":"","overlay-opacity":"","overlay-gradient":""},"tablet":{"background-color":"var(--ast-global-color-5)","background-image":"","background-repeat":"repeat","background-position":"center center","background-size":"auto","background-attachment":"scroll","background-type":"","background-media":"","overlay-type":"","overlay-color":"","overlay-opacity":"","overlay-gradient":""},"mobile":{"background-color":"var(--ast-global-color-5)","background-image":"","background-repeat":"repeat","background-position":"center center","background-size":"auto","background-attachment":"scroll","background-type":"","background-media":"","overlay-type":"","overlay-color":"","overlay-opacity":"","overlay-gradient":""}}},"product_brand":[],"product_cat":[106],"product_tag":[],"class_list":{"0":"post-9696","1":"product","2":"type-product","3":"status-publish","4":"has-post-thumbnail","6":"product_cat-produit-ameliorant-la-nutrition","7":"desktop-align-center","8":"tablet-align-left","9":"mobile-align-left","11":"first","12":"instock","13":"shipping-taxable","14":"product-type-simple"},"yoast_head":"<!-- This site is optimized with the Yoast SEO plugin v26.5 - https:\/\/yoast.com\/wordpress\/plugins\/seo\/ -->\n<title>Fournisseur de lactate de magn\u00e9sium, poudre de lactate de magn\u00e9sium E329 | Niranbio Chemical<\/title>\n<meta name=\"description\" content=\"Notre lactate de magn\u00e9sium est une poudre cristalline ou des granul\u00e9s de couleur blanche \u00e0 cr\u00e8me, et est largement utilis\u00e9 dans les aliments, les boissons, les produits laitiers, la farine, les solutions nutritives et les produits pharmaceutiques.\" \/>\n<meta name=\"robots\" content=\"noindex, follow, max-snippet:-1, max-image-preview:large, max-video-preview:-1\" \/>\n<meta name=\"twitter:label1\" content=\"Dur\u00e9e de lecture estim\u00e9e\" \/>\n\t<meta name=\"twitter:data1\" content=\"4 minutes\" \/>\n<script type=\"application\/ld+json\" class=\"yoast-schema-graph\">{\"@context\":\"https:\/\/schema.org\",\"@graph\":[{\"@type\":\"WebPage\",\"@id\":\"https:\/\/theo.niranbio.com\/fr\/lactate-de-magnesium.html\",\"url\":\"https:\/\/theo.niranbio.com\/fr\/lactate-de-magnesium.html\",\"name\":\"Fournisseur de lactate de magn\u00e9sium, poudre de lactate de magn\u00e9sium E329 | Niranbio Chemical\",\"isPartOf\":{\"@id\":\"https:\/\/theo.niranbio.com\/fr\/#website\"},\"primaryImageOfPage\":{\"@id\":\"https:\/\/theo.niranbio.com\/fr\/lactate-de-magnesium.html#primaryimage\"},\"image\":{\"@id\":\"https:\/\/theo.niranbio.com\/fr\/lactate-de-magnesium.html#primaryimage\"},\"thumbnailUrl\":\"https:\/\/theo.niranbio.com\/wp-content\/uploads\/2024\/06\/Magnesium-Lactate.webp\",\"datePublished\":\"2024-06-20T03:29:16+00:00\",\"dateModified\":\"2024-08-19T03:40:41+00:00\",\"description\":\"Notre lactate de magn\u00e9sium est une poudre cristalline ou des granul\u00e9s de couleur blanche \u00e0 cr\u00e8me, et est largement utilis\u00e9 dans les aliments, les boissons, les produits laitiers, la farine, les solutions nutritives et les produits pharmaceutiques.\",\"breadcrumb\":{\"@id\":\"https:\/\/theo.niranbio.com\/fr\/lactate-de-magnesium.html#breadcrumb\"},\"inLanguage\":\"fr-FR\",\"potentialAction\":[{\"@type\":\"ReadAction\",\"target\":[\"https:\/\/theo.niranbio.com\/fr\/lactate-de-magnesium.html\"]}]},{\"@type\":\"ImageObject\",\"inLanguage\":\"fr-FR\",\"@id\":\"https:\/\/theo.niranbio.com\/fr\/lactate-de-magnesium.html#primaryimage\",\"url\":\"https:\/\/theo.niranbio.com\/wp-content\/uploads\/2024\/06\/Magnesium-Lactate.webp\",\"contentUrl\":\"https:\/\/theo.niranbio.com\/wp-content\/uploads\/2024\/06\/Magnesium-Lactate.webp\",\"width\":600,\"height\":600,\"caption\":\"Lactate de magn\u00e9sium\"},{\"@type\":\"BreadcrumbList\",\"@id\":\"https:\/\/theo.niranbio.com\/fr\/lactate-de-magnesium.html#breadcrumb\",\"itemListElement\":[{\"@type\":\"ListItem\",\"position\":1,\"name\":\"Home\",\"item\":\"https:\/\/theo.niranbio.com\/fr\/\"},{\"@type\":\"ListItem\",\"position\":2,\"name\":\"Produits\",\"item\":\"https:\/\/theo.niranbio.com\/fr\/produits.html\"},{\"@type\":\"ListItem\",\"position\":3,\"name\":\"Am\u00e9liorant la Nutrition\",\"item\":\"https:\/\/theo.niranbio.com\/fr\/produit-ameliorant-la-nutrition\/\"},{\"@type\":\"ListItem\",\"position\":4,\"name\":\"Lactate de magn\u00e9sium\"}]},{\"@type\":\"WebSite\",\"@id\":\"https:\/\/theo.niranbio.com\/fr\/#website\",\"url\":\"https:\/\/theo.niranbio.com\/fr\/\",\"name\":\"Niranbio Chemical\",\"description\":\"\",\"publisher\":{\"@id\":\"https:\/\/theo.niranbio.com\/fr\/#organization\"},\"potentialAction\":[{\"@type\":\"SearchAction\",\"target\":{\"@type\":\"EntryPoint\",\"urlTemplate\":\"https:\/\/theo.niranbio.com\/fr\/?s={search_term_string}\"},\"query-input\":{\"@type\":\"PropertyValueSpecification\",\"valueRequired\":true,\"valueName\":\"search_term_string\"}}],\"inLanguage\":\"fr-FR\"},{\"@type\":\"Organization\",\"@id\":\"https:\/\/theo.niranbio.com\/fr\/#organization\",\"name\":\"Niranbio Chemical\",\"url\":\"https:\/\/theo.niranbio.com\/fr\/\",\"logo\":{\"@type\":\"ImageObject\",\"inLanguage\":\"fr-FR\",\"@id\":\"https:\/\/theo.niranbio.com\/fr\/#\/schema\/logo\/image\/\",\"url\":\"https:\/\/theo.niranbio.com\/wp-content\/uploads\/2024\/06\/Niranbio.png\",\"contentUrl\":\"https:\/\/theo.niranbio.com\/wp-content\/uploads\/2024\/06\/Niranbio.png\",\"width\":270,\"height\":100,\"caption\":\"Niranbio Chemical\"},\"image\":{\"@id\":\"https:\/\/theo.niranbio.com\/fr\/#\/schema\/logo\/image\/\"}}]}<\/script>\n<!-- \/ Yoast SEO plugin. -->","yoast_head_json":{"title":"Fournisseur de lactate de magn\u00e9sium, poudre de lactate de magn\u00e9sium E329 | Niranbio Chemical","description":"Notre lactate de magn\u00e9sium est une poudre cristalline ou des granul\u00e9s de couleur blanche \u00e0 cr\u00e8me, et est largement utilis\u00e9 dans les aliments, les boissons, les produits laitiers, la farine, les solutions nutritives et les produits pharmaceutiques.","robots":{"index":"noindex","follow":"follow","max-snippet":"max-snippet:-1","max-image-preview":"max-image-preview:large","max-video-preview":"max-video-preview:-1"},"twitter_misc":{"Dur\u00e9e de lecture estim\u00e9e":"4 minutes"},"schema":{"@context":"https:\/\/schema.org","@graph":[{"@type":"WebPage","@id":"https:\/\/theo.niranbio.com\/fr\/lactate-de-magnesium.html","url":"https:\/\/theo.niranbio.com\/fr\/lactate-de-magnesium.html","name":"Fournisseur de lactate de magn\u00e9sium, poudre de lactate de magn\u00e9sium E329 | Niranbio Chemical","isPartOf":{"@id":"https:\/\/theo.niranbio.com\/fr\/#website"},"primaryImageOfPage":{"@id":"https:\/\/theo.niranbio.com\/fr\/lactate-de-magnesium.html#primaryimage"},"image":{"@id":"https:\/\/theo.niranbio.com\/fr\/lactate-de-magnesium.html#primaryimage"},"thumbnailUrl":"https:\/\/theo.niranbio.com\/wp-content\/uploads\/2024\/06\/Magnesium-Lactate.webp","datePublished":"2024-06-20T03:29:16+00:00","dateModified":"2024-08-19T03:40:41+00:00","description":"Notre lactate de magn\u00e9sium est une poudre cristalline ou des granul\u00e9s de couleur blanche \u00e0 cr\u00e8me, et est largement utilis\u00e9 dans les aliments, les boissons, les produits laitiers, la farine, les solutions nutritives et les produits pharmaceutiques.","breadcrumb":{"@id":"https:\/\/theo.niranbio.com\/fr\/lactate-de-magnesium.html#breadcrumb"},"inLanguage":"fr-FR","potentialAction":[{"@type":"ReadAction","target":["https:\/\/theo.niranbio.com\/fr\/lactate-de-magnesium.html"]}]},{"@type":"ImageObject","inLanguage":"fr-FR","@id":"https:\/\/theo.niranbio.com\/fr\/lactate-de-magnesium.html#primaryimage","url":"https:\/\/theo.niranbio.com\/wp-content\/uploads\/2024\/06\/Magnesium-Lactate.webp","contentUrl":"https:\/\/theo.niranbio.com\/wp-content\/uploads\/2024\/06\/Magnesium-Lactate.webp","width":600,"height":600,"caption":"Lactate de magn\u00e9sium"},{"@type":"BreadcrumbList","@id":"https:\/\/theo.niranbio.com\/fr\/lactate-de-magnesium.html#breadcrumb","itemListElement":[{"@type":"ListItem","position":1,"name":"Home","item":"https:\/\/theo.niranbio.com\/fr\/"},{"@type":"ListItem","position":2,"name":"Produits","item":"https:\/\/theo.niranbio.com\/fr\/produits.html"},{"@type":"ListItem","position":3,"name":"Am\u00e9liorant la Nutrition","item":"https:\/\/theo.niranbio.com\/fr\/produit-ameliorant-la-nutrition\/"},{"@type":"ListItem","position":4,"name":"Lactate de magn\u00e9sium"}]},{"@type":"WebSite","@id":"https:\/\/theo.niranbio.com\/fr\/#website","url":"https:\/\/theo.niranbio.com\/fr\/","name":"Niranbio Chemical","description":"","publisher":{"@id":"https:\/\/theo.niranbio.com\/fr\/#organization"},"potentialAction":[{"@type":"SearchAction","target":{"@type":"EntryPoint","urlTemplate":"https:\/\/theo.niranbio.com\/fr\/?s={search_term_string}"},"query-input":{"@type":"PropertyValueSpecification","valueRequired":true,"valueName":"search_term_string"}}],"inLanguage":"fr-FR"},{"@type":"Organization","@id":"https:\/\/theo.niranbio.com\/fr\/#organization","name":"Niranbio Chemical","url":"https:\/\/theo.niranbio.com\/fr\/","logo":{"@type":"ImageObject","inLanguage":"fr-FR","@id":"https:\/\/theo.niranbio.com\/fr\/#\/schema\/logo\/image\/","url":"https:\/\/theo.niranbio.com\/wp-content\/uploads\/2024\/06\/Niranbio.png","contentUrl":"https:\/\/theo.niranbio.com\/wp-content\/uploads\/2024\/06\/Niranbio.png","width":270,"height":100,"caption":"Niranbio Chemical"},"image":{"@id":"https:\/\/theo.niranbio.com\/fr\/#\/schema\/logo\/image\/"}}]}},"_links":{"self":[{"href":"https:\/\/theo.niranbio.com\/fr\/wp-json\/wp\/v2\/product\/9696","targetHints":{"allow":["GET"]}}],"collection":[{"href":"https:\/\/theo.niranbio.com\/fr\/wp-json\/wp\/v2\/product"}],"about":[{"href":"https:\/\/theo.niranbio.com\/fr\/wp-json\/wp\/v2\/types\/product"}],"version-history":[{"count":0,"href":"https:\/\/theo.niranbio.com\/fr\/wp-json\/wp\/v2\/product\/9696\/revisions"}],"wp:featuredmedia":[{"embeddable":true,"href":"https:\/\/theo.niranbio.com\/fr\/wp-json\/wp\/v2\/media\/9697"}],"wp:attachment":[{"href":"https:\/\/theo.niranbio.com\/fr\/wp-json\/wp\/v2\/media?parent=9696"}],"wp:term":[{"taxonomy":"product_brand","embeddable":true,"href":"https:\/\/theo.niranbio.com\/fr\/wp-json\/wp\/v2\/product_brand?post=9696"},{"taxonomy":"product_cat","embeddable":true,"href":"https:\/\/theo.niranbio.com\/fr\/wp-json\/wp\/v2\/product_cat?post=9696"},{"taxonomy":"product_tag","embeddable":true,"href":"https:\/\/theo.niranbio.com\/fr\/wp-json\/wp\/v2\/product_tag?post=9696"}],"curies":[{"name":"wp","href":"https:\/\/api.w.org\/{rel}","templated":true}]}}