{"id":9692,"date":"2024-06-20T11:48:21","date_gmt":"2024-06-20T03:48:21","guid":{"rendered":"https:\/\/theo.niranbio.com\/levure-de-riz-rouge\/"},"modified":"2024-08-19T13:50:44","modified_gmt":"2024-08-19T05:50:44","slug":"levure-de-riz-rouge","status":"publish","type":"product","link":"https:\/\/theo.niranbio.com\/fr\/levure-de-riz-rouge.html","title":{"rendered":"Levure de riz rouge"},"content":{"rendered":"<h2><span class=\"ez-toc-section\" id=\"Quest-ce_que_la_levure_de_riz_rouge\"><\/span>Qu&rsquo;est-ce que la levure de riz rouge ?<span class=\"ez-toc-section-end\"><\/span><\/h2>\n<p>La levure de riz rouge est un produit naturel fabriqu\u00e9 \u00e0 partir de riz ferment\u00e9 par monascus purpureus, principalement utilis\u00e9 dans les colorants alimentaires et les produits de sant\u00e9. Sa couleur rouge vif provient de la monascusine et du monascus, tandis que la lovastatine a pour effet de r\u00e9duire le cholest\u00e9rol. La levure de riz rouge est utilis\u00e9e dans l&rsquo;industrie alimentaire pour am\u00e9liorer la couleur et la saveur, dans les produits de sant\u00e9 pour r\u00e9duire le taux de cholest\u00e9rol et comme mati\u00e8re m\u00e9dicinale en m\u00e9decine traditionnelle.<\/p>\n<p>Le processus de pr\u00e9paration de la levure de riz rouge de qualit\u00e9 alimentaire comprend principalement la fermentation traditionnelle, la fermentation liquide et la technologie de fermentation moderne. La m\u00e9thode de fermentation traditionnelle est le processus le plus ancien, qui consiste \u00e0 fermenter le riz dans un environnement contr\u00f4l\u00e9 apr\u00e8s l&rsquo;avoir inocul\u00e9 avec du monascus purpureus, puis \u00e0 le s\u00e9cher. Cette m\u00e9thode est simple et peu co\u00fbteuse, mais le cycle de fermentation est long et le rendement et la concentration en pigments sont faibles. La m\u00e9thode de fermentation liquide utilise un milieu de culture liquide pour la fermentation.<\/p>\n<p>Cette m\u00e9thode permet de mieux contr\u00f4ler les conditions de fermentation telles que la temp\u00e9rature et le pH, am\u00e9liorant ainsi le rendement et la qualit\u00e9 de la monascusine. Apr\u00e8s la fermentation, la monascusine est extraite par filtration et concentration. Ce processus peut produire plus de pigment \u00e0 une concentration plus \u00e9lev\u00e9e et convient \u00e0 la fabrication \u00e0 grande \u00e9chelle. La technologie de fermentation moderne est optimis\u00e9e sur la base de la fermentation traditionnelle et liquide, en utilisant des syst\u00e8mes automatis\u00e9s pour contr\u00f4ler avec pr\u00e9cision les conditions de fermentation et en am\u00e9liorant les milieux de culture et la technologie de post-traitement pour am\u00e9liorer l&rsquo;efficacit\u00e9 de la production et la coh\u00e9rence du produit. Ce processus est devenu courant car il am\u00e9liore non seulement le rendement et la qualit\u00e9, mais garantit \u00e9galement la stabilit\u00e9 du produit et la s\u00e9curit\u00e9 alimentaire.<\/p>\n<h2><span class=\"ez-toc-section\" id=\"Parametres_associes\"><\/span>Param\u00e8tres associ\u00e9s :<span class=\"ez-toc-section-end\"><\/span><\/h2>\n<table>\n<tbody>\n<tr>\n<td>\u00c9L\u00c9MENTS<\/td>\n<td>STANDARD<\/td>\n<\/tr>\n<tr>\n<td>Densit\u00e9 du robinet<\/td>\n<td>0,79-1,0 g\/ml<\/td>\n<\/tr>\n<tr>\n<td>Humidit\u00e9, %<\/td>\n<td>\u2264 10<\/td>\n<\/tr>\n<tr>\n<td>M\u00e9tal lourd (Pb),ppm<\/td>\n<td>\u2264 1<\/td>\n<\/tr>\n<tr>\n<td>As,ppm<\/td>\n<td>\u2264 1<\/td>\n<\/tr>\n<tr>\n<td>Aflatoxine B1\uff0cppb<\/td>\n<td>\u2264 5.0<\/td>\n<\/tr>\n<tr>\n<td>Citrinine (limite de test\u226450ppb)<\/td>\n<td>Non d\u00e9tect\u00e9<\/td>\n<\/tr>\n<tr>\n<td>Levures<\/td>\n<td>\u226425 cfu\/g<\/td>\n<\/tr>\n<tr>\n<td>Moule<\/td>\n<td>\u226425 cfu\/g<\/td>\n<\/tr>\n<tr>\n<td>Plaque totale<\/td>\n<td>\u22641000 ufc\/g<\/td>\n<\/tr>\n<tr>\n<td>E.coli<\/td>\n<td>\u226430 cfu\/g<\/td>\n<\/tr>\n<tr>\n<td>Bact\u00e9ries pathog\u00e8nes<\/td>\n<td>Absence<\/td>\n<\/tr>\n<\/tbody>\n<\/table>\n<h2><span class=\"ez-toc-section\" id=\"Dosage_recommande\"><\/span>Dosage recommand\u00e9 :<span class=\"ez-toc-section-end\"><\/span><\/h2>\n<table>\n<tbody>\n<tr>\n<td>Nom de l&rsquo;aliment<\/td>\n<td>Utilisation maximale (g\/kg)<\/td>\n<\/tr>\n<tr>\n<td>Chocolat<\/td>\n<td>0,1 &#8211; 0,5 g\/kg<\/td>\n<\/tr>\n<tr>\n<td>Biscuits<\/td>\n<td>0,1 &#8211; 0,3 g\/kg<\/td>\n<\/tr>\n<tr>\n<td>Bonbons<\/td>\n<td>0,2 &#8211; 0,5 g\/kg<\/td>\n<\/tr>\n<tr>\n<td>Boissons<\/td>\n<td>0,1 &#8211; 0,3 g\/kg<\/td>\n<\/tr>\n<tr>\n<td>Assaisonnements<\/td>\n<td>0,2 &#8211; 0,5 g\/kg<\/td>\n<\/tr>\n<tr>\n<td>Produits laitiers<\/td>\n<td>0,1 &#8211; 0,2 g\/kg<\/td>\n<\/tr>\n<tr>\n<td>Produits \u00e0 base de viande<\/td>\n<td>0,1 &#8211; 0,2 g\/kg<\/td>\n<\/tr>\n<tr>\n<td>Boissons \u00e9nerg\u00e9tiques<\/td>\n<td>0,1 &#8211; 0,2 g\/kg<\/td>\n<\/tr>\n<tr>\n<td>Produits de boulangerie<\/td>\n<td>0,1 &#8211; 0,2 g\/kg<\/td>\n<\/tr>\n<tr>\n<td>Sauces \u00e0 salade<\/td>\n<td>0,1 &#8211; 0,3 g\/kg<\/td>\n<\/tr>\n<tr>\n<td>Suppl\u00e9ments de prot\u00e9ines<\/td>\n<td>0,1 &#8211; 0,3 g\/kg<\/td>\n<\/tr>\n<tr>\n<td>Assaisonnement pour barbecue<\/td>\n<td>0,1 &#8211; 0,3 g\/kg<\/td>\n<\/tr>\n<tr>\n<td>Compl\u00e9ments alimentaires<\/td>\n<td>0,1 &#8211; 0,5 g\/kg<\/td>\n<\/tr>\n<\/tbody>\n<\/table>\n<h2><span class=\"ez-toc-section\" id=\"La_levure_de_riz_rouge_a_une_large_gamme_dutilisations\"><\/span>La levure de riz rouge a une large gamme d&rsquo;utilisations<span class=\"ez-toc-section-end\"><\/span><\/h2>\n<ol>\n<li>Colorant naturel : Le pigment de la levure de riz rouge lui donne une couleur rouge vif, il est donc largement utilis\u00e9 comme colorant naturel pour les aliments et les boissons. Par rapport aux pigments synth\u00e9tiques, la levure de riz rouge offre une solution de couleur naturelle pour une vari\u00e9t\u00e9 d&rsquo;aliments tels que le chocolat, les p\u00e2tisseries, la cr\u00e8me glac\u00e9e, etc.<\/li>\n<li>R\u00e9duction du cholest\u00e9rol : La levure de riz rouge contient l&rsquo;ingr\u00e9dient actif lovastatine, un compos\u00e9 de statine naturel qui a un effet hypocholest\u00e9rol\u00e9miant. La lovastatine abaisse le taux de cholest\u00e9rol sanguin en inhibant la HMG-CoA r\u00e9ductase, contribuant ainsi \u00e0 pr\u00e9venir et \u00e0 traiter l&rsquo;hypercholest\u00e9rol\u00e9mie et l&rsquo;ath\u00e9roscl\u00e9rose.<\/li>\n<li>Am\u00e9liorer la saveur : Dans certains aliments, la levure de riz rouge n&rsquo;est pas seulement utilis\u00e9e comme colorant, mais apporte \u00e9galement une saveur unique. Ses produits ferment\u00e9s peuvent rehausser la saveur des aliments, en particulier dans certains aliments et condiments traditionnels, tels que la sauce soja et les sauces d&rsquo;assaisonnement.<\/li>\n<li>Fonction de sant\u00e9 alimentaire : Certains composants de la levure de riz rouge ont des propri\u00e9t\u00e9s antioxydantes et d&rsquo;autres avantages potentiels pour la sant\u00e9. Dans certains produits de sant\u00e9, elle est utilis\u00e9e comme compl\u00e9ment qui peut aider \u00e0 am\u00e9liorer la sant\u00e9 du sang et le m\u00e9tabolisme global.<\/li>\n<\/ol>\n<h2><span class=\"ez-toc-section\" id=\"Question_posee_par_lutilisateur\"><\/span>Question pos\u00e9e par l&rsquo;utilisateur :<span class=\"ez-toc-section-end\"><\/span><\/h2>\n<p>Question : Manger trop de levure de riz rouge de qualit\u00e9 alimentaire entra\u00eenera-t-il une augmentation du cholest\u00e9rol sanguin ?<\/p>\n<p>R\u00e9ponse : Une consommation excessive de levure de riz rouge de qualit\u00e9 alimentaire peut pr\u00e9senter des risques pour la sant\u00e9, principalement en raison de l&rsquo;ingr\u00e9dient actif lovastatine qu&rsquo;elle contient. Bien que la lovastatine aide \u00e0 r\u00e9duire le cholest\u00e9rol, une consommation excessive peut provoquer des douleurs musculaires, des crampes ou des l\u00e9sions musculaires, et peut \u00e9galement provoquer des probl\u00e8mes h\u00e9patiques, tels que des taux \u00e9lev\u00e9s d&rsquo;enzymes h\u00e9patiques et une fonction h\u00e9patique anormale.<\/p>\n<p>De plus, une consommation excessive de levure de riz rouge peut entra\u00eener des taux de cholest\u00e9rol anormaux. Bien que sa fonction principale soit de r\u00e9duire le cholest\u00e9rol, une consommation excessive peut provoquer un inconfort physique. Des doses excessives de levure de riz rouge peuvent potentiellement interagir avec d&rsquo;autres m\u00e9dicaments, augmentant ainsi la possibilit\u00e9 d&rsquo;effets secondaires n\u00e9gatifs.<\/p>\n","protected":false},"excerpt":{"rendered":"<ul>\n<li>CAS: 28755-30-6<\/li>\n<li>Formule chimique: C21H22O5<\/li>\n<li>Certifications : KOSHER, ISO, HALAL, FSSC 22000, BRC, etc.<\/li>\n<li>Quantit\u00e9 minimum de commande : 1000 kg<\/li>\n<li>Dur\u00e9e de conservation : 2 ans<\/li>\n<\/ul>\n","protected":false},"featured_media":9694,"template":"","meta":{"site-sidebar-layout":"default","site-content-layout":"","ast-site-content-layout":"default","site-content-style":"default","site-sidebar-style":"default","ast-global-header-display":"","ast-banner-title-visibility":"","ast-main-header-display":"","ast-hfb-above-header-display":"","ast-hfb-below-header-display":"","ast-hfb-mobile-header-display":"","site-post-title":"","ast-breadcrumbs-content":"","ast-featured-img":"","footer-sml-layout":"","theme-transparent-header-meta":"default","adv-header-id-meta":"","stick-header-meta":"","header-above-stick-meta":"","header-main-stick-meta":"","header-below-stick-meta":"","astra-migrate-meta-layouts":"set","ast-page-background-enabled":"default","ast-page-background-meta":{"desktop":{"background-color":"var(--ast-global-color-4)","background-image":"","background-repeat":"repeat","background-position":"center center","background-size":"auto","background-attachment":"scroll","background-type":"","background-media":"","overlay-type":"","overlay-color":"","overlay-opacity":"","overlay-gradient":""},"tablet":{"background-color":"","background-image":"","background-repeat":"repeat","background-position":"center center","background-size":"auto","background-attachment":"scroll","background-type":"","background-media":"","overlay-type":"","overlay-color":"","overlay-opacity":"","overlay-gradient":""},"mobile":{"background-color":"","background-image":"","background-repeat":"repeat","background-position":"center center","background-size":"auto","background-attachment":"scroll","background-type":"","background-media":"","overlay-type":"","overlay-color":"","overlay-opacity":"","overlay-gradient":""}},"ast-content-background-meta":{"desktop":{"background-color":"var(--ast-global-color-5)","background-image":"","background-repeat":"repeat","background-position":"center center","background-size":"auto","background-attachment":"scroll","background-type":"","background-media":"","overlay-type":"","overlay-color":"","overlay-opacity":"","overlay-gradient":""},"tablet":{"background-color":"var(--ast-global-color-5)","background-image":"","background-repeat":"repeat","background-position":"center center","background-size":"auto","background-attachment":"scroll","background-type":"","background-media":"","overlay-type":"","overlay-color":"","overlay-opacity":"","overlay-gradient":""},"mobile":{"background-color":"var(--ast-global-color-5)","background-image":"","background-repeat":"repeat","background-position":"center center","background-size":"auto","background-attachment":"scroll","background-type":"","background-media":"","overlay-type":"","overlay-color":"","overlay-opacity":"","overlay-gradient":""}}},"product_brand":[],"product_cat":[103],"product_tag":[],"class_list":{"0":"post-9692","1":"product","2":"type-product","3":"status-publish","4":"has-post-thumbnail","6":"product_cat-produit-colorant","7":"desktop-align-center","8":"tablet-align-left","9":"mobile-align-left","11":"first","12":"instock","13":"shipping-taxable","14":"product-type-simple"},"yoast_head":"<!-- This site is optimized with the Yoast SEO plugin v26.5 - https:\/\/yoast.com\/wordpress\/plugins\/seo\/ -->\n<title>Levure de Riz Rouge Achat Prix | Niranbio Chemical<\/title>\n<meta name=\"description\" content=\"Le pigment de la levure de riz rouge lui donne une couleur rouge vif, il est donc largement utilis\u00e9 comme colorant naturel pour les aliments et les boissons.\" \/>\n<meta name=\"robots\" content=\"noindex, follow, max-snippet:-1, max-image-preview:large, max-video-preview:-1\" \/>\n<meta name=\"twitter:label1\" content=\"Dur\u00e9e de lecture estim\u00e9e\" \/>\n\t<meta name=\"twitter:data1\" content=\"4 minutes\" \/>\n<script type=\"application\/ld+json\" class=\"yoast-schema-graph\">{\"@context\":\"https:\/\/schema.org\",\"@graph\":[{\"@type\":\"WebPage\",\"@id\":\"https:\/\/theo.niranbio.com\/fr\/levure-de-riz-rouge.html\",\"url\":\"https:\/\/theo.niranbio.com\/fr\/levure-de-riz-rouge.html\",\"name\":\"Levure de Riz Rouge Achat Prix | Niranbio Chemical\",\"isPartOf\":{\"@id\":\"https:\/\/theo.niranbio.com\/fr\/#website\"},\"primaryImageOfPage\":{\"@id\":\"https:\/\/theo.niranbio.com\/fr\/levure-de-riz-rouge.html#primaryimage\"},\"image\":{\"@id\":\"https:\/\/theo.niranbio.com\/fr\/levure-de-riz-rouge.html#primaryimage\"},\"thumbnailUrl\":\"https:\/\/theo.niranbio.com\/wp-content\/uploads\/2024\/06\/Red-Yeast-Rice.webp\",\"datePublished\":\"2024-06-20T03:48:21+00:00\",\"dateModified\":\"2024-08-19T05:50:44+00:00\",\"description\":\"Le pigment de la levure de riz rouge lui donne une couleur rouge vif, il est donc largement utilis\u00e9 comme colorant naturel pour les aliments et les boissons.\",\"breadcrumb\":{\"@id\":\"https:\/\/theo.niranbio.com\/fr\/levure-de-riz-rouge.html#breadcrumb\"},\"inLanguage\":\"fr-FR\",\"potentialAction\":[{\"@type\":\"ReadAction\",\"target\":[\"https:\/\/theo.niranbio.com\/fr\/levure-de-riz-rouge.html\"]}]},{\"@type\":\"ImageObject\",\"inLanguage\":\"fr-FR\",\"@id\":\"https:\/\/theo.niranbio.com\/fr\/levure-de-riz-rouge.html#primaryimage\",\"url\":\"https:\/\/theo.niranbio.com\/wp-content\/uploads\/2024\/06\/Red-Yeast-Rice.webp\",\"contentUrl\":\"https:\/\/theo.niranbio.com\/wp-content\/uploads\/2024\/06\/Red-Yeast-Rice.webp\",\"width\":600,\"height\":600,\"caption\":\"Riz \u00e0 la levure rouge\"},{\"@type\":\"BreadcrumbList\",\"@id\":\"https:\/\/theo.niranbio.com\/fr\/levure-de-riz-rouge.html#breadcrumb\",\"itemListElement\":[{\"@type\":\"ListItem\",\"position\":1,\"name\":\"Home\",\"item\":\"https:\/\/theo.niranbio.com\/fr\/\"},{\"@type\":\"ListItem\",\"position\":2,\"name\":\"Produits\",\"item\":\"https:\/\/theo.niranbio.com\/fr\/produits.html\"},{\"@type\":\"ListItem\",\"position\":3,\"name\":\"Colorant\",\"item\":\"https:\/\/theo.niranbio.com\/fr\/produit-colorant\/\"},{\"@type\":\"ListItem\",\"position\":4,\"name\":\"Levure de riz rouge\"}]},{\"@type\":\"WebSite\",\"@id\":\"https:\/\/theo.niranbio.com\/fr\/#website\",\"url\":\"https:\/\/theo.niranbio.com\/fr\/\",\"name\":\"Niranbio Chemical\",\"description\":\"\",\"publisher\":{\"@id\":\"https:\/\/theo.niranbio.com\/fr\/#organization\"},\"potentialAction\":[{\"@type\":\"SearchAction\",\"target\":{\"@type\":\"EntryPoint\",\"urlTemplate\":\"https:\/\/theo.niranbio.com\/fr\/?s={search_term_string}\"},\"query-input\":{\"@type\":\"PropertyValueSpecification\",\"valueRequired\":true,\"valueName\":\"search_term_string\"}}],\"inLanguage\":\"fr-FR\"},{\"@type\":\"Organization\",\"@id\":\"https:\/\/theo.niranbio.com\/fr\/#organization\",\"name\":\"Niranbio Chemical\",\"url\":\"https:\/\/theo.niranbio.com\/fr\/\",\"logo\":{\"@type\":\"ImageObject\",\"inLanguage\":\"fr-FR\",\"@id\":\"https:\/\/theo.niranbio.com\/fr\/#\/schema\/logo\/image\/\",\"url\":\"https:\/\/theo.niranbio.com\/wp-content\/uploads\/2024\/06\/Niranbio.png\",\"contentUrl\":\"https:\/\/theo.niranbio.com\/wp-content\/uploads\/2024\/06\/Niranbio.png\",\"width\":270,\"height\":100,\"caption\":\"Niranbio Chemical\"},\"image\":{\"@id\":\"https:\/\/theo.niranbio.com\/fr\/#\/schema\/logo\/image\/\"}}]}<\/script>\n<!-- \/ Yoast SEO plugin. -->","yoast_head_json":{"title":"Levure de Riz Rouge Achat Prix | Niranbio Chemical","description":"Le pigment de la levure de riz rouge lui donne une couleur rouge vif, il est donc largement utilis\u00e9 comme colorant naturel pour les aliments et les boissons.","robots":{"index":"noindex","follow":"follow","max-snippet":"max-snippet:-1","max-image-preview":"max-image-preview:large","max-video-preview":"max-video-preview:-1"},"twitter_misc":{"Dur\u00e9e de lecture estim\u00e9e":"4 minutes"},"schema":{"@context":"https:\/\/schema.org","@graph":[{"@type":"WebPage","@id":"https:\/\/theo.niranbio.com\/fr\/levure-de-riz-rouge.html","url":"https:\/\/theo.niranbio.com\/fr\/levure-de-riz-rouge.html","name":"Levure de Riz Rouge Achat Prix | Niranbio Chemical","isPartOf":{"@id":"https:\/\/theo.niranbio.com\/fr\/#website"},"primaryImageOfPage":{"@id":"https:\/\/theo.niranbio.com\/fr\/levure-de-riz-rouge.html#primaryimage"},"image":{"@id":"https:\/\/theo.niranbio.com\/fr\/levure-de-riz-rouge.html#primaryimage"},"thumbnailUrl":"https:\/\/theo.niranbio.com\/wp-content\/uploads\/2024\/06\/Red-Yeast-Rice.webp","datePublished":"2024-06-20T03:48:21+00:00","dateModified":"2024-08-19T05:50:44+00:00","description":"Le pigment de la levure de riz rouge lui donne une couleur rouge vif, il est donc largement utilis\u00e9 comme colorant naturel pour les aliments et les boissons.","breadcrumb":{"@id":"https:\/\/theo.niranbio.com\/fr\/levure-de-riz-rouge.html#breadcrumb"},"inLanguage":"fr-FR","potentialAction":[{"@type":"ReadAction","target":["https:\/\/theo.niranbio.com\/fr\/levure-de-riz-rouge.html"]}]},{"@type":"ImageObject","inLanguage":"fr-FR","@id":"https:\/\/theo.niranbio.com\/fr\/levure-de-riz-rouge.html#primaryimage","url":"https:\/\/theo.niranbio.com\/wp-content\/uploads\/2024\/06\/Red-Yeast-Rice.webp","contentUrl":"https:\/\/theo.niranbio.com\/wp-content\/uploads\/2024\/06\/Red-Yeast-Rice.webp","width":600,"height":600,"caption":"Riz \u00e0 la levure rouge"},{"@type":"BreadcrumbList","@id":"https:\/\/theo.niranbio.com\/fr\/levure-de-riz-rouge.html#breadcrumb","itemListElement":[{"@type":"ListItem","position":1,"name":"Home","item":"https:\/\/theo.niranbio.com\/fr\/"},{"@type":"ListItem","position":2,"name":"Produits","item":"https:\/\/theo.niranbio.com\/fr\/produits.html"},{"@type":"ListItem","position":3,"name":"Colorant","item":"https:\/\/theo.niranbio.com\/fr\/produit-colorant\/"},{"@type":"ListItem","position":4,"name":"Levure de riz rouge"}]},{"@type":"WebSite","@id":"https:\/\/theo.niranbio.com\/fr\/#website","url":"https:\/\/theo.niranbio.com\/fr\/","name":"Niranbio Chemical","description":"","publisher":{"@id":"https:\/\/theo.niranbio.com\/fr\/#organization"},"potentialAction":[{"@type":"SearchAction","target":{"@type":"EntryPoint","urlTemplate":"https:\/\/theo.niranbio.com\/fr\/?s={search_term_string}"},"query-input":{"@type":"PropertyValueSpecification","valueRequired":true,"valueName":"search_term_string"}}],"inLanguage":"fr-FR"},{"@type":"Organization","@id":"https:\/\/theo.niranbio.com\/fr\/#organization","name":"Niranbio Chemical","url":"https:\/\/theo.niranbio.com\/fr\/","logo":{"@type":"ImageObject","inLanguage":"fr-FR","@id":"https:\/\/theo.niranbio.com\/fr\/#\/schema\/logo\/image\/","url":"https:\/\/theo.niranbio.com\/wp-content\/uploads\/2024\/06\/Niranbio.png","contentUrl":"https:\/\/theo.niranbio.com\/wp-content\/uploads\/2024\/06\/Niranbio.png","width":270,"height":100,"caption":"Niranbio Chemical"},"image":{"@id":"https:\/\/theo.niranbio.com\/fr\/#\/schema\/logo\/image\/"}}]}},"_links":{"self":[{"href":"https:\/\/theo.niranbio.com\/fr\/wp-json\/wp\/v2\/product\/9692","targetHints":{"allow":["GET"]}}],"collection":[{"href":"https:\/\/theo.niranbio.com\/fr\/wp-json\/wp\/v2\/product"}],"about":[{"href":"https:\/\/theo.niranbio.com\/fr\/wp-json\/wp\/v2\/types\/product"}],"version-history":[{"count":0,"href":"https:\/\/theo.niranbio.com\/fr\/wp-json\/wp\/v2\/product\/9692\/revisions"}],"wp:featuredmedia":[{"embeddable":true,"href":"https:\/\/theo.niranbio.com\/fr\/wp-json\/wp\/v2\/media\/9694"}],"wp:attachment":[{"href":"https:\/\/theo.niranbio.com\/fr\/wp-json\/wp\/v2\/media?parent=9692"}],"wp:term":[{"taxonomy":"product_brand","embeddable":true,"href":"https:\/\/theo.niranbio.com\/fr\/wp-json\/wp\/v2\/product_brand?post=9692"},{"taxonomy":"product_cat","embeddable":true,"href":"https:\/\/theo.niranbio.com\/fr\/wp-json\/wp\/v2\/product_cat?post=9692"},{"taxonomy":"product_tag","embeddable":true,"href":"https:\/\/theo.niranbio.com\/fr\/wp-json\/wp\/v2\/product_tag?post=9692"}],"curies":[{"name":"wp","href":"https:\/\/api.w.org\/{rel}","templated":true}]}}