{"id":9688,"date":"2024-06-20T10:17:20","date_gmt":"2024-06-20T02:17:20","guid":{"rendered":"https:\/\/theo.niranbio.com\/benzoate-de-sodium-de-qualite-alimentaire\/"},"modified":"2024-08-19T13:43:42","modified_gmt":"2024-08-19T05:43:42","slug":"benzoate-de-sodium-de-qualite-alimentaire","status":"publish","type":"product","link":"https:\/\/theo.niranbio.com\/fr\/benzoate-de-sodium-de-qualite-alimentaire.html","title":{"rendered":"Benzoate de sodium de qualit\u00e9 alimentaire"},"content":{"rendered":"<h2><span class=\"ez-toc-section\" id=\"Quest-ce_que_le_Benzoate_de_sodium\"><\/span><strong><b>Qu&rsquo;est-ce que le <\/b><\/strong><strong><b>Benzoate de sodium<\/b><\/strong><strong><b>?<\/b><\/strong><span class=\"ez-toc-section-end\"><\/span><\/h2>\n<p>Le benzoate de sodium est une substance organique qui se pr\u00e9sente sous forme de poudre ou de granul\u00e9s blancs, notamment de granul\u00e9s sph\u00e9riques et cylindriques, et certains clients l&rsquo;appellent comme des nouilles. Il est inodore ou a une l\u00e9g\u00e8re odeur de benzo\u00efne et poss\u00e8de un go\u00fbt l\u00e9g\u00e8rement sucr\u00e9. C&rsquo;est un conservateur alimentaire important qui peut emp\u00eacher les aliments de se g\u00e2ter \u00e0 cause des micro-organismes et prolonger la dur\u00e9e de conservation des aliments.<\/p>\n<p>Il est largement utilis\u00e9 dans les boissons, les conserves, les jus de fruits, les aliments r\u00e9frig\u00e9r\u00e9s, la sauce soja, le vinaigre et d&rsquo;autres applications alimentaires. L&rsquo;acide benzo\u00efque est d&rsquo;abord produit en oxydant le tolu\u00e8ne avec de l&rsquo;air en pr\u00e9sence d&rsquo;un catalyseur au napht\u00e9nate de cobalt, puis en utilisant l&rsquo;acide benzo\u00efque comme mati\u00e8re premi\u00e8re, il est neutralis\u00e9 avec du bicarbonate de sodium, d\u00e9color\u00e9 avec du charbon actif, puis filtr\u00e9, s\u00e9ch\u00e9 et broy\u00e9 pour produire du benzoate de sodium.<\/p>\n<h2><span class=\"ez-toc-section\" id=\"Parametres_associes\"><\/span><strong><b>Param\u00e8tres associ\u00e9s :<\/b><\/strong><span class=\"ez-toc-section-end\"><\/span><\/h2>\n<table>\n<tbody>\n<tr>\n<td width=\"494\"><strong><b>Articles<\/b><\/strong><\/td>\n<td width=\"550\"><strong><b>Normes<\/b><\/strong><\/td>\n<\/tr>\n<tr>\n<td width=\"494\">Essai<\/td>\n<td width=\"550\">99.0-100%-100.5%<\/td>\n<\/tr>\n<tr>\n<td width=\"494\">Chlore localis\u00e9<\/td>\n<td width=\"550\">200 ppm Max<\/td>\n<\/tr>\n<tr>\n<td width=\"494\">Chlore total<\/td>\n<td width=\"550\">300 ppm Max<\/td>\n<\/tr>\n<tr>\n<td width=\"494\">M\u00e9taux lourds<\/td>\n<td width=\"550\">10 ppm Max<\/td>\n<\/tr>\n<tr>\n<td width=\"494\">Mercure<\/td>\n<td width=\"550\">1 ppm Max<\/td>\n<\/tr>\n<tr>\n<td width=\"494\">Plomb<\/td>\n<td width=\"550\">2 ppm Max<\/td>\n<\/tr>\n<tr>\n<td width=\"494\">Arsenic<\/td>\n<td width=\"550\">3 ppm Max<\/td>\n<\/tr>\n<tr>\n<td width=\"494\">Mercure<\/td>\n<td width=\"550\">1 ppm Max<\/td>\n<\/tr>\n<tr>\n<td width=\"494\">Perte au s\u00e9chage<\/td>\n<td width=\"550\">1,5% Max<\/td>\n<\/tr>\n<\/tbody>\n<\/table>\n<h2><span class=\"ez-toc-section\" id=\"Dosage_recommande\"><\/span><strong><b>Dosage recommand\u00e9 :<\/b><\/strong><span class=\"ez-toc-section-end\"><\/span><\/h2>\n<table>\n<tbody>\n<tr>\n<td width=\"525\"><strong><b>Alimentation<\/b><\/strong><b> <\/b><strong><b>nom<\/b><\/strong><\/td>\n<td width=\"309\"><strong><b>Utilisation maximale (g\/kg)<\/b><\/strong><\/td>\n<\/tr>\n<tr>\n<td width=\"525\">Boissons gazeuses<\/td>\n<td width=\"309\">0,05 &#8211; 0,2 g\/kg<\/td>\n<\/tr>\n<tr>\n<td width=\"525\">Boissons non alcoolis\u00e9es<\/td>\n<td width=\"309\">0,05 &#8211; 0,2 g\/kg<\/td>\n<\/tr>\n<tr>\n<td width=\"525\">G\u00e2teaux et p\u00e2tisseries<\/td>\n<td width=\"309\">0,1 &#8211; 0,5 g\/kg<\/td>\n<\/tr>\n<tr>\n<td width=\"525\">Confitures et gel\u00e9es<\/td>\n<td width=\"309\">0,1 &#8211; 0,3 g\/kg<\/td>\n<\/tr>\n<tr>\n<td width=\"525\">Yaourt<\/td>\n<td width=\"309\">0,05 &#8211; 0,2 g\/kg<\/td>\n<\/tr>\n<tr>\n<td width=\"525\">Saucisses<\/td>\n<td width=\"309\">0,1 &#8211; 0,2 g\/kg<\/td>\n<\/tr>\n<tr>\n<td width=\"525\">Charcuterie<\/td>\n<td width=\"309\">0,1 &#8211; 0,3 g\/kg<\/td>\n<\/tr>\n<tr>\n<td width=\"525\">Mayonnaise<\/td>\n<td width=\"309\">0,05 &#8211; 0,2 g\/kg<\/td>\n<\/tr>\n<tr>\n<td width=\"525\">L\u00e9gumes<\/td>\n<td width=\"309\">0,05 &#8211; 0,2 g\/kg<\/td>\n<\/tr>\n<tr>\n<td width=\"525\">Fruits<\/td>\n<td width=\"309\">0,05 &#8211; 0,2 g\/kg<\/td>\n<\/tr>\n<tr>\n<td width=\"525\">Poisson en conserve<\/td>\n<td width=\"309\">0,1 &#8211; 0,2 g\/kg<\/td>\n<\/tr>\n<tr>\n<td width=\"525\">Fruits de mer marin\u00e9s<\/td>\n<td width=\"309\">0,1 &#8211; 0,3 g\/kg<\/td>\n<\/tr>\n<tr>\n<td width=\"525\">Sauces \u00e0 salade<\/td>\n<td width=\"309\">0,05 &#8211; 0,2 g\/kg<\/td>\n<\/tr>\n<tr>\n<td width=\"525\">Marinades<\/td>\n<td width=\"309\">0,05 &#8211; 0,2 g\/kg<\/td>\n<\/tr>\n<\/tbody>\n<\/table>\n<h2><span class=\"ez-toc-section\" id=\"Le_benzoate_de_sodium_a_une_large_gamme_dutilisations\"><\/span><strong><b>Le benzoate de sodium<\/b><\/strong><strong><b> a une large gamme d&rsquo;utilisations<\/b><\/strong><span class=\"ez-toc-section-end\"><\/span><\/h2>\n<p><strong>1. Conservateurs<\/strong> Le benzoate de sodium a un effet antibact\u00e9rien, qui peut inhiber la croissance et la reproduction de diverses bact\u00e9ries Gram-positives, levures, moisissures et autres micro-organismes. Par cons\u00e9quent, il peut efficacement emp\u00eacher la d\u00e9t\u00e9rioration des aliments et prolonger leur dur\u00e9e de conservation.<\/p>\n<p><strong>2. Agent antibact\u00e9rien<\/strong> Le benzoate de sodium a un fort effet antibact\u00e9rien sur diverses bact\u00e9ries Gram-positives et peut r\u00e9duire efficacement le nombre de bact\u00e9ries. Il peut \u00eatre utilis\u00e9 pour fabriquer des additifs alimentaires afin de r\u00e9duire la contamination bact\u00e9rienne des aliments et d&rsquo;am\u00e9liorer la s\u00e9curit\u00e9 alimentaire. Il peut \u00eatre transform\u00e9 en solution \u00e0 pulv\u00e9riser ou ajout\u00e9 directement aux aliments \u00e0 conserver.<\/p>\n<p><strong>3. Conservation des aliments <\/strong> Le benzoate de sodium est un conservateur alimentaire largement utilis\u00e9 qui emp\u00eache la croissance microbienne en perturbant leurs processus m\u00e9taboliques. Fran\u00e7ais L&rsquo;ajout de benzoate de sodium aux aliments peut r\u00e9duire consid\u00e9rablement le nombre d&rsquo;Escherichia coli et d&rsquo;autres bact\u00e9ries pathog\u00e8nes, prot\u00e9geant ainsi la qualit\u00e9 et la s\u00e9curit\u00e9 des aliments.<\/p>\n<p><strong>4. Conservateurs cosm\u00e9tiques<\/strong> Le benzoate de sodium est un conservateur \u00e0 large spectre qui peut inhiber efficacement la croissance de divers micro-organismes lorsqu&rsquo;il est utilis\u00e9 dans les cosm\u00e9tiques. En raison de sa grande s\u00e9curit\u00e9, il est souvent utilis\u00e9 comme l&rsquo;un des ingr\u00e9dients conservateurs dans les cosm\u00e9tiques.<\/p>\n<p><strong>5. Excipients pharmaceutiques <\/strong> Le benzoate de sodium peut \u00eatre utilis\u00e9 comme excipient et solvant dans la production de m\u00e9dicaments pour aider \u00e0 am\u00e9liorer la stabilit\u00e9 du m\u00e9dicament. Pour les pr\u00e9parations \u00e0 administration orale, un test d&rsquo;absorption cutan\u00e9e complet est recommand\u00e9 pour \u00e9valuer les risques potentiels.<\/p>\n<h2><span class=\"ez-toc-section\" id=\"Question_posee_par_lutilisateur\"><\/span><strong><b>Question pos\u00e9e par l&rsquo;utilisateur :<\/b><\/strong><span class=\"ez-toc-section-end\"><\/span><\/h2>\n<p>Question : Comment conserver le benzoate de sodium ?<\/p>\n<p>R\u00e9ponse : 1. Environnement de stockage : Veuillez vous assurer de stocker dans un endroit sec et bien ventil\u00e9, \u00e0 l&rsquo;abri de la lumi\u00e8re directe du soleil.<\/p>\n<p>2. R\u00e9cipient de stockage : Il est recommand\u00e9 d&rsquo;utiliser un r\u00e9cipient bien ferm\u00e9 pour \u00e9viter les fuites.<\/p>\n<p>3. La zone de stockage doit \u00eatre \u00e9loign\u00e9e du feu et des sources de chaleur, et il est interdit de fumer et de faire feu.<\/p>\n<p>4. Stockage s\u00e9par\u00e9 : Il doit \u00eatre stock\u00e9 s\u00e9par\u00e9ment des oxydants, des acides et d&rsquo;autres produits chimiques. Le stockage mixte est interdit.<\/p>\n<p>Question : Quels aliments sont riches en benzoate de sodium ?<\/p>\n<p>R\u00e9ponse : Les fruits, les viandes transform\u00e9es, les boissons gazeuses, les sauces, les confitures et d&rsquo;autres aliments contiennent naturellement du benzoate de sodium, qui est \u00e9galement utilis\u00e9 comme additif alimentaire.<\/p>\n<p>Question : Pourquoi le benzoate de sodium a-t-il une odeur piquante ?<\/p>\n<p>R\u00e9ponse : En g\u00e9n\u00e9ral, le benzoate de sodium a une l\u00e9g\u00e8re odeur, mais elle n&rsquo;est pas piquante. Les raisons possibles sont qu&rsquo;il se d\u00e9compose pendant le stockage ou le transport, lib\u00e9rant l&rsquo;odeur de l&rsquo;acide benzo\u00efque et du sodium, ou qu&rsquo;une r\u00e9action chimique dans certaines conditions provoque la formation d&rsquo;odeur, ou que la mati\u00e8re premi\u00e8re de production n&rsquo;est pas de l&rsquo;acide benzo\u00efque de qualit\u00e9 alimentaire, mais de l&rsquo;acide benzo\u00efque de qualit\u00e9 industrielle. Bien entendu, si vous avez besoin de benzoate de sodium sans odeur, nous pouvons \u00e9galement vous le fournir.<\/p>\n","protected":false},"excerpt":{"rendered":"<ul>\n<li>CAS : 532-32-1<\/li>\n<li>Formule chimique : C6H5COONa<\/li>\n<li>Certifications : KOSHER, ISO, HALAL, FSSC 22000, BRC, etc.<\/li>\n<li>Norme : BP\/USP\/FCC\/E211<\/li>\n<li>Quantit\u00e9 minimum de commande : 1000 kg<\/li>\n<li>Dur\u00e9e de conservation : 2 ans<\/li>\n<\/ul>\n","protected":false},"featured_media":9689,"template":"","meta":{"site-sidebar-layout":"default","site-content-layout":"","ast-site-content-layout":"default","site-content-style":"default","site-sidebar-style":"default","ast-global-header-display":"","ast-banner-title-visibility":"","ast-main-header-display":"","ast-hfb-above-header-display":"","ast-hfb-below-header-display":"","ast-hfb-mobile-header-display":"","site-post-title":"","ast-breadcrumbs-content":"","ast-featured-img":"","footer-sml-layout":"","theme-transparent-header-meta":"default","adv-header-id-meta":"","stick-header-meta":"","header-above-stick-meta":"","header-main-stick-meta":"","header-below-stick-meta":"","astra-migrate-meta-layouts":"set","ast-page-background-enabled":"default","ast-page-background-meta":{"desktop":{"background-color":"var(--ast-global-color-4)","background-image":"","background-repeat":"repeat","background-position":"center center","background-size":"auto","background-attachment":"scroll","background-type":"","background-media":"","overlay-type":"","overlay-color":"","overlay-opacity":"","overlay-gradient":""},"tablet":{"background-color":"","background-image":"","background-repeat":"repeat","background-position":"center center","background-size":"auto","background-attachment":"scroll","background-type":"","background-media":"","overlay-type":"","overlay-color":"","overlay-opacity":"","overlay-gradient":""},"mobile":{"background-color":"","background-image":"","background-repeat":"repeat","background-position":"center center","background-size":"auto","background-attachment":"scroll","background-type":"","background-media":"","overlay-type":"","overlay-color":"","overlay-opacity":"","overlay-gradient":""}},"ast-content-background-meta":{"desktop":{"background-color":"var(--ast-global-color-5)","background-image":"","background-repeat":"repeat","background-position":"center center","background-size":"auto","background-attachment":"scroll","background-type":"","background-media":"","overlay-type":"","overlay-color":"","overlay-opacity":"","overlay-gradient":""},"tablet":{"background-color":"var(--ast-global-color-5)","background-image":"","background-repeat":"repeat","background-position":"center center","background-size":"auto","background-attachment":"scroll","background-type":"","background-media":"","overlay-type":"","overlay-color":"","overlay-opacity":"","overlay-gradient":""},"mobile":{"background-color":"var(--ast-global-color-5)","background-image":"","background-repeat":"repeat","background-position":"center center","background-size":"auto","background-attachment":"scroll","background-type":"","background-media":"","overlay-type":"","overlay-color":"","overlay-opacity":"","overlay-gradient":""}}},"product_brand":[],"product_cat":[109],"product_tag":[],"class_list":{"0":"post-9688","1":"product","2":"type-product","3":"status-publish","4":"has-post-thumbnail","6":"product_cat-produit-conservateur","7":"desktop-align-center","8":"tablet-align-left","9":"mobile-align-left","11":"first","12":"instock","13":"shipping-taxable","14":"product-type-simple"},"yoast_head":"<!-- This site is optimized with the Yoast SEO plugin v26.5 - https:\/\/yoast.com\/wordpress\/plugins\/seo\/ -->\n<title>Conservateur benzoate de sodium poudre, e211 benzoate de sodium| Niranbio Chemical<\/title>\n<meta name=\"description\" content=\"Notre benzoate de sodium E211 de qualit\u00e9 alimentaire se pr\u00e9sente sous forme de poudre blanche ou de granul\u00e9s, notamment de granul\u00e9s sph\u00e9riques et cylindriques.\" \/>\n<meta name=\"robots\" content=\"noindex, follow, max-snippet:-1, max-image-preview:large, max-video-preview:-1\" \/>\n<meta name=\"twitter:label1\" content=\"Dur\u00e9e de lecture estim\u00e9e\" \/>\n\t<meta name=\"twitter:data1\" content=\"4 minutes\" \/>\n<script type=\"application\/ld+json\" class=\"yoast-schema-graph\">{\"@context\":\"https:\/\/schema.org\",\"@graph\":[{\"@type\":\"WebPage\",\"@id\":\"https:\/\/theo.niranbio.com\/fr\/benzoate-de-sodium-de-qualite-alimentaire.html\",\"url\":\"https:\/\/theo.niranbio.com\/fr\/benzoate-de-sodium-de-qualite-alimentaire.html\",\"name\":\"Conservateur benzoate de sodium poudre, e211 benzoate de sodium| Niranbio Chemical\",\"isPartOf\":{\"@id\":\"https:\/\/theo.niranbio.com\/fr\/#website\"},\"primaryImageOfPage\":{\"@id\":\"https:\/\/theo.niranbio.com\/fr\/benzoate-de-sodium-de-qualite-alimentaire.html#primaryimage\"},\"image\":{\"@id\":\"https:\/\/theo.niranbio.com\/fr\/benzoate-de-sodium-de-qualite-alimentaire.html#primaryimage\"},\"thumbnailUrl\":\"https:\/\/theo.niranbio.com\/wp-content\/uploads\/2024\/06\/Sodium-Benzoate.webp\",\"datePublished\":\"2024-06-20T02:17:20+00:00\",\"dateModified\":\"2024-08-19T05:43:42+00:00\",\"description\":\"Notre benzoate de sodium E211 de qualit\u00e9 alimentaire se pr\u00e9sente sous forme de poudre blanche ou de granul\u00e9s, notamment de granul\u00e9s sph\u00e9riques et cylindriques.\",\"breadcrumb\":{\"@id\":\"https:\/\/theo.niranbio.com\/fr\/benzoate-de-sodium-de-qualite-alimentaire.html#breadcrumb\"},\"inLanguage\":\"fr-FR\",\"potentialAction\":[{\"@type\":\"ReadAction\",\"target\":[\"https:\/\/theo.niranbio.com\/fr\/benzoate-de-sodium-de-qualite-alimentaire.html\"]}]},{\"@type\":\"ImageObject\",\"inLanguage\":\"fr-FR\",\"@id\":\"https:\/\/theo.niranbio.com\/fr\/benzoate-de-sodium-de-qualite-alimentaire.html#primaryimage\",\"url\":\"https:\/\/theo.niranbio.com\/wp-content\/uploads\/2024\/06\/Sodium-Benzoate.webp\",\"contentUrl\":\"https:\/\/theo.niranbio.com\/wp-content\/uploads\/2024\/06\/Sodium-Benzoate.webp\",\"width\":600,\"height\":600,\"caption\":\"Benzoate de sodium\"},{\"@type\":\"BreadcrumbList\",\"@id\":\"https:\/\/theo.niranbio.com\/fr\/benzoate-de-sodium-de-qualite-alimentaire.html#breadcrumb\",\"itemListElement\":[{\"@type\":\"ListItem\",\"position\":1,\"name\":\"Home\",\"item\":\"https:\/\/theo.niranbio.com\/fr\/\"},{\"@type\":\"ListItem\",\"position\":2,\"name\":\"Produits\",\"item\":\"https:\/\/theo.niranbio.com\/fr\/produits.html\"},{\"@type\":\"ListItem\",\"position\":3,\"name\":\"Conservateur\",\"item\":\"https:\/\/theo.niranbio.com\/fr\/produit-conservateur\/\"},{\"@type\":\"ListItem\",\"position\":4,\"name\":\"Benzoate de sodium de qualit\u00e9 alimentaire\"}]},{\"@type\":\"WebSite\",\"@id\":\"https:\/\/theo.niranbio.com\/fr\/#website\",\"url\":\"https:\/\/theo.niranbio.com\/fr\/\",\"name\":\"Niranbio Chemical\",\"description\":\"\",\"publisher\":{\"@id\":\"https:\/\/theo.niranbio.com\/fr\/#organization\"},\"potentialAction\":[{\"@type\":\"SearchAction\",\"target\":{\"@type\":\"EntryPoint\",\"urlTemplate\":\"https:\/\/theo.niranbio.com\/fr\/?s={search_term_string}\"},\"query-input\":{\"@type\":\"PropertyValueSpecification\",\"valueRequired\":true,\"valueName\":\"search_term_string\"}}],\"inLanguage\":\"fr-FR\"},{\"@type\":\"Organization\",\"@id\":\"https:\/\/theo.niranbio.com\/fr\/#organization\",\"name\":\"Niranbio Chemical\",\"url\":\"https:\/\/theo.niranbio.com\/fr\/\",\"logo\":{\"@type\":\"ImageObject\",\"inLanguage\":\"fr-FR\",\"@id\":\"https:\/\/theo.niranbio.com\/fr\/#\/schema\/logo\/image\/\",\"url\":\"https:\/\/theo.niranbio.com\/wp-content\/uploads\/2024\/06\/Niranbio.png\",\"contentUrl\":\"https:\/\/theo.niranbio.com\/wp-content\/uploads\/2024\/06\/Niranbio.png\",\"width\":270,\"height\":100,\"caption\":\"Niranbio Chemical\"},\"image\":{\"@id\":\"https:\/\/theo.niranbio.com\/fr\/#\/schema\/logo\/image\/\"}}]}<\/script>\n<!-- \/ Yoast SEO plugin. -->","yoast_head_json":{"title":"Conservateur benzoate de sodium poudre, e211 benzoate de sodium| Niranbio Chemical","description":"Notre benzoate de sodium E211 de qualit\u00e9 alimentaire se pr\u00e9sente sous forme de poudre blanche ou de granul\u00e9s, notamment de granul\u00e9s sph\u00e9riques et cylindriques.","robots":{"index":"noindex","follow":"follow","max-snippet":"max-snippet:-1","max-image-preview":"max-image-preview:large","max-video-preview":"max-video-preview:-1"},"twitter_misc":{"Dur\u00e9e de lecture estim\u00e9e":"4 minutes"},"schema":{"@context":"https:\/\/schema.org","@graph":[{"@type":"WebPage","@id":"https:\/\/theo.niranbio.com\/fr\/benzoate-de-sodium-de-qualite-alimentaire.html","url":"https:\/\/theo.niranbio.com\/fr\/benzoate-de-sodium-de-qualite-alimentaire.html","name":"Conservateur benzoate de sodium poudre, e211 benzoate de sodium| Niranbio Chemical","isPartOf":{"@id":"https:\/\/theo.niranbio.com\/fr\/#website"},"primaryImageOfPage":{"@id":"https:\/\/theo.niranbio.com\/fr\/benzoate-de-sodium-de-qualite-alimentaire.html#primaryimage"},"image":{"@id":"https:\/\/theo.niranbio.com\/fr\/benzoate-de-sodium-de-qualite-alimentaire.html#primaryimage"},"thumbnailUrl":"https:\/\/theo.niranbio.com\/wp-content\/uploads\/2024\/06\/Sodium-Benzoate.webp","datePublished":"2024-06-20T02:17:20+00:00","dateModified":"2024-08-19T05:43:42+00:00","description":"Notre benzoate de sodium E211 de qualit\u00e9 alimentaire se pr\u00e9sente sous forme de poudre blanche ou de granul\u00e9s, notamment de granul\u00e9s sph\u00e9riques et cylindriques.","breadcrumb":{"@id":"https:\/\/theo.niranbio.com\/fr\/benzoate-de-sodium-de-qualite-alimentaire.html#breadcrumb"},"inLanguage":"fr-FR","potentialAction":[{"@type":"ReadAction","target":["https:\/\/theo.niranbio.com\/fr\/benzoate-de-sodium-de-qualite-alimentaire.html"]}]},{"@type":"ImageObject","inLanguage":"fr-FR","@id":"https:\/\/theo.niranbio.com\/fr\/benzoate-de-sodium-de-qualite-alimentaire.html#primaryimage","url":"https:\/\/theo.niranbio.com\/wp-content\/uploads\/2024\/06\/Sodium-Benzoate.webp","contentUrl":"https:\/\/theo.niranbio.com\/wp-content\/uploads\/2024\/06\/Sodium-Benzoate.webp","width":600,"height":600,"caption":"Benzoate de sodium"},{"@type":"BreadcrumbList","@id":"https:\/\/theo.niranbio.com\/fr\/benzoate-de-sodium-de-qualite-alimentaire.html#breadcrumb","itemListElement":[{"@type":"ListItem","position":1,"name":"Home","item":"https:\/\/theo.niranbio.com\/fr\/"},{"@type":"ListItem","position":2,"name":"Produits","item":"https:\/\/theo.niranbio.com\/fr\/produits.html"},{"@type":"ListItem","position":3,"name":"Conservateur","item":"https:\/\/theo.niranbio.com\/fr\/produit-conservateur\/"},{"@type":"ListItem","position":4,"name":"Benzoate de sodium de qualit\u00e9 alimentaire"}]},{"@type":"WebSite","@id":"https:\/\/theo.niranbio.com\/fr\/#website","url":"https:\/\/theo.niranbio.com\/fr\/","name":"Niranbio Chemical","description":"","publisher":{"@id":"https:\/\/theo.niranbio.com\/fr\/#organization"},"potentialAction":[{"@type":"SearchAction","target":{"@type":"EntryPoint","urlTemplate":"https:\/\/theo.niranbio.com\/fr\/?s={search_term_string}"},"query-input":{"@type":"PropertyValueSpecification","valueRequired":true,"valueName":"search_term_string"}}],"inLanguage":"fr-FR"},{"@type":"Organization","@id":"https:\/\/theo.niranbio.com\/fr\/#organization","name":"Niranbio Chemical","url":"https:\/\/theo.niranbio.com\/fr\/","logo":{"@type":"ImageObject","inLanguage":"fr-FR","@id":"https:\/\/theo.niranbio.com\/fr\/#\/schema\/logo\/image\/","url":"https:\/\/theo.niranbio.com\/wp-content\/uploads\/2024\/06\/Niranbio.png","contentUrl":"https:\/\/theo.niranbio.com\/wp-content\/uploads\/2024\/06\/Niranbio.png","width":270,"height":100,"caption":"Niranbio Chemical"},"image":{"@id":"https:\/\/theo.niranbio.com\/fr\/#\/schema\/logo\/image\/"}}]}},"_links":{"self":[{"href":"https:\/\/theo.niranbio.com\/fr\/wp-json\/wp\/v2\/product\/9688","targetHints":{"allow":["GET"]}}],"collection":[{"href":"https:\/\/theo.niranbio.com\/fr\/wp-json\/wp\/v2\/product"}],"about":[{"href":"https:\/\/theo.niranbio.com\/fr\/wp-json\/wp\/v2\/types\/product"}],"version-history":[{"count":0,"href":"https:\/\/theo.niranbio.com\/fr\/wp-json\/wp\/v2\/product\/9688\/revisions"}],"wp:featuredmedia":[{"embeddable":true,"href":"https:\/\/theo.niranbio.com\/fr\/wp-json\/wp\/v2\/media\/9689"}],"wp:attachment":[{"href":"https:\/\/theo.niranbio.com\/fr\/wp-json\/wp\/v2\/media?parent=9688"}],"wp:term":[{"taxonomy":"product_brand","embeddable":true,"href":"https:\/\/theo.niranbio.com\/fr\/wp-json\/wp\/v2\/product_brand?post=9688"},{"taxonomy":"product_cat","embeddable":true,"href":"https:\/\/theo.niranbio.com\/fr\/wp-json\/wp\/v2\/product_cat?post=9688"},{"taxonomy":"product_tag","embeddable":true,"href":"https:\/\/theo.niranbio.com\/fr\/wp-json\/wp\/v2\/product_tag?post=9688"}],"curies":[{"name":"wp","href":"https:\/\/api.w.org\/{rel}","templated":true}]}}