{"id":9661,"date":"2024-06-20T10:17:57","date_gmt":"2024-06-20T02:17:57","guid":{"rendered":"https:\/\/theo.niranbio.com\/sorbate-de-potassium-de-qualite-alimentaire\/"},"modified":"2024-08-19T13:35:18","modified_gmt":"2024-08-19T05:35:18","slug":"sorbate-de-potassium-de-qualite-alimentaire","status":"publish","type":"product","link":"https:\/\/theo.niranbio.com\/fr\/sorbate-de-potassium-de-qualite-alimentaire.html","title":{"rendered":"Sorbate de potassium de qualit\u00e9 alimentaire"},"content":{"rendered":"<h2><span class=\"ez-toc-section\" id=\"Quest-ce_que_le_sorbate_de_potassium\"><\/span><strong><b>Qu&rsquo;est-ce que le sorbate de potassium ?<\/b><\/strong><span class=\"ez-toc-section-end\"><\/span><\/h2>\n<p>Le sorbate de potassium est un granul\u00e9 ou une poudre blanche, et les granul\u00e9s sont les plus utilis\u00e9s, principalement en forme de colonne, et il existe \u00e9galement quelques granul\u00e9s sph\u00e9riques. Il est inodore ou l\u00e9g\u00e8rement odorant. Il absorbe facilement l&rsquo;humidit\u00e9 et se d\u00e9colore en raison de l&rsquo;oxydation et de la d\u00e9composition lorsqu&rsquo;il est expos\u00e9 \u00e0 l&rsquo;air pendant une longue p\u00e9riode. Il est largement utilis\u00e9 pour la conservation des aliments, des cosm\u00e9tiques et des aliments pour animaux en raison de son absorption et de son m\u00e9tabolisme faciles par le corps humain, ne laissant aucun r\u00e9sidu et \u00e9tant non toxique.<\/p>\n<p>Le sorbate de potassium est extrait de fruits ou de plantes naturels, tels que les pommes, les poires et les kakis. La m\u00e9thode d&rsquo;extraction peut \u00eatre l&rsquo;extraction \u00e0 l&rsquo;eau ou \u00e0 l&rsquo;alcool, mais elle n&rsquo;est pas souvent utilis\u00e9e dans l&rsquo;industrie en raison de sa faible efficacit\u00e9 d&rsquo;extraction et de son co\u00fbt \u00e9lev\u00e9. \u00c0 l&rsquo;heure actuelle, la synth\u00e8se chimique est principalement utilis\u00e9e dans l&rsquo;industrie pour produire du sorbate de potassium. La m\u00e9thode de synth\u00e8se chimique consiste \u00e0 faire r\u00e9agir de l&rsquo;acide sorbique de haute qualit\u00e9 et de l&rsquo;alcali de potassium dans certaines conditions de r\u00e9action pour g\u00e9n\u00e9rer du sorbate de potassium. Dans le processus de pr\u00e9paration, les principaux facteurs \u00e0 prendre en compte sont les effets de la temp\u00e9rature de r\u00e9action, du temps de r\u00e9action et du rapport molaire des r\u00e9actifs sur la vitesse de r\u00e9action et le rendement.<\/p>\n<h2><span class=\"ez-toc-section\" id=\"Parametres_associes\"><\/span><strong><b>Param\u00e8tres associ\u00e9s :<\/b><\/strong><span class=\"ez-toc-section-end\"><\/span><\/h2>\n<table>\n<tbody>\n<tr>\n<td width=\"494\"><strong><b>Articles<\/b><\/strong><\/td>\n<td width=\"550\"><strong><b>Normes<\/b><\/strong><\/td>\n<\/tr>\n<tr>\n<td width=\"494\">Essai<\/td>\n<td width=\"550\">99.0-101%-101.0%<\/td>\n<\/tr>\n<tr>\n<td width=\"494\">Gamme Meiting<\/td>\n<td width=\"550\">133\u2103~135\u2103<\/td>\n<\/tr>\n<tr>\n<td width=\"494\">Point de sublimation<\/td>\n<td width=\"550\">80\u2103<\/td>\n<\/tr>\n<tr>\n<td width=\"494\">Valeur du pH<\/td>\n<td width=\"550\">8.5~10.5<\/td>\n<\/tr>\n<tr>\n<td width=\"494\">Perte au s\u00e9chage<\/td>\n<td width=\"550\">1% Max<\/td>\n<\/tr>\n<tr>\n<td width=\"494\">Alcalinit\u00e9 (en K2CO3)<\/td>\n<td width=\"550\">1% Max<\/td>\n<\/tr>\n<tr>\n<td width=\"494\">Ald\u00e9hydes (comme le formald\u00e9hyde)<\/td>\n<td width=\"550\">0,1 % au maximum<\/td>\n<\/tr>\n<tr>\n<td width=\"494\">M\u00e9taux lourds (en tant que Pb)<\/td>\n<td width=\"550\">10 ppm Max<\/td>\n<\/tr>\n<tr>\n<td width=\"494\">Mercure<\/td>\n<td width=\"550\">1 ppm Max<\/td>\n<\/tr>\n<tr>\n<td width=\"494\">Plomb<\/td>\n<td width=\"550\">2 ppm Max<\/td>\n<\/tr>\n<tr>\n<td width=\"494\">Arsenic<\/td>\n<td width=\"550\">2 ppm Max<\/td>\n<\/tr>\n<\/tbody>\n<\/table>\n<h2><span class=\"ez-toc-section\" id=\"Dosage_recommande\"><\/span><strong><b>Dosage recommand\u00e9 :<\/b><\/strong><span class=\"ez-toc-section-end\"><\/span><\/h2>\n<table>\n<tbody>\n<tr>\n<td width=\"494\">Nom de l&rsquo;aliment<\/td>\n<td width=\"550\">Utilisation maximale (g\/kg)<\/td>\n<\/tr>\n<tr>\n<td width=\"494\">Boissons gazeuses<\/td>\n<td width=\"550\">0,1 &#8211; 0,3 g\/kg<\/td>\n<\/tr>\n<tr>\n<td width=\"494\">Jus de fruits<\/td>\n<td width=\"550\">0,1 &#8211; 0,3 g\/kg<\/td>\n<\/tr>\n<tr>\n<td width=\"494\">G\u00e2teaux et p\u00e2tisseries<\/td>\n<td width=\"550\">0,1 &#8211; 0,5 g\/kg<\/td>\n<\/tr>\n<tr>\n<td width=\"494\">Confitures et gel\u00e9es<\/td>\n<td width=\"550\">0,3 &#8211; 0,5 g\/kg<\/td>\n<\/tr>\n<tr>\n<td width=\"494\">Yaourt<\/td>\n<td width=\"550\">0,2 &#8211; 0,3 g\/kg<\/td>\n<\/tr>\n<tr>\n<td width=\"494\">Saucisses<\/td>\n<td width=\"550\">0,1 &#8211; 0,2 g\/kg<\/td>\n<\/tr>\n<tr>\n<td width=\"494\">Charcuterie<\/td>\n<td width=\"550\">0,1 &#8211; 0,3 g\/kg<\/td>\n<\/tr>\n<tr>\n<td width=\"494\">Ketchup et sauces<\/td>\n<td width=\"550\">0,1 &#8211; 0,3 g\/kg<\/td>\n<\/tr>\n<tr>\n<td width=\"494\">En-cas extrud\u00e9s<\/td>\n<td width=\"550\">0,1 &#8211; 0,2 g\/kg<\/td>\n<\/tr>\n<tr>\n<td width=\"494\">L\u00e9gumes<\/td>\n<td width=\"550\">0,1 &#8211; 0,3 g\/kg<\/td>\n<\/tr>\n<tr>\n<td width=\"494\">Fruits de mer marin\u00e9s<\/td>\n<td width=\"550\">0,1 &#8211; 0,3 g\/kg<\/td>\n<\/tr>\n<tr>\n<td width=\"494\">Sauces \u00e0 salade<\/td>\n<td width=\"550\">0,1 &#8211; 0,3 g\/kg<\/td>\n<\/tr>\n<tr>\n<td width=\"494\">Marinades<\/td>\n<td width=\"550\">0,1 &#8211; 0,3 g\/kg<\/td>\n<\/tr>\n<\/tbody>\n<\/table>\n<h2><span class=\"ez-toc-section\" id=\"Le_sorbate_de_potassium_a_une_large_gamme_dutilisations\"><\/span><strong><b>Le sorbate de potassium a une large gamme d&rsquo;utilisations<\/b><\/strong><span class=\"ez-toc-section-end\"><\/span><\/h2>\n<p>1. <strong> Conservateurs alimentaires<\/strong> Le sorbate de potassium, \u00e9tant hygroscopique et facilement soluble dans l&rsquo;eau et l&rsquo;\u00e9thanol, est principalement utilis\u00e9 pour conserver les denr\u00e9es p\u00e9rissables. Il est couramment ajout\u00e9 au fromage, au yaourt, \u00e0 la cr\u00e8me glac\u00e9e et \u00e0 d&rsquo;autres produits laitiers sensibles \u00e0 la moisissure, ainsi qu&rsquo;\u00e0 divers aliments transform\u00e9s comme les fruits en conserve et les desserts, prolongeant ainsi efficacement leur dur\u00e9e de conservation.<\/p>\n<p>2. <strong>Beaut\u00e9 et soins capillaires<\/strong> Outre ses applications alimentaires, le sorbate de potassium est largement utilis\u00e9 dans diverses industries, notamment les cosm\u00e9tiques. Il sert de conservateur dans les produits de beaut\u00e9 sujets \u00e0 la moisissure et \u00e0 la d\u00e9t\u00e9rioration, tels que les shampooings, les laques pour cheveux et les cr\u00e8mes pour la peau, prolongeant ainsi efficacement leur dur\u00e9e de conservation.<\/p>\n<p>3. <strong>Vinification<\/strong> Le sorbate de potassium est couramment utilis\u00e9 dans la vinification pour maintenir la stabilit\u00e9 de la saveur du vin rouge. Sans sorbate de potassium, le go\u00fbt du vin rouge peut s&rsquo;alt\u00e9rer pendant la fermentation. De plus, les boissons gazeuses, les jus de fruits et les sodas utilisent fr\u00e9quemment le sorbate de potassium comme conservateur.<\/p>\n<h2><span class=\"ez-toc-section\" id=\"Question_posee_par_lutilisateur\"><\/span><strong><b>Question pos\u00e9e par l&rsquo;utilisateur :<\/b><\/strong><span class=\"ez-toc-section-end\"><\/span><\/h2>\n<p><b> <\/b>Question : Quel est le conservateur le plus s\u00fbr ?<\/p>\n<p>R\u00e9ponse : Les conservateurs courants comprennent le benzoate de sodium (viande, poisson et autres produits carn\u00e9s), le sorbate de potassium (boissons, confitures, bonbons, etc.), le nitrite (produits sal\u00e9s, viande en conserve, etc.), l&rsquo;ac\u00e9tate (g\u00e2teaux, fruits confits, etc.), etc. Ils ont tous de bonnes fonctions de conservation. L&rsquo;essentiel est de choisir son objectif.<\/p>\n<p>Question : Le sorbate de potassium est-il sans danger pour la peau ?<\/p>\n<p>R\u00e9ponse : Le sorbate de potassium est un conservateur et un additif alimentaire. En g\u00e9n\u00e9ral, le sorbate de potassium est inoffensif pour la peau. Le sorbate de potassium \u00e9tant une substance faiblement acide, s&rsquo;il entre en contact direct avec la peau, il peut provoquer une irritation cutan\u00e9e, provoquant des sympt\u00f4mes tels que des d\u00e9mangeaisons, des rougeurs, un gonflement et des douleurs. \u00c0 ce stade, le patient doit se laver la peau \u00e0 l&rsquo;eau claire \u00e0 temps et appliquer une pommade au paeonol, une cr\u00e8me \u00e0 la bupr\u00e9norphine et d&rsquo;autres m\u00e9dicaments pour le traitement local prescrits par le m\u00e9decin.<\/p>\n","protected":false},"excerpt":{"rendered":"<ul>\n<li>CAS: 24634-61-5; 590-00-1<\/li>\n<li>Formule chimique : C6H7KO2<\/li>\n<li>Certifications : KOSHER, ISO, HALAL, FSSC 22000, BRC, etc.<\/li>\n<li>Norme : FCC\/E202<\/li>\n<li>Quantit\u00e9 minimum de commande : 1000 kg<\/li>\n<li>Dur\u00e9e de conservation : 2 ans<\/li>\n<\/ul>\n","protected":false},"featured_media":9662,"template":"","meta":{"site-sidebar-layout":"default","site-content-layout":"","ast-site-content-layout":"default","site-content-style":"default","site-sidebar-style":"default","ast-global-header-display":"","ast-banner-title-visibility":"","ast-main-header-display":"","ast-hfb-above-header-display":"","ast-hfb-below-header-display":"","ast-hfb-mobile-header-display":"","site-post-title":"","ast-breadcrumbs-content":"","ast-featured-img":"","footer-sml-layout":"","theme-transparent-header-meta":"default","adv-header-id-meta":"","stick-header-meta":"","header-above-stick-meta":"","header-main-stick-meta":"","header-below-stick-meta":"","astra-migrate-meta-layouts":"set","ast-page-background-enabled":"default","ast-page-background-meta":{"desktop":{"background-color":"var(--ast-global-color-4)","background-image":"","background-repeat":"repeat","background-position":"center center","background-size":"auto","background-attachment":"scroll","background-type":"","background-media":"","overlay-type":"","overlay-color":"","overlay-opacity":"","overlay-gradient":""},"tablet":{"background-color":"","background-image":"","background-repeat":"repeat","background-position":"center center","background-size":"auto","background-attachment":"scroll","background-type":"","background-media":"","overlay-type":"","overlay-color":"","overlay-opacity":"","overlay-gradient":""},"mobile":{"background-color":"","background-image":"","background-repeat":"repeat","background-position":"center center","background-size":"auto","background-attachment":"scroll","background-type":"","background-media":"","overlay-type":"","overlay-color":"","overlay-opacity":"","overlay-gradient":""}},"ast-content-background-meta":{"desktop":{"background-color":"var(--ast-global-color-5)","background-image":"","background-repeat":"repeat","background-position":"center center","background-size":"auto","background-attachment":"scroll","background-type":"","background-media":"","overlay-type":"","overlay-color":"","overlay-opacity":"","overlay-gradient":""},"tablet":{"background-color":"var(--ast-global-color-5)","background-image":"","background-repeat":"repeat","background-position":"center center","background-size":"auto","background-attachment":"scroll","background-type":"","background-media":"","overlay-type":"","overlay-color":"","overlay-opacity":"","overlay-gradient":""},"mobile":{"background-color":"var(--ast-global-color-5)","background-image":"","background-repeat":"repeat","background-position":"center center","background-size":"auto","background-attachment":"scroll","background-type":"","background-media":"","overlay-type":"","overlay-color":"","overlay-opacity":"","overlay-gradient":""}}},"product_brand":[],"product_cat":[109],"product_tag":[],"class_list":{"0":"post-9661","1":"product","2":"type-product","3":"status-publish","4":"has-post-thumbnail","6":"product_cat-produit-conservateur","7":"desktop-align-center","8":"tablet-align-left","9":"mobile-align-left","11":"first","12":"instock","13":"shipping-taxable","14":"product-type-simple"},"yoast_head":"<!-- This site is optimized with the Yoast SEO plugin v26.5 - https:\/\/yoast.com\/wordpress\/plugins\/seo\/ -->\n<title>Conservateur sorbate de potassium e202, fabricant de sorbate de potassium| Niranbio Chemical<\/title>\n<meta name=\"description\" content=\"Notre sorbate de potassium E202 est sous forme de granul\u00e9s ou de poudre blancs, et les granul\u00e9s sont les plus utilis\u00e9s, principalement sous forme de colonne, et il existe \u00e9galement quelques granul\u00e9s sph\u00e9riques.\" \/>\n<meta name=\"robots\" content=\"noindex, follow, max-snippet:-1, max-image-preview:large, max-video-preview:-1\" \/>\n<meta name=\"twitter:label1\" content=\"Dur\u00e9e de lecture estim\u00e9e\" \/>\n\t<meta name=\"twitter:data1\" content=\"4 minutes\" \/>\n<script type=\"application\/ld+json\" class=\"yoast-schema-graph\">{\"@context\":\"https:\/\/schema.org\",\"@graph\":[{\"@type\":\"WebPage\",\"@id\":\"https:\/\/theo.niranbio.com\/fr\/sorbate-de-potassium-de-qualite-alimentaire.html\",\"url\":\"https:\/\/theo.niranbio.com\/fr\/sorbate-de-potassium-de-qualite-alimentaire.html\",\"name\":\"Conservateur sorbate de potassium e202, fabricant de sorbate de potassium| Niranbio Chemical\",\"isPartOf\":{\"@id\":\"https:\/\/theo.niranbio.com\/fr\/#website\"},\"primaryImageOfPage\":{\"@id\":\"https:\/\/theo.niranbio.com\/fr\/sorbate-de-potassium-de-qualite-alimentaire.html#primaryimage\"},\"image\":{\"@id\":\"https:\/\/theo.niranbio.com\/fr\/sorbate-de-potassium-de-qualite-alimentaire.html#primaryimage\"},\"thumbnailUrl\":\"https:\/\/theo.niranbio.com\/wp-content\/uploads\/2024\/06\/Potassium-Sorbate.webp\",\"datePublished\":\"2024-06-20T02:17:57+00:00\",\"dateModified\":\"2024-08-19T05:35:18+00:00\",\"description\":\"Notre sorbate de potassium E202 est sous forme de granul\u00e9s ou de poudre blancs, et les granul\u00e9s sont les plus utilis\u00e9s, principalement sous forme de colonne, et il existe \u00e9galement quelques granul\u00e9s sph\u00e9riques.\",\"breadcrumb\":{\"@id\":\"https:\/\/theo.niranbio.com\/fr\/sorbate-de-potassium-de-qualite-alimentaire.html#breadcrumb\"},\"inLanguage\":\"fr-FR\",\"potentialAction\":[{\"@type\":\"ReadAction\",\"target\":[\"https:\/\/theo.niranbio.com\/fr\/sorbate-de-potassium-de-qualite-alimentaire.html\"]}]},{\"@type\":\"ImageObject\",\"inLanguage\":\"fr-FR\",\"@id\":\"https:\/\/theo.niranbio.com\/fr\/sorbate-de-potassium-de-qualite-alimentaire.html#primaryimage\",\"url\":\"https:\/\/theo.niranbio.com\/wp-content\/uploads\/2024\/06\/Potassium-Sorbate.webp\",\"contentUrl\":\"https:\/\/theo.niranbio.com\/wp-content\/uploads\/2024\/06\/Potassium-Sorbate.webp\",\"width\":600,\"height\":600,\"caption\":\"Sorbate de potassium\"},{\"@type\":\"BreadcrumbList\",\"@id\":\"https:\/\/theo.niranbio.com\/fr\/sorbate-de-potassium-de-qualite-alimentaire.html#breadcrumb\",\"itemListElement\":[{\"@type\":\"ListItem\",\"position\":1,\"name\":\"Home\",\"item\":\"https:\/\/theo.niranbio.com\/fr\/\"},{\"@type\":\"ListItem\",\"position\":2,\"name\":\"Produits\",\"item\":\"https:\/\/theo.niranbio.com\/fr\/produits.html\"},{\"@type\":\"ListItem\",\"position\":3,\"name\":\"Conservateur\",\"item\":\"https:\/\/theo.niranbio.com\/fr\/produit-conservateur\/\"},{\"@type\":\"ListItem\",\"position\":4,\"name\":\"Sorbate de potassium de qualit\u00e9 alimentaire\"}]},{\"@type\":\"WebSite\",\"@id\":\"https:\/\/theo.niranbio.com\/fr\/#website\",\"url\":\"https:\/\/theo.niranbio.com\/fr\/\",\"name\":\"Niranbio Chemical\",\"description\":\"\",\"publisher\":{\"@id\":\"https:\/\/theo.niranbio.com\/fr\/#organization\"},\"potentialAction\":[{\"@type\":\"SearchAction\",\"target\":{\"@type\":\"EntryPoint\",\"urlTemplate\":\"https:\/\/theo.niranbio.com\/fr\/?s={search_term_string}\"},\"query-input\":{\"@type\":\"PropertyValueSpecification\",\"valueRequired\":true,\"valueName\":\"search_term_string\"}}],\"inLanguage\":\"fr-FR\"},{\"@type\":\"Organization\",\"@id\":\"https:\/\/theo.niranbio.com\/fr\/#organization\",\"name\":\"Niranbio Chemical\",\"url\":\"https:\/\/theo.niranbio.com\/fr\/\",\"logo\":{\"@type\":\"ImageObject\",\"inLanguage\":\"fr-FR\",\"@id\":\"https:\/\/theo.niranbio.com\/fr\/#\/schema\/logo\/image\/\",\"url\":\"https:\/\/theo.niranbio.com\/wp-content\/uploads\/2024\/06\/Niranbio.png\",\"contentUrl\":\"https:\/\/theo.niranbio.com\/wp-content\/uploads\/2024\/06\/Niranbio.png\",\"width\":270,\"height\":100,\"caption\":\"Niranbio Chemical\"},\"image\":{\"@id\":\"https:\/\/theo.niranbio.com\/fr\/#\/schema\/logo\/image\/\"}}]}<\/script>\n<!-- \/ Yoast SEO plugin. -->","yoast_head_json":{"title":"Conservateur sorbate de potassium e202, fabricant de sorbate de potassium| Niranbio Chemical","description":"Notre sorbate de potassium E202 est sous forme de granul\u00e9s ou de poudre blancs, et les granul\u00e9s sont les plus utilis\u00e9s, principalement sous forme de colonne, et il existe \u00e9galement quelques granul\u00e9s sph\u00e9riques.","robots":{"index":"noindex","follow":"follow","max-snippet":"max-snippet:-1","max-image-preview":"max-image-preview:large","max-video-preview":"max-video-preview:-1"},"twitter_misc":{"Dur\u00e9e de lecture estim\u00e9e":"4 minutes"},"schema":{"@context":"https:\/\/schema.org","@graph":[{"@type":"WebPage","@id":"https:\/\/theo.niranbio.com\/fr\/sorbate-de-potassium-de-qualite-alimentaire.html","url":"https:\/\/theo.niranbio.com\/fr\/sorbate-de-potassium-de-qualite-alimentaire.html","name":"Conservateur sorbate de potassium e202, fabricant de sorbate de potassium| Niranbio Chemical","isPartOf":{"@id":"https:\/\/theo.niranbio.com\/fr\/#website"},"primaryImageOfPage":{"@id":"https:\/\/theo.niranbio.com\/fr\/sorbate-de-potassium-de-qualite-alimentaire.html#primaryimage"},"image":{"@id":"https:\/\/theo.niranbio.com\/fr\/sorbate-de-potassium-de-qualite-alimentaire.html#primaryimage"},"thumbnailUrl":"https:\/\/theo.niranbio.com\/wp-content\/uploads\/2024\/06\/Potassium-Sorbate.webp","datePublished":"2024-06-20T02:17:57+00:00","dateModified":"2024-08-19T05:35:18+00:00","description":"Notre sorbate de potassium E202 est sous forme de granul\u00e9s ou de poudre blancs, et les granul\u00e9s sont les plus utilis\u00e9s, principalement sous forme de colonne, et il existe \u00e9galement quelques granul\u00e9s sph\u00e9riques.","breadcrumb":{"@id":"https:\/\/theo.niranbio.com\/fr\/sorbate-de-potassium-de-qualite-alimentaire.html#breadcrumb"},"inLanguage":"fr-FR","potentialAction":[{"@type":"ReadAction","target":["https:\/\/theo.niranbio.com\/fr\/sorbate-de-potassium-de-qualite-alimentaire.html"]}]},{"@type":"ImageObject","inLanguage":"fr-FR","@id":"https:\/\/theo.niranbio.com\/fr\/sorbate-de-potassium-de-qualite-alimentaire.html#primaryimage","url":"https:\/\/theo.niranbio.com\/wp-content\/uploads\/2024\/06\/Potassium-Sorbate.webp","contentUrl":"https:\/\/theo.niranbio.com\/wp-content\/uploads\/2024\/06\/Potassium-Sorbate.webp","width":600,"height":600,"caption":"Sorbate de potassium"},{"@type":"BreadcrumbList","@id":"https:\/\/theo.niranbio.com\/fr\/sorbate-de-potassium-de-qualite-alimentaire.html#breadcrumb","itemListElement":[{"@type":"ListItem","position":1,"name":"Home","item":"https:\/\/theo.niranbio.com\/fr\/"},{"@type":"ListItem","position":2,"name":"Produits","item":"https:\/\/theo.niranbio.com\/fr\/produits.html"},{"@type":"ListItem","position":3,"name":"Conservateur","item":"https:\/\/theo.niranbio.com\/fr\/produit-conservateur\/"},{"@type":"ListItem","position":4,"name":"Sorbate de potassium de qualit\u00e9 alimentaire"}]},{"@type":"WebSite","@id":"https:\/\/theo.niranbio.com\/fr\/#website","url":"https:\/\/theo.niranbio.com\/fr\/","name":"Niranbio Chemical","description":"","publisher":{"@id":"https:\/\/theo.niranbio.com\/fr\/#organization"},"potentialAction":[{"@type":"SearchAction","target":{"@type":"EntryPoint","urlTemplate":"https:\/\/theo.niranbio.com\/fr\/?s={search_term_string}"},"query-input":{"@type":"PropertyValueSpecification","valueRequired":true,"valueName":"search_term_string"}}],"inLanguage":"fr-FR"},{"@type":"Organization","@id":"https:\/\/theo.niranbio.com\/fr\/#organization","name":"Niranbio Chemical","url":"https:\/\/theo.niranbio.com\/fr\/","logo":{"@type":"ImageObject","inLanguage":"fr-FR","@id":"https:\/\/theo.niranbio.com\/fr\/#\/schema\/logo\/image\/","url":"https:\/\/theo.niranbio.com\/wp-content\/uploads\/2024\/06\/Niranbio.png","contentUrl":"https:\/\/theo.niranbio.com\/wp-content\/uploads\/2024\/06\/Niranbio.png","width":270,"height":100,"caption":"Niranbio Chemical"},"image":{"@id":"https:\/\/theo.niranbio.com\/fr\/#\/schema\/logo\/image\/"}}]}},"_links":{"self":[{"href":"https:\/\/theo.niranbio.com\/fr\/wp-json\/wp\/v2\/product\/9661","targetHints":{"allow":["GET"]}}],"collection":[{"href":"https:\/\/theo.niranbio.com\/fr\/wp-json\/wp\/v2\/product"}],"about":[{"href":"https:\/\/theo.niranbio.com\/fr\/wp-json\/wp\/v2\/types\/product"}],"version-history":[{"count":0,"href":"https:\/\/theo.niranbio.com\/fr\/wp-json\/wp\/v2\/product\/9661\/revisions"}],"wp:featuredmedia":[{"embeddable":true,"href":"https:\/\/theo.niranbio.com\/fr\/wp-json\/wp\/v2\/media\/9662"}],"wp:attachment":[{"href":"https:\/\/theo.niranbio.com\/fr\/wp-json\/wp\/v2\/media?parent=9661"}],"wp:term":[{"taxonomy":"product_brand","embeddable":true,"href":"https:\/\/theo.niranbio.com\/fr\/wp-json\/wp\/v2\/product_brand?post=9661"},{"taxonomy":"product_cat","embeddable":true,"href":"https:\/\/theo.niranbio.com\/fr\/wp-json\/wp\/v2\/product_cat?post=9661"},{"taxonomy":"product_tag","embeddable":true,"href":"https:\/\/theo.niranbio.com\/fr\/wp-json\/wp\/v2\/product_tag?post=9661"}],"curies":[{"name":"wp","href":"https:\/\/api.w.org\/{rel}","templated":true}]}}