{"id":9659,"date":"2024-06-20T11:31:34","date_gmt":"2024-06-20T03:31:34","guid":{"rendered":"https:\/\/theo.niranbio.com\/acide-l-glutamique\/"},"modified":"2024-08-19T11:36:09","modified_gmt":"2024-08-19T03:36:09","slug":"acide-l-glutamique","status":"publish","type":"product","link":"https:\/\/theo.niranbio.com\/fr\/acide-l-glutamique.html","title":{"rendered":"Acide L-glutamique"},"content":{"rendered":"<h2><span class=\"ez-toc-section\" id=\"Quest-ce_que_lacide_L-glutamique\"><\/span>Qu&rsquo;est-ce que l&rsquo;acide L-glutamique ?<span class=\"ez-toc-section-end\"><\/span><\/h2>\n<p>L&rsquo;acide L-Glutamique est un acide amin\u00e9 ayant l&rsquo;apparence d&rsquo;une poudre cristalline blanche, presque inodore, avec un go\u00fbt et une acidit\u00e9 particuliers, et est difficile \u00e0 dissoudre dans l&rsquo;eau. Il peut \u00eatre largement utilis\u00e9 dans les produits pharmaceutiques, les additifs alimentaires, les exhausteurs nutritionnels, etc. Les principaux processus de pr\u00e9paration de l&rsquo;acide L-Glutamique sont les suivants :<\/p>\n<ol>\n<li>La m\u00e9thode de fermentation microbienne de l&rsquo;acide L-glutamique est actuellement le processus de production le plus important, utilisant des souches sp\u00e9cifiques pour produire de l&rsquo;acide L-glutamique pendant le processus de fermentation. Cette m\u00e9thode comprend des \u00e9tapes telles que la culture de souches, la fermentation, la s\u00e9paration et la purification. Elle pr\u00e9sente les avantages d&rsquo;une efficacit\u00e9 de production \u00e9lev\u00e9e, de larges sources de mati\u00e8res premi\u00e8res et de protection de l&rsquo;environnement, et convient \u00e0 la production industrielle \u00e0 grande \u00e9chelle.<\/li>\n<li>La m\u00e9thode de synth\u00e8se chimique synth\u00e9tise l&rsquo;acide L-glutamique par des r\u00e9actions chimiques. Bien qu&rsquo;elle ait \u00e9t\u00e9 utilis\u00e9e au d\u00e9but, elle est aujourd&rsquo;hui moins utilis\u00e9e en raison des co\u00fbts de production \u00e9lev\u00e9s et des nombreux sous-produits. Cette m\u00e9thode comprend des \u00e9tapes telles que la pr\u00e9paration des mati\u00e8res premi\u00e8res de r\u00e9action, les r\u00e9actions chimiques, la s\u00e9paration et la purification, mais elle n&rsquo;est pas aussi \u00e9cologique et \u00e9conomique que la m\u00e9thode de fermentation microbienne.<\/li>\n<li>La m\u00e9thode de conversion enzymatique utilise des enzymes pour catalyser des substrats sp\u00e9cifiques afin de produire de l&rsquo;acide L-glutamique, avec une efficacit\u00e9 de production \u00e9lev\u00e9e et une bonne s\u00e9lectivit\u00e9. Cette m\u00e9thode implique la pr\u00e9paration du substrat, la r\u00e9action enzymatique, la s\u00e9paration et la purification, et est respectueuse de l&rsquo;environnement, mais elle doit encore \u00eatre optimis\u00e9e et promue dans les applications industrielles.<\/li>\n<\/ol>\n<h2><span class=\"ez-toc-section\" id=\"Parametres_associes\"><\/span>Param\u00e8tres associ\u00e9s :<span class=\"ez-toc-section-end\"><\/span><\/h2>\n<table>\n<tbody>\n<tr>\n<td><strong>Articles<\/strong><\/td>\n<td><strong>Sp\u00e9cification<\/strong><\/td>\n<\/tr>\n<tr>\n<td>Rotation sp\u00e9cifique [a]D20\u00b0<\/td>\n<td>+30.5 \u00b0~ +32.5\u00b0<\/td>\n<\/tr>\n<tr>\n<td>Chlorure (Cl)<\/td>\n<td>0,02% max<\/td>\n<\/tr>\n<tr>\n<td>Ammonium (NH4)<\/td>\n<td>0,02% max<\/td>\n<\/tr>\n<tr>\n<td>Sulfate (SO4)<\/td>\n<td>0,02% max<\/td>\n<\/tr>\n<tr>\n<td>Fer (Fe)<\/td>\n<td>10ppm max<\/td>\n<\/tr>\n<tr>\n<td>M\u00e9taux lourds (Pb)<\/td>\n<td>10ppm max<\/td>\n<\/tr>\n<tr>\n<td>Cadmium<\/td>\n<td>1ppm max<\/td>\n<\/tr>\n<tr>\n<td>Mercure<\/td>\n<td>0,1 ppm maximum<\/td>\n<\/tr>\n<tr>\n<td>Arsenic (AS2O3)<\/td>\n<td>1ppm max<\/td>\n<\/tr>\n<tr>\n<td>Autres acides amin\u00e9s<\/td>\n<td>Conforme \u00e0 la norme.<\/td>\n<\/tr>\n<tr>\n<td>Perte au s\u00e9chage<\/td>\n<td>0,5 % max.<\/td>\n<\/tr>\n<tr>\n<td>R\u00e9sidus d&rsquo;inflammation (sulfat\u00e9s)<\/td>\n<td>0,10% max<\/td>\n<\/tr>\n<tr>\n<td>Essai<\/td>\n<td>98,5% \u00e0 100,5%<\/td>\n<\/tr>\n<tr>\n<td>PH<\/td>\n<td>3,0 \u00e0 3,5<\/td>\n<\/tr>\n<\/tbody>\n<\/table>\n<h2><span class=\"ez-toc-section\" id=\"Dosage_recommande\"><\/span>Dosage recommand\u00e9 :<span class=\"ez-toc-section-end\"><\/span><\/h2>\n<table>\n<tbody>\n<tr>\n<td><strong>Nom de l&rsquo;aliment<\/strong><\/td>\n<td><strong>Utilisation maximale (g\/kg)<\/strong><\/td>\n<\/tr>\n<tr>\n<td>Aliments conserv\u00e9s<\/td>\n<td>1,0-2,0 g\/kg<\/td>\n<\/tr>\n<tr>\n<td>Sauce d&rsquo;assaisonnement<\/td>\n<td>1,5-3,0 g\/kg<\/td>\n<\/tr>\n<tr>\n<td>Saucisse<\/td>\n<td>1,0-2,0 g\/kg<\/td>\n<\/tr>\n<tr>\n<td>Jambon<\/td>\n<td>1,0-2,0 g\/kg<\/td>\n<\/tr>\n<tr>\n<td>Bacon<\/td>\n<td>1,0-2,0 g\/kg<\/td>\n<\/tr>\n<tr>\n<td>Viande en conserve<\/td>\n<td>1,0-2,0 g\/kg<\/td>\n<\/tr>\n<tr>\n<td>Poisson en conserve<\/td>\n<td>1,0-2,0 g\/kg<\/td>\n<\/tr>\n<tr>\n<td>Produits de poulet<\/td>\n<td>1,0-2,0 g\/kg<\/td>\n<\/tr>\n<tr>\n<td>Assaisonnement pour fruits de mer<\/td>\n<td>1,5-3,0 g\/kg<\/td>\n<\/tr>\n<tr>\n<td>Cubes de curry<\/td>\n<td>1,5-3,0 g\/kg<\/td>\n<\/tr>\n<tr>\n<td>Essence de poulet pour assaisonnement<\/td>\n<td>1,5-3,0 g\/kg<\/td>\n<\/tr>\n<tr>\n<td>Sel d&rsquo;assaisonnement<\/td>\n<td>1,0-2,0 g\/kg<\/td>\n<\/tr>\n<tr>\n<td>Pain<\/td>\n<td>1,0-2,0 g\/kg<\/td>\n<\/tr>\n<tr>\n<td>Biscuits<\/td>\n<td>1,0-2,0 g\/kg<\/td>\n<\/tr>\n<\/tbody>\n<\/table>\n<h2><span class=\"ez-toc-section\" id=\"Lacide_L-glutamique_a_une_large_gamme_dutilisations\"><\/span>L&rsquo;acide L-glutamique a une large gamme d&rsquo;utilisations<span class=\"ez-toc-section-end\"><\/span><\/h2>\n<ol>\n<li>Am\u00e9liorer la saveur : l&rsquo;acide L-glutamique est un acide amin\u00e9 qui existe naturellement dans de nombreux aliments et a une saveur umami unique. En tant qu&rsquo;assaisonnement important, il peut am\u00e9liorer consid\u00e9rablement la saveur globale des aliments et les rendre plus d\u00e9licieux.<\/li>\n<li>Am\u00e9liorer l&rsquo;utilisation des prot\u00e9ines : l&rsquo;acide L-glutamique, en tant qu&rsquo;acide amin\u00e9 important, peut favoriser la synth\u00e8se et l&rsquo;utilisation des prot\u00e9ines dans le corps. Son ajout aux aliments peut non seulement am\u00e9liorer la valeur nutritionnelle des aliments, mais \u00e9galement am\u00e9liorer l\u2019absorption et l\u2019utilisation des prot\u00e9ines par l\u2019organisme.<\/li>\n<li>Am\u00e9liorer la texture des aliments : l&rsquo;acide L-glutamique peut am\u00e9liorer la texture et la structure des aliments pendant la transformation des aliments. Il est ajout\u00e9 aux produits \u00e0 base de farine tels que le pain et les nouilles pour augmenter l&rsquo;\u00e9lasticit\u00e9 et l&rsquo;extensibilit\u00e9 de la p\u00e2te, rendant le produit fini plus doux et plus moelleux. De plus, dans les produits laitiers et les produits \u00e0 base de soja, l&rsquo;acide L-glutamique peut am\u00e9liorer le go\u00fbt et la stabilit\u00e9 de la texture du produit.<\/li>\n<li>Am\u00e9liorer la conservation des aliments : l&rsquo;acide L-glutamique a un certain effet antioxydant, qui peut retarder le processus d&rsquo;oxydation des aliments et prolonger la dur\u00e9e de conservation des aliments. L&rsquo;ajout d&rsquo;acide L-glutamique aux aliments marin\u00e9s, aux aliments en conserve et aux aliments surgel\u00e9s peut pr\u00e9venir efficacement la d\u00e9t\u00e9rioration des aliments et maintenir la fra\u00eecheur et la saveur des aliments.<\/li>\n<li>En tant que compl\u00e9ment nutritionnel : l&rsquo;acide L-glutamique n&rsquo;est pas seulement utilis\u00e9 pour l&rsquo;assaisonnement, mais \u00e9galement largement utilis\u00e9 dans les aliments sains et les aliments fonctionnels comme compl\u00e9ment nutritionnel. Il peut fournir les acides amin\u00e9s n\u00e9cessaires au corps humain, favoriser la sant\u00e9 physique et la fonction immunitaire et am\u00e9liorer le niveau nutritionnel global.<\/li>\n<\/ol>\n<h2><span class=\"ez-toc-section\" id=\"Question_posee_par_lutilisateur\"><\/span>Question pos\u00e9e par l&rsquo;utilisateur :<span class=\"ez-toc-section-end\"><\/span><\/h2>\n<p>Question : L&rsquo;acide L-glutamique et le MSG sont-ils identiques ?<\/p>\n<p>R\u00e9ponse : L&rsquo;acide L-glutamique et le MSG (glutamate monosodique) ont des similitudes dans leur composition chimique, mais ils ne sont pas exactement identiques. L&rsquo;acide L-glutamique est un acide amin\u00e9 naturellement pr\u00e9sent dans de nombreux aliments et utilis\u00e9 pour les compl\u00e9ments nutritionnels et les assaisonnements ; tandis que le MSG est le sel de sodium de l&rsquo;acide L-glutamique, qui est principalement utilis\u00e9 comme agent aromatisant pour rehausser le go\u00fbt umami des aliments.<\/p>\n<p>En termes d&rsquo;utilisation et de processus de production, l&rsquo;acide L-glutamique peut \u00eatre produit par extraction naturelle ou fermentation microbienne, et est largement utilis\u00e9 pour am\u00e9liorer la valeur nutritionnelle et la texture des aliments. Le MSG est produit par fermentation et est principalement ajout\u00e9 aux soupes, aux sauces et aux aliments en conserve pour rehausser l&rsquo;effet umami. Bien qu&rsquo;une consommation mod\u00e9r\u00e9e d&rsquo;acide L-glutamique soit bonne pour la sant\u00e9, certaines personnes sont plus sensibles au MSG et peuvent ressentir de l&rsquo;inconfort. Par cons\u00e9quent, l\u2019utilisation du MSG doit \u00eatre contr\u00f4l\u00e9e dans une plage raisonnable, tandis que l\u2019utilisation de l\u2019acide L-glutamique comme nutriment est plus r\u00e9pandue et plus s\u00fbre.<\/p>\n","protected":false},"excerpt":{"rendered":"<ul>\n<li>CAS : 56-86-0<\/li>\n<li>Formule chimique: C<sub>5<\/sub>H<sub>9<\/sub>NO<sub>4<\/sub><\/li>\n<li>Certifications : KOSHER, ISO, HALAL, FSSC 22000, BRC, etc.<\/li>\n<li>Quantit\u00e9 minimum de commande : 1000 kg<\/li>\n<li>Dur\u00e9e de conservation : 2 ans<\/li>\n<\/ul>\n","protected":false},"featured_media":9660,"template":"","meta":{"site-sidebar-layout":"default","site-content-layout":"","ast-site-content-layout":"default","site-content-style":"default","site-sidebar-style":"default","ast-global-header-display":"","ast-banner-title-visibility":"","ast-main-header-display":"","ast-hfb-above-header-display":"","ast-hfb-below-header-display":"","ast-hfb-mobile-header-display":"","site-post-title":"","ast-breadcrumbs-content":"","ast-featured-img":"","footer-sml-layout":"","theme-transparent-header-meta":"default","adv-header-id-meta":"","stick-header-meta":"","header-above-stick-meta":"","header-main-stick-meta":"","header-below-stick-meta":"","astra-migrate-meta-layouts":"set","ast-page-background-enabled":"default","ast-page-background-meta":{"desktop":{"background-color":"var(--ast-global-color-4)","background-image":"","background-repeat":"repeat","background-position":"center center","background-size":"auto","background-attachment":"scroll","background-type":"","background-media":"","overlay-type":"","overlay-color":"","overlay-opacity":"","overlay-gradient":""},"tablet":{"background-color":"","background-image":"","background-repeat":"repeat","background-position":"center center","background-size":"auto","background-attachment":"scroll","background-type":"","background-media":"","overlay-type":"","overlay-color":"","overlay-opacity":"","overlay-gradient":""},"mobile":{"background-color":"","background-image":"","background-repeat":"repeat","background-position":"center center","background-size":"auto","background-attachment":"scroll","background-type":"","background-media":"","overlay-type":"","overlay-color":"","overlay-opacity":"","overlay-gradient":""}},"ast-content-background-meta":{"desktop":{"background-color":"var(--ast-global-color-5)","background-image":"","background-repeat":"repeat","background-position":"center center","background-size":"auto","background-attachment":"scroll","background-type":"","background-media":"","overlay-type":"","overlay-color":"","overlay-opacity":"","overlay-gradient":""},"tablet":{"background-color":"var(--ast-global-color-5)","background-image":"","background-repeat":"repeat","background-position":"center center","background-size":"auto","background-attachment":"scroll","background-type":"","background-media":"","overlay-type":"","overlay-color":"","overlay-opacity":"","overlay-gradient":""},"mobile":{"background-color":"var(--ast-global-color-5)","background-image":"","background-repeat":"repeat","background-position":"center center","background-size":"auto","background-attachment":"scroll","background-type":"","background-media":"","overlay-type":"","overlay-color":"","overlay-opacity":"","overlay-gradient":""}}},"product_brand":[],"product_cat":[106],"product_tag":[],"class_list":{"0":"post-9659","1":"product","2":"type-product","3":"status-publish","4":"has-post-thumbnail","6":"product_cat-produit-ameliorant-la-nutrition","7":"desktop-align-center","8":"tablet-align-left","9":"mobile-align-left","11":"first","12":"instock","13":"shipping-taxable","14":"product-type-simple"},"yoast_head":"<!-- This site is optimized with the Yoast SEO plugin v26.5 - https:\/\/yoast.com\/wordpress\/plugins\/seo\/ -->\n<title>Fournisseur d&#039;acide L-glutamique, poudre d&#039;acide L-glutamique E620 |<\/title>\n<meta name=\"description\" content=\"Notre acide L-glutamique a l&#039;apparence d&#039;une poudre cristalline blanche et peut \u00eatre largement utilis\u00e9 dans les produits pharmaceutiques, les additifs alimentaires, les exhausteurs nutritionnels, etc.\" \/>\n<meta name=\"robots\" content=\"noindex, follow, max-snippet:-1, max-image-preview:large, max-video-preview:-1\" \/>\n<meta name=\"twitter:label1\" content=\"Dur\u00e9e de lecture estim\u00e9e\" \/>\n\t<meta name=\"twitter:data1\" content=\"5 minutes\" \/>\n<script type=\"application\/ld+json\" class=\"yoast-schema-graph\">{\"@context\":\"https:\/\/schema.org\",\"@graph\":[{\"@type\":\"WebPage\",\"@id\":\"https:\/\/theo.niranbio.com\/fr\/acide-l-glutamique.html\",\"url\":\"https:\/\/theo.niranbio.com\/fr\/acide-l-glutamique.html\",\"name\":\"Fournisseur d'acide L-glutamique, poudre d'acide L-glutamique E620 |\",\"isPartOf\":{\"@id\":\"https:\/\/theo.niranbio.com\/fr\/#website\"},\"primaryImageOfPage\":{\"@id\":\"https:\/\/theo.niranbio.com\/fr\/acide-l-glutamique.html#primaryimage\"},\"image\":{\"@id\":\"https:\/\/theo.niranbio.com\/fr\/acide-l-glutamique.html#primaryimage\"},\"thumbnailUrl\":\"https:\/\/theo.niranbio.com\/wp-content\/uploads\/2024\/06\/L-Glutamic-Acid.webp\",\"datePublished\":\"2024-06-20T03:31:34+00:00\",\"dateModified\":\"2024-08-19T03:36:09+00:00\",\"description\":\"Notre acide L-glutamique a l'apparence d'une poudre cristalline blanche et peut \u00eatre largement utilis\u00e9 dans les produits pharmaceutiques, les additifs alimentaires, les exhausteurs nutritionnels, etc.\",\"breadcrumb\":{\"@id\":\"https:\/\/theo.niranbio.com\/fr\/acide-l-glutamique.html#breadcrumb\"},\"inLanguage\":\"fr-FR\",\"potentialAction\":[{\"@type\":\"ReadAction\",\"target\":[\"https:\/\/theo.niranbio.com\/fr\/acide-l-glutamique.html\"]}]},{\"@type\":\"ImageObject\",\"inLanguage\":\"fr-FR\",\"@id\":\"https:\/\/theo.niranbio.com\/fr\/acide-l-glutamique.html#primaryimage\",\"url\":\"https:\/\/theo.niranbio.com\/wp-content\/uploads\/2024\/06\/L-Glutamic-Acid.webp\",\"contentUrl\":\"https:\/\/theo.niranbio.com\/wp-content\/uploads\/2024\/06\/L-Glutamic-Acid.webp\",\"width\":600,\"height\":600,\"caption\":\"Acide L-Glutamique\"},{\"@type\":\"BreadcrumbList\",\"@id\":\"https:\/\/theo.niranbio.com\/fr\/acide-l-glutamique.html#breadcrumb\",\"itemListElement\":[{\"@type\":\"ListItem\",\"position\":1,\"name\":\"Home\",\"item\":\"https:\/\/theo.niranbio.com\/fr\/\"},{\"@type\":\"ListItem\",\"position\":2,\"name\":\"Produits\",\"item\":\"https:\/\/theo.niranbio.com\/fr\/produits.html\"},{\"@type\":\"ListItem\",\"position\":3,\"name\":\"Am\u00e9liorant la Nutrition\",\"item\":\"https:\/\/theo.niranbio.com\/fr\/produit-ameliorant-la-nutrition\/\"},{\"@type\":\"ListItem\",\"position\":4,\"name\":\"Acide L-glutamique\"}]},{\"@type\":\"WebSite\",\"@id\":\"https:\/\/theo.niranbio.com\/fr\/#website\",\"url\":\"https:\/\/theo.niranbio.com\/fr\/\",\"name\":\"Niranbio Chemical\",\"description\":\"\",\"publisher\":{\"@id\":\"https:\/\/theo.niranbio.com\/fr\/#organization\"},\"potentialAction\":[{\"@type\":\"SearchAction\",\"target\":{\"@type\":\"EntryPoint\",\"urlTemplate\":\"https:\/\/theo.niranbio.com\/fr\/?s={search_term_string}\"},\"query-input\":{\"@type\":\"PropertyValueSpecification\",\"valueRequired\":true,\"valueName\":\"search_term_string\"}}],\"inLanguage\":\"fr-FR\"},{\"@type\":\"Organization\",\"@id\":\"https:\/\/theo.niranbio.com\/fr\/#organization\",\"name\":\"Niranbio Chemical\",\"url\":\"https:\/\/theo.niranbio.com\/fr\/\",\"logo\":{\"@type\":\"ImageObject\",\"inLanguage\":\"fr-FR\",\"@id\":\"https:\/\/theo.niranbio.com\/fr\/#\/schema\/logo\/image\/\",\"url\":\"https:\/\/theo.niranbio.com\/wp-content\/uploads\/2024\/06\/Niranbio.png\",\"contentUrl\":\"https:\/\/theo.niranbio.com\/wp-content\/uploads\/2024\/06\/Niranbio.png\",\"width\":270,\"height\":100,\"caption\":\"Niranbio Chemical\"},\"image\":{\"@id\":\"https:\/\/theo.niranbio.com\/fr\/#\/schema\/logo\/image\/\"}}]}<\/script>\n<!-- \/ Yoast SEO plugin. -->","yoast_head_json":{"title":"Fournisseur d'acide L-glutamique, poudre d'acide L-glutamique E620 |","description":"Notre acide L-glutamique a l'apparence d'une poudre cristalline blanche et peut \u00eatre largement utilis\u00e9 dans les produits pharmaceutiques, les additifs alimentaires, les exhausteurs nutritionnels, etc.","robots":{"index":"noindex","follow":"follow","max-snippet":"max-snippet:-1","max-image-preview":"max-image-preview:large","max-video-preview":"max-video-preview:-1"},"twitter_misc":{"Dur\u00e9e de lecture estim\u00e9e":"5 minutes"},"schema":{"@context":"https:\/\/schema.org","@graph":[{"@type":"WebPage","@id":"https:\/\/theo.niranbio.com\/fr\/acide-l-glutamique.html","url":"https:\/\/theo.niranbio.com\/fr\/acide-l-glutamique.html","name":"Fournisseur d'acide L-glutamique, poudre d'acide L-glutamique E620 |","isPartOf":{"@id":"https:\/\/theo.niranbio.com\/fr\/#website"},"primaryImageOfPage":{"@id":"https:\/\/theo.niranbio.com\/fr\/acide-l-glutamique.html#primaryimage"},"image":{"@id":"https:\/\/theo.niranbio.com\/fr\/acide-l-glutamique.html#primaryimage"},"thumbnailUrl":"https:\/\/theo.niranbio.com\/wp-content\/uploads\/2024\/06\/L-Glutamic-Acid.webp","datePublished":"2024-06-20T03:31:34+00:00","dateModified":"2024-08-19T03:36:09+00:00","description":"Notre acide L-glutamique a l'apparence d'une poudre cristalline blanche et peut \u00eatre largement utilis\u00e9 dans les produits pharmaceutiques, les additifs alimentaires, les exhausteurs nutritionnels, etc.","breadcrumb":{"@id":"https:\/\/theo.niranbio.com\/fr\/acide-l-glutamique.html#breadcrumb"},"inLanguage":"fr-FR","potentialAction":[{"@type":"ReadAction","target":["https:\/\/theo.niranbio.com\/fr\/acide-l-glutamique.html"]}]},{"@type":"ImageObject","inLanguage":"fr-FR","@id":"https:\/\/theo.niranbio.com\/fr\/acide-l-glutamique.html#primaryimage","url":"https:\/\/theo.niranbio.com\/wp-content\/uploads\/2024\/06\/L-Glutamic-Acid.webp","contentUrl":"https:\/\/theo.niranbio.com\/wp-content\/uploads\/2024\/06\/L-Glutamic-Acid.webp","width":600,"height":600,"caption":"Acide L-Glutamique"},{"@type":"BreadcrumbList","@id":"https:\/\/theo.niranbio.com\/fr\/acide-l-glutamique.html#breadcrumb","itemListElement":[{"@type":"ListItem","position":1,"name":"Home","item":"https:\/\/theo.niranbio.com\/fr\/"},{"@type":"ListItem","position":2,"name":"Produits","item":"https:\/\/theo.niranbio.com\/fr\/produits.html"},{"@type":"ListItem","position":3,"name":"Am\u00e9liorant la Nutrition","item":"https:\/\/theo.niranbio.com\/fr\/produit-ameliorant-la-nutrition\/"},{"@type":"ListItem","position":4,"name":"Acide L-glutamique"}]},{"@type":"WebSite","@id":"https:\/\/theo.niranbio.com\/fr\/#website","url":"https:\/\/theo.niranbio.com\/fr\/","name":"Niranbio Chemical","description":"","publisher":{"@id":"https:\/\/theo.niranbio.com\/fr\/#organization"},"potentialAction":[{"@type":"SearchAction","target":{"@type":"EntryPoint","urlTemplate":"https:\/\/theo.niranbio.com\/fr\/?s={search_term_string}"},"query-input":{"@type":"PropertyValueSpecification","valueRequired":true,"valueName":"search_term_string"}}],"inLanguage":"fr-FR"},{"@type":"Organization","@id":"https:\/\/theo.niranbio.com\/fr\/#organization","name":"Niranbio Chemical","url":"https:\/\/theo.niranbio.com\/fr\/","logo":{"@type":"ImageObject","inLanguage":"fr-FR","@id":"https:\/\/theo.niranbio.com\/fr\/#\/schema\/logo\/image\/","url":"https:\/\/theo.niranbio.com\/wp-content\/uploads\/2024\/06\/Niranbio.png","contentUrl":"https:\/\/theo.niranbio.com\/wp-content\/uploads\/2024\/06\/Niranbio.png","width":270,"height":100,"caption":"Niranbio Chemical"},"image":{"@id":"https:\/\/theo.niranbio.com\/fr\/#\/schema\/logo\/image\/"}}]}},"_links":{"self":[{"href":"https:\/\/theo.niranbio.com\/fr\/wp-json\/wp\/v2\/product\/9659","targetHints":{"allow":["GET"]}}],"collection":[{"href":"https:\/\/theo.niranbio.com\/fr\/wp-json\/wp\/v2\/product"}],"about":[{"href":"https:\/\/theo.niranbio.com\/fr\/wp-json\/wp\/v2\/types\/product"}],"version-history":[{"count":0,"href":"https:\/\/theo.niranbio.com\/fr\/wp-json\/wp\/v2\/product\/9659\/revisions"}],"wp:featuredmedia":[{"embeddable":true,"href":"https:\/\/theo.niranbio.com\/fr\/wp-json\/wp\/v2\/media\/9660"}],"wp:attachment":[{"href":"https:\/\/theo.niranbio.com\/fr\/wp-json\/wp\/v2\/media?parent=9659"}],"wp:term":[{"taxonomy":"product_brand","embeddable":true,"href":"https:\/\/theo.niranbio.com\/fr\/wp-json\/wp\/v2\/product_brand?post=9659"},{"taxonomy":"product_cat","embeddable":true,"href":"https:\/\/theo.niranbio.com\/fr\/wp-json\/wp\/v2\/product_cat?post=9659"},{"taxonomy":"product_tag","embeddable":true,"href":"https:\/\/theo.niranbio.com\/fr\/wp-json\/wp\/v2\/product_tag?post=9659"}],"curies":[{"name":"wp","href":"https:\/\/api.w.org\/{rel}","templated":true}]}}