{"id":9655,"date":"2024-06-20T11:49:16","date_gmt":"2024-06-20T03:49:16","guid":{"rendered":"https:\/\/theo.niranbio.com\/colorant-caramel-de-qualite-alimentaire\/"},"modified":"2024-08-19T13:47:28","modified_gmt":"2024-08-19T05:47:28","slug":"colorant-caramel-de-qualite-alimentaire","status":"publish","type":"product","link":"https:\/\/theo.niranbio.com\/fr\/colorant-caramel-de-qualite-alimentaire.html","title":{"rendered":"Colorant caramel de qualit\u00e9 alimentaire"},"content":{"rendered":"<h2><span class=\"ez-toc-section\" id=\"Quest-ce_que_le_colorant_caramel_de_qualite_alimentaire\"><\/span>Qu&rsquo;est-ce que le colorant caramel de qualit\u00e9 alimentaire ?<span class=\"ez-toc-section-end\"><\/span><\/h2>\n<p>Le colorant caramel de qualit\u00e9 alimentaire est un colorant utilis\u00e9 dans les aliments et les boissons. Il se d\u00e9cline dans des nuances allant du brun clair au brun fonc\u00e9 et peut se pr\u00e9senter sous forme liquide ou en poudre.<\/p>\n<p>Il est fabriqu\u00e9 \u00e0 partir de sucres par une r\u00e9action de caram\u00e9lisation chauff\u00e9e, pr\u00e9sente une bonne stabilit\u00e9 de couleur et convient \u00e0 une vari\u00e9t\u00e9 d&rsquo;aliments et de boissons, tels que les boissons, les produits de boulangerie et les assaisonnements. Les principaux processus de pr\u00e9paration du colorant caramel de qualit\u00e9 alimentaire comprennent la caram\u00e9lisation, la m\u00e9thode des acides amin\u00e9s et la m\u00e9thode du sulfate d&rsquo;ammonium.<\/p>\n<p>C&rsquo;est le processus le plus courant et il convient \u00e0 la plupart des aliments et des boissons en raison de son processus simple et de son faible co\u00fbt. En Chine, ce processus est largement utilis\u00e9 en raison de son applicabilit\u00e9 universelle. La m\u00e9thode des acides amin\u00e9s consiste \u00e0 faire r\u00e9agir des sucres avec des acides amin\u00e9s \u00e0 haute temp\u00e9rature pour produire un caramel colorant \u00e0 haute stabilit\u00e9, qui est principalement utilis\u00e9 pour les produits ayant des exigences \u00e9lev\u00e9es en mati\u00e8re de stabilit\u00e9 de la couleur, tels que la bi\u00e8re et les assaisonnements. Bien que cette m\u00e9thode soit plus importante dans des applications sp\u00e9cifiques, son champ d&rsquo;application global est plus restreint que la m\u00e9thode de caram\u00e9lisation.<\/p>\n<p>La m\u00e9thode du sulfate d&rsquo;ammonium produit du caramel colorant en faisant r\u00e9agir des sucres avec de l&rsquo;ammoniac et de l&rsquo;acide sulfurique, et est principalement utilis\u00e9e dans les aliments qui n\u00e9cessitent une stabilit\u00e9 extr\u00eamement \u00e9lev\u00e9e, tels que certains assaisonnements et la sauce soja. Cette m\u00e9thode est plus couramment utilis\u00e9e pour des besoins sp\u00e9cifiques, mais dans l&rsquo;ensemble, elle n&rsquo;est pas aussi courante que la caram\u00e9lisation.<\/p>\n<h2><span class=\"ez-toc-section\" id=\"Parametres_associes\"><\/span>Param\u00e8tres associ\u00e9s :<span class=\"ez-toc-section-end\"><\/span><\/h2>\n<table>\n<tbody>\n<tr>\n<td>POINT<\/td>\n<td>STANDARD<\/td>\n<\/tr>\n<tr>\n<td>E 0,1 %1CM (610nm) Absorbance<\/td>\n<td>0.259-0.285<\/td>\n<\/tr>\n<tr>\n<td>Densit\u00e9 (25\u00b0C)<\/td>\n<td>1.255-1.270<\/td>\n<\/tr>\n<tr>\n<td>Viscosit\u00e9 (25\u00b0C)=&lt; Cps<\/td>\n<td>8000<\/td>\n<\/tr>\n<tr>\n<td>Valeur PH<\/td>\n<td>2.7-3.3<\/td>\n<\/tr>\n<tr>\n<td>Point de trouble&gt;= minutes<\/td>\n<td>40<\/td>\n<\/tr>\n<tr>\n<td>Temps de g\u00e9lification &gt;=mins<\/td>\n<td>100<\/td>\n<\/tr>\n<tr>\n<td>R\u00e9sinification &gt;= hrs<\/td>\n<td>20<\/td>\n<\/tr>\n<tr>\n<td>Point iso\u00e9lectrique =&lt;<\/td>\n<td>1.0<\/td>\n<\/tr>\n<tr>\n<td>Test de stabilit\u00e9 \u00e0 l&rsquo;acide<\/td>\n<td>Pas de trouble<\/td>\n<\/tr>\n<tr>\n<td>Test d&rsquo;alcool\u00e9mie (solution d&rsquo;alcool \u00e0 50 % V\/V)<\/td>\n<td>Pas de trouble<\/td>\n<\/tr>\n<tr>\n<td>Azote ammoniacal (sous forme de NH3) =&lt; %.<\/td>\n<td>0.5<\/td>\n<\/tr>\n<tr>\n<td>Dioxyde de soufre (sous forme de SO2) =&lt; %<\/td>\n<td>0.1<\/td>\n<\/tr>\n<tr>\n<td>Azote total (sous forme d&rsquo;azote) =&lt; %.<\/td>\n<td>3.3<\/td>\n<\/tr>\n<tr>\n<td>Soufre total (en tant que S) =&lt; %.<\/td>\n<td>3.5<\/td>\n<\/tr>\n<tr>\n<td>4-M\u00e9thyl Imidazole =&lt; mg\/kg<\/td>\n<td>200<\/td>\n<\/tr>\n<tr>\n<td>Arsenic(As As) =&lt; mg\/kg<\/td>\n<td>1.0<\/td>\n<\/tr>\n<tr>\n<td>Plomb (As Pb) =&lt; mg\/kg<\/td>\n<td>2.0<\/td>\n<\/tr>\n<tr>\n<td>M\u00e9taux lourds (As Pb) =&lt; mg\/kg<\/td>\n<td>25<\/td>\n<\/tr>\n<tr>\n<td>Mercure (As Hg) =&lt; mg\/kg<\/td>\n<td>0.1<\/td>\n<\/tr>\n<\/tbody>\n<\/table>\n<h2><span class=\"ez-toc-section\" id=\"Dosage_recommande\"><\/span>Dosage recommand\u00e9 :<span class=\"ez-toc-section-end\"><\/span><\/h2>\n<table>\n<tbody>\n<tr>\n<td>Nom de l&rsquo;aliment<\/td>\n<td>Utilisation maximale (g\/kg)<\/td>\n<\/tr>\n<tr>\n<td>Boissons gazeuses<\/td>\n<td>0,1 &#8211; 0,5 g\/kg<\/td>\n<\/tr>\n<tr>\n<td>Bi\u00e8re<\/td>\n<td>0,1 &#8211; 0,3 g\/kg<\/td>\n<\/tr>\n<tr>\n<td>Boissons aux fruits<\/td>\n<td>0,05 &#8211; 0,1 g\/kg<\/td>\n<\/tr>\n<tr>\n<td>Sauce soja<\/td>\n<td>0,5 &#8211; 1,0 g\/kg<\/td>\n<\/tr>\n<tr>\n<td>Sauce barbecue<\/td>\n<td>0,2 &#8211; 0,5 g\/kg<\/td>\n<\/tr>\n<tr>\n<td>Assaisonnements<\/td>\n<td>0,1 &#8211; 0,3 g\/kg<\/td>\n<\/tr>\n<tr>\n<td>Chocolat<\/td>\n<td>0,1 &#8211; 0,3 g\/kg<\/td>\n<\/tr>\n<tr>\n<td>Bonbons<\/td>\n<td>0,1 &#8211; 0,3 g\/kg<\/td>\n<\/tr>\n<tr>\n<td>Aliments en conserve<\/td>\n<td>0,1 &#8211; 0,3 g\/kg<\/td>\n<\/tr>\n<tr>\n<td>Produits laitiers<\/td>\n<td>0,1 &#8211; 0,2 g\/kg<\/td>\n<\/tr>\n<tr>\n<td>Sauces<\/td>\n<td>0,2 &#8211; 0,5 g\/kg<\/td>\n<\/tr>\n<tr>\n<td>\u00c9pices<\/td>\n<td>0,1 &#8211; 0,2 g\/kg<\/td>\n<\/tr>\n<\/tbody>\n<\/table>\n<h2><span class=\"ez-toc-section\" id=\"Le_colorant_caramel_de_qualite_alimentaire_a_une_large_gamme_dutilisations\"><\/span>Le colorant caramel de qualit\u00e9 alimentaire a une large gamme d&rsquo;utilisations<span class=\"ez-toc-section-end\"><\/span><\/h2>\n<ol>\n<li>Fonction de coloration : la fonction principale du colorant caramel de qualit\u00e9 alimentaire est de donner de la couleur aux aliments et aux boissons, rendant les produits visuellement attrayants. Il peut aller du brun clair au brun fonc\u00e9 et peut imiter les couleurs des aliments naturels, am\u00e9liorant l&rsquo;apparence des produits et les rendant plus attrayants et plus coh\u00e9rents.<\/li>\n<li>Am\u00e9liorer l&rsquo;apparence : le colorant caramel peut \u00eatre r\u00e9parti uniform\u00e9ment dans les aliments et les boissons, am\u00e9liorant ainsi la coh\u00e9rence de l&rsquo;apparence des produits. Il peut masquer les diff\u00e9rences de couleur naturelles des mati\u00e8res premi\u00e8res, rendant la couleur du produit final plus uniforme et plus belle.<\/li>\n<li>Stabilit\u00e9 et tol\u00e9rance : Le colorant caramel a une bonne stabilit\u00e9 dans diverses conditions de transformation des aliments, y compris diff\u00e9rentes valeurs de pH et temp\u00e9ratures. Il peut r\u00e9sister \u00e0 des conditions de traitement et de stockage \u00e0 haute temp\u00e9rature pendant le traitement et conserver sa couleur. Cela rend le colorant caramel particuli\u00e8rement adapt\u00e9 aux aliments qui sont stock\u00e9s pendant une longue p\u00e9riode ou trait\u00e9s thermiquement.<\/li>\n<li>Am\u00e9liorer l&rsquo;attrait commercial des aliments : En ajustant la concentration de colorant caramel, les fabricants peuvent ajuster la couleur des aliments en fonction des pr\u00e9f\u00e9rences des consommateurs et de la demande du march\u00e9, am\u00e9liorant ainsi la comp\u00e9titivit\u00e9 des produits sur le march\u00e9. L&rsquo;utilisation de colorant caramel peut aider les marques \u00e0 se d\u00e9marquer visuellement et \u00e0 am\u00e9liorer l&rsquo;attrait des produits.<\/li>\n<\/ol>\n<h2><span class=\"ez-toc-section\" id=\"Question_posee_par_lutilisateur\"><\/span>Question pos\u00e9e par l&rsquo;utilisateur :<span class=\"ez-toc-section-end\"><\/span><\/h2>\n<p>Question : Le colorant caramel de qualit\u00e9 alimentaire est-il biologique ? Quelles sont ses alternatives naturelles ?<\/p>\n<p>R\u00e9ponse : Le colorant caramel de qualit\u00e9 alimentaire est un colorant fabriqu\u00e9 \u00e0 partir de sucres par chauffage et r\u00e9action de caram\u00e9lisation, il peut donc \u00eatre consid\u00e9r\u00e9 comme une substance organique. Le processus de production du colorant caramel n&rsquo;implique aucun produit chimique synth\u00e9tique et repose principalement sur la r\u00e9action de chauffage des sucres, il est donc consid\u00e9r\u00e9 comme naturel dans de nombreux aliments et boissons. Ses alternatives naturelles comprennent le carot\u00e8ne, la levure de riz rouge, etc.<\/p>\n","protected":false},"excerpt":{"rendered":"<ul>\n<li>CAS: 8028-89-5<\/li>\n<li>Formule chimique: C10H10O<\/li>\n<li>Certifications : KOSHER, ISO, HALAL, FSSC 22000, BRC, etc.<\/li>\n<li>Quantit\u00e9 minimum de commande : 1000 kg<\/li>\n<li>Dur\u00e9e de conservation : 2 ans<\/li>\n<\/ul>\n","protected":false},"featured_media":9657,"template":"","meta":{"site-sidebar-layout":"default","site-content-layout":"","ast-site-content-layout":"default","site-content-style":"default","site-sidebar-style":"default","ast-global-header-display":"","ast-banner-title-visibility":"","ast-main-header-display":"","ast-hfb-above-header-display":"","ast-hfb-below-header-display":"","ast-hfb-mobile-header-display":"","site-post-title":"","ast-breadcrumbs-content":"","ast-featured-img":"","footer-sml-layout":"","theme-transparent-header-meta":"default","adv-header-id-meta":"","stick-header-meta":"","header-above-stick-meta":"","header-main-stick-meta":"","header-below-stick-meta":"","astra-migrate-meta-layouts":"set","ast-page-background-enabled":"default","ast-page-background-meta":{"desktop":{"background-color":"var(--ast-global-color-4)","background-image":"","background-repeat":"repeat","background-position":"center center","background-size":"auto","background-attachment":"scroll","background-type":"","background-media":"","overlay-type":"","overlay-color":"","overlay-opacity":"","overlay-gradient":""},"tablet":{"background-color":"","background-image":"","background-repeat":"repeat","background-position":"center center","background-size":"auto","background-attachment":"scroll","background-type":"","background-media":"","overlay-type":"","overlay-color":"","overlay-opacity":"","overlay-gradient":""},"mobile":{"background-color":"","background-image":"","background-repeat":"repeat","background-position":"center center","background-size":"auto","background-attachment":"scroll","background-type":"","background-media":"","overlay-type":"","overlay-color":"","overlay-opacity":"","overlay-gradient":""}},"ast-content-background-meta":{"desktop":{"background-color":"var(--ast-global-color-5)","background-image":"","background-repeat":"repeat","background-position":"center center","background-size":"auto","background-attachment":"scroll","background-type":"","background-media":"","overlay-type":"","overlay-color":"","overlay-opacity":"","overlay-gradient":""},"tablet":{"background-color":"var(--ast-global-color-5)","background-image":"","background-repeat":"repeat","background-position":"center center","background-size":"auto","background-attachment":"scroll","background-type":"","background-media":"","overlay-type":"","overlay-color":"","overlay-opacity":"","overlay-gradient":""},"mobile":{"background-color":"var(--ast-global-color-5)","background-image":"","background-repeat":"repeat","background-position":"center center","background-size":"auto","background-attachment":"scroll","background-type":"","background-media":"","overlay-type":"","overlay-color":"","overlay-opacity":"","overlay-gradient":""}}},"product_brand":[],"product_cat":[103],"product_tag":[],"class_list":{"0":"post-9655","1":"product","2":"type-product","3":"status-publish","4":"has-post-thumbnail","6":"product_cat-produit-colorant","7":"desktop-align-center","8":"tablet-align-left","9":"mobile-align-left","11":"first","12":"instock","13":"shipping-taxable","14":"product-type-simple"},"yoast_head":"<!-- This site is optimized with the Yoast SEO plugin v26.5 - https:\/\/yoast.com\/wordpress\/plugins\/seo\/ -->\n<title>Fournisseur de Colorant Caramel, E150 Prix | Niranbio Chemical<\/title>\n<meta name=\"description\" content=\"Nous fournissons de la poudre de colorant caramel de qualit\u00e9 alimentaire, qui va du brun clair au brun fonc\u00e9 et peut imiter les couleurs des aliments naturels.\" \/>\n<meta name=\"robots\" content=\"noindex, follow, max-snippet:-1, max-image-preview:large, max-video-preview:-1\" \/>\n<meta name=\"twitter:label1\" content=\"Dur\u00e9e de lecture estim\u00e9e\" \/>\n\t<meta name=\"twitter:data1\" content=\"4 minutes\" \/>\n<script type=\"application\/ld+json\" class=\"yoast-schema-graph\">{\"@context\":\"https:\/\/schema.org\",\"@graph\":[{\"@type\":\"WebPage\",\"@id\":\"https:\/\/theo.niranbio.com\/fr\/colorant-caramel-de-qualite-alimentaire.html\",\"url\":\"https:\/\/theo.niranbio.com\/fr\/colorant-caramel-de-qualite-alimentaire.html\",\"name\":\"Fournisseur de Colorant Caramel, E150 Prix | Niranbio Chemical\",\"isPartOf\":{\"@id\":\"https:\/\/theo.niranbio.com\/fr\/#website\"},\"primaryImageOfPage\":{\"@id\":\"https:\/\/theo.niranbio.com\/fr\/colorant-caramel-de-qualite-alimentaire.html#primaryimage\"},\"image\":{\"@id\":\"https:\/\/theo.niranbio.com\/fr\/colorant-caramel-de-qualite-alimentaire.html#primaryimage\"},\"thumbnailUrl\":\"https:\/\/theo.niranbio.com\/wp-content\/uploads\/2024\/06\/Caramel-Color-Food-Grade.webp\",\"datePublished\":\"2024-06-20T03:49:16+00:00\",\"dateModified\":\"2024-08-19T05:47:28+00:00\",\"description\":\"Nous fournissons de la poudre de colorant caramel de qualit\u00e9 alimentaire, qui va du brun clair au brun fonc\u00e9 et peut imiter les couleurs des aliments naturels.\",\"breadcrumb\":{\"@id\":\"https:\/\/theo.niranbio.com\/fr\/colorant-caramel-de-qualite-alimentaire.html#breadcrumb\"},\"inLanguage\":\"fr-FR\",\"potentialAction\":[{\"@type\":\"ReadAction\",\"target\":[\"https:\/\/theo.niranbio.com\/fr\/colorant-caramel-de-qualite-alimentaire.html\"]}]},{\"@type\":\"ImageObject\",\"inLanguage\":\"fr-FR\",\"@id\":\"https:\/\/theo.niranbio.com\/fr\/colorant-caramel-de-qualite-alimentaire.html#primaryimage\",\"url\":\"https:\/\/theo.niranbio.com\/wp-content\/uploads\/2024\/06\/Caramel-Color-Food-Grade.webp\",\"contentUrl\":\"https:\/\/theo.niranbio.com\/wp-content\/uploads\/2024\/06\/Caramel-Color-Food-Grade.webp\",\"width\":600,\"height\":600,\"caption\":\"Colorant caramel de qualit\u00e9 alimentaire\"},{\"@type\":\"BreadcrumbList\",\"@id\":\"https:\/\/theo.niranbio.com\/fr\/colorant-caramel-de-qualite-alimentaire.html#breadcrumb\",\"itemListElement\":[{\"@type\":\"ListItem\",\"position\":1,\"name\":\"Home\",\"item\":\"https:\/\/theo.niranbio.com\/fr\/\"},{\"@type\":\"ListItem\",\"position\":2,\"name\":\"Produits\",\"item\":\"https:\/\/theo.niranbio.com\/fr\/produits.html\"},{\"@type\":\"ListItem\",\"position\":3,\"name\":\"Colorant\",\"item\":\"https:\/\/theo.niranbio.com\/fr\/produit-colorant\/\"},{\"@type\":\"ListItem\",\"position\":4,\"name\":\"Colorant caramel de qualit\u00e9 alimentaire\"}]},{\"@type\":\"WebSite\",\"@id\":\"https:\/\/theo.niranbio.com\/fr\/#website\",\"url\":\"https:\/\/theo.niranbio.com\/fr\/\",\"name\":\"Niranbio Chemical\",\"description\":\"\",\"publisher\":{\"@id\":\"https:\/\/theo.niranbio.com\/fr\/#organization\"},\"potentialAction\":[{\"@type\":\"SearchAction\",\"target\":{\"@type\":\"EntryPoint\",\"urlTemplate\":\"https:\/\/theo.niranbio.com\/fr\/?s={search_term_string}\"},\"query-input\":{\"@type\":\"PropertyValueSpecification\",\"valueRequired\":true,\"valueName\":\"search_term_string\"}}],\"inLanguage\":\"fr-FR\"},{\"@type\":\"Organization\",\"@id\":\"https:\/\/theo.niranbio.com\/fr\/#organization\",\"name\":\"Niranbio Chemical\",\"url\":\"https:\/\/theo.niranbio.com\/fr\/\",\"logo\":{\"@type\":\"ImageObject\",\"inLanguage\":\"fr-FR\",\"@id\":\"https:\/\/theo.niranbio.com\/fr\/#\/schema\/logo\/image\/\",\"url\":\"https:\/\/theo.niranbio.com\/wp-content\/uploads\/2024\/06\/Niranbio.png\",\"contentUrl\":\"https:\/\/theo.niranbio.com\/wp-content\/uploads\/2024\/06\/Niranbio.png\",\"width\":270,\"height\":100,\"caption\":\"Niranbio Chemical\"},\"image\":{\"@id\":\"https:\/\/theo.niranbio.com\/fr\/#\/schema\/logo\/image\/\"}}]}<\/script>\n<!-- \/ Yoast SEO plugin. -->","yoast_head_json":{"title":"Fournisseur de Colorant Caramel, E150 Prix | Niranbio Chemical","description":"Nous fournissons de la poudre de colorant caramel de qualit\u00e9 alimentaire, qui va du brun clair au brun fonc\u00e9 et peut imiter les couleurs des aliments naturels.","robots":{"index":"noindex","follow":"follow","max-snippet":"max-snippet:-1","max-image-preview":"max-image-preview:large","max-video-preview":"max-video-preview:-1"},"twitter_misc":{"Dur\u00e9e de lecture estim\u00e9e":"4 minutes"},"schema":{"@context":"https:\/\/schema.org","@graph":[{"@type":"WebPage","@id":"https:\/\/theo.niranbio.com\/fr\/colorant-caramel-de-qualite-alimentaire.html","url":"https:\/\/theo.niranbio.com\/fr\/colorant-caramel-de-qualite-alimentaire.html","name":"Fournisseur de Colorant Caramel, E150 Prix | Niranbio Chemical","isPartOf":{"@id":"https:\/\/theo.niranbio.com\/fr\/#website"},"primaryImageOfPage":{"@id":"https:\/\/theo.niranbio.com\/fr\/colorant-caramel-de-qualite-alimentaire.html#primaryimage"},"image":{"@id":"https:\/\/theo.niranbio.com\/fr\/colorant-caramel-de-qualite-alimentaire.html#primaryimage"},"thumbnailUrl":"https:\/\/theo.niranbio.com\/wp-content\/uploads\/2024\/06\/Caramel-Color-Food-Grade.webp","datePublished":"2024-06-20T03:49:16+00:00","dateModified":"2024-08-19T05:47:28+00:00","description":"Nous fournissons de la poudre de colorant caramel de qualit\u00e9 alimentaire, qui va du brun clair au brun fonc\u00e9 et peut imiter les couleurs des aliments naturels.","breadcrumb":{"@id":"https:\/\/theo.niranbio.com\/fr\/colorant-caramel-de-qualite-alimentaire.html#breadcrumb"},"inLanguage":"fr-FR","potentialAction":[{"@type":"ReadAction","target":["https:\/\/theo.niranbio.com\/fr\/colorant-caramel-de-qualite-alimentaire.html"]}]},{"@type":"ImageObject","inLanguage":"fr-FR","@id":"https:\/\/theo.niranbio.com\/fr\/colorant-caramel-de-qualite-alimentaire.html#primaryimage","url":"https:\/\/theo.niranbio.com\/wp-content\/uploads\/2024\/06\/Caramel-Color-Food-Grade.webp","contentUrl":"https:\/\/theo.niranbio.com\/wp-content\/uploads\/2024\/06\/Caramel-Color-Food-Grade.webp","width":600,"height":600,"caption":"Colorant caramel de qualit\u00e9 alimentaire"},{"@type":"BreadcrumbList","@id":"https:\/\/theo.niranbio.com\/fr\/colorant-caramel-de-qualite-alimentaire.html#breadcrumb","itemListElement":[{"@type":"ListItem","position":1,"name":"Home","item":"https:\/\/theo.niranbio.com\/fr\/"},{"@type":"ListItem","position":2,"name":"Produits","item":"https:\/\/theo.niranbio.com\/fr\/produits.html"},{"@type":"ListItem","position":3,"name":"Colorant","item":"https:\/\/theo.niranbio.com\/fr\/produit-colorant\/"},{"@type":"ListItem","position":4,"name":"Colorant caramel de qualit\u00e9 alimentaire"}]},{"@type":"WebSite","@id":"https:\/\/theo.niranbio.com\/fr\/#website","url":"https:\/\/theo.niranbio.com\/fr\/","name":"Niranbio Chemical","description":"","publisher":{"@id":"https:\/\/theo.niranbio.com\/fr\/#organization"},"potentialAction":[{"@type":"SearchAction","target":{"@type":"EntryPoint","urlTemplate":"https:\/\/theo.niranbio.com\/fr\/?s={search_term_string}"},"query-input":{"@type":"PropertyValueSpecification","valueRequired":true,"valueName":"search_term_string"}}],"inLanguage":"fr-FR"},{"@type":"Organization","@id":"https:\/\/theo.niranbio.com\/fr\/#organization","name":"Niranbio Chemical","url":"https:\/\/theo.niranbio.com\/fr\/","logo":{"@type":"ImageObject","inLanguage":"fr-FR","@id":"https:\/\/theo.niranbio.com\/fr\/#\/schema\/logo\/image\/","url":"https:\/\/theo.niranbio.com\/wp-content\/uploads\/2024\/06\/Niranbio.png","contentUrl":"https:\/\/theo.niranbio.com\/wp-content\/uploads\/2024\/06\/Niranbio.png","width":270,"height":100,"caption":"Niranbio Chemical"},"image":{"@id":"https:\/\/theo.niranbio.com\/fr\/#\/schema\/logo\/image\/"}}]}},"_links":{"self":[{"href":"https:\/\/theo.niranbio.com\/fr\/wp-json\/wp\/v2\/product\/9655","targetHints":{"allow":["GET"]}}],"collection":[{"href":"https:\/\/theo.niranbio.com\/fr\/wp-json\/wp\/v2\/product"}],"about":[{"href":"https:\/\/theo.niranbio.com\/fr\/wp-json\/wp\/v2\/types\/product"}],"version-history":[{"count":0,"href":"https:\/\/theo.niranbio.com\/fr\/wp-json\/wp\/v2\/product\/9655\/revisions"}],"wp:featuredmedia":[{"embeddable":true,"href":"https:\/\/theo.niranbio.com\/fr\/wp-json\/wp\/v2\/media\/9657"}],"wp:attachment":[{"href":"https:\/\/theo.niranbio.com\/fr\/wp-json\/wp\/v2\/media?parent=9655"}],"wp:term":[{"taxonomy":"product_brand","embeddable":true,"href":"https:\/\/theo.niranbio.com\/fr\/wp-json\/wp\/v2\/product_brand?post=9655"},{"taxonomy":"product_cat","embeddable":true,"href":"https:\/\/theo.niranbio.com\/fr\/wp-json\/wp\/v2\/product_cat?post=9655"},{"taxonomy":"product_tag","embeddable":true,"href":"https:\/\/theo.niranbio.com\/fr\/wp-json\/wp\/v2\/product_tag?post=9655"}],"curies":[{"name":"wp","href":"https:\/\/api.w.org\/{rel}","templated":true}]}}