{"id":9629,"date":"2024-06-20T11:50:34","date_gmt":"2024-06-20T03:50:34","guid":{"rendered":"https:\/\/theo.niranbio.com\/dioxyde-de-titane-de-qualite-alimentaire\/"},"modified":"2024-08-19T13:43:39","modified_gmt":"2024-08-19T05:43:39","slug":"dioxyde-de-titane-de-qualite-alimentaire","status":"publish","type":"product","link":"https:\/\/theo.niranbio.com\/fr\/dioxyde-de-titane-de-qualite-alimentaire.html","title":{"rendered":"Dioxyde de titane de qualit\u00e9 alimentaire"},"content":{"rendered":"<h2><span class=\"ez-toc-section\" id=\"Quest-ce_que_le_dioxyde_de_titane_de_qualite_alimentaire\"><\/span>Qu&rsquo;est-ce que le dioxyde de titane de qualit\u00e9 alimentaire ?<span class=\"ez-toc-section-end\"><\/span><\/h2>\n<p>Le dioxyde de titane de qualit\u00e9 alimentaire est une poudre blanche largement utilis\u00e9e dans les aliments, les cosm\u00e9tiques et les m\u00e9dicaments comme colorant et agent blanchissant. Il a un excellent pouvoir couvrant et une excellente stabilit\u00e9 chimique, peut fournir un blanc \u00e9clatant et am\u00e9liorer la luminosit\u00e9 d&rsquo;autres couleurs. Le dioxyde de titane est couramment utilis\u00e9 dans les aliments dans les bonbons, les produits laitiers et les produits de boulangerie pour aider \u00e0 am\u00e9liorer l&rsquo;apparence.<\/p>\n<p>Il est consid\u00e9r\u00e9 comme s\u00fbr et inoffensif pour le corps humain dans la plage d&rsquo;utilisation prescrite. La m\u00e9thode de l&rsquo;acide sulfurique et la m\u00e9thode de la chloration sont les deux principales techniques utilis\u00e9es pour pr\u00e9parer le dioxyde de titane de qualit\u00e9 alimentaire. La m\u00e9thode de l&rsquo;acide sulfurique g\u00e9n\u00e8re du sulfate de titane en r\u00e9agissant avec l&rsquo;acide sulfurique, puis le convertit en dioxyde de titane. Le processus est mature mais la consommation d&rsquo;\u00e9nergie est \u00e9lev\u00e9e. La m\u00e9thode de la chloration g\u00e9n\u00e8re du chlorure de titane par r\u00e9action de chloration, puis le convertit en dioxyde de titane. Cette m\u00e9thode permet une puret\u00e9 du produit et une efficacit\u00e9 de production plus \u00e9lev\u00e9es, et le traitement des sous-produits est relativement simple.<\/p>\n<p>En Chine, la m\u00e9thode de chloration est devenue le proc\u00e9d\u00e9 de pr\u00e9paration le plus r\u00e9pandu. Comme elle permet de produire du dioxyde de titane de haute qualit\u00e9 et qu&rsquo;elle est relativement \u00e9conome en \u00e9nergie et respectueuse de l&rsquo;environnement, de nombreuses grandes entreprises de production utilisent cette m\u00e9thode pour r\u00e9pondre \u00e0 la demande du march\u00e9.<\/p>\n<h2><span class=\"ez-toc-section\" id=\"Dosage_recommande\"><\/span>Dosage recommand\u00e9 :<span class=\"ez-toc-section-end\"><\/span><\/h2>\n<table>\n<tbody>\n<tr>\n<td>Nom de l&rsquo;aliment<\/td>\n<td>Utilisation maximale (g\/kg)<\/td>\n<\/tr>\n<tr>\n<td>Boissons \u00e0 base de jus de fruits<\/td>\n<td>0,05 &#8211; 0,2 g\/kg<\/td>\n<\/tr>\n<tr>\n<td>Produits laitiers<\/td>\n<td>0,1 &#8211; 0,3 g\/kg<\/td>\n<\/tr>\n<tr>\n<td>Bonbons<\/td>\n<td>0,2 &#8211; 0,5 g\/kg<\/td>\n<\/tr>\n<tr>\n<td>Chocolat<\/td>\n<td>0,1 &#8211; 0,3 g\/kg<\/td>\n<\/tr>\n<tr>\n<td>Assaisonnements<\/td>\n<td>0,1 &#8211; 0,3 g\/kg<\/td>\n<\/tr>\n<tr>\n<td>Sauces<\/td>\n<td>0,1 &#8211; 0,5 g\/kg<\/td>\n<\/tr>\n<tr>\n<td>Pain<\/td>\n<td>0,1 &#8211; 0,2 g\/kg<\/td>\n<\/tr>\n<tr>\n<td>Biscuits<\/td>\n<td>0,1 &#8211; 0,3 g\/kg<\/td>\n<\/tr>\n<tr>\n<td>Cr\u00e8me<\/td>\n<td>0,1 &#8211; 0,3 g\/kg<\/td>\n<\/tr>\n<tr>\n<td>Sauce soja<\/td>\n<td>0,2 &#8211; 0,5 g\/kg<\/td>\n<\/tr>\n<tr>\n<td>\u00c9pices<\/td>\n<td>0,1 &#8211; 0,2 g\/kg<\/td>\n<\/tr>\n<tr>\n<td>Fromage<\/td>\n<td>0,1 &#8211; 0,2 g\/kg<\/td>\n<\/tr>\n<\/tbody>\n<\/table>\n<h2><span class=\"ez-toc-section\" id=\"Le_dioxyde_de_titane_de_qualite_alimentaire_a_une_large_gamme_dutilisations\"><\/span>Le dioxyde de titane de qualit\u00e9 alimentaire a une large gamme d&rsquo;utilisations<span class=\"ez-toc-section-end\"><\/span><\/h2>\n<ol>\n<li>Coloration : Le dioxyde de titane est un pigment blanc qui peut efficacement donner une couleur blanche pure aux aliments. Il est souvent utilis\u00e9 pour colorer des aliments tels que des bonbons, des g\u00e2teaux et des produits laitiers afin de rendre leurs couleurs plus vives et plus uniformes.<\/li>\n<li>\u00c9claircissement et masquage : Le dioxyde de titane a un pouvoir masquant \u00e9lev\u00e9 et peut masquer les irr\u00e9gularit\u00e9s ou les parties disgracieuses d&rsquo;autres couleurs dans les aliments, ce qui rend les aliments plus uniformes et plus attrayants.<\/li>\n<li>Am\u00e9lioration de la texture : Dans certains aliments, le dioxyde de titane peut am\u00e9liorer la texture des aliments et les rendre plus lisses. Par exemple, le dioxyde de titane peut \u00eatre utilis\u00e9 dans certains produits laitiers ou dans le gla\u00e7age pour obtenir cet effet.<\/li>\n<li>Pr\u00e9vention de la d\u00e9coloration : le dioxyde de titane peut bloquer efficacement la lumi\u00e8re et l&rsquo;oxydation, r\u00e9duisant ainsi le risque de d\u00e9coloration ou de d\u00e9coloration des aliments pendant le stockage.<\/li>\n<\/ol>\n<h2><span class=\"ez-toc-section\" id=\"Question_posee_par_lutilisateur\"><\/span>Question pos\u00e9e par l&rsquo;utilisateur :<span class=\"ez-toc-section-end\"><\/span><\/h2>\n<p>Question : Pourquoi existe-t-il des alternatives au dioxyde de titane de qualit\u00e9 alimentaire ?<\/p>\n<p>R\u00e9ponse : Le dioxyde de titane de qualit\u00e9 alimentaire est largement utilis\u00e9 dans les aliments en raison de sa coloration et de son pouvoir masquant sup\u00e9rieurs, mais en raison de probl\u00e8mes de sant\u00e9 et d&rsquo;environnement, de nombreux fabricants recherchent des alternatives naturelles ou plus saines. Les colorants naturels \u00e0 base de plantes tels que la poudre de carot\u00e8ne blanche et la poudre de citrouille blanche offrent des options blanches naturelles, tandis que les pigments min\u00e9raux naturels tels que le talc et le sulfate de baryum peuvent \u00e9galement \u00eatre utilis\u00e9s comme alternatives, mais leur utilisation doit \u00eatre conforme aux normes de s\u00e9curit\u00e9 alimentaire.<\/p>\n<p>De plus, les \u00e9mulsifiants tels que la g\u00e9latine et l&rsquo;amidon modifi\u00e9 peuvent \u00e9galement fournir un certain effet blanc et am\u00e9liorer la texture des aliments. La s\u00e9curit\u00e9, l&rsquo;abordabilit\u00e9 et l&rsquo;effet sur la qualit\u00e9 alimentaire des substituts doivent tous \u00eatre pris en compte.<\/p>\n","protected":false},"excerpt":{"rendered":"<ul>\n<li>CAS: 13463-67-7<\/li>\n<li>Formule chimique: TiO\u2082<\/li>\n<li>Certifications : KOSHER, ISO, HALAL, FSSC 22000, BRC, etc.<\/li>\n<li>Quantit\u00e9 minimum de commande : 1000 kg<\/li>\n<li>Dur\u00e9e de conservation : 2 ans<\/li>\n<\/ul>\n","protected":false},"featured_media":9630,"template":"","meta":{"site-sidebar-layout":"default","site-content-layout":"","ast-site-content-layout":"default","site-content-style":"default","site-sidebar-style":"default","ast-global-header-display":"","ast-banner-title-visibility":"","ast-main-header-display":"","ast-hfb-above-header-display":"","ast-hfb-below-header-display":"","ast-hfb-mobile-header-display":"","site-post-title":"","ast-breadcrumbs-content":"","ast-featured-img":"","footer-sml-layout":"","theme-transparent-header-meta":"default","adv-header-id-meta":"","stick-header-meta":"","header-above-stick-meta":"","header-main-stick-meta":"","header-below-stick-meta":"","astra-migrate-meta-layouts":"set","ast-page-background-enabled":"default","ast-page-background-meta":{"desktop":{"background-color":"var(--ast-global-color-4)","background-image":"","background-repeat":"repeat","background-position":"center center","background-size":"auto","background-attachment":"scroll","background-type":"","background-media":"","overlay-type":"","overlay-color":"","overlay-opacity":"","overlay-gradient":""},"tablet":{"background-color":"","background-image":"","background-repeat":"repeat","background-position":"center center","background-size":"auto","background-attachment":"scroll","background-type":"","background-media":"","overlay-type":"","overlay-color":"","overlay-opacity":"","overlay-gradient":""},"mobile":{"background-color":"","background-image":"","background-repeat":"repeat","background-position":"center center","background-size":"auto","background-attachment":"scroll","background-type":"","background-media":"","overlay-type":"","overlay-color":"","overlay-opacity":"","overlay-gradient":""}},"ast-content-background-meta":{"desktop":{"background-color":"var(--ast-global-color-5)","background-image":"","background-repeat":"repeat","background-position":"center center","background-size":"auto","background-attachment":"scroll","background-type":"","background-media":"","overlay-type":"","overlay-color":"","overlay-opacity":"","overlay-gradient":""},"tablet":{"background-color":"var(--ast-global-color-5)","background-image":"","background-repeat":"repeat","background-position":"center center","background-size":"auto","background-attachment":"scroll","background-type":"","background-media":"","overlay-type":"","overlay-color":"","overlay-opacity":"","overlay-gradient":""},"mobile":{"background-color":"var(--ast-global-color-5)","background-image":"","background-repeat":"repeat","background-position":"center center","background-size":"auto","background-attachment":"scroll","background-type":"","background-media":"","overlay-type":"","overlay-color":"","overlay-opacity":"","overlay-gradient":""}}},"product_brand":[],"product_cat":[103],"product_tag":[],"class_list":{"0":"post-9629","1":"product","2":"type-product","3":"status-publish","4":"has-post-thumbnail","6":"product_cat-produit-colorant","7":"desktop-align-center","8":"tablet-align-left","9":"mobile-align-left","11":"first","12":"instock","13":"shipping-taxable","14":"product-type-simple"},"yoast_head":"<!-- This site is optimized with the Yoast SEO plugin v26.5 - https:\/\/yoast.com\/wordpress\/plugins\/seo\/ -->\n<title>Dioxyde e Titane Achat Prix, E171 Poudre | Niranbio Chemical<\/title>\n<meta name=\"description\" content=\"Nous fabriquons de la poudre de dioxyde de titane de qualit\u00e9 alimentaire, un pigment blanc qui peut efficacement donner une couleur blanche pure aux aliments.\" \/>\n<meta name=\"robots\" content=\"noindex, follow, max-snippet:-1, max-image-preview:large, max-video-preview:-1\" \/>\n<meta name=\"twitter:label1\" content=\"Dur\u00e9e de lecture estim\u00e9e\" \/>\n\t<meta name=\"twitter:data1\" content=\"4 minutes\" \/>\n<script type=\"application\/ld+json\" class=\"yoast-schema-graph\">{\"@context\":\"https:\/\/schema.org\",\"@graph\":[{\"@type\":\"WebPage\",\"@id\":\"https:\/\/theo.niranbio.com\/fr\/dioxyde-de-titane-de-qualite-alimentaire.html\",\"url\":\"https:\/\/theo.niranbio.com\/fr\/dioxyde-de-titane-de-qualite-alimentaire.html\",\"name\":\"Dioxyde e Titane Achat Prix, E171 Poudre | Niranbio Chemical\",\"isPartOf\":{\"@id\":\"https:\/\/theo.niranbio.com\/fr\/#website\"},\"primaryImageOfPage\":{\"@id\":\"https:\/\/theo.niranbio.com\/fr\/dioxyde-de-titane-de-qualite-alimentaire.html#primaryimage\"},\"image\":{\"@id\":\"https:\/\/theo.niranbio.com\/fr\/dioxyde-de-titane-de-qualite-alimentaire.html#primaryimage\"},\"thumbnailUrl\":\"https:\/\/theo.niranbio.com\/wp-content\/uploads\/2024\/06\/Titanium-Dioxide-Food-Grade.webp\",\"datePublished\":\"2024-06-20T03:50:34+00:00\",\"dateModified\":\"2024-08-19T05:43:39+00:00\",\"description\":\"Nous fabriquons de la poudre de dioxyde de titane de qualit\u00e9 alimentaire, un pigment blanc qui peut efficacement donner une couleur blanche pure aux aliments.\",\"breadcrumb\":{\"@id\":\"https:\/\/theo.niranbio.com\/fr\/dioxyde-de-titane-de-qualite-alimentaire.html#breadcrumb\"},\"inLanguage\":\"fr-FR\",\"potentialAction\":[{\"@type\":\"ReadAction\",\"target\":[\"https:\/\/theo.niranbio.com\/fr\/dioxyde-de-titane-de-qualite-alimentaire.html\"]}]},{\"@type\":\"ImageObject\",\"inLanguage\":\"fr-FR\",\"@id\":\"https:\/\/theo.niranbio.com\/fr\/dioxyde-de-titane-de-qualite-alimentaire.html#primaryimage\",\"url\":\"https:\/\/theo.niranbio.com\/wp-content\/uploads\/2024\/06\/Titanium-Dioxide-Food-Grade.webp\",\"contentUrl\":\"https:\/\/theo.niranbio.com\/wp-content\/uploads\/2024\/06\/Titanium-Dioxide-Food-Grade.webp\",\"width\":600,\"height\":600,\"caption\":\"Dioxyde de titane de qualit\u00e9 alimentaire\"},{\"@type\":\"BreadcrumbList\",\"@id\":\"https:\/\/theo.niranbio.com\/fr\/dioxyde-de-titane-de-qualite-alimentaire.html#breadcrumb\",\"itemListElement\":[{\"@type\":\"ListItem\",\"position\":1,\"name\":\"Home\",\"item\":\"https:\/\/theo.niranbio.com\/fr\/\"},{\"@type\":\"ListItem\",\"position\":2,\"name\":\"Produits\",\"item\":\"https:\/\/theo.niranbio.com\/fr\/produits.html\"},{\"@type\":\"ListItem\",\"position\":3,\"name\":\"Colorant\",\"item\":\"https:\/\/theo.niranbio.com\/fr\/produit-colorant\/\"},{\"@type\":\"ListItem\",\"position\":4,\"name\":\"Dioxyde de titane de qualit\u00e9 alimentaire\"}]},{\"@type\":\"WebSite\",\"@id\":\"https:\/\/theo.niranbio.com\/fr\/#website\",\"url\":\"https:\/\/theo.niranbio.com\/fr\/\",\"name\":\"Niranbio Chemical\",\"description\":\"\",\"publisher\":{\"@id\":\"https:\/\/theo.niranbio.com\/fr\/#organization\"},\"potentialAction\":[{\"@type\":\"SearchAction\",\"target\":{\"@type\":\"EntryPoint\",\"urlTemplate\":\"https:\/\/theo.niranbio.com\/fr\/?s={search_term_string}\"},\"query-input\":{\"@type\":\"PropertyValueSpecification\",\"valueRequired\":true,\"valueName\":\"search_term_string\"}}],\"inLanguage\":\"fr-FR\"},{\"@type\":\"Organization\",\"@id\":\"https:\/\/theo.niranbio.com\/fr\/#organization\",\"name\":\"Niranbio Chemical\",\"url\":\"https:\/\/theo.niranbio.com\/fr\/\",\"logo\":{\"@type\":\"ImageObject\",\"inLanguage\":\"fr-FR\",\"@id\":\"https:\/\/theo.niranbio.com\/fr\/#\/schema\/logo\/image\/\",\"url\":\"https:\/\/theo.niranbio.com\/wp-content\/uploads\/2024\/06\/Niranbio.png\",\"contentUrl\":\"https:\/\/theo.niranbio.com\/wp-content\/uploads\/2024\/06\/Niranbio.png\",\"width\":270,\"height\":100,\"caption\":\"Niranbio Chemical\"},\"image\":{\"@id\":\"https:\/\/theo.niranbio.com\/fr\/#\/schema\/logo\/image\/\"}}]}<\/script>\n<!-- \/ Yoast SEO plugin. -->","yoast_head_json":{"title":"Dioxyde e Titane Achat Prix, E171 Poudre | Niranbio Chemical","description":"Nous fabriquons de la poudre de dioxyde de titane de qualit\u00e9 alimentaire, un pigment blanc qui peut efficacement donner une couleur blanche pure aux aliments.","robots":{"index":"noindex","follow":"follow","max-snippet":"max-snippet:-1","max-image-preview":"max-image-preview:large","max-video-preview":"max-video-preview:-1"},"twitter_misc":{"Dur\u00e9e de lecture estim\u00e9e":"4 minutes"},"schema":{"@context":"https:\/\/schema.org","@graph":[{"@type":"WebPage","@id":"https:\/\/theo.niranbio.com\/fr\/dioxyde-de-titane-de-qualite-alimentaire.html","url":"https:\/\/theo.niranbio.com\/fr\/dioxyde-de-titane-de-qualite-alimentaire.html","name":"Dioxyde e Titane Achat Prix, E171 Poudre | Niranbio Chemical","isPartOf":{"@id":"https:\/\/theo.niranbio.com\/fr\/#website"},"primaryImageOfPage":{"@id":"https:\/\/theo.niranbio.com\/fr\/dioxyde-de-titane-de-qualite-alimentaire.html#primaryimage"},"image":{"@id":"https:\/\/theo.niranbio.com\/fr\/dioxyde-de-titane-de-qualite-alimentaire.html#primaryimage"},"thumbnailUrl":"https:\/\/theo.niranbio.com\/wp-content\/uploads\/2024\/06\/Titanium-Dioxide-Food-Grade.webp","datePublished":"2024-06-20T03:50:34+00:00","dateModified":"2024-08-19T05:43:39+00:00","description":"Nous fabriquons de la poudre de dioxyde de titane de qualit\u00e9 alimentaire, un pigment blanc qui peut efficacement donner une couleur blanche pure aux aliments.","breadcrumb":{"@id":"https:\/\/theo.niranbio.com\/fr\/dioxyde-de-titane-de-qualite-alimentaire.html#breadcrumb"},"inLanguage":"fr-FR","potentialAction":[{"@type":"ReadAction","target":["https:\/\/theo.niranbio.com\/fr\/dioxyde-de-titane-de-qualite-alimentaire.html"]}]},{"@type":"ImageObject","inLanguage":"fr-FR","@id":"https:\/\/theo.niranbio.com\/fr\/dioxyde-de-titane-de-qualite-alimentaire.html#primaryimage","url":"https:\/\/theo.niranbio.com\/wp-content\/uploads\/2024\/06\/Titanium-Dioxide-Food-Grade.webp","contentUrl":"https:\/\/theo.niranbio.com\/wp-content\/uploads\/2024\/06\/Titanium-Dioxide-Food-Grade.webp","width":600,"height":600,"caption":"Dioxyde de titane de qualit\u00e9 alimentaire"},{"@type":"BreadcrumbList","@id":"https:\/\/theo.niranbio.com\/fr\/dioxyde-de-titane-de-qualite-alimentaire.html#breadcrumb","itemListElement":[{"@type":"ListItem","position":1,"name":"Home","item":"https:\/\/theo.niranbio.com\/fr\/"},{"@type":"ListItem","position":2,"name":"Produits","item":"https:\/\/theo.niranbio.com\/fr\/produits.html"},{"@type":"ListItem","position":3,"name":"Colorant","item":"https:\/\/theo.niranbio.com\/fr\/produit-colorant\/"},{"@type":"ListItem","position":4,"name":"Dioxyde de titane de qualit\u00e9 alimentaire"}]},{"@type":"WebSite","@id":"https:\/\/theo.niranbio.com\/fr\/#website","url":"https:\/\/theo.niranbio.com\/fr\/","name":"Niranbio Chemical","description":"","publisher":{"@id":"https:\/\/theo.niranbio.com\/fr\/#organization"},"potentialAction":[{"@type":"SearchAction","target":{"@type":"EntryPoint","urlTemplate":"https:\/\/theo.niranbio.com\/fr\/?s={search_term_string}"},"query-input":{"@type":"PropertyValueSpecification","valueRequired":true,"valueName":"search_term_string"}}],"inLanguage":"fr-FR"},{"@type":"Organization","@id":"https:\/\/theo.niranbio.com\/fr\/#organization","name":"Niranbio Chemical","url":"https:\/\/theo.niranbio.com\/fr\/","logo":{"@type":"ImageObject","inLanguage":"fr-FR","@id":"https:\/\/theo.niranbio.com\/fr\/#\/schema\/logo\/image\/","url":"https:\/\/theo.niranbio.com\/wp-content\/uploads\/2024\/06\/Niranbio.png","contentUrl":"https:\/\/theo.niranbio.com\/wp-content\/uploads\/2024\/06\/Niranbio.png","width":270,"height":100,"caption":"Niranbio Chemical"},"image":{"@id":"https:\/\/theo.niranbio.com\/fr\/#\/schema\/logo\/image\/"}}]}},"_links":{"self":[{"href":"https:\/\/theo.niranbio.com\/fr\/wp-json\/wp\/v2\/product\/9629","targetHints":{"allow":["GET"]}}],"collection":[{"href":"https:\/\/theo.niranbio.com\/fr\/wp-json\/wp\/v2\/product"}],"about":[{"href":"https:\/\/theo.niranbio.com\/fr\/wp-json\/wp\/v2\/types\/product"}],"version-history":[{"count":0,"href":"https:\/\/theo.niranbio.com\/fr\/wp-json\/wp\/v2\/product\/9629\/revisions"}],"wp:featuredmedia":[{"embeddable":true,"href":"https:\/\/theo.niranbio.com\/fr\/wp-json\/wp\/v2\/media\/9630"}],"wp:attachment":[{"href":"https:\/\/theo.niranbio.com\/fr\/wp-json\/wp\/v2\/media?parent=9629"}],"wp:term":[{"taxonomy":"product_brand","embeddable":true,"href":"https:\/\/theo.niranbio.com\/fr\/wp-json\/wp\/v2\/product_brand?post=9629"},{"taxonomy":"product_cat","embeddable":true,"href":"https:\/\/theo.niranbio.com\/fr\/wp-json\/wp\/v2\/product_cat?post=9629"},{"taxonomy":"product_tag","embeddable":true,"href":"https:\/\/theo.niranbio.com\/fr\/wp-json\/wp\/v2\/product_tag?post=9629"}],"curies":[{"name":"wp","href":"https:\/\/api.w.org\/{rel}","templated":true}]}}