{"id":9622,"date":"2024-08-07T15:36:21","date_gmt":"2024-08-07T07:36:21","guid":{"rendered":"https:\/\/theo.niranbio.com\/oxyde-de-magnesium-de-qualite-alimentaire\/"},"modified":"2024-08-19T11:32:04","modified_gmt":"2024-08-19T03:32:04","slug":"oxyde-de-magnesium-de-qualite-alimentaire","status":"publish","type":"product","link":"https:\/\/theo.niranbio.com\/fr\/oxyde-de-magnesium-de-qualite-alimentaire.html","title":{"rendered":"Oxyde de magn\u00e9sium de qualit\u00e9 alimentaire"},"content":{"rendered":"<h2><span class=\"ez-toc-section\" id=\"Quest-ce_que_loxyde_de_magnesium\"><\/span>Qu&rsquo;est-ce que l&rsquo;oxyde de magn\u00e9sium ?<span class=\"ez-toc-section-end\"><\/span><\/h2>\n<p>L&rsquo;oxyde de magn\u00e9sium de qualit\u00e9 alimentaire est un ingr\u00e9dient cristallin ou en poudre blanche qui est principalement utilis\u00e9 pour modifier l&rsquo;acidit\u00e9 et la stabilit\u00e9 des aliments. Ses caract\u00e9ristiques comprennent une stabilit\u00e9 chimique \u00e9lev\u00e9e, une insolubilit\u00e9 dans l&rsquo;eau et une am\u00e9lioration de la texture des aliments. Il est largement utilis\u00e9 dans la fabrication d&rsquo;aliments tels que le yaourt, le pain et les condiments pour aider \u00e0 am\u00e9liorer la qualit\u00e9 et le go\u00fbt des produits, et joue un r\u00f4le auxiliaire dans les compl\u00e9ments nutritionnels et les aliments di\u00e9t\u00e9tiques. Il existe principalement les processus de pr\u00e9paration suivants pour l&rsquo;oxyde de magn\u00e9sium de qualit\u00e9 alimentaire en Chine :<\/p>\n<ol>\n<li>Pr\u00e9paration chimique : Comprend le processus de synth\u00e8se chimique de l&rsquo;oxyde de magn\u00e9sium, g\u00e9n\u00e9ralement form\u00e9 par la r\u00e9action de mati\u00e8res premi\u00e8res d&rsquo;oxyde de magn\u00e9sium avec des r\u00e9actifs chimiques. Cette m\u00e9thode a un processus mature et une efficacit\u00e9 de production \u00e9lev\u00e9e. En Chine, c&rsquo;est maintenant une proc\u00e9dure de premier plan. M\u00e9thode de d\u00e9composition thermique : L&rsquo;oxyde de magn\u00e9sium est pr\u00e9par\u00e9 par d\u00e9composition thermique \u00e0 haute temp\u00e9rature de pr\u00e9curseurs ou de compos\u00e9s d&rsquo;oxyde de magn\u00e9sium.<\/li>\n<li>Cette approche fonctionne bien dans certaines circonstances avec des exigences particuli\u00e8res, mais elle n\u00e9cessite g\u00e9n\u00e9ralement des conditions de r\u00e9action \u00e0 haute temp\u00e9rature et un contr\u00f4le pr\u00e9cis de la r\u00e9action.<\/li>\n<\/ol>\n<h2><span class=\"ez-toc-section\" id=\"Parametres_associes\"><\/span>Param\u00e8tres associ\u00e9s :<span class=\"ez-toc-section-end\"><\/span><\/h2>\n<table>\n<tbody>\n<tr>\n<td><strong>Articles<\/strong><\/td>\n<td><strong>Sp\u00e9cification<\/strong><\/td>\n<\/tr>\n<tr>\n<td>Essai<\/td>\n<td>\u226596.5%<\/td>\n<\/tr>\n<tr>\n<td>Identification<\/td>\n<td>R\u00e9action positive actuelle<\/td>\n<\/tr>\n<tr>\n<td>Couleur de la solution<\/td>\n<td>Entreprise avec la norme<\/td>\n<\/tr>\n<tr>\n<td>CaO %<\/td>\n<td>\u22640.20<\/td>\n<\/tr>\n<tr>\n<td>Carbonate<\/td>\n<td>\u2264 1.5<\/td>\n<\/tr>\n<tr>\n<td>Substance insoluble dans l&rsquo;acide<\/td>\n<td>Entreprise avec la norme<\/td>\n<\/tr>\n<tr>\n<td>Solubles %<\/td>\n<td>\u2264 2.0<\/td>\n<\/tr>\n<tr>\n<td>LOI %<\/td>\n<td>\u2264 5.0<\/td>\n<\/tr>\n<tr>\n<td>En tant que<\/td>\n<td>\u2264 0.0003%<\/td>\n<\/tr>\n<tr>\n<td>Pb<\/td>\n<td>\u2264 2,0 mg\/kg<\/td>\n<\/tr>\n<\/tbody>\n<\/table>\n<h2><span class=\"ez-toc-section\" id=\"Dosage_recommande\"><\/span>Dosage recommand\u00e9 :<span class=\"ez-toc-section-end\"><\/span><\/h2>\n<table>\n<tbody>\n<tr>\n<td><strong>Nom de l&rsquo;aliment<\/strong><\/td>\n<td><strong>Utilisation maximale (g\/kg)<\/strong><\/td>\n<\/tr>\n<tr>\n<td>C\u00e9r\u00e9ales pour petit-d\u00e9jeuner<\/td>\n<td>0,1 &#8211; 0,3 g\/kg<\/td>\n<\/tr>\n<tr>\n<td>Alternatives laiti\u00e8res<\/td>\n<td>0,05 &#8211; 0,2 g\/kg<\/td>\n<\/tr>\n<tr>\n<td>Produits de boulangerie<\/td>\n<td>0,1 &#8211; 0,5 g\/kg<\/td>\n<\/tr>\n<tr>\n<td>Produits \u00e0 base de viande<\/td>\n<td>0,1 &#8211; 0,3 g\/kg<\/td>\n<\/tr>\n<tr>\n<td>Sauces \u00e0 salade<\/td>\n<td>0,05 &#8211; 0,2 g\/kg<\/td>\n<\/tr>\n<tr>\n<td>Biscuits et biscottes<\/td>\n<td>0,1 &#8211; 0,5 g\/kg<\/td>\n<\/tr>\n<tr>\n<td>Aliments en conserve<\/td>\n<td>0,1 &#8211; 0,3 g\/kg<\/td>\n<\/tr>\n<tr>\n<td>Aliments pour animaux de compagnie<\/td>\n<td>0,1 &#8211; 0,3 g\/kg<\/td>\n<\/tr>\n<tr>\n<td>Pr\u00e9parations pour g\u00e2teaux<\/td>\n<td>0,1 &#8211; 0,3 g\/kg<\/td>\n<\/tr>\n<tr>\n<td>Substituts de viande \u00e0 base de plantes<\/td>\n<td>0,1 &#8211; 0,3 g\/kg<\/td>\n<\/tr>\n<tr>\n<td>Fruits \u00e0 grignoter<\/td>\n<td>0,1 &#8211; 0,3 g\/kg<\/td>\n<\/tr>\n<tr>\n<td>Fromages v\u00e9g\u00e9taliens<\/td>\n<td>0,05 &#8211; 0,2 g\/kg<\/td>\n<\/tr>\n<tr>\n<td>Sauces pour p\u00e2tes<\/td>\n<td>0,05 &#8211; 0,2 g\/kg<\/td>\n<\/tr>\n<\/tbody>\n<\/table>\n<h2><span class=\"ez-toc-section\" id=\"Loxyde_de_magnesium_a_une_large_gamme_dutilisations\"><\/span>L&rsquo;oxyde de magn\u00e9sium a une large gamme d&rsquo;utilisations<span class=\"ez-toc-section-end\"><\/span><\/h2>\n<ol>\n<li>R\u00e9gulateur d&rsquo;acidit\u00e9 : L&rsquo;oxyde de magn\u00e9sium peut ajuster le pH des aliments et est particuli\u00e8rement utile pour les produits alimentaires qui doivent contr\u00f4ler le pH. Il peut neutraliser les composants acides des aliments, stabilisant ainsi le go\u00fbt et la texture des aliments.<\/li>\n<li>Agent antiagglom\u00e9rant : L&rsquo;oxyde de magn\u00e9sium peut \u00eatre utilis\u00e9 comme agent antiagglom\u00e9rant dans certains aliments pour emp\u00eacher les aliments de durcir ou de s&rsquo;agglutiner en raison de l&rsquo;absorption d&rsquo;eau, prolongeant ainsi la dur\u00e9e de conservation du produit et am\u00e9liorant le go\u00fbt.<\/li>\n<li>Agent clarifiant : Pendant le processus de brassage et de clarification, l&rsquo;oxyde de magn\u00e9sium peut aider \u00e0 clarifier le vin, le jus et d&rsquo;autres aliments liquides, \u00e0 \u00e9liminer les impuret\u00e9s et la turbidit\u00e9 et \u00e0 rendre le produit final plus transparent et clair.<\/li>\n<li>Antioxydant : L\u2019oxyde de magn\u00e9sium poss\u00e8de certaines propri\u00e9t\u00e9s antioxydantes, qui peuvent aider \u00e0 prot\u00e9ger les graisses et autres composants facilement oxydables des aliments, \u00e0 prolonger la dur\u00e9e de conservation des aliments et \u00e0 maintenir leur valeur nutritionnelle et leur saveur.<\/li>\n<li>Agent levant : Dans les produits de boulangerie, l&rsquo;oxyde de magn\u00e9sium peut \u00eatre utilis\u00e9 comme agent levant pour aider le pain, les g\u00e2teaux et autres produits \u00e0 mieux gonfler et \u00e0 augmenter leur volume.<\/li>\n<li>Stabilisateur : L\u2019oxyde de magn\u00e9sium aide \u00e0 stabiliser la couleur et la texture de certains aliments, permettant au produit de maintenir sa stabilit\u00e9 et sa consistance pendant le traitement et le stockage.<\/li>\n<\/ol>\n<h2><span class=\"ez-toc-section\" id=\"Question_posee_par_lutilisateur\"><\/span>Question pos\u00e9e par l&rsquo;utilisateur :<span class=\"ez-toc-section-end\"><\/span><\/h2>\n<p>Question : Comment se porte le march\u00e9 mondial de l&rsquo;oxyde de magn\u00e9sium de qualit\u00e9 alimentaire ?<\/p>\n<p>R\u00e9ponse : La croissance du march\u00e9 mondial de l&rsquo;oxyde de magn\u00e9sium adapt\u00e9 \u00e0 la pr\u00e9paration des aliments devrait se poursuivre. \u00c0 mesure que les consommateurs sont de plus en plus sensibilis\u00e9s \u00e0 la sant\u00e9, la demande de l&rsquo;industrie alimentaire en additifs alimentaires fonctionnels continue d&rsquo;augmenter et l&rsquo;oxyde de magn\u00e9sium, en tant que choix s\u00fbr et efficace, sera largement utilis\u00e9 sur le march\u00e9 mondial. Dans le m\u00eame temps, l&rsquo;innovation technologique et les exigences r\u00e9glementaires strictes poussent le march\u00e9 vers une qualit\u00e9 et une s\u00e9curit\u00e9 sup\u00e9rieures, offrant aux clients davantage d&rsquo;opportunit\u00e9s de croissance et de d\u00e9veloppement.<\/p>\n","protected":false},"excerpt":{"rendered":"<ul>\n<li>CAS : 1309-48-4<\/li>\n<li>Formule chimique : MgO<\/li>\n<li>Certifications : KOSHER, ISO, HALAL, FSSC 22000, BRC, etc.<\/li>\n<li>Norme : FCCV\/E530\/GB1886.216-2016<\/li>\n<li>Quantit\u00e9 minimum de commande : 1000 kg<\/li>\n<li>Dur\u00e9e de conservation : 2 ans<\/li>\n<\/ul>\n","protected":false},"featured_media":9311,"template":"","meta":{"site-sidebar-layout":"default","site-content-layout":"","ast-site-content-layout":"default","site-content-style":"default","site-sidebar-style":"default","ast-global-header-display":"","ast-banner-title-visibility":"","ast-main-header-display":"","ast-hfb-above-header-display":"","ast-hfb-below-header-display":"","ast-hfb-mobile-header-display":"","site-post-title":"","ast-breadcrumbs-content":"","ast-featured-img":"","footer-sml-layout":"","theme-transparent-header-meta":"default","adv-header-id-meta":"","stick-header-meta":"","header-above-stick-meta":"","header-main-stick-meta":"","header-below-stick-meta":"","astra-migrate-meta-layouts":"set","ast-page-background-enabled":"default","ast-page-background-meta":{"desktop":{"background-color":"var(--ast-global-color-4)","background-image":"","background-repeat":"repeat","background-position":"center center","background-size":"auto","background-attachment":"scroll","background-type":"","background-media":"","overlay-type":"","overlay-color":"","overlay-opacity":"","overlay-gradient":""},"tablet":{"background-color":"","background-image":"","background-repeat":"repeat","background-position":"center center","background-size":"auto","background-attachment":"scroll","background-type":"","background-media":"","overlay-type":"","overlay-color":"","overlay-opacity":"","overlay-gradient":""},"mobile":{"background-color":"","background-image":"","background-repeat":"repeat","background-position":"center center","background-size":"auto","background-attachment":"scroll","background-type":"","background-media":"","overlay-type":"","overlay-color":"","overlay-opacity":"","overlay-gradient":""}},"ast-content-background-meta":{"desktop":{"background-color":"var(--ast-global-color-5)","background-image":"","background-repeat":"repeat","background-position":"center center","background-size":"auto","background-attachment":"scroll","background-type":"","background-media":"","overlay-type":"","overlay-color":"","overlay-opacity":"","overlay-gradient":""},"tablet":{"background-color":"var(--ast-global-color-5)","background-image":"","background-repeat":"repeat","background-position":"center center","background-size":"auto","background-attachment":"scroll","background-type":"","background-media":"","overlay-type":"","overlay-color":"","overlay-opacity":"","overlay-gradient":""},"mobile":{"background-color":"var(--ast-global-color-5)","background-image":"","background-repeat":"repeat","background-position":"center center","background-size":"auto","background-attachment":"scroll","background-type":"","background-media":"","overlay-type":"","overlay-color":"","overlay-opacity":"","overlay-gradient":""}}},"product_brand":[],"product_cat":[106],"product_tag":[],"class_list":{"0":"post-9622","1":"product","2":"type-product","3":"status-publish","4":"has-post-thumbnail","6":"product_cat-produit-ameliorant-la-nutrition","7":"desktop-align-center","8":"tablet-align-left","9":"mobile-align-left","11":"first","12":"instock","13":"shipping-taxable","14":"product-type-simple"},"yoast_head":"<!-- This site is optimized with the Yoast SEO plugin v26.5 - https:\/\/yoast.com\/wordpress\/plugins\/seo\/ -->\n<title>Fabricant d&#039;oxyde de magn\u00e9sium, fournisseur de poudre d&#039;oxyde de magn\u00e9sium E530 | Niranbio Chemical<\/title>\n<meta name=\"description\" content=\"Notre oxyde de magn\u00e9sium de qualit\u00e9 alimentaire (E530) est un ingr\u00e9dient en poudre cristalline ou blanche qui est principalement utilis\u00e9 pour modifier l&#039;acidit\u00e9 et la stabilit\u00e9 des aliments.\" \/>\n<meta name=\"robots\" content=\"noindex, follow, max-snippet:-1, max-image-preview:large, max-video-preview:-1\" \/>\n<meta name=\"twitter:label1\" content=\"Dur\u00e9e de lecture estim\u00e9e\" \/>\n\t<meta name=\"twitter:data1\" content=\"4 minutes\" \/>\n<script type=\"application\/ld+json\" class=\"yoast-schema-graph\">{\"@context\":\"https:\/\/schema.org\",\"@graph\":[{\"@type\":\"WebPage\",\"@id\":\"https:\/\/theo.niranbio.com\/fr\/oxyde-de-magnesium-de-qualite-alimentaire.html\",\"url\":\"https:\/\/theo.niranbio.com\/fr\/oxyde-de-magnesium-de-qualite-alimentaire.html\",\"name\":\"Fabricant d'oxyde de magn\u00e9sium, fournisseur de poudre d'oxyde de magn\u00e9sium E530 | Niranbio Chemical\",\"isPartOf\":{\"@id\":\"https:\/\/theo.niranbio.com\/fr\/#website\"},\"primaryImageOfPage\":{\"@id\":\"https:\/\/theo.niranbio.com\/fr\/oxyde-de-magnesium-de-qualite-alimentaire.html#primaryimage\"},\"image\":{\"@id\":\"https:\/\/theo.niranbio.com\/fr\/oxyde-de-magnesium-de-qualite-alimentaire.html#primaryimage\"},\"thumbnailUrl\":\"https:\/\/theo.niranbio.com\/wp-content\/uploads\/2024\/08\/71df54feec2d8f36d3b005d53991cf8.jpg\",\"datePublished\":\"2024-08-07T07:36:21+00:00\",\"dateModified\":\"2024-08-19T03:32:04+00:00\",\"description\":\"Notre oxyde de magn\u00e9sium de qualit\u00e9 alimentaire (E530) est un ingr\u00e9dient en poudre cristalline ou blanche qui est principalement utilis\u00e9 pour modifier l'acidit\u00e9 et la stabilit\u00e9 des aliments.\",\"breadcrumb\":{\"@id\":\"https:\/\/theo.niranbio.com\/fr\/oxyde-de-magnesium-de-qualite-alimentaire.html#breadcrumb\"},\"inLanguage\":\"fr-FR\",\"potentialAction\":[{\"@type\":\"ReadAction\",\"target\":[\"https:\/\/theo.niranbio.com\/fr\/oxyde-de-magnesium-de-qualite-alimentaire.html\"]}]},{\"@type\":\"ImageObject\",\"inLanguage\":\"fr-FR\",\"@id\":\"https:\/\/theo.niranbio.com\/fr\/oxyde-de-magnesium-de-qualite-alimentaire.html#primaryimage\",\"url\":\"https:\/\/theo.niranbio.com\/wp-content\/uploads\/2024\/08\/71df54feec2d8f36d3b005d53991cf8.jpg\",\"contentUrl\":\"https:\/\/theo.niranbio.com\/wp-content\/uploads\/2024\/08\/71df54feec2d8f36d3b005d53991cf8.jpg\",\"width\":600,\"height\":600},{\"@type\":\"BreadcrumbList\",\"@id\":\"https:\/\/theo.niranbio.com\/fr\/oxyde-de-magnesium-de-qualite-alimentaire.html#breadcrumb\",\"itemListElement\":[{\"@type\":\"ListItem\",\"position\":1,\"name\":\"Home\",\"item\":\"https:\/\/theo.niranbio.com\/fr\/\"},{\"@type\":\"ListItem\",\"position\":2,\"name\":\"Produits\",\"item\":\"https:\/\/theo.niranbio.com\/fr\/produits.html\"},{\"@type\":\"ListItem\",\"position\":3,\"name\":\"Am\u00e9liorant la Nutrition\",\"item\":\"https:\/\/theo.niranbio.com\/fr\/produit-ameliorant-la-nutrition\/\"},{\"@type\":\"ListItem\",\"position\":4,\"name\":\"Oxyde de magn\u00e9sium de qualit\u00e9 alimentaire\"}]},{\"@type\":\"WebSite\",\"@id\":\"https:\/\/theo.niranbio.com\/fr\/#website\",\"url\":\"https:\/\/theo.niranbio.com\/fr\/\",\"name\":\"Niranbio Chemical\",\"description\":\"\",\"publisher\":{\"@id\":\"https:\/\/theo.niranbio.com\/fr\/#organization\"},\"potentialAction\":[{\"@type\":\"SearchAction\",\"target\":{\"@type\":\"EntryPoint\",\"urlTemplate\":\"https:\/\/theo.niranbio.com\/fr\/?s={search_term_string}\"},\"query-input\":{\"@type\":\"PropertyValueSpecification\",\"valueRequired\":true,\"valueName\":\"search_term_string\"}}],\"inLanguage\":\"fr-FR\"},{\"@type\":\"Organization\",\"@id\":\"https:\/\/theo.niranbio.com\/fr\/#organization\",\"name\":\"Niranbio Chemical\",\"url\":\"https:\/\/theo.niranbio.com\/fr\/\",\"logo\":{\"@type\":\"ImageObject\",\"inLanguage\":\"fr-FR\",\"@id\":\"https:\/\/theo.niranbio.com\/fr\/#\/schema\/logo\/image\/\",\"url\":\"https:\/\/theo.niranbio.com\/wp-content\/uploads\/2024\/06\/Niranbio.png\",\"contentUrl\":\"https:\/\/theo.niranbio.com\/wp-content\/uploads\/2024\/06\/Niranbio.png\",\"width\":270,\"height\":100,\"caption\":\"Niranbio Chemical\"},\"image\":{\"@id\":\"https:\/\/theo.niranbio.com\/fr\/#\/schema\/logo\/image\/\"}}]}<\/script>\n<!-- \/ Yoast SEO plugin. -->","yoast_head_json":{"title":"Fabricant d'oxyde de magn\u00e9sium, fournisseur de poudre d'oxyde de magn\u00e9sium E530 | Niranbio Chemical","description":"Notre oxyde de magn\u00e9sium de qualit\u00e9 alimentaire (E530) est un ingr\u00e9dient en poudre cristalline ou blanche qui est principalement utilis\u00e9 pour modifier l'acidit\u00e9 et la stabilit\u00e9 des aliments.","robots":{"index":"noindex","follow":"follow","max-snippet":"max-snippet:-1","max-image-preview":"max-image-preview:large","max-video-preview":"max-video-preview:-1"},"twitter_misc":{"Dur\u00e9e de lecture estim\u00e9e":"4 minutes"},"schema":{"@context":"https:\/\/schema.org","@graph":[{"@type":"WebPage","@id":"https:\/\/theo.niranbio.com\/fr\/oxyde-de-magnesium-de-qualite-alimentaire.html","url":"https:\/\/theo.niranbio.com\/fr\/oxyde-de-magnesium-de-qualite-alimentaire.html","name":"Fabricant d'oxyde de magn\u00e9sium, fournisseur de poudre d'oxyde de magn\u00e9sium E530 | Niranbio Chemical","isPartOf":{"@id":"https:\/\/theo.niranbio.com\/fr\/#website"},"primaryImageOfPage":{"@id":"https:\/\/theo.niranbio.com\/fr\/oxyde-de-magnesium-de-qualite-alimentaire.html#primaryimage"},"image":{"@id":"https:\/\/theo.niranbio.com\/fr\/oxyde-de-magnesium-de-qualite-alimentaire.html#primaryimage"},"thumbnailUrl":"https:\/\/theo.niranbio.com\/wp-content\/uploads\/2024\/08\/71df54feec2d8f36d3b005d53991cf8.jpg","datePublished":"2024-08-07T07:36:21+00:00","dateModified":"2024-08-19T03:32:04+00:00","description":"Notre oxyde de magn\u00e9sium de qualit\u00e9 alimentaire (E530) est un ingr\u00e9dient en poudre cristalline ou blanche qui est principalement utilis\u00e9 pour modifier l'acidit\u00e9 et la stabilit\u00e9 des aliments.","breadcrumb":{"@id":"https:\/\/theo.niranbio.com\/fr\/oxyde-de-magnesium-de-qualite-alimentaire.html#breadcrumb"},"inLanguage":"fr-FR","potentialAction":[{"@type":"ReadAction","target":["https:\/\/theo.niranbio.com\/fr\/oxyde-de-magnesium-de-qualite-alimentaire.html"]}]},{"@type":"ImageObject","inLanguage":"fr-FR","@id":"https:\/\/theo.niranbio.com\/fr\/oxyde-de-magnesium-de-qualite-alimentaire.html#primaryimage","url":"https:\/\/theo.niranbio.com\/wp-content\/uploads\/2024\/08\/71df54feec2d8f36d3b005d53991cf8.jpg","contentUrl":"https:\/\/theo.niranbio.com\/wp-content\/uploads\/2024\/08\/71df54feec2d8f36d3b005d53991cf8.jpg","width":600,"height":600},{"@type":"BreadcrumbList","@id":"https:\/\/theo.niranbio.com\/fr\/oxyde-de-magnesium-de-qualite-alimentaire.html#breadcrumb","itemListElement":[{"@type":"ListItem","position":1,"name":"Home","item":"https:\/\/theo.niranbio.com\/fr\/"},{"@type":"ListItem","position":2,"name":"Produits","item":"https:\/\/theo.niranbio.com\/fr\/produits.html"},{"@type":"ListItem","position":3,"name":"Am\u00e9liorant la Nutrition","item":"https:\/\/theo.niranbio.com\/fr\/produit-ameliorant-la-nutrition\/"},{"@type":"ListItem","position":4,"name":"Oxyde de magn\u00e9sium de qualit\u00e9 alimentaire"}]},{"@type":"WebSite","@id":"https:\/\/theo.niranbio.com\/fr\/#website","url":"https:\/\/theo.niranbio.com\/fr\/","name":"Niranbio Chemical","description":"","publisher":{"@id":"https:\/\/theo.niranbio.com\/fr\/#organization"},"potentialAction":[{"@type":"SearchAction","target":{"@type":"EntryPoint","urlTemplate":"https:\/\/theo.niranbio.com\/fr\/?s={search_term_string}"},"query-input":{"@type":"PropertyValueSpecification","valueRequired":true,"valueName":"search_term_string"}}],"inLanguage":"fr-FR"},{"@type":"Organization","@id":"https:\/\/theo.niranbio.com\/fr\/#organization","name":"Niranbio Chemical","url":"https:\/\/theo.niranbio.com\/fr\/","logo":{"@type":"ImageObject","inLanguage":"fr-FR","@id":"https:\/\/theo.niranbio.com\/fr\/#\/schema\/logo\/image\/","url":"https:\/\/theo.niranbio.com\/wp-content\/uploads\/2024\/06\/Niranbio.png","contentUrl":"https:\/\/theo.niranbio.com\/wp-content\/uploads\/2024\/06\/Niranbio.png","width":270,"height":100,"caption":"Niranbio Chemical"},"image":{"@id":"https:\/\/theo.niranbio.com\/fr\/#\/schema\/logo\/image\/"}}]}},"_links":{"self":[{"href":"https:\/\/theo.niranbio.com\/fr\/wp-json\/wp\/v2\/product\/9622","targetHints":{"allow":["GET"]}}],"collection":[{"href":"https:\/\/theo.niranbio.com\/fr\/wp-json\/wp\/v2\/product"}],"about":[{"href":"https:\/\/theo.niranbio.com\/fr\/wp-json\/wp\/v2\/types\/product"}],"version-history":[{"count":0,"href":"https:\/\/theo.niranbio.com\/fr\/wp-json\/wp\/v2\/product\/9622\/revisions"}],"wp:featuredmedia":[{"embeddable":true,"href":"https:\/\/theo.niranbio.com\/fr\/wp-json\/wp\/v2\/media\/9311"}],"wp:attachment":[{"href":"https:\/\/theo.niranbio.com\/fr\/wp-json\/wp\/v2\/media?parent=9622"}],"wp:term":[{"taxonomy":"product_brand","embeddable":true,"href":"https:\/\/theo.niranbio.com\/fr\/wp-json\/wp\/v2\/product_brand?post=9622"},{"taxonomy":"product_cat","embeddable":true,"href":"https:\/\/theo.niranbio.com\/fr\/wp-json\/wp\/v2\/product_cat?post=9622"},{"taxonomy":"product_tag","embeddable":true,"href":"https:\/\/theo.niranbio.com\/fr\/wp-json\/wp\/v2\/product_tag?post=9622"}],"curies":[{"name":"wp","href":"https:\/\/api.w.org\/{rel}","templated":true}]}}