{"id":9614,"date":"2024-06-20T11:54:02","date_gmt":"2024-06-20T03:54:02","guid":{"rendered":"https:\/\/theo.niranbio.com\/%ce%b2-carotene\/"},"modified":"2024-08-19T13:38:33","modified_gmt":"2024-08-19T05:38:33","slug":"%ce%b2-carotene","status":"publish","type":"product","link":"https:\/\/theo.niranbio.com\/fr\/%CE%B2-carotene.html","title":{"rendered":"\u03b2 Carot\u00e8ne"},"content":{"rendered":"<h2><span class=\"ez-toc-section\" id=\"Quest-ce_que_le_%CE%B2-carotene\"><\/span>Qu&rsquo;est-ce que le \u03b2-carot\u00e8ne ?<span class=\"ez-toc-section-end\"><\/span><\/h2>\n<p>Parmi les carot\u00e9no\u00efdes se trouve le \u03b2-carot\u00e8ne. C&rsquo;est une substance liposoluble de couleur jaune orang\u00e9. C&rsquo;est le pigment le plus r\u00e9pandu et le plus durable que l&rsquo;on trouve dans la nature. Son aspect commun est une poudre ou un liquide jaune orang\u00e9. Le dichlorom\u00e9thane, le chloroforme et le disulfure de carbone font partie des solvants organiques dans lesquels il se dissout facilement. Le \u03b2-carot\u00e8ne est largement utilis\u00e9 dans les secteurs de l&rsquo;alimentation humaine, animale, cosm\u00e9tique et pharmaceutique. En Chine, il existe principalement deux fa\u00e7ons de pr\u00e9parer le \u03b2-carot\u00e8ne :<\/p>\n<ol>\n<li>Extraire le \u03b2-carot\u00e8ne \u00e0 partir de plantes naturelles, comme les carottes et les tomates. Ces mati\u00e8res v\u00e9g\u00e9tales sont broy\u00e9es et extraites avec des solvants appropri\u00e9s (tels que l&rsquo;\u00e9thanol, le n-hexane, etc.) pour extraire le \u03b2-carot\u00e8ne et d&rsquo;autres nutriments, puis les extraire par des \u00e9tapes de s\u00e9paration et de purification, et les purifier davantage par chromatographie et autres technologies pour obtenir du \u03b2-carot\u00e8ne de qualit\u00e9 alimentaire.<\/li>\n<li>Produire du \u03b2-carot\u00e8ne par synth\u00e8se chimique. Cette m\u00e9thode peut garantir la puret\u00e9 et la stabilit\u00e9 \u00e9lev\u00e9es du produit et convient \u00e0 la production industrielle \u00e0 grande \u00e9chelle.<\/li>\n<li>Produire du \u03b2-carot\u00e8ne par biosynth\u00e8se en utilisant des micro-organismes (tels que Escherichia coli, la levure, etc.) ou une technologie d&rsquo;ing\u00e9nierie cellulaire v\u00e9g\u00e9tale. La durabilit\u00e9 et le respect de l&rsquo;environnement de cette approche sont ses avantages.<\/li>\n<\/ol>\n<h2><span class=\"ez-toc-section\" id=\"Dosage_recommande\"><\/span>Dosage recommand\u00e9 :<span class=\"ez-toc-section-end\"><\/span><\/h2>\n<table>\n<tbody>\n<tr>\n<td>Nom de l&rsquo;aliment<\/td>\n<td>Utilisation maximale (g\/kg)<\/td>\n<\/tr>\n<tr>\n<td>Jus<\/td>\n<td>0,5 &#8211; 1 g\/kg<\/td>\n<\/tr>\n<tr>\n<td>Biscuits et g\u00e2teaux<\/td>\n<td>0,5 &#8211; 1 g\/kg<\/td>\n<\/tr>\n<tr>\n<td>Assaisonnements et condiments<\/td>\n<td>0,1 &#8211; 0,5 g\/kg<\/td>\n<\/tr>\n<tr>\n<td>Sauces \u00e0 salade<\/td>\n<td>0,2 &#8211; 0,5 g\/kg<\/td>\n<\/tr>\n<tr>\n<td>Produits laitiers<\/td>\n<td>0,1 &#8211; 0,3 g\/kg<\/td>\n<\/tr>\n<tr>\n<td>Boissons<\/td>\n<td>0,1 &#8211; 0,3 g\/kg<\/td>\n<\/tr>\n<tr>\n<td>Produits \u00e0 base de yaourt<\/td>\n<td>0,1 &#8211; 0,3 g\/kg<\/td>\n<\/tr>\n<tr>\n<td>Huiles alimentaires<\/td>\n<td>0,05 &#8211; 0,2 g\/kg<\/td>\n<\/tr>\n<tr>\n<td>Miel et confiture<\/td>\n<td>0,05 &#8211; 0,2 g\/kg<\/td>\n<\/tr>\n<tr>\n<td>M\u00e9langes pour boulangerie<\/td>\n<td>0,05 &#8211; 0,2 g\/kg<\/td>\n<\/tr>\n<tr>\n<td>Vinaigre et sauce soja<\/td>\n<td>0,05 &#8211; 0,2 g\/kg<\/td>\n<\/tr>\n<tr>\n<td>Bonbons et chocolat<\/td>\n<td>0,05 &#8211; 0,2 g\/kg<\/td>\n<\/tr>\n<tr>\n<td>Aliments en poudre<\/td>\n<td>0,05 &#8211; 0,2 g\/kg<\/td>\n<\/tr>\n<tr>\n<td>Produits \u00e0 base de viande<\/td>\n<td>0,05 &#8211; 0,2 g\/kg<\/td>\n<\/tr>\n<tr>\n<td>Produits carn\u00e9s assaisonn\u00e9s<\/td>\n<td>0,05 &#8211; 0,2 g\/kg<\/td>\n<\/tr>\n<\/tbody>\n<\/table>\n<h2><span class=\"ez-toc-section\" id=\"Le_%CE%B2-carotene_a_une_large_gamme_dutilisations\"><\/span>Le \u03b2-carot\u00e8ne a une large gamme d&rsquo;utilisations<span class=\"ez-toc-section-end\"><\/span><\/h2>\n<ol>\n<li>Dans l&rsquo;industrie alimentaire, le \u03b2-carot\u00e8ne est largement utilis\u00e9 comme pigment pour ajouter de l&rsquo;orange ou du jaune aux produits, am\u00e9liorant ainsi leur attrait visuel et leur comp\u00e9titivit\u00e9 sur le march\u00e9. De plus, il est \u00e9galement ajout\u00e9 \u00e0 divers aliments, tels que les jus, les produits laitiers, les produits c\u00e9r\u00e9aliers, etc., pour am\u00e9liorer leur valeur nutritionnelle.<\/li>\n<li>Le \u03b2-carot\u00e8ne, un puissant antioxydant, peut aider le corps \u00e0 \u00e9liminer les radicaux libres, \u00e0 r\u00e9duire les dommages caus\u00e9s aux cellules par le stress oxydatif, \u00e0 soutenir le maintien de la fonction cellulaire normale et \u00e0 retarder le vieillissement.<\/li>\n<li>Le \u03b2-carot\u00e8ne est un pr\u00e9curseur du r\u00e9tinol (vitamine A), qui peut \u00eatre converti en vitamine A et participer \u00e0 la synth\u00e8se des pigments r\u00e9tiniens, essentiels au maintien de la fonction visuelle et \u00e0 la protection de la sant\u00e9 oculaire.<\/li>\n<li>Le \u03b2-carot\u00e8ne peut am\u00e9liorer la fonction du syst\u00e8me immunitaire, aider \u00e0 am\u00e9liorer la r\u00e9sistance du corps aux infections et r\u00e9duire le risque de maladies chroniques.<\/li>\n<li>Le \u03b2-carot\u00e8ne peut aider \u00e0 r\u00e9duire le niveau de lipides oxyd\u00e9s dans le sang, r\u00e9duisant ainsi le risque d&rsquo;art\u00e9rioscl\u00e9rose et de maladies cardiovasculaires.<\/li>\n<\/ol>\n<h2><span class=\"ez-toc-section\" id=\"Question_posee_par_lutilisateur\"><\/span>Question pos\u00e9e par l&rsquo;utilisateur :<span class=\"ez-toc-section-end\"><\/span><\/h2>\n<p>Question : Le b\u00eata-carot\u00e8ne est-il de la vitamine A ou C ?<\/p>\n<p>R\u00e9ponse : Le \u03b2-carot\u00e8ne est un pr\u00e9curseur de la vitamine A, pas de la vitamine C. Dans le corps humain, le \u03b2-carot\u00e8ne peut \u00eatre converti en vitamine A active, qui est un nutriment n\u00e9cessaire au maintien de la sant\u00e9 visuelle, de la sant\u00e9 de la peau, de la fonction immunitaire, etc.<\/p>\n<p>Question : Jusqu&rsquo;\u00e0 pr\u00e9sent, comment se porte le march\u00e9 du \u03b2-carot\u00e8ne de qualit\u00e9 alimentaire sur le march\u00e9 int\u00e9rieur ? La fourchette de prix est-elle large ?<\/p>\n<p>R\u00e9ponse : Jusqu&rsquo;\u00e0 pr\u00e9sent, les performances du \u03b2-carot\u00e8ne de qualit\u00e9 alimentaire sur le march\u00e9 int\u00e9rieur sont relativement stables. Les fluctuations de prix sont g\u00e9n\u00e9ralement affect\u00e9es par la stabilit\u00e9 de l&rsquo;approvisionnement en mati\u00e8res premi\u00e8res, les progr\u00e8s de la technologie de production et les changements de la demande du march\u00e9. Avec l\u2019intensification de la concurrence industrielle et le progr\u00e8s technologique, les co\u00fbts de production diminuent progressivement, ce qui contribue \u00e0 maintenir le prix du \u03b2-carot\u00e8ne relativement stable.<\/p>\n","protected":false},"excerpt":{"rendered":"<ul>\n<li>CAS: 7235-40-7<\/li>\n<li>Formule chimique: C40H56<\/li>\n<li>Certifications : KOSHER, ISO, HALAL, FSSC 22000, BRC, etc.<\/li>\n<li>Quantit\u00e9 minimum de commande : 1000 kg<\/li>\n<li>Dur\u00e9e de conservation : 2 ans<\/li>\n<\/ul>\n","protected":false},"featured_media":9615,"template":"","meta":{"site-sidebar-layout":"default","site-content-layout":"","ast-site-content-layout":"default","site-content-style":"default","site-sidebar-style":"default","ast-global-header-display":"","ast-banner-title-visibility":"","ast-main-header-display":"","ast-hfb-above-header-display":"","ast-hfb-below-header-display":"","ast-hfb-mobile-header-display":"","site-post-title":"","ast-breadcrumbs-content":"","ast-featured-img":"","footer-sml-layout":"","theme-transparent-header-meta":"default","adv-header-id-meta":"","stick-header-meta":"","header-above-stick-meta":"","header-main-stick-meta":"","header-below-stick-meta":"","astra-migrate-meta-layouts":"set","ast-page-background-enabled":"default","ast-page-background-meta":{"desktop":{"background-color":"var(--ast-global-color-4)","background-image":"","background-repeat":"repeat","background-position":"center center","background-size":"auto","background-attachment":"scroll","background-type":"","background-media":"","overlay-type":"","overlay-color":"","overlay-opacity":"","overlay-gradient":""},"tablet":{"background-color":"","background-image":"","background-repeat":"repeat","background-position":"center center","background-size":"auto","background-attachment":"scroll","background-type":"","background-media":"","overlay-type":"","overlay-color":"","overlay-opacity":"","overlay-gradient":""},"mobile":{"background-color":"","background-image":"","background-repeat":"repeat","background-position":"center center","background-size":"auto","background-attachment":"scroll","background-type":"","background-media":"","overlay-type":"","overlay-color":"","overlay-opacity":"","overlay-gradient":""}},"ast-content-background-meta":{"desktop":{"background-color":"var(--ast-global-color-5)","background-image":"","background-repeat":"repeat","background-position":"center center","background-size":"auto","background-attachment":"scroll","background-type":"","background-media":"","overlay-type":"","overlay-color":"","overlay-opacity":"","overlay-gradient":""},"tablet":{"background-color":"var(--ast-global-color-5)","background-image":"","background-repeat":"repeat","background-position":"center center","background-size":"auto","background-attachment":"scroll","background-type":"","background-media":"","overlay-type":"","overlay-color":"","overlay-opacity":"","overlay-gradient":""},"mobile":{"background-color":"var(--ast-global-color-5)","background-image":"","background-repeat":"repeat","background-position":"center center","background-size":"auto","background-attachment":"scroll","background-type":"","background-media":"","overlay-type":"","overlay-color":"","overlay-opacity":"","overlay-gradient":""}}},"product_brand":[],"product_cat":[103],"product_tag":[],"class_list":{"0":"post-9614","1":"product","2":"type-product","3":"status-publish","4":"has-post-thumbnail","6":"product_cat-produit-colorant","7":"desktop-align-center","8":"tablet-align-left","9":"mobile-align-left","11":"first","12":"instock","13":"shipping-taxable","14":"product-type-simple"},"yoast_head":"<!-- This site is optimized with the Yoast SEO plugin v26.5 - https:\/\/yoast.com\/wordpress\/plugins\/seo\/ -->\n<title>Fournisseurs De B\u00eata-Carot\u00e8ne, Vente En Gros De Poudre (E160a) | Niranbio Chemical<\/title>\n<meta name=\"description\" content=\"Nous fabriquons du b\u00eata-carot\u00e8ne de qualit\u00e9 alimentaire, offrant une puret\u00e9 et une puissance sup\u00e9rieures pour les compl\u00e9ments alimentaires et les applications alimentaires, le tout \u00e0 des prix comp\u00e9titifs.\" \/>\n<meta name=\"robots\" content=\"noindex, follow, max-snippet:-1, max-image-preview:large, max-video-preview:-1\" \/>\n<meta name=\"twitter:label1\" content=\"Dur\u00e9e de lecture estim\u00e9e\" \/>\n\t<meta name=\"twitter:data1\" content=\"4 minutes\" \/>\n<script type=\"application\/ld+json\" class=\"yoast-schema-graph\">{\"@context\":\"https:\/\/schema.org\",\"@graph\":[{\"@type\":\"WebPage\",\"@id\":\"https:\/\/theo.niranbio.com\/fr\/%CE%B2-carotene.html\",\"url\":\"https:\/\/theo.niranbio.com\/fr\/%CE%B2-carotene.html\",\"name\":\"Fournisseurs De B\u00eata-Carot\u00e8ne, Vente En Gros De Poudre (E160a) | Niranbio Chemical\",\"isPartOf\":{\"@id\":\"https:\/\/theo.niranbio.com\/fr\/#website\"},\"primaryImageOfPage\":{\"@id\":\"https:\/\/theo.niranbio.com\/fr\/%CE%B2-carotene.html#primaryimage\"},\"image\":{\"@id\":\"https:\/\/theo.niranbio.com\/fr\/%CE%B2-carotene.html#primaryimage\"},\"thumbnailUrl\":\"https:\/\/theo.niranbio.com\/wp-content\/uploads\/2024\/06\/B-Carotene.webp\",\"datePublished\":\"2024-06-20T03:54:02+00:00\",\"dateModified\":\"2024-08-19T05:38:33+00:00\",\"description\":\"Nous fabriquons du b\u00eata-carot\u00e8ne de qualit\u00e9 alimentaire, offrant une puret\u00e9 et une puissance sup\u00e9rieures pour les compl\u00e9ments alimentaires et les applications alimentaires, le tout \u00e0 des prix comp\u00e9titifs.\",\"breadcrumb\":{\"@id\":\"https:\/\/theo.niranbio.com\/fr\/%CE%B2-carotene.html#breadcrumb\"},\"inLanguage\":\"fr-FR\",\"potentialAction\":[{\"@type\":\"ReadAction\",\"target\":[\"https:\/\/theo.niranbio.com\/fr\/%CE%B2-carotene.html\"]}]},{\"@type\":\"ImageObject\",\"inLanguage\":\"fr-FR\",\"@id\":\"https:\/\/theo.niranbio.com\/fr\/%CE%B2-carotene.html#primaryimage\",\"url\":\"https:\/\/theo.niranbio.com\/wp-content\/uploads\/2024\/06\/B-Carotene.webp\",\"contentUrl\":\"https:\/\/theo.niranbio.com\/wp-content\/uploads\/2024\/06\/B-Carotene.webp\",\"width\":600,\"height\":600,\"caption\":\"B-carot\u00e8ne\"},{\"@type\":\"BreadcrumbList\",\"@id\":\"https:\/\/theo.niranbio.com\/fr\/%CE%B2-carotene.html#breadcrumb\",\"itemListElement\":[{\"@type\":\"ListItem\",\"position\":1,\"name\":\"Home\",\"item\":\"https:\/\/theo.niranbio.com\/fr\/\"},{\"@type\":\"ListItem\",\"position\":2,\"name\":\"Produits\",\"item\":\"https:\/\/theo.niranbio.com\/fr\/produits.html\"},{\"@type\":\"ListItem\",\"position\":3,\"name\":\"Colorant\",\"item\":\"https:\/\/theo.niranbio.com\/fr\/produit-colorant\/\"},{\"@type\":\"ListItem\",\"position\":4,\"name\":\"\u03b2 Carot\u00e8ne\"}]},{\"@type\":\"WebSite\",\"@id\":\"https:\/\/theo.niranbio.com\/fr\/#website\",\"url\":\"https:\/\/theo.niranbio.com\/fr\/\",\"name\":\"Niranbio Chemical\",\"description\":\"\",\"publisher\":{\"@id\":\"https:\/\/theo.niranbio.com\/fr\/#organization\"},\"potentialAction\":[{\"@type\":\"SearchAction\",\"target\":{\"@type\":\"EntryPoint\",\"urlTemplate\":\"https:\/\/theo.niranbio.com\/fr\/?s={search_term_string}\"},\"query-input\":{\"@type\":\"PropertyValueSpecification\",\"valueRequired\":true,\"valueName\":\"search_term_string\"}}],\"inLanguage\":\"fr-FR\"},{\"@type\":\"Organization\",\"@id\":\"https:\/\/theo.niranbio.com\/fr\/#organization\",\"name\":\"Niranbio Chemical\",\"url\":\"https:\/\/theo.niranbio.com\/fr\/\",\"logo\":{\"@type\":\"ImageObject\",\"inLanguage\":\"fr-FR\",\"@id\":\"https:\/\/theo.niranbio.com\/fr\/#\/schema\/logo\/image\/\",\"url\":\"https:\/\/theo.niranbio.com\/wp-content\/uploads\/2024\/06\/Niranbio.png\",\"contentUrl\":\"https:\/\/theo.niranbio.com\/wp-content\/uploads\/2024\/06\/Niranbio.png\",\"width\":270,\"height\":100,\"caption\":\"Niranbio Chemical\"},\"image\":{\"@id\":\"https:\/\/theo.niranbio.com\/fr\/#\/schema\/logo\/image\/\"}}]}<\/script>\n<!-- \/ Yoast SEO plugin. -->","yoast_head_json":{"title":"Fournisseurs De B\u00eata-Carot\u00e8ne, Vente En Gros De Poudre (E160a) | Niranbio Chemical","description":"Nous fabriquons du b\u00eata-carot\u00e8ne de qualit\u00e9 alimentaire, offrant une puret\u00e9 et une puissance sup\u00e9rieures pour les compl\u00e9ments alimentaires et les applications alimentaires, le tout \u00e0 des prix comp\u00e9titifs.","robots":{"index":"noindex","follow":"follow","max-snippet":"max-snippet:-1","max-image-preview":"max-image-preview:large","max-video-preview":"max-video-preview:-1"},"twitter_misc":{"Dur\u00e9e de lecture estim\u00e9e":"4 minutes"},"schema":{"@context":"https:\/\/schema.org","@graph":[{"@type":"WebPage","@id":"https:\/\/theo.niranbio.com\/fr\/%CE%B2-carotene.html","url":"https:\/\/theo.niranbio.com\/fr\/%CE%B2-carotene.html","name":"Fournisseurs De B\u00eata-Carot\u00e8ne, Vente En Gros De Poudre (E160a) | Niranbio Chemical","isPartOf":{"@id":"https:\/\/theo.niranbio.com\/fr\/#website"},"primaryImageOfPage":{"@id":"https:\/\/theo.niranbio.com\/fr\/%CE%B2-carotene.html#primaryimage"},"image":{"@id":"https:\/\/theo.niranbio.com\/fr\/%CE%B2-carotene.html#primaryimage"},"thumbnailUrl":"https:\/\/theo.niranbio.com\/wp-content\/uploads\/2024\/06\/B-Carotene.webp","datePublished":"2024-06-20T03:54:02+00:00","dateModified":"2024-08-19T05:38:33+00:00","description":"Nous fabriquons du b\u00eata-carot\u00e8ne de qualit\u00e9 alimentaire, offrant une puret\u00e9 et une puissance sup\u00e9rieures pour les compl\u00e9ments alimentaires et les applications alimentaires, le tout \u00e0 des prix comp\u00e9titifs.","breadcrumb":{"@id":"https:\/\/theo.niranbio.com\/fr\/%CE%B2-carotene.html#breadcrumb"},"inLanguage":"fr-FR","potentialAction":[{"@type":"ReadAction","target":["https:\/\/theo.niranbio.com\/fr\/%CE%B2-carotene.html"]}]},{"@type":"ImageObject","inLanguage":"fr-FR","@id":"https:\/\/theo.niranbio.com\/fr\/%CE%B2-carotene.html#primaryimage","url":"https:\/\/theo.niranbio.com\/wp-content\/uploads\/2024\/06\/B-Carotene.webp","contentUrl":"https:\/\/theo.niranbio.com\/wp-content\/uploads\/2024\/06\/B-Carotene.webp","width":600,"height":600,"caption":"B-carot\u00e8ne"},{"@type":"BreadcrumbList","@id":"https:\/\/theo.niranbio.com\/fr\/%CE%B2-carotene.html#breadcrumb","itemListElement":[{"@type":"ListItem","position":1,"name":"Home","item":"https:\/\/theo.niranbio.com\/fr\/"},{"@type":"ListItem","position":2,"name":"Produits","item":"https:\/\/theo.niranbio.com\/fr\/produits.html"},{"@type":"ListItem","position":3,"name":"Colorant","item":"https:\/\/theo.niranbio.com\/fr\/produit-colorant\/"},{"@type":"ListItem","position":4,"name":"\u03b2 Carot\u00e8ne"}]},{"@type":"WebSite","@id":"https:\/\/theo.niranbio.com\/fr\/#website","url":"https:\/\/theo.niranbio.com\/fr\/","name":"Niranbio Chemical","description":"","publisher":{"@id":"https:\/\/theo.niranbio.com\/fr\/#organization"},"potentialAction":[{"@type":"SearchAction","target":{"@type":"EntryPoint","urlTemplate":"https:\/\/theo.niranbio.com\/fr\/?s={search_term_string}"},"query-input":{"@type":"PropertyValueSpecification","valueRequired":true,"valueName":"search_term_string"}}],"inLanguage":"fr-FR"},{"@type":"Organization","@id":"https:\/\/theo.niranbio.com\/fr\/#organization","name":"Niranbio Chemical","url":"https:\/\/theo.niranbio.com\/fr\/","logo":{"@type":"ImageObject","inLanguage":"fr-FR","@id":"https:\/\/theo.niranbio.com\/fr\/#\/schema\/logo\/image\/","url":"https:\/\/theo.niranbio.com\/wp-content\/uploads\/2024\/06\/Niranbio.png","contentUrl":"https:\/\/theo.niranbio.com\/wp-content\/uploads\/2024\/06\/Niranbio.png","width":270,"height":100,"caption":"Niranbio Chemical"},"image":{"@id":"https:\/\/theo.niranbio.com\/fr\/#\/schema\/logo\/image\/"}}]}},"_links":{"self":[{"href":"https:\/\/theo.niranbio.com\/fr\/wp-json\/wp\/v2\/product\/9614","targetHints":{"allow":["GET"]}}],"collection":[{"href":"https:\/\/theo.niranbio.com\/fr\/wp-json\/wp\/v2\/product"}],"about":[{"href":"https:\/\/theo.niranbio.com\/fr\/wp-json\/wp\/v2\/types\/product"}],"version-history":[{"count":0,"href":"https:\/\/theo.niranbio.com\/fr\/wp-json\/wp\/v2\/product\/9614\/revisions"}],"wp:featuredmedia":[{"embeddable":true,"href":"https:\/\/theo.niranbio.com\/fr\/wp-json\/wp\/v2\/media\/9615"}],"wp:attachment":[{"href":"https:\/\/theo.niranbio.com\/fr\/wp-json\/wp\/v2\/media?parent=9614"}],"wp:term":[{"taxonomy":"product_brand","embeddable":true,"href":"https:\/\/theo.niranbio.com\/fr\/wp-json\/wp\/v2\/product_brand?post=9614"},{"taxonomy":"product_cat","embeddable":true,"href":"https:\/\/theo.niranbio.com\/fr\/wp-json\/wp\/v2\/product_cat?post=9614"},{"taxonomy":"product_tag","embeddable":true,"href":"https:\/\/theo.niranbio.com\/fr\/wp-json\/wp\/v2\/product_tag?post=9614"}],"curies":[{"name":"wp","href":"https:\/\/api.w.org\/{rel}","templated":true}]}}