{"id":9567,"date":"2024-06-20T11:20:52","date_gmt":"2024-06-20T03:20:52","guid":{"rendered":"https:\/\/theo.niranbio.com\/gos-galacto-oligosaccharide\/"},"modified":"2024-08-19T13:23:59","modified_gmt":"2024-08-19T05:23:59","slug":"gos-galacto-oligosaccharide","status":"publish","type":"product","link":"https:\/\/theo.niranbio.com\/fr\/gos-galacto-oligosaccharide.html","title":{"rendered":"Galacto-oligosaccharide"},"content":{"rendered":"<h2><span class=\"ez-toc-section\" id=\"Quest-ce_que_le_galacto-oligosaccharide\"><\/span>Qu&rsquo;est-ce que le galacto-oligosaccharide ?<span class=\"ez-toc-section-end\"><\/span><\/h2>\n<p>Un oligosaccharide utile ayant des qualit\u00e9s inh\u00e9rentes est le galactooligosaccharide. Il s&rsquo;agit d&rsquo;une poudre cristalline blanche dont la structure chimique est constitu\u00e9e d&rsquo;un \u00e0 sept groupes galactose attach\u00e9s \u00e0 des mol\u00e9cules de glucose ou de galactose.<\/p>\n<p>Il existe deux principaux proc\u00e9d\u00e9s de pr\u00e9paration du galactooligosaccharide :<\/p>\n<p>1. Dans la production de galacto-oligosaccharides (GOS), la m\u00e9thode enzymatique est le processus principal. Cette m\u00e9thode utilise la galactosidase pour convertir le lactose en galacto-oligosaccharides, ce qui pr\u00e9sente les avantages d&rsquo;une efficacit\u00e9 \u00e9lev\u00e9e, d&rsquo;une bonne s\u00e9lectivit\u00e9 et du respect de l&rsquo;environnement. Au cours du processus de production, le lactose r\u00e9agit avec des enzymes dans des conditions de temp\u00e9rature et de pH sp\u00e9cifiques pour g\u00e9n\u00e9rer des galacto-oligosaccharides, qui sont ensuite s\u00e9par\u00e9s et purifi\u00e9s par centrifugation, chromatographie et autres techniques. Cette m\u00e9thode est largement utilis\u00e9e dans la production industrielle car elle permet de contr\u00f4ler efficacement la puret\u00e9 et la longueur de cha\u00eene du produit.<\/p>\n<p>2. La m\u00e9thode chimique g\u00e9n\u00e8re principalement des galacto-oligosaccharides par des r\u00e9actions chimiques, impliquant g\u00e9n\u00e9ralement des r\u00e9actions de glycosylation catalys\u00e9es par un acide. Cette m\u00e9thode est plus courante \u00e0 l&rsquo;\u00e9chelle du laboratoire et dans des applications sp\u00e9cifiques, mais relativement rare dans les applications industrielles en raison de ses conditions de r\u00e9action complexes et de son co\u00fbt \u00e9lev\u00e9. En g\u00e9n\u00e9ral, la m\u00e9thode de catalyse enzymatique est la m\u00e9thode la plus courante dans la production de galacto-oligosaccharides en raison de son proc\u00e9d\u00e9 mature, de la haute qualit\u00e9 de son produit et de ses bonnes performances environnementales.<\/p>\n<h2><span class=\"ez-toc-section\" id=\"Dosage_recommande\"><\/span>Dosage recommand\u00e9 :<span class=\"ez-toc-section-end\"><\/span><\/h2>\n<table>\n<tbody>\n<tr>\n<td><strong>Nom de l&rsquo;aliment<\/strong><\/td>\n<td><strong>Utilisation maximale (g\/kg)<\/strong><\/td>\n<\/tr>\n<tr>\n<td>Boissons fonctionnelles<\/td>\n<td>2-5 g\/kg<\/td>\n<\/tr>\n<tr>\n<td>Yaourt<\/td>\n<td>2-6 g\/kg<\/td>\n<\/tr>\n<tr>\n<td>Produits laitiers<\/td>\n<td>1-3 g\/kg<\/td>\n<\/tr>\n<tr>\n<td>Boissons \u00e0 faible teneur en sucre<\/td>\n<td>3-6 g\/kg<\/td>\n<\/tr>\n<tr>\n<td>Boissons \u00e0 base de jus<\/td>\n<td>3-5 g\/kg<\/td>\n<\/tr>\n<tr>\n<td>Sauces<\/td>\n<td>1-2 g\/kg<\/td>\n<\/tr>\n<tr>\n<td>Produits de boulangerie<\/td>\n<td>2-5 g\/kg<\/td>\n<\/tr>\n<tr>\n<td>Chocolat et bonbons<\/td>\n<td>1-2 g\/kg<\/td>\n<\/tr>\n<tr>\n<td>Aliments ferment\u00e9s<\/td>\n<td>1-2 g\/kg<\/td>\n<\/tr>\n<\/tbody>\n<\/table>\n<h2><span class=\"ez-toc-section\" id=\"Le_galacto-oligosaccharide_a_une_large_gamme_dutilisations\"><\/span>Le galacto-oligosaccharide a une large gamme d&rsquo;utilisations<span class=\"ez-toc-section-end\"><\/span><\/h2>\n<ol>\n<li>Effet pr\u00e9biotique : les galacto-oligosaccharides agissent comme des pr\u00e9biotiques dans le tube digestif. Ils emp\u00eachent la propagation des bact\u00e9ries pathog\u00e8nes tout en favorisant le d\u00e9veloppement et l&rsquo;activit\u00e9 des bonnes bact\u00e9ries (comme les lactobacilles et les bifidobact\u00e9ries). Cet effet contribue \u00e0 am\u00e9liorer l&rsquo;\u00e9quilibre de la micro\u00e9cologie intestinale, \u00e0 soutenir la sant\u00e9 digestive et \u00e0 renforcer le syst\u00e8me immunitaire.<\/li>\n<li>Am\u00e9liorer la sant\u00e9 intestinale : les GOS peuvent augmenter le volume des selles et favoriser le p\u00e9ristaltisme intestinal, am\u00e9liorant ainsi la constipation. Il produit des acides gras \u00e0 cha\u00eene courte et encourage la croissance des probiotiques, qui contribuent tous deux au maintien d&rsquo;un environnement intestinal sain. Les acides gras \u00e0 cha\u00eene courte am\u00e9liorent la fonction de la barri\u00e8re intestinale et soutiennent l&rsquo;int\u00e9grit\u00e9 de la muqueuse intestinale.<\/li>\n<li>Am\u00e9liorer l&rsquo;absorption des min\u00e9raux : des recherches ont montr\u00e9 que les galacto-oligosaccharides ont le potentiel d&rsquo;am\u00e9liorer l&rsquo;absorption de min\u00e9raux comme le magn\u00e9sium et le calcium, en particulier chez les personnes \u00e2g\u00e9es et les enfants. Cela contribue \u00e0 am\u00e9liorer la sant\u00e9 des os et \u00e0 r\u00e9duire le risque d&rsquo;ost\u00e9oporose.<\/li>\n<li>R\u00e9guler la fonction immunitaire : les GOS peuvent r\u00e9guler indirectement le syst\u00e8me immunitaire en augmentant le nombre et l&rsquo;activit\u00e9 des probiotiques intestinaux. Il peut stimuler le syst\u00e8me immunitaire li\u00e9 \u00e0 l&rsquo;intestin (comme les cellules immunitaires intestinales), am\u00e9liorer la capacit\u00e9 de r\u00e9ponse immunitaire de l&rsquo;organisme et r\u00e9duire le risque d&rsquo;infection et d&rsquo;inflammation.<\/li>\n<li>R\u00e9duire les taux de sucre et de cholest\u00e9rol dans le sang : les galacto-oligosaccharides sont ferment\u00e9s dans l&rsquo;intestin pour produire des acides gras \u00e0 cha\u00eene courte, qui peuvent aider \u00e0 r\u00e9guler les taux de sucre dans le sang et \u00e0 r\u00e9duire les lipides sanguins. En am\u00e9liorant la sensibilit\u00e9 \u00e0 l&rsquo;insuline et en abaissant les taux de cholest\u00e9rol, les GOS aident \u00e0 r\u00e9duire le risque de diab\u00e8te et de maladies cardiovasculaires.<\/li>\n<\/ol>\n<h2><span class=\"ez-toc-section\" id=\"Question_posee_par_lutilisateur\"><\/span>Question pos\u00e9e par l&rsquo;utilisateur :<span class=\"ez-toc-section-end\"><\/span><\/h2>\n<p>Q : Les humains peuvent-ils dig\u00e9rer le galactooligosaccharide ?<\/p>\n<p>R : Le galactooligosaccharide (GOS) ne peut pas \u00eatre compl\u00e8tement dig\u00e9r\u00e9 dans le syst\u00e8me digestif humain en raison de sa structure, ce qui l&#8217;emp\u00eache d&rsquo;\u00eatre compl\u00e8tement m\u00e9tabolis\u00e9 par les enzymes digestives de l&rsquo;intestin gr\u00eale. Une fois dans le gros intestin, le galactooligosaccharide non dig\u00e9r\u00e9 est ferment\u00e9 par les probiotiques de l&rsquo;intestin pour cr\u00e9er du gaz et des acides gras \u00e0 cha\u00eene courte. Ce processus non seulement soutient la sant\u00e9 du microbiome intestinal, mais favorise \u00e9galement la fonction intestinale normale et am\u00e9liore la constipation et la fonction immunitaire intestinale. Le galactooligosaccharide joue donc un r\u00f4le important dans le maintien de la sant\u00e9 intestinale en tant que pr\u00e9biotique.<\/p>\n","protected":false},"excerpt":{"rendered":"<ul>\n<li>CAS: 6587-31-1<\/li>\n<li>Certifications : KOSHER, ISO, HALAL, FSSC 22000, BRC, etc.<\/li>\n<li>Quantit\u00e9 minimum de commande : 1000 kg<\/li>\n<li>Dur\u00e9e de conservation : 2 ans<\/li>\n<\/ul>\n","protected":false},"featured_media":9568,"template":"","meta":{"site-sidebar-layout":"default","site-content-layout":"","ast-site-content-layout":"default","site-content-style":"default","site-sidebar-style":"default","ast-global-header-display":"","ast-banner-title-visibility":"","ast-main-header-display":"","ast-hfb-above-header-display":"","ast-hfb-below-header-display":"","ast-hfb-mobile-header-display":"","site-post-title":"","ast-breadcrumbs-content":"","ast-featured-img":"","footer-sml-layout":"","theme-transparent-header-meta":"default","adv-header-id-meta":"","stick-header-meta":"","header-above-stick-meta":"","header-main-stick-meta":"","header-below-stick-meta":"","astra-migrate-meta-layouts":"set","ast-page-background-enabled":"default","ast-page-background-meta":{"desktop":{"background-color":"var(--ast-global-color-4)","background-image":"","background-repeat":"repeat","background-position":"center center","background-size":"auto","background-attachment":"scroll","background-type":"","background-media":"","overlay-type":"","overlay-color":"","overlay-opacity":"","overlay-gradient":""},"tablet":{"background-color":"","background-image":"","background-repeat":"repeat","background-position":"center center","background-size":"auto","background-attachment":"scroll","background-type":"","background-media":"","overlay-type":"","overlay-color":"","overlay-opacity":"","overlay-gradient":""},"mobile":{"background-color":"","background-image":"","background-repeat":"repeat","background-position":"center center","background-size":"auto","background-attachment":"scroll","background-type":"","background-media":"","overlay-type":"","overlay-color":"","overlay-opacity":"","overlay-gradient":""}},"ast-content-background-meta":{"desktop":{"background-color":"var(--ast-global-color-5)","background-image":"","background-repeat":"repeat","background-position":"center center","background-size":"auto","background-attachment":"scroll","background-type":"","background-media":"","overlay-type":"","overlay-color":"","overlay-opacity":"","overlay-gradient":""},"tablet":{"background-color":"var(--ast-global-color-5)","background-image":"","background-repeat":"repeat","background-position":"center center","background-size":"auto","background-attachment":"scroll","background-type":"","background-media":"","overlay-type":"","overlay-color":"","overlay-opacity":"","overlay-gradient":""},"mobile":{"background-color":"var(--ast-global-color-5)","background-image":"","background-repeat":"repeat","background-position":"center center","background-size":"auto","background-attachment":"scroll","background-type":"","background-media":"","overlay-type":"","overlay-color":"","overlay-opacity":"","overlay-gradient":""}}},"product_brand":[],"product_cat":[111],"product_tag":[],"class_list":{"0":"post-9567","1":"product","2":"type-product","3":"status-publish","4":"has-post-thumbnail","6":"product_cat-produit-edulcorant","7":"desktop-align-center","8":"tablet-align-left","9":"mobile-align-left","11":"first","12":"instock","13":"shipping-taxable","14":"product-type-simple"},"yoast_head":"<!-- This site is optimized with the Yoast SEO plugin v26.5 - https:\/\/yoast.com\/wordpress\/plugins\/seo\/ -->\n<title>Poudre de Galacto-oligosaccharide GOS | Niranbio Chemical<\/title>\n<meta name=\"description\" content=\"Notre GOS Galactooligosaccharide est une poudre cristalline blanche, offrant une excellente puret\u00e9 et fonctionnalit\u00e9 pour les compl\u00e9ments alimentaires et les aliments fonctionnels.\" \/>\n<meta name=\"robots\" content=\"noindex, follow, max-snippet:-1, max-image-preview:large, max-video-preview:-1\" \/>\n<meta name=\"twitter:label1\" content=\"Dur\u00e9e de lecture estim\u00e9e\" \/>\n\t<meta name=\"twitter:data1\" content=\"4 minutes\" \/>\n<script type=\"application\/ld+json\" class=\"yoast-schema-graph\">{\"@context\":\"https:\/\/schema.org\",\"@graph\":[{\"@type\":\"WebPage\",\"@id\":\"https:\/\/theo.niranbio.com\/fr\/gos-galacto-oligosaccharide.html\",\"url\":\"https:\/\/theo.niranbio.com\/fr\/gos-galacto-oligosaccharide.html\",\"name\":\"Poudre de Galacto-oligosaccharide GOS | Niranbio Chemical\",\"isPartOf\":{\"@id\":\"https:\/\/theo.niranbio.com\/fr\/#website\"},\"primaryImageOfPage\":{\"@id\":\"https:\/\/theo.niranbio.com\/fr\/gos-galacto-oligosaccharide.html#primaryimage\"},\"image\":{\"@id\":\"https:\/\/theo.niranbio.com\/fr\/gos-galacto-oligosaccharide.html#primaryimage\"},\"thumbnailUrl\":\"https:\/\/theo.niranbio.com\/wp-content\/uploads\/2024\/06\/GOS-Galactooligosaccharide.webp\",\"datePublished\":\"2024-06-20T03:20:52+00:00\",\"dateModified\":\"2024-08-19T05:23:59+00:00\",\"description\":\"Notre GOS Galactooligosaccharide est une poudre cristalline blanche, offrant une excellente puret\u00e9 et fonctionnalit\u00e9 pour les compl\u00e9ments alimentaires et les aliments fonctionnels.\",\"breadcrumb\":{\"@id\":\"https:\/\/theo.niranbio.com\/fr\/gos-galacto-oligosaccharide.html#breadcrumb\"},\"inLanguage\":\"fr-FR\",\"potentialAction\":[{\"@type\":\"ReadAction\",\"target\":[\"https:\/\/theo.niranbio.com\/fr\/gos-galacto-oligosaccharide.html\"]}]},{\"@type\":\"ImageObject\",\"inLanguage\":\"fr-FR\",\"@id\":\"https:\/\/theo.niranbio.com\/fr\/gos-galacto-oligosaccharide.html#primaryimage\",\"url\":\"https:\/\/theo.niranbio.com\/wp-content\/uploads\/2024\/06\/GOS-Galactooligosaccharide.webp\",\"contentUrl\":\"https:\/\/theo.niranbio.com\/wp-content\/uploads\/2024\/06\/GOS-Galactooligosaccharide.webp\",\"width\":600,\"height\":600,\"caption\":\"GOS-Galacto-oligosaccharide\"},{\"@type\":\"BreadcrumbList\",\"@id\":\"https:\/\/theo.niranbio.com\/fr\/gos-galacto-oligosaccharide.html#breadcrumb\",\"itemListElement\":[{\"@type\":\"ListItem\",\"position\":1,\"name\":\"Home\",\"item\":\"https:\/\/theo.niranbio.com\/fr\/\"},{\"@type\":\"ListItem\",\"position\":2,\"name\":\"Produits\",\"item\":\"https:\/\/theo.niranbio.com\/fr\/produits.html\"},{\"@type\":\"ListItem\",\"position\":3,\"name\":\"\u00c9dulcorant\",\"item\":\"https:\/\/theo.niranbio.com\/fr\/produit-edulcorant\/\"},{\"@type\":\"ListItem\",\"position\":4,\"name\":\"Galacto-oligosaccharide\"}]},{\"@type\":\"WebSite\",\"@id\":\"https:\/\/theo.niranbio.com\/fr\/#website\",\"url\":\"https:\/\/theo.niranbio.com\/fr\/\",\"name\":\"Niranbio Chemical\",\"description\":\"\",\"publisher\":{\"@id\":\"https:\/\/theo.niranbio.com\/fr\/#organization\"},\"potentialAction\":[{\"@type\":\"SearchAction\",\"target\":{\"@type\":\"EntryPoint\",\"urlTemplate\":\"https:\/\/theo.niranbio.com\/fr\/?s={search_term_string}\"},\"query-input\":{\"@type\":\"PropertyValueSpecification\",\"valueRequired\":true,\"valueName\":\"search_term_string\"}}],\"inLanguage\":\"fr-FR\"},{\"@type\":\"Organization\",\"@id\":\"https:\/\/theo.niranbio.com\/fr\/#organization\",\"name\":\"Niranbio Chemical\",\"url\":\"https:\/\/theo.niranbio.com\/fr\/\",\"logo\":{\"@type\":\"ImageObject\",\"inLanguage\":\"fr-FR\",\"@id\":\"https:\/\/theo.niranbio.com\/fr\/#\/schema\/logo\/image\/\",\"url\":\"https:\/\/theo.niranbio.com\/wp-content\/uploads\/2024\/06\/Niranbio.png\",\"contentUrl\":\"https:\/\/theo.niranbio.com\/wp-content\/uploads\/2024\/06\/Niranbio.png\",\"width\":270,\"height\":100,\"caption\":\"Niranbio Chemical\"},\"image\":{\"@id\":\"https:\/\/theo.niranbio.com\/fr\/#\/schema\/logo\/image\/\"}}]}<\/script>\n<!-- \/ Yoast SEO plugin. -->","yoast_head_json":{"title":"Poudre de Galacto-oligosaccharide GOS | Niranbio Chemical","description":"Notre GOS Galactooligosaccharide est une poudre cristalline blanche, offrant une excellente puret\u00e9 et fonctionnalit\u00e9 pour les compl\u00e9ments alimentaires et les aliments fonctionnels.","robots":{"index":"noindex","follow":"follow","max-snippet":"max-snippet:-1","max-image-preview":"max-image-preview:large","max-video-preview":"max-video-preview:-1"},"twitter_misc":{"Dur\u00e9e de lecture estim\u00e9e":"4 minutes"},"schema":{"@context":"https:\/\/schema.org","@graph":[{"@type":"WebPage","@id":"https:\/\/theo.niranbio.com\/fr\/gos-galacto-oligosaccharide.html","url":"https:\/\/theo.niranbio.com\/fr\/gos-galacto-oligosaccharide.html","name":"Poudre de Galacto-oligosaccharide GOS | Niranbio Chemical","isPartOf":{"@id":"https:\/\/theo.niranbio.com\/fr\/#website"},"primaryImageOfPage":{"@id":"https:\/\/theo.niranbio.com\/fr\/gos-galacto-oligosaccharide.html#primaryimage"},"image":{"@id":"https:\/\/theo.niranbio.com\/fr\/gos-galacto-oligosaccharide.html#primaryimage"},"thumbnailUrl":"https:\/\/theo.niranbio.com\/wp-content\/uploads\/2024\/06\/GOS-Galactooligosaccharide.webp","datePublished":"2024-06-20T03:20:52+00:00","dateModified":"2024-08-19T05:23:59+00:00","description":"Notre GOS Galactooligosaccharide est une poudre cristalline blanche, offrant une excellente puret\u00e9 et fonctionnalit\u00e9 pour les compl\u00e9ments alimentaires et les aliments fonctionnels.","breadcrumb":{"@id":"https:\/\/theo.niranbio.com\/fr\/gos-galacto-oligosaccharide.html#breadcrumb"},"inLanguage":"fr-FR","potentialAction":[{"@type":"ReadAction","target":["https:\/\/theo.niranbio.com\/fr\/gos-galacto-oligosaccharide.html"]}]},{"@type":"ImageObject","inLanguage":"fr-FR","@id":"https:\/\/theo.niranbio.com\/fr\/gos-galacto-oligosaccharide.html#primaryimage","url":"https:\/\/theo.niranbio.com\/wp-content\/uploads\/2024\/06\/GOS-Galactooligosaccharide.webp","contentUrl":"https:\/\/theo.niranbio.com\/wp-content\/uploads\/2024\/06\/GOS-Galactooligosaccharide.webp","width":600,"height":600,"caption":"GOS-Galacto-oligosaccharide"},{"@type":"BreadcrumbList","@id":"https:\/\/theo.niranbio.com\/fr\/gos-galacto-oligosaccharide.html#breadcrumb","itemListElement":[{"@type":"ListItem","position":1,"name":"Home","item":"https:\/\/theo.niranbio.com\/fr\/"},{"@type":"ListItem","position":2,"name":"Produits","item":"https:\/\/theo.niranbio.com\/fr\/produits.html"},{"@type":"ListItem","position":3,"name":"\u00c9dulcorant","item":"https:\/\/theo.niranbio.com\/fr\/produit-edulcorant\/"},{"@type":"ListItem","position":4,"name":"Galacto-oligosaccharide"}]},{"@type":"WebSite","@id":"https:\/\/theo.niranbio.com\/fr\/#website","url":"https:\/\/theo.niranbio.com\/fr\/","name":"Niranbio Chemical","description":"","publisher":{"@id":"https:\/\/theo.niranbio.com\/fr\/#organization"},"potentialAction":[{"@type":"SearchAction","target":{"@type":"EntryPoint","urlTemplate":"https:\/\/theo.niranbio.com\/fr\/?s={search_term_string}"},"query-input":{"@type":"PropertyValueSpecification","valueRequired":true,"valueName":"search_term_string"}}],"inLanguage":"fr-FR"},{"@type":"Organization","@id":"https:\/\/theo.niranbio.com\/fr\/#organization","name":"Niranbio Chemical","url":"https:\/\/theo.niranbio.com\/fr\/","logo":{"@type":"ImageObject","inLanguage":"fr-FR","@id":"https:\/\/theo.niranbio.com\/fr\/#\/schema\/logo\/image\/","url":"https:\/\/theo.niranbio.com\/wp-content\/uploads\/2024\/06\/Niranbio.png","contentUrl":"https:\/\/theo.niranbio.com\/wp-content\/uploads\/2024\/06\/Niranbio.png","width":270,"height":100,"caption":"Niranbio Chemical"},"image":{"@id":"https:\/\/theo.niranbio.com\/fr\/#\/schema\/logo\/image\/"}}]}},"_links":{"self":[{"href":"https:\/\/theo.niranbio.com\/fr\/wp-json\/wp\/v2\/product\/9567","targetHints":{"allow":["GET"]}}],"collection":[{"href":"https:\/\/theo.niranbio.com\/fr\/wp-json\/wp\/v2\/product"}],"about":[{"href":"https:\/\/theo.niranbio.com\/fr\/wp-json\/wp\/v2\/types\/product"}],"version-history":[{"count":0,"href":"https:\/\/theo.niranbio.com\/fr\/wp-json\/wp\/v2\/product\/9567\/revisions"}],"wp:featuredmedia":[{"embeddable":true,"href":"https:\/\/theo.niranbio.com\/fr\/wp-json\/wp\/v2\/media\/9568"}],"wp:attachment":[{"href":"https:\/\/theo.niranbio.com\/fr\/wp-json\/wp\/v2\/media?parent=9567"}],"wp:term":[{"taxonomy":"product_brand","embeddable":true,"href":"https:\/\/theo.niranbio.com\/fr\/wp-json\/wp\/v2\/product_brand?post=9567"},{"taxonomy":"product_cat","embeddable":true,"href":"https:\/\/theo.niranbio.com\/fr\/wp-json\/wp\/v2\/product_cat?post=9567"},{"taxonomy":"product_tag","embeddable":true,"href":"https:\/\/theo.niranbio.com\/fr\/wp-json\/wp\/v2\/product_tag?post=9567"}],"curies":[{"name":"wp","href":"https:\/\/api.w.org\/{rel}","templated":true}]}}