{"id":9564,"date":"2024-06-20T10:58:28","date_gmt":"2024-06-20T02:58:28","guid":{"rendered":"https:\/\/theo.niranbio.com\/ascorbate-de-calcium\/"},"modified":"2024-08-19T13:21:38","modified_gmt":"2024-08-19T05:21:38","slug":"ascorbate-de-calcium","status":"publish","type":"product","link":"https:\/\/theo.niranbio.com\/fr\/ascorbate-de-calcium.html","title":{"rendered":"Ascorbate de calcium"},"content":{"rendered":"<h2><span class=\"ez-toc-section\" id=\"Quest-ce_que_lascorbate_de_calcium\"><\/span>Qu&rsquo;est-ce que l&rsquo;ascorbate de calcium ?<span class=\"ez-toc-section-end\"><\/span><\/h2>\n<p>En plus d&rsquo;\u00eatre plus stable que le Vc, l&rsquo;ascorbate de calcium a \u00e9galement des capacit\u00e9s d&rsquo;absorption sup\u00e9rieures. De plus, en raison de l&rsquo;introduction du calcium, son effet de fortification nutritionnelle est \u00e9galement renforc\u00e9. Les industries alimentaires, pharmaceutiques et autres l&rsquo;utilisent de mani\u00e8re significative. Il semble \u00eatre sous forme de poudre blanche. Le processus de pr\u00e9paration de l&rsquo;ascorbate de calcium consiste principalement \u00e0 faire r\u00e9agir directement l&rsquo;acide ascorbique (vitamine C) avec l&rsquo;hydroxyde de calcium ou le carbonate de calcium pour g\u00e9n\u00e9rer de l&rsquo;ascorbate de calcium. Cette m\u00e9thode a un processus simple, peu d&rsquo;\u00e9tapes de fonctionnement, une efficacit\u00e9 de production \u00e9lev\u00e9e et convient \u00e0 la production continue \u00e0 grande \u00e9chelle.<\/p>\n<h2><span class=\"ez-toc-section\" id=\"Parametres_associes\"><\/span>Param\u00e8tres associ\u00e9s :<span class=\"ez-toc-section-end\"><\/span><\/h2>\n<table>\n<tbody>\n<tr>\n<td><strong>Articles<\/strong><\/td>\n<td><strong>Normes<\/strong><\/td>\n<\/tr>\n<tr>\n<td>Rotation optique sp\u00e9cifique<\/td>\n<td>+95\u00b0~+97\u00b0<\/td>\n<\/tr>\n<tr>\n<td>PH(10% W\/V)<\/td>\n<td>6.8-7.4<\/td>\n<\/tr>\n<tr>\n<td>Perte au s\u00e9chage<\/td>\n<td>\u22640.10%<\/td>\n<\/tr>\n<tr>\n<td>M\u00e9taux lourds (en tant que Pb)<\/td>\n<td>\u226410ppm<\/td>\n<\/tr>\n<tr>\n<td>Oxalate<\/td>\n<td>Passez<\/td>\n<\/tr>\n<tr>\n<td>Cuivre<\/td>\n<td>\u22645ppm<\/td>\n<\/tr>\n<tr>\n<td>Fer<\/td>\n<td>\u22642ppm<\/td>\n<\/tr>\n<tr>\n<td>Arsenic<\/td>\n<td>\u22643 mg\/kg<\/td>\n<\/tr>\n<tr>\n<td>Fluorure<\/td>\n<td>\u22640.001%<\/td>\n<\/tr>\n<tr>\n<td>Essai<\/td>\n<td>98.0-100%-100.5%<\/td>\n<\/tr>\n<\/tbody>\n<\/table>\n<h2><span class=\"ez-toc-section\" id=\"Dosage_recommande\"><\/span>Dosage recommand\u00e9 :<span class=\"ez-toc-section-end\"><\/span><\/h2>\n<table>\n<tbody>\n<tr>\n<td><strong>Nom de l&rsquo;aliment<\/strong><\/td>\n<td><strong>Utilisation maximale (g\/kg)<\/strong><\/td>\n<\/tr>\n<tr>\n<td>Jus et boissons aromatis\u00e9es aux fruits<\/td>\n<td>0,1-0,5 g\/kg<\/td>\n<\/tr>\n<tr>\n<td>Boissons non alcoolis\u00e9es<\/td>\n<td>0,05-0,2 g\/kg<\/td>\n<\/tr>\n<tr>\n<td>Fruits en conserve<\/td>\n<td>0,1-0,3 g\/kg<\/td>\n<\/tr>\n<tr>\n<td>Yaourt et produits laitiers<\/td>\n<td>0,05-0,2 g\/kg<\/td>\n<\/tr>\n<tr>\n<td>Pain et produits de boulangerie<\/td>\n<td>0,1-0,3 g\/kg<\/td>\n<\/tr>\n<tr>\n<td>Chocolat et bonbons<\/td>\n<td>0,1-0,3 g\/kg<\/td>\n<\/tr>\n<tr>\n<td>Assaisonnements pour salades et condiments<\/td>\n<td>0,05-0,2 g\/kg<\/td>\n<\/tr>\n<tr>\n<td>Produits \u00e0 base de viande et saucisses<\/td>\n<td>0,1-0,3 g\/kg<\/td>\n<\/tr>\n<tr>\n<td>Poissons et fruits de mer en conserve<\/td>\n<td>0,1-0,3 g\/kg<\/td>\n<\/tr>\n<tr>\n<td>M\u00e9langes pour boulangerie<\/td>\n<td>0,1-0,3 g\/kg<\/td>\n<\/tr>\n<tr>\n<td>Boissons pour sportifs<\/td>\n<td>0,05-0,2 g\/kg<\/td>\n<\/tr>\n<tr>\n<td>Boissons \u00e0 base de jus<\/td>\n<td>0,1-0,5 g\/kg<\/td>\n<\/tr>\n<\/tbody>\n<\/table>\n<h2><span class=\"ez-toc-section\" id=\"Quest-ce_que_lascorbate_de_calcium-2\"><\/span>Qu&rsquo;est-ce que l&rsquo;ascorbate de calcium ?<span class=\"ez-toc-section-end\"><\/span><\/h2>\n<p>1. L&rsquo;ascorbate de calcium a un puissant effet antioxydant et peut pr\u00e9venir efficacement l&rsquo;oxydation des graisses, des huiles et d&rsquo;autres ingr\u00e9dients facilement oxydables dans les aliments, prolongeant ainsi la dur\u00e9e de conservation des aliments.<\/p>\n<p>2. L&rsquo;ascorbate de calcium est le sel de calcium de la vitamine C (acide ascorbique), qui fournit \u00e0 la fois de la vitamine C et du calcium, aidant \u00e0 pr\u00e9venir les carences en vitamine C et en calcium.<\/p>\n<p>3. Les aliments peuvent avoir une dur\u00e9e de conservation plus longue car l&rsquo;ascorbate de calcium peut emp\u00eacher les bact\u00e9ries de se d\u00e9velopper et de se reproduire. Dans divers jus, confitures, gel\u00e9es et autres articles, il sert de conservateur.<\/p>\n<p>4. L&rsquo;ascorbate de calcium peut \u00eatre utilis\u00e9 pour ajuster la valeur du pH des aliments et aider \u00e0 maintenir l&rsquo;\u00e9quilibre acido-basique des aliments, am\u00e9liorant ainsi la texture et la saveur des aliments.<\/p>\n<p>5. L&rsquo;ascorbate de calcium peut emp\u00eacher les fruits et l\u00e9gumes de changer de couleur pendant le traitement et le stockage, et conserver leur couleur naturelle. Il est largement utilis\u00e9 dans les fruits en conserve, les jus et les produits v\u00e9g\u00e9taux.<\/p>\n<p>6. Lors de la transformation des fruits et l\u00e9gumes, l&rsquo;ascorbate de calcium peut emp\u00eacher les r\u00e9actions de brunissement enzymatique et maintenir la couleur et la qualit\u00e9 des produits.<\/p>\n<p>7. Dans les produits de boulangerie, l&rsquo;ascorbate de calcium peut am\u00e9liorer les propri\u00e9t\u00e9s de transformation de la p\u00e2te, augmenter le volume du pain et am\u00e9liorer la texture du pain.<\/p>\n<p>8. En tant que source de vitamine C, l&rsquo;ascorbate de calcium contribue \u00e0 renforcer l&rsquo;immunit\u00e9 humaine et \u00e0 r\u00e9sister au rhume et \u00e0 d&rsquo;autres maladies. On le trouve fr\u00e9quemment dans les repas fonctionnels et les produits de sant\u00e9.<\/p>\n<h2><span class=\"ez-toc-section\" id=\"Question_posee_par_lutilisateur\"><\/span>Question pos\u00e9e par l&rsquo;utilisateur :<span class=\"ez-toc-section-end\"><\/span><\/h2>\n<p>Question : Quelle est la diff\u00e9rence fonctionnelle entre l&rsquo;ascorbate de calcium et le carbonate de calcium ?<\/p>\n<p>R\u00e9ponse : L&rsquo;ascorbate de calcium et le carbonate de calcium ont une fonction et une utilisation tr\u00e8s diff\u00e9rentes. L&rsquo;ascorbate de calcium est principalement utilis\u00e9 dans les aliments et les produits de sant\u00e9. Il a de multiples fonctions telles qu&rsquo;antioxydant, fortifiant nutritionnel, conservateur et protecteur de couleur. Il fournit \u00e0 la fois de la vitamine C et du calcium. Il est souvent utilis\u00e9 dans les jus, les boissons, les produits laitiers et les aliments pour nourrissons pour renforcer l&rsquo;immunit\u00e9, favoriser la synth\u00e8se du collag\u00e8ne et l&rsquo;absorption du fer. Le carbonate de calcium est principalement utilis\u00e9 comme suppl\u00e9ment de calcium et neutralisant d&rsquo;acide. Il est largement utilis\u00e9 pour pr\u00e9venir et traiter la carence en calcium, l&rsquo;ost\u00e9oporose et soulager les sympt\u00f4mes tels que l&rsquo;exc\u00e8s d&rsquo;acide gastrique et les br\u00fblures d&rsquo;estomac.<\/p>\n<p>Le carbonate de calcium est \u00e9galement utilis\u00e9 comme mati\u00e8re premi\u00e8re industrielle pour les rev\u00eatements, les polym\u00e8res et les mat\u00e9riaux de construction, ainsi que comme ingr\u00e9dient alimentaire pour des applications telles que les agents antiagglom\u00e9rants, stabilisants et levants. En bref, les principales caract\u00e9ristiques de l&rsquo;ascorbate de calcium sont sa polyvalence et son enrichissement nutritionnel, tandis que le carbonate de calcium se caract\u00e9rise principalement par sa teneur \u00e9lev\u00e9e en calcium et sa large utilisation industrielle. Le choix du sel de calcium le plus adapt\u00e9 d\u00e9pend des situations d\u2019application et des exigences particuli\u00e8res.<\/p>\n","protected":false},"excerpt":{"rendered":"<ul>\n<li>CAS : 5743-28-2<\/li>\n<li>Formule chimique: C<sub>12<\/sub>H<sub>18<\/sub>CaO<sub>14<\/sub><\/li>\n<li>Certifications : KOSHER, ISO, HALAL, FSSC 22000, BRC, etc.<\/li>\n<li>Norme : BP2016\/USP39\/FCC10\/E302<\/li>\n<li>Quantit\u00e9 minimum de commande : 1000 kg<\/li>\n<li>Dur\u00e9e de conservation : 2 ans<\/li>\n<\/ul>\n","protected":false},"featured_media":9566,"template":"","meta":{"site-sidebar-layout":"default","site-content-layout":"","ast-site-content-layout":"default","site-content-style":"default","site-sidebar-style":"default","ast-global-header-display":"","ast-banner-title-visibility":"","ast-main-header-display":"","ast-hfb-above-header-display":"","ast-hfb-below-header-display":"","ast-hfb-mobile-header-display":"","site-post-title":"","ast-breadcrumbs-content":"","ast-featured-img":"","footer-sml-layout":"","theme-transparent-header-meta":"default","adv-header-id-meta":"","stick-header-meta":"","header-above-stick-meta":"","header-main-stick-meta":"","header-below-stick-meta":"","astra-migrate-meta-layouts":"set","ast-page-background-enabled":"default","ast-page-background-meta":{"desktop":{"background-color":"var(--ast-global-color-4)","background-image":"","background-repeat":"repeat","background-position":"center center","background-size":"auto","background-attachment":"scroll","background-type":"","background-media":"","overlay-type":"","overlay-color":"","overlay-opacity":"","overlay-gradient":""},"tablet":{"background-color":"","background-image":"","background-repeat":"repeat","background-position":"center center","background-size":"auto","background-attachment":"scroll","background-type":"","background-media":"","overlay-type":"","overlay-color":"","overlay-opacity":"","overlay-gradient":""},"mobile":{"background-color":"","background-image":"","background-repeat":"repeat","background-position":"center center","background-size":"auto","background-attachment":"scroll","background-type":"","background-media":"","overlay-type":"","overlay-color":"","overlay-opacity":"","overlay-gradient":""}},"ast-content-background-meta":{"desktop":{"background-color":"var(--ast-global-color-5)","background-image":"","background-repeat":"repeat","background-position":"center center","background-size":"auto","background-attachment":"scroll","background-type":"","background-media":"","overlay-type":"","overlay-color":"","overlay-opacity":"","overlay-gradient":""},"tablet":{"background-color":"var(--ast-global-color-5)","background-image":"","background-repeat":"repeat","background-position":"center center","background-size":"auto","background-attachment":"scroll","background-type":"","background-media":"","overlay-type":"","overlay-color":"","overlay-opacity":"","overlay-gradient":""},"mobile":{"background-color":"var(--ast-global-color-5)","background-image":"","background-repeat":"repeat","background-position":"center center","background-size":"auto","background-attachment":"scroll","background-type":"","background-media":"","overlay-type":"","overlay-color":"","overlay-opacity":"","overlay-gradient":""}}},"product_brand":[],"product_cat":[102],"product_tag":[],"class_list":{"0":"post-9564","1":"product","2":"type-product","3":"status-publish","4":"has-post-thumbnail","6":"product_cat-produit-antioxydant","7":"desktop-align-center","8":"tablet-align-left","9":"mobile-align-left","11":"first","12":"instock","13":"shipping-taxable","14":"product-type-simple"},"yoast_head":"<!-- This site is optimized with the Yoast SEO plugin v26.5 - https:\/\/yoast.com\/wordpress\/plugins\/seo\/ -->\n<title>Fournisseur d&#039;ascorbate de calcium, ascorbate de calcium poudre E302| Niranbio Chemical<\/title>\n<meta name=\"description\" content=\"Notre ascorbate de calcium E302 de qualit\u00e9 alimentaire semble \u00eatre une poudre blanche, il est plus stable que le VC et poss\u00e8de \u00e9galement des capacit\u00e9s d&#039;absorption sup\u00e9rieures.\" \/>\n<meta name=\"robots\" content=\"noindex, follow, max-snippet:-1, max-image-preview:large, max-video-preview:-1\" \/>\n<meta name=\"twitter:label1\" content=\"Dur\u00e9e de lecture estim\u00e9e\" \/>\n\t<meta name=\"twitter:data1\" content=\"4 minutes\" \/>\n<script type=\"application\/ld+json\" class=\"yoast-schema-graph\">{\"@context\":\"https:\/\/schema.org\",\"@graph\":[{\"@type\":\"WebPage\",\"@id\":\"https:\/\/theo.niranbio.com\/fr\/ascorbate-de-calcium.html\",\"url\":\"https:\/\/theo.niranbio.com\/fr\/ascorbate-de-calcium.html\",\"name\":\"Fournisseur d'ascorbate de calcium, ascorbate de calcium poudre E302| Niranbio Chemical\",\"isPartOf\":{\"@id\":\"https:\/\/theo.niranbio.com\/fr\/#website\"},\"primaryImageOfPage\":{\"@id\":\"https:\/\/theo.niranbio.com\/fr\/ascorbate-de-calcium.html#primaryimage\"},\"image\":{\"@id\":\"https:\/\/theo.niranbio.com\/fr\/ascorbate-de-calcium.html#primaryimage\"},\"thumbnailUrl\":\"https:\/\/theo.niranbio.com\/wp-content\/uploads\/2024\/06\/Calcium-Ascorbate.webp\",\"datePublished\":\"2024-06-20T02:58:28+00:00\",\"dateModified\":\"2024-08-19T05:21:38+00:00\",\"description\":\"Notre ascorbate de calcium E302 de qualit\u00e9 alimentaire semble \u00eatre une poudre blanche, il est plus stable que le VC et poss\u00e8de \u00e9galement des capacit\u00e9s d'absorption sup\u00e9rieures.\",\"breadcrumb\":{\"@id\":\"https:\/\/theo.niranbio.com\/fr\/ascorbate-de-calcium.html#breadcrumb\"},\"inLanguage\":\"fr-FR\",\"potentialAction\":[{\"@type\":\"ReadAction\",\"target\":[\"https:\/\/theo.niranbio.com\/fr\/ascorbate-de-calcium.html\"]}]},{\"@type\":\"ImageObject\",\"inLanguage\":\"fr-FR\",\"@id\":\"https:\/\/theo.niranbio.com\/fr\/ascorbate-de-calcium.html#primaryimage\",\"url\":\"https:\/\/theo.niranbio.com\/wp-content\/uploads\/2024\/06\/Calcium-Ascorbate.webp\",\"contentUrl\":\"https:\/\/theo.niranbio.com\/wp-content\/uploads\/2024\/06\/Calcium-Ascorbate.webp\",\"width\":600,\"height\":600,\"caption\":\"Ascorbate de calcium\"},{\"@type\":\"BreadcrumbList\",\"@id\":\"https:\/\/theo.niranbio.com\/fr\/ascorbate-de-calcium.html#breadcrumb\",\"itemListElement\":[{\"@type\":\"ListItem\",\"position\":1,\"name\":\"Home\",\"item\":\"https:\/\/theo.niranbio.com\/fr\/\"},{\"@type\":\"ListItem\",\"position\":2,\"name\":\"Produits\",\"item\":\"https:\/\/theo.niranbio.com\/fr\/produits.html\"},{\"@type\":\"ListItem\",\"position\":3,\"name\":\"Antioxydant\",\"item\":\"https:\/\/theo.niranbio.com\/fr\/produit-antioxydant\/\"},{\"@type\":\"ListItem\",\"position\":4,\"name\":\"Ascorbate de calcium\"}]},{\"@type\":\"WebSite\",\"@id\":\"https:\/\/theo.niranbio.com\/fr\/#website\",\"url\":\"https:\/\/theo.niranbio.com\/fr\/\",\"name\":\"Niranbio Chemical\",\"description\":\"\",\"publisher\":{\"@id\":\"https:\/\/theo.niranbio.com\/fr\/#organization\"},\"potentialAction\":[{\"@type\":\"SearchAction\",\"target\":{\"@type\":\"EntryPoint\",\"urlTemplate\":\"https:\/\/theo.niranbio.com\/fr\/?s={search_term_string}\"},\"query-input\":{\"@type\":\"PropertyValueSpecification\",\"valueRequired\":true,\"valueName\":\"search_term_string\"}}],\"inLanguage\":\"fr-FR\"},{\"@type\":\"Organization\",\"@id\":\"https:\/\/theo.niranbio.com\/fr\/#organization\",\"name\":\"Niranbio Chemical\",\"url\":\"https:\/\/theo.niranbio.com\/fr\/\",\"logo\":{\"@type\":\"ImageObject\",\"inLanguage\":\"fr-FR\",\"@id\":\"https:\/\/theo.niranbio.com\/fr\/#\/schema\/logo\/image\/\",\"url\":\"https:\/\/theo.niranbio.com\/wp-content\/uploads\/2024\/06\/Niranbio.png\",\"contentUrl\":\"https:\/\/theo.niranbio.com\/wp-content\/uploads\/2024\/06\/Niranbio.png\",\"width\":270,\"height\":100,\"caption\":\"Niranbio Chemical\"},\"image\":{\"@id\":\"https:\/\/theo.niranbio.com\/fr\/#\/schema\/logo\/image\/\"}}]}<\/script>\n<!-- \/ Yoast SEO plugin. -->","yoast_head_json":{"title":"Fournisseur d'ascorbate de calcium, ascorbate de calcium poudre E302| Niranbio Chemical","description":"Notre ascorbate de calcium E302 de qualit\u00e9 alimentaire semble \u00eatre une poudre blanche, il est plus stable que le VC et poss\u00e8de \u00e9galement des capacit\u00e9s d'absorption sup\u00e9rieures.","robots":{"index":"noindex","follow":"follow","max-snippet":"max-snippet:-1","max-image-preview":"max-image-preview:large","max-video-preview":"max-video-preview:-1"},"twitter_misc":{"Dur\u00e9e de lecture estim\u00e9e":"4 minutes"},"schema":{"@context":"https:\/\/schema.org","@graph":[{"@type":"WebPage","@id":"https:\/\/theo.niranbio.com\/fr\/ascorbate-de-calcium.html","url":"https:\/\/theo.niranbio.com\/fr\/ascorbate-de-calcium.html","name":"Fournisseur d'ascorbate de calcium, ascorbate de calcium poudre E302| Niranbio Chemical","isPartOf":{"@id":"https:\/\/theo.niranbio.com\/fr\/#website"},"primaryImageOfPage":{"@id":"https:\/\/theo.niranbio.com\/fr\/ascorbate-de-calcium.html#primaryimage"},"image":{"@id":"https:\/\/theo.niranbio.com\/fr\/ascorbate-de-calcium.html#primaryimage"},"thumbnailUrl":"https:\/\/theo.niranbio.com\/wp-content\/uploads\/2024\/06\/Calcium-Ascorbate.webp","datePublished":"2024-06-20T02:58:28+00:00","dateModified":"2024-08-19T05:21:38+00:00","description":"Notre ascorbate de calcium E302 de qualit\u00e9 alimentaire semble \u00eatre une poudre blanche, il est plus stable que le VC et poss\u00e8de \u00e9galement des capacit\u00e9s d'absorption sup\u00e9rieures.","breadcrumb":{"@id":"https:\/\/theo.niranbio.com\/fr\/ascorbate-de-calcium.html#breadcrumb"},"inLanguage":"fr-FR","potentialAction":[{"@type":"ReadAction","target":["https:\/\/theo.niranbio.com\/fr\/ascorbate-de-calcium.html"]}]},{"@type":"ImageObject","inLanguage":"fr-FR","@id":"https:\/\/theo.niranbio.com\/fr\/ascorbate-de-calcium.html#primaryimage","url":"https:\/\/theo.niranbio.com\/wp-content\/uploads\/2024\/06\/Calcium-Ascorbate.webp","contentUrl":"https:\/\/theo.niranbio.com\/wp-content\/uploads\/2024\/06\/Calcium-Ascorbate.webp","width":600,"height":600,"caption":"Ascorbate de calcium"},{"@type":"BreadcrumbList","@id":"https:\/\/theo.niranbio.com\/fr\/ascorbate-de-calcium.html#breadcrumb","itemListElement":[{"@type":"ListItem","position":1,"name":"Home","item":"https:\/\/theo.niranbio.com\/fr\/"},{"@type":"ListItem","position":2,"name":"Produits","item":"https:\/\/theo.niranbio.com\/fr\/produits.html"},{"@type":"ListItem","position":3,"name":"Antioxydant","item":"https:\/\/theo.niranbio.com\/fr\/produit-antioxydant\/"},{"@type":"ListItem","position":4,"name":"Ascorbate de calcium"}]},{"@type":"WebSite","@id":"https:\/\/theo.niranbio.com\/fr\/#website","url":"https:\/\/theo.niranbio.com\/fr\/","name":"Niranbio Chemical","description":"","publisher":{"@id":"https:\/\/theo.niranbio.com\/fr\/#organization"},"potentialAction":[{"@type":"SearchAction","target":{"@type":"EntryPoint","urlTemplate":"https:\/\/theo.niranbio.com\/fr\/?s={search_term_string}"},"query-input":{"@type":"PropertyValueSpecification","valueRequired":true,"valueName":"search_term_string"}}],"inLanguage":"fr-FR"},{"@type":"Organization","@id":"https:\/\/theo.niranbio.com\/fr\/#organization","name":"Niranbio Chemical","url":"https:\/\/theo.niranbio.com\/fr\/","logo":{"@type":"ImageObject","inLanguage":"fr-FR","@id":"https:\/\/theo.niranbio.com\/fr\/#\/schema\/logo\/image\/","url":"https:\/\/theo.niranbio.com\/wp-content\/uploads\/2024\/06\/Niranbio.png","contentUrl":"https:\/\/theo.niranbio.com\/wp-content\/uploads\/2024\/06\/Niranbio.png","width":270,"height":100,"caption":"Niranbio Chemical"},"image":{"@id":"https:\/\/theo.niranbio.com\/fr\/#\/schema\/logo\/image\/"}}]}},"_links":{"self":[{"href":"https:\/\/theo.niranbio.com\/fr\/wp-json\/wp\/v2\/product\/9564","targetHints":{"allow":["GET"]}}],"collection":[{"href":"https:\/\/theo.niranbio.com\/fr\/wp-json\/wp\/v2\/product"}],"about":[{"href":"https:\/\/theo.niranbio.com\/fr\/wp-json\/wp\/v2\/types\/product"}],"version-history":[{"count":0,"href":"https:\/\/theo.niranbio.com\/fr\/wp-json\/wp\/v2\/product\/9564\/revisions"}],"wp:featuredmedia":[{"embeddable":true,"href":"https:\/\/theo.niranbio.com\/fr\/wp-json\/wp\/v2\/media\/9566"}],"wp:attachment":[{"href":"https:\/\/theo.niranbio.com\/fr\/wp-json\/wp\/v2\/media?parent=9564"}],"wp:term":[{"taxonomy":"product_brand","embeddable":true,"href":"https:\/\/theo.niranbio.com\/fr\/wp-json\/wp\/v2\/product_brand?post=9564"},{"taxonomy":"product_cat","embeddable":true,"href":"https:\/\/theo.niranbio.com\/fr\/wp-json\/wp\/v2\/product_cat?post=9564"},{"taxonomy":"product_tag","embeddable":true,"href":"https:\/\/theo.niranbio.com\/fr\/wp-json\/wp\/v2\/product_tag?post=9564"}],"curies":[{"name":"wp","href":"https:\/\/api.w.org\/{rel}","templated":true}]}}