{"id":9555,"date":"2024-06-20T10:23:05","date_gmt":"2024-06-20T02:23:05","guid":{"rendered":"https:\/\/theo.niranbio.com\/stearate-de-magnesium\/"},"modified":"2024-08-13T17:36:58","modified_gmt":"2024-08-13T09:36:58","slug":"stearate-de-magnesium","status":"publish","type":"product","link":"https:\/\/theo.niranbio.com\/fr\/stearate-de-magnesium.html","title":{"rendered":"St\u00e9arate de magn\u00e9sium de qualit\u00e9 alimentaire"},"content":{"rendered":"<h2><span class=\"ez-toc-section\" id=\"Quest-ce_que_le_stearate_de_magnesium\"><\/span>Qu&rsquo;est-ce que le st\u00e9arate de magn\u00e9sium ?<span class=\"ez-toc-section-end\"><\/span><\/h2>\n<p>Le st\u00e9arate de magn\u00e9sium est un compos\u00e9 organique qui se pr\u00e9sente sous la forme d&rsquo;une fine poudre blanche sans sable. Principalement utilis\u00e9 comme \u00e9paississant dans l&rsquo;industrie alimentaire, il est gras au contact de la peau et insoluble dans l&rsquo;eau, l&rsquo;\u00e9thanol ou l&rsquo;\u00e9ther.<\/p>\n<p>Le st\u00e9arate de magn\u00e9sium est principalement produit en Chine en neutralisant les acides gras avec des sels de magn\u00e9sium dans des conditions appropri\u00e9es, en s\u00e9parant et en purifiant le st\u00e9arate de magn\u00e9sium obtenu, ce qui comprend \u00e9galement des \u00e9tapes de filtrage, de lavage et de s\u00e9chage pour \u00e9liminer les mati\u00e8res premi\u00e8res n&rsquo;ayant pas r\u00e9agi et d&rsquo;autres impuret\u00e9s, puis en \u00e9crasant le st\u00e9arate de magn\u00e9sium purifi\u00e9 pour obtenir la poudre de st\u00e9arate de magn\u00e9sium finie.<\/p>\n<h2><span class=\"ez-toc-section\" id=\"Parametres_associes\"><\/span>Param\u00e8tres associ\u00e9s :<span class=\"ez-toc-section-end\"><\/span><\/h2>\n<table>\n<tbody>\n<tr>\n<td><strong>POINTS<\/strong><\/td>\n<td><strong>SPECIFICATION<\/strong><\/td>\n<\/tr>\n<tr>\n<td>Identification A<\/td>\n<td>Les tests pour le magn\u00e9sium<\/td>\n<\/tr>\n<tr>\n<td>Identification B<\/td>\n<td>conforme<\/td>\n<\/tr>\n<tr>\n<td>Acidit\u00e9 ou alcalinit\u00e9<\/td>\n<td>conforme<\/td>\n<\/tr>\n<tr>\n<td>Perte au s\u00e9chage<\/td>\n<td>\u22646.0%<\/td>\n<\/tr>\n<tr>\n<td>Chlorure<\/td>\n<td>\u22640.1%<\/td>\n<\/tr>\n<tr>\n<td>Sulfates<\/td>\n<td>\u22641.0%<\/td>\n<\/tr>\n<tr>\n<td>Plomb<\/td>\n<td>\u226410ppm<\/td>\n<\/tr>\n<tr>\n<td>Cadmium<\/td>\n<td>\u22643ppm<\/td>\n<\/tr>\n<tr>\n<td>Nickel<\/td>\n<td>\u22645ppm<\/td>\n<\/tr>\n<tr>\n<td>Acide st\u00e9arique<\/td>\n<td>\u226540.0%<\/td>\n<\/tr>\n<tr>\n<td>Acide st\u00e9arique&amp;Acide palmitique<\/td>\n<td>\u226590.0%<\/td>\n<\/tr>\n<tr>\n<td>Dosage (Mg)<\/td>\n<td>4.0-5%-5.0%<\/td>\n<\/tr>\n<tr>\n<td>TAMC<\/td>\n<td>\u22641000CFU\/g<\/td>\n<\/tr>\n<tr>\n<td>TYMC<\/td>\n<td>\u2264500CFU\/g<\/td>\n<\/tr>\n<tr>\n<td>Escherichia coli<\/td>\n<td>Absent<\/td>\n<\/tr>\n<tr>\n<td>Esp\u00e8ces de salmonelles<\/td>\n<td>Absent<\/td>\n<\/tr>\n<\/tbody>\n<\/table>\n<h2><span class=\"ez-toc-section\" id=\"Dosage_recommande\"><\/span>Dosage recommand\u00e9 :<span class=\"ez-toc-section-end\"><\/span><\/h2>\n<table>\n<tbody>\n<tr>\n<td><strong>Nom de l&rsquo;aliment<\/strong><\/td>\n<td><strong>Utilisation maximale (g\/kg)<\/strong><\/td>\n<\/tr>\n<tr>\n<td>Cr\u00e8me<\/td>\n<td>1-5 g\/kg<\/td>\n<\/tr>\n<tr>\n<td>Cr\u00e8me glac\u00e9e<\/td>\n<td>1-3 g\/kg<\/td>\n<\/tr>\n<tr>\n<td>Fromage<\/td>\n<td>2-5<\/td>\n<\/tr>\n<tr>\n<td>Pain<\/td>\n<td>1-3<\/td>\n<\/tr>\n<tr>\n<td>Biscuits et g\u00e2teaux<\/td>\n<td>2-5<\/td>\n<\/tr>\n<tr>\n<td>Produits \u00e0 base de chocolat<\/td>\n<td>2-6<\/td>\n<\/tr>\n<tr>\n<td>Bonbons durs et mous<\/td>\n<td>1-3<\/td>\n<\/tr>\n<tr>\n<td>Enrobage au chocolat<\/td>\n<td>3-5<\/td>\n<\/tr>\n<tr>\n<td>Assaisonnements de salades et cornichons<\/td>\n<td>2-5<\/td>\n<\/tr>\n<tr>\n<td>Sauces<\/td>\n<td>1-3<\/td>\n<\/tr>\n<tr>\n<td>Aliments en conserve<\/td>\n<td>1-4<\/td>\n<\/tr>\n<tr>\n<td>Saucisses et jambon<\/td>\n<td>1-3<\/td>\n<\/tr>\n<tr>\n<td>Produits carn\u00e9s transform\u00e9s<\/td>\n<td>2-4<\/td>\n<\/tr>\n<tr>\n<td>Boissons lact\u00e9es<\/td>\n<td>1-4<\/td>\n<\/tr>\n<tr>\n<td>Boissons gazeuses<\/td>\n<td>1-3<\/td>\n<\/tr>\n<tr>\n<td>Boissons au jus de fruit<\/td>\n<td>1-3<\/td>\n<\/tr>\n<\/tbody>\n<\/table>\n<h2><span class=\"ez-toc-section\" id=\"Le_stearate_de_magnesium_a_une_large_gamme_dutilisations\"><\/span>Le st\u00e9arate de magn\u00e9sium a une large gamme d&rsquo;utilisations<span class=\"ez-toc-section-end\"><\/span><\/h2>\n<ol>\n<li>Lubrifiant : Le st\u00e9arate de magn\u00e9sium est souvent utilis\u00e9 dans la transformation des aliments en raison de ses excellentes propri\u00e9t\u00e9s lubrifiantes, notamment pour emp\u00eacher les aliments de coller et am\u00e9liorer l&rsquo;efficacit\u00e9 de la production.<\/li>\n<li>Agent anti-adh\u00e9rent : Dans la production de bonbons tels que les bonbons et le chocolat, le st\u00e9arate de magn\u00e9sium en tant qu&rsquo;agent anti-adh\u00e9rent peut emp\u00eacher efficacement l&rsquo;adh\u00e9rence entre les aliments et les moules ou les emballages, et maintenir l&rsquo;int\u00e9grit\u00e9 et l&rsquo;apparence des aliments.<\/li>\n<li>Stabilisateur : Le st\u00e9arate de magn\u00e9sium peut \u00eatre utilis\u00e9 comme stabilisateur pour aider \u00e0 am\u00e9liorer la texture et le go\u00fbt des aliments, et dans des produits tels que les produits laitiers, le pain et les biscuits, il aide \u00e0 prolonger la dur\u00e9e de conservation et \u00e0 maintenir une bonne qualit\u00e9.<\/li>\n<li>Agent de d\u00e9moulage : Dans la fabrication de produits de boulangerie tels que les g\u00e2teaux et les biscuits, le st\u00e9arate de magn\u00e9sium est utilis\u00e9 comme agent de d\u00e9moulage pour aider \u00e0 retirer facilement le produit fini du moule et \u00e0 maintenir l&rsquo;int\u00e9grit\u00e9 et l&rsquo;apparence du produit.<\/li>\n<li>Agent anti-agglom\u00e9rant : Le st\u00e9arate de magn\u00e9sium peut \u00e9galement \u00eatre utilis\u00e9 comme agent anti-agglom\u00e9rant pour emp\u00eacher les particules des aliments de s&rsquo;agglom\u00e9rer pendant le traitement et le stockage, et maintenir la texture et le go\u00fbt uniformes des aliments.<\/li>\n<li>\u00c9paississant : Le st\u00e9arate de magn\u00e9sium agit \u00e9galement comme \u00e9paississant dans certains aliments, en particulier dans les aliments gras tels que le chocolat, les sauces et les soupes condens\u00e9es, ce qui peut augmenter leur viscosit\u00e9 et leur go\u00fbt et am\u00e9liorer la texture des aliments.<\/li>\n<\/ol>\n<h2><span class=\"ez-toc-section\" id=\"Question_posee_par_lutilisateur\"><\/span>Question pos\u00e9e par l&rsquo;utilisateur :<span class=\"ez-toc-section-end\"><\/span><\/h2>\n<p>Question : L&rsquo;ingestion de st\u00e9arate de magn\u00e9sium peut-elle avoir des effets n\u00e9gatifs sur la sant\u00e9 ?<\/p>\n<p>R\u00e9ponse : Le st\u00e9arate de magn\u00e9sium est un additif alimentaire couramment utilis\u00e9, principalement pour am\u00e9liorer les caract\u00e9ristiques de transformation et la qualit\u00e9 des aliments, comme l&rsquo;am\u00e9lioration de la lubrification, la pr\u00e9vention de l&rsquo;adh\u00e9rence et l&rsquo;augmentation de la stabilit\u00e9. En g\u00e9n\u00e9ral, le st\u00e9arate de magn\u00e9sium peut \u00eatre utilis\u00e9 en toute s\u00e9curit\u00e9 selon la dose recommand\u00e9e et n&rsquo;aura pas d&rsquo;effets ind\u00e9sirables sur la plupart des corps humains. Une consommation excessive, cependant, peut entra\u00eener des troubles gastro-intestinaux d\u00e9sagr\u00e9ables comme des maux d&rsquo;estomac ou une diarrh\u00e9e.<\/p>\n<p>Question : Puis-je prendre du st\u00e9arate de magn\u00e9sium avec du glycinate de magn\u00e9sium ?<\/p>\n<p>R\u00e9ponse : Le st\u00e9arate de magn\u00e9sium et le glycinate de magn\u00e9sium sont tous deux des suppl\u00e9ments de magn\u00e9sium courants qui sont souvent utilis\u00e9s pour traiter une carence en magn\u00e9sium ou augmenter l&rsquo;apport en magn\u00e9sium. Ils sont g\u00e9n\u00e9ralement s\u00fbrs et peuvent \u00eatre utilis\u00e9s ensemble. Mais il est pr\u00e9f\u00e9rable de consulter un m\u00e9decin ou un pharmacien avant de l&rsquo;utiliser pour vous assurer de son ad\u00e9quation et de sa s\u00e9curit\u00e9 dans votre situation personnelle. Ils peuvent vous aider \u00e0 d\u00e9terminer le dosage appropri\u00e9 et les interactions possibles.<\/p>\n","protected":false},"excerpt":{"rendered":"<ul>\n<li>CAS: 557-04-0<\/li>\n<li>Formule chimique: C<sub>36<\/sub>H<sub>70<\/sub>MgO<sub>4<\/sub><\/li>\n<li>Certifications : KOSHER, ISO, HALAL, FSSC 22000, BRC, etc.<\/li>\n<li>Norme : USP<\/li>\n<li>Quantit\u00e9 minimum de commande : 1000 kg<\/li>\n<li>Dur\u00e9e de conservation : 2 ans<\/li>\n<\/ul>\n","protected":false},"featured_media":9556,"template":"","meta":{"site-sidebar-layout":"default","site-content-layout":"","ast-site-content-layout":"default","site-content-style":"default","site-sidebar-style":"default","ast-global-header-display":"","ast-banner-title-visibility":"","ast-main-header-display":"","ast-hfb-above-header-display":"","ast-hfb-below-header-display":"","ast-hfb-mobile-header-display":"","site-post-title":"","ast-breadcrumbs-content":"","ast-featured-img":"","footer-sml-layout":"","theme-transparent-header-meta":"default","adv-header-id-meta":"","stick-header-meta":"","header-above-stick-meta":"","header-main-stick-meta":"","header-below-stick-meta":"","astra-migrate-meta-layouts":"set","ast-page-background-enabled":"default","ast-page-background-meta":{"desktop":{"background-color":"var(--ast-global-color-4)","background-image":"","background-repeat":"repeat","background-position":"center center","background-size":"auto","background-attachment":"scroll","background-type":"","background-media":"","overlay-type":"","overlay-color":"","overlay-opacity":"","overlay-gradient":""},"tablet":{"background-color":"","background-image":"","background-repeat":"repeat","background-position":"center center","background-size":"auto","background-attachment":"scroll","background-type":"","background-media":"","overlay-type":"","overlay-color":"","overlay-opacity":"","overlay-gradient":""},"mobile":{"background-color":"","background-image":"","background-repeat":"repeat","background-position":"center center","background-size":"auto","background-attachment":"scroll","background-type":"","background-media":"","overlay-type":"","overlay-color":"","overlay-opacity":"","overlay-gradient":""}},"ast-content-background-meta":{"desktop":{"background-color":"var(--ast-global-color-5)","background-image":"","background-repeat":"repeat","background-position":"center center","background-size":"auto","background-attachment":"scroll","background-type":"","background-media":"","overlay-type":"","overlay-color":"","overlay-opacity":"","overlay-gradient":""},"tablet":{"background-color":"var(--ast-global-color-5)","background-image":"","background-repeat":"repeat","background-position":"center center","background-size":"auto","background-attachment":"scroll","background-type":"","background-media":"","overlay-type":"","overlay-color":"","overlay-opacity":"","overlay-gradient":""},"mobile":{"background-color":"var(--ast-global-color-5)","background-image":"","background-repeat":"repeat","background-position":"center center","background-size":"auto","background-attachment":"scroll","background-type":"","background-media":"","overlay-type":"","overlay-color":"","overlay-opacity":"","overlay-gradient":""}}},"product_brand":[],"product_cat":[112],"product_tag":[],"class_list":{"0":"post-9555","1":"product","2":"type-product","3":"status-publish","4":"has-post-thumbnail","6":"product_cat-produit-epaississant","7":"desktop-align-center","8":"tablet-align-left","9":"mobile-align-left","11":"first","12":"instock","13":"shipping-taxable","14":"product-type-simple"},"yoast_head":"<!-- This site is optimized with the Yoast SEO plugin v26.5 - https:\/\/yoast.com\/wordpress\/plugins\/seo\/ -->\n<title>Fabricant de st\u00e9arate de magn\u00e9sium, prix de la poudre de st\u00e9arate de magn\u00e9sium E470b | Niranbio Chemical<\/title>\n<meta name=\"description\" content=\"Achetez du st\u00e9arate de magn\u00e9sium de qualit\u00e9 alimentaire chez Niran, notre st\u00e9arate de magn\u00e9sium E470b est un compos\u00e9 organique qui se pr\u00e9sente sous la forme d&#039;une fine poudre blanche sans sable.\" \/>\n<meta name=\"robots\" content=\"noindex, follow, max-snippet:-1, max-image-preview:large, max-video-preview:-1\" \/>\n<meta name=\"twitter:label1\" content=\"Dur\u00e9e de lecture estim\u00e9e\" \/>\n\t<meta name=\"twitter:data1\" content=\"4 minutes\" \/>\n<script type=\"application\/ld+json\" class=\"yoast-schema-graph\">{\"@context\":\"https:\/\/schema.org\",\"@graph\":[{\"@type\":\"WebPage\",\"@id\":\"https:\/\/theo.niranbio.com\/fr\/stearate-de-magnesium.html\",\"url\":\"https:\/\/theo.niranbio.com\/fr\/stearate-de-magnesium.html\",\"name\":\"Fabricant de st\u00e9arate de magn\u00e9sium, prix de la poudre de st\u00e9arate de magn\u00e9sium E470b | Niranbio Chemical\",\"isPartOf\":{\"@id\":\"https:\/\/theo.niranbio.com\/fr\/#website\"},\"primaryImageOfPage\":{\"@id\":\"https:\/\/theo.niranbio.com\/fr\/stearate-de-magnesium.html#primaryimage\"},\"image\":{\"@id\":\"https:\/\/theo.niranbio.com\/fr\/stearate-de-magnesium.html#primaryimage\"},\"thumbnailUrl\":\"https:\/\/theo.niranbio.com\/wp-content\/uploads\/2024\/06\/Magnesium-stearate-food-grade.webp\",\"datePublished\":\"2024-06-20T02:23:05+00:00\",\"dateModified\":\"2024-08-13T09:36:58+00:00\",\"description\":\"Achetez du st\u00e9arate de magn\u00e9sium de qualit\u00e9 alimentaire chez Niran, notre st\u00e9arate de magn\u00e9sium E470b est un compos\u00e9 organique qui se pr\u00e9sente sous la forme d'une fine poudre blanche sans sable.\",\"breadcrumb\":{\"@id\":\"https:\/\/theo.niranbio.com\/fr\/stearate-de-magnesium.html#breadcrumb\"},\"inLanguage\":\"fr-FR\",\"potentialAction\":[{\"@type\":\"ReadAction\",\"target\":[\"https:\/\/theo.niranbio.com\/fr\/stearate-de-magnesium.html\"]}]},{\"@type\":\"ImageObject\",\"inLanguage\":\"fr-FR\",\"@id\":\"https:\/\/theo.niranbio.com\/fr\/stearate-de-magnesium.html#primaryimage\",\"url\":\"https:\/\/theo.niranbio.com\/wp-content\/uploads\/2024\/06\/Magnesium-stearate-food-grade.webp\",\"contentUrl\":\"https:\/\/theo.niranbio.com\/wp-content\/uploads\/2024\/06\/Magnesium-stearate-food-grade.webp\",\"width\":600,\"height\":600,\"caption\":\"St\u00e9arate de magn\u00e9sium de qualit\u00e9 alimentaire\"},{\"@type\":\"BreadcrumbList\",\"@id\":\"https:\/\/theo.niranbio.com\/fr\/stearate-de-magnesium.html#breadcrumb\",\"itemListElement\":[{\"@type\":\"ListItem\",\"position\":1,\"name\":\"Home\",\"item\":\"https:\/\/theo.niranbio.com\/fr\/\"},{\"@type\":\"ListItem\",\"position\":2,\"name\":\"Produits\",\"item\":\"https:\/\/theo.niranbio.com\/fr\/produits.html\"},{\"@type\":\"ListItem\",\"position\":3,\"name\":\"\u00c9paississant\",\"item\":\"https:\/\/theo.niranbio.com\/fr\/produit-epaississant\/\"},{\"@type\":\"ListItem\",\"position\":4,\"name\":\"St\u00e9arate de magn\u00e9sium de qualit\u00e9 alimentaire\"}]},{\"@type\":\"WebSite\",\"@id\":\"https:\/\/theo.niranbio.com\/fr\/#website\",\"url\":\"https:\/\/theo.niranbio.com\/fr\/\",\"name\":\"Niranbio Chemical\",\"description\":\"\",\"publisher\":{\"@id\":\"https:\/\/theo.niranbio.com\/fr\/#organization\"},\"potentialAction\":[{\"@type\":\"SearchAction\",\"target\":{\"@type\":\"EntryPoint\",\"urlTemplate\":\"https:\/\/theo.niranbio.com\/fr\/?s={search_term_string}\"},\"query-input\":{\"@type\":\"PropertyValueSpecification\",\"valueRequired\":true,\"valueName\":\"search_term_string\"}}],\"inLanguage\":\"fr-FR\"},{\"@type\":\"Organization\",\"@id\":\"https:\/\/theo.niranbio.com\/fr\/#organization\",\"name\":\"Niranbio Chemical\",\"url\":\"https:\/\/theo.niranbio.com\/fr\/\",\"logo\":{\"@type\":\"ImageObject\",\"inLanguage\":\"fr-FR\",\"@id\":\"https:\/\/theo.niranbio.com\/fr\/#\/schema\/logo\/image\/\",\"url\":\"https:\/\/theo.niranbio.com\/wp-content\/uploads\/2024\/06\/Niranbio.png\",\"contentUrl\":\"https:\/\/theo.niranbio.com\/wp-content\/uploads\/2024\/06\/Niranbio.png\",\"width\":270,\"height\":100,\"caption\":\"Niranbio Chemical\"},\"image\":{\"@id\":\"https:\/\/theo.niranbio.com\/fr\/#\/schema\/logo\/image\/\"}}]}<\/script>\n<!-- \/ Yoast SEO plugin. -->","yoast_head_json":{"title":"Fabricant de st\u00e9arate de magn\u00e9sium, prix de la poudre de st\u00e9arate de magn\u00e9sium E470b | Niranbio Chemical","description":"Achetez du st\u00e9arate de magn\u00e9sium de qualit\u00e9 alimentaire chez Niran, notre st\u00e9arate de magn\u00e9sium E470b est un compos\u00e9 organique qui se pr\u00e9sente sous la forme d'une fine poudre blanche sans sable.","robots":{"index":"noindex","follow":"follow","max-snippet":"max-snippet:-1","max-image-preview":"max-image-preview:large","max-video-preview":"max-video-preview:-1"},"twitter_misc":{"Dur\u00e9e de lecture estim\u00e9e":"4 minutes"},"schema":{"@context":"https:\/\/schema.org","@graph":[{"@type":"WebPage","@id":"https:\/\/theo.niranbio.com\/fr\/stearate-de-magnesium.html","url":"https:\/\/theo.niranbio.com\/fr\/stearate-de-magnesium.html","name":"Fabricant de st\u00e9arate de magn\u00e9sium, prix de la poudre de st\u00e9arate de magn\u00e9sium E470b | Niranbio Chemical","isPartOf":{"@id":"https:\/\/theo.niranbio.com\/fr\/#website"},"primaryImageOfPage":{"@id":"https:\/\/theo.niranbio.com\/fr\/stearate-de-magnesium.html#primaryimage"},"image":{"@id":"https:\/\/theo.niranbio.com\/fr\/stearate-de-magnesium.html#primaryimage"},"thumbnailUrl":"https:\/\/theo.niranbio.com\/wp-content\/uploads\/2024\/06\/Magnesium-stearate-food-grade.webp","datePublished":"2024-06-20T02:23:05+00:00","dateModified":"2024-08-13T09:36:58+00:00","description":"Achetez du st\u00e9arate de magn\u00e9sium de qualit\u00e9 alimentaire chez Niran, notre st\u00e9arate de magn\u00e9sium E470b est un compos\u00e9 organique qui se pr\u00e9sente sous la forme d'une fine poudre blanche sans sable.","breadcrumb":{"@id":"https:\/\/theo.niranbio.com\/fr\/stearate-de-magnesium.html#breadcrumb"},"inLanguage":"fr-FR","potentialAction":[{"@type":"ReadAction","target":["https:\/\/theo.niranbio.com\/fr\/stearate-de-magnesium.html"]}]},{"@type":"ImageObject","inLanguage":"fr-FR","@id":"https:\/\/theo.niranbio.com\/fr\/stearate-de-magnesium.html#primaryimage","url":"https:\/\/theo.niranbio.com\/wp-content\/uploads\/2024\/06\/Magnesium-stearate-food-grade.webp","contentUrl":"https:\/\/theo.niranbio.com\/wp-content\/uploads\/2024\/06\/Magnesium-stearate-food-grade.webp","width":600,"height":600,"caption":"St\u00e9arate de magn\u00e9sium de qualit\u00e9 alimentaire"},{"@type":"BreadcrumbList","@id":"https:\/\/theo.niranbio.com\/fr\/stearate-de-magnesium.html#breadcrumb","itemListElement":[{"@type":"ListItem","position":1,"name":"Home","item":"https:\/\/theo.niranbio.com\/fr\/"},{"@type":"ListItem","position":2,"name":"Produits","item":"https:\/\/theo.niranbio.com\/fr\/produits.html"},{"@type":"ListItem","position":3,"name":"\u00c9paississant","item":"https:\/\/theo.niranbio.com\/fr\/produit-epaississant\/"},{"@type":"ListItem","position":4,"name":"St\u00e9arate de magn\u00e9sium de qualit\u00e9 alimentaire"}]},{"@type":"WebSite","@id":"https:\/\/theo.niranbio.com\/fr\/#website","url":"https:\/\/theo.niranbio.com\/fr\/","name":"Niranbio Chemical","description":"","publisher":{"@id":"https:\/\/theo.niranbio.com\/fr\/#organization"},"potentialAction":[{"@type":"SearchAction","target":{"@type":"EntryPoint","urlTemplate":"https:\/\/theo.niranbio.com\/fr\/?s={search_term_string}"},"query-input":{"@type":"PropertyValueSpecification","valueRequired":true,"valueName":"search_term_string"}}],"inLanguage":"fr-FR"},{"@type":"Organization","@id":"https:\/\/theo.niranbio.com\/fr\/#organization","name":"Niranbio Chemical","url":"https:\/\/theo.niranbio.com\/fr\/","logo":{"@type":"ImageObject","inLanguage":"fr-FR","@id":"https:\/\/theo.niranbio.com\/fr\/#\/schema\/logo\/image\/","url":"https:\/\/theo.niranbio.com\/wp-content\/uploads\/2024\/06\/Niranbio.png","contentUrl":"https:\/\/theo.niranbio.com\/wp-content\/uploads\/2024\/06\/Niranbio.png","width":270,"height":100,"caption":"Niranbio Chemical"},"image":{"@id":"https:\/\/theo.niranbio.com\/fr\/#\/schema\/logo\/image\/"}}]}},"_links":{"self":[{"href":"https:\/\/theo.niranbio.com\/fr\/wp-json\/wp\/v2\/product\/9555","targetHints":{"allow":["GET"]}}],"collection":[{"href":"https:\/\/theo.niranbio.com\/fr\/wp-json\/wp\/v2\/product"}],"about":[{"href":"https:\/\/theo.niranbio.com\/fr\/wp-json\/wp\/v2\/types\/product"}],"version-history":[{"count":0,"href":"https:\/\/theo.niranbio.com\/fr\/wp-json\/wp\/v2\/product\/9555\/revisions"}],"wp:featuredmedia":[{"embeddable":true,"href":"https:\/\/theo.niranbio.com\/fr\/wp-json\/wp\/v2\/media\/9556"}],"wp:attachment":[{"href":"https:\/\/theo.niranbio.com\/fr\/wp-json\/wp\/v2\/media?parent=9555"}],"wp:term":[{"taxonomy":"product_brand","embeddable":true,"href":"https:\/\/theo.niranbio.com\/fr\/wp-json\/wp\/v2\/product_brand?post=9555"},{"taxonomy":"product_cat","embeddable":true,"href":"https:\/\/theo.niranbio.com\/fr\/wp-json\/wp\/v2\/product_cat?post=9555"},{"taxonomy":"product_tag","embeddable":true,"href":"https:\/\/theo.niranbio.com\/fr\/wp-json\/wp\/v2\/product_tag?post=9555"}],"curies":[{"name":"wp","href":"https:\/\/api.w.org\/{rel}","templated":true}]}}