{"id":9554,"date":"2024-06-20T10:59:50","date_gmt":"2024-06-20T02:59:50","guid":{"rendered":"https:\/\/theo.niranbio.com\/acide-ascorbique\/"},"modified":"2024-08-19T13:17:21","modified_gmt":"2024-08-19T05:17:21","slug":"acide-ascorbique","status":"publish","type":"product","link":"https:\/\/theo.niranbio.com\/fr\/acide-ascorbique-e300.html","title":{"rendered":"Acide ascorbique"},"content":{"rendered":"<h2><span class=\"ez-toc-section\" id=\"Quest-ce_que_lacide_ascorbique\"><\/span>Qu&rsquo;est-ce que l&rsquo;acide ascorbique ?<span class=\"ez-toc-section-end\"><\/span><\/h2>\n<p>L&rsquo;acide ascorbique, ou vitamine C ou VC, est une vitamine hydrosoluble. Il a de fortes qualit\u00e9s r\u00e9ductrices, est inodore, acide et se pr\u00e9sente sous la forme d&rsquo;une poudre cristalline blanche qui se dissout facilement dans l&rsquo;eau. Il peut \u00eatre utilis\u00e9 dans le secteur alimentaire comme compl\u00e9ment nutritionnel et antioxydant. Il existe trois principaux proc\u00e9d\u00e9s de pr\u00e9paration de l&rsquo;acide ascorbique en Chine :<\/p>\n<p>1. Convertir l&rsquo;amidon (g\u00e9n\u00e9ralement l&rsquo;amidon de ma\u00efs) en D-sorbitol par fermentation microbienne, puis le convertir en acide 2-c\u00e9to-L-gulonique, et enfin en acide ascorbique. Ce proc\u00e9d\u00e9 est relativement mature, efficace et relativement peu co\u00fbteux. L&rsquo;acide ascorbique qui peut \u00eatre produit est d&rsquo;une grande puret\u00e9 et convient \u00e0 la production industrielle \u00e0 grande \u00e9chelle.<\/p>\n<p>2. Convertir le D-glucose en acide 2,5-dic\u00e9to-D-gluconique par fermentation microbienne, puis le convertir en acide ascorbique par des r\u00e9actions complexes. Les \u00e9tapes du processus sont relativement complexes et le co\u00fbt est relativement \u00e9lev\u00e9.<\/p>\n<p>3. Utiliser des micro-organismes g\u00e9n\u00e9tiquement modifi\u00e9s pour fermenter directement le glucose afin de produire de l&rsquo;acide ascorbique. Cependant, ce proc\u00e9d\u00e9 pr\u00e9sente une efficacit\u00e9 de production et des avantages environnementaux extr\u00eamement \u00e9lev\u00e9s, mais il pr\u00e9sente des exigences techniques \u00e9lev\u00e9es et est encore en phase de d\u00e9veloppement et d&rsquo;optimisation.<\/p>\n<h2><span class=\"ez-toc-section\" id=\"Parametres_associes\"><\/span>Param\u00e8tres associ\u00e9s :<span class=\"ez-toc-section-end\"><\/span><\/h2>\n<table>\n<tbody>\n<tr>\n<td><strong>Articles<\/strong><\/td>\n<td><strong>Sp\u00e9cification<\/strong><\/td>\n<\/tr>\n<tr>\n<td>Point de fusion<\/td>\n<td>Environ 190\u00b0C<\/td>\n<\/tr>\n<tr>\n<td>Rotation sp\u00e9cifique<\/td>\n<td>+20.5\u00b0~+21.5\u00b0<\/td>\n<\/tr>\n<tr>\n<td rowspan=\"2\">Acidit\u00e9 (pH)<\/td>\n<td>2,1~2,6 (solution aqueuse \u00e0 5%)<\/td>\n<\/tr>\n<tr>\n<td>2,4~2,8 (solution aqueuse \u00e0 2%)<\/td>\n<\/tr>\n<tr>\n<td>Essai<\/td>\n<td>99.0~100%~100.5%<\/td>\n<\/tr>\n<tr>\n<td>Perte au s\u00e9chage<\/td>\n<td>\u22640.40%<\/td>\n<\/tr>\n<tr>\n<td>Acide oxalique<\/td>\n<td>\u22640.3%<\/td>\n<\/tr>\n<tr>\n<td rowspan=\"4\">Substance apparent\u00e9e<\/td>\n<td>Impuret\u00e9 C:\u22640,15%<\/td>\n<\/tr>\n<tr>\n<td>Impuret\u00e9 D:\u22640.15%<\/td>\n<\/tr>\n<tr>\n<td>Impuret\u00e9s non sp\u00e9cifi\u00e9es : \u22640,10%.<\/td>\n<\/tr>\n<tr>\n<td>Impuret\u00e9s totales autres que C\u3001D:\u22640,2%.<\/td>\n<\/tr>\n<tr>\n<td>M\u00e9taux lourds<\/td>\n<td>\u226410ppm<\/td>\n<\/tr>\n<tr>\n<td>Arsenic<\/td>\n<td>\u22643ppm<\/td>\n<\/tr>\n<tr>\n<td>Plomb<\/td>\n<td>\u22642ppm<\/td>\n<\/tr>\n<tr>\n<td>Mercure<\/td>\n<td>\u22641ppm<\/td>\n<\/tr>\n<tr>\n<td>Cuivre<\/td>\n<td>\u22645ppm<\/td>\n<\/tr>\n<tr>\n<td>Fer<\/td>\n<td>\u22642ppm<\/td>\n<\/tr>\n<tr>\n<td>Cendres sulfat\u00e9es<\/td>\n<td>\u22640.1%<\/td>\n<\/tr>\n<tr>\n<td>Clart\u00e9 de la solution<\/td>\n<td>Clair<\/td>\n<\/tr>\n<tr>\n<td>Couleur de la solution<\/td>\n<td>\u2264BY<\/td>\n<\/tr>\n<tr>\n<td>Solvants r\u00e9siduels<\/td>\n<td>M\u00e9thanol\u22640,3<\/td>\n<\/tr>\n<\/tbody>\n<\/table>\n<h2><span class=\"ez-toc-section\" id=\"Dosage_recommande\"><\/span>Dosage recommand\u00e9 :<span class=\"ez-toc-section-end\"><\/span><\/h2>\n<table>\n<tbody>\n<tr>\n<td><strong>Nom de l&rsquo;aliment<\/strong><\/td>\n<td><strong>Utilisation maximale (g\/kg)<\/strong><\/td>\n<\/tr>\n<tr>\n<td>Boissons \u00e0 base de jus de fruits<\/td>\n<td>0,2-0,5 g\/kg<\/td>\n<\/tr>\n<tr>\n<td>Boissons gazeuses<\/td>\n<td>0,2-0,5 g\/kg<\/td>\n<\/tr>\n<tr>\n<td>Confiture<\/td>\n<td>0,3-0,8 g\/kg<\/td>\n<\/tr>\n<tr>\n<td>Gel\u00e9e<\/td>\n<td>0,5-1,0 g\/kg<\/td>\n<\/tr>\n<tr>\n<td>Fruits en conserve<\/td>\n<td>0,2-0,5 g\/kg<\/td>\n<\/tr>\n<tr>\n<td>Aliments marin\u00e9s<\/td>\n<td>0,5-1,0 g\/kg<\/td>\n<\/tr>\n<tr>\n<td>Produits \u00e0 base de viande<\/td>\n<td>0,2-0,5 g\/kg<\/td>\n<\/tr>\n<tr>\n<td>Saucisses<\/td>\n<td>0,3-0,8 g\/kg<\/td>\n<\/tr>\n<tr>\n<td>Jambon<\/td>\n<td>0,2-0,5 g\/kg<\/td>\n<\/tr>\n<tr>\n<td>Produits laitiers<\/td>\n<td>0,1-0,3 g\/kg<\/td>\n<\/tr>\n<tr>\n<td>Yaourt<\/td>\n<td>0,1-0,3 g\/kg<\/td>\n<\/tr>\n<tr>\n<td>Pain<\/td>\n<td>0,1-0,5 g\/kg<\/td>\n<\/tr>\n<tr>\n<td>Bonbons<\/td>\n<td>0,5-1,0 g\/kg<\/td>\n<\/tr>\n<tr>\n<td>Vinaigrette<\/td>\n<td>0,2-0,5 g\/kg<\/td>\n<\/tr>\n<\/tbody>\n<\/table>\n<h2><span class=\"ez-toc-section\" id=\"Lacide_ascorbique_a_une_large_gamme_dutilisations\"><\/span>L&rsquo;acide ascorbique a une large gamme d&rsquo;utilisations<span class=\"ez-toc-section-end\"><\/span><\/h2>\n<p>1. Antioxydant : En tant qu&rsquo;antioxydant puissant, l&rsquo;acide ascorbique peut neutraliser les radicaux libres et pr\u00e9venir les dommages oxydatifs aux cellules et aux tissus. Cette caract\u00e9ristique est fr\u00e9quemment utilis\u00e9e dans les aliments et les cosm\u00e9tiques, contribuant \u00e0 prolonger la dur\u00e9e de conservation des produits et \u00e0 prot\u00e9ger les composants actifs.<\/p>\n<p>2. Exhausteur nutritionnel : En tant que principale forme de vitamine C, l&rsquo;acide ascorbique est une vitamine hydrosoluble essentielle qui participe \u00e0 une vari\u00e9t\u00e9 de processus m\u00e9taboliques physiologiques, favorise la synth\u00e8se du collag\u00e8ne, renforce l&rsquo;immunit\u00e9 et aide \u00e0 l&rsquo;absorption du fer. Cela en fait un exhausteur nutritionnel important dans les aliments et les boissons, am\u00e9liorant la valeur nutritionnelle des produits.<\/p>\n<p>3. Protecteur de couleur : L&rsquo;acide ascorbique peut inhiber les r\u00e9actions de brunissement enzymatiques et non enzymatiques dans les aliments et maintenir la couleur naturelle des aliments. Utilis\u00e9 dans la transformation des fruits et l\u00e9gumes, les confitures, les gel\u00e9es et les aliments en conserve, il peut emp\u00eacher le noircissement de la couleur et maintenir l&rsquo;apparence fra\u00eeche du produit.<\/p>\n<p>4. Conservateur : L&rsquo;acide ascorbique joue un r\u00f4le de conservateur en inhibant la croissance et la reproduction des micro-organismes et en retardant la d\u00e9t\u00e9rioration des aliments. Ceci est particuli\u00e8rement important dans les produits tels que les produits \u00e0 base de viande, les aliments en conserve et les boissons, prolongeant efficacement la dur\u00e9e de conservation des aliments.<\/p>\n<p>5. Promoteur de fermentation : Dans le processus de production de certains aliments ferment\u00e9s, l&rsquo;acide ascorbique peut \u00eatre utilis\u00e9 comme promoteur de fermentation pour am\u00e9liorer l&rsquo;efficacit\u00e9 de la fermentation. Il est largement utilis\u00e9 dans les aliments ferment\u00e9s tels que le vin, la sauce soja et le vinaigre, ce qui peut am\u00e9liorer l&rsquo;effet de fermentation et am\u00e9liorer la qualit\u00e9 du produit.<\/p>\n<p>6. R\u00e9gulateur d&rsquo;acidit\u00e9 : L&rsquo;acide ascorbique est acide et peut ajuster la valeur du pH des aliments, am\u00e9liorant ainsi le go\u00fbt et la stabilit\u00e9 des aliments. Il est utilis\u00e9 dans les aliments tels que les boissons, les bonbons et les gel\u00e9es pour ajuster l&rsquo;acidit\u00e9, augmenter la saveur du produit et le rendre plus populaire aupr\u00e8s des consommateurs.<\/p>\n<h2><span class=\"ez-toc-section\" id=\"Question_posee_par_lutilisateur\"><\/span>Question pos\u00e9e par l&rsquo;utilisateur :<span class=\"ez-toc-section-end\"><\/span><\/h2>\n<p>Question : Quels sont les bienfaits de l&rsquo;acide ascorbique pour la sant\u00e9 ?<\/p>\n<p>R\u00e9ponse : La principale forme de vitamine C est l&rsquo;acide ascorbique, qui poss\u00e8de de puissantes propri\u00e9t\u00e9s antioxydantes. Il aide \u00e0 neutraliser les radicaux libres et \u00e0 pr\u00e9venir les dommages cellulaires. Il intervient \u00e9galement dans la synth\u00e8se du collag\u00e8ne, favorise la cicatrisation des plaies, renforce le syst\u00e8me immunitaire, am\u00e9liore la r\u00e9sistance de l&rsquo;organisme aux infections et aide \u00e0 absorber le fer et \u00e0 pr\u00e9venir l&rsquo;an\u00e9mie.<\/p>\n<p>Question : Quels sont les avantages de l&rsquo;acide ascorbique par rapport \u00e0 la vitamine E ?<\/p>\n<p>R\u00e9ponse : Par rapport \u00e0 la vitamine E, l&rsquo;acide ascorbique (vitamine C) pr\u00e9sente les avantages de la polyvalence, de la solubilit\u00e9 dans l&rsquo;eau, de la rentabilit\u00e9 et d&rsquo;une grande s\u00e9curit\u00e9. L&rsquo;acide ascorbique peut non seulement agir comme un puissant antioxydant pour pr\u00e9venir l&rsquo;oxydation des aliments, mais \u00e9galement fournir de la vitamine C comme exhausteur nutritionnel et participer \u00e0 divers processus m\u00e9taboliques physiologiques. Sa solubilit\u00e9 dans l&rsquo;eau le rend facile \u00e0 utiliser dans les aliments \u00e0 base d&rsquo;eau tels que les jus. Par exemple, dans le jus d&rsquo;orange, l&rsquo;acide ascorbique peut conserver un go\u00fbt et une couleur frais, prolonger la dur\u00e9e de conservation et am\u00e9liorer la valeur nutritionnelle. Ces avantages le rendent plus largement et plus pratique \u00e0 utiliser dans l&rsquo;industrie alimentaire.<\/p>\n","protected":false},"excerpt":{"rendered":"<ul>\n<li>CAS : 50-81-7<\/li>\n<li>Formule chimique: C<sub>6<\/sub>H<sub>8<\/sub>O<sub>6<\/sub><\/li>\n<li>Certifications : KOSHER, ISO, HALAL, FSSC 22000, BRC, etc.<\/li>\n<li>Standard : E300\/USP\/FCCX<\/li>\n<li>Quantit\u00e9 minimum de commande : 1000 kg<\/li>\n<li>Dur\u00e9e de conservation : 3 ans<\/li>\n<\/ul>\n","protected":false},"featured_media":9585,"template":"","meta":{"site-sidebar-layout":"default","site-content-layout":"","ast-site-content-layout":"default","site-content-style":"default","site-sidebar-style":"default","ast-global-header-display":"","ast-banner-title-visibility":"","ast-main-header-display":"","ast-hfb-above-header-display":"","ast-hfb-below-header-display":"","ast-hfb-mobile-header-display":"","site-post-title":"","ast-breadcrumbs-content":"","ast-featured-img":"","footer-sml-layout":"","theme-transparent-header-meta":"default","adv-header-id-meta":"","stick-header-meta":"","header-above-stick-meta":"","header-main-stick-meta":"","header-below-stick-meta":"","astra-migrate-meta-layouts":"set","ast-page-background-enabled":"default","ast-page-background-meta":{"desktop":{"background-color":"var(--ast-global-color-4)","background-image":"","background-repeat":"repeat","background-position":"center center","background-size":"auto","background-attachment":"scroll","background-type":"","background-media":"","overlay-type":"","overlay-color":"","overlay-opacity":"","overlay-gradient":""},"tablet":{"background-color":"","background-image":"","background-repeat":"repeat","background-position":"center center","background-size":"auto","background-attachment":"scroll","background-type":"","background-media":"","overlay-type":"","overlay-color":"","overlay-opacity":"","overlay-gradient":""},"mobile":{"background-color":"","background-image":"","background-repeat":"repeat","background-position":"center center","background-size":"auto","background-attachment":"scroll","background-type":"","background-media":"","overlay-type":"","overlay-color":"","overlay-opacity":"","overlay-gradient":""}},"ast-content-background-meta":{"desktop":{"background-color":"var(--ast-global-color-5)","background-image":"","background-repeat":"repeat","background-position":"center center","background-size":"auto","background-attachment":"scroll","background-type":"","background-media":"","overlay-type":"","overlay-color":"","overlay-opacity":"","overlay-gradient":""},"tablet":{"background-color":"var(--ast-global-color-5)","background-image":"","background-repeat":"repeat","background-position":"center center","background-size":"auto","background-attachment":"scroll","background-type":"","background-media":"","overlay-type":"","overlay-color":"","overlay-opacity":"","overlay-gradient":""},"mobile":{"background-color":"var(--ast-global-color-5)","background-image":"","background-repeat":"repeat","background-position":"center center","background-size":"auto","background-attachment":"scroll","background-type":"","background-media":"","overlay-type":"","overlay-color":"","overlay-opacity":"","overlay-gradient":""}}},"product_brand":[],"product_cat":[102],"product_tag":[],"class_list":{"0":"post-9554","1":"product","2":"type-product","3":"status-publish","4":"has-post-thumbnail","6":"product_cat-produit-antioxydant","7":"desktop-align-center","8":"tablet-align-left","9":"mobile-align-left","11":"first","12":"instock","13":"shipping-taxable","14":"product-type-simple"},"yoast_head":"<!-- This site is optimized with the Yoast SEO plugin v26.5 - https:\/\/yoast.com\/wordpress\/plugins\/seo\/ -->\n<title>Acide ascorbique prix, fournisseur de poudre d&#039;acide ascorbique en vrac E300 | Niranbio Chemical<\/title>\n<meta name=\"description\" content=\"Notre poudre d&#039;acide ascorbique E300 a une poudre cristalline blanche, elle peut \u00eatre utilis\u00e9e dans le secteur alimentaire comme compl\u00e9ment nutritionnel et antioxydant.\" \/>\n<meta name=\"robots\" content=\"noindex, follow, max-snippet:-1, max-image-preview:large, max-video-preview:-1\" \/>\n<meta name=\"twitter:label1\" content=\"Dur\u00e9e de lecture estim\u00e9e\" \/>\n\t<meta name=\"twitter:data1\" content=\"5 minutes\" \/>\n<script type=\"application\/ld+json\" class=\"yoast-schema-graph\">{\"@context\":\"https:\/\/schema.org\",\"@graph\":[{\"@type\":\"WebPage\",\"@id\":\"https:\/\/theo.niranbio.com\/fr\/acide-ascorbique-e300.html\",\"url\":\"https:\/\/theo.niranbio.com\/fr\/acide-ascorbique-e300.html\",\"name\":\"Acide ascorbique prix, fournisseur de poudre d'acide ascorbique en vrac E300 | Niranbio Chemical\",\"isPartOf\":{\"@id\":\"https:\/\/theo.niranbio.com\/fr\/#website\"},\"primaryImageOfPage\":{\"@id\":\"https:\/\/theo.niranbio.com\/fr\/acide-ascorbique-e300.html#primaryimage\"},\"image\":{\"@id\":\"https:\/\/theo.niranbio.com\/fr\/acide-ascorbique-e300.html#primaryimage\"},\"thumbnailUrl\":\"https:\/\/theo.niranbio.com\/wp-content\/uploads\/2024\/06\/Ascorbic-Acid.webp\",\"datePublished\":\"2024-06-20T02:59:50+00:00\",\"dateModified\":\"2024-08-19T05:17:21+00:00\",\"description\":\"Notre poudre d'acide ascorbique E300 a une poudre cristalline blanche, elle peut \u00eatre utilis\u00e9e dans le secteur alimentaire comme compl\u00e9ment nutritionnel et antioxydant.\",\"breadcrumb\":{\"@id\":\"https:\/\/theo.niranbio.com\/fr\/acide-ascorbique-e300.html#breadcrumb\"},\"inLanguage\":\"fr-FR\",\"potentialAction\":[{\"@type\":\"ReadAction\",\"target\":[\"https:\/\/theo.niranbio.com\/fr\/acide-ascorbique-e300.html\"]}]},{\"@type\":\"ImageObject\",\"inLanguage\":\"fr-FR\",\"@id\":\"https:\/\/theo.niranbio.com\/fr\/acide-ascorbique-e300.html#primaryimage\",\"url\":\"https:\/\/theo.niranbio.com\/wp-content\/uploads\/2024\/06\/Ascorbic-Acid.webp\",\"contentUrl\":\"https:\/\/theo.niranbio.com\/wp-content\/uploads\/2024\/06\/Ascorbic-Acid.webp\",\"width\":600,\"height\":600,\"caption\":\"Acide ascorbique\"},{\"@type\":\"BreadcrumbList\",\"@id\":\"https:\/\/theo.niranbio.com\/fr\/acide-ascorbique-e300.html#breadcrumb\",\"itemListElement\":[{\"@type\":\"ListItem\",\"position\":1,\"name\":\"Home\",\"item\":\"https:\/\/theo.niranbio.com\/fr\/\"},{\"@type\":\"ListItem\",\"position\":2,\"name\":\"Produits\",\"item\":\"https:\/\/theo.niranbio.com\/fr\/produits.html\"},{\"@type\":\"ListItem\",\"position\":3,\"name\":\"Antioxydant\",\"item\":\"https:\/\/theo.niranbio.com\/fr\/produit-antioxydant\/\"},{\"@type\":\"ListItem\",\"position\":4,\"name\":\"Acide ascorbique\"}]},{\"@type\":\"WebSite\",\"@id\":\"https:\/\/theo.niranbio.com\/fr\/#website\",\"url\":\"https:\/\/theo.niranbio.com\/fr\/\",\"name\":\"Niranbio Chemical\",\"description\":\"\",\"publisher\":{\"@id\":\"https:\/\/theo.niranbio.com\/fr\/#organization\"},\"potentialAction\":[{\"@type\":\"SearchAction\",\"target\":{\"@type\":\"EntryPoint\",\"urlTemplate\":\"https:\/\/theo.niranbio.com\/fr\/?s={search_term_string}\"},\"query-input\":{\"@type\":\"PropertyValueSpecification\",\"valueRequired\":true,\"valueName\":\"search_term_string\"}}],\"inLanguage\":\"fr-FR\"},{\"@type\":\"Organization\",\"@id\":\"https:\/\/theo.niranbio.com\/fr\/#organization\",\"name\":\"Niranbio Chemical\",\"url\":\"https:\/\/theo.niranbio.com\/fr\/\",\"logo\":{\"@type\":\"ImageObject\",\"inLanguage\":\"fr-FR\",\"@id\":\"https:\/\/theo.niranbio.com\/fr\/#\/schema\/logo\/image\/\",\"url\":\"https:\/\/theo.niranbio.com\/wp-content\/uploads\/2024\/06\/Niranbio.png\",\"contentUrl\":\"https:\/\/theo.niranbio.com\/wp-content\/uploads\/2024\/06\/Niranbio.png\",\"width\":270,\"height\":100,\"caption\":\"Niranbio Chemical\"},\"image\":{\"@id\":\"https:\/\/theo.niranbio.com\/fr\/#\/schema\/logo\/image\/\"}}]}<\/script>\n<!-- \/ Yoast SEO plugin. -->","yoast_head_json":{"title":"Acide ascorbique prix, fournisseur de poudre d'acide ascorbique en vrac E300 | Niranbio Chemical","description":"Notre poudre d'acide ascorbique E300 a une poudre cristalline blanche, elle peut \u00eatre utilis\u00e9e dans le secteur alimentaire comme compl\u00e9ment nutritionnel et antioxydant.","robots":{"index":"noindex","follow":"follow","max-snippet":"max-snippet:-1","max-image-preview":"max-image-preview:large","max-video-preview":"max-video-preview:-1"},"twitter_misc":{"Dur\u00e9e de lecture estim\u00e9e":"5 minutes"},"schema":{"@context":"https:\/\/schema.org","@graph":[{"@type":"WebPage","@id":"https:\/\/theo.niranbio.com\/fr\/acide-ascorbique-e300.html","url":"https:\/\/theo.niranbio.com\/fr\/acide-ascorbique-e300.html","name":"Acide ascorbique prix, fournisseur de poudre d'acide ascorbique en vrac E300 | Niranbio Chemical","isPartOf":{"@id":"https:\/\/theo.niranbio.com\/fr\/#website"},"primaryImageOfPage":{"@id":"https:\/\/theo.niranbio.com\/fr\/acide-ascorbique-e300.html#primaryimage"},"image":{"@id":"https:\/\/theo.niranbio.com\/fr\/acide-ascorbique-e300.html#primaryimage"},"thumbnailUrl":"https:\/\/theo.niranbio.com\/wp-content\/uploads\/2024\/06\/Ascorbic-Acid.webp","datePublished":"2024-06-20T02:59:50+00:00","dateModified":"2024-08-19T05:17:21+00:00","description":"Notre poudre d'acide ascorbique E300 a une poudre cristalline blanche, elle peut \u00eatre utilis\u00e9e dans le secteur alimentaire comme compl\u00e9ment nutritionnel et antioxydant.","breadcrumb":{"@id":"https:\/\/theo.niranbio.com\/fr\/acide-ascorbique-e300.html#breadcrumb"},"inLanguage":"fr-FR","potentialAction":[{"@type":"ReadAction","target":["https:\/\/theo.niranbio.com\/fr\/acide-ascorbique-e300.html"]}]},{"@type":"ImageObject","inLanguage":"fr-FR","@id":"https:\/\/theo.niranbio.com\/fr\/acide-ascorbique-e300.html#primaryimage","url":"https:\/\/theo.niranbio.com\/wp-content\/uploads\/2024\/06\/Ascorbic-Acid.webp","contentUrl":"https:\/\/theo.niranbio.com\/wp-content\/uploads\/2024\/06\/Ascorbic-Acid.webp","width":600,"height":600,"caption":"Acide ascorbique"},{"@type":"BreadcrumbList","@id":"https:\/\/theo.niranbio.com\/fr\/acide-ascorbique-e300.html#breadcrumb","itemListElement":[{"@type":"ListItem","position":1,"name":"Home","item":"https:\/\/theo.niranbio.com\/fr\/"},{"@type":"ListItem","position":2,"name":"Produits","item":"https:\/\/theo.niranbio.com\/fr\/produits.html"},{"@type":"ListItem","position":3,"name":"Antioxydant","item":"https:\/\/theo.niranbio.com\/fr\/produit-antioxydant\/"},{"@type":"ListItem","position":4,"name":"Acide ascorbique"}]},{"@type":"WebSite","@id":"https:\/\/theo.niranbio.com\/fr\/#website","url":"https:\/\/theo.niranbio.com\/fr\/","name":"Niranbio Chemical","description":"","publisher":{"@id":"https:\/\/theo.niranbio.com\/fr\/#organization"},"potentialAction":[{"@type":"SearchAction","target":{"@type":"EntryPoint","urlTemplate":"https:\/\/theo.niranbio.com\/fr\/?s={search_term_string}"},"query-input":{"@type":"PropertyValueSpecification","valueRequired":true,"valueName":"search_term_string"}}],"inLanguage":"fr-FR"},{"@type":"Organization","@id":"https:\/\/theo.niranbio.com\/fr\/#organization","name":"Niranbio Chemical","url":"https:\/\/theo.niranbio.com\/fr\/","logo":{"@type":"ImageObject","inLanguage":"fr-FR","@id":"https:\/\/theo.niranbio.com\/fr\/#\/schema\/logo\/image\/","url":"https:\/\/theo.niranbio.com\/wp-content\/uploads\/2024\/06\/Niranbio.png","contentUrl":"https:\/\/theo.niranbio.com\/wp-content\/uploads\/2024\/06\/Niranbio.png","width":270,"height":100,"caption":"Niranbio Chemical"},"image":{"@id":"https:\/\/theo.niranbio.com\/fr\/#\/schema\/logo\/image\/"}}]}},"_links":{"self":[{"href":"https:\/\/theo.niranbio.com\/fr\/wp-json\/wp\/v2\/product\/9554","targetHints":{"allow":["GET"]}}],"collection":[{"href":"https:\/\/theo.niranbio.com\/fr\/wp-json\/wp\/v2\/product"}],"about":[{"href":"https:\/\/theo.niranbio.com\/fr\/wp-json\/wp\/v2\/types\/product"}],"version-history":[{"count":0,"href":"https:\/\/theo.niranbio.com\/fr\/wp-json\/wp\/v2\/product\/9554\/revisions"}],"wp:featuredmedia":[{"embeddable":true,"href":"https:\/\/theo.niranbio.com\/fr\/wp-json\/wp\/v2\/media\/9585"}],"wp:attachment":[{"href":"https:\/\/theo.niranbio.com\/fr\/wp-json\/wp\/v2\/media?parent=9554"}],"wp:term":[{"taxonomy":"product_brand","embeddable":true,"href":"https:\/\/theo.niranbio.com\/fr\/wp-json\/wp\/v2\/product_brand?post=9554"},{"taxonomy":"product_cat","embeddable":true,"href":"https:\/\/theo.niranbio.com\/fr\/wp-json\/wp\/v2\/product_cat?post=9554"},{"taxonomy":"product_tag","embeddable":true,"href":"https:\/\/theo.niranbio.com\/fr\/wp-json\/wp\/v2\/product_tag?post=9554"}],"curies":[{"name":"wp","href":"https:\/\/api.w.org\/{rel}","templated":true}]}}