{"id":9553,"date":"2024-06-20T11:00:32","date_gmt":"2024-06-20T03:00:32","guid":{"rendered":"https:\/\/theo.niranbio.com\/acide-rosmarinique\/"},"modified":"2024-08-19T13:09:21","modified_gmt":"2024-08-19T05:09:21","slug":"acide-rosmarinique","status":"publish","type":"product","link":"https:\/\/theo.niranbio.com\/fr\/acide-rosmarinique.html","title":{"rendered":"Acide rosmarinique"},"content":{"rendered":"<h2><span class=\"ez-toc-section\" id=\"Quest-ce_que_lacide_rosmarinique\"><\/span>Qu&rsquo;est-ce que l&rsquo;acide rosmarinique ?<span class=\"ez-toc-section-end\"><\/span><\/h2>\n<p>L&rsquo;acide rosmarinique est un produit chimique organique soluble dans l&rsquo;eau et contenant de l&rsquo;acide ph\u00e9nolique, extrait du romarin, une plante de la famille des Lamiac\u00e9es. Il se pr\u00e9sente sous la forme d&rsquo;une poudre jaune clair \u00e0 brune qui absorbe facilement l&rsquo;humidit\u00e9. Il a une odeur herbac\u00e9e particuli\u00e8re de romarin et est largement utilis\u00e9 dans les industries agroalimentaires, biopharmaceutiques et cosm\u00e9tiques. Il existe plusieurs proc\u00e9d\u00e9s de pr\u00e9paration de l&rsquo;acide rosmarinique en Chine :<\/p>\n<p>1. Faire tremper les plantes de romarin (comme les feuilles de romarin) dans un solvant organique et utiliser le solvant pour extraire l&rsquo;acide rosmarinique de la mati\u00e8re v\u00e9g\u00e9tale. Le solvant extrait est concentr\u00e9 et raffin\u00e9 pour obtenir de l&rsquo;acide rosmarinique. Sa grande efficacit\u00e9 et son fonctionnement tr\u00e8s simple en font un choix populaire dans l&rsquo;industrie domestique.<\/p>\n<p>2. Synth\u00e9tiser l&rsquo;acide rosmarinique en laboratoire par des r\u00e9actions chimiques. Cette m\u00e9thode implique l&rsquo;utilisation de r\u00e9actifs chimiques et de catalyseurs sp\u00e9cifiques et n\u00e9cessite g\u00e9n\u00e9ralement un contr\u00f4le strict des conditions de r\u00e9action. La synth\u00e8se chimique est utilis\u00e9e pour la recherche exp\u00e9rimentale et la production \u00e0 petite \u00e9chelle.<\/p>\n<p>3. Utiliser des micro-organismes sp\u00e9cifiques (comme des bact\u00e9ries, des levures ou des champignons) pour fermenter et produire de l&rsquo;acide rosmarinique. Les micro-organismes transforment les mati\u00e8res premi\u00e8res en acide rosmarinique par des processus m\u00e9taboliques. La production \u00e0 petite \u00e9chelle et la recherche sont les utilisations typiques de cette technique.<\/p>\n<h2><span class=\"ez-toc-section\" id=\"Dosage_recommande\"><\/span>Dosage recommand\u00e9 :<span class=\"ez-toc-section-end\"><\/span><\/h2>\n<table>\n<tbody>\n<tr>\n<td><strong>Nom de l&rsquo;aliment<\/strong><\/td>\n<td><strong>Utilisation maximale (g\/kg)<\/strong><\/td>\n<\/tr>\n<tr>\n<td>Boissons<\/td>\n<td>0,05-0,2 g\/kg<\/td>\n<\/tr>\n<tr>\n<td>Bonbons<\/td>\n<td>0,1-0,3 g\/kg<\/td>\n<\/tr>\n<tr>\n<td>Jus<\/td>\n<td>0,05-0,15 g\/kg<\/td>\n<\/tr>\n<tr>\n<td>Produits laitiers<\/td>\n<td>0,05-0,2 g\/kg<\/td>\n<\/tr>\n<tr>\n<td>Biscuits<\/td>\n<td>0,1-0,3 g\/kg<\/td>\n<\/tr>\n<tr>\n<td>G\u00e2teaux<\/td>\n<td>0,1-0,3 g\/kg<\/td>\n<\/tr>\n<tr>\n<td>Chocolat<\/td>\n<td>0,1-0,3 g\/kg<\/td>\n<\/tr>\n<tr>\n<td>Assaisonnements<\/td>\n<td>0,2-0,5 g\/kg<\/td>\n<\/tr>\n<tr>\n<td>Produits \u00e0 base de viande<\/td>\n<td>0,2-0,4 g\/kg<\/td>\n<\/tr>\n<tr>\n<td>Sauce salade<\/td>\n<td>0,2-0,5 g\/kg<\/td>\n<\/tr>\n<tr>\n<td>Bi\u00e8re<\/td>\n<td>0,05-0,2 g\/kg<\/td>\n<\/tr>\n<tr>\n<td>Boissons non alcoolis\u00e9es<\/td>\n<td>0,05-0,2 g\/kg<\/td>\n<\/tr>\n<tr>\n<td>Boissons fonctionnelles<\/td>\n<td>0,1-0,3 g\/kg<\/td>\n<\/tr>\n<tr>\n<td>Fromage<\/td>\n<td>0,1-0,3 g\/kg<\/td>\n<\/tr>\n<tr>\n<td>Sauce soja<\/td>\n<td>0,2-0,5 g\/kg<\/td>\n<\/tr>\n<\/tbody>\n<\/table>\n<h2><span class=\"ez-toc-section\" id=\"Lacide_rosmarinique_a_une_large_gamme_dutilisations\"><\/span>L&rsquo;acide rosmarinique a une large gamme d&rsquo;utilisations<span class=\"ez-toc-section-end\"><\/span><\/h2>\n<p>1. L&rsquo;acide rosmarinique est un antioxydant puissant qui peut neutraliser les radicaux libres, r\u00e9duire le stress oxydatif et lutter contre le vieillissement et les dommages cellulaires.<\/p>\n<p>2. L&rsquo;acide rosmarinique a un effet inhibiteur sur une vari\u00e9t\u00e9 de bact\u00e9ries, de champignons et de virus, ce qui contribue \u00e0 prolonger la dur\u00e9e de conservation des aliments et \u00e0 pr\u00e9venir leur d\u00e9t\u00e9rioration.<\/p>\n<p>3. L&rsquo;acide rosmarinique peut inhiber la production de m\u00e9diateurs inflammatoires, r\u00e9duire les r\u00e9actions inflammatoires et a des effets th\u00e9rapeutiques potentiels sur une vari\u00e9t\u00e9 de maladies inflammatoires.<\/p>\n<p>4. L&rsquo;acide rosmarinique peut am\u00e9liorer la fonction immunitaire du corps, augmenter l&rsquo;activit\u00e9 des cellules immunitaires et am\u00e9liorer la r\u00e9sistance aux maladies.<\/p>\n<p>5. La lib\u00e9ration d&rsquo;histamine peut \u00eatre inhib\u00e9e, les r\u00e9actions allergiques peuvent \u00eatre diminu\u00e9es et les maladies allergiques peuvent \u00eatre quelque peu att\u00e9nu\u00e9es gr\u00e2ce \u00e0 l&rsquo;acide rosmarinique.<\/p>\n<p>6. L&rsquo;acide romarin a la capacit\u00e9 de prot\u00e9ger les cellules nerveuses et peut emp\u00eacher le d\u00e9veloppement de maladies neurod\u00e9g\u00e9n\u00e9ratives comme la maladie d&rsquo;Alzheimer.<\/p>\n<h2><span class=\"ez-toc-section\" id=\"Question_posee_par_lutilisateur\"><\/span>Question pos\u00e9e par l&rsquo;utilisateur :<span class=\"ez-toc-section-end\"><\/span><\/h2>\n<p>Question : Est-il vrai que l&rsquo;acide rosmarinique affecte la m\u00e9moire des gens ?<\/p>\n<p>R\u00e9ponse : Parmi d&rsquo;autres plantes, le romarin contient un composant polyph\u00e9nolique, l&rsquo;acide rosmarinique. Il poss\u00e8de de puissantes propri\u00e9t\u00e9s antioxydantes et anti-inflammatoires, qui peuvent prot\u00e9ger les cellules c\u00e9r\u00e9brales des dommages caus\u00e9s par le stress oxydatif et l&rsquo;inflammation, contribuant ainsi \u00e0 maintenir et \u00e0 am\u00e9liorer la fonction cognitive. Certaines \u00e9tudes ont montr\u00e9 que l&rsquo;acide rosmarinique peut prot\u00e9ger les neurones et pr\u00e9venir le d\u00e9veloppement de maladies neurod\u00e9g\u00e9n\u00e9ratives, ce qui peut aider \u00e0 maintenir et \u00e0 am\u00e9liorer la m\u00e9moire. Dans des exp\u00e9riences sur des animaux, il a \u00e9t\u00e9 constat\u00e9 que l&rsquo;acide rosmarinique am\u00e9liorait les capacit\u00e9s d&rsquo;apprentissage et de m\u00e9moire des animaux de laboratoire, ce qui sugg\u00e8re qu&rsquo;il pourrait avoir le potentiel d&rsquo;am\u00e9liorer la fonction cognitive humaine.<\/p>\n","protected":false},"excerpt":{"rendered":"<ul>\n<li>CAS : 20283-92-5;537-15-5<\/li>\n<li>Formule chimique: C<sub>18<\/sub>H<sub>16<\/sub>O<sub>8<\/sub><\/li>\n<li>Certifications : KOSHER, ISO, HALAL, FSSC 22000, BRC, etc.<\/li>\n<li>Standard:<\/li>\n<li>Quantit\u00e9 minimum de commande : 1000 kg<\/li>\n<li>Dur\u00e9e de conservation : 2 ans<\/li>\n<\/ul>\n","protected":false},"featured_media":9580,"template":"","meta":{"site-sidebar-layout":"default","site-content-layout":"","ast-site-content-layout":"default","site-content-style":"default","site-sidebar-style":"default","ast-global-header-display":"","ast-banner-title-visibility":"","ast-main-header-display":"","ast-hfb-above-header-display":"","ast-hfb-below-header-display":"","ast-hfb-mobile-header-display":"","site-post-title":"","ast-breadcrumbs-content":"","ast-featured-img":"","footer-sml-layout":"","theme-transparent-header-meta":"default","adv-header-id-meta":"","stick-header-meta":"","header-above-stick-meta":"","header-main-stick-meta":"","header-below-stick-meta":"","astra-migrate-meta-layouts":"set","ast-page-background-enabled":"default","ast-page-background-meta":{"desktop":{"background-color":"var(--ast-global-color-4)","background-image":"","background-repeat":"repeat","background-position":"center center","background-size":"auto","background-attachment":"scroll","background-type":"","background-media":"","overlay-type":"","overlay-color":"","overlay-opacity":"","overlay-gradient":""},"tablet":{"background-color":"","background-image":"","background-repeat":"repeat","background-position":"center center","background-size":"auto","background-attachment":"scroll","background-type":"","background-media":"","overlay-type":"","overlay-color":"","overlay-opacity":"","overlay-gradient":""},"mobile":{"background-color":"","background-image":"","background-repeat":"repeat","background-position":"center center","background-size":"auto","background-attachment":"scroll","background-type":"","background-media":"","overlay-type":"","overlay-color":"","overlay-opacity":"","overlay-gradient":""}},"ast-content-background-meta":{"desktop":{"background-color":"var(--ast-global-color-5)","background-image":"","background-repeat":"repeat","background-position":"center center","background-size":"auto","background-attachment":"scroll","background-type":"","background-media":"","overlay-type":"","overlay-color":"","overlay-opacity":"","overlay-gradient":""},"tablet":{"background-color":"var(--ast-global-color-5)","background-image":"","background-repeat":"repeat","background-position":"center center","background-size":"auto","background-attachment":"scroll","background-type":"","background-media":"","overlay-type":"","overlay-color":"","overlay-opacity":"","overlay-gradient":""},"mobile":{"background-color":"var(--ast-global-color-5)","background-image":"","background-repeat":"repeat","background-position":"center center","background-size":"auto","background-attachment":"scroll","background-type":"","background-media":"","overlay-type":"","overlay-color":"","overlay-opacity":"","overlay-gradient":""}}},"product_brand":[],"product_cat":[102],"product_tag":[],"class_list":{"0":"post-9553","1":"product","2":"type-product","3":"status-publish","4":"has-post-thumbnail","6":"product_cat-produit-antioxydant","7":"desktop-align-center","8":"tablet-align-left","9":"mobile-align-left","11":"first","12":"instock","13":"shipping-taxable","14":"product-type-simple"},"yoast_head":"<!-- This site is optimized with the Yoast SEO plugin v26.5 - https:\/\/yoast.com\/wordpress\/plugins\/seo\/ -->\n<title>Fournisseur d&#039;acide rosmarinique, acheter de la poudre d&#039;acide rosmarinique| Niranbio Chemical<\/title>\n<meta name=\"description\" content=\"Notre acide rosmarinique se pr\u00e9sente sous la forme d\u2019une poudre jaune clair \u00e0 brune et est largement utilis\u00e9 dans les industries alimentaires, des boissons et biopharmaceutiques.\" \/>\n<meta name=\"robots\" content=\"noindex, follow, max-snippet:-1, max-image-preview:large, max-video-preview:-1\" \/>\n<meta name=\"twitter:label1\" content=\"Dur\u00e9e de lecture estim\u00e9e\" \/>\n\t<meta name=\"twitter:data1\" content=\"3 minutes\" \/>\n<script type=\"application\/ld+json\" class=\"yoast-schema-graph\">{\"@context\":\"https:\/\/schema.org\",\"@graph\":[{\"@type\":\"WebPage\",\"@id\":\"https:\/\/theo.niranbio.com\/fr\/acide-rosmarinique.html\",\"url\":\"https:\/\/theo.niranbio.com\/fr\/acide-rosmarinique.html\",\"name\":\"Fournisseur d'acide rosmarinique, acheter de la poudre d'acide rosmarinique| Niranbio Chemical\",\"isPartOf\":{\"@id\":\"https:\/\/theo.niranbio.com\/fr\/#website\"},\"primaryImageOfPage\":{\"@id\":\"https:\/\/theo.niranbio.com\/fr\/acide-rosmarinique.html#primaryimage\"},\"image\":{\"@id\":\"https:\/\/theo.niranbio.com\/fr\/acide-rosmarinique.html#primaryimage\"},\"thumbnailUrl\":\"https:\/\/theo.niranbio.com\/wp-content\/uploads\/2024\/06\/Water-Soluble-Rosemary-Extract.webp\",\"datePublished\":\"2024-06-20T03:00:32+00:00\",\"dateModified\":\"2024-08-19T05:09:21+00:00\",\"description\":\"Notre acide rosmarinique se pr\u00e9sente sous la forme d\u2019une poudre jaune clair \u00e0 brune et est largement utilis\u00e9 dans les industries alimentaires, des boissons et biopharmaceutiques.\",\"breadcrumb\":{\"@id\":\"https:\/\/theo.niranbio.com\/fr\/acide-rosmarinique.html#breadcrumb\"},\"inLanguage\":\"fr-FR\",\"potentialAction\":[{\"@type\":\"ReadAction\",\"target\":[\"https:\/\/theo.niranbio.com\/fr\/acide-rosmarinique.html\"]}]},{\"@type\":\"ImageObject\",\"inLanguage\":\"fr-FR\",\"@id\":\"https:\/\/theo.niranbio.com\/fr\/acide-rosmarinique.html#primaryimage\",\"url\":\"https:\/\/theo.niranbio.com\/wp-content\/uploads\/2024\/06\/Water-Soluble-Rosemary-Extract.webp\",\"contentUrl\":\"https:\/\/theo.niranbio.com\/wp-content\/uploads\/2024\/06\/Water-Soluble-Rosemary-Extract.webp\",\"width\":600,\"height\":600},{\"@type\":\"BreadcrumbList\",\"@id\":\"https:\/\/theo.niranbio.com\/fr\/acide-rosmarinique.html#breadcrumb\",\"itemListElement\":[{\"@type\":\"ListItem\",\"position\":1,\"name\":\"Home\",\"item\":\"https:\/\/theo.niranbio.com\/fr\/\"},{\"@type\":\"ListItem\",\"position\":2,\"name\":\"Produits\",\"item\":\"https:\/\/theo.niranbio.com\/fr\/produits.html\"},{\"@type\":\"ListItem\",\"position\":3,\"name\":\"Antioxydant\",\"item\":\"https:\/\/theo.niranbio.com\/fr\/produit-antioxydant\/\"},{\"@type\":\"ListItem\",\"position\":4,\"name\":\"Acide rosmarinique\"}]},{\"@type\":\"WebSite\",\"@id\":\"https:\/\/theo.niranbio.com\/fr\/#website\",\"url\":\"https:\/\/theo.niranbio.com\/fr\/\",\"name\":\"Niranbio Chemical\",\"description\":\"\",\"publisher\":{\"@id\":\"https:\/\/theo.niranbio.com\/fr\/#organization\"},\"potentialAction\":[{\"@type\":\"SearchAction\",\"target\":{\"@type\":\"EntryPoint\",\"urlTemplate\":\"https:\/\/theo.niranbio.com\/fr\/?s={search_term_string}\"},\"query-input\":{\"@type\":\"PropertyValueSpecification\",\"valueRequired\":true,\"valueName\":\"search_term_string\"}}],\"inLanguage\":\"fr-FR\"},{\"@type\":\"Organization\",\"@id\":\"https:\/\/theo.niranbio.com\/fr\/#organization\",\"name\":\"Niranbio Chemical\",\"url\":\"https:\/\/theo.niranbio.com\/fr\/\",\"logo\":{\"@type\":\"ImageObject\",\"inLanguage\":\"fr-FR\",\"@id\":\"https:\/\/theo.niranbio.com\/fr\/#\/schema\/logo\/image\/\",\"url\":\"https:\/\/theo.niranbio.com\/wp-content\/uploads\/2024\/06\/Niranbio.png\",\"contentUrl\":\"https:\/\/theo.niranbio.com\/wp-content\/uploads\/2024\/06\/Niranbio.png\",\"width\":270,\"height\":100,\"caption\":\"Niranbio Chemical\"},\"image\":{\"@id\":\"https:\/\/theo.niranbio.com\/fr\/#\/schema\/logo\/image\/\"}}]}<\/script>\n<!-- \/ Yoast SEO plugin. -->","yoast_head_json":{"title":"Fournisseur d'acide rosmarinique, acheter de la poudre d'acide rosmarinique| Niranbio Chemical","description":"Notre acide rosmarinique se pr\u00e9sente sous la forme d\u2019une poudre jaune clair \u00e0 brune et est largement utilis\u00e9 dans les industries alimentaires, des boissons et biopharmaceutiques.","robots":{"index":"noindex","follow":"follow","max-snippet":"max-snippet:-1","max-image-preview":"max-image-preview:large","max-video-preview":"max-video-preview:-1"},"twitter_misc":{"Dur\u00e9e de lecture estim\u00e9e":"3 minutes"},"schema":{"@context":"https:\/\/schema.org","@graph":[{"@type":"WebPage","@id":"https:\/\/theo.niranbio.com\/fr\/acide-rosmarinique.html","url":"https:\/\/theo.niranbio.com\/fr\/acide-rosmarinique.html","name":"Fournisseur d'acide rosmarinique, acheter de la poudre d'acide rosmarinique| Niranbio Chemical","isPartOf":{"@id":"https:\/\/theo.niranbio.com\/fr\/#website"},"primaryImageOfPage":{"@id":"https:\/\/theo.niranbio.com\/fr\/acide-rosmarinique.html#primaryimage"},"image":{"@id":"https:\/\/theo.niranbio.com\/fr\/acide-rosmarinique.html#primaryimage"},"thumbnailUrl":"https:\/\/theo.niranbio.com\/wp-content\/uploads\/2024\/06\/Water-Soluble-Rosemary-Extract.webp","datePublished":"2024-06-20T03:00:32+00:00","dateModified":"2024-08-19T05:09:21+00:00","description":"Notre acide rosmarinique se pr\u00e9sente sous la forme d\u2019une poudre jaune clair \u00e0 brune et est largement utilis\u00e9 dans les industries alimentaires, des boissons et biopharmaceutiques.","breadcrumb":{"@id":"https:\/\/theo.niranbio.com\/fr\/acide-rosmarinique.html#breadcrumb"},"inLanguage":"fr-FR","potentialAction":[{"@type":"ReadAction","target":["https:\/\/theo.niranbio.com\/fr\/acide-rosmarinique.html"]}]},{"@type":"ImageObject","inLanguage":"fr-FR","@id":"https:\/\/theo.niranbio.com\/fr\/acide-rosmarinique.html#primaryimage","url":"https:\/\/theo.niranbio.com\/wp-content\/uploads\/2024\/06\/Water-Soluble-Rosemary-Extract.webp","contentUrl":"https:\/\/theo.niranbio.com\/wp-content\/uploads\/2024\/06\/Water-Soluble-Rosemary-Extract.webp","width":600,"height":600},{"@type":"BreadcrumbList","@id":"https:\/\/theo.niranbio.com\/fr\/acide-rosmarinique.html#breadcrumb","itemListElement":[{"@type":"ListItem","position":1,"name":"Home","item":"https:\/\/theo.niranbio.com\/fr\/"},{"@type":"ListItem","position":2,"name":"Produits","item":"https:\/\/theo.niranbio.com\/fr\/produits.html"},{"@type":"ListItem","position":3,"name":"Antioxydant","item":"https:\/\/theo.niranbio.com\/fr\/produit-antioxydant\/"},{"@type":"ListItem","position":4,"name":"Acide rosmarinique"}]},{"@type":"WebSite","@id":"https:\/\/theo.niranbio.com\/fr\/#website","url":"https:\/\/theo.niranbio.com\/fr\/","name":"Niranbio Chemical","description":"","publisher":{"@id":"https:\/\/theo.niranbio.com\/fr\/#organization"},"potentialAction":[{"@type":"SearchAction","target":{"@type":"EntryPoint","urlTemplate":"https:\/\/theo.niranbio.com\/fr\/?s={search_term_string}"},"query-input":{"@type":"PropertyValueSpecification","valueRequired":true,"valueName":"search_term_string"}}],"inLanguage":"fr-FR"},{"@type":"Organization","@id":"https:\/\/theo.niranbio.com\/fr\/#organization","name":"Niranbio Chemical","url":"https:\/\/theo.niranbio.com\/fr\/","logo":{"@type":"ImageObject","inLanguage":"fr-FR","@id":"https:\/\/theo.niranbio.com\/fr\/#\/schema\/logo\/image\/","url":"https:\/\/theo.niranbio.com\/wp-content\/uploads\/2024\/06\/Niranbio.png","contentUrl":"https:\/\/theo.niranbio.com\/wp-content\/uploads\/2024\/06\/Niranbio.png","width":270,"height":100,"caption":"Niranbio Chemical"},"image":{"@id":"https:\/\/theo.niranbio.com\/fr\/#\/schema\/logo\/image\/"}}]}},"_links":{"self":[{"href":"https:\/\/theo.niranbio.com\/fr\/wp-json\/wp\/v2\/product\/9553","targetHints":{"allow":["GET"]}}],"collection":[{"href":"https:\/\/theo.niranbio.com\/fr\/wp-json\/wp\/v2\/product"}],"about":[{"href":"https:\/\/theo.niranbio.com\/fr\/wp-json\/wp\/v2\/types\/product"}],"version-history":[{"count":0,"href":"https:\/\/theo.niranbio.com\/fr\/wp-json\/wp\/v2\/product\/9553\/revisions"}],"wp:featuredmedia":[{"embeddable":true,"href":"https:\/\/theo.niranbio.com\/fr\/wp-json\/wp\/v2\/media\/9580"}],"wp:attachment":[{"href":"https:\/\/theo.niranbio.com\/fr\/wp-json\/wp\/v2\/media?parent=9553"}],"wp:term":[{"taxonomy":"product_brand","embeddable":true,"href":"https:\/\/theo.niranbio.com\/fr\/wp-json\/wp\/v2\/product_brand?post=9553"},{"taxonomy":"product_cat","embeddable":true,"href":"https:\/\/theo.niranbio.com\/fr\/wp-json\/wp\/v2\/product_cat?post=9553"},{"taxonomy":"product_tag","embeddable":true,"href":"https:\/\/theo.niranbio.com\/fr\/wp-json\/wp\/v2\/product_tag?post=9553"}],"curies":[{"name":"wp","href":"https:\/\/api.w.org\/{rel}","templated":true}]}}