{"id":9546,"date":"2024-06-20T11:02:34","date_gmt":"2024-06-20T03:02:34","guid":{"rendered":"https:\/\/theo.niranbio.com\/extrait-de-romarin-en-poudre\/"},"modified":"2024-08-19T13:07:04","modified_gmt":"2024-08-19T05:07:04","slug":"extrait-de-romarin-en-poudre","status":"publish","type":"product","link":"https:\/\/theo.niranbio.com\/fr\/extrait-de-romarin-en-poudre.html","title":{"rendered":"Extrait de romarin en poudre"},"content":{"rendered":"<h2><span class=\"ez-toc-section\" id=\"Quest-ce_que_la_poudre_dextrait_de_romarin\"><\/span>Qu&rsquo;est-ce que la poudre d&rsquo;extrait de romarin ?<span class=\"ez-toc-section-end\"><\/span><\/h2>\n<p>Un antioxydant naturel extrait des plantes de romarin est appel\u00e9 extrait de romarin en poudre. Il a une apparence de poudre brun-jaune et r\u00e9siste aux temp\u00e9ratures \u00e9lev\u00e9es. Il est largement utilis\u00e9 dans les sauces d&rsquo;assaisonnement, les aliments pour animaux de compagnie et les aliments pour animaux, et a des effets antioxydants et anti-\u00e2ge. Il existe plusieurs principaux proc\u00e9d\u00e9s de pr\u00e9paration de la poudre d&rsquo;extrait de romarin en Chine :<\/p>\n<p>1. En faisant bouillir le romarin dans de l&rsquo;eau, les ingr\u00e9dients actifs sont extraits en utilisant la solubilit\u00e9 de l&rsquo;eau, et l&rsquo;extrait filtr\u00e9 est concentr\u00e9 par \u00e9vaporation sous pression r\u00e9duite ou lyophilisation pour obtenir de la poudre d&rsquo;extrait de romarin. Ce processus de pr\u00e9paration a une faible efficacit\u00e9 d&rsquo;extraction et de nombreuses impuret\u00e9s.<\/p>\n<p>2. Mettez les feuilles de romarin dans de l&rsquo;\u00e9thanol, faites-les tremper \u00e0 temp\u00e9rature ambiante ou \u00e0 une temp\u00e9rature l\u00e9g\u00e8rement sup\u00e9rieure pendant un certain temps, filtrez le m\u00e9lange tremp\u00e9, \u00e9liminez les impuret\u00e9s solides, puis r\u00e9cup\u00e9rez l&rsquo;\u00e9thanol par distillation pour obtenir un extrait concentr\u00e9. Enfin, le m\u00e9lange concentr\u00e9 est s\u00e9ch\u00e9 pour produire de l&rsquo;extrait de romarin en poudre. Ce processus de pr\u00e9paration peut extraire efficacement l&rsquo;activit\u00e9 du romarin, et il est peu co\u00fbteux, adapt\u00e9 \u00e0 la production industrielle \u00e0 grande \u00e9chelle, et a peu de pollution environnementale, et est largement utilis\u00e9.<\/p>\n<h2><span class=\"ez-toc-section\" id=\"Parametres_associes\"><\/span>Param\u00e8tres associ\u00e9s :<span class=\"ez-toc-section-end\"><\/span><\/h2>\n<table>\n<tbody>\n<tr>\n<td><strong>Partie utilis\u00e9e<\/strong><\/td>\n<td><strong>Feuille<\/strong><\/td>\n<\/tr>\n<tr>\n<td>Aspect<\/td>\n<td>Poudre fine<\/td>\n<\/tr>\n<tr>\n<td>Teneur en cendres<\/td>\n<td>\u22645%<\/td>\n<\/tr>\n<tr>\n<td>Solvant de l&rsquo;extrait<\/td>\n<td>\u00c9thanol et eau<\/td>\n<\/tr>\n<tr>\n<td>M\u00e9thode de s\u00e9chage<\/td>\n<td>S\u00e9chage par pulv\u00e9risation<\/td>\n<\/tr>\n<tr>\n<td>Taille des particules<\/td>\n<td>100%\u00e0 travers 80 mesh<\/td>\n<\/tr>\n<tr>\n<td>Perte au s\u00e9chage<\/td>\n<td>\u22645.0%<\/td>\n<\/tr>\n<tr>\n<td>Densit\u00e9 en vrac<\/td>\n<td>40-60g\/100ml<\/td>\n<\/tr>\n<tr>\n<td>Arsenic<\/td>\n<td>\u22642ppm<\/td>\n<\/tr>\n<tr>\n<td>Plomb<\/td>\n<td>\u22642ppm<\/td>\n<\/tr>\n<tr>\n<td>Nombre total de bact\u00e9ries<\/td>\n<td>\u22641000cfu\/g<\/td>\n<\/tr>\n<tr>\n<td>Levures et moisissures totales<\/td>\n<td>\u2264100cfu\/g<\/td>\n<\/tr>\n<\/tbody>\n<\/table>\n<h2><span class=\"ez-toc-section\" id=\"Dosage_recommande\"><\/span>Dosage recommand\u00e9 :<span class=\"ez-toc-section-end\"><\/span><\/h2>\n<table>\n<tbody>\n<tr>\n<td><strong>Nom de l&rsquo;aliment<\/strong><\/td>\n<td><strong>Utilisation maximale (g\/kg)<\/strong><\/td>\n<\/tr>\n<tr>\n<td>Produits \u00e0 base de viande<\/td>\n<td>0,1-0,3 g\/kg<\/td>\n<\/tr>\n<tr>\n<td>Produits de la p\u00eache<\/td>\n<td>0,2-0,5 g\/kg<\/td>\n<\/tr>\n<tr>\n<td>Produits de la volaille<\/td>\n<td>0,2-0,4 g\/kg<\/td>\n<\/tr>\n<tr>\n<td>Sauces<\/td>\n<td>0,05-0,2 g\/kg<\/td>\n<\/tr>\n<tr>\n<td>Produits de boulangerie<\/td>\n<td>0,1-0,3 g\/kg<\/td>\n<\/tr>\n<tr>\n<td>Graisses et huiles<\/td>\n<td>0,1-0,5 g\/kg<\/td>\n<\/tr>\n<tr>\n<td>Produits laitiers<\/td>\n<td>0,05-0,2 g\/kg<\/td>\n<\/tr>\n<tr>\n<td>Aliments en conserve<\/td>\n<td>0,2-0,4 g\/kg<\/td>\n<\/tr>\n<tr>\n<td>Aliments congel\u00e9s<\/td>\n<td>0,1-0,3 g\/kg<\/td>\n<\/tr>\n<tr>\n<td>Produits \u00e0 base d&rsquo;\u0153ufs<\/td>\n<td>0,05-0,2 g\/kg<\/td>\n<\/tr>\n<tr>\n<td>Huiles v\u00e9g\u00e9tales et graisses animales<\/td>\n<td>0,2-0,5 g\/kg<\/td>\n<\/tr>\n<tr>\n<td>Saucisses<\/td>\n<td>0,2-0,4 g\/kg<\/td>\n<\/tr>\n<\/tbody>\n<\/table>\n<h2><span class=\"ez-toc-section\" id=\"Lextrait_de_romarin_en_poudre_a_une_large_gamme_dutilisations\"><\/span>L&rsquo;extrait de romarin en poudre a une large gamme d&rsquo;utilisations<span class=\"ez-toc-section-end\"><\/span><\/h2>\n<p>1. La poudre d&rsquo;extrait de romarin contient de riches ingr\u00e9dients antioxydants, tels que l&rsquo;acide rosmarinique, l&rsquo;acide ursolique et l&rsquo;acide carnosique, qui peuvent inhiber efficacement la production de radicaux libres, retarder le processus d&rsquo;oxydation des graisses et des huiles et prolonger la dur\u00e9e de conservation des aliments.<\/p>\n<p>2. La poudre d&rsquo;extrait de romarin a des propri\u00e9t\u00e9s antibact\u00e9riennes importantes, peut inhiber la croissance d&rsquo;une vari\u00e9t\u00e9 de bact\u00e9ries et de champignons, et est utilis\u00e9e pour conserver les aliments et prolonger leur dur\u00e9e de conservation.<\/p>\n<p>3. Les ingr\u00e9dients actifs de la poudre d&rsquo;extrait de romarin ont un potentiel anti-inflammatoire et anticanc\u00e9reux et peuvent \u00eatre utilis\u00e9s pour d\u00e9velopper des aliments sains et des aliments fonctionnels.<\/p>\n<p>4. La poudre d&rsquo;extrait de romarin peut rehausser la saveur naturelle des aliments et r\u00e9duire l&rsquo;utilisation d&rsquo;additifs artificiels.<\/p>\n<h2><span class=\"ez-toc-section\" id=\"Question_posee_par_lutilisateur\"><\/span>Question pos\u00e9e par l&rsquo;utilisateur :<span class=\"ez-toc-section-end\"><\/span><\/h2>\n<p>Question : Est-il vrai que l&rsquo;extrait de romarin en poudre peut favoriser la pousse des cheveux ?<\/p>\n<p>R\u00e9ponse : On pense que l&rsquo;extrait de romarin en poudre peut aider \u00e0 stimuler la pousse des cheveux de certaines fa\u00e7ons. Selon certaines recherches, l&rsquo;extrait de romarin peut favoriser la pousse des cheveux en am\u00e9liorant la circulation sanguine du cuir chevelu et en r\u00e9duisant l&rsquo;inflammation. Les ingr\u00e9dients actifs du romarin, comme l&rsquo;acide rosmarinique, peuvent aider \u00e0 ralentir le processus de chute des cheveux et \u00e0 stimuler les follicules pileux. Cependant, bien que ces effets aient \u00e9t\u00e9 v\u00e9rifi\u00e9s dans certaines \u00e9tudes, des essais cliniques \u00e0 plus grande \u00e9chelle sont n\u00e9cessaires pour confirmer davantage son efficacit\u00e9 et sa s\u00e9curit\u00e9.<\/p>\n","protected":false},"excerpt":{"rendered":"<ul>\n<li>CAS : 3650-09-7<\/li>\n<li>Formule chimique: C<sub>20<\/sub>H<sub>28<\/sub>O<sub>4<\/sub><\/li>\n<li>Certifications : KOSHER, ISO, HALAL, FSSC 22000, BRC, etc.<\/li>\n<li>Standard:<\/li>\n<li>Quantit\u00e9 minimum de commande : 1000 kg<\/li>\n<li>Dur\u00e9e de conservation : 2 ans<\/li>\n<\/ul>\n","protected":false},"featured_media":9549,"template":"","meta":{"site-sidebar-layout":"default","site-content-layout":"","ast-site-content-layout":"default","site-content-style":"default","site-sidebar-style":"default","ast-global-header-display":"","ast-banner-title-visibility":"","ast-main-header-display":"","ast-hfb-above-header-display":"","ast-hfb-below-header-display":"","ast-hfb-mobile-header-display":"","site-post-title":"","ast-breadcrumbs-content":"","ast-featured-img":"","footer-sml-layout":"","theme-transparent-header-meta":"default","adv-header-id-meta":"","stick-header-meta":"","header-above-stick-meta":"","header-main-stick-meta":"","header-below-stick-meta":"","astra-migrate-meta-layouts":"set","ast-page-background-enabled":"default","ast-page-background-meta":{"desktop":{"background-color":"var(--ast-global-color-4)","background-image":"","background-repeat":"repeat","background-position":"center center","background-size":"auto","background-attachment":"scroll","background-type":"","background-media":"","overlay-type":"","overlay-color":"","overlay-opacity":"","overlay-gradient":""},"tablet":{"background-color":"","background-image":"","background-repeat":"repeat","background-position":"center center","background-size":"auto","background-attachment":"scroll","background-type":"","background-media":"","overlay-type":"","overlay-color":"","overlay-opacity":"","overlay-gradient":""},"mobile":{"background-color":"","background-image":"","background-repeat":"repeat","background-position":"center center","background-size":"auto","background-attachment":"scroll","background-type":"","background-media":"","overlay-type":"","overlay-color":"","overlay-opacity":"","overlay-gradient":""}},"ast-content-background-meta":{"desktop":{"background-color":"var(--ast-global-color-5)","background-image":"","background-repeat":"repeat","background-position":"center center","background-size":"auto","background-attachment":"scroll","background-type":"","background-media":"","overlay-type":"","overlay-color":"","overlay-opacity":"","overlay-gradient":""},"tablet":{"background-color":"var(--ast-global-color-5)","background-image":"","background-repeat":"repeat","background-position":"center center","background-size":"auto","background-attachment":"scroll","background-type":"","background-media":"","overlay-type":"","overlay-color":"","overlay-opacity":"","overlay-gradient":""},"mobile":{"background-color":"var(--ast-global-color-5)","background-image":"","background-repeat":"repeat","background-position":"center center","background-size":"auto","background-attachment":"scroll","background-type":"","background-media":"","overlay-type":"","overlay-color":"","overlay-opacity":"","overlay-gradient":""}}},"product_brand":[],"product_cat":[102],"product_tag":[],"class_list":{"0":"post-9546","1":"product","2":"type-product","3":"status-publish","4":"has-post-thumbnail","6":"product_cat-produit-antioxydant","7":"desktop-align-center","8":"tablet-align-left","9":"mobile-align-left","11":"first","12":"instock","13":"shipping-taxable","14":"product-type-simple"},"yoast_head":"<!-- This site is optimized with the Yoast SEO plugin v26.5 - https:\/\/yoast.com\/wordpress\/plugins\/seo\/ -->\n<title>Fabricant d&#039;extrait de romarin, poudre d&#039;extrait de romarin E392 en vrac | Niranbio Chemical<\/title>\n<meta name=\"description\" content=\"Notre poudre d&#039;extrait de romarin a une apparence de poudre brun-jaune et est largement utilis\u00e9e dans les sauces d&#039;assaisonnement, les aliments pour animaux de compagnie et les aliments pour animaux.\" \/>\n<meta name=\"robots\" content=\"noindex, follow, max-snippet:-1, max-image-preview:large, max-video-preview:-1\" \/>\n<meta name=\"twitter:label1\" content=\"Dur\u00e9e de lecture estim\u00e9e\" \/>\n\t<meta name=\"twitter:data1\" content=\"3 minutes\" \/>\n<script type=\"application\/ld+json\" class=\"yoast-schema-graph\">{\"@context\":\"https:\/\/schema.org\",\"@graph\":[{\"@type\":\"WebPage\",\"@id\":\"https:\/\/theo.niranbio.com\/fr\/extrait-de-romarin-en-poudre.html\",\"url\":\"https:\/\/theo.niranbio.com\/fr\/extrait-de-romarin-en-poudre.html\",\"name\":\"Fabricant d'extrait de romarin, poudre d'extrait de romarin E392 en vrac | Niranbio Chemical\",\"isPartOf\":{\"@id\":\"https:\/\/theo.niranbio.com\/fr\/#website\"},\"primaryImageOfPage\":{\"@id\":\"https:\/\/theo.niranbio.com\/fr\/extrait-de-romarin-en-poudre.html#primaryimage\"},\"image\":{\"@id\":\"https:\/\/theo.niranbio.com\/fr\/extrait-de-romarin-en-poudre.html#primaryimage\"},\"thumbnailUrl\":\"https:\/\/theo.niranbio.com\/wp-content\/uploads\/2024\/06\/Rosemary-Extract-Powder.webp\",\"datePublished\":\"2024-06-20T03:02:34+00:00\",\"dateModified\":\"2024-08-19T05:07:04+00:00\",\"description\":\"Notre poudre d'extrait de romarin a une apparence de poudre brun-jaune et est largement utilis\u00e9e dans les sauces d'assaisonnement, les aliments pour animaux de compagnie et les aliments pour animaux.\",\"breadcrumb\":{\"@id\":\"https:\/\/theo.niranbio.com\/fr\/extrait-de-romarin-en-poudre.html#breadcrumb\"},\"inLanguage\":\"fr-FR\",\"potentialAction\":[{\"@type\":\"ReadAction\",\"target\":[\"https:\/\/theo.niranbio.com\/fr\/extrait-de-romarin-en-poudre.html\"]}]},{\"@type\":\"ImageObject\",\"inLanguage\":\"fr-FR\",\"@id\":\"https:\/\/theo.niranbio.com\/fr\/extrait-de-romarin-en-poudre.html#primaryimage\",\"url\":\"https:\/\/theo.niranbio.com\/wp-content\/uploads\/2024\/06\/Rosemary-Extract-Powder.webp\",\"contentUrl\":\"https:\/\/theo.niranbio.com\/wp-content\/uploads\/2024\/06\/Rosemary-Extract-Powder.webp\",\"width\":600,\"height\":600,\"caption\":\"Extrait de romarin en poudre\"},{\"@type\":\"BreadcrumbList\",\"@id\":\"https:\/\/theo.niranbio.com\/fr\/extrait-de-romarin-en-poudre.html#breadcrumb\",\"itemListElement\":[{\"@type\":\"ListItem\",\"position\":1,\"name\":\"Home\",\"item\":\"https:\/\/theo.niranbio.com\/fr\/\"},{\"@type\":\"ListItem\",\"position\":2,\"name\":\"Produits\",\"item\":\"https:\/\/theo.niranbio.com\/fr\/produits.html\"},{\"@type\":\"ListItem\",\"position\":3,\"name\":\"Antioxydant\",\"item\":\"https:\/\/theo.niranbio.com\/fr\/produit-antioxydant\/\"},{\"@type\":\"ListItem\",\"position\":4,\"name\":\"Extrait de romarin en poudre\"}]},{\"@type\":\"WebSite\",\"@id\":\"https:\/\/theo.niranbio.com\/fr\/#website\",\"url\":\"https:\/\/theo.niranbio.com\/fr\/\",\"name\":\"Niranbio Chemical\",\"description\":\"\",\"publisher\":{\"@id\":\"https:\/\/theo.niranbio.com\/fr\/#organization\"},\"potentialAction\":[{\"@type\":\"SearchAction\",\"target\":{\"@type\":\"EntryPoint\",\"urlTemplate\":\"https:\/\/theo.niranbio.com\/fr\/?s={search_term_string}\"},\"query-input\":{\"@type\":\"PropertyValueSpecification\",\"valueRequired\":true,\"valueName\":\"search_term_string\"}}],\"inLanguage\":\"fr-FR\"},{\"@type\":\"Organization\",\"@id\":\"https:\/\/theo.niranbio.com\/fr\/#organization\",\"name\":\"Niranbio Chemical\",\"url\":\"https:\/\/theo.niranbio.com\/fr\/\",\"logo\":{\"@type\":\"ImageObject\",\"inLanguage\":\"fr-FR\",\"@id\":\"https:\/\/theo.niranbio.com\/fr\/#\/schema\/logo\/image\/\",\"url\":\"https:\/\/theo.niranbio.com\/wp-content\/uploads\/2024\/06\/Niranbio.png\",\"contentUrl\":\"https:\/\/theo.niranbio.com\/wp-content\/uploads\/2024\/06\/Niranbio.png\",\"width\":270,\"height\":100,\"caption\":\"Niranbio Chemical\"},\"image\":{\"@id\":\"https:\/\/theo.niranbio.com\/fr\/#\/schema\/logo\/image\/\"}}]}<\/script>\n<!-- \/ Yoast SEO plugin. -->","yoast_head_json":{"title":"Fabricant d'extrait de romarin, poudre d'extrait de romarin E392 en vrac | Niranbio Chemical","description":"Notre poudre d'extrait de romarin a une apparence de poudre brun-jaune et est largement utilis\u00e9e dans les sauces d'assaisonnement, les aliments pour animaux de compagnie et les aliments pour animaux.","robots":{"index":"noindex","follow":"follow","max-snippet":"max-snippet:-1","max-image-preview":"max-image-preview:large","max-video-preview":"max-video-preview:-1"},"twitter_misc":{"Dur\u00e9e de lecture estim\u00e9e":"3 minutes"},"schema":{"@context":"https:\/\/schema.org","@graph":[{"@type":"WebPage","@id":"https:\/\/theo.niranbio.com\/fr\/extrait-de-romarin-en-poudre.html","url":"https:\/\/theo.niranbio.com\/fr\/extrait-de-romarin-en-poudre.html","name":"Fabricant d'extrait de romarin, poudre d'extrait de romarin E392 en vrac | Niranbio Chemical","isPartOf":{"@id":"https:\/\/theo.niranbio.com\/fr\/#website"},"primaryImageOfPage":{"@id":"https:\/\/theo.niranbio.com\/fr\/extrait-de-romarin-en-poudre.html#primaryimage"},"image":{"@id":"https:\/\/theo.niranbio.com\/fr\/extrait-de-romarin-en-poudre.html#primaryimage"},"thumbnailUrl":"https:\/\/theo.niranbio.com\/wp-content\/uploads\/2024\/06\/Rosemary-Extract-Powder.webp","datePublished":"2024-06-20T03:02:34+00:00","dateModified":"2024-08-19T05:07:04+00:00","description":"Notre poudre d'extrait de romarin a une apparence de poudre brun-jaune et est largement utilis\u00e9e dans les sauces d'assaisonnement, les aliments pour animaux de compagnie et les aliments pour animaux.","breadcrumb":{"@id":"https:\/\/theo.niranbio.com\/fr\/extrait-de-romarin-en-poudre.html#breadcrumb"},"inLanguage":"fr-FR","potentialAction":[{"@type":"ReadAction","target":["https:\/\/theo.niranbio.com\/fr\/extrait-de-romarin-en-poudre.html"]}]},{"@type":"ImageObject","inLanguage":"fr-FR","@id":"https:\/\/theo.niranbio.com\/fr\/extrait-de-romarin-en-poudre.html#primaryimage","url":"https:\/\/theo.niranbio.com\/wp-content\/uploads\/2024\/06\/Rosemary-Extract-Powder.webp","contentUrl":"https:\/\/theo.niranbio.com\/wp-content\/uploads\/2024\/06\/Rosemary-Extract-Powder.webp","width":600,"height":600,"caption":"Extrait de romarin en poudre"},{"@type":"BreadcrumbList","@id":"https:\/\/theo.niranbio.com\/fr\/extrait-de-romarin-en-poudre.html#breadcrumb","itemListElement":[{"@type":"ListItem","position":1,"name":"Home","item":"https:\/\/theo.niranbio.com\/fr\/"},{"@type":"ListItem","position":2,"name":"Produits","item":"https:\/\/theo.niranbio.com\/fr\/produits.html"},{"@type":"ListItem","position":3,"name":"Antioxydant","item":"https:\/\/theo.niranbio.com\/fr\/produit-antioxydant\/"},{"@type":"ListItem","position":4,"name":"Extrait de romarin en poudre"}]},{"@type":"WebSite","@id":"https:\/\/theo.niranbio.com\/fr\/#website","url":"https:\/\/theo.niranbio.com\/fr\/","name":"Niranbio Chemical","description":"","publisher":{"@id":"https:\/\/theo.niranbio.com\/fr\/#organization"},"potentialAction":[{"@type":"SearchAction","target":{"@type":"EntryPoint","urlTemplate":"https:\/\/theo.niranbio.com\/fr\/?s={search_term_string}"},"query-input":{"@type":"PropertyValueSpecification","valueRequired":true,"valueName":"search_term_string"}}],"inLanguage":"fr-FR"},{"@type":"Organization","@id":"https:\/\/theo.niranbio.com\/fr\/#organization","name":"Niranbio Chemical","url":"https:\/\/theo.niranbio.com\/fr\/","logo":{"@type":"ImageObject","inLanguage":"fr-FR","@id":"https:\/\/theo.niranbio.com\/fr\/#\/schema\/logo\/image\/","url":"https:\/\/theo.niranbio.com\/wp-content\/uploads\/2024\/06\/Niranbio.png","contentUrl":"https:\/\/theo.niranbio.com\/wp-content\/uploads\/2024\/06\/Niranbio.png","width":270,"height":100,"caption":"Niranbio Chemical"},"image":{"@id":"https:\/\/theo.niranbio.com\/fr\/#\/schema\/logo\/image\/"}}]}},"_links":{"self":[{"href":"https:\/\/theo.niranbio.com\/fr\/wp-json\/wp\/v2\/product\/9546","targetHints":{"allow":["GET"]}}],"collection":[{"href":"https:\/\/theo.niranbio.com\/fr\/wp-json\/wp\/v2\/product"}],"about":[{"href":"https:\/\/theo.niranbio.com\/fr\/wp-json\/wp\/v2\/types\/product"}],"version-history":[{"count":0,"href":"https:\/\/theo.niranbio.com\/fr\/wp-json\/wp\/v2\/product\/9546\/revisions"}],"wp:featuredmedia":[{"embeddable":true,"href":"https:\/\/theo.niranbio.com\/fr\/wp-json\/wp\/v2\/media\/9549"}],"wp:attachment":[{"href":"https:\/\/theo.niranbio.com\/fr\/wp-json\/wp\/v2\/media?parent=9546"}],"wp:term":[{"taxonomy":"product_brand","embeddable":true,"href":"https:\/\/theo.niranbio.com\/fr\/wp-json\/wp\/v2\/product_brand?post=9546"},{"taxonomy":"product_cat","embeddable":true,"href":"https:\/\/theo.niranbio.com\/fr\/wp-json\/wp\/v2\/product_cat?post=9546"},{"taxonomy":"product_tag","embeddable":true,"href":"https:\/\/theo.niranbio.com\/fr\/wp-json\/wp\/v2\/product_tag?post=9546"}],"curies":[{"name":"wp","href":"https:\/\/api.w.org\/{rel}","templated":true}]}}