{"id":9543,"date":"2024-06-20T10:25:01","date_gmt":"2024-06-20T02:25:01","guid":{"rendered":"https:\/\/theo.niranbio.com\/pectine-dagrumes\/"},"modified":"2024-08-13T14:38:54","modified_gmt":"2024-08-13T06:38:54","slug":"pectine-dagrumes","status":"publish","type":"product","link":"https:\/\/theo.niranbio.com\/fr\/pectine-dagrumes.html","title":{"rendered":"Pectine d&rsquo;agrumes"},"content":{"rendered":"<h2><span class=\"ez-toc-section\" id=\"Quest-ce_que_la_pectine_dagrumes\"><\/span>Qu&rsquo;est-ce que la pectine d&rsquo;agrumes ?<span class=\"ez-toc-section-end\"><\/span><\/h2>\n<p>La pectine d&rsquo;agrumes est une poudre blanche sans odeur piquante. On la trouve en grande quantit\u00e9 dans les parois cellulaires des plantes, notamment des fruits et l\u00e9gumes (carottes et navets), et elle est presque insoluble dans l&rsquo;\u00e9thanol et d&rsquo;autres solvants organiques. On la trouve en concentrations \u00e9lev\u00e9es dans les \u00e9corces d&rsquo;agrumes et peut \u00eatre utilis\u00e9e comme \u00e9mulsifiant, stabilisant et \u00e9paississant dans l&rsquo;industrie alimentaire.<\/p>\n<p>Il existe quatre principaux proc\u00e9d\u00e9s de pr\u00e9paration de la pectine d&rsquo;agrumes :<\/p>\n<ol>\n<li>Extraction acide : utilisez de l&rsquo;acide (g\u00e9n\u00e9ralement de l&rsquo;acide sulfurique ou de l&rsquo;acide chlorhydrique) pour s\u00e9parer la pectine des \u00e9corces d&rsquo;agrumes. Il s&rsquo;agit d&rsquo;une m\u00e9thode plus traditionnelle et courante avec un fonctionnement simple, mais elle peut provoquer une certaine pollution de l&rsquo;environnement.<\/li>\n<li>Extraction enzymatique : Utiliser certaines enzymes sp\u00e9cifiques, telles que la pectinase, pour s\u00e9parer la pectine des \u00e9corces d&rsquo;agrumes par hydrolyse enzymatique. Cette m\u00e9thode est plus douce et plus respectueuse de l&rsquo;environnement que la m\u00e9thode acide, mais elle est plus co\u00fbteuse.<\/li>\n<li>Extraction par fluide supercritique : \u00c0 la bonne pression et \u00e0 la bonne temp\u00e9rature, extraire la pectine des \u00e9corces d&rsquo;agrumes en utilisant les propri\u00e9t\u00e9s des fluides supercritiques, tels que le dioxyde de carbone. Cette m\u00e9thode est compliqu\u00e9e \u00e0 utiliser, mais a une efficacit\u00e9 d&rsquo;extraction \u00e9lev\u00e9e et ne n\u00e9cessite pas de solvants nocifs.<\/li>\n<li>Extraction assist\u00e9e par micro-ondes : Utiliser les caract\u00e9ristiques du chauffage par micro-ondes pour am\u00e9liorer l&rsquo;efficacit\u00e9 d&rsquo;extraction de la pectine des \u00e9corces d&rsquo;agrumes et acc\u00e9l\u00e9rer le processus d&rsquo;extraction.<\/li>\n<\/ol>\n<p>Les principaux proc\u00e9d\u00e9s de production de pectine d&rsquo;agrumes sont g\u00e9n\u00e9ralement l&rsquo;extraction acide et l&rsquo;extraction enzymatique. L&rsquo;extraction acide est largement utilis\u00e9e en raison de son faible co\u00fbt et de son fonctionnement simple, mais en raison de son impact sur l&rsquo;environnement et des \u00e9ventuels probl\u00e8mes de traitement des eaux us\u00e9es, l&rsquo;extraction enzymatique a progressivement attir\u00e9 l&rsquo;attention ces derni\u00e8res ann\u00e9es. Bien que l&rsquo;extraction enzymatique soit plus co\u00fbteuse, elle peut extraire la pectine plus doucement et maintenir sa meilleure qualit\u00e9 et son activit\u00e9 biologique, elle est donc \u00e9galement largement utilis\u00e9e dans la production de produits haut de gamme et de produits biologiques.<\/p>\n<h2><span class=\"ez-toc-section\" id=\"Dosage_recommande\"><\/span>Dosage recommand\u00e9 :<span class=\"ez-toc-section-end\"><\/span><\/h2>\n<table>\n<tbody>\n<tr>\n<td><strong>Nom de l&rsquo;aliment<\/strong><\/td>\n<td><strong>Utilisation maximale (g\/kg)<\/strong><\/td>\n<\/tr>\n<tr>\n<td>Gel\u00e9e et confiture<\/td>\n<td>5-10 g\/kg<\/td>\n<\/tr>\n<tr>\n<td>Yaourt et produits laitiers<\/td>\n<td>2-5 g\/kg<\/td>\n<\/tr>\n<tr>\n<td>Cr\u00e8me glac\u00e9e<\/td>\n<td>3-8 g\/kg<\/td>\n<\/tr>\n<tr>\n<td>Produits de boulangerie (p. ex. pain, g\u00e2teaux)<\/td>\n<td>2-5 g\/kg<\/td>\n<\/tr>\n<tr>\n<td>Jus et boissons<\/td>\n<td>1-3 g\/kg<\/td>\n<\/tr>\n<tr>\n<td>Sauces (par exemple ketchup, vinaigrette)<\/td>\n<td>3-6 g\/kg<\/td>\n<\/tr>\n<tr>\n<td>Biscuits et p\u00e2tisseries<\/td>\n<td>1-4 g\/kg<\/td>\n<\/tr>\n<tr>\n<td>Produits \u00e0 base de viande (par exemple, saucisses, boulettes de viande)<\/td>\n<td>1-3 g\/kg<\/td>\n<\/tr>\n<tr>\n<td>Fromage et d\u00e9riv\u00e9s laitiers<\/td>\n<td>2-5 g\/kg<\/td>\n<\/tr>\n<tr>\n<td>Gel\u00e9es et bonbons mous<\/td>\n<td>1-3 g\/kg<\/td>\n<\/tr>\n<tr>\n<td>Bonbons et produits \u00e0 base de chocolat<\/td>\n<td>1-5 g\/kg<\/td>\n<\/tr>\n<tr>\n<td>Poissons et produits de la mer<\/td>\n<td>1-3 g\/kg<\/td>\n<\/tr>\n<tr>\n<td>M\u00e9langes d&rsquo;\u00e9pices et d&rsquo;assaisonnements<\/td>\n<td>1-4 g\/kg<\/td>\n<\/tr>\n<tr>\n<td>Vinaigre et sauce soja<\/td>\n<td>2-5 g\/kg<\/td>\n<\/tr>\n<\/tbody>\n<\/table>\n<h2><span class=\"ez-toc-section\" id=\"La_pectine_dagrumes_a_une_large_gamme_dutilisations\"><\/span>La pectine d&rsquo;agrumes a une large gamme d&rsquo;utilisations<span class=\"ez-toc-section-end\"><\/span><\/h2>\n<ol>\n<li>\u00c9paississants et stabilisateurs : la pectine d&rsquo;agrumes est souvent utilis\u00e9e comme \u00e9paississant et stabilisant pour les aliments en raison de son excellent \u00e9paississement et de sa stabilit\u00e9. Par exemple, dans des produits tels que les confitures, les gel\u00e9es, les jus de fruits, les glaces et les yaourts, la pectine d&rsquo;agrumes peut augmenter son go\u00fbt et sa consistance et am\u00e9liorer la texture et le go\u00fbt du produit.<\/li>\n<li>\u00c9mulsifiants et stabilisateurs d&rsquo;\u00e9mulsifiants : la pectine d&rsquo;agrumes a \u00e9galement de bonnes propri\u00e9t\u00e9s \u00e9mulsifiantes, qui peuvent aider \u00e0 suspendre et \u00e0 disperser les huiles pendant la transformation des aliments, rendant le go\u00fbt des aliments plus uniforme et d\u00e9licat. Ceci est particuli\u00e8rement important dans les aliments tels que la cr\u00e8me, les vinaigrettes, les desserts et les p\u00e2tisseries.<\/li>\n<li>Agent anti-cristallisation : dans les bonbons, les glaces et les aliments surgel\u00e9s, la pectine d&rsquo;agrumes peut emp\u00eacher efficacement la cristallisation du produit et maintenir la stabilit\u00e9 de son go\u00fbt et de sa texture.<\/li>\n<li>R\u00e9tention d&rsquo;humidit\u00e9 : La pectine d&rsquo;agrumes a une forte capacit\u00e9 de r\u00e9tention d&rsquo;eau, ce qui peut maintenir sa douceur et son humidit\u00e9 dans les p\u00e2tes telles que le pain et les p\u00e2tisseries, et prolonger la dur\u00e9e de conservation du produit.<\/li>\n<li>Exhausteur nutritionnel : La pectine d&rsquo;agrumes elle-m\u00eame contient une certaine quantit\u00e9 de fibres alimentaires, elle peut donc \u00eatre utilis\u00e9e comme moyen d&rsquo;augmenter la teneur en fibres alimentaires des aliments fonctionnels et des aliments enrichis nutritionnellement, ce qui contribue \u00e0 am\u00e9liorer la digestion et \u00e0 promouvoir la sant\u00e9.<\/li>\n<\/ol>\n<h2><span class=\"ez-toc-section\" id=\"Question_posee_par_lutilisateur\"><\/span>Question pos\u00e9e par l&rsquo;utilisateur :<span class=\"ez-toc-section-end\"><\/span><\/h2>\n<p>Question : La pectine d&rsquo;agrumes affecte-t-elle les intestins ?<\/p>\n<p>R\u00e9ponse : La fonction principale de la pectine d&rsquo;agrumes est d&rsquo;augmenter la viscosit\u00e9 et l&rsquo;\u00e9paisseur des aliments. En tant que type de fibre soluble, la pectine d&rsquo;agrumes aide \u00e0 r\u00e9guler la fonction intestinale, favorise la pr\u00e9vention de la constipation, favorise la croissance de bact\u00e9ries b\u00e9n\u00e9fiques et peut avoir un effet r\u00e9gulateur sur la glyc\u00e9mie et les lipides sanguins. Bien que g\u00e9n\u00e9ralement sans danger, les personnes peuvent ressentir un l\u00e9ger inconfort et il est recommand\u00e9 d&rsquo;augmenter progressivement la consommation.<\/p>\n","protected":false},"excerpt":{"rendered":"<ul>\n<li>CAS: 9000-69-5<\/li>\n<li>Formule chimique: C<sub>6<\/sub>H<sub>12<\/sub>O<sub>6<\/sub><\/li>\n<li>Certifications : KOSHER, ISO, HALAL, FSSC 22000, BRC, etc.<\/li>\n<li>Norme : GB25533\/FCC\/UE\/FAO<\/li>\n<li>Quantit\u00e9 minimum de commande : 1000 kg<\/li>\n<li>Dur\u00e9e de conservation : 2 ans<\/li>\n<\/ul>\n","protected":false},"featured_media":9544,"template":"","meta":{"site-sidebar-layout":"default","site-content-layout":"","ast-site-content-layout":"default","site-content-style":"default","site-sidebar-style":"default","ast-global-header-display":"","ast-banner-title-visibility":"","ast-main-header-display":"","ast-hfb-above-header-display":"","ast-hfb-below-header-display":"","ast-hfb-mobile-header-display":"","site-post-title":"","ast-breadcrumbs-content":"","ast-featured-img":"","footer-sml-layout":"","theme-transparent-header-meta":"default","adv-header-id-meta":"","stick-header-meta":"","header-above-stick-meta":"","header-main-stick-meta":"","header-below-stick-meta":"","astra-migrate-meta-layouts":"set","ast-page-background-enabled":"default","ast-page-background-meta":{"desktop":{"background-color":"var(--ast-global-color-4)","background-image":"","background-repeat":"repeat","background-position":"center center","background-size":"auto","background-attachment":"scroll","background-type":"","background-media":"","overlay-type":"","overlay-color":"","overlay-opacity":"","overlay-gradient":""},"tablet":{"background-color":"","background-image":"","background-repeat":"repeat","background-position":"center center","background-size":"auto","background-attachment":"scroll","background-type":"","background-media":"","overlay-type":"","overlay-color":"","overlay-opacity":"","overlay-gradient":""},"mobile":{"background-color":"","background-image":"","background-repeat":"repeat","background-position":"center center","background-size":"auto","background-attachment":"scroll","background-type":"","background-media":"","overlay-type":"","overlay-color":"","overlay-opacity":"","overlay-gradient":""}},"ast-content-background-meta":{"desktop":{"background-color":"var(--ast-global-color-5)","background-image":"","background-repeat":"repeat","background-position":"center center","background-size":"auto","background-attachment":"scroll","background-type":"","background-media":"","overlay-type":"","overlay-color":"","overlay-opacity":"","overlay-gradient":""},"tablet":{"background-color":"var(--ast-global-color-5)","background-image":"","background-repeat":"repeat","background-position":"center center","background-size":"auto","background-attachment":"scroll","background-type":"","background-media":"","overlay-type":"","overlay-color":"","overlay-opacity":"","overlay-gradient":""},"mobile":{"background-color":"var(--ast-global-color-5)","background-image":"","background-repeat":"repeat","background-position":"center center","background-size":"auto","background-attachment":"scroll","background-type":"","background-media":"","overlay-type":"","overlay-color":"","overlay-opacity":"","overlay-gradient":""}}},"product_brand":[],"product_cat":[112],"product_tag":[],"class_list":{"0":"post-9543","1":"product","2":"type-product","3":"status-publish","4":"has-post-thumbnail","6":"product_cat-produit-epaississant","7":"desktop-align-center","8":"tablet-align-left","9":"mobile-align-left","11":"first","12":"instock","13":"shipping-taxable","14":"product-type-simple"},"yoast_head":"<!-- This site is optimized with the Yoast SEO plugin v26.5 - https:\/\/yoast.com\/wordpress\/plugins\/seo\/ -->\n<title>Fournisseur de pectine d&#039;agrumes, achetez de la poudre de pectine d&#039;agrumes biologique | Niranbio Chemical<\/title>\n<meta name=\"description\" content=\"Notre pectine d&#039;agrumes est une poudre blanche sans odeur piquante, et elle peut \u00eatre utilis\u00e9e comme \u00e9mulsifiant, stabilisant et \u00e9paississant dans l&#039;industrie alimentaire.\" \/>\n<meta name=\"robots\" content=\"noindex, follow, max-snippet:-1, max-image-preview:large, max-video-preview:-1\" \/>\n<meta name=\"twitter:label1\" content=\"Dur\u00e9e de lecture estim\u00e9e\" \/>\n\t<meta name=\"twitter:data1\" content=\"4 minutes\" \/>\n<script type=\"application\/ld+json\" class=\"yoast-schema-graph\">{\"@context\":\"https:\/\/schema.org\",\"@graph\":[{\"@type\":\"WebPage\",\"@id\":\"https:\/\/theo.niranbio.com\/fr\/pectine-dagrumes.html\",\"url\":\"https:\/\/theo.niranbio.com\/fr\/pectine-dagrumes.html\",\"name\":\"Fournisseur de pectine d'agrumes, achetez de la poudre de pectine d'agrumes biologique | Niranbio Chemical\",\"isPartOf\":{\"@id\":\"https:\/\/theo.niranbio.com\/fr\/#website\"},\"primaryImageOfPage\":{\"@id\":\"https:\/\/theo.niranbio.com\/fr\/pectine-dagrumes.html#primaryimage\"},\"image\":{\"@id\":\"https:\/\/theo.niranbio.com\/fr\/pectine-dagrumes.html#primaryimage\"},\"thumbnailUrl\":\"https:\/\/theo.niranbio.com\/wp-content\/uploads\/2024\/06\/Citrus-Pectin.webp\",\"datePublished\":\"2024-06-20T02:25:01+00:00\",\"dateModified\":\"2024-08-13T06:38:54+00:00\",\"description\":\"Notre pectine d'agrumes est une poudre blanche sans odeur piquante, et elle peut \u00eatre utilis\u00e9e comme \u00e9mulsifiant, stabilisant et \u00e9paississant dans l'industrie alimentaire.\",\"breadcrumb\":{\"@id\":\"https:\/\/theo.niranbio.com\/fr\/pectine-dagrumes.html#breadcrumb\"},\"inLanguage\":\"fr-FR\",\"potentialAction\":[{\"@type\":\"ReadAction\",\"target\":[\"https:\/\/theo.niranbio.com\/fr\/pectine-dagrumes.html\"]}]},{\"@type\":\"ImageObject\",\"inLanguage\":\"fr-FR\",\"@id\":\"https:\/\/theo.niranbio.com\/fr\/pectine-dagrumes.html#primaryimage\",\"url\":\"https:\/\/theo.niranbio.com\/wp-content\/uploads\/2024\/06\/Citrus-Pectin.webp\",\"contentUrl\":\"https:\/\/theo.niranbio.com\/wp-content\/uploads\/2024\/06\/Citrus-Pectin.webp\",\"width\":600,\"height\":600,\"caption\":\"Pectine d'agrumes\"},{\"@type\":\"BreadcrumbList\",\"@id\":\"https:\/\/theo.niranbio.com\/fr\/pectine-dagrumes.html#breadcrumb\",\"itemListElement\":[{\"@type\":\"ListItem\",\"position\":1,\"name\":\"Home\",\"item\":\"https:\/\/theo.niranbio.com\/fr\/\"},{\"@type\":\"ListItem\",\"position\":2,\"name\":\"Produits\",\"item\":\"https:\/\/theo.niranbio.com\/fr\/produits.html\"},{\"@type\":\"ListItem\",\"position\":3,\"name\":\"\u00c9paississant\",\"item\":\"https:\/\/theo.niranbio.com\/fr\/produit-epaississant\/\"},{\"@type\":\"ListItem\",\"position\":4,\"name\":\"Pectine d&#8217;agrumes\"}]},{\"@type\":\"WebSite\",\"@id\":\"https:\/\/theo.niranbio.com\/fr\/#website\",\"url\":\"https:\/\/theo.niranbio.com\/fr\/\",\"name\":\"Niranbio Chemical\",\"description\":\"\",\"publisher\":{\"@id\":\"https:\/\/theo.niranbio.com\/fr\/#organization\"},\"potentialAction\":[{\"@type\":\"SearchAction\",\"target\":{\"@type\":\"EntryPoint\",\"urlTemplate\":\"https:\/\/theo.niranbio.com\/fr\/?s={search_term_string}\"},\"query-input\":{\"@type\":\"PropertyValueSpecification\",\"valueRequired\":true,\"valueName\":\"search_term_string\"}}],\"inLanguage\":\"fr-FR\"},{\"@type\":\"Organization\",\"@id\":\"https:\/\/theo.niranbio.com\/fr\/#organization\",\"name\":\"Niranbio Chemical\",\"url\":\"https:\/\/theo.niranbio.com\/fr\/\",\"logo\":{\"@type\":\"ImageObject\",\"inLanguage\":\"fr-FR\",\"@id\":\"https:\/\/theo.niranbio.com\/fr\/#\/schema\/logo\/image\/\",\"url\":\"https:\/\/theo.niranbio.com\/wp-content\/uploads\/2024\/06\/Niranbio.png\",\"contentUrl\":\"https:\/\/theo.niranbio.com\/wp-content\/uploads\/2024\/06\/Niranbio.png\",\"width\":270,\"height\":100,\"caption\":\"Niranbio Chemical\"},\"image\":{\"@id\":\"https:\/\/theo.niranbio.com\/fr\/#\/schema\/logo\/image\/\"}}]}<\/script>\n<!-- \/ Yoast SEO plugin. -->","yoast_head_json":{"title":"Fournisseur de pectine d'agrumes, achetez de la poudre de pectine d'agrumes biologique | Niranbio Chemical","description":"Notre pectine d'agrumes est une poudre blanche sans odeur piquante, et elle peut \u00eatre utilis\u00e9e comme \u00e9mulsifiant, stabilisant et \u00e9paississant dans l'industrie alimentaire.","robots":{"index":"noindex","follow":"follow","max-snippet":"max-snippet:-1","max-image-preview":"max-image-preview:large","max-video-preview":"max-video-preview:-1"},"twitter_misc":{"Dur\u00e9e de lecture estim\u00e9e":"4 minutes"},"schema":{"@context":"https:\/\/schema.org","@graph":[{"@type":"WebPage","@id":"https:\/\/theo.niranbio.com\/fr\/pectine-dagrumes.html","url":"https:\/\/theo.niranbio.com\/fr\/pectine-dagrumes.html","name":"Fournisseur de pectine d'agrumes, achetez de la poudre de pectine d'agrumes biologique | Niranbio Chemical","isPartOf":{"@id":"https:\/\/theo.niranbio.com\/fr\/#website"},"primaryImageOfPage":{"@id":"https:\/\/theo.niranbio.com\/fr\/pectine-dagrumes.html#primaryimage"},"image":{"@id":"https:\/\/theo.niranbio.com\/fr\/pectine-dagrumes.html#primaryimage"},"thumbnailUrl":"https:\/\/theo.niranbio.com\/wp-content\/uploads\/2024\/06\/Citrus-Pectin.webp","datePublished":"2024-06-20T02:25:01+00:00","dateModified":"2024-08-13T06:38:54+00:00","description":"Notre pectine d'agrumes est une poudre blanche sans odeur piquante, et elle peut \u00eatre utilis\u00e9e comme \u00e9mulsifiant, stabilisant et \u00e9paississant dans l'industrie alimentaire.","breadcrumb":{"@id":"https:\/\/theo.niranbio.com\/fr\/pectine-dagrumes.html#breadcrumb"},"inLanguage":"fr-FR","potentialAction":[{"@type":"ReadAction","target":["https:\/\/theo.niranbio.com\/fr\/pectine-dagrumes.html"]}]},{"@type":"ImageObject","inLanguage":"fr-FR","@id":"https:\/\/theo.niranbio.com\/fr\/pectine-dagrumes.html#primaryimage","url":"https:\/\/theo.niranbio.com\/wp-content\/uploads\/2024\/06\/Citrus-Pectin.webp","contentUrl":"https:\/\/theo.niranbio.com\/wp-content\/uploads\/2024\/06\/Citrus-Pectin.webp","width":600,"height":600,"caption":"Pectine d'agrumes"},{"@type":"BreadcrumbList","@id":"https:\/\/theo.niranbio.com\/fr\/pectine-dagrumes.html#breadcrumb","itemListElement":[{"@type":"ListItem","position":1,"name":"Home","item":"https:\/\/theo.niranbio.com\/fr\/"},{"@type":"ListItem","position":2,"name":"Produits","item":"https:\/\/theo.niranbio.com\/fr\/produits.html"},{"@type":"ListItem","position":3,"name":"\u00c9paississant","item":"https:\/\/theo.niranbio.com\/fr\/produit-epaississant\/"},{"@type":"ListItem","position":4,"name":"Pectine d&#8217;agrumes"}]},{"@type":"WebSite","@id":"https:\/\/theo.niranbio.com\/fr\/#website","url":"https:\/\/theo.niranbio.com\/fr\/","name":"Niranbio Chemical","description":"","publisher":{"@id":"https:\/\/theo.niranbio.com\/fr\/#organization"},"potentialAction":[{"@type":"SearchAction","target":{"@type":"EntryPoint","urlTemplate":"https:\/\/theo.niranbio.com\/fr\/?s={search_term_string}"},"query-input":{"@type":"PropertyValueSpecification","valueRequired":true,"valueName":"search_term_string"}}],"inLanguage":"fr-FR"},{"@type":"Organization","@id":"https:\/\/theo.niranbio.com\/fr\/#organization","name":"Niranbio Chemical","url":"https:\/\/theo.niranbio.com\/fr\/","logo":{"@type":"ImageObject","inLanguage":"fr-FR","@id":"https:\/\/theo.niranbio.com\/fr\/#\/schema\/logo\/image\/","url":"https:\/\/theo.niranbio.com\/wp-content\/uploads\/2024\/06\/Niranbio.png","contentUrl":"https:\/\/theo.niranbio.com\/wp-content\/uploads\/2024\/06\/Niranbio.png","width":270,"height":100,"caption":"Niranbio Chemical"},"image":{"@id":"https:\/\/theo.niranbio.com\/fr\/#\/schema\/logo\/image\/"}}]}},"_links":{"self":[{"href":"https:\/\/theo.niranbio.com\/fr\/wp-json\/wp\/v2\/product\/9543","targetHints":{"allow":["GET"]}}],"collection":[{"href":"https:\/\/theo.niranbio.com\/fr\/wp-json\/wp\/v2\/product"}],"about":[{"href":"https:\/\/theo.niranbio.com\/fr\/wp-json\/wp\/v2\/types\/product"}],"version-history":[{"count":0,"href":"https:\/\/theo.niranbio.com\/fr\/wp-json\/wp\/v2\/product\/9543\/revisions"}],"wp:featuredmedia":[{"embeddable":true,"href":"https:\/\/theo.niranbio.com\/fr\/wp-json\/wp\/v2\/media\/9544"}],"wp:attachment":[{"href":"https:\/\/theo.niranbio.com\/fr\/wp-json\/wp\/v2\/media?parent=9543"}],"wp:term":[{"taxonomy":"product_brand","embeddable":true,"href":"https:\/\/theo.niranbio.com\/fr\/wp-json\/wp\/v2\/product_brand?post=9543"},{"taxonomy":"product_cat","embeddable":true,"href":"https:\/\/theo.niranbio.com\/fr\/wp-json\/wp\/v2\/product_cat?post=9543"},{"taxonomy":"product_tag","embeddable":true,"href":"https:\/\/theo.niranbio.com\/fr\/wp-json\/wp\/v2\/product_tag?post=9543"}],"curies":[{"name":"wp","href":"https:\/\/api.w.org\/{rel}","templated":true}]}}