{"id":9539,"date":"2024-06-20T11:13:35","date_gmt":"2024-06-20T03:13:35","guid":{"rendered":"https:\/\/theo.niranbio.com\/ascorbate-de-sodium\/"},"modified":"2024-08-19T13:01:55","modified_gmt":"2024-08-19T05:01:55","slug":"ascorbate-de-sodium","status":"publish","type":"product","link":"https:\/\/theo.niranbio.com\/fr\/ascorbate-de-sodium.html","title":{"rendered":"Ascorbate de sodium"},"content":{"rendered":"<h2><span class=\"ez-toc-section\" id=\"Quest-ce_que_lascorbate_de_sodium\"><\/span>Qu&rsquo;est-ce que l&rsquo;ascorbate de sodium ?<span class=\"ez-toc-section-end\"><\/span><\/h2>\n<p>La teinte de l&rsquo;ascorbate de sodium, qui est cristallin et peut \u00eatre blanche ou l\u00e9g\u00e8rement jaune, varie. C&rsquo;est une mati\u00e8re organique. Il est inodore et relativement stable \u00e0 l&rsquo;\u00e9tat sec. Il peut \u00eatre utilis\u00e9 comme exhausteur de nutriments alimentaires dans l&rsquo;industrie alimentaire, comme colorant et antioxydant. Il joue le m\u00eame r\u00f4le que la vitamine C. Il existe deux principaux proc\u00e9d\u00e9s de pr\u00e9paration de l&rsquo;ascorbate de sodium :<\/p>\n<p>1. Utiliser la vitamine C (acide ascorbique) et le sel de sodium (comme l&rsquo;hydroxyde de sodium) comme mati\u00e8res premi\u00e8res. Utiliser l&rsquo;extraction par solvant, la cristallisation et d&rsquo;autres techniques de s\u00e9paration pour \u00e9liminer les impuret\u00e9s afin d&rsquo;obtenir de l&rsquo;ascorbate de sodium de haute puret\u00e9. En Chine, ce proc\u00e9d\u00e9 de pr\u00e9paration a une efficacit\u00e9 de production \u00e9lev\u00e9e, convient \u00e0 la production \u00e0 grande \u00e9chelle, a de faibles co\u00fbts de production et est relativement mature.<\/p>\n<p>2. Utiliser des micro-organismes sp\u00e9cifiques pour convertir les mati\u00e8res premi\u00e8res en ascorbate de sodium pendant la fermentation, mais le co\u00fbt de production de ce proc\u00e9d\u00e9 peut \u00eatre \u00e9lev\u00e9 et les exigences techniques sont complexes.<\/p>\n<h2><span class=\"ez-toc-section\" id=\"Parametres_associes\"><\/span>Param\u00e8tres associ\u00e9s :<span class=\"ez-toc-section-end\"><\/span><\/h2>\n<table>\n<tbody>\n<tr>\n<td><strong>Articles<\/strong><\/td>\n<td><strong>Normes<\/strong><\/td>\n<\/tr>\n<tr>\n<td>Test pour l&rsquo;ascorbate<\/td>\n<td>Passez<\/td>\n<\/tr>\n<tr>\n<td>Test pour le sodium<\/td>\n<td>Passez<\/td>\n<\/tr>\n<tr>\n<td>Rotation optique sp\u00e9cifique<\/td>\n<td>+103\u00b0-+106\u00b0<\/td>\n<\/tr>\n<tr>\n<td>PH(solution aqueuse \u00e0 10%)<\/td>\n<td>7.0-8.0<\/td>\n<\/tr>\n<tr>\n<td>Perte de s\u00e9chage<\/td>\n<td>\u22640.25%<\/td>\n<\/tr>\n<tr>\n<td>M\u00e9taux lourds<\/td>\n<td>\u226410ppm<\/td>\n<\/tr>\n<tr>\n<td>Acide oxalique<\/td>\n<td>\u22640.3%<\/td>\n<\/tr>\n<tr>\n<td>Arsenic<\/td>\n<td>\u22643 mg\/kg<\/td>\n<\/tr>\n<tr>\n<td>Plomb<\/td>\n<td>\u22642 mg\/kg<\/td>\n<\/tr>\n<tr>\n<td>Mercure<\/td>\n<td>\u22641mg\/kg<\/td>\n<\/tr>\n<tr>\n<td>Essai<\/td>\n<td>99.0-101%-101.0%<\/td>\n<\/tr>\n<tr>\n<td>Impuret\u00e9s organiques volatiles<\/td>\n<td>Passez<\/td>\n<\/tr>\n<\/tbody>\n<\/table>\n<h2><span class=\"ez-toc-section\" id=\"Dosage_recommande\"><\/span>Dosage recommand\u00e9 :<span class=\"ez-toc-section-end\"><\/span><\/h2>\n<table>\n<tbody>\n<tr>\n<td><strong>Nom de l&rsquo;aliment<\/strong><\/td>\n<td><strong>Utilisation maximale (g\/kg)<\/strong><\/td>\n<\/tr>\n<tr>\n<td>Boissons \u00e0 base de jus<\/td>\n<td>0,1-0,2 g\/kg<\/td>\n<\/tr>\n<tr>\n<td>Aliments en conserve<\/td>\n<td>0,1-0,2 g\/kg<\/td>\n<\/tr>\n<tr>\n<td>Assaisonnements<\/td>\n<td>0,05-0,1 g\/kg<\/td>\n<\/tr>\n<tr>\n<td>Produits \u00e0 base de viande<\/td>\n<td>0,1-0,2 g\/kg<\/td>\n<\/tr>\n<tr>\n<td>Boulangerie<\/td>\n<td>0,05-0,1 g\/kg<\/td>\n<\/tr>\n<tr>\n<td>Biscuits<\/td>\n<td>0,05-0,1 g\/kg<\/td>\n<\/tr>\n<tr>\n<td>Chocolat<\/td>\n<td>0,05-0,1 g\/kg<\/td>\n<\/tr>\n<tr>\n<td>Bonbons<\/td>\n<td>0,05-0,1 g\/kg<\/td>\n<\/tr>\n<tr>\n<td>L\u00e9gumes en conserve<\/td>\n<td>0,1-0,2 g\/kg<\/td>\n<\/tr>\n<tr>\n<td>Boissons ferment\u00e9es<\/td>\n<td>0,1-0,2 g\/kg<\/td>\n<\/tr>\n<tr>\n<td>Prot\u00e9ines en poudre<\/td>\n<td>0,05-0,1 g\/kg<\/td>\n<\/tr>\n<tr>\n<td>Fruits surgel\u00e9s<\/td>\n<td>0,05-0,1 g\/kg<\/td>\n<\/tr>\n<tr>\n<td>Assaisonnement des boissons<\/td>\n<td>0,1-0,2 g\/kg<\/td>\n<\/tr>\n<\/tbody>\n<\/table>\n<h2><span class=\"ez-toc-section\" id=\"Lascorbate_de_sodium_a_un_large_eventail_dutilisations\"><\/span>L&rsquo;ascorbate de sodium a un large \u00e9ventail d&rsquo;utilisations<span class=\"ez-toc-section-end\"><\/span><\/h2>\n<p>1. L&rsquo;ascorbate de sodium est un antioxydant puissant qui peut prolonger la dur\u00e9e de conservation des aliments en emp\u00eachant les graisses et les huiles de s&rsquo;oxyder.<\/p>\n<p>2. En tant que source de vitamine C, il peut am\u00e9liorer la valeur nutritionnelle des aliments et aider \u00e0 reconstituer la vitamine C dont le corps humain a besoin.<\/p>\n<p>3. Il peut inhiber la croissance de certains micro-organismes, jouant ainsi un r\u00f4le de conservateur.<\/p>\n<p>4. Dans certains aliments et boissons, l&rsquo;ascorbate de sodium peut aider \u00e0 stabiliser d&rsquo;autres ingr\u00e9dients et \u00e0 les emp\u00eacher de se g\u00e2ter.<\/p>\n<h2><span class=\"ez-toc-section\" id=\"Question_posee_par_lutilisateur\"><\/span>Question pos\u00e9e par l&rsquo;utilisateur :<span class=\"ez-toc-section-end\"><\/span><\/h2>\n<p>Fran\u00e7ais : Question : Quelle est la diff\u00e9rence entre l&rsquo;ascorbate de sodium et la vitamine C ordinaire ?<\/p>\n<p>R\u00e9ponse : 1. L&rsquo;ascorbate de sodium est plus stable que la vitamine C ordinaire, en particulier dans un environnement acide, et ne s&rsquo;oxyde pas ou ne se d\u00e9grade pas facilement, ce qui lui permet de conserver une dur\u00e9e de conservation plus longue lorsqu&rsquo;il est utilis\u00e9 dans les aliments et les produits de sant\u00e9.<\/p>\n<p>2. L&rsquo;ascorbate de sodium a une acidit\u00e9 plus faible et est g\u00e9n\u00e9ralement moins irritant pour l&rsquo;estomac, il convient donc mieux aux personnes sensibles aux substances acides.<\/p>\n<p>3. L&rsquo;ascorbate de sodium est souvent utilis\u00e9 dans les aliments et les produits de sant\u00e9 et peut remplacer la vitamine C ordinaire pour am\u00e9liorer la stabilit\u00e9 et r\u00e9duire l&rsquo;irritation gastro-intestinale.<\/p>\n","protected":false},"excerpt":{"rendered":"<ul>\n<li>CAS : 134-03-2<\/li>\n<li>Formule chimique: C<sub>6<\/sub>H<sub>7<\/sub>O<sub>6<\/sub>Na<\/li>\n<li>Certifications : KOSHER, ISO, HALAL, FSSC 22000, BRC, etc.<\/li>\n<li>Norme : BP2016\/USP39\/E301<\/li>\n<li>Quantit\u00e9 minimum de commande : 1000 kg<\/li>\n<li>Dur\u00e9e de conservation : 2 ans<\/li>\n<\/ul>\n","protected":false},"featured_media":9542,"template":"","meta":{"site-sidebar-layout":"default","site-content-layout":"","ast-site-content-layout":"default","site-content-style":"default","site-sidebar-style":"default","ast-global-header-display":"","ast-banner-title-visibility":"","ast-main-header-display":"","ast-hfb-above-header-display":"","ast-hfb-below-header-display":"","ast-hfb-mobile-header-display":"","site-post-title":"","ast-breadcrumbs-content":"","ast-featured-img":"","footer-sml-layout":"","theme-transparent-header-meta":"default","adv-header-id-meta":"","stick-header-meta":"","header-above-stick-meta":"","header-main-stick-meta":"","header-below-stick-meta":"","astra-migrate-meta-layouts":"set","ast-page-background-enabled":"default","ast-page-background-meta":{"desktop":{"background-color":"var(--ast-global-color-4)","background-image":"","background-repeat":"repeat","background-position":"center center","background-size":"auto","background-attachment":"scroll","background-type":"","background-media":"","overlay-type":"","overlay-color":"","overlay-opacity":"","overlay-gradient":""},"tablet":{"background-color":"","background-image":"","background-repeat":"repeat","background-position":"center center","background-size":"auto","background-attachment":"scroll","background-type":"","background-media":"","overlay-type":"","overlay-color":"","overlay-opacity":"","overlay-gradient":""},"mobile":{"background-color":"","background-image":"","background-repeat":"repeat","background-position":"center center","background-size":"auto","background-attachment":"scroll","background-type":"","background-media":"","overlay-type":"","overlay-color":"","overlay-opacity":"","overlay-gradient":""}},"ast-content-background-meta":{"desktop":{"background-color":"var(--ast-global-color-5)","background-image":"","background-repeat":"repeat","background-position":"center center","background-size":"auto","background-attachment":"scroll","background-type":"","background-media":"","overlay-type":"","overlay-color":"","overlay-opacity":"","overlay-gradient":""},"tablet":{"background-color":"var(--ast-global-color-5)","background-image":"","background-repeat":"repeat","background-position":"center center","background-size":"auto","background-attachment":"scroll","background-type":"","background-media":"","overlay-type":"","overlay-color":"","overlay-opacity":"","overlay-gradient":""},"mobile":{"background-color":"var(--ast-global-color-5)","background-image":"","background-repeat":"repeat","background-position":"center center","background-size":"auto","background-attachment":"scroll","background-type":"","background-media":"","overlay-type":"","overlay-color":"","overlay-opacity":"","overlay-gradient":""}}},"product_brand":[],"product_cat":[102],"product_tag":[],"class_list":{"0":"post-9539","1":"product","2":"type-product","3":"status-publish","4":"has-post-thumbnail","6":"product_cat-produit-antioxydant","7":"desktop-align-center","8":"tablet-align-left","9":"mobile-align-left","11":"first","12":"instock","13":"shipping-taxable","14":"product-type-simple"},"yoast_head":"<!-- This site is optimized with the Yoast SEO plugin v26.5 - https:\/\/yoast.com\/wordpress\/plugins\/seo\/ -->\n<title>Fournisseur d&#039;ascorbate de sodium, ascorbate de sodium en poudre E301 | Niranbio Chemical<\/title>\n<meta name=\"description\" content=\"Notre poudre d&#039;ascorbate de sodium est cristalline et peut \u00eatre blanche ou l\u00e9g\u00e8rement jaune, elle peut \u00eatre utilis\u00e9e comme exhausteur de nutriments alimentaires, colorant et antioxydant.\" \/>\n<meta name=\"robots\" content=\"noindex, follow, max-snippet:-1, max-image-preview:large, max-video-preview:-1\" \/>\n<meta name=\"twitter:label1\" content=\"Dur\u00e9e de lecture estim\u00e9e\" \/>\n\t<meta name=\"twitter:data1\" content=\"3 minutes\" \/>\n<script type=\"application\/ld+json\" class=\"yoast-schema-graph\">{\"@context\":\"https:\/\/schema.org\",\"@graph\":[{\"@type\":\"WebPage\",\"@id\":\"https:\/\/theo.niranbio.com\/fr\/ascorbate-de-sodium.html\",\"url\":\"https:\/\/theo.niranbio.com\/fr\/ascorbate-de-sodium.html\",\"name\":\"Fournisseur d'ascorbate de sodium, ascorbate de sodium en poudre E301 | Niranbio Chemical\",\"isPartOf\":{\"@id\":\"https:\/\/theo.niranbio.com\/fr\/#website\"},\"primaryImageOfPage\":{\"@id\":\"https:\/\/theo.niranbio.com\/fr\/ascorbate-de-sodium.html#primaryimage\"},\"image\":{\"@id\":\"https:\/\/theo.niranbio.com\/fr\/ascorbate-de-sodium.html#primaryimage\"},\"thumbnailUrl\":\"https:\/\/theo.niranbio.com\/wp-content\/uploads\/2024\/06\/USP-Sodium-Ascorbate.webp\",\"datePublished\":\"2024-06-20T03:13:35+00:00\",\"dateModified\":\"2024-08-19T05:01:55+00:00\",\"description\":\"Notre poudre d'ascorbate de sodium est cristalline et peut \u00eatre blanche ou l\u00e9g\u00e8rement jaune, elle peut \u00eatre utilis\u00e9e comme exhausteur de nutriments alimentaires, colorant et antioxydant.\",\"breadcrumb\":{\"@id\":\"https:\/\/theo.niranbio.com\/fr\/ascorbate-de-sodium.html#breadcrumb\"},\"inLanguage\":\"fr-FR\",\"potentialAction\":[{\"@type\":\"ReadAction\",\"target\":[\"https:\/\/theo.niranbio.com\/fr\/ascorbate-de-sodium.html\"]}]},{\"@type\":\"ImageObject\",\"inLanguage\":\"fr-FR\",\"@id\":\"https:\/\/theo.niranbio.com\/fr\/ascorbate-de-sodium.html#primaryimage\",\"url\":\"https:\/\/theo.niranbio.com\/wp-content\/uploads\/2024\/06\/USP-Sodium-Ascorbate.webp\",\"contentUrl\":\"https:\/\/theo.niranbio.com\/wp-content\/uploads\/2024\/06\/USP-Sodium-Ascorbate.webp\",\"width\":600,\"height\":600,\"caption\":\"Ascorbate de sodium USP\"},{\"@type\":\"BreadcrumbList\",\"@id\":\"https:\/\/theo.niranbio.com\/fr\/ascorbate-de-sodium.html#breadcrumb\",\"itemListElement\":[{\"@type\":\"ListItem\",\"position\":1,\"name\":\"Home\",\"item\":\"https:\/\/theo.niranbio.com\/fr\/\"},{\"@type\":\"ListItem\",\"position\":2,\"name\":\"Produits\",\"item\":\"https:\/\/theo.niranbio.com\/fr\/produits.html\"},{\"@type\":\"ListItem\",\"position\":3,\"name\":\"Antioxydant\",\"item\":\"https:\/\/theo.niranbio.com\/fr\/produit-antioxydant\/\"},{\"@type\":\"ListItem\",\"position\":4,\"name\":\"Ascorbate de sodium\"}]},{\"@type\":\"WebSite\",\"@id\":\"https:\/\/theo.niranbio.com\/fr\/#website\",\"url\":\"https:\/\/theo.niranbio.com\/fr\/\",\"name\":\"Niranbio Chemical\",\"description\":\"\",\"publisher\":{\"@id\":\"https:\/\/theo.niranbio.com\/fr\/#organization\"},\"potentialAction\":[{\"@type\":\"SearchAction\",\"target\":{\"@type\":\"EntryPoint\",\"urlTemplate\":\"https:\/\/theo.niranbio.com\/fr\/?s={search_term_string}\"},\"query-input\":{\"@type\":\"PropertyValueSpecification\",\"valueRequired\":true,\"valueName\":\"search_term_string\"}}],\"inLanguage\":\"fr-FR\"},{\"@type\":\"Organization\",\"@id\":\"https:\/\/theo.niranbio.com\/fr\/#organization\",\"name\":\"Niranbio Chemical\",\"url\":\"https:\/\/theo.niranbio.com\/fr\/\",\"logo\":{\"@type\":\"ImageObject\",\"inLanguage\":\"fr-FR\",\"@id\":\"https:\/\/theo.niranbio.com\/fr\/#\/schema\/logo\/image\/\",\"url\":\"https:\/\/theo.niranbio.com\/wp-content\/uploads\/2024\/06\/Niranbio.png\",\"contentUrl\":\"https:\/\/theo.niranbio.com\/wp-content\/uploads\/2024\/06\/Niranbio.png\",\"width\":270,\"height\":100,\"caption\":\"Niranbio Chemical\"},\"image\":{\"@id\":\"https:\/\/theo.niranbio.com\/fr\/#\/schema\/logo\/image\/\"}}]}<\/script>\n<!-- \/ Yoast SEO plugin. -->","yoast_head_json":{"title":"Fournisseur d'ascorbate de sodium, ascorbate de sodium en poudre E301 | Niranbio Chemical","description":"Notre poudre d'ascorbate de sodium est cristalline et peut \u00eatre blanche ou l\u00e9g\u00e8rement jaune, elle peut \u00eatre utilis\u00e9e comme exhausteur de nutriments alimentaires, colorant et antioxydant.","robots":{"index":"noindex","follow":"follow","max-snippet":"max-snippet:-1","max-image-preview":"max-image-preview:large","max-video-preview":"max-video-preview:-1"},"twitter_misc":{"Dur\u00e9e de lecture estim\u00e9e":"3 minutes"},"schema":{"@context":"https:\/\/schema.org","@graph":[{"@type":"WebPage","@id":"https:\/\/theo.niranbio.com\/fr\/ascorbate-de-sodium.html","url":"https:\/\/theo.niranbio.com\/fr\/ascorbate-de-sodium.html","name":"Fournisseur d'ascorbate de sodium, ascorbate de sodium en poudre E301 | Niranbio Chemical","isPartOf":{"@id":"https:\/\/theo.niranbio.com\/fr\/#website"},"primaryImageOfPage":{"@id":"https:\/\/theo.niranbio.com\/fr\/ascorbate-de-sodium.html#primaryimage"},"image":{"@id":"https:\/\/theo.niranbio.com\/fr\/ascorbate-de-sodium.html#primaryimage"},"thumbnailUrl":"https:\/\/theo.niranbio.com\/wp-content\/uploads\/2024\/06\/USP-Sodium-Ascorbate.webp","datePublished":"2024-06-20T03:13:35+00:00","dateModified":"2024-08-19T05:01:55+00:00","description":"Notre poudre d'ascorbate de sodium est cristalline et peut \u00eatre blanche ou l\u00e9g\u00e8rement jaune, elle peut \u00eatre utilis\u00e9e comme exhausteur de nutriments alimentaires, colorant et antioxydant.","breadcrumb":{"@id":"https:\/\/theo.niranbio.com\/fr\/ascorbate-de-sodium.html#breadcrumb"},"inLanguage":"fr-FR","potentialAction":[{"@type":"ReadAction","target":["https:\/\/theo.niranbio.com\/fr\/ascorbate-de-sodium.html"]}]},{"@type":"ImageObject","inLanguage":"fr-FR","@id":"https:\/\/theo.niranbio.com\/fr\/ascorbate-de-sodium.html#primaryimage","url":"https:\/\/theo.niranbio.com\/wp-content\/uploads\/2024\/06\/USP-Sodium-Ascorbate.webp","contentUrl":"https:\/\/theo.niranbio.com\/wp-content\/uploads\/2024\/06\/USP-Sodium-Ascorbate.webp","width":600,"height":600,"caption":"Ascorbate de sodium USP"},{"@type":"BreadcrumbList","@id":"https:\/\/theo.niranbio.com\/fr\/ascorbate-de-sodium.html#breadcrumb","itemListElement":[{"@type":"ListItem","position":1,"name":"Home","item":"https:\/\/theo.niranbio.com\/fr\/"},{"@type":"ListItem","position":2,"name":"Produits","item":"https:\/\/theo.niranbio.com\/fr\/produits.html"},{"@type":"ListItem","position":3,"name":"Antioxydant","item":"https:\/\/theo.niranbio.com\/fr\/produit-antioxydant\/"},{"@type":"ListItem","position":4,"name":"Ascorbate de sodium"}]},{"@type":"WebSite","@id":"https:\/\/theo.niranbio.com\/fr\/#website","url":"https:\/\/theo.niranbio.com\/fr\/","name":"Niranbio Chemical","description":"","publisher":{"@id":"https:\/\/theo.niranbio.com\/fr\/#organization"},"potentialAction":[{"@type":"SearchAction","target":{"@type":"EntryPoint","urlTemplate":"https:\/\/theo.niranbio.com\/fr\/?s={search_term_string}"},"query-input":{"@type":"PropertyValueSpecification","valueRequired":true,"valueName":"search_term_string"}}],"inLanguage":"fr-FR"},{"@type":"Organization","@id":"https:\/\/theo.niranbio.com\/fr\/#organization","name":"Niranbio Chemical","url":"https:\/\/theo.niranbio.com\/fr\/","logo":{"@type":"ImageObject","inLanguage":"fr-FR","@id":"https:\/\/theo.niranbio.com\/fr\/#\/schema\/logo\/image\/","url":"https:\/\/theo.niranbio.com\/wp-content\/uploads\/2024\/06\/Niranbio.png","contentUrl":"https:\/\/theo.niranbio.com\/wp-content\/uploads\/2024\/06\/Niranbio.png","width":270,"height":100,"caption":"Niranbio Chemical"},"image":{"@id":"https:\/\/theo.niranbio.com\/fr\/#\/schema\/logo\/image\/"}}]}},"_links":{"self":[{"href":"https:\/\/theo.niranbio.com\/fr\/wp-json\/wp\/v2\/product\/9539","targetHints":{"allow":["GET"]}}],"collection":[{"href":"https:\/\/theo.niranbio.com\/fr\/wp-json\/wp\/v2\/product"}],"about":[{"href":"https:\/\/theo.niranbio.com\/fr\/wp-json\/wp\/v2\/types\/product"}],"version-history":[{"count":0,"href":"https:\/\/theo.niranbio.com\/fr\/wp-json\/wp\/v2\/product\/9539\/revisions"}],"wp:featuredmedia":[{"embeddable":true,"href":"https:\/\/theo.niranbio.com\/fr\/wp-json\/wp\/v2\/media\/9542"}],"wp:attachment":[{"href":"https:\/\/theo.niranbio.com\/fr\/wp-json\/wp\/v2\/media?parent=9539"}],"wp:term":[{"taxonomy":"product_brand","embeddable":true,"href":"https:\/\/theo.niranbio.com\/fr\/wp-json\/wp\/v2\/product_brand?post=9539"},{"taxonomy":"product_cat","embeddable":true,"href":"https:\/\/theo.niranbio.com\/fr\/wp-json\/wp\/v2\/product_cat?post=9539"},{"taxonomy":"product_tag","embeddable":true,"href":"https:\/\/theo.niranbio.com\/fr\/wp-json\/wp\/v2\/product_tag?post=9539"}],"curies":[{"name":"wp","href":"https:\/\/api.w.org\/{rel}","templated":true}]}}