{"id":9536,"date":"2024-06-20T10:25:51","date_gmt":"2024-06-20T02:25:51","guid":{"rendered":"https:\/\/theo.niranbio.com\/gelatine-de-qualite-alimentaire-80-bloom-150-bloom-200-bloom-280-bloom\/"},"modified":"2024-08-19T13:45:21","modified_gmt":"2024-08-19T05:45:21","slug":"gelatine-de-qualite-alimentaire-80-bloom-150-bloom-200-bloom-280-bloom","status":"publish","type":"product","link":"https:\/\/theo.niranbio.com\/fr\/gelatine-de-qualite-alimentaire-80-bloom-150-bloom-200-bloom-280-bloom.html","title":{"rendered":"G\u00e9latine de qualit\u00e9 alimentaire (80 Bloom\/150 Bloom\/200 Bloom\/280 Bloom)"},"content":{"rendered":"<h2><span class=\"ez-toc-section\" id=\"Quest-ce_que_la_gelatine_de_qualite_alimentaire\"><\/span>Qu&rsquo;est-ce que la g\u00e9latine de qualit\u00e9 alimentaire ?<span class=\"ez-toc-section-end\"><\/span><\/h2>\n<p>La g\u00e9latine de qualit\u00e9 alimentaire est un mat\u00e9riau polym\u00e8re peptidique, un produit hydrolys\u00e9 de prot\u00e9ine de collag\u00e8ne, avec une forte absorption d&rsquo;eau et une viscosit\u00e9 \u00e9lev\u00e9e.<\/p>\n<p>Elle poss\u00e8de de nombreuses propri\u00e9t\u00e9s physiques et chimiques uniques et une valeur nutritionnelle \u00e9lev\u00e9e. Elle est largement utilis\u00e9e dans les secteurs de l&rsquo;impression, de la teinture, de la cuisine et du textile. Les mati\u00e8res premi\u00e8res de la g\u00e9latine de qualit\u00e9 alimentaire peuvent \u00eatre de la peau de vache, de la peau de porc ou des os. Apr\u00e8s avoir class\u00e9 et tremp\u00e9 dans l&rsquo;acide les agr\u00e9gats choisis pour extraire l&rsquo;\u00e9l\u00e9ment osseux, la graisse et l&rsquo;huile sont \u00e9limin\u00e9es avec de l&rsquo;eau, et l&rsquo;\u00e9l\u00e9ment osseux fractur\u00e9 est tremp\u00e9 dans de la cendre, rinc\u00e9 \u00e0 l&rsquo;eau et neutralis\u00e9.<\/p>\n<p>Apr\u00e8s neutralisation, il est bouilli pour obtenir du liquide g\u00e9latineux. Le liquide g\u00e9latineux est s\u00e9par\u00e9 par centrifugation \u00e0 grande vitesse (pour \u00e9liminer la graisse et les impuret\u00e9s), concentr\u00e9, form\u00e9, s\u00e9ch\u00e9 et d&rsquo;autres processus pour devenir de la g\u00e9latine solide.<\/p>\n<h2><span class=\"ez-toc-section\" id=\"Dosage_recommande\"><\/span>Dosage recommand\u00e9 :<span class=\"ez-toc-section-end\"><\/span><\/h2>\n<table>\n<tbody>\n<tr>\n<td><strong>Nom de l&rsquo;aliment<\/strong><\/td>\n<td><strong>Utilisation maximale (g\/kg)<\/strong><\/td>\n<\/tr>\n<tr>\n<td>Gel\u00e9e et boissons aux fruits<\/td>\n<td>5 &#8211; 20 g\/kg<\/td>\n<\/tr>\n<tr>\n<td>Confiserie (bonbons, chewing-gums, etc.)<\/td>\n<td>10 &#8211; 30 g\/kg<\/td>\n<\/tr>\n<tr>\n<td>Produits laitiers (yaourt, cr\u00e8me glac\u00e9e, etc.)<\/td>\n<td>2 &#8211; 10 g\/kg<\/td>\n<\/tr>\n<tr>\n<td>Produits \u00e0 base de viande (jambon, saucisse, etc.)<\/td>\n<td>3 &#8211; 10 g\/kg<\/td>\n<\/tr>\n<tr>\n<td>Sauces et assaisonnements<\/td>\n<td>3 &#8211; 10 g\/kg<\/td>\n<\/tr>\n<tr>\n<td>Bi\u00e8re et boissons<\/td>\n<td>1 &#8211; 5 g\/kg<\/td>\n<\/tr>\n<tr>\n<td>Produits de boulangerie (g\u00e2teaux, pain, etc.)<\/td>\n<td>5 &#8211; 20 g\/kg<\/td>\n<\/tr>\n<tr>\n<td>Produits de la mer<\/td>\n<td>3 &#8211; 10 g\/kg<\/td>\n<\/tr>\n<tr>\n<td>Aliments de commodit\u00e9 (aliments surgel\u00e9s, plats pr\u00e9par\u00e9s, etc.)<\/td>\n<td>5 &#8211; 20 g\/kg<\/td>\n<\/tr>\n<tr>\n<td>Assaisonnements de salades et sauces<\/td>\n<td>3 &#8211; 10 g\/kg<\/td>\n<\/tr>\n<tr>\n<td>Biscuits et g\u00e2teaux<\/td>\n<td>5 &#8211; 20 g\/kg<\/td>\n<\/tr>\n<tr>\n<td>Hot-dogs et hamburgers<\/td>\n<td>5 &#8211; 20 g\/kg<\/td>\n<\/tr>\n<tr>\n<td>Viande et volaille transform\u00e9es<\/td>\n<td>3 &#8211; 10 g\/kg<\/td>\n<\/tr>\n<\/tbody>\n<\/table>\n<h2><span class=\"ez-toc-section\" id=\"La_gelatine_de_qualite_alimentaire_a_une_large_gamme_dutilisations\"><\/span>La g\u00e9latine de qualit\u00e9 alimentaire a une large gamme d&rsquo;utilisations<span class=\"ez-toc-section-end\"><\/span><\/h2>\n<ol>\n<li>\u00c9paississant et g\u00e9lifiant : la g\u00e9latine peut former un gel dans l&rsquo;eau, donnant aux aliments la structure et le go\u00fbt souhait\u00e9s. Cette fonction est tr\u00e8s importante dans la fabrication de gel\u00e9es, de bonbons, de jus de fruits, de produits laitiers, etc.<\/li>\n<li>Stabilisateur : la g\u00e9latine peut am\u00e9liorer la stabilit\u00e9 des aliments, emp\u00eacher la s\u00e9paration ou la pr\u00e9cipitation des ingr\u00e9dients et prolonger la dur\u00e9e de conservation des aliments. Elle est largement utilis\u00e9e dans les produits liquides tels que les produits laitiers, les boissons et les jus de fruits.<\/li>\n<li>Augmenter la viscosit\u00e9 et l&rsquo;adh\u00e9rence : la g\u00e9latine peut augmenter la viscosit\u00e9 et l&rsquo;adh\u00e9rence des aliments, am\u00e9liorer le go\u00fbt et la texture des aliments, tels que les produits de confiserie tels que les bonbons mous et les chewing-gums.<\/li>\n<li>Hydratant : la g\u00e9latine peut absorber et retenir l&rsquo;humidit\u00e9 des aliments, emp\u00eacher les aliments de s\u00e9cher et de durcir et maintenir la douceur et l&rsquo;humidit\u00e9 des aliments.<\/li>\n<li>Agent de formage : Lors de la fabrication de produits \u00e0 base de viande, de g\u00e2teaux et de bonbons, la g\u00e9latine peut \u00eatre utilis\u00e9e comme agent de formage pour aider \u00e0 maintenir la forme et la structure des aliments et am\u00e9liorer la texture globale du produit.<\/li>\n<li>Support de compl\u00e9ment nutritionnel : La g\u00e9latine peut \u00eatre utilis\u00e9e comme agent d&rsquo;enrobage ou composant de capsules et de comprim\u00e9s pour fabriquer des compl\u00e9ments nutritionnels oraux et des m\u00e9dicaments.<\/li>\n<\/ol>\n<h2><span class=\"ez-toc-section\" id=\"Question_posee_par_lutilisateur\"><\/span>Question pos\u00e9e par l&rsquo;utilisateur :<span class=\"ez-toc-section-end\"><\/span><\/h2>\n<p>Question : Existe-t-il des alternatives \u00e0 la g\u00e9latine ? Quels sont les effets sur la sant\u00e9 ?<\/p>\n<p>R\u00e9ponse : Dans certains cas, des \u00e9paississants ou g\u00e9lifiants d&rsquo;origine v\u00e9g\u00e9tale peuvent remplacer la g\u00e9latine, mais leurs fonctions et leurs effets peuvent ne pas \u00eatre exactement les m\u00eames. La g\u00e9latine elle-m\u00eame est g\u00e9n\u00e9ralement consid\u00e9r\u00e9e comme ayant moins d&rsquo;impact sur la sant\u00e9, mais certaines personnes peuvent la pr\u00e9f\u00e9rer ou l&rsquo;\u00e9viter en raison de son origine animale.<\/p>\n<p>Question : Les v\u00e9g\u00e9tariens et les musulmans peuvent-ils consommer des produits contenant de la g\u00e9latine ?<\/p>\n<p>R\u00e9ponse : La g\u00e9latine \u00e9tant g\u00e9n\u00e9ralement d&rsquo;origine animale, les v\u00e9g\u00e9tariens et les musulmans peuvent \u00e9viter les produits contenant de la g\u00e9latine, en particulier ceux qui ne sont pas certifi\u00e9s halal ou v\u00e9g\u00e9tariens.<\/p>\n","protected":false},"excerpt":{"rendered":"<ul>\n<li>CAS: 9000-70-8<\/li>\n<li>Formule chimique: C<sub>6<\/sub>H<sub>12<\/sub>O<sub>6<\/sub><\/li>\n<li>Certifications : KOSHER, ISO, HALAL, FSSC 22000, BRC, etc.<\/li>\n<li>Norme : E441<\/li>\n<li>Quantit\u00e9 minimum de commande : 1000 kg<\/li>\n<li>Dur\u00e9e de conservation : 2 ans<\/li>\n<\/ul>\n","protected":false},"featured_media":9537,"template":"","meta":{"site-sidebar-layout":"default","site-content-layout":"","ast-site-content-layout":"default","site-content-style":"default","site-sidebar-style":"default","ast-global-header-display":"","ast-banner-title-visibility":"","ast-main-header-display":"","ast-hfb-above-header-display":"","ast-hfb-below-header-display":"","ast-hfb-mobile-header-display":"","site-post-title":"","ast-breadcrumbs-content":"","ast-featured-img":"","footer-sml-layout":"","theme-transparent-header-meta":"default","adv-header-id-meta":"","stick-header-meta":"","header-above-stick-meta":"","header-main-stick-meta":"","header-below-stick-meta":"","astra-migrate-meta-layouts":"set","ast-page-background-enabled":"default","ast-page-background-meta":{"desktop":{"background-color":"var(--ast-global-color-4)","background-image":"","background-repeat":"repeat","background-position":"center center","background-size":"auto","background-attachment":"scroll","background-type":"","background-media":"","overlay-type":"","overlay-color":"","overlay-opacity":"","overlay-gradient":""},"tablet":{"background-color":"","background-image":"","background-repeat":"repeat","background-position":"center center","background-size":"auto","background-attachment":"scroll","background-type":"","background-media":"","overlay-type":"","overlay-color":"","overlay-opacity":"","overlay-gradient":""},"mobile":{"background-color":"","background-image":"","background-repeat":"repeat","background-position":"center center","background-size":"auto","background-attachment":"scroll","background-type":"","background-media":"","overlay-type":"","overlay-color":"","overlay-opacity":"","overlay-gradient":""}},"ast-content-background-meta":{"desktop":{"background-color":"var(--ast-global-color-5)","background-image":"","background-repeat":"repeat","background-position":"center center","background-size":"auto","background-attachment":"scroll","background-type":"","background-media":"","overlay-type":"","overlay-color":"","overlay-opacity":"","overlay-gradient":""},"tablet":{"background-color":"var(--ast-global-color-5)","background-image":"","background-repeat":"repeat","background-position":"center center","background-size":"auto","background-attachment":"scroll","background-type":"","background-media":"","overlay-type":"","overlay-color":"","overlay-opacity":"","overlay-gradient":""},"mobile":{"background-color":"var(--ast-global-color-5)","background-image":"","background-repeat":"repeat","background-position":"center center","background-size":"auto","background-attachment":"scroll","background-type":"","background-media":"","overlay-type":"","overlay-color":"","overlay-opacity":"","overlay-gradient":""}}},"product_brand":[],"product_cat":[112],"product_tag":[],"class_list":{"0":"post-9536","1":"product","2":"type-product","3":"status-publish","4":"has-post-thumbnail","6":"product_cat-produit-epaississant","7":"desktop-align-center","8":"tablet-align-left","9":"mobile-align-left","11":"first","12":"instock","13":"shipping-taxable","14":"product-type-simple"},"yoast_head":"<!-- This site is optimized with the Yoast SEO plugin v26.5 - https:\/\/yoast.com\/wordpress\/plugins\/seo\/ -->\n<title>Fabricant de g\u00e9latine biologique en Chine, prix en gros de g\u00e9latine poudre E441 | Niranbio Chemical<\/title>\n<meta name=\"description\" content=\"Notre poudre de g\u00e9latine est un mat\u00e9riau polym\u00e8re peptidique, un produit hydrolys\u00e9 de prot\u00e9ine de collag\u00e8ne, avec une forte absorption d&#039;eau et une viscosit\u00e9 \u00e9lev\u00e9e.\" \/>\n<meta name=\"robots\" content=\"noindex, follow, max-snippet:-1, max-image-preview:large, max-video-preview:-1\" \/>\n<meta name=\"twitter:label1\" content=\"Dur\u00e9e de lecture estim\u00e9e\" \/>\n\t<meta name=\"twitter:data1\" content=\"3 minutes\" \/>\n<script type=\"application\/ld+json\" class=\"yoast-schema-graph\">{\"@context\":\"https:\/\/schema.org\",\"@graph\":[{\"@type\":\"WebPage\",\"@id\":\"https:\/\/theo.niranbio.com\/fr\/gelatine-de-qualite-alimentaire-80-bloom-150-bloom-200-bloom-280-bloom.html\",\"url\":\"https:\/\/theo.niranbio.com\/fr\/gelatine-de-qualite-alimentaire-80-bloom-150-bloom-200-bloom-280-bloom.html\",\"name\":\"Fabricant de g\u00e9latine biologique en Chine, prix en gros de g\u00e9latine poudre E441 | Niranbio Chemical\",\"isPartOf\":{\"@id\":\"https:\/\/theo.niranbio.com\/fr\/#website\"},\"primaryImageOfPage\":{\"@id\":\"https:\/\/theo.niranbio.com\/fr\/gelatine-de-qualite-alimentaire-80-bloom-150-bloom-200-bloom-280-bloom.html#primaryimage\"},\"image\":{\"@id\":\"https:\/\/theo.niranbio.com\/fr\/gelatine-de-qualite-alimentaire-80-bloom-150-bloom-200-bloom-280-bloom.html#primaryimage\"},\"thumbnailUrl\":\"https:\/\/theo.niranbio.com\/wp-content\/uploads\/2024\/06\/Gelatin.webp\",\"datePublished\":\"2024-06-20T02:25:51+00:00\",\"dateModified\":\"2024-08-19T05:45:21+00:00\",\"description\":\"Notre poudre de g\u00e9latine est un mat\u00e9riau polym\u00e8re peptidique, un produit hydrolys\u00e9 de prot\u00e9ine de collag\u00e8ne, avec une forte absorption d'eau et une viscosit\u00e9 \u00e9lev\u00e9e.\",\"breadcrumb\":{\"@id\":\"https:\/\/theo.niranbio.com\/fr\/gelatine-de-qualite-alimentaire-80-bloom-150-bloom-200-bloom-280-bloom.html#breadcrumb\"},\"inLanguage\":\"fr-FR\",\"potentialAction\":[{\"@type\":\"ReadAction\",\"target\":[\"https:\/\/theo.niranbio.com\/fr\/gelatine-de-qualite-alimentaire-80-bloom-150-bloom-200-bloom-280-bloom.html\"]}]},{\"@type\":\"ImageObject\",\"inLanguage\":\"fr-FR\",\"@id\":\"https:\/\/theo.niranbio.com\/fr\/gelatine-de-qualite-alimentaire-80-bloom-150-bloom-200-bloom-280-bloom.html#primaryimage\",\"url\":\"https:\/\/theo.niranbio.com\/wp-content\/uploads\/2024\/06\/Gelatin.webp\",\"contentUrl\":\"https:\/\/theo.niranbio.com\/wp-content\/uploads\/2024\/06\/Gelatin.webp\",\"width\":600,\"height\":600,\"caption\":\"G\u00e9latine\"},{\"@type\":\"BreadcrumbList\",\"@id\":\"https:\/\/theo.niranbio.com\/fr\/gelatine-de-qualite-alimentaire-80-bloom-150-bloom-200-bloom-280-bloom.html#breadcrumb\",\"itemListElement\":[{\"@type\":\"ListItem\",\"position\":1,\"name\":\"Home\",\"item\":\"https:\/\/theo.niranbio.com\/fr\/\"},{\"@type\":\"ListItem\",\"position\":2,\"name\":\"Produits\",\"item\":\"https:\/\/theo.niranbio.com\/fr\/produits.html\"},{\"@type\":\"ListItem\",\"position\":3,\"name\":\"\u00c9paississant\",\"item\":\"https:\/\/theo.niranbio.com\/fr\/produit-epaississant\/\"},{\"@type\":\"ListItem\",\"position\":4,\"name\":\"G\u00e9latine de qualit\u00e9 alimentaire (80 Bloom\/150 Bloom\/200 Bloom\/280 Bloom)\"}]},{\"@type\":\"WebSite\",\"@id\":\"https:\/\/theo.niranbio.com\/fr\/#website\",\"url\":\"https:\/\/theo.niranbio.com\/fr\/\",\"name\":\"Niranbio Chemical\",\"description\":\"\",\"publisher\":{\"@id\":\"https:\/\/theo.niranbio.com\/fr\/#organization\"},\"potentialAction\":[{\"@type\":\"SearchAction\",\"target\":{\"@type\":\"EntryPoint\",\"urlTemplate\":\"https:\/\/theo.niranbio.com\/fr\/?s={search_term_string}\"},\"query-input\":{\"@type\":\"PropertyValueSpecification\",\"valueRequired\":true,\"valueName\":\"search_term_string\"}}],\"inLanguage\":\"fr-FR\"},{\"@type\":\"Organization\",\"@id\":\"https:\/\/theo.niranbio.com\/fr\/#organization\",\"name\":\"Niranbio Chemical\",\"url\":\"https:\/\/theo.niranbio.com\/fr\/\",\"logo\":{\"@type\":\"ImageObject\",\"inLanguage\":\"fr-FR\",\"@id\":\"https:\/\/theo.niranbio.com\/fr\/#\/schema\/logo\/image\/\",\"url\":\"https:\/\/theo.niranbio.com\/wp-content\/uploads\/2024\/06\/Niranbio.png\",\"contentUrl\":\"https:\/\/theo.niranbio.com\/wp-content\/uploads\/2024\/06\/Niranbio.png\",\"width\":270,\"height\":100,\"caption\":\"Niranbio Chemical\"},\"image\":{\"@id\":\"https:\/\/theo.niranbio.com\/fr\/#\/schema\/logo\/image\/\"}}]}<\/script>\n<!-- \/ Yoast SEO plugin. -->","yoast_head_json":{"title":"Fabricant de g\u00e9latine biologique en Chine, prix en gros de g\u00e9latine poudre E441 | Niranbio Chemical","description":"Notre poudre de g\u00e9latine est un mat\u00e9riau polym\u00e8re peptidique, un produit hydrolys\u00e9 de prot\u00e9ine de collag\u00e8ne, avec une forte absorption d'eau et une viscosit\u00e9 \u00e9lev\u00e9e.","robots":{"index":"noindex","follow":"follow","max-snippet":"max-snippet:-1","max-image-preview":"max-image-preview:large","max-video-preview":"max-video-preview:-1"},"twitter_misc":{"Dur\u00e9e de lecture estim\u00e9e":"3 minutes"},"schema":{"@context":"https:\/\/schema.org","@graph":[{"@type":"WebPage","@id":"https:\/\/theo.niranbio.com\/fr\/gelatine-de-qualite-alimentaire-80-bloom-150-bloom-200-bloom-280-bloom.html","url":"https:\/\/theo.niranbio.com\/fr\/gelatine-de-qualite-alimentaire-80-bloom-150-bloom-200-bloom-280-bloom.html","name":"Fabricant de g\u00e9latine biologique en Chine, prix en gros de g\u00e9latine poudre E441 | Niranbio Chemical","isPartOf":{"@id":"https:\/\/theo.niranbio.com\/fr\/#website"},"primaryImageOfPage":{"@id":"https:\/\/theo.niranbio.com\/fr\/gelatine-de-qualite-alimentaire-80-bloom-150-bloom-200-bloom-280-bloom.html#primaryimage"},"image":{"@id":"https:\/\/theo.niranbio.com\/fr\/gelatine-de-qualite-alimentaire-80-bloom-150-bloom-200-bloom-280-bloom.html#primaryimage"},"thumbnailUrl":"https:\/\/theo.niranbio.com\/wp-content\/uploads\/2024\/06\/Gelatin.webp","datePublished":"2024-06-20T02:25:51+00:00","dateModified":"2024-08-19T05:45:21+00:00","description":"Notre poudre de g\u00e9latine est un mat\u00e9riau polym\u00e8re peptidique, un produit hydrolys\u00e9 de prot\u00e9ine de collag\u00e8ne, avec une forte absorption d'eau et une viscosit\u00e9 \u00e9lev\u00e9e.","breadcrumb":{"@id":"https:\/\/theo.niranbio.com\/fr\/gelatine-de-qualite-alimentaire-80-bloom-150-bloom-200-bloom-280-bloom.html#breadcrumb"},"inLanguage":"fr-FR","potentialAction":[{"@type":"ReadAction","target":["https:\/\/theo.niranbio.com\/fr\/gelatine-de-qualite-alimentaire-80-bloom-150-bloom-200-bloom-280-bloom.html"]}]},{"@type":"ImageObject","inLanguage":"fr-FR","@id":"https:\/\/theo.niranbio.com\/fr\/gelatine-de-qualite-alimentaire-80-bloom-150-bloom-200-bloom-280-bloom.html#primaryimage","url":"https:\/\/theo.niranbio.com\/wp-content\/uploads\/2024\/06\/Gelatin.webp","contentUrl":"https:\/\/theo.niranbio.com\/wp-content\/uploads\/2024\/06\/Gelatin.webp","width":600,"height":600,"caption":"G\u00e9latine"},{"@type":"BreadcrumbList","@id":"https:\/\/theo.niranbio.com\/fr\/gelatine-de-qualite-alimentaire-80-bloom-150-bloom-200-bloom-280-bloom.html#breadcrumb","itemListElement":[{"@type":"ListItem","position":1,"name":"Home","item":"https:\/\/theo.niranbio.com\/fr\/"},{"@type":"ListItem","position":2,"name":"Produits","item":"https:\/\/theo.niranbio.com\/fr\/produits.html"},{"@type":"ListItem","position":3,"name":"\u00c9paississant","item":"https:\/\/theo.niranbio.com\/fr\/produit-epaississant\/"},{"@type":"ListItem","position":4,"name":"G\u00e9latine de qualit\u00e9 alimentaire (80 Bloom\/150 Bloom\/200 Bloom\/280 Bloom)"}]},{"@type":"WebSite","@id":"https:\/\/theo.niranbio.com\/fr\/#website","url":"https:\/\/theo.niranbio.com\/fr\/","name":"Niranbio Chemical","description":"","publisher":{"@id":"https:\/\/theo.niranbio.com\/fr\/#organization"},"potentialAction":[{"@type":"SearchAction","target":{"@type":"EntryPoint","urlTemplate":"https:\/\/theo.niranbio.com\/fr\/?s={search_term_string}"},"query-input":{"@type":"PropertyValueSpecification","valueRequired":true,"valueName":"search_term_string"}}],"inLanguage":"fr-FR"},{"@type":"Organization","@id":"https:\/\/theo.niranbio.com\/fr\/#organization","name":"Niranbio Chemical","url":"https:\/\/theo.niranbio.com\/fr\/","logo":{"@type":"ImageObject","inLanguage":"fr-FR","@id":"https:\/\/theo.niranbio.com\/fr\/#\/schema\/logo\/image\/","url":"https:\/\/theo.niranbio.com\/wp-content\/uploads\/2024\/06\/Niranbio.png","contentUrl":"https:\/\/theo.niranbio.com\/wp-content\/uploads\/2024\/06\/Niranbio.png","width":270,"height":100,"caption":"Niranbio Chemical"},"image":{"@id":"https:\/\/theo.niranbio.com\/fr\/#\/schema\/logo\/image\/"}}]}},"_links":{"self":[{"href":"https:\/\/theo.niranbio.com\/fr\/wp-json\/wp\/v2\/product\/9536","targetHints":{"allow":["GET"]}}],"collection":[{"href":"https:\/\/theo.niranbio.com\/fr\/wp-json\/wp\/v2\/product"}],"about":[{"href":"https:\/\/theo.niranbio.com\/fr\/wp-json\/wp\/v2\/types\/product"}],"version-history":[{"count":0,"href":"https:\/\/theo.niranbio.com\/fr\/wp-json\/wp\/v2\/product\/9536\/revisions"}],"wp:featuredmedia":[{"embeddable":true,"href":"https:\/\/theo.niranbio.com\/fr\/wp-json\/wp\/v2\/media\/9537"}],"wp:attachment":[{"href":"https:\/\/theo.niranbio.com\/fr\/wp-json\/wp\/v2\/media?parent=9536"}],"wp:term":[{"taxonomy":"product_brand","embeddable":true,"href":"https:\/\/theo.niranbio.com\/fr\/wp-json\/wp\/v2\/product_brand?post=9536"},{"taxonomy":"product_cat","embeddable":true,"href":"https:\/\/theo.niranbio.com\/fr\/wp-json\/wp\/v2\/product_cat?post=9536"},{"taxonomy":"product_tag","embeddable":true,"href":"https:\/\/theo.niranbio.com\/fr\/wp-json\/wp\/v2\/product_tag?post=9536"}],"curies":[{"name":"wp","href":"https:\/\/api.w.org\/{rel}","templated":true}]}}