{"id":9532,"date":"2024-06-20T11:14:14","date_gmt":"2024-06-20T03:14:14","guid":{"rendered":"https:\/\/theo.niranbio.com\/acide-erythorbique-de-qualite-alimentaire\/"},"modified":"2024-08-19T11:58:43","modified_gmt":"2024-08-19T03:58:43","slug":"acide-erythorbique-de-qualite-alimentaire","status":"publish","type":"product","link":"https:\/\/theo.niranbio.com\/fr\/acide-erythorbique-de-qualite-alimentaire.html","title":{"rendered":"Acide \u00e9rythorbique de qualit\u00e9 alimentaire"},"content":{"rendered":"<h2><span class=\"ez-toc-section\" id=\"Quest-ce_que_lacide_erythorbique\"><\/span>Qu&rsquo;est-ce que l&rsquo;acide \u00e9rythorbique ?<span class=\"ez-toc-section-end\"><\/span><\/h2>\n<p>L&rsquo;acide \u00e9rythorbique est un st\u00e9r\u00e9oisom\u00e8re, similaire \u00e0 la vitamine C dans ses propri\u00e9t\u00e9s chimiques. Il se pr\u00e9sente sous la forme d&rsquo;une poudre cristalline blanche. Il est assez stable \u00e0 l&rsquo;air lorsqu&rsquo;il est sec et est largement utilis\u00e9 dans les produits \u00e0 base de viande. Il existe deux principaux proc\u00e9d\u00e9s de pr\u00e9paration de l&rsquo;acide \u00e9rythorbique :<\/p>\n<p>1. En utilisant l&rsquo;amidon de ma\u00efs comme mati\u00e8re premi\u00e8re, il est ferment\u00e9 en glucose puis transform\u00e9 en m\u00e9thyl2-c\u00e9togluconate. L&rsquo;isoascorbate de sodium est obtenu par traitement au m\u00e9thylate de sodium, puis dessal\u00e9 par une r\u00e9sine \u00e9changeuse d&rsquo;ions pour obtenir de l&rsquo;acide isoascorbique. C&rsquo;est \u00e9galement le proc\u00e9d\u00e9 de pr\u00e9paration le plus courant en Chine.<\/p>\n<p>2. Utilisation de micro-organismes sp\u00e9cifiques pour a\u00e9rer le glucose ou l&rsquo;amidon afin d&rsquo;obtenir de l&rsquo;\u03b1-c\u00e9togluconate de calcium, puis utilisation de m\u00e9thanol et d&rsquo;acide sulfurique pour former de l&rsquo;ester m\u00e9thylique, puis ajout d&rsquo;une solution d&rsquo;hydroxyde de sodium et de m\u00e9thanol pour une r\u00e9action d&rsquo;\u00e9nolisation afin d&rsquo;obtenir de l&rsquo;acide \u00e9rythorbique.<\/p>\n<h2><span class=\"ez-toc-section\" id=\"Parametres_associes\"><\/span>Param\u00e8tres associ\u00e9s :<span class=\"ez-toc-section-end\"><\/span><\/h2>\n<table>\n<tbody>\n<tr>\n<td><strong>Articles<\/strong><\/td>\n<td><strong>Normes<\/strong><\/td>\n<\/tr>\n<tr>\n<td>Identification<\/td>\n<td>A &amp; B<\/td>\n<\/tr>\n<tr>\n<td>Contenu<\/td>\n<td>98.0% &#8211; 100.5%<\/td>\n<\/tr>\n<tr>\n<td>Rotation sp\u00e9cifique<\/td>\n<td>-16.5 \uff5e -18.0<\/td>\n<\/tr>\n<tr>\n<td>Perte au s\u00e9chage (%)<\/td>\n<td>0.08%<\/td>\n<\/tr>\n<tr>\n<td>OGM<\/td>\n<td>Sans OGM<\/td>\n<\/tr>\n<tr>\n<td>R\u00e9sidus sur<\/td>\n<td>0,3 %MAX<\/td>\n<\/tr>\n<tr>\n<td>M\u00e9tal lourd (Pb)<\/td>\n<td>10 PPM MAX<\/td>\n<\/tr>\n<tr>\n<td>Plomb<\/td>\n<td>2 PPM MAX<\/td>\n<\/tr>\n<tr>\n<td>Arsenic<\/td>\n<td>3 PPM MAX<\/td>\n<\/tr>\n<tr>\n<td>Odeur<\/td>\n<td>Aucune odeur particuli\u00e8re<\/td>\n<\/tr>\n<tr>\n<td>Taille de la maille<\/td>\n<td>100% Thru.40Mesh<\/td>\n<\/tr>\n<\/tbody>\n<\/table>\n<h2><span class=\"ez-toc-section\" id=\"Dosage_recommande\"><\/span>Dosage recommand\u00e9 :<span class=\"ez-toc-section-end\"><\/span><\/h2>\n<table>\n<tbody>\n<tr>\n<td><strong>Nom de l&rsquo;aliment<\/strong><\/td>\n<td><strong>Utilisation maximale (g\/kg)<\/strong><\/td>\n<\/tr>\n<tr>\n<td>Boissons \u00e0 base de jus<\/td>\n<td>0,1-0,2 g\/kg<\/td>\n<\/tr>\n<tr>\n<td>Aliments en conserve<\/td>\n<td>0,1-0,2 g\/kg<\/td>\n<\/tr>\n<tr>\n<td>Sauces<\/td>\n<td>0,1-0,2 g\/kg<\/td>\n<\/tr>\n<tr>\n<td>Produits \u00e0 base de viande<\/td>\n<td>0,1-0,2 g\/kg<\/td>\n<\/tr>\n<tr>\n<td>Boulangerie<\/td>\n<td>0,05-0,1 g\/kg<\/td>\n<\/tr>\n<tr>\n<td>Biscuits<\/td>\n<td>0,05-0,1 g\/kg<\/td>\n<\/tr>\n<tr>\n<td>Chocolat<\/td>\n<td>0,05-0,1 g\/kg<\/td>\n<\/tr>\n<tr>\n<td>Bonbons<\/td>\n<td>0,05-0,1 g\/kg<\/td>\n<\/tr>\n<tr>\n<td>Prot\u00e9ines en poudre<\/td>\n<td>0,05-0,1 g\/kg<\/td>\n<\/tr>\n<tr>\n<td>Fruits surgel\u00e9s<\/td>\n<td>0,05-0,1 g\/kg<\/td>\n<\/tr>\n<tr>\n<td>Boissons aromatis\u00e9es<\/td>\n<td>0,1-0,2 g\/kg<\/td>\n<\/tr>\n<\/tbody>\n<\/table>\n<h2><span class=\"ez-toc-section\" id=\"Lacide_erythorbique_a_une_large_gamme_dutilisations\"><\/span>L&rsquo;acide \u00e9rythorbique a une large gamme d&rsquo;utilisations<span class=\"ez-toc-section-end\"><\/span><\/h2>\n<p>L&rsquo;acide \u00e9rythorbique peut neutraliser efficacement les radicaux libres et emp\u00eacher l&rsquo;oxydation des graisses et des huiles dans les aliments, prolongeant ainsi la dur\u00e9e de conservation des aliments et pr\u00e9servant leur couleur et leur saveur. En r\u00e9duisant l&rsquo;oxydation des compos\u00e9s ph\u00e9noliques, l&rsquo;acide \u00e9rythorbique peut emp\u00eacher les aliments de brunir et maintenir leur apparence et leur qualit\u00e9.<\/p>\n<p>Pendant la transformation des aliments, l&rsquo;acide \u00e9rythorbique peut am\u00e9liorer la stabilit\u00e9 des aliments, emp\u00eacher la d\u00e9gradation des ingr\u00e9dients et maintenir la qualit\u00e9 du produit. En r\u00e9duisant les r\u00e9actions d&rsquo;oxydation, l&rsquo;acide \u00e9rythorbique peut aider \u00e0 conserver la saveur d&rsquo;origine des aliments et \u00e0 pr\u00e9venir les changements de saveur caus\u00e9s par l&rsquo;oxydation.<\/p>\n<h2><span class=\"ez-toc-section\" id=\"Question_posee_par_lutilisateur\"><\/span>Question pos\u00e9e par l&rsquo;utilisateur :<span class=\"ez-toc-section-end\"><\/span><\/h2>\n<p>Question : Quelles sont les diff\u00e9rences et les avantages de l&rsquo;acide \u00e9rythorbique par rapport \u00e0 la vitamine C ?<\/p>\n<p>R\u00e9ponse : Le corps utilise la vitamine C, qui est la forme active de l&rsquo;acide ascorbique, principalement comme nutriment et pour soutenir de nombreux processus physiologiques comme l&rsquo;absorption du fer et la formation de collag\u00e8ne. Elle a un effet antioxydant important dans le corps, soutient le syst\u00e8me immunitaire et favorise la cicatrisation des plaies. L&rsquo;acide \u00e9rythorbique est un isom\u00e8re de la vitamine C et est principalement utilis\u00e9 comme additif alimentaire. Sa fonction est ax\u00e9e sur la pr\u00e9vention de l&rsquo;oxydation et du brunissement des aliments. Il est efficace comme antioxydant dans la transformation des aliments, mais sa fonction nutritionnelle est relativement faible. Avantages :<\/p>\n<p>1. Dans la transformation et le stockage des aliments, l&rsquo;acide \u00e9rythorbique pr\u00e9sente une grande stabilit\u00e9 et n&rsquo;est pas facilement d\u00e9grad\u00e9 par la chaleur, la lumi\u00e8re et l&rsquo;oxyg\u00e8ne, ce qui le rend plus efficace pour prolonger la dur\u00e9e de conservation des aliments et conserver la saveur. En revanche, la vitamine C se d\u00e9grade plus facilement dans ces conditions, de sorte que sa stabilit\u00e9 dans les aliments est faible.<\/p>\n<p>2. L&rsquo;acide \u00e9rythorbique est largement utilis\u00e9 dans le secteur alimentaire, notamment dans les produits \u00e0 base de viande, les aliments en conserve, les jus et les boissons, en raison de sa grande stabilit\u00e9. Il prolonge efficacement la dur\u00e9e de conservation des aliments et maintient la qualit\u00e9 et la saveur du produit final. L&rsquo;acide isor\u00e9corbique r\u00e9duit les pertes lors du stockage et du traitement \u00e0 long terme et pr\u00e9sente g\u00e9n\u00e9ralement de meilleurs avantages \u00e9conomiques. Cependant, la vitamine C est principalement utilis\u00e9e pour les compl\u00e9ments nutritionnels et le soutien \u00e0 la sant\u00e9, et son \u00e9conomie et sa stabilit\u00e9 ne sont pas aussi bonnes que celles de l&rsquo;acide isor\u00e9corbique dans les applications de l&rsquo;industrie alimentaire.<\/p>\n","protected":false},"excerpt":{"rendered":"<ul>\n<li>CAS : 89-65-6<\/li>\n<li>Formule chimique: C<sub>6<\/sub>H<sub>8<\/sub>O<sub>6<\/sub><\/li>\n<li>Certifications : KOSHER, ISO, HALAL, FSSC 22000, BRC, etc.<\/li>\n<li>Standard:<\/li>\n<li>Quantit\u00e9 minimum de commande : 1000 kg<\/li>\n<li>Dur\u00e9e de conservation : 2 ans<\/li>\n<\/ul>\n","protected":false},"featured_media":9535,"template":"","meta":{"site-sidebar-layout":"default","site-content-layout":"","ast-site-content-layout":"default","site-content-style":"default","site-sidebar-style":"default","ast-global-header-display":"","ast-banner-title-visibility":"","ast-main-header-display":"","ast-hfb-above-header-display":"","ast-hfb-below-header-display":"","ast-hfb-mobile-header-display":"","site-post-title":"","ast-breadcrumbs-content":"","ast-featured-img":"","footer-sml-layout":"","theme-transparent-header-meta":"default","adv-header-id-meta":"","stick-header-meta":"","header-above-stick-meta":"","header-main-stick-meta":"","header-below-stick-meta":"","astra-migrate-meta-layouts":"set","ast-page-background-enabled":"default","ast-page-background-meta":{"desktop":{"background-color":"var(--ast-global-color-4)","background-image":"","background-repeat":"repeat","background-position":"center center","background-size":"auto","background-attachment":"scroll","background-type":"","background-media":"","overlay-type":"","overlay-color":"","overlay-opacity":"","overlay-gradient":""},"tablet":{"background-color":"","background-image":"","background-repeat":"repeat","background-position":"center center","background-size":"auto","background-attachment":"scroll","background-type":"","background-media":"","overlay-type":"","overlay-color":"","overlay-opacity":"","overlay-gradient":""},"mobile":{"background-color":"","background-image":"","background-repeat":"repeat","background-position":"center center","background-size":"auto","background-attachment":"scroll","background-type":"","background-media":"","overlay-type":"","overlay-color":"","overlay-opacity":"","overlay-gradient":""}},"ast-content-background-meta":{"desktop":{"background-color":"var(--ast-global-color-5)","background-image":"","background-repeat":"repeat","background-position":"center center","background-size":"auto","background-attachment":"scroll","background-type":"","background-media":"","overlay-type":"","overlay-color":"","overlay-opacity":"","overlay-gradient":""},"tablet":{"background-color":"var(--ast-global-color-5)","background-image":"","background-repeat":"repeat","background-position":"center center","background-size":"auto","background-attachment":"scroll","background-type":"","background-media":"","overlay-type":"","overlay-color":"","overlay-opacity":"","overlay-gradient":""},"mobile":{"background-color":"var(--ast-global-color-5)","background-image":"","background-repeat":"repeat","background-position":"center center","background-size":"auto","background-attachment":"scroll","background-type":"","background-media":"","overlay-type":"","overlay-color":"","overlay-opacity":"","overlay-gradient":""}}},"product_brand":[],"product_cat":[102],"product_tag":[],"class_list":{"0":"post-9532","1":"product","2":"type-product","3":"status-publish","4":"has-post-thumbnail","6":"product_cat-produit-antioxydant","7":"desktop-align-center","8":"tablet-align-left","9":"mobile-align-left","11":"first","12":"instock","13":"shipping-taxable","14":"product-type-simple"},"yoast_head":"<!-- This site is optimized with the Yoast SEO plugin v26.5 - https:\/\/yoast.com\/wordpress\/plugins\/seo\/ -->\n<title>Acide \u00e9rythorbique Chine, poudre d&#039;acide \u00e9rythorbique E315 | Niranbio Chemical<\/title>\n<meta name=\"description\" content=\"Similaire \u00e0 la vitamine C dans ses propri\u00e9t\u00e9s chimiques, notre acide \u00e9rythorbique E315 est de qualit\u00e9 alimentaire et se pr\u00e9sente sous la forme d&#039;une poudre cristalline blanche.\" \/>\n<meta name=\"robots\" content=\"noindex, follow, max-snippet:-1, max-image-preview:large, max-video-preview:-1\" \/>\n<meta name=\"twitter:label1\" content=\"Dur\u00e9e de lecture estim\u00e9e\" \/>\n\t<meta name=\"twitter:data1\" content=\"4 minutes\" \/>\n<script type=\"application\/ld+json\" class=\"yoast-schema-graph\">{\"@context\":\"https:\/\/schema.org\",\"@graph\":[{\"@type\":\"WebPage\",\"@id\":\"https:\/\/theo.niranbio.com\/fr\/acide-erythorbique-de-qualite-alimentaire.html\",\"url\":\"https:\/\/theo.niranbio.com\/fr\/acide-erythorbique-de-qualite-alimentaire.html\",\"name\":\"Acide \u00e9rythorbique Chine, poudre d'acide \u00e9rythorbique E315 | Niranbio Chemical\",\"isPartOf\":{\"@id\":\"https:\/\/theo.niranbio.com\/fr\/#website\"},\"primaryImageOfPage\":{\"@id\":\"https:\/\/theo.niranbio.com\/fr\/acide-erythorbique-de-qualite-alimentaire.html#primaryimage\"},\"image\":{\"@id\":\"https:\/\/theo.niranbio.com\/fr\/acide-erythorbique-de-qualite-alimentaire.html#primaryimage\"},\"thumbnailUrl\":\"https:\/\/theo.niranbio.com\/wp-content\/uploads\/2024\/06\/Erythorbic-Acid-Food-Grade.webp\",\"datePublished\":\"2024-06-20T03:14:14+00:00\",\"dateModified\":\"2024-08-19T03:58:43+00:00\",\"description\":\"Similaire \u00e0 la vitamine C dans ses propri\u00e9t\u00e9s chimiques, notre acide \u00e9rythorbique E315 est de qualit\u00e9 alimentaire et se pr\u00e9sente sous la forme d'une poudre cristalline blanche.\",\"breadcrumb\":{\"@id\":\"https:\/\/theo.niranbio.com\/fr\/acide-erythorbique-de-qualite-alimentaire.html#breadcrumb\"},\"inLanguage\":\"fr-FR\",\"potentialAction\":[{\"@type\":\"ReadAction\",\"target\":[\"https:\/\/theo.niranbio.com\/fr\/acide-erythorbique-de-qualite-alimentaire.html\"]}]},{\"@type\":\"ImageObject\",\"inLanguage\":\"fr-FR\",\"@id\":\"https:\/\/theo.niranbio.com\/fr\/acide-erythorbique-de-qualite-alimentaire.html#primaryimage\",\"url\":\"https:\/\/theo.niranbio.com\/wp-content\/uploads\/2024\/06\/Erythorbic-Acid-Food-Grade.webp\",\"contentUrl\":\"https:\/\/theo.niranbio.com\/wp-content\/uploads\/2024\/06\/Erythorbic-Acid-Food-Grade.webp\",\"width\":600,\"height\":600,\"caption\":\"Acide \u00e9rythorbique de qualit\u00e9 alimentaire\"},{\"@type\":\"BreadcrumbList\",\"@id\":\"https:\/\/theo.niranbio.com\/fr\/acide-erythorbique-de-qualite-alimentaire.html#breadcrumb\",\"itemListElement\":[{\"@type\":\"ListItem\",\"position\":1,\"name\":\"Home\",\"item\":\"https:\/\/theo.niranbio.com\/fr\/\"},{\"@type\":\"ListItem\",\"position\":2,\"name\":\"Produits\",\"item\":\"https:\/\/theo.niranbio.com\/fr\/produits.html\"},{\"@type\":\"ListItem\",\"position\":3,\"name\":\"Antioxydant\",\"item\":\"https:\/\/theo.niranbio.com\/fr\/produit-antioxydant\/\"},{\"@type\":\"ListItem\",\"position\":4,\"name\":\"Acide \u00e9rythorbique de qualit\u00e9 alimentaire\"}]},{\"@type\":\"WebSite\",\"@id\":\"https:\/\/theo.niranbio.com\/fr\/#website\",\"url\":\"https:\/\/theo.niranbio.com\/fr\/\",\"name\":\"Niranbio Chemical\",\"description\":\"\",\"publisher\":{\"@id\":\"https:\/\/theo.niranbio.com\/fr\/#organization\"},\"potentialAction\":[{\"@type\":\"SearchAction\",\"target\":{\"@type\":\"EntryPoint\",\"urlTemplate\":\"https:\/\/theo.niranbio.com\/fr\/?s={search_term_string}\"},\"query-input\":{\"@type\":\"PropertyValueSpecification\",\"valueRequired\":true,\"valueName\":\"search_term_string\"}}],\"inLanguage\":\"fr-FR\"},{\"@type\":\"Organization\",\"@id\":\"https:\/\/theo.niranbio.com\/fr\/#organization\",\"name\":\"Niranbio Chemical\",\"url\":\"https:\/\/theo.niranbio.com\/fr\/\",\"logo\":{\"@type\":\"ImageObject\",\"inLanguage\":\"fr-FR\",\"@id\":\"https:\/\/theo.niranbio.com\/fr\/#\/schema\/logo\/image\/\",\"url\":\"https:\/\/theo.niranbio.com\/wp-content\/uploads\/2024\/06\/Niranbio.png\",\"contentUrl\":\"https:\/\/theo.niranbio.com\/wp-content\/uploads\/2024\/06\/Niranbio.png\",\"width\":270,\"height\":100,\"caption\":\"Niranbio Chemical\"},\"image\":{\"@id\":\"https:\/\/theo.niranbio.com\/fr\/#\/schema\/logo\/image\/\"}}]}<\/script>\n<!-- \/ Yoast SEO plugin. -->","yoast_head_json":{"title":"Acide \u00e9rythorbique Chine, poudre d'acide \u00e9rythorbique E315 | Niranbio Chemical","description":"Similaire \u00e0 la vitamine C dans ses propri\u00e9t\u00e9s chimiques, notre acide \u00e9rythorbique E315 est de qualit\u00e9 alimentaire et se pr\u00e9sente sous la forme d'une poudre cristalline blanche.","robots":{"index":"noindex","follow":"follow","max-snippet":"max-snippet:-1","max-image-preview":"max-image-preview:large","max-video-preview":"max-video-preview:-1"},"twitter_misc":{"Dur\u00e9e de lecture estim\u00e9e":"4 minutes"},"schema":{"@context":"https:\/\/schema.org","@graph":[{"@type":"WebPage","@id":"https:\/\/theo.niranbio.com\/fr\/acide-erythorbique-de-qualite-alimentaire.html","url":"https:\/\/theo.niranbio.com\/fr\/acide-erythorbique-de-qualite-alimentaire.html","name":"Acide \u00e9rythorbique Chine, poudre d'acide \u00e9rythorbique E315 | Niranbio Chemical","isPartOf":{"@id":"https:\/\/theo.niranbio.com\/fr\/#website"},"primaryImageOfPage":{"@id":"https:\/\/theo.niranbio.com\/fr\/acide-erythorbique-de-qualite-alimentaire.html#primaryimage"},"image":{"@id":"https:\/\/theo.niranbio.com\/fr\/acide-erythorbique-de-qualite-alimentaire.html#primaryimage"},"thumbnailUrl":"https:\/\/theo.niranbio.com\/wp-content\/uploads\/2024\/06\/Erythorbic-Acid-Food-Grade.webp","datePublished":"2024-06-20T03:14:14+00:00","dateModified":"2024-08-19T03:58:43+00:00","description":"Similaire \u00e0 la vitamine C dans ses propri\u00e9t\u00e9s chimiques, notre acide \u00e9rythorbique E315 est de qualit\u00e9 alimentaire et se pr\u00e9sente sous la forme d'une poudre cristalline blanche.","breadcrumb":{"@id":"https:\/\/theo.niranbio.com\/fr\/acide-erythorbique-de-qualite-alimentaire.html#breadcrumb"},"inLanguage":"fr-FR","potentialAction":[{"@type":"ReadAction","target":["https:\/\/theo.niranbio.com\/fr\/acide-erythorbique-de-qualite-alimentaire.html"]}]},{"@type":"ImageObject","inLanguage":"fr-FR","@id":"https:\/\/theo.niranbio.com\/fr\/acide-erythorbique-de-qualite-alimentaire.html#primaryimage","url":"https:\/\/theo.niranbio.com\/wp-content\/uploads\/2024\/06\/Erythorbic-Acid-Food-Grade.webp","contentUrl":"https:\/\/theo.niranbio.com\/wp-content\/uploads\/2024\/06\/Erythorbic-Acid-Food-Grade.webp","width":600,"height":600,"caption":"Acide \u00e9rythorbique de qualit\u00e9 alimentaire"},{"@type":"BreadcrumbList","@id":"https:\/\/theo.niranbio.com\/fr\/acide-erythorbique-de-qualite-alimentaire.html#breadcrumb","itemListElement":[{"@type":"ListItem","position":1,"name":"Home","item":"https:\/\/theo.niranbio.com\/fr\/"},{"@type":"ListItem","position":2,"name":"Produits","item":"https:\/\/theo.niranbio.com\/fr\/produits.html"},{"@type":"ListItem","position":3,"name":"Antioxydant","item":"https:\/\/theo.niranbio.com\/fr\/produit-antioxydant\/"},{"@type":"ListItem","position":4,"name":"Acide \u00e9rythorbique de qualit\u00e9 alimentaire"}]},{"@type":"WebSite","@id":"https:\/\/theo.niranbio.com\/fr\/#website","url":"https:\/\/theo.niranbio.com\/fr\/","name":"Niranbio Chemical","description":"","publisher":{"@id":"https:\/\/theo.niranbio.com\/fr\/#organization"},"potentialAction":[{"@type":"SearchAction","target":{"@type":"EntryPoint","urlTemplate":"https:\/\/theo.niranbio.com\/fr\/?s={search_term_string}"},"query-input":{"@type":"PropertyValueSpecification","valueRequired":true,"valueName":"search_term_string"}}],"inLanguage":"fr-FR"},{"@type":"Organization","@id":"https:\/\/theo.niranbio.com\/fr\/#organization","name":"Niranbio Chemical","url":"https:\/\/theo.niranbio.com\/fr\/","logo":{"@type":"ImageObject","inLanguage":"fr-FR","@id":"https:\/\/theo.niranbio.com\/fr\/#\/schema\/logo\/image\/","url":"https:\/\/theo.niranbio.com\/wp-content\/uploads\/2024\/06\/Niranbio.png","contentUrl":"https:\/\/theo.niranbio.com\/wp-content\/uploads\/2024\/06\/Niranbio.png","width":270,"height":100,"caption":"Niranbio Chemical"},"image":{"@id":"https:\/\/theo.niranbio.com\/fr\/#\/schema\/logo\/image\/"}}]}},"_links":{"self":[{"href":"https:\/\/theo.niranbio.com\/fr\/wp-json\/wp\/v2\/product\/9532","targetHints":{"allow":["GET"]}}],"collection":[{"href":"https:\/\/theo.niranbio.com\/fr\/wp-json\/wp\/v2\/product"}],"about":[{"href":"https:\/\/theo.niranbio.com\/fr\/wp-json\/wp\/v2\/types\/product"}],"version-history":[{"count":0,"href":"https:\/\/theo.niranbio.com\/fr\/wp-json\/wp\/v2\/product\/9532\/revisions"}],"wp:featuredmedia":[{"embeddable":true,"href":"https:\/\/theo.niranbio.com\/fr\/wp-json\/wp\/v2\/media\/9535"}],"wp:attachment":[{"href":"https:\/\/theo.niranbio.com\/fr\/wp-json\/wp\/v2\/media?parent=9532"}],"wp:term":[{"taxonomy":"product_brand","embeddable":true,"href":"https:\/\/theo.niranbio.com\/fr\/wp-json\/wp\/v2\/product_brand?post=9532"},{"taxonomy":"product_cat","embeddable":true,"href":"https:\/\/theo.niranbio.com\/fr\/wp-json\/wp\/v2\/product_cat?post=9532"},{"taxonomy":"product_tag","embeddable":true,"href":"https:\/\/theo.niranbio.com\/fr\/wp-json\/wp\/v2\/product_tag?post=9532"}],"curies":[{"name":"wp","href":"https:\/\/api.w.org\/{rel}","templated":true}]}}