{"id":9527,"date":"2024-06-20T10:19:37","date_gmt":"2024-06-20T02:19:37","guid":{"rendered":"https:\/\/theo.niranbio.com\/carraghenane\/"},"modified":"2024-08-13T17:36:44","modified_gmt":"2024-08-13T09:36:44","slug":"carraghenane","status":"publish","type":"product","link":"https:\/\/theo.niranbio.com\/fr\/carraghenane.html","title":{"rendered":"Carragh\u00e9nane"},"content":{"rendered":"<h2><span class=\"ez-toc-section\" id=\"Quest-ce_que_la_carraghenine\"><\/span>Qu&rsquo;est-ce que la carragh\u00e9nine ?<span class=\"ez-toc-section-end\"><\/span><\/h2>\n<p>L&rsquo;algue rouge est la source du collo\u00efde hydrophile connu sous le nom de carragh\u00e9nane. Il a l&rsquo;apparence d&rsquo;une poudre ou de granul\u00e9s blancs ou brun clair, inodores ou l\u00e9g\u00e8rement parfum\u00e9s. Il peut \u00eatre largement utilis\u00e9 dans le secteur alimentaire comme coagulant, \u00e9paississant ou stabilisant.<\/p>\n<p>La pr\u00e9paration de la carragh\u00e9nane consiste principalement \u00e0 laver et s\u00e9cher l&rsquo;algue, \u00e0 la placer dans un pot d&rsquo;extraction, \u00e0 ajouter 30 \u00e0 50 fois de l&rsquo;eau (ou une quantit\u00e9 appropri\u00e9e de solution alcaline), \u00e0 \u200b\u200bla chauffer \u00e0 la vapeur (environ 100 \u00b0C) pendant 40 \u00e0 60 minutes, \u00e0 filtrer, \u00e0 ajouter des solvants alcooliques \u00e0 l&rsquo;extrait filtr\u00e9 tout en remuant, \u00e0 centrifuger et \u00e0 le pr\u00e9cipiter par s\u00e9chage au tambour et broyage pour obtenir le produit. Lors du s\u00e9chage au tambour, des mono- ou di-glyc\u00e9rides ou des polysorbates doivent \u00eatre ajout\u00e9s comme agents de d\u00e9moulage au tambour.<\/p>\n<h2><span class=\"ez-toc-section\" id=\"Dosage_recommande\"><\/span>Dosage recommand\u00e9 :<span class=\"ez-toc-section-end\"><\/span><\/h2>\n<table>\n<tbody>\n<tr>\n<td><strong>Nom de l&rsquo;aliment<\/strong><\/td>\n<td><strong>Utilisation maximale (g\/kg)<\/strong><\/td>\n<\/tr>\n<tr>\n<td>Produits laitiers<\/td>\n<td>0,3-1,0 g\/kg<\/td>\n<\/tr>\n<tr>\n<td>Produits \u00e0 base de viande<\/td>\n<td>0,5-1,5 g\/kg<\/td>\n<\/tr>\n<tr>\n<td>Gel\u00e9e et pudding<\/td>\n<td>3,0-10,0 g\/kg<\/td>\n<\/tr>\n<tr>\n<td>Bonbons<\/td>\n<td>1,0-3,0 g\/kg<\/td>\n<\/tr>\n<tr>\n<td>Aliments en conserve<\/td>\n<td>0,5-1,0 g\/kg<\/td>\n<\/tr>\n<tr>\n<td>Boissons<\/td>\n<td>0,1-0,5 g\/kg<\/td>\n<\/tr>\n<tr>\n<td>Produits de boulangerie<\/td>\n<td>0,1-0,5 g\/kg<\/td>\n<\/tr>\n<tr>\n<td>Sauces et condiments<\/td>\n<td>0,2-0,5 g\/kg<\/td>\n<\/tr>\n<tr>\n<td>Glaces et desserts glac\u00e9s<\/td>\n<td>0,1-0,4 g\/kg<\/td>\n<\/tr>\n<tr>\n<td>Lait v\u00e9g\u00e9tal<\/td>\n<td>0,1-0,3 g\/kg<\/td>\n<\/tr>\n<tr>\n<td>Boissons \u00e0 base de prot\u00e9ines de lactos\u00e9rum<\/td>\n<td>0,1-0,3 g\/kg<\/td>\n<\/tr>\n<tr>\n<td>Produits laitiers ferment\u00e9s<\/td>\n<td>0,2-0,4 g\/kg<\/td>\n<\/tr>\n<\/tbody>\n<\/table>\n<h2><span class=\"ez-toc-section\" id=\"La_carragenine_a_une_large_gamme_dutilisations\"><\/span>La carrag\u00e9nine a une large gamme d&rsquo;utilisations<span class=\"ez-toc-section-end\"><\/span><\/h2>\n<ol>\n<li>Effet \u00e9paississant : la carragh\u00e9nine peut augmenter consid\u00e9rablement la viscosit\u00e9 des liquides, conf\u00e9rant aux produits une texture plus \u00e9paisse et un go\u00fbt plus riche. Cet effet \u00e9paississant est particuli\u00e8rement adapt\u00e9 aux produits laitiers, aux boissons et aux condiments, tels que le lait au chocolat, les vinaigrettes, etc., pour garantir que le produit conserve une viscosit\u00e9 et une texture constantes pendant le traitement et la consommation.<\/li>\n<li>Effet g\u00e9lifiant : la carragh\u00e9nane peut former des gels fermes ou mous dans des conditions appropri\u00e9es, offrant diff\u00e9rents effets de texture selon les diff\u00e9rents besoins. La carragh\u00e9nane lambda est principalement utilis\u00e9e comme \u00e9paississant, tandis que la carragh\u00e9nane kappa forme un gel dur et la carragh\u00e9nane irlandaise forme un gel mou. Elle est largement utilis\u00e9e dans les desserts tels que la gel\u00e9e, le pudding et les bonbons mous pour offrir une texture et une apparence de gel id\u00e9ales.<\/li>\n<li>Effet de suspension : la carragh\u00e9nane peut suspendre efficacement les particules solides dans les boissons pour les emp\u00eacher de se d\u00e9poser, assurant une distribution uniforme et la stabilit\u00e9 des boissons pendant la dur\u00e9e de conservation. Cette caract\u00e9ristique la rend particuli\u00e8rement adapt\u00e9e aux boissons \u00e0 base de jus de fruits, aux boissons lact\u00e9es, etc., pour maintenir l&rsquo;attrait visuel et la consistance du go\u00fbt du produit.<\/li>\n<li>Effet stabilisant : la carragh\u00e9nine a une excellente stabilit\u00e9 dans les environnements \u00e0 haute temp\u00e9rature et acides, et peut maintenir ses effets \u00e9paississants et g\u00e9lifiants pendant le traitement et le stockage. Que ce soit dans des aliments acides tels que le yaourt ou dans des produits en conserve et cuits au four transform\u00e9s \u00e0 haute temp\u00e9rature, la carragh\u00e9nine peut fournir une stabilisation durable pour garantir la qualit\u00e9 et la coh\u00e9rence du produit.<\/li>\n<li>Effet \u00e9mulsifiant : la carragh\u00e9nine aide \u00e0 disperser et stabiliser uniform\u00e9ment les graisses, \u00e0 emp\u00eacher la s\u00e9paration de l&rsquo;huile et \u00e0 maintenir l&rsquo;uniformit\u00e9 et la texture du produit. Cela en fait un additif id\u00e9al pour les aliments \u00e9mulsifi\u00e9s tels que la margarine, la cr\u00e8me glac\u00e9e et les sauces, garantissant que le produit final a un bon go\u00fbt et un bon effet visuel.<\/li>\n<li>Effet de r\u00e9tention d&rsquo;eau : la carragh\u00e9nine peut retenir efficacement l&rsquo;humidit\u00e9 dans les aliments, emp\u00eacher le dess\u00e8chement et le vieillissement, et ainsi prolonger la dur\u00e9e de conservation du produit. Cette caract\u00e9ristique est largement utilis\u00e9e dans les produits \u00e0 base de viande, les produits \u00e0 base de p\u00e2te de poisson et les produits \u00e0 base de farine pour garantir que le produit conserve une bonne texture et une bonne fra\u00eecheur pendant le stockage et la transformation.<\/li>\n<\/ol>\n<h2><span class=\"ez-toc-section\" id=\"Question_posee_par_lutilisateur\"><\/span>Question pos\u00e9e par l&rsquo;utilisateur :<span class=\"ez-toc-section-end\"><\/span><\/h2>\n<p>Question : Pourquoi la carrag\u00e9nine provoque-t-elle une inflammation ?<\/p>\n<p>R\u00e9ponse : La carrag\u00e9nine peut provoquer une inflammation \u00e0 fortes doses ou \u00e0 long terme, ce qui est li\u00e9 \u00e0 son impact potentiel sur l&rsquo;intestin. Certaines \u00e9tudes ont montr\u00e9 que la carrag\u00e9nine peut modifier le microbiote intestinal, stimuler directement les cellules \u00e9pith\u00e9liales intestinales, activer le syst\u00e8me immunitaire, d\u00e9clencher la lib\u00e9ration de m\u00e9diateurs inflammatoires et entra\u00eener des r\u00e9ponses inflammatoires. De plus, la carrag\u00e9nine qui n&rsquo;a pas \u00e9t\u00e9 enti\u00e8rement transform\u00e9e peut augmenter le risque d&rsquo;inflammation lorsqu&rsquo;elle est consomm\u00e9e \u00e0 fortes doses.<\/p>\n","protected":false},"excerpt":{"rendered":"<ul>\n<li>CAS: 11114-20-8<\/li>\n<li>Formule chimique: C<sub>24<\/sub>H<sub>36<\/sub>O<sub>25<\/sub>S<sub>2<\/sub><\/li>\n<li>Certifications : KOSHER, ISO, HALAL, FSSC 22000, BRC, etc.<\/li>\n<li>Standard:<\/li>\n<li>Quantit\u00e9 minimum de commande : 1000 kg<\/li>\n<li>Dur\u00e9e de conservation : 2 ans<\/li>\n<\/ul>\n","protected":false},"featured_media":9528,"template":"","meta":{"site-sidebar-layout":"default","site-content-layout":"","ast-site-content-layout":"default","site-content-style":"default","site-sidebar-style":"default","ast-global-header-display":"","ast-banner-title-visibility":"","ast-main-header-display":"","ast-hfb-above-header-display":"","ast-hfb-below-header-display":"","ast-hfb-mobile-header-display":"","site-post-title":"","ast-breadcrumbs-content":"","ast-featured-img":"","footer-sml-layout":"","theme-transparent-header-meta":"default","adv-header-id-meta":"","stick-header-meta":"","header-above-stick-meta":"","header-main-stick-meta":"","header-below-stick-meta":"","astra-migrate-meta-layouts":"set","ast-page-background-enabled":"default","ast-page-background-meta":{"desktop":{"background-color":"var(--ast-global-color-4)","background-image":"","background-repeat":"repeat","background-position":"center center","background-size":"auto","background-attachment":"scroll","background-type":"","background-media":"","overlay-type":"","overlay-color":"","overlay-opacity":"","overlay-gradient":""},"tablet":{"background-color":"","background-image":"","background-repeat":"repeat","background-position":"center center","background-size":"auto","background-attachment":"scroll","background-type":"","background-media":"","overlay-type":"","overlay-color":"","overlay-opacity":"","overlay-gradient":""},"mobile":{"background-color":"","background-image":"","background-repeat":"repeat","background-position":"center center","background-size":"auto","background-attachment":"scroll","background-type":"","background-media":"","overlay-type":"","overlay-color":"","overlay-opacity":"","overlay-gradient":""}},"ast-content-background-meta":{"desktop":{"background-color":"var(--ast-global-color-5)","background-image":"","background-repeat":"repeat","background-position":"center center","background-size":"auto","background-attachment":"scroll","background-type":"","background-media":"","overlay-type":"","overlay-color":"","overlay-opacity":"","overlay-gradient":""},"tablet":{"background-color":"var(--ast-global-color-5)","background-image":"","background-repeat":"repeat","background-position":"center center","background-size":"auto","background-attachment":"scroll","background-type":"","background-media":"","overlay-type":"","overlay-color":"","overlay-opacity":"","overlay-gradient":""},"mobile":{"background-color":"var(--ast-global-color-5)","background-image":"","background-repeat":"repeat","background-position":"center center","background-size":"auto","background-attachment":"scroll","background-type":"","background-media":"","overlay-type":"","overlay-color":"","overlay-opacity":"","overlay-gradient":""}}},"product_brand":[],"product_cat":[112],"product_tag":[],"class_list":{"0":"post-9527","1":"product","2":"type-product","3":"status-publish","4":"has-post-thumbnail","6":"product_cat-produit-epaississant","7":"desktop-align-center","8":"tablet-align-left","9":"mobile-align-left","11":"first","12":"instock","13":"shipping-taxable","14":"product-type-simple"},"yoast_head":"<!-- This site is optimized with the Yoast SEO plugin v26.5 - https:\/\/yoast.com\/wordpress\/plugins\/seo\/ -->\n<title>Fabricant de carragh\u00e9nane en Chine, poudre de carragh\u00e9nane E407 en vrac en gros | Niranbio Chemical<\/title>\n<meta name=\"description\" content=\"Notre carragh\u00e9nane est une poudre ou des granul\u00e9s blancs ou brun clair, qui peuvent \u00eatre largement utilis\u00e9s dans le secteur alimentaire comme coagulant, \u00e9paississant ou stabilisant.\" \/>\n<meta name=\"robots\" content=\"noindex, follow, max-snippet:-1, max-image-preview:large, max-video-preview:-1\" \/>\n<meta name=\"twitter:label1\" content=\"Dur\u00e9e de lecture estim\u00e9e\" \/>\n\t<meta name=\"twitter:data1\" content=\"4 minutes\" \/>\n<script type=\"application\/ld+json\" class=\"yoast-schema-graph\">{\"@context\":\"https:\/\/schema.org\",\"@graph\":[{\"@type\":\"WebPage\",\"@id\":\"https:\/\/theo.niranbio.com\/fr\/carraghenane.html\",\"url\":\"https:\/\/theo.niranbio.com\/fr\/carraghenane.html\",\"name\":\"Fabricant de carragh\u00e9nane en Chine, poudre de carragh\u00e9nane E407 en vrac en gros | Niranbio Chemical\",\"isPartOf\":{\"@id\":\"https:\/\/theo.niranbio.com\/fr\/#website\"},\"primaryImageOfPage\":{\"@id\":\"https:\/\/theo.niranbio.com\/fr\/carraghenane.html#primaryimage\"},\"image\":{\"@id\":\"https:\/\/theo.niranbio.com\/fr\/carraghenane.html#primaryimage\"},\"thumbnailUrl\":\"https:\/\/theo.niranbio.com\/wp-content\/uploads\/2024\/06\/Carrageenan.webp\",\"datePublished\":\"2024-06-20T02:19:37+00:00\",\"dateModified\":\"2024-08-13T09:36:44+00:00\",\"description\":\"Notre carragh\u00e9nane est une poudre ou des granul\u00e9s blancs ou brun clair, qui peuvent \u00eatre largement utilis\u00e9s dans le secteur alimentaire comme coagulant, \u00e9paississant ou stabilisant.\",\"breadcrumb\":{\"@id\":\"https:\/\/theo.niranbio.com\/fr\/carraghenane.html#breadcrumb\"},\"inLanguage\":\"fr-FR\",\"potentialAction\":[{\"@type\":\"ReadAction\",\"target\":[\"https:\/\/theo.niranbio.com\/fr\/carraghenane.html\"]}]},{\"@type\":\"ImageObject\",\"inLanguage\":\"fr-FR\",\"@id\":\"https:\/\/theo.niranbio.com\/fr\/carraghenane.html#primaryimage\",\"url\":\"https:\/\/theo.niranbio.com\/wp-content\/uploads\/2024\/06\/Carrageenan.webp\",\"contentUrl\":\"https:\/\/theo.niranbio.com\/wp-content\/uploads\/2024\/06\/Carrageenan.webp\",\"width\":600,\"height\":600,\"caption\":\"Carragh\u00e9nane\"},{\"@type\":\"BreadcrumbList\",\"@id\":\"https:\/\/theo.niranbio.com\/fr\/carraghenane.html#breadcrumb\",\"itemListElement\":[{\"@type\":\"ListItem\",\"position\":1,\"name\":\"Home\",\"item\":\"https:\/\/theo.niranbio.com\/fr\/\"},{\"@type\":\"ListItem\",\"position\":2,\"name\":\"Produits\",\"item\":\"https:\/\/theo.niranbio.com\/fr\/produits.html\"},{\"@type\":\"ListItem\",\"position\":3,\"name\":\"\u00c9paississant\",\"item\":\"https:\/\/theo.niranbio.com\/fr\/produit-epaississant\/\"},{\"@type\":\"ListItem\",\"position\":4,\"name\":\"Carragh\u00e9nane\"}]},{\"@type\":\"WebSite\",\"@id\":\"https:\/\/theo.niranbio.com\/fr\/#website\",\"url\":\"https:\/\/theo.niranbio.com\/fr\/\",\"name\":\"Niranbio Chemical\",\"description\":\"\",\"publisher\":{\"@id\":\"https:\/\/theo.niranbio.com\/fr\/#organization\"},\"potentialAction\":[{\"@type\":\"SearchAction\",\"target\":{\"@type\":\"EntryPoint\",\"urlTemplate\":\"https:\/\/theo.niranbio.com\/fr\/?s={search_term_string}\"},\"query-input\":{\"@type\":\"PropertyValueSpecification\",\"valueRequired\":true,\"valueName\":\"search_term_string\"}}],\"inLanguage\":\"fr-FR\"},{\"@type\":\"Organization\",\"@id\":\"https:\/\/theo.niranbio.com\/fr\/#organization\",\"name\":\"Niranbio Chemical\",\"url\":\"https:\/\/theo.niranbio.com\/fr\/\",\"logo\":{\"@type\":\"ImageObject\",\"inLanguage\":\"fr-FR\",\"@id\":\"https:\/\/theo.niranbio.com\/fr\/#\/schema\/logo\/image\/\",\"url\":\"https:\/\/theo.niranbio.com\/wp-content\/uploads\/2024\/06\/Niranbio.png\",\"contentUrl\":\"https:\/\/theo.niranbio.com\/wp-content\/uploads\/2024\/06\/Niranbio.png\",\"width\":270,\"height\":100,\"caption\":\"Niranbio Chemical\"},\"image\":{\"@id\":\"https:\/\/theo.niranbio.com\/fr\/#\/schema\/logo\/image\/\"}}]}<\/script>\n<!-- \/ Yoast SEO plugin. -->","yoast_head_json":{"title":"Fabricant de carragh\u00e9nane en Chine, poudre de carragh\u00e9nane E407 en vrac en gros | Niranbio Chemical","description":"Notre carragh\u00e9nane est une poudre ou des granul\u00e9s blancs ou brun clair, qui peuvent \u00eatre largement utilis\u00e9s dans le secteur alimentaire comme coagulant, \u00e9paississant ou stabilisant.","robots":{"index":"noindex","follow":"follow","max-snippet":"max-snippet:-1","max-image-preview":"max-image-preview:large","max-video-preview":"max-video-preview:-1"},"twitter_misc":{"Dur\u00e9e de lecture estim\u00e9e":"4 minutes"},"schema":{"@context":"https:\/\/schema.org","@graph":[{"@type":"WebPage","@id":"https:\/\/theo.niranbio.com\/fr\/carraghenane.html","url":"https:\/\/theo.niranbio.com\/fr\/carraghenane.html","name":"Fabricant de carragh\u00e9nane en Chine, poudre de carragh\u00e9nane E407 en vrac en gros | Niranbio Chemical","isPartOf":{"@id":"https:\/\/theo.niranbio.com\/fr\/#website"},"primaryImageOfPage":{"@id":"https:\/\/theo.niranbio.com\/fr\/carraghenane.html#primaryimage"},"image":{"@id":"https:\/\/theo.niranbio.com\/fr\/carraghenane.html#primaryimage"},"thumbnailUrl":"https:\/\/theo.niranbio.com\/wp-content\/uploads\/2024\/06\/Carrageenan.webp","datePublished":"2024-06-20T02:19:37+00:00","dateModified":"2024-08-13T09:36:44+00:00","description":"Notre carragh\u00e9nane est une poudre ou des granul\u00e9s blancs ou brun clair, qui peuvent \u00eatre largement utilis\u00e9s dans le secteur alimentaire comme coagulant, \u00e9paississant ou stabilisant.","breadcrumb":{"@id":"https:\/\/theo.niranbio.com\/fr\/carraghenane.html#breadcrumb"},"inLanguage":"fr-FR","potentialAction":[{"@type":"ReadAction","target":["https:\/\/theo.niranbio.com\/fr\/carraghenane.html"]}]},{"@type":"ImageObject","inLanguage":"fr-FR","@id":"https:\/\/theo.niranbio.com\/fr\/carraghenane.html#primaryimage","url":"https:\/\/theo.niranbio.com\/wp-content\/uploads\/2024\/06\/Carrageenan.webp","contentUrl":"https:\/\/theo.niranbio.com\/wp-content\/uploads\/2024\/06\/Carrageenan.webp","width":600,"height":600,"caption":"Carragh\u00e9nane"},{"@type":"BreadcrumbList","@id":"https:\/\/theo.niranbio.com\/fr\/carraghenane.html#breadcrumb","itemListElement":[{"@type":"ListItem","position":1,"name":"Home","item":"https:\/\/theo.niranbio.com\/fr\/"},{"@type":"ListItem","position":2,"name":"Produits","item":"https:\/\/theo.niranbio.com\/fr\/produits.html"},{"@type":"ListItem","position":3,"name":"\u00c9paississant","item":"https:\/\/theo.niranbio.com\/fr\/produit-epaississant\/"},{"@type":"ListItem","position":4,"name":"Carragh\u00e9nane"}]},{"@type":"WebSite","@id":"https:\/\/theo.niranbio.com\/fr\/#website","url":"https:\/\/theo.niranbio.com\/fr\/","name":"Niranbio Chemical","description":"","publisher":{"@id":"https:\/\/theo.niranbio.com\/fr\/#organization"},"potentialAction":[{"@type":"SearchAction","target":{"@type":"EntryPoint","urlTemplate":"https:\/\/theo.niranbio.com\/fr\/?s={search_term_string}"},"query-input":{"@type":"PropertyValueSpecification","valueRequired":true,"valueName":"search_term_string"}}],"inLanguage":"fr-FR"},{"@type":"Organization","@id":"https:\/\/theo.niranbio.com\/fr\/#organization","name":"Niranbio Chemical","url":"https:\/\/theo.niranbio.com\/fr\/","logo":{"@type":"ImageObject","inLanguage":"fr-FR","@id":"https:\/\/theo.niranbio.com\/fr\/#\/schema\/logo\/image\/","url":"https:\/\/theo.niranbio.com\/wp-content\/uploads\/2024\/06\/Niranbio.png","contentUrl":"https:\/\/theo.niranbio.com\/wp-content\/uploads\/2024\/06\/Niranbio.png","width":270,"height":100,"caption":"Niranbio Chemical"},"image":{"@id":"https:\/\/theo.niranbio.com\/fr\/#\/schema\/logo\/image\/"}}]}},"_links":{"self":[{"href":"https:\/\/theo.niranbio.com\/fr\/wp-json\/wp\/v2\/product\/9527","targetHints":{"allow":["GET"]}}],"collection":[{"href":"https:\/\/theo.niranbio.com\/fr\/wp-json\/wp\/v2\/product"}],"about":[{"href":"https:\/\/theo.niranbio.com\/fr\/wp-json\/wp\/v2\/types\/product"}],"version-history":[{"count":0,"href":"https:\/\/theo.niranbio.com\/fr\/wp-json\/wp\/v2\/product\/9527\/revisions"}],"wp:featuredmedia":[{"embeddable":true,"href":"https:\/\/theo.niranbio.com\/fr\/wp-json\/wp\/v2\/media\/9528"}],"wp:attachment":[{"href":"https:\/\/theo.niranbio.com\/fr\/wp-json\/wp\/v2\/media?parent=9527"}],"wp:term":[{"taxonomy":"product_brand","embeddable":true,"href":"https:\/\/theo.niranbio.com\/fr\/wp-json\/wp\/v2\/product_brand?post=9527"},{"taxonomy":"product_cat","embeddable":true,"href":"https:\/\/theo.niranbio.com\/fr\/wp-json\/wp\/v2\/product_cat?post=9527"},{"taxonomy":"product_tag","embeddable":true,"href":"https:\/\/theo.niranbio.com\/fr\/wp-json\/wp\/v2\/product_tag?post=9527"}],"curies":[{"name":"wp","href":"https:\/\/api.w.org\/{rel}","templated":true}]}}