{"id":9523,"date":"2024-06-20T11:15:00","date_gmt":"2024-06-20T03:15:00","guid":{"rendered":"https:\/\/theo.niranbio.com\/erythorbate-de-sodium\/"},"modified":"2024-08-19T11:57:11","modified_gmt":"2024-08-19T03:57:11","slug":"erythorbate-de-sodium","status":"publish","type":"product","link":"https:\/\/theo.niranbio.com\/fr\/erythorbate-de-sodium.html","title":{"rendered":"\u00c9rythorbate de sodium"},"content":{"rendered":"<h2><span class=\"ez-toc-section\" id=\"Quest-ce_que_lerythorbate_de_sodium\"><\/span>Qu&rsquo;est-ce que l&rsquo;\u00e9rythorbate de sodium ?<span class=\"ez-toc-section-end\"><\/span><\/h2>\n<p>L&rsquo;\u00e9rythorbate de sodium est une nouvelle classe d&rsquo;antioxydants, de conservateurs et d&rsquo;exhausteurs de couleur alimentaires d&rsquo;origine biologique. Il prolonge la dur\u00e9e de conservation des aliments, pr\u00e9serve leur couleur et leur saveur naturelle et n&rsquo;a aucun effet secondaire nocif. Il se pr\u00e9sente sous forme de cristaux blancs \u00e0 blanc jaun\u00e2tre ou de poudres cristallines et est largement utilis\u00e9 dans l&rsquo;industrie alimentaire.<\/p>\n<p>Il existe principalement les m\u00e9thodes suivantes pour pr\u00e9parer l&rsquo;\u00e9rythorbate de sodium en Chine :<\/p>\n<p>1. L&rsquo;\u00e9rythorbate de sodium est pr\u00e9par\u00e9 en faisant r\u00e9agir de la vitamine C d\u00e9shydrog\u00e9n\u00e9e avec des sels de sodium (tels que l&rsquo;hydroxyde de sodium). Gr\u00e2ce \u00e0 ce proc\u00e9d\u00e9, la puret\u00e9 et le rendement du produit sont garantis en r\u00e9gulant les conditions de r\u00e9action en laboratoire ou sur un \u00e9quipement industriel. Apr\u00e8s la r\u00e9action, il est purifi\u00e9 par des m\u00e9thodes telles que l&rsquo;extraction par solvant et la cristallisation pour obtenir de l&rsquo;\u00e9rythorbate de sodium de haute puret\u00e9. La synth\u00e8se chimique \u00e9tant peu co\u00fbteuse et produisant des rendements \u00e9lev\u00e9s, elle est devenue la m\u00e9thode de pr\u00e9paration pr\u00e9f\u00e9r\u00e9e.<\/p>\n<p>2. L&rsquo;\u00e9rythorbate de sodium est produit lors de la fermentation \u00e0 l&rsquo;aide de micro-organismes sp\u00e9cifiques. En utilisant des milieux de culture adapt\u00e9s et en optimisant les conditions de fermentation, les micro-organismes sont capables de convertir les mati\u00e8res premi\u00e8res en produits cibles. Par la suite, l&rsquo;\u00e9rythorbate de sodium est extrait du bouillon de fermentation par des \u00e9tapes d&rsquo;extraction et de purification. Bien que les m\u00e9thodes biologiques pr\u00e9sentent des avantages en termes de protection de l&rsquo;environnement et de durabilit\u00e9, leurs co\u00fbts de production et leur complexit\u00e9 technique sont g\u00e9n\u00e9ralement \u00e9lev\u00e9s.<\/p>\n<h2><span class=\"ez-toc-section\" id=\"Parametres_associes\"><\/span>Param\u00e8tres associ\u00e9s :<span class=\"ez-toc-section-end\"><\/span><\/h2>\n<table>\n<tbody>\n<tr>\n<td><strong>Articles<\/strong><\/td>\n<td><strong>Normes<\/strong><\/td>\n<\/tr>\n<tr>\n<td>Identification<\/td>\n<td>Positive<\/td>\n<\/tr>\n<tr>\n<td>Dosage(C6H7O6Na\u30fbH2O)<\/td>\n<td>98.0~100%~100.5%<\/td>\n<\/tr>\n<tr>\n<td>Rotation sp\u00e9cifique [\u03b1]D25<\/td>\n<td>+95.5\u00b0~+98.0\u00b0<\/td>\n<\/tr>\n<tr>\n<td>pH (1:20)<\/td>\n<td>5.5~8.0<\/td>\n<\/tr>\n<tr>\n<td>Plomb<\/td>\n<td>2 PPM Max<\/td>\n<\/tr>\n<tr>\n<td>M\u00e9taux lourds (en tant que Pb)<\/td>\n<td>10 PPM Max<\/td>\n<\/tr>\n<tr>\n<td>Arsenic<\/td>\n<td>3 PPM Max<\/td>\n<\/tr>\n<tr>\n<td>Perte au s\u00e9chage<\/td>\n<td>0,25% Max<\/td>\n<\/tr>\n<tr>\n<td>Oxalate<\/td>\n<td>Test r\u00e9ussi<\/td>\n<\/tr>\n<\/tbody>\n<\/table>\n<h2><span class=\"ez-toc-section\" id=\"Dosage_recommande\"><\/span>Dosage recommand\u00e9 :<span class=\"ez-toc-section-end\"><\/span><\/h2>\n<table>\n<tbody>\n<tr>\n<td><strong>Nom de l&rsquo;aliment<\/strong><\/td>\n<td><strong>Utilisation maximale (g\/kg)<\/strong><\/td>\n<\/tr>\n<tr>\n<td>Boissons \u00e0 base de jus de fruits<\/td>\n<td>0,1-0,2 g\/kg<\/td>\n<\/tr>\n<tr>\n<td>Boissons pour sportifs<\/td>\n<td>0,05-0,1 g\/kg<\/td>\n<\/tr>\n<tr>\n<td>Aliments en conserve<\/td>\n<td>0,1-0,2 g\/kg<\/td>\n<\/tr>\n<tr>\n<td>Sauces<\/td>\n<td>0,1-0,2 g\/kg<\/td>\n<\/tr>\n<tr>\n<td>Produits \u00e0 base de viande<\/td>\n<td>0,1-0,2 g\/kg<\/td>\n<\/tr>\n<tr>\n<td>Boulangerie<\/td>\n<td>0,05-0,1 g\/kg<\/td>\n<\/tr>\n<tr>\n<td>Aliments congel\u00e9s<\/td>\n<td>0,05-0,1 g\/kg<\/td>\n<\/tr>\n<tr>\n<td>Biscuits<\/td>\n<td>0,05-0,1 g\/kg<\/td>\n<\/tr>\n<tr>\n<td>Gel\u00e9e<\/td>\n<td>0,05-0,1 g\/kg<\/td>\n<\/tr>\n<tr>\n<td>Chocolat<\/td>\n<td>0,05-0,1 g\/kg<\/td>\n<\/tr>\n<tr>\n<td>Fruits secs<\/td>\n<td>0,1-0,2 g\/kg<\/td>\n<\/tr>\n<tr>\n<td>Prot\u00e9ines en poudre<\/td>\n<td>0,05-0,1 g\/kg<\/td>\n<\/tr>\n<\/tbody>\n<\/table>\n<h2><span class=\"ez-toc-section\" id=\"Lerythorbate_de_sodium_a_un_large_eventail_dutilisations\"><\/span>L&rsquo;\u00e9rythorbate de sodium a un large \u00e9ventail d&rsquo;utilisations<span class=\"ez-toc-section-end\"><\/span><\/h2>\n<ol>\n<li>En emp\u00eachant l&rsquo;oxydation des graisses et des huiles des aliments, l&rsquo;\u00e9rythorbate de sodium, un antioxydant efficace, prolonge la dur\u00e9e de conservation des aliments tout en pr\u00e9servant leur saveur et leur contenu nutritionnel.<\/li>\n<li>En inhibant l&rsquo;oxydation des compos\u00e9s ph\u00e9noliques, l&rsquo;\u00e9rythorbate de sodium peut r\u00e9duire efficacement le brunissement des aliments et maintenir la couleur et l&rsquo;apparence des aliments.<\/li>\n<li>Pendant la transformation des aliments, l&rsquo;\u00e9rythorbate de sodium peut am\u00e9liorer la stabilit\u00e9 des aliments et emp\u00eacher la d\u00e9gradation et la d\u00e9faillance des ingr\u00e9dients alimentaires.<\/li>\n<li>En r\u00e9duisant les r\u00e9actions d&rsquo;oxydation, il aide \u00e0 maintenir la saveur et le go\u00fbt d&rsquo;origine des aliments et pr\u00e9vient les changements de go\u00fbt caus\u00e9s par l&rsquo;oxydation.<\/li>\n<\/ol>\n<h2><span class=\"ez-toc-section\" id=\"Question_posee_par_lutilisateur\"><\/span>Question pos\u00e9e par l&rsquo;utilisateur :<span class=\"ez-toc-section-end\"><\/span><\/h2>\n<p>Question : L\u2019\u00e9rythorbate de sodium est-il identique \u00e0 la vitamine C ?<\/p>\n<p>R\u00e9ponse : Bien que l\u2019\u00e9rythorbate de sodium et la vitamine C aient tous deux des effets antioxydants, ils ne sont pas identiques. Un isom\u00e8re de la vitamine C appel\u00e9 \u00e9rythorbate de sodium est principalement utilis\u00e9 comme antioxydant dans les aliments. Il peut pr\u00e9venir efficacement l\u2019oxydation et le brunissement des aliments et pr\u00e9sente une bonne stabilit\u00e9. En revanche, la vitamine C joue un r\u00f4le nutritionnel important dans l\u2019organisme, notamment en soutenant le syst\u00e8me immunitaire et la synth\u00e8se du collag\u00e8ne, mais elle est relativement instable et se d\u00e9grade facilement lors de la transformation et du stockage des aliments.<\/p>\n","protected":false},"excerpt":{"rendered":"<ul>\n<li>CAS : 6381-77-7<\/li>\n<li>Formule chimique: C<sub>6<\/sub>H<sub>7<\/sub>NaO<sub>6<\/sub><\/li>\n<li>Certifications : KOSHER, ISO, HALAL, FSSC 22000, BRC, etc.<\/li>\n<li>Norme : FCC IX<\/li>\n<li>Quantit\u00e9 minimum de commande : 1000 kg<\/li>\n<li>Dur\u00e9e de conservation : 2 ans<\/li>\n<\/ul>\n","protected":false},"featured_media":9526,"template":"","meta":{"site-sidebar-layout":"default","site-content-layout":"","ast-site-content-layout":"default","site-content-style":"default","site-sidebar-style":"default","ast-global-header-display":"","ast-banner-title-visibility":"","ast-main-header-display":"","ast-hfb-above-header-display":"","ast-hfb-below-header-display":"","ast-hfb-mobile-header-display":"","site-post-title":"","ast-breadcrumbs-content":"","ast-featured-img":"","footer-sml-layout":"","theme-transparent-header-meta":"default","adv-header-id-meta":"","stick-header-meta":"","header-above-stick-meta":"","header-main-stick-meta":"","header-below-stick-meta":"","astra-migrate-meta-layouts":"set","ast-page-background-enabled":"default","ast-page-background-meta":{"desktop":{"background-color":"var(--ast-global-color-4)","background-image":"","background-repeat":"repeat","background-position":"center center","background-size":"auto","background-attachment":"scroll","background-type":"","background-media":"","overlay-type":"","overlay-color":"","overlay-opacity":"","overlay-gradient":""},"tablet":{"background-color":"","background-image":"","background-repeat":"repeat","background-position":"center center","background-size":"auto","background-attachment":"scroll","background-type":"","background-media":"","overlay-type":"","overlay-color":"","overlay-opacity":"","overlay-gradient":""},"mobile":{"background-color":"","background-image":"","background-repeat":"repeat","background-position":"center center","background-size":"auto","background-attachment":"scroll","background-type":"","background-media":"","overlay-type":"","overlay-color":"","overlay-opacity":"","overlay-gradient":""}},"ast-content-background-meta":{"desktop":{"background-color":"var(--ast-global-color-5)","background-image":"","background-repeat":"repeat","background-position":"center center","background-size":"auto","background-attachment":"scroll","background-type":"","background-media":"","overlay-type":"","overlay-color":"","overlay-opacity":"","overlay-gradient":""},"tablet":{"background-color":"var(--ast-global-color-5)","background-image":"","background-repeat":"repeat","background-position":"center center","background-size":"auto","background-attachment":"scroll","background-type":"","background-media":"","overlay-type":"","overlay-color":"","overlay-opacity":"","overlay-gradient":""},"mobile":{"background-color":"var(--ast-global-color-5)","background-image":"","background-repeat":"repeat","background-position":"center center","background-size":"auto","background-attachment":"scroll","background-type":"","background-media":"","overlay-type":"","overlay-color":"","overlay-opacity":"","overlay-gradient":""}}},"product_brand":[],"product_cat":[102],"product_tag":[],"class_list":{"0":"post-9523","1":"product","2":"type-product","3":"status-publish","4":"has-post-thumbnail","6":"product_cat-produit-antioxydant","7":"desktop-align-center","8":"tablet-align-left","9":"mobile-align-left","11":"first","12":"instock","13":"shipping-taxable","14":"product-type-simple"},"yoast_head":"<!-- This site is optimized with the Yoast SEO plugin v26.5 - https:\/\/yoast.com\/wordpress\/plugins\/seo\/ -->\n<title>Fabricant chinois d&#039;\u00e9rythorbate de sodium, poudre d&#039;\u00e9rythorbate de sodium E316 | Niranbio Chemical<\/title>\n<meta name=\"description\" content=\"Notre \u00e9rythorbate de sodium E316 se pr\u00e9sente sous forme de cristaux blancs \u00e0 blanc jaun\u00e2tre ou de poudres cristallines et est largement utilis\u00e9 dans l&#039;industrie alimentaire.\" \/>\n<meta name=\"robots\" content=\"noindex, follow, max-snippet:-1, max-image-preview:large, max-video-preview:-1\" \/>\n<meta name=\"twitter:label1\" content=\"Dur\u00e9e de lecture estim\u00e9e\" \/>\n\t<meta name=\"twitter:data1\" content=\"3 minutes\" \/>\n<script type=\"application\/ld+json\" class=\"yoast-schema-graph\">{\"@context\":\"https:\/\/schema.org\",\"@graph\":[{\"@type\":\"WebPage\",\"@id\":\"https:\/\/theo.niranbio.com\/fr\/erythorbate-de-sodium.html\",\"url\":\"https:\/\/theo.niranbio.com\/fr\/erythorbate-de-sodium.html\",\"name\":\"Fabricant chinois d'\u00e9rythorbate de sodium, poudre d'\u00e9rythorbate de sodium E316 | Niranbio Chemical\",\"isPartOf\":{\"@id\":\"https:\/\/theo.niranbio.com\/fr\/#website\"},\"primaryImageOfPage\":{\"@id\":\"https:\/\/theo.niranbio.com\/fr\/erythorbate-de-sodium.html#primaryimage\"},\"image\":{\"@id\":\"https:\/\/theo.niranbio.com\/fr\/erythorbate-de-sodium.html#primaryimage\"},\"thumbnailUrl\":\"https:\/\/theo.niranbio.com\/wp-content\/uploads\/2024\/06\/Sodium-Erythorbate.webp\",\"datePublished\":\"2024-06-20T03:15:00+00:00\",\"dateModified\":\"2024-08-19T03:57:11+00:00\",\"description\":\"Notre \u00e9rythorbate de sodium E316 se pr\u00e9sente sous forme de cristaux blancs \u00e0 blanc jaun\u00e2tre ou de poudres cristallines et est largement utilis\u00e9 dans l'industrie alimentaire.\",\"breadcrumb\":{\"@id\":\"https:\/\/theo.niranbio.com\/fr\/erythorbate-de-sodium.html#breadcrumb\"},\"inLanguage\":\"fr-FR\",\"potentialAction\":[{\"@type\":\"ReadAction\",\"target\":[\"https:\/\/theo.niranbio.com\/fr\/erythorbate-de-sodium.html\"]}]},{\"@type\":\"ImageObject\",\"inLanguage\":\"fr-FR\",\"@id\":\"https:\/\/theo.niranbio.com\/fr\/erythorbate-de-sodium.html#primaryimage\",\"url\":\"https:\/\/theo.niranbio.com\/wp-content\/uploads\/2024\/06\/Sodium-Erythorbate.webp\",\"contentUrl\":\"https:\/\/theo.niranbio.com\/wp-content\/uploads\/2024\/06\/Sodium-Erythorbate.webp\",\"width\":600,\"height\":600,\"caption\":\"\u00c9rythorbate de sodium\"},{\"@type\":\"BreadcrumbList\",\"@id\":\"https:\/\/theo.niranbio.com\/fr\/erythorbate-de-sodium.html#breadcrumb\",\"itemListElement\":[{\"@type\":\"ListItem\",\"position\":1,\"name\":\"Home\",\"item\":\"https:\/\/theo.niranbio.com\/fr\/\"},{\"@type\":\"ListItem\",\"position\":2,\"name\":\"Produits\",\"item\":\"https:\/\/theo.niranbio.com\/fr\/produits.html\"},{\"@type\":\"ListItem\",\"position\":3,\"name\":\"Antioxydant\",\"item\":\"https:\/\/theo.niranbio.com\/fr\/produit-antioxydant\/\"},{\"@type\":\"ListItem\",\"position\":4,\"name\":\"\u00c9rythorbate de sodium\"}]},{\"@type\":\"WebSite\",\"@id\":\"https:\/\/theo.niranbio.com\/fr\/#website\",\"url\":\"https:\/\/theo.niranbio.com\/fr\/\",\"name\":\"Niranbio Chemical\",\"description\":\"\",\"publisher\":{\"@id\":\"https:\/\/theo.niranbio.com\/fr\/#organization\"},\"potentialAction\":[{\"@type\":\"SearchAction\",\"target\":{\"@type\":\"EntryPoint\",\"urlTemplate\":\"https:\/\/theo.niranbio.com\/fr\/?s={search_term_string}\"},\"query-input\":{\"@type\":\"PropertyValueSpecification\",\"valueRequired\":true,\"valueName\":\"search_term_string\"}}],\"inLanguage\":\"fr-FR\"},{\"@type\":\"Organization\",\"@id\":\"https:\/\/theo.niranbio.com\/fr\/#organization\",\"name\":\"Niranbio Chemical\",\"url\":\"https:\/\/theo.niranbio.com\/fr\/\",\"logo\":{\"@type\":\"ImageObject\",\"inLanguage\":\"fr-FR\",\"@id\":\"https:\/\/theo.niranbio.com\/fr\/#\/schema\/logo\/image\/\",\"url\":\"https:\/\/theo.niranbio.com\/wp-content\/uploads\/2024\/06\/Niranbio.png\",\"contentUrl\":\"https:\/\/theo.niranbio.com\/wp-content\/uploads\/2024\/06\/Niranbio.png\",\"width\":270,\"height\":100,\"caption\":\"Niranbio Chemical\"},\"image\":{\"@id\":\"https:\/\/theo.niranbio.com\/fr\/#\/schema\/logo\/image\/\"}}]}<\/script>\n<!-- \/ Yoast SEO plugin. -->","yoast_head_json":{"title":"Fabricant chinois d'\u00e9rythorbate de sodium, poudre d'\u00e9rythorbate de sodium E316 | Niranbio Chemical","description":"Notre \u00e9rythorbate de sodium E316 se pr\u00e9sente sous forme de cristaux blancs \u00e0 blanc jaun\u00e2tre ou de poudres cristallines et est largement utilis\u00e9 dans l'industrie alimentaire.","robots":{"index":"noindex","follow":"follow","max-snippet":"max-snippet:-1","max-image-preview":"max-image-preview:large","max-video-preview":"max-video-preview:-1"},"twitter_misc":{"Dur\u00e9e de lecture estim\u00e9e":"3 minutes"},"schema":{"@context":"https:\/\/schema.org","@graph":[{"@type":"WebPage","@id":"https:\/\/theo.niranbio.com\/fr\/erythorbate-de-sodium.html","url":"https:\/\/theo.niranbio.com\/fr\/erythorbate-de-sodium.html","name":"Fabricant chinois d'\u00e9rythorbate de sodium, poudre d'\u00e9rythorbate de sodium E316 | Niranbio Chemical","isPartOf":{"@id":"https:\/\/theo.niranbio.com\/fr\/#website"},"primaryImageOfPage":{"@id":"https:\/\/theo.niranbio.com\/fr\/erythorbate-de-sodium.html#primaryimage"},"image":{"@id":"https:\/\/theo.niranbio.com\/fr\/erythorbate-de-sodium.html#primaryimage"},"thumbnailUrl":"https:\/\/theo.niranbio.com\/wp-content\/uploads\/2024\/06\/Sodium-Erythorbate.webp","datePublished":"2024-06-20T03:15:00+00:00","dateModified":"2024-08-19T03:57:11+00:00","description":"Notre \u00e9rythorbate de sodium E316 se pr\u00e9sente sous forme de cristaux blancs \u00e0 blanc jaun\u00e2tre ou de poudres cristallines et est largement utilis\u00e9 dans l'industrie alimentaire.","breadcrumb":{"@id":"https:\/\/theo.niranbio.com\/fr\/erythorbate-de-sodium.html#breadcrumb"},"inLanguage":"fr-FR","potentialAction":[{"@type":"ReadAction","target":["https:\/\/theo.niranbio.com\/fr\/erythorbate-de-sodium.html"]}]},{"@type":"ImageObject","inLanguage":"fr-FR","@id":"https:\/\/theo.niranbio.com\/fr\/erythorbate-de-sodium.html#primaryimage","url":"https:\/\/theo.niranbio.com\/wp-content\/uploads\/2024\/06\/Sodium-Erythorbate.webp","contentUrl":"https:\/\/theo.niranbio.com\/wp-content\/uploads\/2024\/06\/Sodium-Erythorbate.webp","width":600,"height":600,"caption":"\u00c9rythorbate de sodium"},{"@type":"BreadcrumbList","@id":"https:\/\/theo.niranbio.com\/fr\/erythorbate-de-sodium.html#breadcrumb","itemListElement":[{"@type":"ListItem","position":1,"name":"Home","item":"https:\/\/theo.niranbio.com\/fr\/"},{"@type":"ListItem","position":2,"name":"Produits","item":"https:\/\/theo.niranbio.com\/fr\/produits.html"},{"@type":"ListItem","position":3,"name":"Antioxydant","item":"https:\/\/theo.niranbio.com\/fr\/produit-antioxydant\/"},{"@type":"ListItem","position":4,"name":"\u00c9rythorbate de sodium"}]},{"@type":"WebSite","@id":"https:\/\/theo.niranbio.com\/fr\/#website","url":"https:\/\/theo.niranbio.com\/fr\/","name":"Niranbio Chemical","description":"","publisher":{"@id":"https:\/\/theo.niranbio.com\/fr\/#organization"},"potentialAction":[{"@type":"SearchAction","target":{"@type":"EntryPoint","urlTemplate":"https:\/\/theo.niranbio.com\/fr\/?s={search_term_string}"},"query-input":{"@type":"PropertyValueSpecification","valueRequired":true,"valueName":"search_term_string"}}],"inLanguage":"fr-FR"},{"@type":"Organization","@id":"https:\/\/theo.niranbio.com\/fr\/#organization","name":"Niranbio Chemical","url":"https:\/\/theo.niranbio.com\/fr\/","logo":{"@type":"ImageObject","inLanguage":"fr-FR","@id":"https:\/\/theo.niranbio.com\/fr\/#\/schema\/logo\/image\/","url":"https:\/\/theo.niranbio.com\/wp-content\/uploads\/2024\/06\/Niranbio.png","contentUrl":"https:\/\/theo.niranbio.com\/wp-content\/uploads\/2024\/06\/Niranbio.png","width":270,"height":100,"caption":"Niranbio Chemical"},"image":{"@id":"https:\/\/theo.niranbio.com\/fr\/#\/schema\/logo\/image\/"}}]}},"_links":{"self":[{"href":"https:\/\/theo.niranbio.com\/fr\/wp-json\/wp\/v2\/product\/9523","targetHints":{"allow":["GET"]}}],"collection":[{"href":"https:\/\/theo.niranbio.com\/fr\/wp-json\/wp\/v2\/product"}],"about":[{"href":"https:\/\/theo.niranbio.com\/fr\/wp-json\/wp\/v2\/types\/product"}],"version-history":[{"count":0,"href":"https:\/\/theo.niranbio.com\/fr\/wp-json\/wp\/v2\/product\/9523\/revisions"}],"wp:featuredmedia":[{"embeddable":true,"href":"https:\/\/theo.niranbio.com\/fr\/wp-json\/wp\/v2\/media\/9526"}],"wp:attachment":[{"href":"https:\/\/theo.niranbio.com\/fr\/wp-json\/wp\/v2\/media?parent=9523"}],"wp:term":[{"taxonomy":"product_brand","embeddable":true,"href":"https:\/\/theo.niranbio.com\/fr\/wp-json\/wp\/v2\/product_brand?post=9523"},{"taxonomy":"product_cat","embeddable":true,"href":"https:\/\/theo.niranbio.com\/fr\/wp-json\/wp\/v2\/product_cat?post=9523"},{"taxonomy":"product_tag","embeddable":true,"href":"https:\/\/theo.niranbio.com\/fr\/wp-json\/wp\/v2\/product_tag?post=9523"}],"curies":[{"name":"wp","href":"https:\/\/api.w.org\/{rel}","templated":true}]}}