{"id":9520,"date":"2024-06-20T10:26:44","date_gmt":"2024-06-20T02:26:44","guid":{"rendered":"https:\/\/theo.niranbio.com\/alginate-de-sodium\/"},"modified":"2024-08-13T14:24:24","modified_gmt":"2024-08-13T06:24:24","slug":"alginate-de-sodium","status":"publish","type":"product","link":"https:\/\/theo.niranbio.com\/fr\/alginate-de-sodium.html","title":{"rendered":"Alginate de sodium"},"content":{"rendered":"<h2><span class=\"ez-toc-section\" id=\"Quest-ce_que_lalginate_de_sodium\"><\/span>Qu&rsquo;est-ce que l&rsquo;alginate de sodium ?<span class=\"ez-toc-section-end\"><\/span><\/h2>\n<p>L&rsquo;alginate de sodium est un sous-produit de l&rsquo;\u00e9limination du mannitol et de l&rsquo;iode des algues brunes sargasses ou du varech. Il ressemble \u00e0 une poudre jaune clair, n&rsquo;a pratiquement pas de go\u00fbt ni d&rsquo;odeur et se dissout facilement dans l&rsquo;eau pour cr\u00e9er un liquide \u00e9pais. Il poss\u00e8de la s\u00e9curit\u00e9, la viscosit\u00e9, la stabilit\u00e9 et la solubilit\u00e9 n\u00e9cessaires comme excipients dans les pr\u00e9parations m\u00e9dicinales.<\/p>\n<p>Le secteur alimentaire et l&rsquo;industrie pharmaceutique en ont fait un usage intensif. Une solution d&rsquo;alginate brute appel\u00e9e alginate de sodium est fabriqu\u00e9e en broyant des algues ou des algues s\u00e8ches ou humides, en les rin\u00e7ant \u00e0 l&rsquo;eau pour \u00e9liminer tous les contaminants, en les extrayant avec de l&rsquo;eau fortement alcaline, puis en les clarifiant. Pour cr\u00e9er de l&rsquo;alginate de calcium color\u00e9, il est pr\u00e9cipit\u00e9 avec du chlorure de calcium. Apr\u00e8s les processus de d\u00e9coloration et de d\u00e9sodorisation, les impuret\u00e9s solubles sont \u00e9limin\u00e9es \u00e0 l&rsquo;aide d&rsquo;acide pour produire un pr\u00e9cipit\u00e9 d&rsquo;alginate, qui se combine ensuite avec du carbonate de sodium pour produire de l&rsquo;alginate de sodium. La poudre obtenue est ensuite s\u00e9ch\u00e9e, broy\u00e9e et tamis\u00e9e.<\/p>\n<h2><span class=\"ez-toc-section\" id=\"Dosage_recommande\"><\/span>Dosage recommand\u00e9 :<span class=\"ez-toc-section-end\"><\/span><\/h2>\n<table>\n<tbody>\n<tr>\n<td><strong>Nom de l&rsquo;aliment<\/strong><\/td>\n<td><strong>Utilisation maximale (g\/kg)<\/strong><\/td>\n<\/tr>\n<tr>\n<td>Cr\u00e8me glac\u00e9e<\/td>\n<td>3-8 g\/kg<\/td>\n<\/tr>\n<tr>\n<td>Yaourt<\/td>\n<td>2-5 g\/kg<\/td>\n<\/tr>\n<tr>\n<td>Gel\u00e9e<\/td>\n<td>2-7 g\/kg<\/td>\n<\/tr>\n<tr>\n<td>Confiture<\/td>\n<td>2-6 g\/kg<\/td>\n<\/tr>\n<tr>\n<td>G\u00e2teaux cuits au four<\/td>\n<td>1-5 g\/kg<\/td>\n<\/tr>\n<tr>\n<td>Sauce<\/td>\n<td>2-6 g\/kg<\/td>\n<\/tr>\n<tr>\n<td>Fromage<\/td>\n<td>2-6 g\/kg<\/td>\n<\/tr>\n<tr>\n<td>Bonbons mous<\/td>\n<td>3-10 g\/kg<\/td>\n<\/tr>\n<tr>\n<td>Condiments<\/td>\n<td>3-10 g\/kg<\/td>\n<\/tr>\n<tr>\n<td>Beurre de cacahu\u00e8te<\/td>\n<td>2-5 g\/kg<\/td>\n<\/tr>\n<tr>\n<td>Cr\u00e8me<\/td>\n<td>1-3 g\/kg<\/td>\n<\/tr>\n<tr>\n<td>Biscuits<\/td>\n<td>3-7 g\/kg<\/td>\n<\/tr>\n<tr>\n<td>Vinaigrette<\/td>\n<td>2-5 g\/kg<\/td>\n<\/tr>\n<\/tbody>\n<\/table>\n<h2><span class=\"ez-toc-section\" id=\"Lalginate_de_sodium_a_une_large_gamme_dutilisations\"><\/span>L&rsquo;alginate de sodium a une large gamme d&rsquo;utilisations<span class=\"ez-toc-section-end\"><\/span><\/h2>\n<ol>\n<li>Agent g\u00e9lifiant et stabilisant : l&rsquo;alginate de sodium est un polysaccharide naturel avec de bonnes propri\u00e9t\u00e9s g\u00e9lifiantes et une bonne stabilit\u00e9. Les applications de g\u00e9lification et de stabilisation des aliments incluent son utilisation. Par exemple, lors de la fabrication de gel\u00e9e, de pudding et d&rsquo;aliments g\u00e9lifi\u00e9s, l&rsquo;alginate de sodium peut rapidement solidifier le liquide en un solide et conserver sa forme et son go\u00fbt.<\/li>\n<li>\u00c9mulsifiant : l&rsquo;alginate de sodium peut aider \u00e0 \u00e9mulsionner l&rsquo;huile et l&rsquo;eau, am\u00e9liorant ainsi la texture et le go\u00fbt des aliments. Dans des produits tels que le fromage, la cr\u00e8me glac\u00e9e et les sauces, il peut stabiliser l&rsquo;\u00e9mulsion, emp\u00eacher la stratification et am\u00e9liorer le go\u00fbt.<\/li>\n<li>\u00c9paississant : en tant qu&rsquo;\u00e9paississant, l&rsquo;alginate de sodium peut augmenter la viscosit\u00e9 et l&rsquo;\u00e9paisseur des aliments et am\u00e9liorer le go\u00fbt. Les produits comme les sauces, les vinaigrettes et les soupes \u00e9paisses en b\u00e9n\u00e9ficient grandement.<\/li>\n<li>Fabrication de films et d&rsquo;agents d&#8217;emballage : L&rsquo;alginate de sodium peut former un film qui peut \u00eatre utilis\u00e9 pour envelopper la surface des aliments, comme dans les emballages alimentaires, les perles de jus et les compl\u00e9ments alimentaires.<\/li>\n<li>Conservateur : Certaines caract\u00e9ristiques de l&rsquo;alginate de sodium peuvent aider \u00e0 pr\u00e9server la fra\u00eecheur et la qualit\u00e9 des aliments tout en prolongeant leur dur\u00e9e de conservation, m\u00eame s&rsquo;il ne s&rsquo;agit pas d&rsquo;un conservateur majeur.<\/li>\n<\/ol>\n<h2><span class=\"ez-toc-section\" id=\"Question_posee_par_lutilisateur\"><\/span>Question pos\u00e9e par l&rsquo;utilisateur :<span class=\"ez-toc-section-end\"><\/span><\/h2>\n<p>Question : Quelles sont les alternatives \u00e0 l&rsquo;alginate de sodium dans les applications alimentaires ?<\/p>\n<p>R\u00e9ponse : L&rsquo;alginate de sodium est couramment utilis\u00e9 comme g\u00e9lifiant, stabilisant et \u00e9paississant dans les applications alimentaires, mais il existe \u00e9galement une vari\u00e9t\u00e9 d&rsquo;alternatives, telles que l&rsquo;agar, la carragh\u00e9nine, la gomme de guar et la gomme xanthane, chacune ayant des propri\u00e9t\u00e9s de gel, une stabilit\u00e9 et des domaines d&rsquo;application diff\u00e9rents, et pouvant \u00eatre s\u00e9lectionn\u00e9es et appliqu\u00e9es en fonction des besoins sp\u00e9cifiques de fabrication des aliments.<\/p>\n<p>Question : Une consommation mod\u00e9r\u00e9e d&rsquo;alginate de sodium aura-t-elle un impact sur la sant\u00e9 physique ?<\/p>\n<p>R\u00e9ponse : Dans la plupart des cas, cela n&rsquo;affectera pas significativement la sant\u00e9 physique. En tant qu&rsquo;additif alimentaire naturel, l&rsquo;alginate de sodium est largement consid\u00e9r\u00e9 comme s\u00fbr, et son apport dans les aliments est g\u00e9n\u00e9ralement contr\u00f4l\u00e9 dans une plage s\u00fbre. Cependant, une consommation excessive \u00e0 long terme peut provoquer des troubles digestifs, il est donc recommand\u00e9 de l&rsquo;utiliser dans le cadre d&rsquo;habitudes alimentaires normales et de suivre la dose recommand\u00e9e d&rsquo;additifs alimentaires.<\/p>\n","protected":false},"excerpt":{"rendered":"<ul>\n<li>CAS: 9005-38-3<\/li>\n<li>Formule chimique: C<sub>5<\/sub>H<sub>7<\/sub>O<sub>4<\/sub>COONa<\/li>\n<li>Certifications : KOSHER, ISO, HALAL, FSSC 22000, BRC, etc.<\/li>\n<li>Standard:<\/li>\n<li>Quantit\u00e9 minimum de commande : 1000 kg<\/li>\n<li>Dur\u00e9e de conservation : 2 ans<\/li>\n<\/ul>\n","protected":false},"featured_media":9521,"template":"","meta":{"site-sidebar-layout":"default","site-content-layout":"","ast-site-content-layout":"default","site-content-style":"default","site-sidebar-style":"default","ast-global-header-display":"","ast-banner-title-visibility":"","ast-main-header-display":"","ast-hfb-above-header-display":"","ast-hfb-below-header-display":"","ast-hfb-mobile-header-display":"","site-post-title":"","ast-breadcrumbs-content":"","ast-featured-img":"","footer-sml-layout":"","theme-transparent-header-meta":"default","adv-header-id-meta":"","stick-header-meta":"","header-above-stick-meta":"","header-main-stick-meta":"","header-below-stick-meta":"","astra-migrate-meta-layouts":"set","ast-page-background-enabled":"default","ast-page-background-meta":{"desktop":{"background-color":"var(--ast-global-color-4)","background-image":"","background-repeat":"repeat","background-position":"center center","background-size":"auto","background-attachment":"scroll","background-type":"","background-media":"","overlay-type":"","overlay-color":"","overlay-opacity":"","overlay-gradient":""},"tablet":{"background-color":"","background-image":"","background-repeat":"repeat","background-position":"center center","background-size":"auto","background-attachment":"scroll","background-type":"","background-media":"","overlay-type":"","overlay-color":"","overlay-opacity":"","overlay-gradient":""},"mobile":{"background-color":"","background-image":"","background-repeat":"repeat","background-position":"center center","background-size":"auto","background-attachment":"scroll","background-type":"","background-media":"","overlay-type":"","overlay-color":"","overlay-opacity":"","overlay-gradient":""}},"ast-content-background-meta":{"desktop":{"background-color":"var(--ast-global-color-5)","background-image":"","background-repeat":"repeat","background-position":"center center","background-size":"auto","background-attachment":"scroll","background-type":"","background-media":"","overlay-type":"","overlay-color":"","overlay-opacity":"","overlay-gradient":""},"tablet":{"background-color":"var(--ast-global-color-5)","background-image":"","background-repeat":"repeat","background-position":"center center","background-size":"auto","background-attachment":"scroll","background-type":"","background-media":"","overlay-type":"","overlay-color":"","overlay-opacity":"","overlay-gradient":""},"mobile":{"background-color":"var(--ast-global-color-5)","background-image":"","background-repeat":"repeat","background-position":"center center","background-size":"auto","background-attachment":"scroll","background-type":"","background-media":"","overlay-type":"","overlay-color":"","overlay-opacity":"","overlay-gradient":""}}},"product_brand":[],"product_cat":[112],"product_tag":[],"class_list":{"0":"post-9520","1":"product","2":"type-product","3":"status-publish","4":"has-post-thumbnail","6":"product_cat-produit-epaississant","7":"desktop-align-center","8":"tablet-align-left","9":"mobile-align-left","11":"first","12":"instock","13":"shipping-taxable","14":"product-type-simple"},"yoast_head":"<!-- This site is optimized with the Yoast SEO plugin v26.5 - https:\/\/yoast.com\/wordpress\/plugins\/seo\/ -->\n<title>Fournisseur de poudre d&#039;alginate de sodium, prix de gros du fabricant E401 | Niranbio Chemical<\/title>\n<meta name=\"description\" content=\"Notre poudre d&#039;alginate de sodium ressemble \u00e0 une poudre jaune clair, n&#039;a pratiquement aucun go\u00fbt ni odeur et se dissout facilement dans l&#039;eau pour cr\u00e9er un liquide \u00e9pais.\" \/>\n<meta name=\"robots\" content=\"noindex, follow, max-snippet:-1, max-image-preview:large, max-video-preview:-1\" \/>\n<meta name=\"twitter:label1\" content=\"Dur\u00e9e de lecture estim\u00e9e\" \/>\n\t<meta name=\"twitter:data1\" content=\"3 minutes\" \/>\n<script type=\"application\/ld+json\" class=\"yoast-schema-graph\">{\"@context\":\"https:\/\/schema.org\",\"@graph\":[{\"@type\":\"WebPage\",\"@id\":\"https:\/\/theo.niranbio.com\/fr\/alginate-de-sodium.html\",\"url\":\"https:\/\/theo.niranbio.com\/fr\/alginate-de-sodium.html\",\"name\":\"Fournisseur de poudre d'alginate de sodium, prix de gros du fabricant E401 | Niranbio Chemical\",\"isPartOf\":{\"@id\":\"https:\/\/theo.niranbio.com\/fr\/#website\"},\"primaryImageOfPage\":{\"@id\":\"https:\/\/theo.niranbio.com\/fr\/alginate-de-sodium.html#primaryimage\"},\"image\":{\"@id\":\"https:\/\/theo.niranbio.com\/fr\/alginate-de-sodium.html#primaryimage\"},\"thumbnailUrl\":\"https:\/\/theo.niranbio.com\/wp-content\/uploads\/2024\/06\/Sodium-Alginate.webp\",\"datePublished\":\"2024-06-20T02:26:44+00:00\",\"dateModified\":\"2024-08-13T06:24:24+00:00\",\"description\":\"Notre poudre d'alginate de sodium ressemble \u00e0 une poudre jaune clair, n'a pratiquement aucun go\u00fbt ni odeur et se dissout facilement dans l'eau pour cr\u00e9er un liquide \u00e9pais.\",\"breadcrumb\":{\"@id\":\"https:\/\/theo.niranbio.com\/fr\/alginate-de-sodium.html#breadcrumb\"},\"inLanguage\":\"fr-FR\",\"potentialAction\":[{\"@type\":\"ReadAction\",\"target\":[\"https:\/\/theo.niranbio.com\/fr\/alginate-de-sodium.html\"]}]},{\"@type\":\"ImageObject\",\"inLanguage\":\"fr-FR\",\"@id\":\"https:\/\/theo.niranbio.com\/fr\/alginate-de-sodium.html#primaryimage\",\"url\":\"https:\/\/theo.niranbio.com\/wp-content\/uploads\/2024\/06\/Sodium-Alginate.webp\",\"contentUrl\":\"https:\/\/theo.niranbio.com\/wp-content\/uploads\/2024\/06\/Sodium-Alginate.webp\",\"width\":600,\"height\":600,\"caption\":\"Alginate de sodium\"},{\"@type\":\"BreadcrumbList\",\"@id\":\"https:\/\/theo.niranbio.com\/fr\/alginate-de-sodium.html#breadcrumb\",\"itemListElement\":[{\"@type\":\"ListItem\",\"position\":1,\"name\":\"Home\",\"item\":\"https:\/\/theo.niranbio.com\/fr\/\"},{\"@type\":\"ListItem\",\"position\":2,\"name\":\"Produits\",\"item\":\"https:\/\/theo.niranbio.com\/fr\/produits.html\"},{\"@type\":\"ListItem\",\"position\":3,\"name\":\"\u00c9paississant\",\"item\":\"https:\/\/theo.niranbio.com\/fr\/produit-epaississant\/\"},{\"@type\":\"ListItem\",\"position\":4,\"name\":\"Alginate de sodium\"}]},{\"@type\":\"WebSite\",\"@id\":\"https:\/\/theo.niranbio.com\/fr\/#website\",\"url\":\"https:\/\/theo.niranbio.com\/fr\/\",\"name\":\"Niranbio Chemical\",\"description\":\"\",\"publisher\":{\"@id\":\"https:\/\/theo.niranbio.com\/fr\/#organization\"},\"potentialAction\":[{\"@type\":\"SearchAction\",\"target\":{\"@type\":\"EntryPoint\",\"urlTemplate\":\"https:\/\/theo.niranbio.com\/fr\/?s={search_term_string}\"},\"query-input\":{\"@type\":\"PropertyValueSpecification\",\"valueRequired\":true,\"valueName\":\"search_term_string\"}}],\"inLanguage\":\"fr-FR\"},{\"@type\":\"Organization\",\"@id\":\"https:\/\/theo.niranbio.com\/fr\/#organization\",\"name\":\"Niranbio Chemical\",\"url\":\"https:\/\/theo.niranbio.com\/fr\/\",\"logo\":{\"@type\":\"ImageObject\",\"inLanguage\":\"fr-FR\",\"@id\":\"https:\/\/theo.niranbio.com\/fr\/#\/schema\/logo\/image\/\",\"url\":\"https:\/\/theo.niranbio.com\/wp-content\/uploads\/2024\/06\/Niranbio.png\",\"contentUrl\":\"https:\/\/theo.niranbio.com\/wp-content\/uploads\/2024\/06\/Niranbio.png\",\"width\":270,\"height\":100,\"caption\":\"Niranbio Chemical\"},\"image\":{\"@id\":\"https:\/\/theo.niranbio.com\/fr\/#\/schema\/logo\/image\/\"}}]}<\/script>\n<!-- \/ Yoast SEO plugin. -->","yoast_head_json":{"title":"Fournisseur de poudre d'alginate de sodium, prix de gros du fabricant E401 | Niranbio Chemical","description":"Notre poudre d'alginate de sodium ressemble \u00e0 une poudre jaune clair, n'a pratiquement aucun go\u00fbt ni odeur et se dissout facilement dans l'eau pour cr\u00e9er un liquide \u00e9pais.","robots":{"index":"noindex","follow":"follow","max-snippet":"max-snippet:-1","max-image-preview":"max-image-preview:large","max-video-preview":"max-video-preview:-1"},"twitter_misc":{"Dur\u00e9e de lecture estim\u00e9e":"3 minutes"},"schema":{"@context":"https:\/\/schema.org","@graph":[{"@type":"WebPage","@id":"https:\/\/theo.niranbio.com\/fr\/alginate-de-sodium.html","url":"https:\/\/theo.niranbio.com\/fr\/alginate-de-sodium.html","name":"Fournisseur de poudre d'alginate de sodium, prix de gros du fabricant E401 | Niranbio Chemical","isPartOf":{"@id":"https:\/\/theo.niranbio.com\/fr\/#website"},"primaryImageOfPage":{"@id":"https:\/\/theo.niranbio.com\/fr\/alginate-de-sodium.html#primaryimage"},"image":{"@id":"https:\/\/theo.niranbio.com\/fr\/alginate-de-sodium.html#primaryimage"},"thumbnailUrl":"https:\/\/theo.niranbio.com\/wp-content\/uploads\/2024\/06\/Sodium-Alginate.webp","datePublished":"2024-06-20T02:26:44+00:00","dateModified":"2024-08-13T06:24:24+00:00","description":"Notre poudre d'alginate de sodium ressemble \u00e0 une poudre jaune clair, n'a pratiquement aucun go\u00fbt ni odeur et se dissout facilement dans l'eau pour cr\u00e9er un liquide \u00e9pais.","breadcrumb":{"@id":"https:\/\/theo.niranbio.com\/fr\/alginate-de-sodium.html#breadcrumb"},"inLanguage":"fr-FR","potentialAction":[{"@type":"ReadAction","target":["https:\/\/theo.niranbio.com\/fr\/alginate-de-sodium.html"]}]},{"@type":"ImageObject","inLanguage":"fr-FR","@id":"https:\/\/theo.niranbio.com\/fr\/alginate-de-sodium.html#primaryimage","url":"https:\/\/theo.niranbio.com\/wp-content\/uploads\/2024\/06\/Sodium-Alginate.webp","contentUrl":"https:\/\/theo.niranbio.com\/wp-content\/uploads\/2024\/06\/Sodium-Alginate.webp","width":600,"height":600,"caption":"Alginate de sodium"},{"@type":"BreadcrumbList","@id":"https:\/\/theo.niranbio.com\/fr\/alginate-de-sodium.html#breadcrumb","itemListElement":[{"@type":"ListItem","position":1,"name":"Home","item":"https:\/\/theo.niranbio.com\/fr\/"},{"@type":"ListItem","position":2,"name":"Produits","item":"https:\/\/theo.niranbio.com\/fr\/produits.html"},{"@type":"ListItem","position":3,"name":"\u00c9paississant","item":"https:\/\/theo.niranbio.com\/fr\/produit-epaississant\/"},{"@type":"ListItem","position":4,"name":"Alginate de sodium"}]},{"@type":"WebSite","@id":"https:\/\/theo.niranbio.com\/fr\/#website","url":"https:\/\/theo.niranbio.com\/fr\/","name":"Niranbio Chemical","description":"","publisher":{"@id":"https:\/\/theo.niranbio.com\/fr\/#organization"},"potentialAction":[{"@type":"SearchAction","target":{"@type":"EntryPoint","urlTemplate":"https:\/\/theo.niranbio.com\/fr\/?s={search_term_string}"},"query-input":{"@type":"PropertyValueSpecification","valueRequired":true,"valueName":"search_term_string"}}],"inLanguage":"fr-FR"},{"@type":"Organization","@id":"https:\/\/theo.niranbio.com\/fr\/#organization","name":"Niranbio Chemical","url":"https:\/\/theo.niranbio.com\/fr\/","logo":{"@type":"ImageObject","inLanguage":"fr-FR","@id":"https:\/\/theo.niranbio.com\/fr\/#\/schema\/logo\/image\/","url":"https:\/\/theo.niranbio.com\/wp-content\/uploads\/2024\/06\/Niranbio.png","contentUrl":"https:\/\/theo.niranbio.com\/wp-content\/uploads\/2024\/06\/Niranbio.png","width":270,"height":100,"caption":"Niranbio Chemical"},"image":{"@id":"https:\/\/theo.niranbio.com\/fr\/#\/schema\/logo\/image\/"}}]}},"_links":{"self":[{"href":"https:\/\/theo.niranbio.com\/fr\/wp-json\/wp\/v2\/product\/9520","targetHints":{"allow":["GET"]}}],"collection":[{"href":"https:\/\/theo.niranbio.com\/fr\/wp-json\/wp\/v2\/product"}],"about":[{"href":"https:\/\/theo.niranbio.com\/fr\/wp-json\/wp\/v2\/types\/product"}],"version-history":[{"count":0,"href":"https:\/\/theo.niranbio.com\/fr\/wp-json\/wp\/v2\/product\/9520\/revisions"}],"wp:featuredmedia":[{"embeddable":true,"href":"https:\/\/theo.niranbio.com\/fr\/wp-json\/wp\/v2\/media\/9521"}],"wp:attachment":[{"href":"https:\/\/theo.niranbio.com\/fr\/wp-json\/wp\/v2\/media?parent=9520"}],"wp:term":[{"taxonomy":"product_brand","embeddable":true,"href":"https:\/\/theo.niranbio.com\/fr\/wp-json\/wp\/v2\/product_brand?post=9520"},{"taxonomy":"product_cat","embeddable":true,"href":"https:\/\/theo.niranbio.com\/fr\/wp-json\/wp\/v2\/product_cat?post=9520"},{"taxonomy":"product_tag","embeddable":true,"href":"https:\/\/theo.niranbio.com\/fr\/wp-json\/wp\/v2\/product_tag?post=9520"}],"curies":[{"name":"wp","href":"https:\/\/api.w.org\/{rel}","templated":true}]}}