{"id":9518,"date":"2024-06-20T11:16:02","date_gmt":"2024-06-20T03:16:02","guid":{"rendered":"https:\/\/theo.niranbio.com\/coenzyme-q10\/"},"modified":"2024-08-19T11:55:30","modified_gmt":"2024-08-19T03:55:30","slug":"coenzyme-q10","status":"publish","type":"product","link":"https:\/\/theo.niranbio.com\/fr\/coenzyme-q10.html","title":{"rendered":"Coenzyme Q10"},"content":{"rendered":"<h2><span class=\"ez-toc-section\" id=\"Quest-ce_que_la_coenzyme_Q10\"><\/span>Qu&rsquo;est-ce que la coenzyme Q10 ?<span class=\"ez-toc-section-end\"><\/span><\/h2>\n<p>Fran\u00e7ais Une substance naturellement pr\u00e9sente dans les cellules est la coenzyme Q10. Elle se pr\u00e9sente sous la forme d&rsquo;une poudre cristalline jaune ou jaune orang\u00e9, est inodore et sans go\u00fbt, et se d\u00e9compose facilement \u00e0 la lumi\u00e8re. Elle est difficilement soluble dans l&rsquo;\u00e9thanol et insoluble dans l&rsquo;eau. Elle a de nombreuses utilisations dans l&rsquo;alimentation, les cosm\u00e9tiques, les compl\u00e9ments alimentaires et d&rsquo;autres secteurs de l&rsquo;\u00e9conomie.<\/p>\n<p>Il existe principalement les m\u00e9thodes suivantes pour pr\u00e9parer la coenzyme Q10 en Chine :<\/p>\n<p>1. Le processus de production de coenzyme Q10 par des micro-organismes sp\u00e9cifiques dans un environnement de fermentation contr\u00f4l\u00e9. Les micro-organismes se reproduisent dans des milieux de culture et des conditions appropri\u00e9s pour produire la coenzyme Q10, puis obtiennent un produit de haute puret\u00e9 gr\u00e2ce \u00e0 des \u00e9tapes d&rsquo;extraction et de purification. Cette proc\u00e9dure est la norme pour la production de coenzyme Q10 en Chine et offre les avantages d&rsquo;une efficacit\u00e9 de production \u00e9lev\u00e9e et d&rsquo;une consistance de produit exceptionnelle.<\/p>\n<p>2. Le pr\u00e9curseur de la coenzyme Q10 est synth\u00e9tis\u00e9 par r\u00e9action chimique, puis le produit final est obtenu par un traitement chimique suppl\u00e9mentaire. Cette m\u00e9thode permet de contr\u00f4ler avec pr\u00e9cision les conditions de r\u00e9action et d\u2019obtenir du coenzyme Q10 de haute puret\u00e9, mais le co\u00fbt est \u00e9lev\u00e9 et peut impliquer des probl\u00e8mes environnementaux complexes.<\/p>\n<h2><span class=\"ez-toc-section\" id=\"Parametres_associes\"><\/span>Param\u00e8tres associ\u00e9s :<span class=\"ez-toc-section-end\"><\/span><\/h2>\n<table>\n<tbody>\n<tr>\n<td><strong>Articles<\/strong><\/td>\n<td><strong>Normes<\/strong><\/td>\n<\/tr>\n<tr>\n<td>Essai<\/td>\n<td>98.0~101%~101.0%<\/td>\n<\/tr>\n<tr>\n<td>Point de fusion<\/td>\n<td>48,0\u00b0C-52,0\u00b0C<\/td>\n<\/tr>\n<tr>\n<td>Perte au s\u00e9chage<\/td>\n<td>\u2264 0.2%<\/td>\n<\/tr>\n<tr>\n<td>R\u00e9sidus \u00e0 l&rsquo;allumage<\/td>\n<td>\u2264 0.1%<\/td>\n<\/tr>\n<tr>\n<td>\u00c9thanol<\/td>\n<td>\u2264 5000ppm<\/td>\n<\/tr>\n<tr>\n<td>Puret\u00e9 chromatographique<\/td>\n<td><\/td>\n<\/tr>\n<tr>\n<td>Coenzymes Q7, Q8, Q9, Q11 et impuret\u00e9s apparent\u00e9es<\/td>\n<td>\u2264 1.0%<\/td>\n<\/tr>\n<tr>\n<td>Isom\u00e8re (2Z) de l&rsquo;ubid\u00e9car\u00e9none et apparent\u00e9s<\/td>\n<td>\u2264 1.0%<\/td>\n<\/tr>\n<tr>\n<td>Obtenu \u00e0 partir des proc\u00e9dures de puret\u00e9 chromatographique 1 et 2<\/td>\n<td>\u2264 1.5%<\/td>\n<\/tr>\n<tr>\n<td>M\u00e9taux lourds<\/td>\n<td>\u2264 10ppm<\/td>\n<\/tr>\n<tr>\n<td>Plomb (Pb)<\/td>\n<td>\u2264 1ppm<\/td>\n<\/tr>\n<tr>\n<td>Arsenic(As)<\/td>\n<td>\u2264 lppm<\/td>\n<\/tr>\n<tr>\n<td>Cadmium (Cd)<\/td>\n<td>\u2264 1ppm<\/td>\n<\/tr>\n<tr>\n<td>Mercure (Hg)<\/td>\n<td>\u2264 0,1ppm<\/td>\n<\/tr>\n<tr>\n<td>Nombre total de microbes a\u00e9robies<\/td>\n<td>\u2264 1000cfu\/g<\/td>\n<\/tr>\n<tr>\n<td>Comptage total des moisissures et des levures<\/td>\n<td>\u2264 100cfu\/g<\/td>\n<\/tr>\n<tr>\n<td>Ent\u00e9robact\u00e9ries<\/td>\n<td>\u2264 3MPN\/g<\/td>\n<\/tr>\n<tr>\n<td>*Salmonella<\/td>\n<td>N\u00e9gatif\/10g<\/td>\n<\/tr>\n<tr>\n<td>*E.Coli<\/td>\n<td>N\u00e9gatif\/10g<\/td>\n<\/tr>\n<tr>\n<td>*Staphylococcus aureus<\/td>\n<td>N\u00e9gatif\/10g<\/td>\n<\/tr>\n<\/tbody>\n<\/table>\n<h2><span class=\"ez-toc-section\" id=\"Dosage_recommande\"><\/span>Dosage recommand\u00e9 :<span class=\"ez-toc-section-end\"><\/span><\/h2>\n<table>\n<tbody>\n<tr>\n<td><strong>Nom de l&rsquo;aliment<\/strong><\/td>\n<td><strong>Utilisation maximale (g\/kg)<\/strong><\/td>\n<\/tr>\n<tr>\n<td>Boissons \u00e0 base de compl\u00e9ments nutritionnels<\/td>\n<td>0,5-1,0 g\/kg<\/td>\n<\/tr>\n<tr>\n<td>Boissons pour sportifs<\/td>\n<td>0,5-1,0 g\/kg<\/td>\n<\/tr>\n<tr>\n<td>Caf\u00e9<\/td>\n<td>0,1-0,5 g\/kg<\/td>\n<\/tr>\n<tr>\n<td>Th\u00e9 au lait<\/td>\n<td>0,1-0,5 g\/kg<\/td>\n<\/tr>\n<tr>\n<td>Boissons \u00e0 base de jus de fruits<\/td>\n<td>0,1-0,5 g\/kg<\/td>\n<\/tr>\n<tr>\n<td>Chocolat<\/td>\n<td>0,1-0,3 g\/kg<\/td>\n<\/tr>\n<tr>\n<td>Prot\u00e9ines en poudre<\/td>\n<td>0,5-1,0 g\/kg<\/td>\n<\/tr>\n<tr>\n<td>Biscuits<\/td>\n<td>0,1-0,3 g\/kg<\/td>\n<\/tr>\n<tr>\n<td>Aliments en conserve<\/td>\n<td>0,1-0,3 g\/kg<\/td>\n<\/tr>\n<tr>\n<td>Sauce<\/td>\n<td>0,1-0,3 g\/kg<\/td>\n<\/tr>\n<tr>\n<td>Produits laitiers<\/td>\n<td>0,1-0,3 g\/kg<\/td>\n<\/tr>\n<tr>\n<td>Boissons ferment\u00e9es<\/td>\n<td>0,1-0,3 g\/kg<\/td>\n<\/tr>\n<tr>\n<td>Boissons riches en prot\u00e9ines<\/td>\n<td>0,5-1,0 g\/kg<\/td>\n<\/tr>\n<\/tbody>\n<\/table>\n<h2><span class=\"ez-toc-section\" id=\"La_coenzyme_Q10_a_un_large_eventail_dutilisations\"><\/span>La coenzyme Q10 a un large \u00e9ventail d&rsquo;utilisations<span class=\"ez-toc-section-end\"><\/span><\/h2>\n<ol>\n<li>Le coenzyme Q10 joue un r\u00f4le cl\u00e9 dans les mitochondries des cellules, en soutenant les besoins \u00e9nerg\u00e9tiques des cellules en participant \u00e0 la cha\u00eene de transport d&rsquo;\u00e9lectrons pour aider \u00e0 g\u00e9n\u00e9rer de l&rsquo;ATP (la principale monnaie \u00e9nerg\u00e9tique des cellules).<\/li>\n<li>La substance a de fortes propri\u00e9t\u00e9s antioxydantes, qui peuvent neutraliser les radicaux libres, r\u00e9duire les dommages aux cellules caus\u00e9s par le stress oxydatif et prot\u00e9ger les membranes cellulaires et autres biomacromol\u00e9cules de l&rsquo;oxydation.<\/li>\n<li>Il est essentiel pour maintenir la sant\u00e9 cardiaque, aider \u00e0 am\u00e9liorer la fonction cardiaque, r\u00e9duire les sympt\u00f4mes de l&rsquo;insuffisance cardiaque et maintenir des niveaux normaux de pression art\u00e9rielle.<\/li>\n<li>Le coenzyme Q10 renforce l&rsquo;immunit\u00e9 et favorise les niveaux d&rsquo;\u00e9nergie, ce qui renforce la r\u00e9sistance de l&rsquo;organisme aux maladies.<\/li>\n<li>La concentration de coenzyme Q10 dans l&rsquo;organisme diminue avec l&rsquo;\u00e2ge. Une suppl\u00e9mentation en coenzyme Q10 peut aider \u00e0 ralentir le processus de vieillissement et \u00e0 am\u00e9liorer la sant\u00e9 de la peau et les niveaux d&rsquo;\u00e9nergie.<\/li>\n<\/ol>\n<h2><span class=\"ez-toc-section\" id=\"Question_posee_par_lutilisateur\"><\/span>Question pos\u00e9e par l&rsquo;utilisateur :<span class=\"ez-toc-section-end\"><\/span><\/h2>\n<p>Question : Quelles sont les substances qui peuvent remplacer la fonction de la coenzyme Q10 ?<\/p>\n<p>R\u00e9ponse :<\/p>\n<p>1. La vitamine E, un puissant antioxydant, aide \u00e0 pr\u00e9venir les dommages oxydatifs et \u00e0 neutraliser les radicaux libres. Elle est essentielle pour lutter contre le stress oxydatif des membranes cellulaires et favoriser la sant\u00e9 cardiovasculaire. La vitamine E est souvent utilis\u00e9e dans les compl\u00e9ments alimentaires et les produits de soins de la peau pour offrir une protection antioxydante et am\u00e9liorer l&rsquo;\u00e9tat de la peau. Elle poss\u00e8de des fonctions antioxydantes similaires \u00e0 celles de la coenzyme Q10.<\/p>\n<p>2. La niacinamide, \u00e9galement connue sous le nom de vitamine B3, est une substance antioxydante qui peut r\u00e9duire l&rsquo;inflammation cutan\u00e9e, am\u00e9liorer la texture de la peau et soutenir le m\u00e9tabolisme \u00e9nerg\u00e9tique cellulaire. Pour favoriser une peau saine et pr\u00e9venir les effets du vieillissement, elle est fr\u00e9quemment utilis\u00e9e dans les produits de soins de la peau. Bien que sa fonction de soutien \u00e9nerg\u00e9tique ne soit pas aussi puissante que celle de la coenzyme Q10, elle a des effets similaires sur la sant\u00e9 antioxydante et cutan\u00e9e.<\/p>\n","protected":false},"excerpt":{"rendered":"<ul>\n<li>CAS : 303-98-0<\/li>\n<li>Formule chimique: C<sub>59<\/sub>H<sub>90<\/sub>O<sub>4<\/sub><\/li>\n<li>Certifications : KOSHER, ISO, HALAL, FSSC 22000, BRC, etc.<\/li>\n<li>Standard:<\/li>\n<li>Quantit\u00e9 minimum de commande : 1000 kg<\/li>\n<li>Dur\u00e9e de conservation : 2 ans<\/li>\n<\/ul>\n","protected":false},"featured_media":9519,"template":"","meta":{"site-sidebar-layout":"default","site-content-layout":"","ast-site-content-layout":"default","site-content-style":"default","site-sidebar-style":"default","ast-global-header-display":"","ast-banner-title-visibility":"","ast-main-header-display":"","ast-hfb-above-header-display":"","ast-hfb-below-header-display":"","ast-hfb-mobile-header-display":"","site-post-title":"","ast-breadcrumbs-content":"","ast-featured-img":"","footer-sml-layout":"","theme-transparent-header-meta":"default","adv-header-id-meta":"","stick-header-meta":"","header-above-stick-meta":"","header-main-stick-meta":"","header-below-stick-meta":"","astra-migrate-meta-layouts":"set","ast-page-background-enabled":"default","ast-page-background-meta":{"desktop":{"background-color":"var(--ast-global-color-4)","background-image":"","background-repeat":"repeat","background-position":"center center","background-size":"auto","background-attachment":"scroll","background-type":"","background-media":"","overlay-type":"","overlay-color":"","overlay-opacity":"","overlay-gradient":""},"tablet":{"background-color":"","background-image":"","background-repeat":"repeat","background-position":"center center","background-size":"auto","background-attachment":"scroll","background-type":"","background-media":"","overlay-type":"","overlay-color":"","overlay-opacity":"","overlay-gradient":""},"mobile":{"background-color":"","background-image":"","background-repeat":"repeat","background-position":"center center","background-size":"auto","background-attachment":"scroll","background-type":"","background-media":"","overlay-type":"","overlay-color":"","overlay-opacity":"","overlay-gradient":""}},"ast-content-background-meta":{"desktop":{"background-color":"var(--ast-global-color-5)","background-image":"","background-repeat":"repeat","background-position":"center center","background-size":"auto","background-attachment":"scroll","background-type":"","background-media":"","overlay-type":"","overlay-color":"","overlay-opacity":"","overlay-gradient":""},"tablet":{"background-color":"var(--ast-global-color-5)","background-image":"","background-repeat":"repeat","background-position":"center center","background-size":"auto","background-attachment":"scroll","background-type":"","background-media":"","overlay-type":"","overlay-color":"","overlay-opacity":"","overlay-gradient":""},"mobile":{"background-color":"var(--ast-global-color-5)","background-image":"","background-repeat":"repeat","background-position":"center center","background-size":"auto","background-attachment":"scroll","background-type":"","background-media":"","overlay-type":"","overlay-color":"","overlay-opacity":"","overlay-gradient":""}}},"product_brand":[],"product_cat":[102],"product_tag":[],"class_list":{"0":"post-9518","1":"product","2":"type-product","3":"status-publish","4":"has-post-thumbnail","6":"product_cat-produit-antioxydant","7":"desktop-align-center","8":"tablet-align-left","9":"mobile-align-left","11":"first","12":"instock","13":"shipping-taxable","14":"product-type-simple"},"yoast_head":"<!-- This site is optimized with the Yoast SEO plugin v26.5 - https:\/\/yoast.com\/wordpress\/plugins\/seo\/ -->\n<title>Prix \u200b\u200b\u200b\u200bde gros de la coenzyme Q10, poudre de CoQ10 en gros en Chine | Niranbio Chemical<\/title>\n<meta name=\"description\" content=\"Notre poudre de CoQ10 se pr\u00e9sente sous la forme d&#039;une poudre cristalline jaune ou jaune orang\u00e9, est inodore et sans go\u00fbt et se d\u00e9compose facilement \u00e0 la lumi\u00e8re.\" \/>\n<meta name=\"robots\" content=\"noindex, follow, max-snippet:-1, max-image-preview:large, max-video-preview:-1\" \/>\n<meta name=\"twitter:label1\" content=\"Dur\u00e9e de lecture estim\u00e9e\" \/>\n\t<meta name=\"twitter:data1\" content=\"4 minutes\" \/>\n<script type=\"application\/ld+json\" class=\"yoast-schema-graph\">{\"@context\":\"https:\/\/schema.org\",\"@graph\":[{\"@type\":\"WebPage\",\"@id\":\"https:\/\/theo.niranbio.com\/fr\/coenzyme-q10.html\",\"url\":\"https:\/\/theo.niranbio.com\/fr\/coenzyme-q10.html\",\"name\":\"Prix \u200b\u200b\u200b\u200bde gros de la coenzyme Q10, poudre de CoQ10 en gros en Chine | Niranbio Chemical\",\"isPartOf\":{\"@id\":\"https:\/\/theo.niranbio.com\/fr\/#website\"},\"primaryImageOfPage\":{\"@id\":\"https:\/\/theo.niranbio.com\/fr\/coenzyme-q10.html#primaryimage\"},\"image\":{\"@id\":\"https:\/\/theo.niranbio.com\/fr\/coenzyme-q10.html#primaryimage\"},\"thumbnailUrl\":\"https:\/\/theo.niranbio.com\/wp-content\/uploads\/2024\/06\/Coenzyme-Q10.webp\",\"datePublished\":\"2024-06-20T03:16:02+00:00\",\"dateModified\":\"2024-08-19T03:55:30+00:00\",\"description\":\"Notre poudre de CoQ10 se pr\u00e9sente sous la forme d'une poudre cristalline jaune ou jaune orang\u00e9, est inodore et sans go\u00fbt et se d\u00e9compose facilement \u00e0 la lumi\u00e8re.\",\"breadcrumb\":{\"@id\":\"https:\/\/theo.niranbio.com\/fr\/coenzyme-q10.html#breadcrumb\"},\"inLanguage\":\"fr-FR\",\"potentialAction\":[{\"@type\":\"ReadAction\",\"target\":[\"https:\/\/theo.niranbio.com\/fr\/coenzyme-q10.html\"]}]},{\"@type\":\"ImageObject\",\"inLanguage\":\"fr-FR\",\"@id\":\"https:\/\/theo.niranbio.com\/fr\/coenzyme-q10.html#primaryimage\",\"url\":\"https:\/\/theo.niranbio.com\/wp-content\/uploads\/2024\/06\/Coenzyme-Q10.webp\",\"contentUrl\":\"https:\/\/theo.niranbio.com\/wp-content\/uploads\/2024\/06\/Coenzyme-Q10.webp\",\"width\":600,\"height\":600,\"caption\":\"Coenzyme Q10\"},{\"@type\":\"BreadcrumbList\",\"@id\":\"https:\/\/theo.niranbio.com\/fr\/coenzyme-q10.html#breadcrumb\",\"itemListElement\":[{\"@type\":\"ListItem\",\"position\":1,\"name\":\"Home\",\"item\":\"https:\/\/theo.niranbio.com\/fr\/\"},{\"@type\":\"ListItem\",\"position\":2,\"name\":\"Produits\",\"item\":\"https:\/\/theo.niranbio.com\/fr\/produits.html\"},{\"@type\":\"ListItem\",\"position\":3,\"name\":\"Antioxydant\",\"item\":\"https:\/\/theo.niranbio.com\/fr\/produit-antioxydant\/\"},{\"@type\":\"ListItem\",\"position\":4,\"name\":\"Coenzyme Q10\"}]},{\"@type\":\"WebSite\",\"@id\":\"https:\/\/theo.niranbio.com\/fr\/#website\",\"url\":\"https:\/\/theo.niranbio.com\/fr\/\",\"name\":\"Niranbio Chemical\",\"description\":\"\",\"publisher\":{\"@id\":\"https:\/\/theo.niranbio.com\/fr\/#organization\"},\"potentialAction\":[{\"@type\":\"SearchAction\",\"target\":{\"@type\":\"EntryPoint\",\"urlTemplate\":\"https:\/\/theo.niranbio.com\/fr\/?s={search_term_string}\"},\"query-input\":{\"@type\":\"PropertyValueSpecification\",\"valueRequired\":true,\"valueName\":\"search_term_string\"}}],\"inLanguage\":\"fr-FR\"},{\"@type\":\"Organization\",\"@id\":\"https:\/\/theo.niranbio.com\/fr\/#organization\",\"name\":\"Niranbio Chemical\",\"url\":\"https:\/\/theo.niranbio.com\/fr\/\",\"logo\":{\"@type\":\"ImageObject\",\"inLanguage\":\"fr-FR\",\"@id\":\"https:\/\/theo.niranbio.com\/fr\/#\/schema\/logo\/image\/\",\"url\":\"https:\/\/theo.niranbio.com\/wp-content\/uploads\/2024\/06\/Niranbio.png\",\"contentUrl\":\"https:\/\/theo.niranbio.com\/wp-content\/uploads\/2024\/06\/Niranbio.png\",\"width\":270,\"height\":100,\"caption\":\"Niranbio Chemical\"},\"image\":{\"@id\":\"https:\/\/theo.niranbio.com\/fr\/#\/schema\/logo\/image\/\"}}]}<\/script>\n<!-- \/ Yoast SEO plugin. -->","yoast_head_json":{"title":"Prix \u200b\u200b\u200b\u200bde gros de la coenzyme Q10, poudre de CoQ10 en gros en Chine | Niranbio Chemical","description":"Notre poudre de CoQ10 se pr\u00e9sente sous la forme d'une poudre cristalline jaune ou jaune orang\u00e9, est inodore et sans go\u00fbt et se d\u00e9compose facilement \u00e0 la lumi\u00e8re.","robots":{"index":"noindex","follow":"follow","max-snippet":"max-snippet:-1","max-image-preview":"max-image-preview:large","max-video-preview":"max-video-preview:-1"},"twitter_misc":{"Dur\u00e9e de lecture estim\u00e9e":"4 minutes"},"schema":{"@context":"https:\/\/schema.org","@graph":[{"@type":"WebPage","@id":"https:\/\/theo.niranbio.com\/fr\/coenzyme-q10.html","url":"https:\/\/theo.niranbio.com\/fr\/coenzyme-q10.html","name":"Prix \u200b\u200b\u200b\u200bde gros de la coenzyme Q10, poudre de CoQ10 en gros en Chine | Niranbio Chemical","isPartOf":{"@id":"https:\/\/theo.niranbio.com\/fr\/#website"},"primaryImageOfPage":{"@id":"https:\/\/theo.niranbio.com\/fr\/coenzyme-q10.html#primaryimage"},"image":{"@id":"https:\/\/theo.niranbio.com\/fr\/coenzyme-q10.html#primaryimage"},"thumbnailUrl":"https:\/\/theo.niranbio.com\/wp-content\/uploads\/2024\/06\/Coenzyme-Q10.webp","datePublished":"2024-06-20T03:16:02+00:00","dateModified":"2024-08-19T03:55:30+00:00","description":"Notre poudre de CoQ10 se pr\u00e9sente sous la forme d'une poudre cristalline jaune ou jaune orang\u00e9, est inodore et sans go\u00fbt et se d\u00e9compose facilement \u00e0 la lumi\u00e8re.","breadcrumb":{"@id":"https:\/\/theo.niranbio.com\/fr\/coenzyme-q10.html#breadcrumb"},"inLanguage":"fr-FR","potentialAction":[{"@type":"ReadAction","target":["https:\/\/theo.niranbio.com\/fr\/coenzyme-q10.html"]}]},{"@type":"ImageObject","inLanguage":"fr-FR","@id":"https:\/\/theo.niranbio.com\/fr\/coenzyme-q10.html#primaryimage","url":"https:\/\/theo.niranbio.com\/wp-content\/uploads\/2024\/06\/Coenzyme-Q10.webp","contentUrl":"https:\/\/theo.niranbio.com\/wp-content\/uploads\/2024\/06\/Coenzyme-Q10.webp","width":600,"height":600,"caption":"Coenzyme Q10"},{"@type":"BreadcrumbList","@id":"https:\/\/theo.niranbio.com\/fr\/coenzyme-q10.html#breadcrumb","itemListElement":[{"@type":"ListItem","position":1,"name":"Home","item":"https:\/\/theo.niranbio.com\/fr\/"},{"@type":"ListItem","position":2,"name":"Produits","item":"https:\/\/theo.niranbio.com\/fr\/produits.html"},{"@type":"ListItem","position":3,"name":"Antioxydant","item":"https:\/\/theo.niranbio.com\/fr\/produit-antioxydant\/"},{"@type":"ListItem","position":4,"name":"Coenzyme Q10"}]},{"@type":"WebSite","@id":"https:\/\/theo.niranbio.com\/fr\/#website","url":"https:\/\/theo.niranbio.com\/fr\/","name":"Niranbio Chemical","description":"","publisher":{"@id":"https:\/\/theo.niranbio.com\/fr\/#organization"},"potentialAction":[{"@type":"SearchAction","target":{"@type":"EntryPoint","urlTemplate":"https:\/\/theo.niranbio.com\/fr\/?s={search_term_string}"},"query-input":{"@type":"PropertyValueSpecification","valueRequired":true,"valueName":"search_term_string"}}],"inLanguage":"fr-FR"},{"@type":"Organization","@id":"https:\/\/theo.niranbio.com\/fr\/#organization","name":"Niranbio Chemical","url":"https:\/\/theo.niranbio.com\/fr\/","logo":{"@type":"ImageObject","inLanguage":"fr-FR","@id":"https:\/\/theo.niranbio.com\/fr\/#\/schema\/logo\/image\/","url":"https:\/\/theo.niranbio.com\/wp-content\/uploads\/2024\/06\/Niranbio.png","contentUrl":"https:\/\/theo.niranbio.com\/wp-content\/uploads\/2024\/06\/Niranbio.png","width":270,"height":100,"caption":"Niranbio Chemical"},"image":{"@id":"https:\/\/theo.niranbio.com\/fr\/#\/schema\/logo\/image\/"}}]}},"_links":{"self":[{"href":"https:\/\/theo.niranbio.com\/fr\/wp-json\/wp\/v2\/product\/9518","targetHints":{"allow":["GET"]}}],"collection":[{"href":"https:\/\/theo.niranbio.com\/fr\/wp-json\/wp\/v2\/product"}],"about":[{"href":"https:\/\/theo.niranbio.com\/fr\/wp-json\/wp\/v2\/types\/product"}],"version-history":[{"count":0,"href":"https:\/\/theo.niranbio.com\/fr\/wp-json\/wp\/v2\/product\/9518\/revisions"}],"wp:featuredmedia":[{"embeddable":true,"href":"https:\/\/theo.niranbio.com\/fr\/wp-json\/wp\/v2\/media\/9519"}],"wp:attachment":[{"href":"https:\/\/theo.niranbio.com\/fr\/wp-json\/wp\/v2\/media?parent=9518"}],"wp:term":[{"taxonomy":"product_brand","embeddable":true,"href":"https:\/\/theo.niranbio.com\/fr\/wp-json\/wp\/v2\/product_brand?post=9518"},{"taxonomy":"product_cat","embeddable":true,"href":"https:\/\/theo.niranbio.com\/fr\/wp-json\/wp\/v2\/product_cat?post=9518"},{"taxonomy":"product_tag","embeddable":true,"href":"https:\/\/theo.niranbio.com\/fr\/wp-json\/wp\/v2\/product_tag?post=9518"}],"curies":[{"name":"wp","href":"https:\/\/api.w.org\/{rel}","templated":true}]}}