{"id":9514,"date":"2024-06-20T10:28:06","date_gmt":"2024-06-20T02:28:06","guid":{"rendered":"https:\/\/theo.niranbio.com\/carboxymethylcellulose-sodique\/"},"modified":"2024-08-13T14:14:12","modified_gmt":"2024-08-13T06:14:12","slug":"carboxymethylcellulose-sodique","status":"publish","type":"product","link":"https:\/\/theo.niranbio.com\/fr\/carboxymethylcellulose-sodique.html","title":{"rendered":"Carboxym\u00e9thylcellulose sodique"},"content":{"rendered":"<h2><span class=\"ez-toc-section\" id=\"Quest-ce_que_la_carboxymethylcellulose_sodique\"><\/span>Qu&rsquo;est-ce que la carboxym\u00e9thylcellulose sodique ?<span class=\"ez-toc-section-end\"><\/span><\/h2>\n<p>La principale gomme de cellulose ionique est la carboxym\u00e9thylcellulose sodique. C&rsquo;est une substance organique utilis\u00e9e comme \u00e9paississant et stabilisant dans l&rsquo;industrie alimentaire, mais elle est \u00e9galement largement utilis\u00e9e dans les industries textile, cosm\u00e9tique et pharmaceutique. Elle est inodore, insipide et hygroscopique. Elle se dissout facilement dans l&rsquo;eau pour former une solution collo\u00efdale transparente.<\/p>\n<p>Les principales \u00e9tapes de la production de carboxym\u00e9thylcellulose sodique sont le malaxage du mat\u00e9riau avec du coton raffin\u00e9, de la soude caustique, une combinaison d&rsquo;alcool et une solution alcoolique contenant de l&rsquo;acide chloroac\u00e9tique afin de l&rsquo;\u00e9th\u00e9rifier et de l&rsquo;alcaliniser. Pour obtenir le produit, il est ensuite s\u00e9ch\u00e9 et broy\u00e9 apr\u00e8s avoir \u00e9t\u00e9 neutralis\u00e9 avec de l&rsquo;acide chlorhydrique et nettoy\u00e9 avec de l&rsquo;alcool.<\/p>\n<h2><span class=\"ez-toc-section\" id=\"Parametres_associes\"><\/span>Param\u00e8tres associ\u00e9s :<span class=\"ez-toc-section-end\"><\/span><\/h2>\n<table>\n<tbody>\n<tr>\n<td><strong>ARTICLES<\/strong><\/td>\n<td><strong>Standard<\/strong><\/td>\n<\/tr>\n<tr>\n<td>Viscosit\u00e9 (1% mPa.S )<\/td>\n<td>25-6000<\/td>\n<\/tr>\n<tr>\n<td>D.S<\/td>\n<td>0.65-0.85<\/td>\n<\/tr>\n<tr>\n<td>Puret\u00e9, %<\/td>\n<td>99,5 min<\/td>\n<\/tr>\n<tr>\n<td>Valeur pH 1%<\/td>\n<td>6.5-8.5<\/td>\n<\/tr>\n<tr>\n<td>Perte \u00e0 la dessiccation, en %<\/td>\n<td>8,0 max<\/td>\n<\/tr>\n<tr>\n<td>Taille des particules,<\/td>\n<td>80% min \u00e0 travers 200mush<\/td>\n<\/tr>\n<tr>\n<td>Teneur en sodium, %<\/td>\n<td>9,5 max<\/td>\n<\/tr>\n<tr>\n<td>Chlorure, %<\/td>\n<td>0,4 max<\/td>\n<\/tr>\n<tr>\n<td>Glycolate de sodium, %<\/td>\n<td>0,4 max<\/td>\n<\/tr>\n<tr>\n<td>M\u00e9taux lourds (As Pb), ppm<\/td>\n<td>10 max<\/td>\n<\/tr>\n<tr>\n<td>Plomb, ppm<\/td>\n<td>2 max<\/td>\n<\/tr>\n<tr>\n<td>Arsenic,ppm<\/td>\n<td>3 max<\/td>\n<\/tr>\n<tr>\n<td>Nombre total de plaques<\/td>\n<td>500g\/kg max<\/td>\n<\/tr>\n<tr>\n<td>Levures et moisissures<\/td>\n<td>100g\/kg max<\/td>\n<\/tr>\n<tr>\n<td>E.Coli<\/td>\n<td>N\u00e9ant\/g<\/td>\n<\/tr>\n<tr>\n<td>Bact\u00e9ries coliformes<\/td>\n<td>N\u00e9ant\/g<\/td>\n<\/tr>\n<tr>\n<td>Salmonelle<\/td>\n<td>N\u00e9ant\/25g<\/td>\n<\/tr>\n<\/tbody>\n<\/table>\n<h2><span class=\"ez-toc-section\" id=\"Dosage_recommande\"><\/span>Dosage recommand\u00e9 :<span class=\"ez-toc-section-end\"><\/span><\/h2>\n<table>\n<tbody>\n<tr>\n<td><strong>Nom de l&rsquo;aliment<\/strong><\/td>\n<td><strong>Utilisation maximale (g\/kg)<\/strong><\/td>\n<\/tr>\n<tr>\n<td>Sauces et assaisonnements<\/td>\n<td>5-10 g\/kg<\/td>\n<\/tr>\n<tr>\n<td>Cr\u00e8me glac\u00e9e<\/td>\n<td>3-6 g\/kg<\/td>\n<\/tr>\n<tr>\n<td>Yaourt<\/td>\n<td>2-5 g\/kg<\/td>\n<\/tr>\n<tr>\n<td>Confitures et gel\u00e9es<\/td>\n<td>5-8 g\/kg<\/td>\n<\/tr>\n<tr>\n<td>Produits de boulangerie<\/td>\n<td>2-5 g\/kg<\/td>\n<\/tr>\n<tr>\n<td>Viandes transform\u00e9es<\/td>\n<td>1-3 g\/kg<\/td>\n<\/tr>\n<tr>\n<td>Desserts laitiers<\/td>\n<td>3-6 g\/kg<\/td>\n<\/tr>\n<tr>\n<td>Sirops<\/td>\n<td>3-8 g\/kg<\/td>\n<\/tr>\n<tr>\n<td>Aliments en conserve<\/td>\n<td>2-6 g\/kg<\/td>\n<\/tr>\n<tr>\n<td>Sauces pour p\u00e2tes<\/td>\n<td>4-8 g\/kg<\/td>\n<\/tr>\n<tr>\n<td>Trempettes<\/td>\n<td>4-7 g\/kg<\/td>\n<\/tr>\n<tr>\n<td>Conditionneurs de p\u00e2te<\/td>\n<td>1-3 g\/kg<\/td>\n<\/tr>\n<tr>\n<td>Cr\u00e8mes et puddings<\/td>\n<td>4-7 g\/kg<\/td>\n<\/tr>\n<\/tbody>\n<\/table>\n<h2><span class=\"ez-toc-section\" id=\"La_carboxymethylcellulose_sodique_a_une_large_gamme_dutilisations\"><\/span>La carboxym\u00e9thylcellulose sodique a une large gamme d&rsquo;utilisations<span class=\"ez-toc-section-end\"><\/span><\/h2>\n<ol>\n<li>Stabilisant et \u00e9paississant : La CMC-Na peut \u00eatre utilis\u00e9e comme stabilisant et \u00e9paississant dans la transformation des aliments, en particulier dans les produits liquides tels que les sauces, les confitures, les gel\u00e9es et les vinaigrettes. Elle peut augmenter la viscosit\u00e9 et la consistance des aliments, am\u00e9liorer le go\u00fbt, emp\u00eacher la s\u00e9paration et la pr\u00e9cipitation des ingr\u00e9dients et maintenir les aliments stables pendant le stockage et l&rsquo;utilisation.<\/li>\n<li>Humectant et hydratant : En raison de sa solubilit\u00e9 dans l&rsquo;eau et de sa forte absorption d&rsquo;eau, la carboxym\u00e9thylcellulose sodique peut \u00eatre utilis\u00e9e comme humectant et hydratant dans les aliments. Elle peut absorber et retenir l&rsquo;humidit\u00e9, prolonger la p\u00e9riode d&rsquo;humidit\u00e9 des aliments, tout en pr\u00e9servant la fra\u00eecheur et la qualit\u00e9 des aliments.<\/li>\n<li>\u00c9mulsifiant : Dans le secteur alimentaire, la carboxym\u00e9thylcellulose sodique est \u00e9galement utilis\u00e9e comme \u00e9mulsifiant. Fran\u00e7ais Il aide \u00e0 combiner les phases huileuse et aqueuse pour former une \u00e9mulsion stable, comme le fromage, la cr\u00e8me glac\u00e9e, la cr\u00e8me et d&rsquo;autres produits.<\/li>\n<li>Agent antiagglom\u00e9rant : La carboxym\u00e9thylcellulose sodique est utilis\u00e9e comme agent antiagglom\u00e9rant dans certains processus de transformation des aliments. Il peut r\u00e9duire l&rsquo;agglom\u00e9ration de particules ou de mat\u00e9riaux granulaires dans les aliments, maintenant l&rsquo;uniformit\u00e9 et la qualit\u00e9 du produit.<\/li>\n<li>Am\u00e9liorer la texture et le go\u00fbt des aliments : En raison de sa capacit\u00e9 \u00e0 former une structure de gel stable, la CMC-Na peut \u00eatre utilis\u00e9e pour am\u00e9liorer la texture et le go\u00fbt des aliments, rendant le produit plus lisse et plus uniforme, augmentant sa comestibilit\u00e9 globale et la satisfaction du consommateur.<\/li>\n<\/ol>\n<h2><span class=\"ez-toc-section\" id=\"Question_posee_par_lutilisateur\"><\/span>Question pos\u00e9e par l&rsquo;utilisateur :<span class=\"ez-toc-section-end\"><\/span><\/h2>\n<p>Question : Existe-t-il des ingr\u00e9dients alimentaires pouvant remplacer la carboxym\u00e9thylcellulose sodique ?<\/p>\n<p>R\u00e9ponse : Dans l&rsquo;industrie alimentaire, bien qu&rsquo;il n&rsquo;existe pas de substitut unique capable de remplacer compl\u00e8tement toutes les fonctions, des additifs alimentaires courants tels que l&rsquo;alginate, la gomme de guar et l&rsquo;amidon de tapioca peuvent remplacer partiellement les fonctions d&rsquo;\u00e9paississement, de stabilisation et d&rsquo;\u00e9mulsification de la carboxym\u00e9thylcellulose sodique. Le choix de substituts appropri\u00e9s doit tenir compte des besoins du produit et de la sant\u00e9 du consommateur, et l&rsquo;optimisation et les tests de la formulation doivent \u00eatre effectu\u00e9s pour garantir l&rsquo;effet attendu.<\/p>\n","protected":false},"excerpt":{"rendered":"<ul>\n<li>CAS: 9004-32-4<\/li>\n<li>Formule chimique: C<sub>6<\/sub>H<sub>7<\/sub>O<sub>2<\/sub>(OH)<sub>2<\/sub>CH<sub>2<\/sub>COONa<\/li>\n<li>Certifications : KOSHER, ISO, HALAL, FSSC 22000, BRC, etc.<\/li>\n<li>Standard:<\/li>\n<li>Quantit\u00e9 minimum de commande : 1000 kg<\/li>\n<li>Dur\u00e9e de conservation : 2 ans<\/li>\n<\/ul>\n","protected":false},"featured_media":9515,"template":"","meta":{"site-sidebar-layout":"default","site-content-layout":"","ast-site-content-layout":"default","site-content-style":"default","site-sidebar-style":"default","ast-global-header-display":"","ast-banner-title-visibility":"","ast-main-header-display":"","ast-hfb-above-header-display":"","ast-hfb-below-header-display":"","ast-hfb-mobile-header-display":"","site-post-title":"","ast-breadcrumbs-content":"","ast-featured-img":"","footer-sml-layout":"","theme-transparent-header-meta":"default","adv-header-id-meta":"","stick-header-meta":"","header-above-stick-meta":"","header-main-stick-meta":"","header-below-stick-meta":"","astra-migrate-meta-layouts":"set","ast-page-background-enabled":"default","ast-page-background-meta":{"desktop":{"background-color":"var(--ast-global-color-4)","background-image":"","background-repeat":"repeat","background-position":"center center","background-size":"auto","background-attachment":"scroll","background-type":"","background-media":"","overlay-type":"","overlay-color":"","overlay-opacity":"","overlay-gradient":""},"tablet":{"background-color":"","background-image":"","background-repeat":"repeat","background-position":"center center","background-size":"auto","background-attachment":"scroll","background-type":"","background-media":"","overlay-type":"","overlay-color":"","overlay-opacity":"","overlay-gradient":""},"mobile":{"background-color":"","background-image":"","background-repeat":"repeat","background-position":"center center","background-size":"auto","background-attachment":"scroll","background-type":"","background-media":"","overlay-type":"","overlay-color":"","overlay-opacity":"","overlay-gradient":""}},"ast-content-background-meta":{"desktop":{"background-color":"var(--ast-global-color-5)","background-image":"","background-repeat":"repeat","background-position":"center center","background-size":"auto","background-attachment":"scroll","background-type":"","background-media":"","overlay-type":"","overlay-color":"","overlay-opacity":"","overlay-gradient":""},"tablet":{"background-color":"var(--ast-global-color-5)","background-image":"","background-repeat":"repeat","background-position":"center center","background-size":"auto","background-attachment":"scroll","background-type":"","background-media":"","overlay-type":"","overlay-color":"","overlay-opacity":"","overlay-gradient":""},"mobile":{"background-color":"var(--ast-global-color-5)","background-image":"","background-repeat":"repeat","background-position":"center center","background-size":"auto","background-attachment":"scroll","background-type":"","background-media":"","overlay-type":"","overlay-color":"","overlay-opacity":"","overlay-gradient":""}}},"product_brand":[],"product_cat":[112],"product_tag":[],"class_list":{"0":"post-9514","1":"product","2":"type-product","3":"status-publish","4":"has-post-thumbnail","6":"product_cat-produit-epaississant","7":"desktop-align-center","8":"tablet-align-left","9":"mobile-align-left","11":"first","12":"instock","13":"shipping-taxable","14":"product-type-simple"},"yoast_head":"<!-- This site is optimized with the Yoast SEO plugin v26.5 - https:\/\/yoast.com\/wordpress\/plugins\/seo\/ -->\n<title>Fournisseur de poudre de carboxym\u00e9thylcellulose sodique, fabricant de E466 | Niranbio Chemical<\/title>\n<meta name=\"description\" content=\"Notre poudre de carboxym\u00e9thylcellulose sodique est inodore, sans go\u00fbt et hygroscopique. Elle se dissout facilement dans l&#039;eau pour former une solution collo\u00efdale transparente.\" \/>\n<meta name=\"robots\" content=\"noindex, follow, max-snippet:-1, max-image-preview:large, max-video-preview:-1\" \/>\n<meta name=\"twitter:label1\" content=\"Dur\u00e9e de lecture estim\u00e9e\" \/>\n\t<meta name=\"twitter:data1\" content=\"3 minutes\" \/>\n<script type=\"application\/ld+json\" class=\"yoast-schema-graph\">{\"@context\":\"https:\/\/schema.org\",\"@graph\":[{\"@type\":\"WebPage\",\"@id\":\"https:\/\/theo.niranbio.com\/fr\/carboxymethylcellulose-sodique.html\",\"url\":\"https:\/\/theo.niranbio.com\/fr\/carboxymethylcellulose-sodique.html\",\"name\":\"Fournisseur de poudre de carboxym\u00e9thylcellulose sodique, fabricant de E466 | Niranbio Chemical\",\"isPartOf\":{\"@id\":\"https:\/\/theo.niranbio.com\/fr\/#website\"},\"primaryImageOfPage\":{\"@id\":\"https:\/\/theo.niranbio.com\/fr\/carboxymethylcellulose-sodique.html#primaryimage\"},\"image\":{\"@id\":\"https:\/\/theo.niranbio.com\/fr\/carboxymethylcellulose-sodique.html#primaryimage\"},\"thumbnailUrl\":\"https:\/\/theo.niranbio.com\/wp-content\/uploads\/2024\/06\/Sodium-Carboxymethyl-Cellulose.webp\",\"datePublished\":\"2024-06-20T02:28:06+00:00\",\"dateModified\":\"2024-08-13T06:14:12+00:00\",\"description\":\"Notre poudre de carboxym\u00e9thylcellulose sodique est inodore, sans go\u00fbt et hygroscopique. Elle se dissout facilement dans l'eau pour former une solution collo\u00efdale transparente.\",\"breadcrumb\":{\"@id\":\"https:\/\/theo.niranbio.com\/fr\/carboxymethylcellulose-sodique.html#breadcrumb\"},\"inLanguage\":\"fr-FR\",\"potentialAction\":[{\"@type\":\"ReadAction\",\"target\":[\"https:\/\/theo.niranbio.com\/fr\/carboxymethylcellulose-sodique.html\"]}]},{\"@type\":\"ImageObject\",\"inLanguage\":\"fr-FR\",\"@id\":\"https:\/\/theo.niranbio.com\/fr\/carboxymethylcellulose-sodique.html#primaryimage\",\"url\":\"https:\/\/theo.niranbio.com\/wp-content\/uploads\/2024\/06\/Sodium-Carboxymethyl-Cellulose.webp\",\"contentUrl\":\"https:\/\/theo.niranbio.com\/wp-content\/uploads\/2024\/06\/Sodium-Carboxymethyl-Cellulose.webp\",\"width\":600,\"height\":600,\"caption\":\"Carboxym\u00e9thylcellulose sodique\"},{\"@type\":\"BreadcrumbList\",\"@id\":\"https:\/\/theo.niranbio.com\/fr\/carboxymethylcellulose-sodique.html#breadcrumb\",\"itemListElement\":[{\"@type\":\"ListItem\",\"position\":1,\"name\":\"Home\",\"item\":\"https:\/\/theo.niranbio.com\/fr\/\"},{\"@type\":\"ListItem\",\"position\":2,\"name\":\"Produits\",\"item\":\"https:\/\/theo.niranbio.com\/fr\/produits.html\"},{\"@type\":\"ListItem\",\"position\":3,\"name\":\"\u00c9paississant\",\"item\":\"https:\/\/theo.niranbio.com\/fr\/produit-epaississant\/\"},{\"@type\":\"ListItem\",\"position\":4,\"name\":\"Carboxym\u00e9thylcellulose sodique\"}]},{\"@type\":\"WebSite\",\"@id\":\"https:\/\/theo.niranbio.com\/fr\/#website\",\"url\":\"https:\/\/theo.niranbio.com\/fr\/\",\"name\":\"Niranbio Chemical\",\"description\":\"\",\"publisher\":{\"@id\":\"https:\/\/theo.niranbio.com\/fr\/#organization\"},\"potentialAction\":[{\"@type\":\"SearchAction\",\"target\":{\"@type\":\"EntryPoint\",\"urlTemplate\":\"https:\/\/theo.niranbio.com\/fr\/?s={search_term_string}\"},\"query-input\":{\"@type\":\"PropertyValueSpecification\",\"valueRequired\":true,\"valueName\":\"search_term_string\"}}],\"inLanguage\":\"fr-FR\"},{\"@type\":\"Organization\",\"@id\":\"https:\/\/theo.niranbio.com\/fr\/#organization\",\"name\":\"Niranbio Chemical\",\"url\":\"https:\/\/theo.niranbio.com\/fr\/\",\"logo\":{\"@type\":\"ImageObject\",\"inLanguage\":\"fr-FR\",\"@id\":\"https:\/\/theo.niranbio.com\/fr\/#\/schema\/logo\/image\/\",\"url\":\"https:\/\/theo.niranbio.com\/wp-content\/uploads\/2024\/06\/Niranbio.png\",\"contentUrl\":\"https:\/\/theo.niranbio.com\/wp-content\/uploads\/2024\/06\/Niranbio.png\",\"width\":270,\"height\":100,\"caption\":\"Niranbio Chemical\"},\"image\":{\"@id\":\"https:\/\/theo.niranbio.com\/fr\/#\/schema\/logo\/image\/\"}}]}<\/script>\n<!-- \/ Yoast SEO plugin. -->","yoast_head_json":{"title":"Fournisseur de poudre de carboxym\u00e9thylcellulose sodique, fabricant de E466 | Niranbio Chemical","description":"Notre poudre de carboxym\u00e9thylcellulose sodique est inodore, sans go\u00fbt et hygroscopique. Elle se dissout facilement dans l'eau pour former une solution collo\u00efdale transparente.","robots":{"index":"noindex","follow":"follow","max-snippet":"max-snippet:-1","max-image-preview":"max-image-preview:large","max-video-preview":"max-video-preview:-1"},"twitter_misc":{"Dur\u00e9e de lecture estim\u00e9e":"3 minutes"},"schema":{"@context":"https:\/\/schema.org","@graph":[{"@type":"WebPage","@id":"https:\/\/theo.niranbio.com\/fr\/carboxymethylcellulose-sodique.html","url":"https:\/\/theo.niranbio.com\/fr\/carboxymethylcellulose-sodique.html","name":"Fournisseur de poudre de carboxym\u00e9thylcellulose sodique, fabricant de E466 | Niranbio Chemical","isPartOf":{"@id":"https:\/\/theo.niranbio.com\/fr\/#website"},"primaryImageOfPage":{"@id":"https:\/\/theo.niranbio.com\/fr\/carboxymethylcellulose-sodique.html#primaryimage"},"image":{"@id":"https:\/\/theo.niranbio.com\/fr\/carboxymethylcellulose-sodique.html#primaryimage"},"thumbnailUrl":"https:\/\/theo.niranbio.com\/wp-content\/uploads\/2024\/06\/Sodium-Carboxymethyl-Cellulose.webp","datePublished":"2024-06-20T02:28:06+00:00","dateModified":"2024-08-13T06:14:12+00:00","description":"Notre poudre de carboxym\u00e9thylcellulose sodique est inodore, sans go\u00fbt et hygroscopique. Elle se dissout facilement dans l'eau pour former une solution collo\u00efdale transparente.","breadcrumb":{"@id":"https:\/\/theo.niranbio.com\/fr\/carboxymethylcellulose-sodique.html#breadcrumb"},"inLanguage":"fr-FR","potentialAction":[{"@type":"ReadAction","target":["https:\/\/theo.niranbio.com\/fr\/carboxymethylcellulose-sodique.html"]}]},{"@type":"ImageObject","inLanguage":"fr-FR","@id":"https:\/\/theo.niranbio.com\/fr\/carboxymethylcellulose-sodique.html#primaryimage","url":"https:\/\/theo.niranbio.com\/wp-content\/uploads\/2024\/06\/Sodium-Carboxymethyl-Cellulose.webp","contentUrl":"https:\/\/theo.niranbio.com\/wp-content\/uploads\/2024\/06\/Sodium-Carboxymethyl-Cellulose.webp","width":600,"height":600,"caption":"Carboxym\u00e9thylcellulose sodique"},{"@type":"BreadcrumbList","@id":"https:\/\/theo.niranbio.com\/fr\/carboxymethylcellulose-sodique.html#breadcrumb","itemListElement":[{"@type":"ListItem","position":1,"name":"Home","item":"https:\/\/theo.niranbio.com\/fr\/"},{"@type":"ListItem","position":2,"name":"Produits","item":"https:\/\/theo.niranbio.com\/fr\/produits.html"},{"@type":"ListItem","position":3,"name":"\u00c9paississant","item":"https:\/\/theo.niranbio.com\/fr\/produit-epaississant\/"},{"@type":"ListItem","position":4,"name":"Carboxym\u00e9thylcellulose sodique"}]},{"@type":"WebSite","@id":"https:\/\/theo.niranbio.com\/fr\/#website","url":"https:\/\/theo.niranbio.com\/fr\/","name":"Niranbio Chemical","description":"","publisher":{"@id":"https:\/\/theo.niranbio.com\/fr\/#organization"},"potentialAction":[{"@type":"SearchAction","target":{"@type":"EntryPoint","urlTemplate":"https:\/\/theo.niranbio.com\/fr\/?s={search_term_string}"},"query-input":{"@type":"PropertyValueSpecification","valueRequired":true,"valueName":"search_term_string"}}],"inLanguage":"fr-FR"},{"@type":"Organization","@id":"https:\/\/theo.niranbio.com\/fr\/#organization","name":"Niranbio Chemical","url":"https:\/\/theo.niranbio.com\/fr\/","logo":{"@type":"ImageObject","inLanguage":"fr-FR","@id":"https:\/\/theo.niranbio.com\/fr\/#\/schema\/logo\/image\/","url":"https:\/\/theo.niranbio.com\/wp-content\/uploads\/2024\/06\/Niranbio.png","contentUrl":"https:\/\/theo.niranbio.com\/wp-content\/uploads\/2024\/06\/Niranbio.png","width":270,"height":100,"caption":"Niranbio Chemical"},"image":{"@id":"https:\/\/theo.niranbio.com\/fr\/#\/schema\/logo\/image\/"}}]}},"_links":{"self":[{"href":"https:\/\/theo.niranbio.com\/fr\/wp-json\/wp\/v2\/product\/9514","targetHints":{"allow":["GET"]}}],"collection":[{"href":"https:\/\/theo.niranbio.com\/fr\/wp-json\/wp\/v2\/product"}],"about":[{"href":"https:\/\/theo.niranbio.com\/fr\/wp-json\/wp\/v2\/types\/product"}],"version-history":[{"count":0,"href":"https:\/\/theo.niranbio.com\/fr\/wp-json\/wp\/v2\/product\/9514\/revisions"}],"wp:featuredmedia":[{"embeddable":true,"href":"https:\/\/theo.niranbio.com\/fr\/wp-json\/wp\/v2\/media\/9515"}],"wp:attachment":[{"href":"https:\/\/theo.niranbio.com\/fr\/wp-json\/wp\/v2\/media?parent=9514"}],"wp:term":[{"taxonomy":"product_brand","embeddable":true,"href":"https:\/\/theo.niranbio.com\/fr\/wp-json\/wp\/v2\/product_brand?post=9514"},{"taxonomy":"product_cat","embeddable":true,"href":"https:\/\/theo.niranbio.com\/fr\/wp-json\/wp\/v2\/product_cat?post=9514"},{"taxonomy":"product_tag","embeddable":true,"href":"https:\/\/theo.niranbio.com\/fr\/wp-json\/wp\/v2\/product_tag?post=9514"}],"curies":[{"name":"wp","href":"https:\/\/api.w.org\/{rel}","templated":true}]}}