{"id":9508,"date":"2024-06-20T10:30:40","date_gmt":"2024-06-20T02:30:40","guid":{"rendered":"https:\/\/theo.niranbio.com\/gomme-xanthane\/"},"modified":"2024-08-19T13:35:09","modified_gmt":"2024-08-19T05:35:09","slug":"gomme-xanthane","status":"publish","type":"product","link":"https:\/\/theo.niranbio.com\/fr\/gomme-xanthane.html","title":{"rendered":"Gomme xanthane"},"content":{"rendered":"<h2><span class=\"ez-toc-section\" id=\"Quest-ce_que_la_gomme_xanthane\"><\/span>Qu&rsquo;est-ce que la gomme xanthane ?<span class=\"ez-toc-section-end\"><\/span><\/h2>\n<p>La gomme xanthane est une poudre fluide l\u00e9g\u00e8rement parfum\u00e9e, de couleur blanc laiteux ou jaune clair. Elle se dissout bien dans l&rsquo;eau mais devient insoluble dans l&rsquo;\u00e9thanol. Elle est largement utilis\u00e9e dans plus de 20 industries, notamment l&rsquo;alimentation, le p\u00e9trole et la m\u00e9decine, comme \u00e9paississant, agent de suspension, \u00e9mulsifiant et stabilisant.<\/p>\n<p>Il existe deux proc\u00e9d\u00e9s de pr\u00e9paration de la gomme xanthane en Chine, l&rsquo;un d&rsquo;eux est la m\u00e9thode de fermentation, qui consiste \u00e0 produire de la gomme xanthane en fermentant des micro-organismes dans un milieu de culture contenant une quantit\u00e9 appropri\u00e9e de source de carbone, de source d&rsquo;azote et de sels min\u00e9raux. Les bact\u00e9ries du milieu de culture m\u00e9tabolisent la source de carbone et produisent de la gomme xanthane tout au long du processus de fermentation. Les avantages de cette m\u00e9thode incluent le fait que le processus de production est relativement respectueux de l&rsquo;environnement et durable, et que la qualit\u00e9 du produit est stable et facile \u00e0 contr\u00f4ler. Afin de r\u00e9pondre aux demandes de production \u00e0 diff\u00e9rentes \u00e9chelles et aux exigences de qualit\u00e9, elle peut \u00e9galement modifier simultan\u00e9ment les conditions de culture. C&rsquo;est \u00e9galement le principal proc\u00e9d\u00e9 de pr\u00e9paration en Chine \u00e0 l&rsquo;heure actuelle.<\/p>\n<p>La deuxi\u00e8me approche est la synth\u00e8se chimique, qui consiste \u00e0 utiliser des produits chimiques pour cr\u00e9er de la gomme xanthane. Cette m\u00e9thode n\u00e9cessite g\u00e9n\u00e9ralement l&rsquo;utilisation de produits chimiques et de conditions de r\u00e9action sp\u00e9cifiques pour synth\u00e9tiser la gomme xanthane. Cette m\u00e9thode peut pr\u00e9senter certains avantages en termes de production, mais elle est moins courante dans les applications pratiques en raison des probl\u00e8mes potentiels de pollution environnementale et d&rsquo;\u00e9limination des d\u00e9chets dans son processus, ainsi que des exigences strictes en mati\u00e8re de mati\u00e8res premi\u00e8res et de conditions.<\/p>\n<h2><span class=\"ez-toc-section\" id=\"Parametres_associes\"><\/span>Param\u00e8tres associ\u00e9s :<span class=\"ez-toc-section-end\"><\/span><\/h2>\n<table>\n<tbody>\n<tr>\n<td><strong>Articles<\/strong><\/td>\n<td><strong>Sp\u00e9cification<\/strong><\/td>\n<\/tr>\n<tr>\n<td>Viscosit\u00e9 (1% KCL, cps)<\/td>\n<td>\u22651200<\/td>\n<\/tr>\n<tr>\n<td>Rapport de cisaillement<\/td>\n<td>\u22656.5<\/td>\n<\/tr>\n<tr>\n<td>V1\/V2<\/td>\n<td>1.02\uff5e1.45<\/td>\n<\/tr>\n<tr>\n<td>PH(solution \u00e0 1%)<\/td>\n<td>6.0-8.0<\/td>\n<\/tr>\n<tr>\n<td>Perte au s\u00e9chage (%)<\/td>\n<td>\u226415<\/td>\n<\/tr>\n<tr>\n<td>Cendres (%)<\/td>\n<td>\u226416<\/td>\n<\/tr>\n<tr>\n<td>Pb \uff08ppm\uff09<\/td>\n<td>\u22642<\/td>\n<\/tr>\n<tr>\n<td>Azote total (%)<\/td>\n<td>\u22641.5<\/td>\n<\/tr>\n<tr>\n<td>Acide pyruvique (%)<\/td>\n<td>\u22651.5<\/td>\n<\/tr>\n<tr>\n<td>Nombre total de bact\u00e9ries (CFU\/g)<\/td>\n<td>\u22642000<\/td>\n<\/tr>\n<tr>\n<td>Moisissures et levures (CFU\/g)<\/td>\n<td>\u2264100<\/td>\n<\/tr>\n<tr>\n<td>Coliformes (MPN\/g)<\/td>\n<td>\u22640.3<\/td>\n<\/tr>\n<tr>\n<td>Salmonelle<\/td>\n<td>Absent<\/td>\n<\/tr>\n<\/tbody>\n<\/table>\n<h2><span class=\"ez-toc-section\" id=\"Dosage_recommande\"><\/span>Dosage recommand\u00e9 :<span class=\"ez-toc-section-end\"><\/span><\/h2>\n<table>\n<tbody>\n<tr>\n<td><strong>Nom de l&rsquo;aliment<\/strong><\/td>\n<td><strong>Utilisation maximale (g\/kg)<\/strong><\/td>\n<\/tr>\n<tr>\n<td>Yaourt<\/td>\n<td>0,5-0,8g\/kg<\/td>\n<\/tr>\n<tr>\n<td>Sauce pour salade<\/td>\n<td>0,5-1,0g\/kg<\/td>\n<\/tr>\n<tr>\n<td>Assaisonnement<\/td>\n<td>0,5-1,0g\/kg<\/td>\n<\/tr>\n<tr>\n<td>Produits de boulangerie<\/td>\n<td>1,0-3,0 g\/kg<\/td>\n<\/tr>\n<tr>\n<td>Bonbons g\u00e9lifi\u00e9s<\/td>\n<td>2-3g\/kg<\/td>\n<\/tr>\n<tr>\n<td>Fromage \u00e0 p\u00e2te molle<\/td>\n<td>0,5-1,0 g\/kg<\/td>\n<\/tr>\n<tr>\n<td>Biscuits<\/td>\n<td>0,5-1,0g\/kg<\/td>\n<\/tr>\n<tr>\n<td>Assaisonnement des produits carn\u00e9s<\/td>\n<td>0,5-1,0 g\/kg<\/td>\n<\/tr>\n<tr>\n<td>Aliments en poudre<\/td>\n<td>0,5-1,0 g\/kg<\/td>\n<\/tr>\n<tr>\n<td>Assaisonnement<\/td>\n<td>0,3-0,5g\/kg<\/td>\n<\/tr>\n<tr>\n<td>Boissons fonctionnelles<\/td>\n<td>0,3-0,5g\/kg<\/td>\n<\/tr>\n<tr>\n<td>Viande en conserve<\/td>\n<td>0,5-1,0 g\/kg<\/td>\n<\/tr>\n<tr>\n<td>Sauce<\/td>\n<td>0,5-1,0g\/kg<\/td>\n<\/tr>\n<tr>\n<td>Produits marin\u00e9s<\/td>\n<td>0,5-1,0 g\/kg<\/td>\n<\/tr>\n<tr>\n<td>Mayonnaise<\/td>\n<td>0,5-1,0g\/kg<\/td>\n<\/tr>\n<\/tbody>\n<\/table>\n<h2><span class=\"ez-toc-section\" id=\"La_gomme_xanthane_a_une_large_gamme_dutilisations\"><\/span>La gomme xanthane a une large gamme d&rsquo;utilisations<span class=\"ez-toc-section-end\"><\/span><\/h2>\n<ol>\n<li>Alimentation : En tant qu&rsquo;agent \u00e9paississant, stabilisant, \u00e9mulsifiant, agent de suspension et auxiliaire de traitement, la gomme xanthane est ajout\u00e9e \u00e0 une vari\u00e9t\u00e9 d&rsquo;aliments. La gomme xanthane est fr\u00e9quemment utilis\u00e9e dans les vinaigrettes, le pain, les produits laitiers, les plats surgel\u00e9s, les boissons, les condiments, le brassage, la confiserie, les g\u00e2teaux, les soupes et les aliments en conserve, car elle peut g\u00e9rer la rh\u00e9ologie, la structure, la saveur et l&rsquo;apparence du produit et parce que sa pseudoplasticit\u00e9 peut donner un bon go\u00fbt.<\/li>\n<li>L&rsquo;industrie chimique quotidienne : La teneur \u00e9lev\u00e9e en groupes hydrophiles des mol\u00e9cules de gomme xanthane en fait un bon tensioactif aux propri\u00e9t\u00e9s anti-\u00e2ge et antioxydantes. La gomme xanthane est donc le principal composant fonctionnel de presque tous les cosm\u00e9tiques haut de gamme. De plus, la gomme xanthane peut \u00eatre ajout\u00e9e au dentifrice pour lui donner de l&rsquo;\u00e9paisseur, de la forme et r\u00e9duire l&rsquo;usure de la surface des dents.<\/li>\n<li>M\u00e9dical : La gomme xanthane sert d&rsquo;\u00e9l\u00e9ment fonctionnel du mat\u00e9riau de capsule de m\u00e9dicament microcapsule largement utilis\u00e9 \u00e0 l&rsquo;\u00e9chelle mondiale, aidant \u00e0 r\u00e9guler la lib\u00e9ration prolong\u00e9e du m\u00e9dicament. Elle a de nombreuses utilisations m\u00e9dicales particuli\u00e8res en raison de sa grande hydrophilie et de sa r\u00e9tention d&rsquo;eau, comme la production d&rsquo;une couche d&rsquo;eau solide pour pr\u00e9venir les infections cutan\u00e9es et \u00e9tancher la soif apr\u00e8s une radioth\u00e9rapie.<\/li>\n<li>Applications industrielles et agricoles : En raison de la forte pseudoplasticit\u00e9 de la gomme xanthane, une solution aqueuse \u00e0 faible concentration (0,5 %) peut contr\u00f4ler les propri\u00e9t\u00e9s rh\u00e9ologiques du fluide de forage et maintenir la viscosit\u00e9 du fluide au niveau du tr\u00e9pan rotatif \u00e0 grande vitesse, \u00e9conomisant ainsi de l&rsquo;\u00e9nergie. Pendant ce temps, la partie de forage relativement statique maintient une viscosit\u00e9 \u00e9lev\u00e9e, emp\u00eachant l&rsquo;effondrement de la paroi du puits.<\/li>\n<\/ol>\n<h2><span class=\"ez-toc-section\" id=\"Question_posee_par_lutilisateur\"><\/span>Question pos\u00e9e par l&rsquo;utilisateur :<span class=\"ez-toc-section-end\"><\/span><\/h2>\n<p>Fran\u00e7ais : Question : Quels sont les effets de l&rsquo;absence d&rsquo;ajout de gomme xanthane dans quelles applications alimentaires ?<\/p>\n<p>R\u00e9ponse : 1. Yaourts et produits laitiers : Dans les yaourts et les produits laitiers, la gomme xanthane peut \u00eatre utilis\u00e9e comme \u00e9paississant pour aider \u00e0 am\u00e9liorer le go\u00fbt et la consistance du produit. Sans gomme xanthane, le produit peut devenir trop liquide et avoir un go\u00fbt ind\u00e9sirable.<\/p>\n<p>2. Cr\u00e8me glac\u00e9e : La gomme xanthane peut aider \u00e0 am\u00e9liorer la sensation en bouche et la persistance de la sensation en bouche de la cr\u00e8me glac\u00e9e, la rendant plus lisse et plus uniforme. L&rsquo;absence de gomme xanthane peut faire geler la cr\u00e8me glac\u00e9e trop rapidement ou lui donner un go\u00fbt rugueux.<\/p>\n<p>3. Vinaigrette : La gomme xanthane peut \u00eatre utilis\u00e9e comme stabilisateur et \u00e9paississant pour aider \u00e0 maintenir la texture et la sensation en bouche de la vinaigrette. Si la gomme xanthane n&rsquo;est pas ajout\u00e9e, la vinaigrette peut se s\u00e9parer ou devenir trop liquide.<\/p>\n<p>4. Bonbons g\u00e9lifi\u00e9s : Dans les produits \u00e0 base de gel\u00e9e et de bonbons mous, la gomme xanthane peut \u00eatre utilis\u00e9e comme g\u00e9lifiant pour donner au produit l&rsquo;\u00e9lasticit\u00e9 et la sensation en bouche appropri\u00e9es. L&rsquo;absence de gomme xanthane peut entra\u00eener une texture insatisfaisante de la gel\u00e9e ou des bonbons mous.<\/p>\n<p>5. Jus en conserve : la gomme xanthane aide \u00e0 stabiliser la suspension de particules du jus et de la pur\u00e9e de fruits et am\u00e9liore la sensation en bouche. L&rsquo;absence de gomme xanthane peut entra\u00eener une s\u00e9paration ou une pr\u00e9cipitation du jus.<\/p>\n","protected":false},"excerpt":{"rendered":"<ul>\n<li>CAS: 11138-66-2<\/li>\n<li>Formule chimique: C<sub>35<\/sub>H<sub>49<\/sub>O<sub>29<\/sub><\/li>\n<li>Certifications : KOSHER, ISO, HALAL, FSSC 22000, BRC, etc.<\/li>\n<li>Standard:<\/li>\n<li>Quantit\u00e9 minimum de commande : 1000 kg<\/li>\n<li>Dur\u00e9e de conservation : 2 ans<\/li>\n<\/ul>\n","protected":false},"featured_media":9509,"template":"","meta":{"site-sidebar-layout":"default","site-content-layout":"","ast-site-content-layout":"default","site-content-style":"default","site-sidebar-style":"default","ast-global-header-display":"","ast-banner-title-visibility":"","ast-main-header-display":"","ast-hfb-above-header-display":"","ast-hfb-below-header-display":"","ast-hfb-mobile-header-display":"","site-post-title":"","ast-breadcrumbs-content":"","ast-featured-img":"","footer-sml-layout":"","theme-transparent-header-meta":"default","adv-header-id-meta":"","stick-header-meta":"","header-above-stick-meta":"","header-main-stick-meta":"","header-below-stick-meta":"","astra-migrate-meta-layouts":"set","ast-page-background-enabled":"default","ast-page-background-meta":{"desktop":{"background-color":"var(--ast-global-color-4)","background-image":"","background-repeat":"repeat","background-position":"center center","background-size":"auto","background-attachment":"scroll","background-type":"","background-media":"","overlay-type":"","overlay-color":"","overlay-opacity":"","overlay-gradient":""},"tablet":{"background-color":"","background-image":"","background-repeat":"repeat","background-position":"center center","background-size":"auto","background-attachment":"scroll","background-type":"","background-media":"","overlay-type":"","overlay-color":"","overlay-opacity":"","overlay-gradient":""},"mobile":{"background-color":"","background-image":"","background-repeat":"repeat","background-position":"center center","background-size":"auto","background-attachment":"scroll","background-type":"","background-media":"","overlay-type":"","overlay-color":"","overlay-opacity":"","overlay-gradient":""}},"ast-content-background-meta":{"desktop":{"background-color":"var(--ast-global-color-5)","background-image":"","background-repeat":"repeat","background-position":"center center","background-size":"auto","background-attachment":"scroll","background-type":"","background-media":"","overlay-type":"","overlay-color":"","overlay-opacity":"","overlay-gradient":""},"tablet":{"background-color":"var(--ast-global-color-5)","background-image":"","background-repeat":"repeat","background-position":"center center","background-size":"auto","background-attachment":"scroll","background-type":"","background-media":"","overlay-type":"","overlay-color":"","overlay-opacity":"","overlay-gradient":""},"mobile":{"background-color":"var(--ast-global-color-5)","background-image":"","background-repeat":"repeat","background-position":"center center","background-size":"auto","background-attachment":"scroll","background-type":"","background-media":"","overlay-type":"","overlay-color":"","overlay-opacity":"","overlay-gradient":""}}},"product_brand":[],"product_cat":[112],"product_tag":[],"class_list":{"0":"post-9508","1":"product","2":"type-product","3":"status-publish","4":"has-post-thumbnail","6":"product_cat-produit-epaississant","7":"desktop-align-center","8":"tablet-align-left","9":"mobile-align-left","11":"first","12":"instock","13":"shipping-taxable","14":"product-type-simple"},"yoast_head":"<!-- This site is optimized with the Yoast SEO plugin v26.5 - https:\/\/yoast.com\/wordpress\/plugins\/seo\/ -->\n<title>Fournisseur en gros de gomme xanthane, gomme xanthane comestible E415 | Niranbio Chemical<\/title>\n<meta name=\"description\" content=\"Notre gomme xanthane est une poudre fluide l\u00e9g\u00e8rement parfum\u00e9e, de couleur blanc laiteux ou jaune clair. Elle se dissout bien dans l&#039;eau mais devient insoluble dans l&#039;\u00e9thanol.\" \/>\n<meta name=\"robots\" content=\"noindex, follow, max-snippet:-1, max-image-preview:large, max-video-preview:-1\" \/>\n<meta name=\"twitter:label1\" content=\"Dur\u00e9e de lecture estim\u00e9e\" \/>\n\t<meta name=\"twitter:data1\" content=\"5 minutes\" \/>\n<script type=\"application\/ld+json\" class=\"yoast-schema-graph\">{\"@context\":\"https:\/\/schema.org\",\"@graph\":[{\"@type\":\"WebPage\",\"@id\":\"https:\/\/theo.niranbio.com\/fr\/gomme-xanthane.html\",\"url\":\"https:\/\/theo.niranbio.com\/fr\/gomme-xanthane.html\",\"name\":\"Fournisseur en gros de gomme xanthane, gomme xanthane comestible E415 | Niranbio Chemical\",\"isPartOf\":{\"@id\":\"https:\/\/theo.niranbio.com\/fr\/#website\"},\"primaryImageOfPage\":{\"@id\":\"https:\/\/theo.niranbio.com\/fr\/gomme-xanthane.html#primaryimage\"},\"image\":{\"@id\":\"https:\/\/theo.niranbio.com\/fr\/gomme-xanthane.html#primaryimage\"},\"thumbnailUrl\":\"https:\/\/theo.niranbio.com\/wp-content\/uploads\/2024\/06\/xanthan-gum.webp\",\"datePublished\":\"2024-06-20T02:30:40+00:00\",\"dateModified\":\"2024-08-19T05:35:09+00:00\",\"description\":\"Notre gomme xanthane est une poudre fluide l\u00e9g\u00e8rement parfum\u00e9e, de couleur blanc laiteux ou jaune clair. Elle se dissout bien dans l'eau mais devient insoluble dans l'\u00e9thanol.\",\"breadcrumb\":{\"@id\":\"https:\/\/theo.niranbio.com\/fr\/gomme-xanthane.html#breadcrumb\"},\"inLanguage\":\"fr-FR\",\"potentialAction\":[{\"@type\":\"ReadAction\",\"target\":[\"https:\/\/theo.niranbio.com\/fr\/gomme-xanthane.html\"]}]},{\"@type\":\"ImageObject\",\"inLanguage\":\"fr-FR\",\"@id\":\"https:\/\/theo.niranbio.com\/fr\/gomme-xanthane.html#primaryimage\",\"url\":\"https:\/\/theo.niranbio.com\/wp-content\/uploads\/2024\/06\/xanthan-gum.webp\",\"contentUrl\":\"https:\/\/theo.niranbio.com\/wp-content\/uploads\/2024\/06\/xanthan-gum.webp\",\"width\":600,\"height\":600,\"caption\":\"Poudre de gomme xanthane\"},{\"@type\":\"BreadcrumbList\",\"@id\":\"https:\/\/theo.niranbio.com\/fr\/gomme-xanthane.html#breadcrumb\",\"itemListElement\":[{\"@type\":\"ListItem\",\"position\":1,\"name\":\"Home\",\"item\":\"https:\/\/theo.niranbio.com\/fr\/\"},{\"@type\":\"ListItem\",\"position\":2,\"name\":\"Produits\",\"item\":\"https:\/\/theo.niranbio.com\/fr\/produits.html\"},{\"@type\":\"ListItem\",\"position\":3,\"name\":\"\u00c9paississant\",\"item\":\"https:\/\/theo.niranbio.com\/fr\/produit-epaississant\/\"},{\"@type\":\"ListItem\",\"position\":4,\"name\":\"Gomme xanthane\"}]},{\"@type\":\"WebSite\",\"@id\":\"https:\/\/theo.niranbio.com\/fr\/#website\",\"url\":\"https:\/\/theo.niranbio.com\/fr\/\",\"name\":\"Niranbio Chemical\",\"description\":\"\",\"publisher\":{\"@id\":\"https:\/\/theo.niranbio.com\/fr\/#organization\"},\"potentialAction\":[{\"@type\":\"SearchAction\",\"target\":{\"@type\":\"EntryPoint\",\"urlTemplate\":\"https:\/\/theo.niranbio.com\/fr\/?s={search_term_string}\"},\"query-input\":{\"@type\":\"PropertyValueSpecification\",\"valueRequired\":true,\"valueName\":\"search_term_string\"}}],\"inLanguage\":\"fr-FR\"},{\"@type\":\"Organization\",\"@id\":\"https:\/\/theo.niranbio.com\/fr\/#organization\",\"name\":\"Niranbio Chemical\",\"url\":\"https:\/\/theo.niranbio.com\/fr\/\",\"logo\":{\"@type\":\"ImageObject\",\"inLanguage\":\"fr-FR\",\"@id\":\"https:\/\/theo.niranbio.com\/fr\/#\/schema\/logo\/image\/\",\"url\":\"https:\/\/theo.niranbio.com\/wp-content\/uploads\/2024\/06\/Niranbio.png\",\"contentUrl\":\"https:\/\/theo.niranbio.com\/wp-content\/uploads\/2024\/06\/Niranbio.png\",\"width\":270,\"height\":100,\"caption\":\"Niranbio Chemical\"},\"image\":{\"@id\":\"https:\/\/theo.niranbio.com\/fr\/#\/schema\/logo\/image\/\"}}]}<\/script>\n<!-- \/ Yoast SEO plugin. -->","yoast_head_json":{"title":"Fournisseur en gros de gomme xanthane, gomme xanthane comestible E415 | Niranbio Chemical","description":"Notre gomme xanthane est une poudre fluide l\u00e9g\u00e8rement parfum\u00e9e, de couleur blanc laiteux ou jaune clair. Elle se dissout bien dans l'eau mais devient insoluble dans l'\u00e9thanol.","robots":{"index":"noindex","follow":"follow","max-snippet":"max-snippet:-1","max-image-preview":"max-image-preview:large","max-video-preview":"max-video-preview:-1"},"twitter_misc":{"Dur\u00e9e de lecture estim\u00e9e":"5 minutes"},"schema":{"@context":"https:\/\/schema.org","@graph":[{"@type":"WebPage","@id":"https:\/\/theo.niranbio.com\/fr\/gomme-xanthane.html","url":"https:\/\/theo.niranbio.com\/fr\/gomme-xanthane.html","name":"Fournisseur en gros de gomme xanthane, gomme xanthane comestible E415 | Niranbio Chemical","isPartOf":{"@id":"https:\/\/theo.niranbio.com\/fr\/#website"},"primaryImageOfPage":{"@id":"https:\/\/theo.niranbio.com\/fr\/gomme-xanthane.html#primaryimage"},"image":{"@id":"https:\/\/theo.niranbio.com\/fr\/gomme-xanthane.html#primaryimage"},"thumbnailUrl":"https:\/\/theo.niranbio.com\/wp-content\/uploads\/2024\/06\/xanthan-gum.webp","datePublished":"2024-06-20T02:30:40+00:00","dateModified":"2024-08-19T05:35:09+00:00","description":"Notre gomme xanthane est une poudre fluide l\u00e9g\u00e8rement parfum\u00e9e, de couleur blanc laiteux ou jaune clair. Elle se dissout bien dans l'eau mais devient insoluble dans l'\u00e9thanol.","breadcrumb":{"@id":"https:\/\/theo.niranbio.com\/fr\/gomme-xanthane.html#breadcrumb"},"inLanguage":"fr-FR","potentialAction":[{"@type":"ReadAction","target":["https:\/\/theo.niranbio.com\/fr\/gomme-xanthane.html"]}]},{"@type":"ImageObject","inLanguage":"fr-FR","@id":"https:\/\/theo.niranbio.com\/fr\/gomme-xanthane.html#primaryimage","url":"https:\/\/theo.niranbio.com\/wp-content\/uploads\/2024\/06\/xanthan-gum.webp","contentUrl":"https:\/\/theo.niranbio.com\/wp-content\/uploads\/2024\/06\/xanthan-gum.webp","width":600,"height":600,"caption":"Poudre de gomme xanthane"},{"@type":"BreadcrumbList","@id":"https:\/\/theo.niranbio.com\/fr\/gomme-xanthane.html#breadcrumb","itemListElement":[{"@type":"ListItem","position":1,"name":"Home","item":"https:\/\/theo.niranbio.com\/fr\/"},{"@type":"ListItem","position":2,"name":"Produits","item":"https:\/\/theo.niranbio.com\/fr\/produits.html"},{"@type":"ListItem","position":3,"name":"\u00c9paississant","item":"https:\/\/theo.niranbio.com\/fr\/produit-epaississant\/"},{"@type":"ListItem","position":4,"name":"Gomme xanthane"}]},{"@type":"WebSite","@id":"https:\/\/theo.niranbio.com\/fr\/#website","url":"https:\/\/theo.niranbio.com\/fr\/","name":"Niranbio Chemical","description":"","publisher":{"@id":"https:\/\/theo.niranbio.com\/fr\/#organization"},"potentialAction":[{"@type":"SearchAction","target":{"@type":"EntryPoint","urlTemplate":"https:\/\/theo.niranbio.com\/fr\/?s={search_term_string}"},"query-input":{"@type":"PropertyValueSpecification","valueRequired":true,"valueName":"search_term_string"}}],"inLanguage":"fr-FR"},{"@type":"Organization","@id":"https:\/\/theo.niranbio.com\/fr\/#organization","name":"Niranbio Chemical","url":"https:\/\/theo.niranbio.com\/fr\/","logo":{"@type":"ImageObject","inLanguage":"fr-FR","@id":"https:\/\/theo.niranbio.com\/fr\/#\/schema\/logo\/image\/","url":"https:\/\/theo.niranbio.com\/wp-content\/uploads\/2024\/06\/Niranbio.png","contentUrl":"https:\/\/theo.niranbio.com\/wp-content\/uploads\/2024\/06\/Niranbio.png","width":270,"height":100,"caption":"Niranbio Chemical"},"image":{"@id":"https:\/\/theo.niranbio.com\/fr\/#\/schema\/logo\/image\/"}}]}},"_links":{"self":[{"href":"https:\/\/theo.niranbio.com\/fr\/wp-json\/wp\/v2\/product\/9508","targetHints":{"allow":["GET"]}}],"collection":[{"href":"https:\/\/theo.niranbio.com\/fr\/wp-json\/wp\/v2\/product"}],"about":[{"href":"https:\/\/theo.niranbio.com\/fr\/wp-json\/wp\/v2\/types\/product"}],"version-history":[{"count":0,"href":"https:\/\/theo.niranbio.com\/fr\/wp-json\/wp\/v2\/product\/9508\/revisions"}],"wp:featuredmedia":[{"embeddable":true,"href":"https:\/\/theo.niranbio.com\/fr\/wp-json\/wp\/v2\/media\/9509"}],"wp:attachment":[{"href":"https:\/\/theo.niranbio.com\/fr\/wp-json\/wp\/v2\/media?parent=9508"}],"wp:term":[{"taxonomy":"product_brand","embeddable":true,"href":"https:\/\/theo.niranbio.com\/fr\/wp-json\/wp\/v2\/product_brand?post=9508"},{"taxonomy":"product_cat","embeddable":true,"href":"https:\/\/theo.niranbio.com\/fr\/wp-json\/wp\/v2\/product_cat?post=9508"},{"taxonomy":"product_tag","embeddable":true,"href":"https:\/\/theo.niranbio.com\/fr\/wp-json\/wp\/v2\/product_tag?post=9508"}],"curies":[{"name":"wp","href":"https:\/\/api.w.org\/{rel}","templated":true}]}}