{"id":9502,"date":"2024-06-20T10:31:48","date_gmt":"2024-06-20T02:31:48","guid":{"rendered":"https:\/\/theo.niranbio.com\/gelose\/"},"modified":"2024-08-19T13:28:46","modified_gmt":"2024-08-19T05:28:46","slug":"gelose","status":"publish","type":"product","link":"https:\/\/theo.niranbio.com\/fr\/gelose.html","title":{"rendered":"G\u00e9lose"},"content":{"rendered":"<h2><span class=\"ez-toc-section\" id=\"Quest-ce_que_lagar-agar\"><\/span>Qu&rsquo;est-ce que l&rsquo;agar-agar ?<span class=\"ez-toc-section-end\"><\/span><\/h2>\n<p>L&rsquo;agar-agar est une g\u00e9latine naturelle extraite d&rsquo;algues rouges. Il se pr\u00e9sente sous forme de poudre ou de granul\u00e9s incolores, translucides ou blanc cass\u00e9 \u00e0 jaune clair. Il n&rsquo;a pas d&rsquo;odeur particuli\u00e8re et est insoluble dans l&rsquo;eau froide. Il est souvent utilis\u00e9 comme \u00e9mulsifiant, stabilisant et \u00e9paississant dans l&rsquo;industrie alimentaire.<\/p>\n<p>L&rsquo;agar-agar est g\u00e9n\u00e9ralement tremp\u00e9 dans l&rsquo;eau d&rsquo;algues rouges telles que Agara oleracea et Gracilaria truncatula pour \u00e9liminer les impuret\u00e9s, puis tremp\u00e9 et hydrolys\u00e9 dans de l&rsquo;acide sulfurique ou de l&rsquo;acide ac\u00e9tique dans certaines conditions, puis l&rsquo;hydrolysat est filtr\u00e9, purifi\u00e9, refroidi et solidifi\u00e9 pour obtenir le produit.<\/p>\n<h2><span class=\"ez-toc-section\" id=\"Parametres_associes\"><\/span>Param\u00e8tres associ\u00e9s :<span class=\"ez-toc-section-end\"><\/span><\/h2>\n<table>\n<tbody>\n<tr>\n<td><strong>\u00c9L\u00c9MENTS<\/strong><\/td>\n<td><strong>Standard (E406 AGAR)<\/strong><\/td>\n<\/tr>\n<tr>\n<td>Perte au s\u00e9chage (%)<\/td>\n<td>\u2264 22<\/td>\n<\/tr>\n<tr>\n<td>ASH (%)<\/td>\n<td>\u2264 6.5<\/td>\n<\/tr>\n<tr>\n<td>R\u00e9sistance du gel (g\/cm2)<\/td>\n<td>&#8211;<\/td>\n<\/tr>\n<tr>\n<td>Cendres insolubles dans l&rsquo;acide (insolubles dans l&rsquo;acide chlorhydrique 3N environ) (%)<\/td>\n<td>\u2264 0.5<\/td>\n<\/tr>\n<tr>\n<td>Mati\u00e8res insolubles (apr\u00e8s passage \u00e0 l&rsquo;eau chaude pendant 10 minutes) (%)<\/td>\n<td>\u2264 1.0<\/td>\n<\/tr>\n<tr>\n<td>PH<\/td>\n<td>4-8<\/td>\n<\/tr>\n<tr>\n<td>Point de g\u00e9lification<\/td>\n<td>&#8211;<\/td>\n<\/tr>\n<tr>\n<td>Maille<\/td>\n<td>&#8211;<\/td>\n<\/tr>\n<tr>\n<td>Amidon<\/td>\n<td>Conforme<\/td>\n<\/tr>\n<tr>\n<td>G\u00e9latine et autres prot\u00e9ines<\/td>\n<td>Conforme<\/td>\n<\/tr>\n<tr>\n<td>Absorption de l&rsquo;eau<\/td>\n<td>\u2264 75ml<\/td>\n<\/tr>\n<tr>\n<td>As (mg\/kg)<\/td>\n<td>\u2264 3<\/td>\n<\/tr>\n<tr>\n<td>Plomb (mg\/kg)<\/td>\n<td>\u2264 5<\/td>\n<\/tr>\n<tr>\n<td>Mercure (mg\/kg)<\/td>\n<td>\u2264 1<\/td>\n<\/tr>\n<tr>\n<td>Cadmium (mg\/kg)<\/td>\n<td>\u2264 1<\/td>\n<\/tr>\n<tr>\n<td>Nombre total de colonies (cfu\/g)<\/td>\n<td>\u2264 5000<\/td>\n<\/tr>\n<tr>\n<td>Levures et moisissures (cfu\/g)<\/td>\n<td>\u2264 300<\/td>\n<\/tr>\n<tr>\n<td>Escherichia coli \/5g<\/td>\n<td>Absent<\/td>\n<\/tr>\n<tr>\n<td>Salmonella spp.<br \/>\n\/5g<\/td>\n<td>Absent<\/td>\n<\/tr>\n<\/tbody>\n<\/table>\n<h2><span class=\"ez-toc-section\" id=\"Dosage_recommande\"><\/span>Dosage recommand\u00e9 :<span class=\"ez-toc-section-end\"><\/span><\/h2>\n<table>\n<tbody>\n<tr>\n<td><strong>Nom de l&rsquo;aliment<\/strong><\/td>\n<td><strong>Utilisation maximale (g\/kg)<\/strong><\/td>\n<\/tr>\n<tr>\n<td>Gel\u00e9e et puddings<\/td>\n<td>2-10 g\/kg<\/td>\n<\/tr>\n<tr>\n<td>Yaourt et produits laitiers<\/td>\n<td>3-5 g\/kg<\/td>\n<\/tr>\n<tr>\n<td>G\u00e2teaux et desserts<\/td>\n<td>2-5 g\/kg<\/td>\n<\/tr>\n<tr>\n<td>Jambon et produits \u00e0 base de viande<\/td>\n<td>5-10 g\/kg<\/td>\n<\/tr>\n<tr>\n<td>Bonbons<\/td>\n<td>5-10 g\/kg<\/td>\n<\/tr>\n<tr>\n<td>Boissons \u00e0 base de jus<\/td>\n<td>2-5 g\/kg<\/td>\n<\/tr>\n<tr>\n<td>Sauces et condiments<\/td>\n<td>2-5 g\/kg<\/td>\n<\/tr>\n<tr>\n<td>Marmelade et confitures<\/td>\n<td>3-8 g\/kg<\/td>\n<\/tr>\n<tr>\n<td>Sirops<\/td>\n<td>3-6 g\/kg<\/td>\n<\/tr>\n<tr>\n<td>Chewing-gum<\/td>\n<td>2-5 g\/kg<\/td>\n<\/tr>\n<tr>\n<td>Produits de boulangerie<\/td>\n<td>3-7 g\/kg<\/td>\n<\/tr>\n<tr>\n<td>Trempettes et p\u00e2tes \u00e0 tartiner<\/td>\n<td>2-5 g\/kg<\/td>\n<\/tr>\n<tr>\n<td>Substituts de viande<\/td>\n<td>5-10 g\/kg<\/td>\n<\/tr>\n<tr>\n<td>Sauces \u00e0 salade<\/td>\n<td>2-5 g\/kg<\/td>\n<\/tr>\n<\/tbody>\n<\/table>\n<h2><span class=\"ez-toc-section\" id=\"Lagar-agar_a_une_large_gamme_dutilisations\"><\/span>L&rsquo;agar-agar a une large gamme d&rsquo;utilisations<span class=\"ez-toc-section-end\"><\/span><\/h2>\n<ol>\n<li>Coagulant et stabilisateur : l&rsquo;agar-agar est un g\u00e9lifiant naturel et est souvent utilis\u00e9 pour pr\u00e9parer des desserts tels que de la gel\u00e9e, du pudding et des bonbons g\u00e9lifi\u00e9s. Il peut former une structure de gel solide apr\u00e8s chauffage, permettant aux aliments de conserver leur forme et leur go\u00fbt.<\/li>\n<li>\u00c9mulsifiant : l&rsquo;agar-agar peut \u00eatre utilis\u00e9 comme \u00e9mulsifiant pour aider \u00e0 m\u00e9langer des liquides non miscibles, comme la combinaison d&rsquo;huile et d&rsquo;eau pour rendre le m\u00e9lange plus uniforme et stable.<\/li>\n<li>\u00c9paississant : dans certains processus de transformation des aliments, l&rsquo;agar-agar peut agir comme \u00e9paississant pour ajuster la texture et le go\u00fbt des aliments, comme dans la cr\u00e8me glac\u00e9e, les sauces et la cr\u00e8me.<\/li>\n<li>Emballage et fixateur : L&rsquo;agar-agar peut \u00eatre utilis\u00e9 comme fixateur dans les aliments emball\u00e9s pour maintenir la forme et l&rsquo;apparence des aliments et emp\u00eacher les aliments de se d\u00e9former ou de se d\u00e9t\u00e9riorer pendant le transport et le stockage.<\/li>\n<li>Compl\u00e9ment nutritionnel : Certains agars peuvent \u00e9galement contenir des nutriments, comme l&rsquo;agar riche en collag\u00e8ne, qui est utilis\u00e9 comme source suppl\u00e9mentaire de collag\u00e8ne dans certains produits nutritionnels.<\/li>\n<\/ol>\n<h2><span class=\"ez-toc-section\" id=\"Question_posee_par_lutilisateur\"><\/span>Question pos\u00e9e par l&rsquo;utilisateur :<span class=\"ez-toc-section-end\"><\/span><\/h2>\n<p>Question : Quels sont les avantages de l&rsquo;agar par rapport \u00e0 la g\u00e9latine ?<\/p>\n<p>R\u00e9ponse : Par rapport \u00e0 la g\u00e9latine, l&rsquo;agar pr\u00e9sente les avantages d&rsquo;\u00eatre d&rsquo;origine v\u00e9g\u00e9tale, d&rsquo;avoir une force de gel et une stabilit\u00e9 thermique sup\u00e9rieures, une concentration d&rsquo;utilisation plus faible et de convenir aux v\u00e9g\u00e9tariens. De plus, l&rsquo;agar est plus stable dans un environnement acide et le gel qu&rsquo;il forme est plus dur et plus cassant, ce qui convient aux applications alimentaires qui n\u00e9cessitent une transparence \u00e9lev\u00e9e et une structure solide.<\/p>\n","protected":false},"excerpt":{"rendered":"<ul>\n<li>CAS: 9002-18-0<\/li>\n<li>Formule chimique: C<sub>14<\/sub>H<sub>24<\/sub>O<sub>9<\/sub><\/li>\n<li>Certifications : KOSHER, ISO, HALAL, FSSC 22000, BRC, etc.<\/li>\n<li>Norme : E406<\/li>\n<li>Quantit\u00e9 minimum de commande : 1000 kg<\/li>\n<li>Dur\u00e9e de conservation : 2 ans<\/li>\n<\/ul>\n","protected":false},"featured_media":13907,"template":"","meta":{"site-sidebar-layout":"default","site-content-layout":"","ast-site-content-layout":"default","site-content-style":"default","site-sidebar-style":"default","ast-global-header-display":"","ast-banner-title-visibility":"","ast-main-header-display":"","ast-hfb-above-header-display":"","ast-hfb-below-header-display":"","ast-hfb-mobile-header-display":"","site-post-title":"","ast-breadcrumbs-content":"","ast-featured-img":"","footer-sml-layout":"","theme-transparent-header-meta":"default","adv-header-id-meta":"","stick-header-meta":"","header-above-stick-meta":"","header-main-stick-meta":"","header-below-stick-meta":"","astra-migrate-meta-layouts":"set","ast-page-background-enabled":"default","ast-page-background-meta":{"desktop":{"background-color":"var(--ast-global-color-4)","background-image":"","background-repeat":"repeat","background-position":"center center","background-size":"auto","background-attachment":"scroll","background-type":"","background-media":"","overlay-type":"","overlay-color":"","overlay-opacity":"","overlay-gradient":""},"tablet":{"background-color":"","background-image":"","background-repeat":"repeat","background-position":"center center","background-size":"auto","background-attachment":"scroll","background-type":"","background-media":"","overlay-type":"","overlay-color":"","overlay-opacity":"","overlay-gradient":""},"mobile":{"background-color":"","background-image":"","background-repeat":"repeat","background-position":"center center","background-size":"auto","background-attachment":"scroll","background-type":"","background-media":"","overlay-type":"","overlay-color":"","overlay-opacity":"","overlay-gradient":""}},"ast-content-background-meta":{"desktop":{"background-color":"var(--ast-global-color-5)","background-image":"","background-repeat":"repeat","background-position":"center center","background-size":"auto","background-attachment":"scroll","background-type":"","background-media":"","overlay-type":"","overlay-color":"","overlay-opacity":"","overlay-gradient":""},"tablet":{"background-color":"var(--ast-global-color-5)","background-image":"","background-repeat":"repeat","background-position":"center center","background-size":"auto","background-attachment":"scroll","background-type":"","background-media":"","overlay-type":"","overlay-color":"","overlay-opacity":"","overlay-gradient":""},"mobile":{"background-color":"var(--ast-global-color-5)","background-image":"","background-repeat":"repeat","background-position":"center center","background-size":"auto","background-attachment":"scroll","background-type":"","background-media":"","overlay-type":"","overlay-color":"","overlay-opacity":"","overlay-gradient":""}}},"product_brand":[],"product_cat":[112],"product_tag":[],"class_list":{"0":"post-9502","1":"product","2":"type-product","3":"status-publish","4":"has-post-thumbnail","6":"product_cat-produit-epaississant","7":"desktop-align-center","8":"tablet-align-left","9":"mobile-align-left","11":"first","12":"instock","13":"shipping-taxable","14":"product-type-simple"},"yoast_head":"<!-- This site is optimized with the Yoast SEO plugin v26.5 - https:\/\/yoast.com\/wordpress\/plugins\/seo\/ -->\n<title>G\u00e9lose p\u00f3 fornecedor, grau aliment\u00edcio G\u00e9lose fornecedor (E406) | Niranbio Chemical<\/title>\n<meta name=\"description\" content=\"Notre agar, une g\u00e9latine naturelle issue d&#039;algues rouges, est incolore \u00e0 jaune clair, inodore et utilis\u00e9e comme stabilisateur et \u00e9paississant alimentaire.\" \/>\n<meta name=\"robots\" content=\"noindex, follow, max-snippet:-1, max-image-preview:large, max-video-preview:-1\" \/>\n<meta name=\"twitter:label1\" content=\"Dur\u00e9e de lecture estim\u00e9e\" \/>\n\t<meta name=\"twitter:data1\" content=\"3 minutes\" \/>\n<script type=\"application\/ld+json\" class=\"yoast-schema-graph\">{\"@context\":\"https:\/\/schema.org\",\"@graph\":[{\"@type\":\"WebPage\",\"@id\":\"https:\/\/theo.niranbio.com\/fr\/gelose.html\",\"url\":\"https:\/\/theo.niranbio.com\/fr\/gelose.html\",\"name\":\"G\u00e9lose p\u00f3 fornecedor, grau aliment\u00edcio G\u00e9lose fornecedor (E406) | Niranbio Chemical\",\"isPartOf\":{\"@id\":\"https:\/\/theo.niranbio.com\/fr\/#website\"},\"primaryImageOfPage\":{\"@id\":\"https:\/\/theo.niranbio.com\/fr\/gelose.html#primaryimage\"},\"image\":{\"@id\":\"https:\/\/theo.niranbio.com\/fr\/gelose.html#primaryimage\"},\"thumbnailUrl\":\"https:\/\/theo.niranbio.com\/wp-content\/uploads\/2024\/06\/Agar.jpg\",\"datePublished\":\"2024-06-20T02:31:48+00:00\",\"dateModified\":\"2024-08-19T05:28:46+00:00\",\"description\":\"Notre agar, une g\u00e9latine naturelle issue d'algues rouges, est incolore \u00e0 jaune clair, inodore et utilis\u00e9e comme stabilisateur et \u00e9paississant alimentaire.\",\"breadcrumb\":{\"@id\":\"https:\/\/theo.niranbio.com\/fr\/gelose.html#breadcrumb\"},\"inLanguage\":\"fr-FR\",\"potentialAction\":[{\"@type\":\"ReadAction\",\"target\":[\"https:\/\/theo.niranbio.com\/fr\/gelose.html\"]}]},{\"@type\":\"ImageObject\",\"inLanguage\":\"fr-FR\",\"@id\":\"https:\/\/theo.niranbio.com\/fr\/gelose.html#primaryimage\",\"url\":\"https:\/\/theo.niranbio.com\/wp-content\/uploads\/2024\/06\/Agar.jpg\",\"contentUrl\":\"https:\/\/theo.niranbio.com\/wp-content\/uploads\/2024\/06\/Agar.jpg\",\"width\":600,\"height\":600,\"caption\":\"Agar\"},{\"@type\":\"BreadcrumbList\",\"@id\":\"https:\/\/theo.niranbio.com\/fr\/gelose.html#breadcrumb\",\"itemListElement\":[{\"@type\":\"ListItem\",\"position\":1,\"name\":\"Home\",\"item\":\"https:\/\/theo.niranbio.com\/fr\/\"},{\"@type\":\"ListItem\",\"position\":2,\"name\":\"Produits\",\"item\":\"https:\/\/theo.niranbio.com\/fr\/produits.html\"},{\"@type\":\"ListItem\",\"position\":3,\"name\":\"\u00c9paississant\",\"item\":\"https:\/\/theo.niranbio.com\/fr\/produit-epaississant\/\"},{\"@type\":\"ListItem\",\"position\":4,\"name\":\"G\u00e9lose\"}]},{\"@type\":\"WebSite\",\"@id\":\"https:\/\/theo.niranbio.com\/fr\/#website\",\"url\":\"https:\/\/theo.niranbio.com\/fr\/\",\"name\":\"Niranbio Chemical\",\"description\":\"\",\"publisher\":{\"@id\":\"https:\/\/theo.niranbio.com\/fr\/#organization\"},\"potentialAction\":[{\"@type\":\"SearchAction\",\"target\":{\"@type\":\"EntryPoint\",\"urlTemplate\":\"https:\/\/theo.niranbio.com\/fr\/?s={search_term_string}\"},\"query-input\":{\"@type\":\"PropertyValueSpecification\",\"valueRequired\":true,\"valueName\":\"search_term_string\"}}],\"inLanguage\":\"fr-FR\"},{\"@type\":\"Organization\",\"@id\":\"https:\/\/theo.niranbio.com\/fr\/#organization\",\"name\":\"Niranbio Chemical\",\"url\":\"https:\/\/theo.niranbio.com\/fr\/\",\"logo\":{\"@type\":\"ImageObject\",\"inLanguage\":\"fr-FR\",\"@id\":\"https:\/\/theo.niranbio.com\/fr\/#\/schema\/logo\/image\/\",\"url\":\"https:\/\/theo.niranbio.com\/wp-content\/uploads\/2024\/06\/Niranbio.png\",\"contentUrl\":\"https:\/\/theo.niranbio.com\/wp-content\/uploads\/2024\/06\/Niranbio.png\",\"width\":270,\"height\":100,\"caption\":\"Niranbio Chemical\"},\"image\":{\"@id\":\"https:\/\/theo.niranbio.com\/fr\/#\/schema\/logo\/image\/\"}}]}<\/script>\n<!-- \/ Yoast SEO plugin. -->","yoast_head_json":{"title":"G\u00e9lose p\u00f3 fornecedor, grau aliment\u00edcio G\u00e9lose fornecedor (E406) | Niranbio Chemical","description":"Notre agar, une g\u00e9latine naturelle issue d'algues rouges, est incolore \u00e0 jaune clair, inodore et utilis\u00e9e comme stabilisateur et \u00e9paississant alimentaire.","robots":{"index":"noindex","follow":"follow","max-snippet":"max-snippet:-1","max-image-preview":"max-image-preview:large","max-video-preview":"max-video-preview:-1"},"twitter_misc":{"Dur\u00e9e de lecture estim\u00e9e":"3 minutes"},"schema":{"@context":"https:\/\/schema.org","@graph":[{"@type":"WebPage","@id":"https:\/\/theo.niranbio.com\/fr\/gelose.html","url":"https:\/\/theo.niranbio.com\/fr\/gelose.html","name":"G\u00e9lose p\u00f3 fornecedor, grau aliment\u00edcio G\u00e9lose fornecedor (E406) | Niranbio Chemical","isPartOf":{"@id":"https:\/\/theo.niranbio.com\/fr\/#website"},"primaryImageOfPage":{"@id":"https:\/\/theo.niranbio.com\/fr\/gelose.html#primaryimage"},"image":{"@id":"https:\/\/theo.niranbio.com\/fr\/gelose.html#primaryimage"},"thumbnailUrl":"https:\/\/theo.niranbio.com\/wp-content\/uploads\/2024\/06\/Agar.jpg","datePublished":"2024-06-20T02:31:48+00:00","dateModified":"2024-08-19T05:28:46+00:00","description":"Notre agar, une g\u00e9latine naturelle issue d'algues rouges, est incolore \u00e0 jaune clair, inodore et utilis\u00e9e comme stabilisateur et \u00e9paississant alimentaire.","breadcrumb":{"@id":"https:\/\/theo.niranbio.com\/fr\/gelose.html#breadcrumb"},"inLanguage":"fr-FR","potentialAction":[{"@type":"ReadAction","target":["https:\/\/theo.niranbio.com\/fr\/gelose.html"]}]},{"@type":"ImageObject","inLanguage":"fr-FR","@id":"https:\/\/theo.niranbio.com\/fr\/gelose.html#primaryimage","url":"https:\/\/theo.niranbio.com\/wp-content\/uploads\/2024\/06\/Agar.jpg","contentUrl":"https:\/\/theo.niranbio.com\/wp-content\/uploads\/2024\/06\/Agar.jpg","width":600,"height":600,"caption":"Agar"},{"@type":"BreadcrumbList","@id":"https:\/\/theo.niranbio.com\/fr\/gelose.html#breadcrumb","itemListElement":[{"@type":"ListItem","position":1,"name":"Home","item":"https:\/\/theo.niranbio.com\/fr\/"},{"@type":"ListItem","position":2,"name":"Produits","item":"https:\/\/theo.niranbio.com\/fr\/produits.html"},{"@type":"ListItem","position":3,"name":"\u00c9paississant","item":"https:\/\/theo.niranbio.com\/fr\/produit-epaississant\/"},{"@type":"ListItem","position":4,"name":"G\u00e9lose"}]},{"@type":"WebSite","@id":"https:\/\/theo.niranbio.com\/fr\/#website","url":"https:\/\/theo.niranbio.com\/fr\/","name":"Niranbio Chemical","description":"","publisher":{"@id":"https:\/\/theo.niranbio.com\/fr\/#organization"},"potentialAction":[{"@type":"SearchAction","target":{"@type":"EntryPoint","urlTemplate":"https:\/\/theo.niranbio.com\/fr\/?s={search_term_string}"},"query-input":{"@type":"PropertyValueSpecification","valueRequired":true,"valueName":"search_term_string"}}],"inLanguage":"fr-FR"},{"@type":"Organization","@id":"https:\/\/theo.niranbio.com\/fr\/#organization","name":"Niranbio Chemical","url":"https:\/\/theo.niranbio.com\/fr\/","logo":{"@type":"ImageObject","inLanguage":"fr-FR","@id":"https:\/\/theo.niranbio.com\/fr\/#\/schema\/logo\/image\/","url":"https:\/\/theo.niranbio.com\/wp-content\/uploads\/2024\/06\/Niranbio.png","contentUrl":"https:\/\/theo.niranbio.com\/wp-content\/uploads\/2024\/06\/Niranbio.png","width":270,"height":100,"caption":"Niranbio Chemical"},"image":{"@id":"https:\/\/theo.niranbio.com\/fr\/#\/schema\/logo\/image\/"}}]}},"_links":{"self":[{"href":"https:\/\/theo.niranbio.com\/fr\/wp-json\/wp\/v2\/product\/9502","targetHints":{"allow":["GET"]}}],"collection":[{"href":"https:\/\/theo.niranbio.com\/fr\/wp-json\/wp\/v2\/product"}],"about":[{"href":"https:\/\/theo.niranbio.com\/fr\/wp-json\/wp\/v2\/types\/product"}],"version-history":[{"count":0,"href":"https:\/\/theo.niranbio.com\/fr\/wp-json\/wp\/v2\/product\/9502\/revisions"}],"wp:featuredmedia":[{"embeddable":true,"href":"https:\/\/theo.niranbio.com\/fr\/wp-json\/wp\/v2\/media\/13907"}],"wp:attachment":[{"href":"https:\/\/theo.niranbio.com\/fr\/wp-json\/wp\/v2\/media?parent=9502"}],"wp:term":[{"taxonomy":"product_brand","embeddable":true,"href":"https:\/\/theo.niranbio.com\/fr\/wp-json\/wp\/v2\/product_brand?post=9502"},{"taxonomy":"product_cat","embeddable":true,"href":"https:\/\/theo.niranbio.com\/fr\/wp-json\/wp\/v2\/product_cat?post=9502"},{"taxonomy":"product_tag","embeddable":true,"href":"https:\/\/theo.niranbio.com\/fr\/wp-json\/wp\/v2\/product_tag?post=9502"}],"curies":[{"name":"wp","href":"https:\/\/api.w.org\/{rel}","templated":true}]}}